{"id":361,"date":"2023-05-01T13:29:39","date_gmt":"2023-05-01T11:29:39","guid":{"rendered":"https:\/\/hoyre.no\/lier\/?page_id=361"},"modified":"2023-05-01T21:08:31","modified_gmt":"2023-05-01T19:08:31","slug":"per-otto-olsen-kandidatside","status":"publish","type":"page","link":"https:\/\/hoyre.no\/lier\/stiller-til-valg-for-lier-hoyre-2023\/per-otto-olsen-kandidatside\/","title":{"rendered":"Per Otto Olsen &#8211; Kandidatside"},"content":{"rendered":"\n<div class=\"wp-block-hoyre-hero with-image-gradient text-color-light  has-media alignfull has-background\"><div class=\"hoyre-hero has-image\"><h1 class=\"title\">Per Otto Olsen<\/h1><p class=\"preamble\">\u00a0<em>&laquo;For meg har h\u00f8yre v\u00e6rt et naturlig valg, et parti som viser respekt for enkeltmennesker og som legger vekt p\u00e5 utdanning og n\u00e6ringsvirksomhet, noe som er sentralt for utvikling av et godt samfunn.&raquo;<\/em><\/p>\t\t\t<div class=\"post-meta wp-block teft-byline-wrapper\">\n\t\t\t\t<div class=\"top\">\n\t\t\t\t\t<div class=\"signature\">\n\t\t\t\t\t\t<div class=\"teft-byline\">\n\t\t\t\t\t\t\t\t\t\t\t\t\t\t<div>\n\t\t\t\t\t\t\t\t<h3>H\u00f8yres redaksjon<\/h3>\t\t\t\t\t\t\t\t\n\t\t\t\t\t\t\t\t\t\t\t\t\t\t\t\t\t<span class=\"date\">Sist oppdatert: 1. mai 2023<\/span>\n\t\t\t\t\t\t\t\t\t\t\t\t\t\t\t\t\t\t\t\t\t\t\t\t\t<span class=\"reading-time\" itemprop=\"timeRequired\" content=\"PT2M\"><em>Ca. 2 minutter lesetid<\/em><\/span>\n\t\t\t\t\t\t\t\t\t\t\t\t\t\t\t<\/div>\n\t\t\t\t\t\t<\/div>\n\t\t\t\t\t<\/div>\n\t\t\t\t\t\t<div class=\"sharing\">\n\t\t<a class=\"share-button share-link copy-link\" data-copy=\"https:\/\/hoyre.no\/lier\/stiller-til-valg-for-lier-hoyre-2023\/per-otto-olsen-kandidatside\/\" target=\"_blank\"><span class=\"screen-reader-text\">Del link<\/span><\/a>\n\t\t<a class=\"share-button share-twitter\" href=\"http:\/\/twitter.com\/share?text=Per Otto Olsen &#8211; Kandidatside&#038;url=https:\/\/hoyre.no\/lier\/stiller-til-valg-for-lier-hoyre-2023\/per-otto-olsen-kandidatside\/&#038;hashtags=Hoyre\" target=\"_blank\"><span class=\"screen-reader-text\">Del p\u00e5 twitter<\/span><\/a>\n\t\t<a class=\"share-button share-facebook\" href=\"https:\/\/www.facebook.com\/sharer\/sharer.php?u=https:\/\/hoyre.no\/lier\/stiller-til-valg-for-lier-hoyre-2023\/per-otto-olsen-kandidatside\/\" target=\"_blank\"><span class=\"screen-reader-text\">Del p\u00e5 facebook<\/span><\/a>\n\t<\/div>\n\t\t\t\t\t<\/div>\n\t\t\t<\/div>\n\n\t\t\t<figure class=\"hoyre-image-wrapper\"><div class=\"hoyre-image\"><img loading=\"lazy\" decoding=\"async\" width=\"1386\" height=\"927\" src=\"https:\/\/hoyre.no\/content\/uploads\/sites\/181\/2023\/05\/Per-Otto-Olsen.jpg\" class=\"attachment-scaled size-scaled\" alt=\"\" style=\"object-position: 25% 50%\" srcset=\"https:\/\/hoyre.no\/content\/uploads\/sites\/181\/2023\/05\/Per-Otto-Olsen.jpg 1386w, https:\/\/hoyre.no\/content\/uploads\/sites\/181\/2023\/05\/Per-Otto-Olsen-300x201.jpg 300w, https:\/\/hoyre.no\/content\/uploads\/sites\/181\/2023\/05\/Per-Otto-Olsen-1024x685.jpg 1024w, https:\/\/hoyre.no\/content\/uploads\/sites\/181\/2023\/05\/Per-Otto-Olsen-768x514.jpg 768w\" sizes=\"auto, (max-width: 1386px) 100vw, 1386px\" \/><\/div><\/figure><\/div><\/div>\n\n\n\n\n<p>Jeg er f\u00f8dt og oppvokst p\u00e5 \u00d8ren\/Drammen og senere bosatt i Drammen, Tranby og n\u00e5 Lierbyen.<\/p>\n\n\n\n<p>Politisk startet jeg tidlig i Arbeiderpartiet, men ble vekket av Kingsbay-tragedien i 1963 og har senere v\u00e6rt h\u00f8yrevelger. Jeg har v\u00e6rt engasjert i Lier H\u00f8yre siden 1980 \u00e5rene og har sittet 3 perioder i kommunestyret og v\u00e6rt vara i 2 perioder. For meg har h\u00f8yre v\u00e6rt et naturlig valg, et parti som viser respekt for enkeltmennesker og som legger vekt p\u00e5 utdanning og n\u00e6ringsvirksomhet, noe som er sentralt for utvikling et godt samfunn. Jeg har v\u00e6rt meddommer i Drammen Tingrett i mange \u00e5r og har ogs\u00e5 v\u00e6rt skj\u00f8nnsmann samme sted.<\/p>\n\n\n\n<p>Politisk er jeg kanskje litt \u00ablysebl\u00e5\u00bb og med en s\u00e6rlig interesse for samferdsel og gode arkitekturl\u00f8sninger. Det har blitt noen studiereiser til Italia for \u00e5 se god byggekunst og klassisk arkitektur. &nbsp;Jeg har v\u00e6rt medlem av Lier Il i mange \u00e5r og f\u00f8lger fotballen tett p\u00e5 fortsatt.<\/p>\n\n\n\n<p>I yrkeslivet har jeg v\u00e6rt prosjektleder bygg i alle \u00e5r, med byggeadministrasjon og entrepriserett som s\u00e6rlig arbeidsfelt. I de senere \u00e5rene har jeg drevet eget firma med oppdrag innen byggeadministrasjon.<\/p>\n\n\n\n<p>Som bildet viser f\u00f8ler jeg en sterk tilh\u00f8righet til Hardangervidda, det har blitt mange fine somre i fjellheimen opp gjennom \u00e5rene.<\/p>\n\n","protected":false},"excerpt":{"rendered":"","protected":false},"author":25077,"featured_media":0,"parent":354,"menu_order":0,"comment_status":"closed","ping_status":"closed","template":"","meta":{"teft_cards_image_url":"","teft_cards_custom_pretitle":"","teft_cards_image_id":385,"teft_cards_image_focal_point_x":0.5,"teft_cards_image_focal_point_y":0.5,"teft_cards_title":"","teft_cards_excerpt":"","teft_show_chapters":false,"footnotes":""},"class_list":["post-361","page","type-page","status-publish","hentry"],"yoast_head":"<!-- This site is optimized with the Yoast SEO plugin v26.6 - https:\/\/yoast.com\/wordpress\/plugins\/seo\/ -->\n<title>Per Otto Olsen - Kandidatside - Lier H\u00f8yre<\/title>\n<meta name=\"robots\" content=\"index, follow, max-snippet:-1, max-image-preview:large, max-video-preview:-1\" \/>\n<link rel=\"canonical\" href=\"https:\/\/hoyre.no\/lier\/stiller-til-valg-for-lier-hoyre-2023\/per-otto-olsen-kandidatside\/\" \/>\n<meta property=\"og:locale\" content=\"nb_NO\" \/>\n<meta property=\"og:type\" content=\"article\" \/>\n<meta property=\"og:title\" content=\"Per Otto Olsen - Kandidatside - Lier H\u00f8yre\" \/>\n<meta property=\"og:url\" content=\"https:\/\/hoyre.no\/lier\/stiller-til-valg-for-lier-hoyre-2023\/per-otto-olsen-kandidatside\/\" \/>\n<meta property=\"og:site_name\" content=\"Lier H\u00f8yre\" \/>\n<meta property=\"article:modified_time\" content=\"2023-05-01T19:08:31+00:00\" \/>\n<meta property=\"og:image\" content=\"https:\/\/hoyre.no\/content\/uploads\/sites\/181\/2023\/05\/Per-Otto-Olsen-1.jpg\" \/>\n<meta name=\"twitter:card\" content=\"summary_large_image\" \/>\n<meta name=\"twitter:label1\" content=\"Ansl. lesetid\" \/>\n\t<meta name=\"twitter:data1\" content=\"2 minutter\" \/>\n<script type=\"application\/ld+json\" class=\"yoast-schema-graph\">{\"@context\":\"https:\/\/schema.org\",\"@graph\":[{\"@type\":\"WebPage\",\"@id\":\"https:\/\/hoyre.no\/lier\/stiller-til-valg-for-lier-hoyre-2023\/per-otto-olsen-kandidatside\/\",\"url\":\"https:\/\/hoyre.no\/lier\/stiller-til-valg-for-lier-hoyre-2023\/per-otto-olsen-kandidatside\/\",\"name\":\"Per Otto Olsen - Kandidatside - Lier H\u00f8yre\",\"isPartOf\":{\"@id\":\"https:\/\/hoyre.no\/lier\/#website\"},\"datePublished\":\"2023-05-01T11:29:39+00:00\",\"dateModified\":\"2023-05-01T19:08:31+00:00\",\"breadcrumb\":{\"@id\":\"https:\/\/hoyre.no\/lier\/stiller-til-valg-for-lier-hoyre-2023\/per-otto-olsen-kandidatside\/#breadcrumb\"},\"inLanguage\":\"nb-NO\",\"potentialAction\":[{\"@type\":\"ReadAction\",\"target\":[\"https:\/\/hoyre.no\/lier\/stiller-til-valg-for-lier-hoyre-2023\/per-otto-olsen-kandidatside\/\"]}]},{\"@type\":\"BreadcrumbList\",\"@id\":\"https:\/\/hoyre.no\/lier\/stiller-til-valg-for-lier-hoyre-2023\/per-otto-olsen-kandidatside\/#breadcrumb\",\"itemListElement\":[{\"@type\":\"ListItem\",\"position\":1,\"name\":\"Til hoyre.no\",\"item\":\"https:\/\/hoyre.no\"},{\"@type\":\"ListItem\",\"position\":2,\"name\":\"Hjem\",\"item\":\"https:\/\/hoyre.no\/lier\/\"},{\"@type\":\"ListItem\",\"position\":3,\"name\":\"Stiller til valg for Lier H\u00f8yre 2023\",\"item\":\"https:\/\/hoyre.no\/lier\/stiller-til-valg-for-lier-hoyre-2023\/\"},{\"@type\":\"ListItem\",\"position\":4,\"name\":\"Per Otto Olsen &#8211; Kandidatside\"}]},{\"@type\":\"WebSite\",\"@id\":\"https:\/\/hoyre.no\/lier\/#website\",\"url\":\"https:\/\/hoyre.no\/lier\/\",\"name\":\"Lier H\u00f8yre\",\"description\":\"Bare enda et H\u00f8yres nettsteder-nettsted\",\"inLanguage\":\"nb-NO\"}]}<\/script>\n<!-- \/ Yoast SEO plugin. -->","yoast_head_json":{"title":"Per Otto Olsen - Kandidatside - Lier H\u00f8yre","robots":{"index":"index","follow":"follow","max-snippet":"max-snippet:-1","max-image-preview":"max-image-preview:large","max-video-preview":"max-video-preview:-1"},"canonical":"https:\/\/hoyre.no\/lier\/stiller-til-valg-for-lier-hoyre-2023\/per-otto-olsen-kandidatside\/","og_locale":"nb_NO","og_type":"article","og_title":"Per Otto Olsen - Kandidatside - Lier H\u00f8yre","og_url":"https:\/\/hoyre.no\/lier\/stiller-til-valg-for-lier-hoyre-2023\/per-otto-olsen-kandidatside\/","og_site_name":"Lier H\u00f8yre","article_modified_time":"2023-05-01T19:08:31+00:00","og_image":[{"url":"https:\/\/hoyre.no\/content\/uploads\/sites\/181\/2023\/05\/Per-Otto-Olsen-1.jpg","width":"","height":"","type":""}],"twitter_card":"summary_large_image","twitter_misc":{"Ansl. lesetid":"2 minutter"},"schema":{"@context":"https:\/\/schema.org","@graph":[{"@type":"WebPage","@id":"https:\/\/hoyre.no\/lier\/stiller-til-valg-for-lier-hoyre-2023\/per-otto-olsen-kandidatside\/","url":"https:\/\/hoyre.no\/lier\/stiller-til-valg-for-lier-hoyre-2023\/per-otto-olsen-kandidatside\/","name":"Per Otto Olsen - Kandidatside - Lier H\u00f8yre","isPartOf":{"@id":"https:\/\/hoyre.no\/lier\/#website"},"datePublished":"2023-05-01T11:29:39+00:00","dateModified":"2023-05-01T19:08:31+00:00","breadcrumb":{"@id":"https:\/\/hoyre.no\/lier\/stiller-til-valg-for-lier-hoyre-2023\/per-otto-olsen-kandidatside\/#breadcrumb"},"inLanguage":"nb-NO","potentialAction":[{"@type":"ReadAction","target":["https:\/\/hoyre.no\/lier\/stiller-til-valg-for-lier-hoyre-2023\/per-otto-olsen-kandidatside\/"]}]},{"@type":"BreadcrumbList","@id":"https:\/\/hoyre.no\/lier\/stiller-til-valg-for-lier-hoyre-2023\/per-otto-olsen-kandidatside\/#breadcrumb","itemListElement":[{"@type":"ListItem","position":1,"name":"Til hoyre.no","item":"https:\/\/hoyre.no"},{"@type":"ListItem","position":2,"name":"Hjem","item":"https:\/\/hoyre.no\/lier\/"},{"@type":"ListItem","position":3,"name":"Stiller til valg for Lier H\u00f8yre 2023","item":"https:\/\/hoyre.no\/lier\/stiller-til-valg-for-lier-hoyre-2023\/"},{"@type":"ListItem","position":4,"name":"Per Otto Olsen &#8211; Kandidatside"}]},{"@type":"WebSite","@id":"https:\/\/hoyre.no\/lier\/#website","url":"https:\/\/hoyre.no\/lier\/","name":"Lier H\u00f8yre","description":"Bare enda et H\u00f8yres nettsteder-nettsted","inLanguage":"nb-NO"}]}},"distributor_meta":false,"distributor_terms":false,"distributor_media":false,"distributor_original_site_name":"Lier H\u00f8yre","distributor_original_site_url":"https:\/\/hoyre.no\/lier","push-errors":false,"_links":{"self":[{"href":"https:\/\/hoyre.no\/lier\/wp-json\/wp\/v2\/pages\/361","targetHints":{"allow":["GET"]}}],"collection":[{"href":"https:\/\/hoyre.no\/lier\/wp-json\/wp\/v2\/pages"}],"about":[{"href":"https:\/\/hoyre.no\/lier\/wp-json\/wp\/v2\/types\/page"}],"author":[{"embeddable":true,"href":"https:\/\/hoyre.no\/lier\/wp-json\/wp\/v2\/users\/25077"}],"replies":[{"embeddable":true,"href":"https:\/\/hoyre.no\/lier\/wp-json\/wp\/v2\/comments?post=361"}],"version-history":[{"count":4,"href":"https:\/\/hoyre.no\/lier\/wp-json\/wp\/v2\/pages\/361\/revisions"}],"predecessor-version":[{"id":373,"href":"https:\/\/hoyre.no\/lier\/wp-json\/wp\/v2\/pages\/361\/revisions\/373"}],"up":[{"embeddable":true,"href":"https:\/\/hoyre.no\/lier\/wp-json\/wp\/v2\/pages\/354"}],"wp:attachment":[{"href":"https:\/\/hoyre.no\/lier\/wp-json\/wp\/v2\/media?parent=361"}],"curies":[{"name":"wp","href":"https:\/\/api.w.org\/{rel}","templated":true}]}}