{"id":435,"date":"2023-05-10T06:21:31","date_gmt":"2023-05-10T04:21:31","guid":{"rendered":"https:\/\/hoyre.no\/lier\/?page_id=435"},"modified":"2023-05-10T06:27:55","modified_gmt":"2023-05-10T04:27:55","slug":"eigil-jensen-kandidatside","status":"publish","type":"page","link":"https:\/\/hoyre.no\/lier\/stiller-til-valg-for-lier-hoyre-2023\/eigil-jensen-kandidatside\/","title":{"rendered":"Eigil Jensen &#8211; Kandidatside"},"content":{"rendered":"\n<div class=\"wp-block-hoyre-hero with-image-gradient text-color-light  has-media alignfull has-background\"><div class=\"hoyre-hero has-image\"><h1 class=\"title\">Eigil Jensen<\/h1><p class=\"preamble\">Eigils hjertesaker er kollektivtransport, gr\u00f8nne Lier og frivilligheten i samfunnet ved \u00e5 stille opp og hjelpe hverandre.<\/p>\t\t\t<div class=\"post-meta wp-block teft-byline-wrapper\">\n\t\t\t\t<div class=\"top\">\n\t\t\t\t\t<div class=\"signature\">\n\t\t\t\t\t\t<div class=\"teft-byline\">\n\t\t\t\t\t\t\t\t\t\t\t\t\t\t<div>\n\t\t\t\t\t\t\t\t<h3>H\u00f8yres redaksjon<\/h3>\t\t\t\t\t\t\t\t\n\t\t\t\t\t\t\t\t\t\t\t\t\t\t\t\t\t<span class=\"date\">Sist oppdatert: 10. mai 2023<\/span>\n\t\t\t\t\t\t\t\t\t\t\t\t\t\t\t\t\t\t\t\t\t\t\t\t\t<span class=\"reading-time\" itemprop=\"timeRequired\" content=\"PT1M\"><em>Ca. 1 minutter lesetid<\/em><\/span>\n\t\t\t\t\t\t\t\t\t\t\t\t\t\t\t<\/div>\n\t\t\t\t\t\t<\/div>\n\t\t\t\t\t<\/div>\n\t\t\t\t\t\t<div class=\"sharing\">\n\t\t<a class=\"share-button share-link copy-link\" data-copy=\"https:\/\/hoyre.no\/lier\/stiller-til-valg-for-lier-hoyre-2023\/eigil-jensen-kandidatside\/\" target=\"_blank\"><span class=\"screen-reader-text\">Del link<\/span><\/a>\n\t\t<a class=\"share-button share-twitter\" href=\"http:\/\/twitter.com\/share?text=Eigil Jensen &#8211; Kandidatside&#038;url=https:\/\/hoyre.no\/lier\/stiller-til-valg-for-lier-hoyre-2023\/eigil-jensen-kandidatside\/&#038;hashtags=Hoyre\" target=\"_blank\"><span class=\"screen-reader-text\">Del p\u00e5 twitter<\/span><\/a>\n\t\t<a class=\"share-button share-facebook\" href=\"https:\/\/www.facebook.com\/sharer\/sharer.php?u=https:\/\/hoyre.no\/lier\/stiller-til-valg-for-lier-hoyre-2023\/eigil-jensen-kandidatside\/\" target=\"_blank\"><span class=\"screen-reader-text\">Del p\u00e5 facebook<\/span><\/a>\n\t<\/div>\n\t\t\t\t\t<\/div>\n\t\t\t<\/div>\n\n\t\t\t<figure class=\"hoyre-image-wrapper\"><div class=\"hoyre-image\"><img loading=\"lazy\" decoding=\"async\" width=\"1526\" height=\"946\" src=\"https:\/\/hoyre.no\/content\/uploads\/sites\/181\/2023\/05\/Eigil-Jensen-Fisker-3.jpg\" class=\"attachment-scaled size-scaled\" alt=\"\" style=\"object-position: 50% 71%\" srcset=\"https:\/\/hoyre.no\/content\/uploads\/sites\/181\/2023\/05\/Eigil-Jensen-Fisker-3.jpg 1526w, https:\/\/hoyre.no\/content\/uploads\/sites\/181\/2023\/05\/Eigil-Jensen-Fisker-3-300x186.jpg 300w, https:\/\/hoyre.no\/content\/uploads\/sites\/181\/2023\/05\/Eigil-Jensen-Fisker-3-1024x635.jpg 1024w, https:\/\/hoyre.no\/content\/uploads\/sites\/181\/2023\/05\/Eigil-Jensen-Fisker-3-768x476.jpg 768w\" sizes=\"auto, (max-width: 1526px) 100vw, 1526px\" \/><\/div><\/figure><\/div><\/div>\n\n\n\n\n<p>I \u00e5r stiller jeg som kandidat for Lier H\u00f8yre. Jeg er fra Lier. Gikk tolv \u00e5r p\u00e5 Stoppen. Vokste opp i Hasselbakken og bor n\u00e5 p\u00e5 Haskoll.<\/p>\n\n\n\n<p>Avtjente verneplikten i Marinen og var senere med i Lier HV. Jeg f\u00f8lte det som en plikt Jeg lever etter mottoet: \u00abAsk not what your country can do for you &#8211; ask what you can do for country\u00bb (ref. John F. Kennedy). Som f\u00f8lge av det har jeg hatt diverse verv innen borettslag, golfklubb, sykkelklubb, sportsfiskerforening og minnefond.<\/p>\n\n\n\n<p>Jeg jobber <a><\/a>som regnskapsf\u00f8rer sentralt i Oslo og pendler med tog de dagene jeg ikke har hjemmekontor. Er derfor opptatt at kollektivtransporten fungerer best mulig, b\u00e5de p\u00e5 bane og i n\u00e6romr\u00e5det med buss.<\/p>\n\n\n\n<p>P\u00e5 fritiden spiller jeg golf og er glad i \u00e5 fiske. Det siste gj\u00f8r at jeg er at jeg er opptatt av milj\u00f8et. Hvordan fisken har det, forteller ganske mye om tilstanden til naturen i dens omgivelser. Jeg er opptatt av hvordan vi forvalter v\u00e5res ressurser best mulig for kommende generasjoner.<\/p>\n\n\n\n<p>I tillegg er jeg opptatt av at vi tar vare p\u00e5 hverandre. V\u00e6re der for hverandre. Det er greit at man har en del sosiale ordninger, men det kan ikke erstatte de menneskelige relasjonene. Her kan frivilligheten spille en rolle.<\/p>\n\n","protected":false},"excerpt":{"rendered":"","protected":false},"author":25077,"featured_media":0,"parent":354,"menu_order":0,"comment_status":"closed","ping_status":"closed","template":"","meta":{"teft_cards_image_url":"","teft_cards_custom_pretitle":"","teft_cards_image_id":438,"teft_cards_image_focal_point_x":0.48,"teft_cards_image_focal_point_y":0.33,"teft_cards_title":"","teft_cards_excerpt":"","teft_show_chapters":false,"footnotes":""},"class_list":["post-435","page","type-page","status-publish","hentry"],"yoast_head":"<!-- This site is optimized with the Yoast SEO plugin v26.6 - https:\/\/yoast.com\/wordpress\/plugins\/seo\/ -->\n<title>Eigil Jensen - Kandidatside - Lier H\u00f8yre<\/title>\n<meta name=\"robots\" content=\"index, follow, max-snippet:-1, max-image-preview:large, max-video-preview:-1\" \/>\n<link rel=\"canonical\" href=\"https:\/\/hoyre.no\/lier\/stiller-til-valg-for-lier-hoyre-2023\/eigil-jensen-kandidatside\/\" \/>\n<meta property=\"og:locale\" content=\"nb_NO\" \/>\n<meta property=\"og:type\" content=\"article\" \/>\n<meta property=\"og:title\" content=\"Eigil Jensen - Kandidatside - Lier H\u00f8yre\" \/>\n<meta property=\"og:url\" content=\"https:\/\/hoyre.no\/lier\/stiller-til-valg-for-lier-hoyre-2023\/eigil-jensen-kandidatside\/\" \/>\n<meta property=\"og:site_name\" content=\"Lier H\u00f8yre\" \/>\n<meta property=\"article:modified_time\" content=\"2023-05-10T04:27:55+00:00\" \/>\n<meta property=\"og:image\" content=\"https:\/\/hoyre.no\/content\/uploads\/sites\/181\/2023\/05\/Lavopl-Eigil-Jensen-683x1024.jpg\" \/>\n<meta name=\"twitter:card\" content=\"summary_large_image\" \/>\n<meta name=\"twitter:label1\" content=\"Ansl. lesetid\" \/>\n\t<meta name=\"twitter:data1\" content=\"2 minutter\" \/>\n<script type=\"application\/ld+json\" class=\"yoast-schema-graph\">{\"@context\":\"https:\/\/schema.org\",\"@graph\":[{\"@type\":\"WebPage\",\"@id\":\"https:\/\/hoyre.no\/lier\/stiller-til-valg-for-lier-hoyre-2023\/eigil-jensen-kandidatside\/\",\"url\":\"https:\/\/hoyre.no\/lier\/stiller-til-valg-for-lier-hoyre-2023\/eigil-jensen-kandidatside\/\",\"name\":\"Eigil Jensen - Kandidatside - Lier H\u00f8yre\",\"isPartOf\":{\"@id\":\"https:\/\/hoyre.no\/lier\/#website\"},\"datePublished\":\"2023-05-10T04:21:31+00:00\",\"dateModified\":\"2023-05-10T04:27:55+00:00\",\"breadcrumb\":{\"@id\":\"https:\/\/hoyre.no\/lier\/stiller-til-valg-for-lier-hoyre-2023\/eigil-jensen-kandidatside\/#breadcrumb\"},\"inLanguage\":\"nb-NO\",\"potentialAction\":[{\"@type\":\"ReadAction\",\"target\":[\"https:\/\/hoyre.no\/lier\/stiller-til-valg-for-lier-hoyre-2023\/eigil-jensen-kandidatside\/\"]}]},{\"@type\":\"BreadcrumbList\",\"@id\":\"https:\/\/hoyre.no\/lier\/stiller-til-valg-for-lier-hoyre-2023\/eigil-jensen-kandidatside\/#breadcrumb\",\"itemListElement\":[{\"@type\":\"ListItem\",\"position\":1,\"name\":\"Til hoyre.no\",\"item\":\"https:\/\/hoyre.no\"},{\"@type\":\"ListItem\",\"position\":2,\"name\":\"Hjem\",\"item\":\"https:\/\/hoyre.no\/lier\/\"},{\"@type\":\"ListItem\",\"position\":3,\"name\":\"Stiller til valg for Lier H\u00f8yre 2023\",\"item\":\"https:\/\/hoyre.no\/lier\/stiller-til-valg-for-lier-hoyre-2023\/\"},{\"@type\":\"ListItem\",\"position\":4,\"name\":\"Eigil Jensen &#8211; Kandidatside\"}]},{\"@type\":\"WebSite\",\"@id\":\"https:\/\/hoyre.no\/lier\/#website\",\"url\":\"https:\/\/hoyre.no\/lier\/\",\"name\":\"Lier H\u00f8yre\",\"description\":\"Bare enda et H\u00f8yres nettsteder-nettsted\",\"inLanguage\":\"nb-NO\"}]}<\/script>\n<!-- \/ Yoast SEO plugin. -->","yoast_head_json":{"title":"Eigil Jensen - Kandidatside - Lier H\u00f8yre","robots":{"index":"index","follow":"follow","max-snippet":"max-snippet:-1","max-image-preview":"max-image-preview:large","max-video-preview":"max-video-preview:-1"},"canonical":"https:\/\/hoyre.no\/lier\/stiller-til-valg-for-lier-hoyre-2023\/eigil-jensen-kandidatside\/","og_locale":"nb_NO","og_type":"article","og_title":"Eigil Jensen - Kandidatside - Lier H\u00f8yre","og_url":"https:\/\/hoyre.no\/lier\/stiller-til-valg-for-lier-hoyre-2023\/eigil-jensen-kandidatside\/","og_site_name":"Lier H\u00f8yre","article_modified_time":"2023-05-10T04:27:55+00:00","og_image":[{"url":"https:\/\/hoyre.no\/content\/uploads\/sites\/181\/2023\/05\/Lavopl-Eigil-Jensen-683x1024.jpg","width":"","height":"","type":""}],"twitter_card":"summary_large_image","twitter_misc":{"Ansl. lesetid":"2 minutter"},"schema":{"@context":"https:\/\/schema.org","@graph":[{"@type":"WebPage","@id":"https:\/\/hoyre.no\/lier\/stiller-til-valg-for-lier-hoyre-2023\/eigil-jensen-kandidatside\/","url":"https:\/\/hoyre.no\/lier\/stiller-til-valg-for-lier-hoyre-2023\/eigil-jensen-kandidatside\/","name":"Eigil Jensen - Kandidatside - Lier H\u00f8yre","isPartOf":{"@id":"https:\/\/hoyre.no\/lier\/#website"},"datePublished":"2023-05-10T04:21:31+00:00","dateModified":"2023-05-10T04:27:55+00:00","breadcrumb":{"@id":"https:\/\/hoyre.no\/lier\/stiller-til-valg-for-lier-hoyre-2023\/eigil-jensen-kandidatside\/#breadcrumb"},"inLanguage":"nb-NO","potentialAction":[{"@type":"ReadAction","target":["https:\/\/hoyre.no\/lier\/stiller-til-valg-for-lier-hoyre-2023\/eigil-jensen-kandidatside\/"]}]},{"@type":"BreadcrumbList","@id":"https:\/\/hoyre.no\/lier\/stiller-til-valg-for-lier-hoyre-2023\/eigil-jensen-kandidatside\/#breadcrumb","itemListElement":[{"@type":"ListItem","position":1,"name":"Til hoyre.no","item":"https:\/\/hoyre.no"},{"@type":"ListItem","position":2,"name":"Hjem","item":"https:\/\/hoyre.no\/lier\/"},{"@type":"ListItem","position":3,"name":"Stiller til valg for Lier H\u00f8yre 2023","item":"https:\/\/hoyre.no\/lier\/stiller-til-valg-for-lier-hoyre-2023\/"},{"@type":"ListItem","position":4,"name":"Eigil Jensen &#8211; Kandidatside"}]},{"@type":"WebSite","@id":"https:\/\/hoyre.no\/lier\/#website","url":"https:\/\/hoyre.no\/lier\/","name":"Lier H\u00f8yre","description":"Bare enda et H\u00f8yres nettsteder-nettsted","inLanguage":"nb-NO"}]}},"distributor_meta":false,"distributor_terms":false,"distributor_media":false,"distributor_original_site_name":"Lier H\u00f8yre","distributor_original_site_url":"https:\/\/hoyre.no\/lier","push-errors":false,"_links":{"self":[{"href":"https:\/\/hoyre.no\/lier\/wp-json\/wp\/v2\/pages\/435","targetHints":{"allow":["GET"]}}],"collection":[{"href":"https:\/\/hoyre.no\/lier\/wp-json\/wp\/v2\/pages"}],"about":[{"href":"https:\/\/hoyre.no\/lier\/wp-json\/wp\/v2\/types\/page"}],"author":[{"embeddable":true,"href":"https:\/\/hoyre.no\/lier\/wp-json\/wp\/v2\/users\/25077"}],"replies":[{"embeddable":true,"href":"https:\/\/hoyre.no\/lier\/wp-json\/wp\/v2\/comments?post=435"}],"version-history":[{"count":1,"href":"https:\/\/hoyre.no\/lier\/wp-json\/wp\/v2\/pages\/435\/revisions"}],"predecessor-version":[{"id":439,"href":"https:\/\/hoyre.no\/lier\/wp-json\/wp\/v2\/pages\/435\/revisions\/439"}],"up":[{"embeddable":true,"href":"https:\/\/hoyre.no\/lier\/wp-json\/wp\/v2\/pages\/354"}],"wp:attachment":[{"href":"https:\/\/hoyre.no\/lier\/wp-json\/wp\/v2\/media?parent=435"}],"curies":[{"name":"wp","href":"https:\/\/api.w.org\/{rel}","templated":true}]}}