{"id":471,"date":"2023-06-11T12:38:26","date_gmt":"2023-06-11T10:38:26","guid":{"rendered":"https:\/\/hoyre.no\/lier\/?page_id=471"},"modified":"2023-09-01T21:08:10","modified_gmt":"2023-09-01T19:08:10","slug":"megan-fjeld-kandidatside","status":"publish","type":"page","link":"https:\/\/hoyre.no\/lier\/stiller-til-valg-for-lier-hoyre-2023\/megan-fjeld-kandidatside\/","title":{"rendered":"Megan Fjeld &#8211; Kandidatside"},"content":{"rendered":"\n<div class=\"wp-block-hoyre-hero with-image-gradient text-color-light  has-media alignfull has-background\"><div class=\"hoyre-hero has-image\"><h1 class=\"title\">Megan Fjeld<\/h1><p class=\"preamble\"><em>&laquo;Jeg vil bidra og v\u00e6re en del av alt som kommer. Jeg mener vi fremover kan bruke mer tid p\u00e5 inkluderingstiltak. Jeg \u00f8nsker at enda flere skal f\u00f8le seg inkludert, og vi m\u00e5 \u00f8nske hverandre vel.&raquo;<\/em><\/p>\t\t\t<div class=\"post-meta wp-block teft-byline-wrapper\">\n\t\t\t\t<div class=\"top\">\n\t\t\t\t\t<div class=\"signature\">\n\t\t\t\t\t\t<div class=\"teft-byline\">\n\t\t\t\t\t\t\t\t\t\t\t\t\t\t<div>\n\t\t\t\t\t\t\t\t<h3>H\u00f8yres redaksjon<\/h3>\t\t\t\t\t\t\t\t\n\t\t\t\t\t\t\t\t\t\t\t\t\t\t\t\t\t<span class=\"date\">Sist oppdatert: 1. september 2023<\/span>\n\t\t\t\t\t\t\t\t\t\t\t\t\t\t\t\t\t\t\t\t\t\t\t\t\t<span class=\"reading-time\" itemprop=\"timeRequired\" content=\"PT2M\"><em>Ca. 2 minutter lesetid<\/em><\/span>\n\t\t\t\t\t\t\t\t\t\t\t\t\t\t\t<\/div>\n\t\t\t\t\t\t<\/div>\n\t\t\t\t\t<\/div>\n\t\t\t\t\t\t<div class=\"sharing\">\n\t\t<a class=\"share-button share-link copy-link\" data-copy=\"https:\/\/hoyre.no\/lier\/stiller-til-valg-for-lier-hoyre-2023\/megan-fjeld-kandidatside\/\" target=\"_blank\"><span class=\"screen-reader-text\">Del link<\/span><\/a>\n\t\t<a class=\"share-button share-twitter\" href=\"http:\/\/twitter.com\/share?text=Megan Fjeld &#8211; Kandidatside&#038;url=https:\/\/hoyre.no\/lier\/stiller-til-valg-for-lier-hoyre-2023\/megan-fjeld-kandidatside\/&#038;hashtags=Hoyre\" target=\"_blank\"><span class=\"screen-reader-text\">Del p\u00e5 twitter<\/span><\/a>\n\t\t<a class=\"share-button share-facebook\" href=\"https:\/\/www.facebook.com\/sharer\/sharer.php?u=https:\/\/hoyre.no\/lier\/stiller-til-valg-for-lier-hoyre-2023\/megan-fjeld-kandidatside\/\" target=\"_blank\"><span class=\"screen-reader-text\">Del p\u00e5 facebook<\/span><\/a>\n\t<\/div>\n\t\t\t\t\t<\/div>\n\t\t\t<\/div>\n\n\t\t\t<figure class=\"hoyre-image-wrapper\"><div class=\"hoyre-image\"><img loading=\"lazy\" decoding=\"async\" width=\"800\" height=\"1067\" src=\"https:\/\/hoyre.no\/content\/uploads\/sites\/181\/2023\/06\/Megan_Fjeld.jpeg\" class=\"attachment-scaled size-scaled\" alt=\"\" style=\"object-position: 48% 11%\" srcset=\"https:\/\/hoyre.no\/content\/uploads\/sites\/181\/2023\/06\/Megan_Fjeld.jpeg 800w, https:\/\/hoyre.no\/content\/uploads\/sites\/181\/2023\/06\/Megan_Fjeld-225x300.jpeg 225w, https:\/\/hoyre.no\/content\/uploads\/sites\/181\/2023\/06\/Megan_Fjeld-768x1024.jpeg 768w\" sizes=\"auto, (max-width: 800px) 100vw, 800px\" \/><\/div><\/figure><\/div><\/div>\n\n\n\n\n<p>Jeg stiller til valg for Lier H\u00f8yre.<\/p>\n\n\n\n<p>Jeg er oppvokst i en liten by i South Dakota, USA. I 2001 flyttet jeg til Norge med min norske mann. I 2004 fant vi v\u00e5rt evige hjem i Lier kommune, f\u00f8rst et par \u00e5r i Lierbyen&nbsp;og deretter var vi s\u00e5 heldige \u00e5 f\u00e5 bygge v\u00e5rt eget hus p\u00e5 Lierskogen. P\u00e5 Lierskogen bor vi fortsatt med v\u00e5re to ten\u00e5ringer. Lier har v\u00e6rt et flott sted \u00e5 vokse opp for barna v\u00e5re og vi kunne aldri tenke oss \u00e5 flytte herfra!<\/p>\n\n\n\n<p>Jeg har jobbet 20 \u00e5r i shippingindustrien p\u00e5 forskjellige omr\u00e5der. N\u00e5 bruker jeg min erfaring som analytiker for \u00e5 finne omr\u00e5der selskaper kan forbedre seg p\u00e5. &nbsp;<\/p>\n\n\n\n<p>Muligheter for alle ligger mitt hjerte n\u00e6rt, spesielt n\u00e5r det gjelder barn og unge.&nbsp; Jeg vil at alle skal ha muligheten til \u00e5 delta. Dette gjelder ikke bare innen kultur og idrett hvor jeg er veldig aktiv, men ogs\u00e5 p\u00e5 skolen og i arbeidslivet. Fra n\u00e5r et barn har sin alle f\u00f8rste skoledag og helt opp og gjennom russetiden og de f\u00e5r sitt vitnem\u00e5l, vil jeg gjerne at alle f\u00f8ler de er en del av livet rundt dem og er inkludert.<\/p>\n\n\n\n<p>Ellers vil de som kjenner meg best sikkert sagt at jeg er opptatt av at vi tar vare p\u00e5 hverandre, og ikke bare de som st\u00e5r en n\u00e6rmest. Ikke v\u00e6r redd for \u00e5 snakke med de som er ved siden av deg, f.eks ved bussholdeplassen, en lite god dag og et smil kan bety mye, og det koster s\u00e5 lite.&nbsp;<\/p>\n\n\n\n<p>Hvorfor stiller jeg til valg for Lier H\u00f8yre? Jeg stiller til valg fordi jeg er stolt av alt de har gjort for kommunens innbyggere siden jeg flyttet her&nbsp;i 2004. Jeg vil bidra og v\u00e6re en del av alt som kommer. Jeg mener vi fremover kan bruke mer tid p\u00e5 inkluderingstiltak. Jeg \u00f8nsker at enda flere skal f\u00f8le seg inkludert, og vi m\u00e5 \u00f8nske hverandre vel.<\/p>\n\n\n\n<p>N\u00e5 ser jeg frem til \u00e5 engasjere meg i lokalpolitikken \u00e5 bli enda bedre kjent med Lier.<\/p>\n\n","protected":false},"excerpt":{"rendered":"","protected":false},"author":25077,"featured_media":0,"parent":354,"menu_order":0,"comment_status":"closed","ping_status":"closed","template":"","meta":{"teft_cards_image_url":"","teft_cards_custom_pretitle":"","teft_cards_image_id":472,"teft_cards_image_focal_point_x":0.5,"teft_cards_image_focal_point_y":0.5,"teft_cards_title":"","teft_cards_excerpt":"","teft_show_chapters":false,"footnotes":""},"class_list":["post-471","page","type-page","status-publish","hentry"],"yoast_head":"<!-- This site is optimized with the Yoast SEO plugin v26.6 - https:\/\/yoast.com\/wordpress\/plugins\/seo\/ -->\n<title>Megan Fjeld - Kandidatside - Lier H\u00f8yre<\/title>\n<meta name=\"robots\" content=\"index, follow, max-snippet:-1, max-image-preview:large, max-video-preview:-1\" \/>\n<link rel=\"canonical\" href=\"https:\/\/hoyre.no\/lier\/stiller-til-valg-for-lier-hoyre-2023\/megan-fjeld-kandidatside\/\" \/>\n<meta property=\"og:locale\" content=\"nb_NO\" \/>\n<meta property=\"og:type\" content=\"article\" \/>\n<meta property=\"og:title\" content=\"Megan Fjeld - Kandidatside - Lier H\u00f8yre\" \/>\n<meta property=\"og:url\" content=\"https:\/\/hoyre.no\/lier\/stiller-til-valg-for-lier-hoyre-2023\/megan-fjeld-kandidatside\/\" \/>\n<meta property=\"og:site_name\" content=\"Lier H\u00f8yre\" \/>\n<meta property=\"article:modified_time\" content=\"2023-09-01T19:08:10+00:00\" \/>\n<meta property=\"og:image\" content=\"https:\/\/hoyre.no\/content\/uploads\/sites\/181\/2023\/06\/Megan_Fjeld-768x1024.jpeg\" \/>\n<meta name=\"twitter:card\" content=\"summary_large_image\" \/>\n<meta name=\"twitter:label1\" content=\"Ansl. lesetid\" \/>\n\t<meta name=\"twitter:data1\" content=\"3 minutter\" \/>\n<script type=\"application\/ld+json\" class=\"yoast-schema-graph\">{\"@context\":\"https:\/\/schema.org\",\"@graph\":[{\"@type\":\"WebPage\",\"@id\":\"https:\/\/hoyre.no\/lier\/stiller-til-valg-for-lier-hoyre-2023\/megan-fjeld-kandidatside\/\",\"url\":\"https:\/\/hoyre.no\/lier\/stiller-til-valg-for-lier-hoyre-2023\/megan-fjeld-kandidatside\/\",\"name\":\"Megan Fjeld - Kandidatside - Lier H\u00f8yre\",\"isPartOf\":{\"@id\":\"https:\/\/hoyre.no\/lier\/#website\"},\"datePublished\":\"2023-06-11T10:38:26+00:00\",\"dateModified\":\"2023-09-01T19:08:10+00:00\",\"breadcrumb\":{\"@id\":\"https:\/\/hoyre.no\/lier\/stiller-til-valg-for-lier-hoyre-2023\/megan-fjeld-kandidatside\/#breadcrumb\"},\"inLanguage\":\"nb-NO\",\"potentialAction\":[{\"@type\":\"ReadAction\",\"target\":[\"https:\/\/hoyre.no\/lier\/stiller-til-valg-for-lier-hoyre-2023\/megan-fjeld-kandidatside\/\"]}]},{\"@type\":\"BreadcrumbList\",\"@id\":\"https:\/\/hoyre.no\/lier\/stiller-til-valg-for-lier-hoyre-2023\/megan-fjeld-kandidatside\/#breadcrumb\",\"itemListElement\":[{\"@type\":\"ListItem\",\"position\":1,\"name\":\"Til hoyre.no\",\"item\":\"https:\/\/hoyre.no\"},{\"@type\":\"ListItem\",\"position\":2,\"name\":\"Hjem\",\"item\":\"https:\/\/hoyre.no\/lier\/\"},{\"@type\":\"ListItem\",\"position\":3,\"name\":\"Stiller til valg for Lier H\u00f8yre 2023\",\"item\":\"https:\/\/hoyre.no\/lier\/stiller-til-valg-for-lier-hoyre-2023\/\"},{\"@type\":\"ListItem\",\"position\":4,\"name\":\"Megan Fjeld &#8211; Kandidatside\"}]},{\"@type\":\"WebSite\",\"@id\":\"https:\/\/hoyre.no\/lier\/#website\",\"url\":\"https:\/\/hoyre.no\/lier\/\",\"name\":\"Lier H\u00f8yre\",\"description\":\"Bare enda et H\u00f8yres nettsteder-nettsted\",\"inLanguage\":\"nb-NO\"}]}<\/script>\n<!-- \/ Yoast SEO plugin. -->","yoast_head_json":{"title":"Megan Fjeld - Kandidatside - Lier H\u00f8yre","robots":{"index":"index","follow":"follow","max-snippet":"max-snippet:-1","max-image-preview":"max-image-preview:large","max-video-preview":"max-video-preview:-1"},"canonical":"https:\/\/hoyre.no\/lier\/stiller-til-valg-for-lier-hoyre-2023\/megan-fjeld-kandidatside\/","og_locale":"nb_NO","og_type":"article","og_title":"Megan Fjeld - Kandidatside - Lier H\u00f8yre","og_url":"https:\/\/hoyre.no\/lier\/stiller-til-valg-for-lier-hoyre-2023\/megan-fjeld-kandidatside\/","og_site_name":"Lier H\u00f8yre","article_modified_time":"2023-09-01T19:08:10+00:00","og_image":[{"url":"https:\/\/hoyre.no\/content\/uploads\/sites\/181\/2023\/06\/Megan_Fjeld-768x1024.jpeg","width":"","height":"","type":""}],"twitter_card":"summary_large_image","twitter_misc":{"Ansl. lesetid":"3 minutter"},"schema":{"@context":"https:\/\/schema.org","@graph":[{"@type":"WebPage","@id":"https:\/\/hoyre.no\/lier\/stiller-til-valg-for-lier-hoyre-2023\/megan-fjeld-kandidatside\/","url":"https:\/\/hoyre.no\/lier\/stiller-til-valg-for-lier-hoyre-2023\/megan-fjeld-kandidatside\/","name":"Megan Fjeld - Kandidatside - Lier H\u00f8yre","isPartOf":{"@id":"https:\/\/hoyre.no\/lier\/#website"},"datePublished":"2023-06-11T10:38:26+00:00","dateModified":"2023-09-01T19:08:10+00:00","breadcrumb":{"@id":"https:\/\/hoyre.no\/lier\/stiller-til-valg-for-lier-hoyre-2023\/megan-fjeld-kandidatside\/#breadcrumb"},"inLanguage":"nb-NO","potentialAction":[{"@type":"ReadAction","target":["https:\/\/hoyre.no\/lier\/stiller-til-valg-for-lier-hoyre-2023\/megan-fjeld-kandidatside\/"]}]},{"@type":"BreadcrumbList","@id":"https:\/\/hoyre.no\/lier\/stiller-til-valg-for-lier-hoyre-2023\/megan-fjeld-kandidatside\/#breadcrumb","itemListElement":[{"@type":"ListItem","position":1,"name":"Til hoyre.no","item":"https:\/\/hoyre.no"},{"@type":"ListItem","position":2,"name":"Hjem","item":"https:\/\/hoyre.no\/lier\/"},{"@type":"ListItem","position":3,"name":"Stiller til valg for Lier H\u00f8yre 2023","item":"https:\/\/hoyre.no\/lier\/stiller-til-valg-for-lier-hoyre-2023\/"},{"@type":"ListItem","position":4,"name":"Megan Fjeld &#8211; Kandidatside"}]},{"@type":"WebSite","@id":"https:\/\/hoyre.no\/lier\/#website","url":"https:\/\/hoyre.no\/lier\/","name":"Lier H\u00f8yre","description":"Bare enda et H\u00f8yres nettsteder-nettsted","inLanguage":"nb-NO"}]}},"distributor_meta":false,"distributor_terms":false,"distributor_media":false,"distributor_original_site_name":"Lier H\u00f8yre","distributor_original_site_url":"https:\/\/hoyre.no\/lier","push-errors":false,"_links":{"self":[{"href":"https:\/\/hoyre.no\/lier\/wp-json\/wp\/v2\/pages\/471","targetHints":{"allow":["GET"]}}],"collection":[{"href":"https:\/\/hoyre.no\/lier\/wp-json\/wp\/v2\/pages"}],"about":[{"href":"https:\/\/hoyre.no\/lier\/wp-json\/wp\/v2\/types\/page"}],"author":[{"embeddable":true,"href":"https:\/\/hoyre.no\/lier\/wp-json\/wp\/v2\/users\/25077"}],"replies":[{"embeddable":true,"href":"https:\/\/hoyre.no\/lier\/wp-json\/wp\/v2\/comments?post=471"}],"version-history":[{"count":4,"href":"https:\/\/hoyre.no\/lier\/wp-json\/wp\/v2\/pages\/471\/revisions"}],"predecessor-version":[{"id":616,"href":"https:\/\/hoyre.no\/lier\/wp-json\/wp\/v2\/pages\/471\/revisions\/616"}],"up":[{"embeddable":true,"href":"https:\/\/hoyre.no\/lier\/wp-json\/wp\/v2\/pages\/354"}],"wp:attachment":[{"href":"https:\/\/hoyre.no\/lier\/wp-json\/wp\/v2\/media?parent=471"}],"curies":[{"name":"wp","href":"https:\/\/api.w.org\/{rel}","templated":true}]}}