{"id":480,"date":"2023-06-11T19:05:32","date_gmt":"2023-06-11T17:05:32","guid":{"rendered":"https:\/\/hoyre.no\/lier\/?page_id=480"},"modified":"2023-06-11T19:52:55","modified_gmt":"2023-06-11T17:52:55","slug":"eirik-mostad-oyasaeter-kandidatside","status":"publish","type":"page","link":"https:\/\/hoyre.no\/lier\/stiller-til-valg-for-lier-hoyre-2023\/eirik-mostad-oyasaeter-kandidatside\/","title":{"rendered":"Eirik Mostad \u00d8yas\u00e6ter &#8211; Kandidatside"},"content":{"rendered":"\n<div class=\"wp-block-hoyre-hero with-image-gradient text-color-light  has-media alignfull has-background\"><div class=\"hoyre-hero has-image\"><h1 class=\"title\">Eirik \u00d8yas\u00e6ter<\/h1><p class=\"preamble\"><em>&laquo;Partipolitisk appellerer H\u00f8yre til meg med sin kombinasjon av generelt stor takh\u00f8yde og individets frihet, og st\u00f8 kurs og ansvarlig \u00f8konomisk politikk.&raquo;<\/em><br><sub>Foto: Lierposten<\/sub><\/p>\t\t\t<div class=\"post-meta wp-block teft-byline-wrapper\">\n\t\t\t\t<div class=\"top\">\n\t\t\t\t\t<div class=\"signature\">\n\t\t\t\t\t\t<div class=\"teft-byline\">\n\t\t\t\t\t\t\t\t\t\t\t\t\t\t<div>\n\t\t\t\t\t\t\t\t<h3>H\u00f8yres redaksjon<\/h3>\t\t\t\t\t\t\t\t\n\t\t\t\t\t\t\t\t\t\t\t\t\t\t\t\t\t<span class=\"date\">Sist oppdatert: 11. juni 2023<\/span>\n\t\t\t\t\t\t\t\t\t\t\t\t\t\t\t\t\t\t\t\t\t\t\t\t\t<span class=\"reading-time\" itemprop=\"timeRequired\" content=\"PT2M\"><em>Ca. 2 minutter lesetid<\/em><\/span>\n\t\t\t\t\t\t\t\t\t\t\t\t\t\t\t<\/div>\n\t\t\t\t\t\t<\/div>\n\t\t\t\t\t<\/div>\n\t\t\t\t\t\t<div class=\"sharing\">\n\t\t<a class=\"share-button share-link copy-link\" data-copy=\"https:\/\/hoyre.no\/lier\/stiller-til-valg-for-lier-hoyre-2023\/eirik-mostad-oyasaeter-kandidatside\/\" target=\"_blank\"><span class=\"screen-reader-text\">Del link<\/span><\/a>\n\t\t<a class=\"share-button share-twitter\" href=\"http:\/\/twitter.com\/share?text=Eirik Mostad \u00d8yas\u00e6ter &#8211; Kandidatside&#038;url=https:\/\/hoyre.no\/lier\/stiller-til-valg-for-lier-hoyre-2023\/eirik-mostad-oyasaeter-kandidatside\/&#038;hashtags=Hoyre\" target=\"_blank\"><span class=\"screen-reader-text\">Del p\u00e5 twitter<\/span><\/a>\n\t\t<a class=\"share-button share-facebook\" href=\"https:\/\/www.facebook.com\/sharer\/sharer.php?u=https:\/\/hoyre.no\/lier\/stiller-til-valg-for-lier-hoyre-2023\/eirik-mostad-oyasaeter-kandidatside\/\" target=\"_blank\"><span class=\"screen-reader-text\">Del p\u00e5 facebook<\/span><\/a>\n\t<\/div>\n\t\t\t\t\t<\/div>\n\t\t\t<\/div>\n\n\t\t\t<figure class=\"hoyre-image-wrapper\"><div class=\"hoyre-image\"><img loading=\"lazy\" decoding=\"async\" width=\"2000\" height=\"1385\" src=\"https:\/\/hoyre.no\/content\/uploads\/sites\/181\/2023\/06\/Eirik-Oyasaeter-bilde-fra-Lierposten.jpg\" class=\"attachment-scaled size-scaled\" alt=\"\" style=\"object-position: 46% 1%\" srcset=\"https:\/\/hoyre.no\/content\/uploads\/sites\/181\/2023\/06\/Eirik-Oyasaeter-bilde-fra-Lierposten.jpg 2000w, https:\/\/hoyre.no\/content\/uploads\/sites\/181\/2023\/06\/Eirik-Oyasaeter-bilde-fra-Lierposten-300x208.jpg 300w, https:\/\/hoyre.no\/content\/uploads\/sites\/181\/2023\/06\/Eirik-Oyasaeter-bilde-fra-Lierposten-1024x709.jpg 1024w, https:\/\/hoyre.no\/content\/uploads\/sites\/181\/2023\/06\/Eirik-Oyasaeter-bilde-fra-Lierposten-768x532.jpg 768w, https:\/\/hoyre.no\/content\/uploads\/sites\/181\/2023\/06\/Eirik-Oyasaeter-bilde-fra-Lierposten-1536x1064.jpg 1536w\" sizes=\"auto, (max-width: 2000px) 100vw, 2000px\" \/><\/div><\/figure><\/div><\/div>\n\n\n\n\n<p>Jeg stiller til valg for Lier H\u00f8yre!<\/p>\n\n\n\n<p>For 15 \u00e5r siden kom jeg flyttende med familien til Lier for \u00e5 bygge og bo, etter \u00e5 ha bodd mange ulike steder i inn- og utland. Opprinnelig kommer jeg fra Orkdal i Tr\u00f8ndelag.<\/p>\n\n\n\n<p>Jeg har fagbakgrunn som \u00f8konom og sivilagronom, fra universitetene i \u00c5s og Sevilla, og har gjennom \u00e5rene virket som alt i fra gartner, landbruksbyr\u00e5krat, gr\u00fcnder, produktdesigner, industrimekaniker, prosjektleder i oljebransjen, handelsreisende og bedriftseier. I tillegg har jeg over flere \u00e5r v\u00e6rt sterkt deltagende i frivilligheten i Lier i form av b\u00e5tlivet, barneidretten og s\u00e6rlig skolepolitikken, der jeg sammen med andre i lignende verv har f\u00e5tt p\u00e5 plass et kommunalt foreldreutvalg, som har oppn\u00e5dd et utrolig bra samarbeid med skolene og Lier kommune. Dette styrker skolen i Lier, og det styrker lokaldemokratiet!<\/p>\n\n\n\n<p>Partipolitisk appellerer H\u00f8yre til meg med sin kombinasjon av generelt stor takh\u00f8yde og individets frihet, og st\u00f8 kurs og ansvarlig \u00f8konomisk politikk.<\/p>\n\n\n\n<p>Lier H\u00f8yre passer godt inn i denne tradisjonen, og representerer etter min mening stabilitet og trygghet. Partiet har vist seg \u00e5 v\u00e6re godt i takt med opinionen i kommunen, og det er grunn til \u00e5 mene at dette er noe Lier H\u00f8yre kommer til \u00e5 fortsette med! &nbsp;&nbsp;<\/p>\n\n\n\n<p>Som en mann som er glad i \u00e5 seile og ro, s\u00e5 vil jeg mene at fremtidsrettet og b\u00e6rekraftig konservatisme kan minne om roing i ordets beste forstand; man beskuer landet man legger bak seg, samtidig som det gjelder \u00e5 ikke v\u00e6re for stiv i nakken til \u00e5 kunne kaste noen korrigerende blikk fremover!\u00a0\u00a0<\/p>\n\n\n\n<p>Eirik \u00d8yas\u00e6ter er leder av kommunalt foreldreutvalg (KFU Lier), og var nettopp aktuell med en unders\u00f8kelse ang\u00e5ende den digitale skolen. <a href=\"https:\/\/www.lierposten.no\/banebrytende-undersokelse-om-den-digitale-skolen-det-er-en-tankevekker\/s\/5-65-261112\">Les artikkel i Lierposten.<\/a> <\/p>\n\n\n\n<p><\/p>\n\n\n\n<p><\/p>\n\n","protected":false},"excerpt":{"rendered":"","protected":false},"author":25077,"featured_media":0,"parent":354,"menu_order":0,"comment_status":"closed","ping_status":"closed","template":"","meta":{"teft_cards_image_url":"","teft_cards_custom_pretitle":"","teft_cards_image_id":485,"teft_cards_image_focal_point_x":0.59,"teft_cards_image_focal_point_y":0.36,"teft_cards_title":"","teft_cards_excerpt":"","teft_show_chapters":false,"footnotes":""},"class_list":["post-480","page","type-page","status-publish","hentry"],"yoast_head":"<!-- This site is optimized with the Yoast SEO plugin v26.6 - https:\/\/yoast.com\/wordpress\/plugins\/seo\/ -->\n<title>Eirik Mostad \u00d8yas\u00e6ter - Kandidatside - Lier H\u00f8yre<\/title>\n<meta name=\"robots\" content=\"index, follow, max-snippet:-1, max-image-preview:large, max-video-preview:-1\" \/>\n<link rel=\"canonical\" href=\"https:\/\/hoyre.no\/lier\/stiller-til-valg-for-lier-hoyre-2023\/eirik-mostad-oyasaeter-kandidatside\/\" \/>\n<meta property=\"og:locale\" content=\"nb_NO\" \/>\n<meta property=\"og:type\" content=\"article\" \/>\n<meta property=\"og:title\" content=\"Eirik Mostad \u00d8yas\u00e6ter - Kandidatside - Lier H\u00f8yre\" \/>\n<meta property=\"og:url\" content=\"https:\/\/hoyre.no\/lier\/stiller-til-valg-for-lier-hoyre-2023\/eirik-mostad-oyasaeter-kandidatside\/\" \/>\n<meta property=\"og:site_name\" content=\"Lier H\u00f8yre\" \/>\n<meta property=\"article:modified_time\" content=\"2023-06-11T17:52:55+00:00\" \/>\n<meta property=\"og:image\" content=\"https:\/\/hoyre.no\/content\/uploads\/sites\/181\/2023\/06\/Lavopl-Eirik-Mostad-Oyastaeter-683x1024.jpg\" \/>\n<meta name=\"twitter:card\" content=\"summary_large_image\" \/>\n<meta name=\"twitter:label1\" content=\"Ansl. lesetid\" \/>\n\t<meta name=\"twitter:data1\" content=\"2 minutter\" \/>\n<script type=\"application\/ld+json\" class=\"yoast-schema-graph\">{\"@context\":\"https:\/\/schema.org\",\"@graph\":[{\"@type\":\"WebPage\",\"@id\":\"https:\/\/hoyre.no\/lier\/stiller-til-valg-for-lier-hoyre-2023\/eirik-mostad-oyasaeter-kandidatside\/\",\"url\":\"https:\/\/hoyre.no\/lier\/stiller-til-valg-for-lier-hoyre-2023\/eirik-mostad-oyasaeter-kandidatside\/\",\"name\":\"Eirik Mostad \u00d8yas\u00e6ter - Kandidatside - Lier H\u00f8yre\",\"isPartOf\":{\"@id\":\"https:\/\/hoyre.no\/lier\/#website\"},\"datePublished\":\"2023-06-11T17:05:32+00:00\",\"dateModified\":\"2023-06-11T17:52:55+00:00\",\"breadcrumb\":{\"@id\":\"https:\/\/hoyre.no\/lier\/stiller-til-valg-for-lier-hoyre-2023\/eirik-mostad-oyasaeter-kandidatside\/#breadcrumb\"},\"inLanguage\":\"nb-NO\",\"potentialAction\":[{\"@type\":\"ReadAction\",\"target\":[\"https:\/\/hoyre.no\/lier\/stiller-til-valg-for-lier-hoyre-2023\/eirik-mostad-oyasaeter-kandidatside\/\"]}]},{\"@type\":\"BreadcrumbList\",\"@id\":\"https:\/\/hoyre.no\/lier\/stiller-til-valg-for-lier-hoyre-2023\/eirik-mostad-oyasaeter-kandidatside\/#breadcrumb\",\"itemListElement\":[{\"@type\":\"ListItem\",\"position\":1,\"name\":\"Til hoyre.no\",\"item\":\"https:\/\/hoyre.no\"},{\"@type\":\"ListItem\",\"position\":2,\"name\":\"Hjem\",\"item\":\"https:\/\/hoyre.no\/lier\/\"},{\"@type\":\"ListItem\",\"position\":3,\"name\":\"Stiller til valg for Lier H\u00f8yre 2023\",\"item\":\"https:\/\/hoyre.no\/lier\/stiller-til-valg-for-lier-hoyre-2023\/\"},{\"@type\":\"ListItem\",\"position\":4,\"name\":\"Eirik Mostad \u00d8yas\u00e6ter &#8211; Kandidatside\"}]},{\"@type\":\"WebSite\",\"@id\":\"https:\/\/hoyre.no\/lier\/#website\",\"url\":\"https:\/\/hoyre.no\/lier\/\",\"name\":\"Lier H\u00f8yre\",\"description\":\"Bare enda et H\u00f8yres nettsteder-nettsted\",\"inLanguage\":\"nb-NO\"}]}<\/script>\n<!-- \/ Yoast SEO plugin. -->","yoast_head_json":{"title":"Eirik Mostad \u00d8yas\u00e6ter - Kandidatside - Lier H\u00f8yre","robots":{"index":"index","follow":"follow","max-snippet":"max-snippet:-1","max-image-preview":"max-image-preview:large","max-video-preview":"max-video-preview:-1"},"canonical":"https:\/\/hoyre.no\/lier\/stiller-til-valg-for-lier-hoyre-2023\/eirik-mostad-oyasaeter-kandidatside\/","og_locale":"nb_NO","og_type":"article","og_title":"Eirik Mostad \u00d8yas\u00e6ter - Kandidatside - Lier H\u00f8yre","og_url":"https:\/\/hoyre.no\/lier\/stiller-til-valg-for-lier-hoyre-2023\/eirik-mostad-oyasaeter-kandidatside\/","og_site_name":"Lier H\u00f8yre","article_modified_time":"2023-06-11T17:52:55+00:00","og_image":[{"url":"https:\/\/hoyre.no\/content\/uploads\/sites\/181\/2023\/06\/Lavopl-Eirik-Mostad-Oyastaeter-683x1024.jpg","width":"","height":"","type":""}],"twitter_card":"summary_large_image","twitter_misc":{"Ansl. lesetid":"2 minutter"},"schema":{"@context":"https:\/\/schema.org","@graph":[{"@type":"WebPage","@id":"https:\/\/hoyre.no\/lier\/stiller-til-valg-for-lier-hoyre-2023\/eirik-mostad-oyasaeter-kandidatside\/","url":"https:\/\/hoyre.no\/lier\/stiller-til-valg-for-lier-hoyre-2023\/eirik-mostad-oyasaeter-kandidatside\/","name":"Eirik Mostad \u00d8yas\u00e6ter - Kandidatside - Lier H\u00f8yre","isPartOf":{"@id":"https:\/\/hoyre.no\/lier\/#website"},"datePublished":"2023-06-11T17:05:32+00:00","dateModified":"2023-06-11T17:52:55+00:00","breadcrumb":{"@id":"https:\/\/hoyre.no\/lier\/stiller-til-valg-for-lier-hoyre-2023\/eirik-mostad-oyasaeter-kandidatside\/#breadcrumb"},"inLanguage":"nb-NO","potentialAction":[{"@type":"ReadAction","target":["https:\/\/hoyre.no\/lier\/stiller-til-valg-for-lier-hoyre-2023\/eirik-mostad-oyasaeter-kandidatside\/"]}]},{"@type":"BreadcrumbList","@id":"https:\/\/hoyre.no\/lier\/stiller-til-valg-for-lier-hoyre-2023\/eirik-mostad-oyasaeter-kandidatside\/#breadcrumb","itemListElement":[{"@type":"ListItem","position":1,"name":"Til hoyre.no","item":"https:\/\/hoyre.no"},{"@type":"ListItem","position":2,"name":"Hjem","item":"https:\/\/hoyre.no\/lier\/"},{"@type":"ListItem","position":3,"name":"Stiller til valg for Lier H\u00f8yre 2023","item":"https:\/\/hoyre.no\/lier\/stiller-til-valg-for-lier-hoyre-2023\/"},{"@type":"ListItem","position":4,"name":"Eirik Mostad \u00d8yas\u00e6ter &#8211; Kandidatside"}]},{"@type":"WebSite","@id":"https:\/\/hoyre.no\/lier\/#website","url":"https:\/\/hoyre.no\/lier\/","name":"Lier H\u00f8yre","description":"Bare enda et H\u00f8yres nettsteder-nettsted","inLanguage":"nb-NO"}]}},"distributor_meta":false,"distributor_terms":false,"distributor_media":false,"distributor_original_site_name":"Lier H\u00f8yre","distributor_original_site_url":"https:\/\/hoyre.no\/lier","push-errors":false,"_links":{"self":[{"href":"https:\/\/hoyre.no\/lier\/wp-json\/wp\/v2\/pages\/480","targetHints":{"allow":["GET"]}}],"collection":[{"href":"https:\/\/hoyre.no\/lier\/wp-json\/wp\/v2\/pages"}],"about":[{"href":"https:\/\/hoyre.no\/lier\/wp-json\/wp\/v2\/types\/page"}],"author":[{"embeddable":true,"href":"https:\/\/hoyre.no\/lier\/wp-json\/wp\/v2\/users\/25077"}],"replies":[{"embeddable":true,"href":"https:\/\/hoyre.no\/lier\/wp-json\/wp\/v2\/comments?post=480"}],"version-history":[{"count":2,"href":"https:\/\/hoyre.no\/lier\/wp-json\/wp\/v2\/pages\/480\/revisions"}],"predecessor-version":[{"id":490,"href":"https:\/\/hoyre.no\/lier\/wp-json\/wp\/v2\/pages\/480\/revisions\/490"}],"up":[{"embeddable":true,"href":"https:\/\/hoyre.no\/lier\/wp-json\/wp\/v2\/pages\/354"}],"wp:attachment":[{"href":"https:\/\/hoyre.no\/lier\/wp-json\/wp\/v2\/media?parent=480"}],"curies":[{"name":"wp","href":"https:\/\/api.w.org\/{rel}","templated":true}]}}