{"id":491,"date":"2023-06-11T19:55:45","date_gmt":"2023-06-11T17:55:45","guid":{"rendered":"https:\/\/hoyre.no\/lier\/?page_id=491"},"modified":"2023-09-01T21:06:37","modified_gmt":"2023-09-01T19:06:37","slug":"ove-brude-kolstad-kandidatside","status":"publish","type":"page","link":"https:\/\/hoyre.no\/lier\/stiller-til-valg-for-lier-hoyre-2023\/ove-brude-kolstad-kandidatside\/","title":{"rendered":"Ove Brude Kolstad &#8211; Kandidatside"},"content":{"rendered":"\n<div class=\"wp-block-hoyre-hero with-image-gradient text-color-light  has-media alignfull has-background\"><div class=\"hoyre-hero has-image\"><h1 class=\"title\">Ove Brude Kolstad<\/h1><p class=\"preamble\"><em>&laquo;Jeg vil arbeide for et enda bedre lokalsamfunn i hele vakre Lier&raquo;<\/em><\/p>\t\t\t<div class=\"post-meta wp-block teft-byline-wrapper\">\n\t\t\t\t<div class=\"top\">\n\t\t\t\t\t<div class=\"signature\">\n\t\t\t\t\t\t<div class=\"teft-byline\">\n\t\t\t\t\t\t\t\t\t\t\t\t\t\t<div>\n\t\t\t\t\t\t\t\t<h3>H\u00f8yres redaksjon<\/h3>\t\t\t\t\t\t\t\t\n\t\t\t\t\t\t\t\t\t\t\t\t\t\t\t\t\t<span class=\"date\">Sist oppdatert: 1. september 2023<\/span>\n\t\t\t\t\t\t\t\t\t\t\t\t\t\t\t\t\t\t\t\t\t\t\t\t\t<span class=\"reading-time\" itemprop=\"timeRequired\" content=\"PT1M\"><em>Ca. 1 minutter lesetid<\/em><\/span>\n\t\t\t\t\t\t\t\t\t\t\t\t\t\t\t<\/div>\n\t\t\t\t\t\t<\/div>\n\t\t\t\t\t<\/div>\n\t\t\t\t\t\t<div class=\"sharing\">\n\t\t<a class=\"share-button share-link copy-link\" data-copy=\"https:\/\/hoyre.no\/lier\/stiller-til-valg-for-lier-hoyre-2023\/ove-brude-kolstad-kandidatside\/\" target=\"_blank\"><span class=\"screen-reader-text\">Del link<\/span><\/a>\n\t\t<a class=\"share-button share-twitter\" href=\"http:\/\/twitter.com\/share?text=Ove Brude Kolstad &#8211; Kandidatside&#038;url=https:\/\/hoyre.no\/lier\/stiller-til-valg-for-lier-hoyre-2023\/ove-brude-kolstad-kandidatside\/&#038;hashtags=Hoyre\" target=\"_blank\"><span class=\"screen-reader-text\">Del p\u00e5 twitter<\/span><\/a>\n\t\t<a class=\"share-button share-facebook\" href=\"https:\/\/www.facebook.com\/sharer\/sharer.php?u=https:\/\/hoyre.no\/lier\/stiller-til-valg-for-lier-hoyre-2023\/ove-brude-kolstad-kandidatside\/\" target=\"_blank\"><span class=\"screen-reader-text\">Del p\u00e5 facebook<\/span><\/a>\n\t<\/div>\n\t\t\t\t\t<\/div>\n\t\t\t<\/div>\n\n\t\t\t<figure class=\"hoyre-image-wrapper\"><div class=\"hoyre-image\"><img loading=\"lazy\" decoding=\"async\" width=\"275\" height=\"206\" src=\"https:\/\/hoyre.no\/content\/uploads\/sites\/181\/2023\/06\/Ove-Brude-Kolstad.jpg\" class=\"attachment-scaled size-scaled\" alt=\"\" style=\"object-position: 77% 100%\" \/><\/div><\/figure><\/div><\/div>\n\n\n\n\n<p>Jeg deltar og engasjerer meg i H\u00f8yre i Lier fordi partiet satser p\u00e5 skole, idrett og kultur og en god eldrepolitikk. Jeg har bakgrunn fra markedsf\u00f8ring\/informasjonsteknologi og arbeider som studieleder p\u00e5 St. Hallvard vgs. Siden jeg bor p\u00e5 N\u00f8ste er jeg spesielt opptatt av forhold i ytre Lier, men vil arbeide for et enda bedre lokalsamfunn i hele vakre Lier!<\/p>\n\n\n\n<p><\/p>\n\n\n\n<p>Ove Brude Kolstad er styremedlem i DNT Drammen og elsker friluftsliv. Ove er ogs\u00e5 en ildsjell i Reistad IL, og har v\u00e6rt det siden 70 tallet.<\/p>\n\n","protected":false},"excerpt":{"rendered":"","protected":false},"author":25077,"featured_media":0,"parent":354,"menu_order":0,"comment_status":"closed","ping_status":"closed","template":"","meta":{"teft_cards_image_url":"","teft_cards_custom_pretitle":"","teft_cards_image_id":497,"teft_cards_image_focal_point_x":0.54,"teft_cards_image_focal_point_y":0.38,"teft_cards_title":"","teft_cards_excerpt":"","teft_show_chapters":false,"footnotes":""},"class_list":["post-491","page","type-page","status-publish","hentry"],"yoast_head":"<!-- This site is optimized with the Yoast SEO plugin v26.6 - https:\/\/yoast.com\/wordpress\/plugins\/seo\/ -->\n<title>Ove Brude Kolstad - Kandidatside - Lier H\u00f8yre<\/title>\n<meta name=\"robots\" content=\"index, follow, max-snippet:-1, max-image-preview:large, max-video-preview:-1\" \/>\n<link rel=\"canonical\" href=\"https:\/\/hoyre.no\/lier\/stiller-til-valg-for-lier-hoyre-2023\/ove-brude-kolstad-kandidatside\/\" \/>\n<meta property=\"og:locale\" content=\"nb_NO\" \/>\n<meta property=\"og:type\" content=\"article\" \/>\n<meta property=\"og:title\" content=\"Ove Brude Kolstad - Kandidatside - Lier H\u00f8yre\" \/>\n<meta property=\"og:url\" content=\"https:\/\/hoyre.no\/lier\/stiller-til-valg-for-lier-hoyre-2023\/ove-brude-kolstad-kandidatside\/\" \/>\n<meta property=\"og:site_name\" content=\"Lier H\u00f8yre\" \/>\n<meta property=\"article:modified_time\" content=\"2023-09-01T19:06:37+00:00\" \/>\n<meta property=\"og:image\" content=\"https:\/\/hoyre.no\/content\/uploads\/sites\/181\/2023\/06\/Lavopl-Ove-Brude-Kolstad-683x1024.jpg\" \/>\n<meta name=\"twitter:card\" content=\"summary_large_image\" \/>\n<meta name=\"twitter:label1\" content=\"Ansl. lesetid\" \/>\n\t<meta name=\"twitter:data1\" content=\"1 minutt\" \/>\n<script type=\"application\/ld+json\" class=\"yoast-schema-graph\">{\"@context\":\"https:\/\/schema.org\",\"@graph\":[{\"@type\":\"WebPage\",\"@id\":\"https:\/\/hoyre.no\/lier\/stiller-til-valg-for-lier-hoyre-2023\/ove-brude-kolstad-kandidatside\/\",\"url\":\"https:\/\/hoyre.no\/lier\/stiller-til-valg-for-lier-hoyre-2023\/ove-brude-kolstad-kandidatside\/\",\"name\":\"Ove Brude Kolstad - Kandidatside - Lier H\u00f8yre\",\"isPartOf\":{\"@id\":\"https:\/\/hoyre.no\/lier\/#website\"},\"datePublished\":\"2023-06-11T17:55:45+00:00\",\"dateModified\":\"2023-09-01T19:06:37+00:00\",\"breadcrumb\":{\"@id\":\"https:\/\/hoyre.no\/lier\/stiller-til-valg-for-lier-hoyre-2023\/ove-brude-kolstad-kandidatside\/#breadcrumb\"},\"inLanguage\":\"nb-NO\",\"potentialAction\":[{\"@type\":\"ReadAction\",\"target\":[\"https:\/\/hoyre.no\/lier\/stiller-til-valg-for-lier-hoyre-2023\/ove-brude-kolstad-kandidatside\/\"]}]},{\"@type\":\"BreadcrumbList\",\"@id\":\"https:\/\/hoyre.no\/lier\/stiller-til-valg-for-lier-hoyre-2023\/ove-brude-kolstad-kandidatside\/#breadcrumb\",\"itemListElement\":[{\"@type\":\"ListItem\",\"position\":1,\"name\":\"Til hoyre.no\",\"item\":\"https:\/\/hoyre.no\"},{\"@type\":\"ListItem\",\"position\":2,\"name\":\"Hjem\",\"item\":\"https:\/\/hoyre.no\/lier\/\"},{\"@type\":\"ListItem\",\"position\":3,\"name\":\"Stiller til valg for Lier H\u00f8yre 2023\",\"item\":\"https:\/\/hoyre.no\/lier\/stiller-til-valg-for-lier-hoyre-2023\/\"},{\"@type\":\"ListItem\",\"position\":4,\"name\":\"Ove Brude Kolstad &#8211; Kandidatside\"}]},{\"@type\":\"WebSite\",\"@id\":\"https:\/\/hoyre.no\/lier\/#website\",\"url\":\"https:\/\/hoyre.no\/lier\/\",\"name\":\"Lier H\u00f8yre\",\"description\":\"Bare enda et H\u00f8yres nettsteder-nettsted\",\"inLanguage\":\"nb-NO\"}]}<\/script>\n<!-- \/ Yoast SEO plugin. -->","yoast_head_json":{"title":"Ove Brude Kolstad - Kandidatside - Lier H\u00f8yre","robots":{"index":"index","follow":"follow","max-snippet":"max-snippet:-1","max-image-preview":"max-image-preview:large","max-video-preview":"max-video-preview:-1"},"canonical":"https:\/\/hoyre.no\/lier\/stiller-til-valg-for-lier-hoyre-2023\/ove-brude-kolstad-kandidatside\/","og_locale":"nb_NO","og_type":"article","og_title":"Ove Brude Kolstad - Kandidatside - Lier H\u00f8yre","og_url":"https:\/\/hoyre.no\/lier\/stiller-til-valg-for-lier-hoyre-2023\/ove-brude-kolstad-kandidatside\/","og_site_name":"Lier H\u00f8yre","article_modified_time":"2023-09-01T19:06:37+00:00","og_image":[{"url":"https:\/\/hoyre.no\/content\/uploads\/sites\/181\/2023\/06\/Lavopl-Ove-Brude-Kolstad-683x1024.jpg","width":"","height":"","type":""}],"twitter_card":"summary_large_image","twitter_misc":{"Ansl. lesetid":"1 minutt"},"schema":{"@context":"https:\/\/schema.org","@graph":[{"@type":"WebPage","@id":"https:\/\/hoyre.no\/lier\/stiller-til-valg-for-lier-hoyre-2023\/ove-brude-kolstad-kandidatside\/","url":"https:\/\/hoyre.no\/lier\/stiller-til-valg-for-lier-hoyre-2023\/ove-brude-kolstad-kandidatside\/","name":"Ove Brude Kolstad - Kandidatside - Lier H\u00f8yre","isPartOf":{"@id":"https:\/\/hoyre.no\/lier\/#website"},"datePublished":"2023-06-11T17:55:45+00:00","dateModified":"2023-09-01T19:06:37+00:00","breadcrumb":{"@id":"https:\/\/hoyre.no\/lier\/stiller-til-valg-for-lier-hoyre-2023\/ove-brude-kolstad-kandidatside\/#breadcrumb"},"inLanguage":"nb-NO","potentialAction":[{"@type":"ReadAction","target":["https:\/\/hoyre.no\/lier\/stiller-til-valg-for-lier-hoyre-2023\/ove-brude-kolstad-kandidatside\/"]}]},{"@type":"BreadcrumbList","@id":"https:\/\/hoyre.no\/lier\/stiller-til-valg-for-lier-hoyre-2023\/ove-brude-kolstad-kandidatside\/#breadcrumb","itemListElement":[{"@type":"ListItem","position":1,"name":"Til hoyre.no","item":"https:\/\/hoyre.no"},{"@type":"ListItem","position":2,"name":"Hjem","item":"https:\/\/hoyre.no\/lier\/"},{"@type":"ListItem","position":3,"name":"Stiller til valg for Lier H\u00f8yre 2023","item":"https:\/\/hoyre.no\/lier\/stiller-til-valg-for-lier-hoyre-2023\/"},{"@type":"ListItem","position":4,"name":"Ove Brude Kolstad &#8211; Kandidatside"}]},{"@type":"WebSite","@id":"https:\/\/hoyre.no\/lier\/#website","url":"https:\/\/hoyre.no\/lier\/","name":"Lier H\u00f8yre","description":"Bare enda et H\u00f8yres nettsteder-nettsted","inLanguage":"nb-NO"}]}},"distributor_meta":false,"distributor_terms":false,"distributor_media":false,"distributor_original_site_name":"Lier H\u00f8yre","distributor_original_site_url":"https:\/\/hoyre.no\/lier","push-errors":false,"_links":{"self":[{"href":"https:\/\/hoyre.no\/lier\/wp-json\/wp\/v2\/pages\/491","targetHints":{"allow":["GET"]}}],"collection":[{"href":"https:\/\/hoyre.no\/lier\/wp-json\/wp\/v2\/pages"}],"about":[{"href":"https:\/\/hoyre.no\/lier\/wp-json\/wp\/v2\/types\/page"}],"author":[{"embeddable":true,"href":"https:\/\/hoyre.no\/lier\/wp-json\/wp\/v2\/users\/25077"}],"replies":[{"embeddable":true,"href":"https:\/\/hoyre.no\/lier\/wp-json\/wp\/v2\/comments?post=491"}],"version-history":[{"count":3,"href":"https:\/\/hoyre.no\/lier\/wp-json\/wp\/v2\/pages\/491\/revisions"}],"predecessor-version":[{"id":614,"href":"https:\/\/hoyre.no\/lier\/wp-json\/wp\/v2\/pages\/491\/revisions\/614"}],"up":[{"embeddable":true,"href":"https:\/\/hoyre.no\/lier\/wp-json\/wp\/v2\/pages\/354"}],"wp:attachment":[{"href":"https:\/\/hoyre.no\/lier\/wp-json\/wp\/v2\/media?parent=491"}],"curies":[{"name":"wp","href":"https:\/\/api.w.org\/{rel}","templated":true}]}}