{"id":578,"date":"2023-07-31T14:37:40","date_gmt":"2023-07-31T12:37:40","guid":{"rendered":"https:\/\/hoyre.no\/lier\/?page_id=578"},"modified":"2023-07-31T14:38:06","modified_gmt":"2023-07-31T12:38:06","slug":"reidar-lauritsen-kandidatside","status":"publish","type":"page","link":"https:\/\/hoyre.no\/lier\/stiller-til-valg-for-lier-hoyre-2023\/reidar-lauritsen-kandidatside\/","title":{"rendered":"Reidar Lauritsen kandidatside"},"content":{"rendered":"\n<div class=\"wp-block-hoyre-hero with-image-gradient text-color-light  has-media alignfull has-background\"><div class=\"hoyre-hero has-image\"><h1 class=\"title\">Reidar Lauritsen<\/h1><p class=\"preamble\">H\u00f8yre f\u00f8rer ansvarlighet i politikken sin. H\u00f8yre har gode l\u00f8sninger og jobber for at Lier kommune skal v\u00e6re en trygg og god kommune \u00e5 bo i for alle aldersgrupper.<\/p>\t\t\t<div class=\"post-meta wp-block teft-byline-wrapper\">\n\t\t\t\t<div class=\"top\">\n\t\t\t\t\t<div class=\"signature\">\n\t\t\t\t\t\t<div class=\"teft-byline\">\n\t\t\t\t\t\t\t\t\t\t\t\t\t\t<div>\n\t\t\t\t\t\t\t\t<h3>H\u00f8yres redaksjon<\/h3>\t\t\t\t\t\t\t\t\n\t\t\t\t\t\t\t\t\t\t\t\t\t\t\t\t\t<span class=\"date\">Sist oppdatert: 31. juli 2023<\/span>\n\t\t\t\t\t\t\t\t\t\t\t\t\t\t\t\t\t\t\t\t\t\t\t\t\t<span class=\"reading-time\" itemprop=\"timeRequired\" content=\"PT2M\"><em>Ca. 2 minutter lesetid<\/em><\/span>\n\t\t\t\t\t\t\t\t\t\t\t\t\t\t\t<\/div>\n\t\t\t\t\t\t<\/div>\n\t\t\t\t\t<\/div>\n\t\t\t\t\t\t<div class=\"sharing\">\n\t\t<a class=\"share-button share-link copy-link\" data-copy=\"https:\/\/hoyre.no\/lier\/stiller-til-valg-for-lier-hoyre-2023\/reidar-lauritsen-kandidatside\/\" target=\"_blank\"><span class=\"screen-reader-text\">Del link<\/span><\/a>\n\t\t<a class=\"share-button share-twitter\" href=\"http:\/\/twitter.com\/share?text=Reidar Lauritsen kandidatside&#038;url=https:\/\/hoyre.no\/lier\/stiller-til-valg-for-lier-hoyre-2023\/reidar-lauritsen-kandidatside\/&#038;hashtags=Hoyre\" target=\"_blank\"><span class=\"screen-reader-text\">Del p\u00e5 twitter<\/span><\/a>\n\t\t<a class=\"share-button share-facebook\" href=\"https:\/\/www.facebook.com\/sharer\/sharer.php?u=https:\/\/hoyre.no\/lier\/stiller-til-valg-for-lier-hoyre-2023\/reidar-lauritsen-kandidatside\/\" target=\"_blank\"><span class=\"screen-reader-text\">Del p\u00e5 facebook<\/span><\/a>\n\t<\/div>\n\t\t\t\t\t<\/div>\n\t\t\t<\/div>\n\n\t\t\t<figure class=\"hoyre-image-wrapper\"><div class=\"hoyre-image\"><img loading=\"lazy\" decoding=\"async\" width=\"750\" height=\"1334\" src=\"https:\/\/hoyre.no\/content\/uploads\/sites\/181\/2023\/07\/Reidar-Lauritsen-1.jpg\" class=\"attachment-scaled size-scaled\" alt=\"\" style=\"object-position: 8% 49%\" srcset=\"https:\/\/hoyre.no\/content\/uploads\/sites\/181\/2023\/07\/Reidar-Lauritsen-1.jpg 750w, https:\/\/hoyre.no\/content\/uploads\/sites\/181\/2023\/07\/Reidar-Lauritsen-1-169x300.jpg 169w, https:\/\/hoyre.no\/content\/uploads\/sites\/181\/2023\/07\/Reidar-Lauritsen-1-576x1024.jpg 576w\" sizes=\"auto, (max-width: 750px) 100vw, 750px\" \/><\/div><\/figure><\/div><\/div>\n\n\n\n\n<p>Jeg stiller til valg for Lier H\u00f8yre <img loading=\"lazy\" decoding=\"async\" alt=\"\ud83d\udc99\" src=\"https:\/\/static.xx.fbcdn.net\/images\/emoji.php\/v9\/t6c\/1\/16\/1f499.png\" width=\"16\" height=\"16\"><\/p>\n\n\n\n<p>Det har jeg gjort siden 2007, og fortsatt mener jeg at jeg har lyst til \u00e5 st\u00e5 p\u00e5 for Liersamfunnet!<\/p>\n\n\n\n<p>Jeg er f\u00f8dt, oppvokst og har bodd hele mitt voksne liv i Lier kommune s\u00e5 jeg kjenner landbrukskommunen Lier veldig godt.<\/p>\n\n\n\n<p>Jeg er en aktiv person som har bidratt inn i frivilligheten gjennom tillitsverv gjennom 50 \u00e5r i ulike fora i Lier, Buskerud og p\u00e5 landsbasis.<\/p>\n\n\n\n<p><a><\/a>Frivilligheten er noe vi m\u00e5 ta godt vare p\u00e5 i Lier.<\/p>\n\n\n\n<p>H\u00f8yre f\u00f8rer ansvarlighet i politikken sin. H\u00f8yre har gode l\u00f8sninger og jobber for at Lier kommune skal v\u00e6re en trygg og god kommune \u00e5 bo i for alle aldersgrupper.<\/p>\n\n\n\n<p>Den siste perioden har jeg v\u00e6rt varamedlem i Helse, omsorg og velferdsutvalget og kommunestyret i Lier. Samtidig har jeg v\u00e6rt medlem av r\u00e5det for mennesker med nedsatt funksjonsevne i Viken fylkeskommune.<\/p>\n\n\n\n<p>Jeg er opptatt av helsepolitikk, seniorpolitikk, samferdsel, kultur og det meste som har med mennesker \u00e5 gj\u00f8re.<\/p>\n\n\n\n<p>Samtidig er jeg opptatt av at bygda Lier m\u00e5 ta godt vare p\u00e5 n\u00e6rmilj\u00f8ene i Egge, Sj\u00e5stad, Sylling. Gatebruksplanen i Sylling er ogs\u00e5 med i mine betraktninger.<\/p>\n\n\n\n<p>Jeg opptatt av at vi skal ha gode helsetjenester hele livet \u2013 livet ut! Er opptatt av et universelt utformet samfunn p\u00e5 alle plan!<\/p>\n\n\n\n<p>Jeg stiller som kandidat til kommunestyret fordi jeg har tid og lyst til \u00e5 v\u00e6re med \u00e5 p\u00e5virke hvordan Lier skal utvikle seg fremover og \u00f8nsker meg mange kryss ved mitt navn ved valget.<\/p>\n\n\n\n<p>For tiden deltar jeg i interimsstyret i Buskerud senior H\u00f8yre som nestleder. Sitter i styret i Lier H\u00f8yre og er leder av Lier senior H\u00f8yre.<\/p>\n\n\n\n<p>Jeg er gift med Rita og vi har 4 barn pluss 7 barnebarn, er n\u00e5 pensjonist.<img loading=\"lazy\" decoding=\"async\" alt=\"\u2764\ufe0f\" src=\"https:\/\/static.xx.fbcdn.net\/images\/emoji.php\/v9\/t6c\/1\/16\/2764.png\" width=\"16\" height=\"16\"><\/p>\n\n\n\n<p>Jeg har mange interesser utenom politikken p\u00e5 mange felt, for tiden er jeg opptatt av \u00e5 kj\u00f8re bobil, ta vare p\u00e5 hytta, f\u00f8lge Liunggjengen og ikke minst Lions Club i Lier som er et hyggelig avbrekk i hverdagen.<img loading=\"lazy\" decoding=\"async\" alt=\"\ud83d\ude03\" src=\"https:\/\/static.xx.fbcdn.net\/images\/emoji.php\/v9\/t51\/1\/16\/1f603.png\" width=\"16\" height=\"16\"><\/p>\n\n\n\n<p>Godt valg!<\/p>\n\n","protected":false},"excerpt":{"rendered":"","protected":false},"author":25077,"featured_media":0,"parent":354,"menu_order":0,"comment_status":"closed","ping_status":"closed","template":"","meta":{"teft_cards_image_url":"","teft_cards_custom_pretitle":"","teft_cards_image_id":0,"teft_cards_image_focal_point_x":0,"teft_cards_image_focal_point_y":0,"teft_cards_title":"","teft_cards_excerpt":"","teft_show_chapters":false,"footnotes":""},"class_list":["post-578","page","type-page","status-publish","hentry"],"yoast_head":"<!-- This site is optimized with the Yoast SEO plugin v26.6 - https:\/\/yoast.com\/wordpress\/plugins\/seo\/ -->\n<title>Reidar Lauritsen kandidatside - Lier H\u00f8yre<\/title>\n<meta name=\"robots\" content=\"index, follow, max-snippet:-1, max-image-preview:large, max-video-preview:-1\" \/>\n<link rel=\"canonical\" href=\"https:\/\/hoyre.no\/lier\/stiller-til-valg-for-lier-hoyre-2023\/reidar-lauritsen-kandidatside\/\" \/>\n<meta property=\"og:locale\" content=\"nb_NO\" \/>\n<meta property=\"og:type\" content=\"article\" \/>\n<meta property=\"og:title\" content=\"Reidar Lauritsen kandidatside - Lier H\u00f8yre\" \/>\n<meta property=\"og:url\" content=\"https:\/\/hoyre.no\/lier\/stiller-til-valg-for-lier-hoyre-2023\/reidar-lauritsen-kandidatside\/\" \/>\n<meta property=\"og:site_name\" content=\"Lier H\u00f8yre\" \/>\n<meta property=\"article:modified_time\" content=\"2023-07-31T12:38:06+00:00\" \/>\n<meta property=\"og:image\" content=\"https:\/\/static.xx.fbcdn.net\/images\/emoji.php\/v9\/t6c\/1\/16\/1f499.png\" \/>\n<meta name=\"twitter:card\" content=\"summary_large_image\" \/>\n<meta name=\"twitter:label1\" content=\"Ansl. lesetid\" \/>\n\t<meta name=\"twitter:data1\" content=\"3 minutter\" \/>\n<script type=\"application\/ld+json\" class=\"yoast-schema-graph\">{\"@context\":\"https:\/\/schema.org\",\"@graph\":[{\"@type\":\"WebPage\",\"@id\":\"https:\/\/hoyre.no\/lier\/stiller-til-valg-for-lier-hoyre-2023\/reidar-lauritsen-kandidatside\/\",\"url\":\"https:\/\/hoyre.no\/lier\/stiller-til-valg-for-lier-hoyre-2023\/reidar-lauritsen-kandidatside\/\",\"name\":\"Reidar Lauritsen kandidatside - Lier H\u00f8yre\",\"isPartOf\":{\"@id\":\"https:\/\/hoyre.no\/lier\/#website\"},\"image\":{\"@id\":\"https:\/\/hoyre.no\/lier\/stiller-til-valg-for-lier-hoyre-2023\/reidar-lauritsen-kandidatside\/#primaryimage\"},\"thumbnailUrl\":\"https:\/\/static.xx.fbcdn.net\/images\/emoji.php\/v9\/t6c\/1\/16\/1f499.png\",\"datePublished\":\"2023-07-31T12:37:40+00:00\",\"dateModified\":\"2023-07-31T12:38:06+00:00\",\"breadcrumb\":{\"@id\":\"https:\/\/hoyre.no\/lier\/stiller-til-valg-for-lier-hoyre-2023\/reidar-lauritsen-kandidatside\/#breadcrumb\"},\"inLanguage\":\"nb-NO\",\"potentialAction\":[{\"@type\":\"ReadAction\",\"target\":[\"https:\/\/hoyre.no\/lier\/stiller-til-valg-for-lier-hoyre-2023\/reidar-lauritsen-kandidatside\/\"]}]},{\"@type\":\"ImageObject\",\"inLanguage\":\"nb-NO\",\"@id\":\"https:\/\/hoyre.no\/lier\/stiller-til-valg-for-lier-hoyre-2023\/reidar-lauritsen-kandidatside\/#primaryimage\",\"url\":\"https:\/\/static.xx.fbcdn.net\/images\/emoji.php\/v9\/t6c\/1\/16\/1f499.png\",\"contentUrl\":\"https:\/\/static.xx.fbcdn.net\/images\/emoji.php\/v9\/t6c\/1\/16\/1f499.png\"},{\"@type\":\"BreadcrumbList\",\"@id\":\"https:\/\/hoyre.no\/lier\/stiller-til-valg-for-lier-hoyre-2023\/reidar-lauritsen-kandidatside\/#breadcrumb\",\"itemListElement\":[{\"@type\":\"ListItem\",\"position\":1,\"name\":\"Til hoyre.no\",\"item\":\"https:\/\/hoyre.no\"},{\"@type\":\"ListItem\",\"position\":2,\"name\":\"Hjem\",\"item\":\"https:\/\/hoyre.no\/lier\/\"},{\"@type\":\"ListItem\",\"position\":3,\"name\":\"Stiller til valg for Lier H\u00f8yre 2023\",\"item\":\"https:\/\/hoyre.no\/lier\/stiller-til-valg-for-lier-hoyre-2023\/\"},{\"@type\":\"ListItem\",\"position\":4,\"name\":\"Reidar Lauritsen kandidatside\"}]},{\"@type\":\"WebSite\",\"@id\":\"https:\/\/hoyre.no\/lier\/#website\",\"url\":\"https:\/\/hoyre.no\/lier\/\",\"name\":\"Lier H\u00f8yre\",\"description\":\"Bare enda et H\u00f8yres nettsteder-nettsted\",\"inLanguage\":\"nb-NO\"}]}<\/script>\n<!-- \/ Yoast SEO plugin. -->","yoast_head_json":{"title":"Reidar Lauritsen kandidatside - Lier H\u00f8yre","robots":{"index":"index","follow":"follow","max-snippet":"max-snippet:-1","max-image-preview":"max-image-preview:large","max-video-preview":"max-video-preview:-1"},"canonical":"https:\/\/hoyre.no\/lier\/stiller-til-valg-for-lier-hoyre-2023\/reidar-lauritsen-kandidatside\/","og_locale":"nb_NO","og_type":"article","og_title":"Reidar Lauritsen kandidatside - Lier H\u00f8yre","og_url":"https:\/\/hoyre.no\/lier\/stiller-til-valg-for-lier-hoyre-2023\/reidar-lauritsen-kandidatside\/","og_site_name":"Lier H\u00f8yre","article_modified_time":"2023-07-31T12:38:06+00:00","og_image":[{"url":"https:\/\/static.xx.fbcdn.net\/images\/emoji.php\/v9\/t6c\/1\/16\/1f499.png","type":"","width":"","height":""}],"twitter_card":"summary_large_image","twitter_misc":{"Ansl. lesetid":"3 minutter"},"schema":{"@context":"https:\/\/schema.org","@graph":[{"@type":"WebPage","@id":"https:\/\/hoyre.no\/lier\/stiller-til-valg-for-lier-hoyre-2023\/reidar-lauritsen-kandidatside\/","url":"https:\/\/hoyre.no\/lier\/stiller-til-valg-for-lier-hoyre-2023\/reidar-lauritsen-kandidatside\/","name":"Reidar Lauritsen kandidatside - Lier H\u00f8yre","isPartOf":{"@id":"https:\/\/hoyre.no\/lier\/#website"},"image":{"@id":"https:\/\/hoyre.no\/lier\/stiller-til-valg-for-lier-hoyre-2023\/reidar-lauritsen-kandidatside\/#primaryimage"},"thumbnailUrl":"https:\/\/static.xx.fbcdn.net\/images\/emoji.php\/v9\/t6c\/1\/16\/1f499.png","datePublished":"2023-07-31T12:37:40+00:00","dateModified":"2023-07-31T12:38:06+00:00","breadcrumb":{"@id":"https:\/\/hoyre.no\/lier\/stiller-til-valg-for-lier-hoyre-2023\/reidar-lauritsen-kandidatside\/#breadcrumb"},"inLanguage":"nb-NO","potentialAction":[{"@type":"ReadAction","target":["https:\/\/hoyre.no\/lier\/stiller-til-valg-for-lier-hoyre-2023\/reidar-lauritsen-kandidatside\/"]}]},{"@type":"ImageObject","inLanguage":"nb-NO","@id":"https:\/\/hoyre.no\/lier\/stiller-til-valg-for-lier-hoyre-2023\/reidar-lauritsen-kandidatside\/#primaryimage","url":"https:\/\/static.xx.fbcdn.net\/images\/emoji.php\/v9\/t6c\/1\/16\/1f499.png","contentUrl":"https:\/\/static.xx.fbcdn.net\/images\/emoji.php\/v9\/t6c\/1\/16\/1f499.png"},{"@type":"BreadcrumbList","@id":"https:\/\/hoyre.no\/lier\/stiller-til-valg-for-lier-hoyre-2023\/reidar-lauritsen-kandidatside\/#breadcrumb","itemListElement":[{"@type":"ListItem","position":1,"name":"Til hoyre.no","item":"https:\/\/hoyre.no"},{"@type":"ListItem","position":2,"name":"Hjem","item":"https:\/\/hoyre.no\/lier\/"},{"@type":"ListItem","position":3,"name":"Stiller til valg for Lier H\u00f8yre 2023","item":"https:\/\/hoyre.no\/lier\/stiller-til-valg-for-lier-hoyre-2023\/"},{"@type":"ListItem","position":4,"name":"Reidar Lauritsen kandidatside"}]},{"@type":"WebSite","@id":"https:\/\/hoyre.no\/lier\/#website","url":"https:\/\/hoyre.no\/lier\/","name":"Lier H\u00f8yre","description":"Bare enda et H\u00f8yres nettsteder-nettsted","inLanguage":"nb-NO"}]}},"distributor_meta":false,"distributor_terms":false,"distributor_media":false,"distributor_original_site_name":"Lier H\u00f8yre","distributor_original_site_url":"https:\/\/hoyre.no\/lier","push-errors":false,"_links":{"self":[{"href":"https:\/\/hoyre.no\/lier\/wp-json\/wp\/v2\/pages\/578","targetHints":{"allow":["GET"]}}],"collection":[{"href":"https:\/\/hoyre.no\/lier\/wp-json\/wp\/v2\/pages"}],"about":[{"href":"https:\/\/hoyre.no\/lier\/wp-json\/wp\/v2\/types\/page"}],"author":[{"embeddable":true,"href":"https:\/\/hoyre.no\/lier\/wp-json\/wp\/v2\/users\/25077"}],"replies":[{"embeddable":true,"href":"https:\/\/hoyre.no\/lier\/wp-json\/wp\/v2\/comments?post=578"}],"version-history":[{"count":2,"href":"https:\/\/hoyre.no\/lier\/wp-json\/wp\/v2\/pages\/578\/revisions"}],"predecessor-version":[{"id":581,"href":"https:\/\/hoyre.no\/lier\/wp-json\/wp\/v2\/pages\/578\/revisions\/581"}],"up":[{"embeddable":true,"href":"https:\/\/hoyre.no\/lier\/wp-json\/wp\/v2\/pages\/354"}],"wp:attachment":[{"href":"https:\/\/hoyre.no\/lier\/wp-json\/wp\/v2\/media?parent=578"}],"curies":[{"name":"wp","href":"https:\/\/api.w.org\/{rel}","templated":true}]}}