{"id":587,"date":"2023-07-31T15:38:22","date_gmt":"2023-07-31T13:38:22","guid":{"rendered":"https:\/\/hoyre.no\/lier\/?page_id=587"},"modified":"2023-07-31T15:39:27","modified_gmt":"2023-07-31T13:39:27","slug":"hanne-myhre-gravdal-kandidatside","status":"publish","type":"page","link":"https:\/\/hoyre.no\/lier\/stiller-til-valg-for-lier-hoyre-2023\/hanne-myhre-gravdal-kandidatside\/","title":{"rendered":"Hanne Myhre Gravdal &#8211; Kandidatside"},"content":{"rendered":"\n<div class=\"wp-block-hoyre-hero with-image-gradient text-color-light  alignfull has-background\"><div class=\"hoyre-hero \"><h1 class=\"title\">Hanne Myhre Gravdal<\/h1><p class=\"preamble\"><em>&laquo;Jeg er veldig opptatt av at alle som bor i Lier skal ha det godt.&raquo;<\/em><\/p><\/div><\/div>\n\n\n\n\n<p>Jeg stiller til valg for Lier H\u00f8yre.<\/p>\n\n\n\n<p>Jeg har vokst opp i Skoger, men flyttet til Sylling da jeg giftet meg.<\/p>\n\n\n\n<p>I Sylling har jeg bodd siden 1988, og trives veldig <a><\/a>godt.<\/p>\n\n\n\n<p>Jeg er en person som liker \u00e5 bidra, og har derfor hatt mange verv, og har p\u00e5 denne m\u00e5ten blitt godt kjent med mange i bygda.<\/p>\n\n\n\n<p>Vi har 2 barn og det er godt og trygt \u00e5 vokse opp i Sylling, og hele Lier.<\/p>\n\n\n\n<p>Jeg har v\u00e6rt med i kommunestyret for Lier H\u00f8yre i 8 \u00e5r, og jeg synes det er flott \u00e5 f\u00e5 lov \u00e5 bidra til at gode vedtak fattes. Jeg er veldig opptatt av at alle som bor i Lier skal ha det godt.<\/p>\n\n\n\n<p>Helse og oppvekst er det jeg brenner mest for, og jeg h\u00e5per dere bruker meg som politiker. Kom med innspill, jeg bringer de videre.<\/p>\n\n\n\n<p>Jeg h\u00e5per dere \u00f8nsker meg videre i politikken i Lier.<\/p>\n\n\n\n<p>Godt valg!<\/p>\n\n","protected":false},"excerpt":{"rendered":"","protected":false},"author":25077,"featured_media":0,"parent":354,"menu_order":0,"comment_status":"closed","ping_status":"closed","template":"","meta":{"teft_cards_image_url":"","teft_cards_custom_pretitle":"","teft_cards_image_id":0,"teft_cards_image_focal_point_x":0,"teft_cards_image_focal_point_y":0,"teft_cards_title":"","teft_cards_excerpt":"","teft_show_chapters":false,"footnotes":""},"class_list":["post-587","page","type-page","status-publish","hentry"],"yoast_head":"<!-- This site is optimized with the Yoast SEO plugin v26.6 - https:\/\/yoast.com\/wordpress\/plugins\/seo\/ -->\n<title>Hanne Myhre Gravdal - Kandidatside - Lier H\u00f8yre<\/title>\n<meta name=\"robots\" content=\"index, follow, max-snippet:-1, max-image-preview:large, max-video-preview:-1\" \/>\n<link rel=\"canonical\" href=\"https:\/\/hoyre.no\/lier\/stiller-til-valg-for-lier-hoyre-2023\/hanne-myhre-gravdal-kandidatside\/\" \/>\n<meta property=\"og:locale\" content=\"nb_NO\" \/>\n<meta property=\"og:type\" content=\"article\" \/>\n<meta property=\"og:title\" content=\"Hanne Myhre Gravdal - Kandidatside - Lier H\u00f8yre\" \/>\n<meta property=\"og:url\" content=\"https:\/\/hoyre.no\/lier\/stiller-til-valg-for-lier-hoyre-2023\/hanne-myhre-gravdal-kandidatside\/\" \/>\n<meta property=\"og:site_name\" content=\"Lier H\u00f8yre\" \/>\n<meta property=\"article:modified_time\" content=\"2023-07-31T13:39:27+00:00\" \/>\n<meta property=\"og:image\" content=\"https:\/\/hoyre.no\/content\/uploads\/sites\/181\/2022\/11\/Hoyres-logo.png\" \/>\n\t<meta property=\"og:image:width\" content=\"1000\" \/>\n\t<meta property=\"og:image:height\" content=\"1000\" \/>\n\t<meta property=\"og:image:type\" content=\"image\/png\" \/>\n<meta name=\"twitter:card\" content=\"summary_large_image\" \/>\n<meta name=\"twitter:label1\" content=\"Ansl. lesetid\" \/>\n\t<meta name=\"twitter:data1\" content=\"1 minutt\" \/>\n<script type=\"application\/ld+json\" class=\"yoast-schema-graph\">{\"@context\":\"https:\/\/schema.org\",\"@graph\":[{\"@type\":\"WebPage\",\"@id\":\"https:\/\/hoyre.no\/lier\/stiller-til-valg-for-lier-hoyre-2023\/hanne-myhre-gravdal-kandidatside\/\",\"url\":\"https:\/\/hoyre.no\/lier\/stiller-til-valg-for-lier-hoyre-2023\/hanne-myhre-gravdal-kandidatside\/\",\"name\":\"Hanne Myhre Gravdal - Kandidatside - Lier H\u00f8yre\",\"isPartOf\":{\"@id\":\"https:\/\/hoyre.no\/lier\/#website\"},\"datePublished\":\"2023-07-31T13:38:22+00:00\",\"dateModified\":\"2023-07-31T13:39:27+00:00\",\"breadcrumb\":{\"@id\":\"https:\/\/hoyre.no\/lier\/stiller-til-valg-for-lier-hoyre-2023\/hanne-myhre-gravdal-kandidatside\/#breadcrumb\"},\"inLanguage\":\"nb-NO\",\"potentialAction\":[{\"@type\":\"ReadAction\",\"target\":[\"https:\/\/hoyre.no\/lier\/stiller-til-valg-for-lier-hoyre-2023\/hanne-myhre-gravdal-kandidatside\/\"]}]},{\"@type\":\"BreadcrumbList\",\"@id\":\"https:\/\/hoyre.no\/lier\/stiller-til-valg-for-lier-hoyre-2023\/hanne-myhre-gravdal-kandidatside\/#breadcrumb\",\"itemListElement\":[{\"@type\":\"ListItem\",\"position\":1,\"name\":\"Til hoyre.no\",\"item\":\"https:\/\/hoyre.no\"},{\"@type\":\"ListItem\",\"position\":2,\"name\":\"Hjem\",\"item\":\"https:\/\/hoyre.no\/lier\/\"},{\"@type\":\"ListItem\",\"position\":3,\"name\":\"Stiller til valg for Lier H\u00f8yre 2023\",\"item\":\"https:\/\/hoyre.no\/lier\/stiller-til-valg-for-lier-hoyre-2023\/\"},{\"@type\":\"ListItem\",\"position\":4,\"name\":\"Hanne Myhre Gravdal &#8211; Kandidatside\"}]},{\"@type\":\"WebSite\",\"@id\":\"https:\/\/hoyre.no\/lier\/#website\",\"url\":\"https:\/\/hoyre.no\/lier\/\",\"name\":\"Lier H\u00f8yre\",\"description\":\"Bare enda et H\u00f8yres nettsteder-nettsted\",\"inLanguage\":\"nb-NO\"}]}<\/script>\n<!-- \/ Yoast SEO plugin. -->","yoast_head_json":{"title":"Hanne Myhre Gravdal - Kandidatside - Lier H\u00f8yre","robots":{"index":"index","follow":"follow","max-snippet":"max-snippet:-1","max-image-preview":"max-image-preview:large","max-video-preview":"max-video-preview:-1"},"canonical":"https:\/\/hoyre.no\/lier\/stiller-til-valg-for-lier-hoyre-2023\/hanne-myhre-gravdal-kandidatside\/","og_locale":"nb_NO","og_type":"article","og_title":"Hanne Myhre Gravdal - Kandidatside - Lier H\u00f8yre","og_url":"https:\/\/hoyre.no\/lier\/stiller-til-valg-for-lier-hoyre-2023\/hanne-myhre-gravdal-kandidatside\/","og_site_name":"Lier H\u00f8yre","article_modified_time":"2023-07-31T13:39:27+00:00","og_image":[{"width":1000,"height":1000,"url":"https:\/\/hoyre.no\/content\/uploads\/sites\/181\/2022\/11\/Hoyres-logo.png","type":"image\/png"}],"twitter_card":"summary_large_image","twitter_misc":{"Ansl. lesetid":"1 minutt"},"schema":{"@context":"https:\/\/schema.org","@graph":[{"@type":"WebPage","@id":"https:\/\/hoyre.no\/lier\/stiller-til-valg-for-lier-hoyre-2023\/hanne-myhre-gravdal-kandidatside\/","url":"https:\/\/hoyre.no\/lier\/stiller-til-valg-for-lier-hoyre-2023\/hanne-myhre-gravdal-kandidatside\/","name":"Hanne Myhre Gravdal - Kandidatside - Lier H\u00f8yre","isPartOf":{"@id":"https:\/\/hoyre.no\/lier\/#website"},"datePublished":"2023-07-31T13:38:22+00:00","dateModified":"2023-07-31T13:39:27+00:00","breadcrumb":{"@id":"https:\/\/hoyre.no\/lier\/stiller-til-valg-for-lier-hoyre-2023\/hanne-myhre-gravdal-kandidatside\/#breadcrumb"},"inLanguage":"nb-NO","potentialAction":[{"@type":"ReadAction","target":["https:\/\/hoyre.no\/lier\/stiller-til-valg-for-lier-hoyre-2023\/hanne-myhre-gravdal-kandidatside\/"]}]},{"@type":"BreadcrumbList","@id":"https:\/\/hoyre.no\/lier\/stiller-til-valg-for-lier-hoyre-2023\/hanne-myhre-gravdal-kandidatside\/#breadcrumb","itemListElement":[{"@type":"ListItem","position":1,"name":"Til hoyre.no","item":"https:\/\/hoyre.no"},{"@type":"ListItem","position":2,"name":"Hjem","item":"https:\/\/hoyre.no\/lier\/"},{"@type":"ListItem","position":3,"name":"Stiller til valg for Lier H\u00f8yre 2023","item":"https:\/\/hoyre.no\/lier\/stiller-til-valg-for-lier-hoyre-2023\/"},{"@type":"ListItem","position":4,"name":"Hanne Myhre Gravdal &#8211; Kandidatside"}]},{"@type":"WebSite","@id":"https:\/\/hoyre.no\/lier\/#website","url":"https:\/\/hoyre.no\/lier\/","name":"Lier H\u00f8yre","description":"Bare enda et H\u00f8yres nettsteder-nettsted","inLanguage":"nb-NO"}]}},"distributor_meta":false,"distributor_terms":false,"distributor_media":false,"distributor_original_site_name":"Lier H\u00f8yre","distributor_original_site_url":"https:\/\/hoyre.no\/lier","push-errors":false,"_links":{"self":[{"href":"https:\/\/hoyre.no\/lier\/wp-json\/wp\/v2\/pages\/587","targetHints":{"allow":["GET"]}}],"collection":[{"href":"https:\/\/hoyre.no\/lier\/wp-json\/wp\/v2\/pages"}],"about":[{"href":"https:\/\/hoyre.no\/lier\/wp-json\/wp\/v2\/types\/page"}],"author":[{"embeddable":true,"href":"https:\/\/hoyre.no\/lier\/wp-json\/wp\/v2\/users\/25077"}],"replies":[{"embeddable":true,"href":"https:\/\/hoyre.no\/lier\/wp-json\/wp\/v2\/comments?post=587"}],"version-history":[{"count":1,"href":"https:\/\/hoyre.no\/lier\/wp-json\/wp\/v2\/pages\/587\/revisions"}],"predecessor-version":[{"id":588,"href":"https:\/\/hoyre.no\/lier\/wp-json\/wp\/v2\/pages\/587\/revisions\/588"}],"up":[{"embeddable":true,"href":"https:\/\/hoyre.no\/lier\/wp-json\/wp\/v2\/pages\/354"}],"wp:attachment":[{"href":"https:\/\/hoyre.no\/lier\/wp-json\/wp\/v2\/media?parent=587"}],"curies":[{"name":"wp","href":"https:\/\/api.w.org\/{rel}","templated":true}]}}