{"id":602,"date":"2023-08-01T08:38:44","date_gmt":"2023-08-01T06:38:44","guid":{"rendered":"https:\/\/hoyre.no\/lier\/?page_id=602"},"modified":"2023-08-01T18:55:44","modified_gmt":"2023-08-01T16:55:44","slug":"brita-sangolt-kandidatside","status":"publish","type":"page","link":"https:\/\/hoyre.no\/lier\/stiller-til-valg-for-lier-hoyre-2023\/brita-sangolt-kandidatside\/","title":{"rendered":"Brita Sangolt &#8211; kandidatside"},"content":{"rendered":"\n<div class=\"wp-block-hoyre-hero with-image-gradient text-color-light  has-media alignfull has-background\"><div class=\"hoyre-hero has-image\"><h1 class=\"title\">Brita Sangolt<\/h1><p class=\"preamble\"><em>&laquo;Kommunen har v\u00e6rt godt styrt av H\u00f8yre i mange \u00e5r. Jeg er stolt av hva Lier har f\u00e5tt til, og jeg \u00f8nsker \u00e5 v\u00e6re med \u00e5 bidra til fortsatt positiv utvikling.&raquo;<\/em><\/p>\t\t\t<div class=\"post-meta wp-block teft-byline-wrapper\">\n\t\t\t\t<div class=\"top\">\n\t\t\t\t\t<div class=\"signature\">\n\t\t\t\t\t\t<div class=\"teft-byline\">\n\t\t\t\t\t\t\t\t\t\t\t\t\t\t<div>\n\t\t\t\t\t\t\t\t<h3>H\u00f8yres redaksjon<\/h3>\t\t\t\t\t\t\t\t\n\t\t\t\t\t\t\t\t\t\t\t\t\t\t\t\t\t<span class=\"date\">Sist oppdatert: 1. august 2023<\/span>\n\t\t\t\t\t\t\t\t\t\t\t\t\t\t\t\t\t\t\t\t\t\t\t\t\t<span class=\"reading-time\" itemprop=\"timeRequired\" content=\"PT3M\"><em>Ca. 3 minutter lesetid<\/em><\/span>\n\t\t\t\t\t\t\t\t\t\t\t\t\t\t\t<\/div>\n\t\t\t\t\t\t<\/div>\n\t\t\t\t\t<\/div>\n\t\t\t\t\t\t<div class=\"sharing\">\n\t\t<a class=\"share-button share-link copy-link\" data-copy=\"https:\/\/hoyre.no\/lier\/stiller-til-valg-for-lier-hoyre-2023\/brita-sangolt-kandidatside\/\" target=\"_blank\"><span class=\"screen-reader-text\">Del link<\/span><\/a>\n\t\t<a class=\"share-button share-twitter\" href=\"http:\/\/twitter.com\/share?text=Brita Sangolt &#8211; kandidatside&#038;url=https:\/\/hoyre.no\/lier\/stiller-til-valg-for-lier-hoyre-2023\/brita-sangolt-kandidatside\/&#038;hashtags=Hoyre\" target=\"_blank\"><span class=\"screen-reader-text\">Del p\u00e5 twitter<\/span><\/a>\n\t\t<a class=\"share-button share-facebook\" href=\"https:\/\/www.facebook.com\/sharer\/sharer.php?u=https:\/\/hoyre.no\/lier\/stiller-til-valg-for-lier-hoyre-2023\/brita-sangolt-kandidatside\/\" target=\"_blank\"><span class=\"screen-reader-text\">Del p\u00e5 facebook<\/span><\/a>\n\t<\/div>\n\t\t\t\t\t<\/div>\n\t\t\t<\/div>\n\n\t\t\t<figure class=\"hoyre-image-wrapper\"><div class=\"hoyre-image\"><img loading=\"lazy\" decoding=\"async\" width=\"720\" height=\"540\" src=\"https:\/\/hoyre.no\/content\/uploads\/sites\/181\/2023\/08\/Brita-Sangolt.jpg\" class=\"attachment-scaled size-scaled\" alt=\"\" style=\"object-position: 94% 78%\" srcset=\"https:\/\/hoyre.no\/content\/uploads\/sites\/181\/2023\/08\/Brita-Sangolt.jpg 720w, https:\/\/hoyre.no\/content\/uploads\/sites\/181\/2023\/08\/Brita-Sangolt-300x225.jpg 300w\" sizes=\"auto, (max-width: 720px) 100vw, 720px\" \/><\/div><\/figure><\/div><\/div>\n\n\n\n\n<p>Som engasjert skap-politiker gjennom mange \u00e5r, kan jeg endelig si:<\/p>\n\n\n\n<p>Jeg stiller til valg for <a href=\"https:\/\/www.facebook.com\/LierHoyre?__cft__[0]=AZW9ZVcj6zVXDoEcAcGbnGa5dwTLGdCB2T0WEvOfVnv4Y4MUU8-l4sek09apEBgZ3VoVUBqytB9k1PRhdxRAGLmRoSxc28lhcYjJ3j_H0NAlJj9FIjbc2HkQTlxmQBdwQYM_spn4-dI0SIr5zzehteBdxuRkCw4fWgTSsVLbGtgD9NG5rWmFYYp6Fk8f2nWXRCIHiHkROJIMjo9FOtpDa2A5&amp;__tn__=-]K-y-R\">Lier H\u00f8yre<\/a><img loading=\"lazy\" decoding=\"async\" alt=\"\ud83d\udc99\" src=\"https:\/\/static.xx.fbcdn.net\/images\/emoji.php\/v9\/t6c\/1\/16\/1f499.png\" width=\"16\" height=\"16\"><\/p>\n\n\n\n<p>Jeg har v\u00e6rt engasjert hele livet, i elevr\u00e5det, <a><\/a>russestyret, som student, i barnehagen, p\u00e5 skolen og i barnas fritidsaktiviteter. N\u00e5 har barna blitt til store ungdommer som er p\u00e5 vei ut av huset, og det er ikke lenger behov for mitt bidrag rundt dem.<\/p>\n\n\n\n<p>Derfor \u00f8nsker jeg n\u00e5 \u00e5 engasjere meg i lokalpolitikken.<\/p>\n\n\n\n<p>Jeg har bodd i Lier i 40 av mine 52 \u00e5r, i H\u00f8vik skolekrets, og er sv\u00e6rt glad i og stolt av bygda v\u00e5r. Her har jeg hatt en fantastisk oppvekst som har gitt meg alle muligheter og et godt liv som voksen. Kommunen har bidratt med alle sine tjenester og gitt meg og min familie en trygghet.<\/p>\n\n\n\n<p>Barna mine f\u00e5tt oppleve en trygg og god barnehage, en veldig god skole og alle mulige fritidsaktiviteter lett tilgjengelig. De senere \u00e5r har jeg ogs\u00e5 erfart at mine syke og gamle foreldre har f\u00e5tt den hjelp og omsorg de har trengt.<\/p>\n\n\n\n<p>Jeg er sv\u00e6rt glad i gr\u00f8nne Lier og setter utrolig stor pris p\u00e5 alle de fantastiske mulighetene for friluftsliv kommunen kan by p\u00e5.<\/p>\n\n\n\n<p>Jeg er utdannet sykepleier og har jobbet 22 \u00e5r i farmas\u00f8ytisk industri. Jeg er derfor spesielt interessert i helse og omsorg og er opptatt av at vi m\u00e5 kunne sikre tilstrekkelig tilgang til helsetjenester for alle, men ogs\u00e5 muligheten til \u00e5 leve et aktivt og meningsfullt liv.<\/p>\n\n\n\n<p>De siste fem \u00e5rene har jeg jobbet med idrett p\u00e5 fulltid. F\u00f8rst i Lier, deretter snart ett \u00e5r i nabokommunen Asker. Barn og unge og deres mulighet til \u00e5 v\u00e6re fysisk aktive under trygge sosiale rammer st\u00e5r derfor mitt hjerte n\u00e6r. Det dreier seg om inkludering, mestring, trygghet og tilh\u00f8righet &#8211; kort og godt et sv\u00e6rt viktig bidrag til god folkehelse.<\/p>\n\n\n\n<p>Hvorfor H\u00f8yre?<\/p>\n\n\n\n<p>Jeg har stemt H\u00f8yre i alle \u00e5r og n\u00e5 synes jeg det er p\u00e5 tide \u00e5 v\u00e6re med p\u00e5 laget. Kommunen har v\u00e6rt godt styrt av H\u00f8yre i mange \u00e5r. Jeg er stolt av hva Lier har f\u00e5tt til, og jeg \u00f8nsker \u00e5 v\u00e6re med \u00e5 bidra til fortsatt positiv utvikling.<\/p>\n\n\n\n<p>Som helt ny lokalpolitiker skal jeg jobbe for at Lier blir et enda bedre sted \u00e5 bo for b\u00e5de gammel og ung.<\/p>\n\n\n\n<p>Jeg h\u00e5per du vil stemme p\u00e5 Lier H\u00f8yre i \u00e5rets kommunevalg<img loading=\"lazy\" decoding=\"async\" alt=\"\ud83d\udc99\" src=\"https:\/\/static.xx.fbcdn.net\/images\/emoji.php\/v9\/t6c\/1\/16\/1f499.png\" width=\"16\" height=\"16\"><\/p>\n\n\n\n<p>Hvis du tror jeg kan gj\u00f8re en forskjell, kan du gjerne gi meg et ekstra kryss<img loading=\"lazy\" decoding=\"async\" alt=\"\ud83d\ude4f\" src=\"https:\/\/static.xx.fbcdn.net\/images\/emoji.php\/v9\/t80\/1\/16\/1f64f.png\" width=\"16\" height=\"16\"><\/p>\n\n\n\n<p>Godt valg &#8211; bruk stemmeretten<img loading=\"lazy\" decoding=\"async\" alt=\"\ud83d\ude00\" src=\"https:\/\/static.xx.fbcdn.net\/images\/emoji.php\/v9\/tce\/1\/16\/1f600.png\" width=\"16\" height=\"16\"><\/p>\n\n","protected":false},"excerpt":{"rendered":"","protected":false},"author":25077,"featured_media":0,"parent":354,"menu_order":0,"comment_status":"closed","ping_status":"closed","template":"","meta":{"teft_cards_image_url":"","teft_cards_custom_pretitle":"","teft_cards_image_id":0,"teft_cards_image_focal_point_x":0,"teft_cards_image_focal_point_y":0,"teft_cards_title":"","teft_cards_excerpt":"","teft_show_chapters":false,"footnotes":""},"class_list":["post-602","page","type-page","status-publish","hentry"],"yoast_head":"<!-- This site is optimized with the Yoast SEO plugin v26.6 - https:\/\/yoast.com\/wordpress\/plugins\/seo\/ -->\n<title>Brita Sangolt - kandidatside - Lier H\u00f8yre<\/title>\n<meta name=\"robots\" content=\"index, follow, max-snippet:-1, max-image-preview:large, max-video-preview:-1\" \/>\n<link rel=\"canonical\" href=\"https:\/\/hoyre.no\/lier\/stiller-til-valg-for-lier-hoyre-2023\/brita-sangolt-kandidatside\/\" \/>\n<meta property=\"og:locale\" content=\"nb_NO\" \/>\n<meta property=\"og:type\" content=\"article\" \/>\n<meta property=\"og:title\" content=\"Brita Sangolt - kandidatside - Lier H\u00f8yre\" \/>\n<meta property=\"og:url\" content=\"https:\/\/hoyre.no\/lier\/stiller-til-valg-for-lier-hoyre-2023\/brita-sangolt-kandidatside\/\" \/>\n<meta property=\"og:site_name\" content=\"Lier H\u00f8yre\" \/>\n<meta property=\"article:modified_time\" content=\"2023-08-01T16:55:44+00:00\" \/>\n<meta property=\"og:image\" content=\"https:\/\/static.xx.fbcdn.net\/images\/emoji.php\/v9\/t6c\/1\/16\/1f499.png\" \/>\n<meta name=\"twitter:card\" content=\"summary_large_image\" \/>\n<meta name=\"twitter:label1\" content=\"Ansl. lesetid\" \/>\n\t<meta name=\"twitter:data1\" content=\"4 minutter\" \/>\n<script type=\"application\/ld+json\" class=\"yoast-schema-graph\">{\"@context\":\"https:\/\/schema.org\",\"@graph\":[{\"@type\":\"WebPage\",\"@id\":\"https:\/\/hoyre.no\/lier\/stiller-til-valg-for-lier-hoyre-2023\/brita-sangolt-kandidatside\/\",\"url\":\"https:\/\/hoyre.no\/lier\/stiller-til-valg-for-lier-hoyre-2023\/brita-sangolt-kandidatside\/\",\"name\":\"Brita Sangolt - kandidatside - Lier H\u00f8yre\",\"isPartOf\":{\"@id\":\"https:\/\/hoyre.no\/lier\/#website\"},\"image\":{\"@id\":\"https:\/\/hoyre.no\/lier\/stiller-til-valg-for-lier-hoyre-2023\/brita-sangolt-kandidatside\/#primaryimage\"},\"thumbnailUrl\":\"https:\/\/static.xx.fbcdn.net\/images\/emoji.php\/v9\/t6c\/1\/16\/1f499.png\",\"datePublished\":\"2023-08-01T06:38:44+00:00\",\"dateModified\":\"2023-08-01T16:55:44+00:00\",\"breadcrumb\":{\"@id\":\"https:\/\/hoyre.no\/lier\/stiller-til-valg-for-lier-hoyre-2023\/brita-sangolt-kandidatside\/#breadcrumb\"},\"inLanguage\":\"nb-NO\",\"potentialAction\":[{\"@type\":\"ReadAction\",\"target\":[\"https:\/\/hoyre.no\/lier\/stiller-til-valg-for-lier-hoyre-2023\/brita-sangolt-kandidatside\/\"]}]},{\"@type\":\"ImageObject\",\"inLanguage\":\"nb-NO\",\"@id\":\"https:\/\/hoyre.no\/lier\/stiller-til-valg-for-lier-hoyre-2023\/brita-sangolt-kandidatside\/#primaryimage\",\"url\":\"https:\/\/static.xx.fbcdn.net\/images\/emoji.php\/v9\/t6c\/1\/16\/1f499.png\",\"contentUrl\":\"https:\/\/static.xx.fbcdn.net\/images\/emoji.php\/v9\/t6c\/1\/16\/1f499.png\"},{\"@type\":\"BreadcrumbList\",\"@id\":\"https:\/\/hoyre.no\/lier\/stiller-til-valg-for-lier-hoyre-2023\/brita-sangolt-kandidatside\/#breadcrumb\",\"itemListElement\":[{\"@type\":\"ListItem\",\"position\":1,\"name\":\"Til hoyre.no\",\"item\":\"https:\/\/hoyre.no\"},{\"@type\":\"ListItem\",\"position\":2,\"name\":\"Hjem\",\"item\":\"https:\/\/hoyre.no\/lier\/\"},{\"@type\":\"ListItem\",\"position\":3,\"name\":\"Stiller til valg for Lier H\u00f8yre 2023\",\"item\":\"https:\/\/hoyre.no\/lier\/stiller-til-valg-for-lier-hoyre-2023\/\"},{\"@type\":\"ListItem\",\"position\":4,\"name\":\"Brita Sangolt &#8211; kandidatside\"}]},{\"@type\":\"WebSite\",\"@id\":\"https:\/\/hoyre.no\/lier\/#website\",\"url\":\"https:\/\/hoyre.no\/lier\/\",\"name\":\"Lier H\u00f8yre\",\"description\":\"Bare enda et H\u00f8yres nettsteder-nettsted\",\"inLanguage\":\"nb-NO\"}]}<\/script>\n<!-- \/ Yoast SEO plugin. -->","yoast_head_json":{"title":"Brita Sangolt - kandidatside - Lier H\u00f8yre","robots":{"index":"index","follow":"follow","max-snippet":"max-snippet:-1","max-image-preview":"max-image-preview:large","max-video-preview":"max-video-preview:-1"},"canonical":"https:\/\/hoyre.no\/lier\/stiller-til-valg-for-lier-hoyre-2023\/brita-sangolt-kandidatside\/","og_locale":"nb_NO","og_type":"article","og_title":"Brita Sangolt - kandidatside - Lier H\u00f8yre","og_url":"https:\/\/hoyre.no\/lier\/stiller-til-valg-for-lier-hoyre-2023\/brita-sangolt-kandidatside\/","og_site_name":"Lier H\u00f8yre","article_modified_time":"2023-08-01T16:55:44+00:00","og_image":[{"url":"https:\/\/static.xx.fbcdn.net\/images\/emoji.php\/v9\/t6c\/1\/16\/1f499.png","type":"","width":"","height":""}],"twitter_card":"summary_large_image","twitter_misc":{"Ansl. lesetid":"4 minutter"},"schema":{"@context":"https:\/\/schema.org","@graph":[{"@type":"WebPage","@id":"https:\/\/hoyre.no\/lier\/stiller-til-valg-for-lier-hoyre-2023\/brita-sangolt-kandidatside\/","url":"https:\/\/hoyre.no\/lier\/stiller-til-valg-for-lier-hoyre-2023\/brita-sangolt-kandidatside\/","name":"Brita Sangolt - kandidatside - Lier H\u00f8yre","isPartOf":{"@id":"https:\/\/hoyre.no\/lier\/#website"},"image":{"@id":"https:\/\/hoyre.no\/lier\/stiller-til-valg-for-lier-hoyre-2023\/brita-sangolt-kandidatside\/#primaryimage"},"thumbnailUrl":"https:\/\/static.xx.fbcdn.net\/images\/emoji.php\/v9\/t6c\/1\/16\/1f499.png","datePublished":"2023-08-01T06:38:44+00:00","dateModified":"2023-08-01T16:55:44+00:00","breadcrumb":{"@id":"https:\/\/hoyre.no\/lier\/stiller-til-valg-for-lier-hoyre-2023\/brita-sangolt-kandidatside\/#breadcrumb"},"inLanguage":"nb-NO","potentialAction":[{"@type":"ReadAction","target":["https:\/\/hoyre.no\/lier\/stiller-til-valg-for-lier-hoyre-2023\/brita-sangolt-kandidatside\/"]}]},{"@type":"ImageObject","inLanguage":"nb-NO","@id":"https:\/\/hoyre.no\/lier\/stiller-til-valg-for-lier-hoyre-2023\/brita-sangolt-kandidatside\/#primaryimage","url":"https:\/\/static.xx.fbcdn.net\/images\/emoji.php\/v9\/t6c\/1\/16\/1f499.png","contentUrl":"https:\/\/static.xx.fbcdn.net\/images\/emoji.php\/v9\/t6c\/1\/16\/1f499.png"},{"@type":"BreadcrumbList","@id":"https:\/\/hoyre.no\/lier\/stiller-til-valg-for-lier-hoyre-2023\/brita-sangolt-kandidatside\/#breadcrumb","itemListElement":[{"@type":"ListItem","position":1,"name":"Til hoyre.no","item":"https:\/\/hoyre.no"},{"@type":"ListItem","position":2,"name":"Hjem","item":"https:\/\/hoyre.no\/lier\/"},{"@type":"ListItem","position":3,"name":"Stiller til valg for Lier H\u00f8yre 2023","item":"https:\/\/hoyre.no\/lier\/stiller-til-valg-for-lier-hoyre-2023\/"},{"@type":"ListItem","position":4,"name":"Brita Sangolt &#8211; kandidatside"}]},{"@type":"WebSite","@id":"https:\/\/hoyre.no\/lier\/#website","url":"https:\/\/hoyre.no\/lier\/","name":"Lier H\u00f8yre","description":"Bare enda et H\u00f8yres nettsteder-nettsted","inLanguage":"nb-NO"}]}},"distributor_meta":false,"distributor_terms":false,"distributor_media":false,"distributor_original_site_name":"Lier H\u00f8yre","distributor_original_site_url":"https:\/\/hoyre.no\/lier","push-errors":false,"_links":{"self":[{"href":"https:\/\/hoyre.no\/lier\/wp-json\/wp\/v2\/pages\/602","targetHints":{"allow":["GET"]}}],"collection":[{"href":"https:\/\/hoyre.no\/lier\/wp-json\/wp\/v2\/pages"}],"about":[{"href":"https:\/\/hoyre.no\/lier\/wp-json\/wp\/v2\/types\/page"}],"author":[{"embeddable":true,"href":"https:\/\/hoyre.no\/lier\/wp-json\/wp\/v2\/users\/25077"}],"replies":[{"embeddable":true,"href":"https:\/\/hoyre.no\/lier\/wp-json\/wp\/v2\/comments?post=602"}],"version-history":[{"count":1,"href":"https:\/\/hoyre.no\/lier\/wp-json\/wp\/v2\/pages\/602\/revisions"}],"predecessor-version":[{"id":604,"href":"https:\/\/hoyre.no\/lier\/wp-json\/wp\/v2\/pages\/602\/revisions\/604"}],"up":[{"embeddable":true,"href":"https:\/\/hoyre.no\/lier\/wp-json\/wp\/v2\/pages\/354"}],"wp:attachment":[{"href":"https:\/\/hoyre.no\/lier\/wp-json\/wp\/v2\/media?parent=602"}],"curies":[{"name":"wp","href":"https:\/\/api.w.org\/{rel}","templated":true}]}}