{"id":628,"date":"2023-09-02T09:24:35","date_gmt":"2023-09-02T07:24:35","guid":{"rendered":"https:\/\/hoyre.no\/lier\/?page_id=628"},"modified":"2023-09-02T09:26:52","modified_gmt":"2023-09-02T07:26:52","slug":"bitten-holst-haugerud-kandidatside","status":"publish","type":"page","link":"https:\/\/hoyre.no\/lier\/stiller-til-valg-for-lier-hoyre-2023\/bitten-holst-haugerud-kandidatside\/","title":{"rendered":"Bitten Holst Haugerud &#8211; Kandidatside"},"content":{"rendered":"\n<div class=\"wp-block-hoyre-hero with-image-gradient text-color-light  has-media alignfull has-background\"><div class=\"hoyre-hero has-image\"><h1 class=\"title\">Bitten Holst Haugerud<\/h1><p class=\"preamble\"><em>&laquo;Jeg \u00f8nsker en skole som er tilpasset hver enkelt elev. En skole for alle og der alle finner noe \u00e5 mestre. L\u00e6rerene og alle som arbeider i skolen er viktige enkeltfaktorer for elevers l\u00e6ring.&raquo;<\/em><\/p>\t\t\t<div class=\"post-meta wp-block teft-byline-wrapper\">\n\t\t\t\t<div class=\"top\">\n\t\t\t\t\t<div class=\"signature\">\n\t\t\t\t\t\t<div class=\"teft-byline\">\n\t\t\t\t\t\t\t\t\t\t\t\t\t\t<div>\n\t\t\t\t\t\t\t\t<h3>H\u00f8yres redaksjon<\/h3>\t\t\t\t\t\t\t\t\n\t\t\t\t\t\t\t\t\t\t\t\t\t\t\t\t\t<span class=\"date\">Sist oppdatert: 2. september 2023<\/span>\n\t\t\t\t\t\t\t\t\t\t\t\t\t\t\t\t\t\t\t\t\t\t\t\t\t<span class=\"reading-time\" itemprop=\"timeRequired\" content=\"PT2M\"><em>Ca. 2 minutter lesetid<\/em><\/span>\n\t\t\t\t\t\t\t\t\t\t\t\t\t\t\t<\/div>\n\t\t\t\t\t\t<\/div>\n\t\t\t\t\t<\/div>\n\t\t\t\t\t\t<div class=\"sharing\">\n\t\t<a class=\"share-button share-link copy-link\" data-copy=\"https:\/\/hoyre.no\/lier\/stiller-til-valg-for-lier-hoyre-2023\/bitten-holst-haugerud-kandidatside\/\" target=\"_blank\"><span class=\"screen-reader-text\">Del link<\/span><\/a>\n\t\t<a class=\"share-button share-twitter\" href=\"http:\/\/twitter.com\/share?text=Bitten Holst Haugerud &#8211; Kandidatside&#038;url=https:\/\/hoyre.no\/lier\/stiller-til-valg-for-lier-hoyre-2023\/bitten-holst-haugerud-kandidatside\/&#038;hashtags=Hoyre\" target=\"_blank\"><span class=\"screen-reader-text\">Del p\u00e5 twitter<\/span><\/a>\n\t\t<a class=\"share-button share-facebook\" href=\"https:\/\/www.facebook.com\/sharer\/sharer.php?u=https:\/\/hoyre.no\/lier\/stiller-til-valg-for-lier-hoyre-2023\/bitten-holst-haugerud-kandidatside\/\" target=\"_blank\"><span class=\"screen-reader-text\">Del p\u00e5 facebook<\/span><\/a>\n\t<\/div>\n\t\t\t\t\t<\/div>\n\t\t\t<\/div>\n\n\t\t\t<figure class=\"hoyre-image-wrapper\"><div class=\"hoyre-image\"><img loading=\"lazy\" decoding=\"async\" width=\"960\" height=\"617\" src=\"https:\/\/hoyre.no\/content\/uploads\/sites\/181\/2023\/09\/Bitten-pa\u030a-sjoen.jpg\" class=\"attachment-scaled size-scaled\" alt=\"\" style=\"object-position: 50% 50%\" srcset=\"https:\/\/hoyre.no\/content\/uploads\/sites\/181\/2023\/09\/Bitten-pa\u030a-sjoen.jpg 960w, https:\/\/hoyre.no\/content\/uploads\/sites\/181\/2023\/09\/Bitten-pa\u030a-sjoen-300x193.jpg 300w, https:\/\/hoyre.no\/content\/uploads\/sites\/181\/2023\/09\/Bitten-pa\u030a-sjoen-768x494.jpg 768w\" sizes=\"auto, (max-width: 960px) 100vw, 960px\" \/><\/div><\/figure><\/div><\/div>\n\n\n\n\n<p>Jeg er f\u00f8dt og oppvokst i Lier. Jeg er fra Vitbank og har bodd noen \u00e5r p\u00e5 Frydenlund. N\u00e5 bor jeg i S\u00f8rumlia, og har bodd der i 27 <a><\/a>\u00e5r. Jeg bor sammen med mannen min og jeg er s\u00e5 heldig \u00e5 ha den n\u00e6rmeste &laquo;flokken&raquo; min boende i mitt kj\u00e6re Lier.<\/p>\n\n\n\n<p>Min yrkesbakgrunn er innen \u00f8konomi. Jeg har v\u00e6rt banksjef for kontorene til DNB i Lier, banksjef i Sparebanken \u00d8st med ansvaret for kontorene i Drammen og Lier, f\u00f8r ferden fortsatte til Danske Bank.<\/p>\n\n\n\n<p>Jeg har hatt flere styreverv bl.a. som fotballtrener, leder for Lierdagene i 2007 og 2009, styreleder og styremedlem i Frydenlund Hage og styremedlem i Stiftelsen B\u00f8rsg\u00e5rden.<\/p>\n\n\n\n<p>N\u00e6r mitt hjerte er unge innbyggere som har ulike behov for hjelp fra kommunen. Jeg \u00f8nsker \u00e5 videreutvikle dagens tilbud i form av bedre samhandling mellom sykehus, kommune skole og NAV. Spesielt viktig er at alle skal f\u00e5 et tilbud om dagtilbud eller jobb \u00e5 g\u00e5 til, dersom helsen tillater det.<\/p>\n\n\n\n<p>Skolen er ogs\u00e5 viktig. Jeg \u00f8nsker en skole som er tilpasset hver enkelt elev. En skole for alle og der alle finner noe \u00e5 mestre. L\u00e6rerene og alle som arbeider i skolen er viktige enkeltfaktorer for elevers l\u00e6ring. Det m\u00e5 tilstrebes \u00e5 gi de tilstrekkelig kapasitet slik at de f\u00e5r tid til \u00e5 se hver enkelt elev og gi tilpasset undervisning. Jeg \u00f8nsker \u00e5 arbeide for at Lierskolen skal v\u00e6re attraktiv og tiltrekke seg de beste l\u00e6rerne ved \u00e5 s\u00f8rge for midler og mulighet til kompetanseheving og gode arbeidsverkt\u00f8y b\u00e5de for l\u00e6rere og ledere i Lierskolen.<\/p>\n\n\n\n<p>Jeg \u00f8nsker ikke eiendomsskatt i Lier Kommune. Eiendomsskatten kommer p\u00e5 toppen av allerede store utfordringer for husholdninger med str\u00f8mpriser, matvarepriser, drivstoffpriser og rente\u00f8kninger for \u00e5 nevne noe. Jeg t\u00f8r p\u00e5st\u00e5 at eiendomsskatt er den mest urettferdige og usosiale skatteleggingen som finnes i dag. Jeg er imot at kommunens innbyggere skal bli belastet med en slik ekstra skatt.<\/p>\n\n\n\n<p>Jeg har alltid stemt H\u00f8yre og h\u00e5per at sv\u00e6rt mange stemmer p\u00e5 H\u00f8yre innen den 11. September.<\/p>\n\n\n\n<p>Det hadde v\u00e6rt ekstra hyggelig med en X utenfor nummer 9 p\u00e5 Lier H\u00f8yres liste om du tror jeg kan gj\u00f8re en forskjell. Stemmer du et annet parti, sett mitt navn nederst p\u00e5 listen med en H foran navnet mitt.<\/p>\n\n","protected":false},"excerpt":{"rendered":"","protected":false},"author":25077,"featured_media":0,"parent":354,"menu_order":0,"comment_status":"closed","ping_status":"closed","template":"","meta":{"teft_cards_image_url":"","teft_cards_custom_pretitle":"","teft_cards_image_id":0,"teft_cards_image_focal_point_x":0,"teft_cards_image_focal_point_y":0,"teft_cards_title":"","teft_cards_excerpt":"","teft_show_chapters":false,"footnotes":""},"class_list":["post-628","page","type-page","status-publish","hentry"],"yoast_head":"<!-- This site is optimized with the Yoast SEO plugin v26.6 - https:\/\/yoast.com\/wordpress\/plugins\/seo\/ -->\n<title>Bitten Holst Haugerud - Kandidatside - Lier H\u00f8yre<\/title>\n<meta name=\"robots\" content=\"index, follow, max-snippet:-1, max-image-preview:large, max-video-preview:-1\" \/>\n<link rel=\"canonical\" href=\"https:\/\/hoyre.no\/lier\/stiller-til-valg-for-lier-hoyre-2023\/bitten-holst-haugerud-kandidatside\/\" \/>\n<meta property=\"og:locale\" content=\"nb_NO\" \/>\n<meta property=\"og:type\" content=\"article\" \/>\n<meta property=\"og:title\" content=\"Bitten Holst Haugerud - Kandidatside - Lier H\u00f8yre\" \/>\n<meta property=\"og:url\" content=\"https:\/\/hoyre.no\/lier\/stiller-til-valg-for-lier-hoyre-2023\/bitten-holst-haugerud-kandidatside\/\" \/>\n<meta property=\"og:site_name\" content=\"Lier H\u00f8yre\" \/>\n<meta property=\"article:modified_time\" content=\"2023-09-02T07:26:52+00:00\" \/>\n<meta property=\"og:image\" content=\"https:\/\/hoyre.no\/content\/uploads\/sites\/181\/2022\/11\/Hoyres-logo.png\" \/>\n\t<meta property=\"og:image:width\" content=\"1000\" \/>\n\t<meta property=\"og:image:height\" content=\"1000\" \/>\n\t<meta property=\"og:image:type\" content=\"image\/png\" \/>\n<meta name=\"twitter:card\" content=\"summary_large_image\" \/>\n<meta name=\"twitter:label1\" content=\"Ansl. lesetid\" \/>\n\t<meta name=\"twitter:data1\" content=\"3 minutter\" \/>\n<script type=\"application\/ld+json\" class=\"yoast-schema-graph\">{\"@context\":\"https:\/\/schema.org\",\"@graph\":[{\"@type\":\"WebPage\",\"@id\":\"https:\/\/hoyre.no\/lier\/stiller-til-valg-for-lier-hoyre-2023\/bitten-holst-haugerud-kandidatside\/\",\"url\":\"https:\/\/hoyre.no\/lier\/stiller-til-valg-for-lier-hoyre-2023\/bitten-holst-haugerud-kandidatside\/\",\"name\":\"Bitten Holst Haugerud - Kandidatside - Lier H\u00f8yre\",\"isPartOf\":{\"@id\":\"https:\/\/hoyre.no\/lier\/#website\"},\"datePublished\":\"2023-09-02T07:24:35+00:00\",\"dateModified\":\"2023-09-02T07:26:52+00:00\",\"breadcrumb\":{\"@id\":\"https:\/\/hoyre.no\/lier\/stiller-til-valg-for-lier-hoyre-2023\/bitten-holst-haugerud-kandidatside\/#breadcrumb\"},\"inLanguage\":\"nb-NO\",\"potentialAction\":[{\"@type\":\"ReadAction\",\"target\":[\"https:\/\/hoyre.no\/lier\/stiller-til-valg-for-lier-hoyre-2023\/bitten-holst-haugerud-kandidatside\/\"]}]},{\"@type\":\"BreadcrumbList\",\"@id\":\"https:\/\/hoyre.no\/lier\/stiller-til-valg-for-lier-hoyre-2023\/bitten-holst-haugerud-kandidatside\/#breadcrumb\",\"itemListElement\":[{\"@type\":\"ListItem\",\"position\":1,\"name\":\"Til hoyre.no\",\"item\":\"https:\/\/hoyre.no\"},{\"@type\":\"ListItem\",\"position\":2,\"name\":\"Hjem\",\"item\":\"https:\/\/hoyre.no\/lier\/\"},{\"@type\":\"ListItem\",\"position\":3,\"name\":\"Stiller til valg for Lier H\u00f8yre 2023\",\"item\":\"https:\/\/hoyre.no\/lier\/stiller-til-valg-for-lier-hoyre-2023\/\"},{\"@type\":\"ListItem\",\"position\":4,\"name\":\"Bitten Holst Haugerud &#8211; Kandidatside\"}]},{\"@type\":\"WebSite\",\"@id\":\"https:\/\/hoyre.no\/lier\/#website\",\"url\":\"https:\/\/hoyre.no\/lier\/\",\"name\":\"Lier H\u00f8yre\",\"description\":\"Bare enda et H\u00f8yres nettsteder-nettsted\",\"inLanguage\":\"nb-NO\"}]}<\/script>\n<!-- \/ Yoast SEO plugin. -->","yoast_head_json":{"title":"Bitten Holst Haugerud - Kandidatside - Lier H\u00f8yre","robots":{"index":"index","follow":"follow","max-snippet":"max-snippet:-1","max-image-preview":"max-image-preview:large","max-video-preview":"max-video-preview:-1"},"canonical":"https:\/\/hoyre.no\/lier\/stiller-til-valg-for-lier-hoyre-2023\/bitten-holst-haugerud-kandidatside\/","og_locale":"nb_NO","og_type":"article","og_title":"Bitten Holst Haugerud - Kandidatside - Lier H\u00f8yre","og_url":"https:\/\/hoyre.no\/lier\/stiller-til-valg-for-lier-hoyre-2023\/bitten-holst-haugerud-kandidatside\/","og_site_name":"Lier H\u00f8yre","article_modified_time":"2023-09-02T07:26:52+00:00","og_image":[{"width":1000,"height":1000,"url":"https:\/\/hoyre.no\/content\/uploads\/sites\/181\/2022\/11\/Hoyres-logo.png","type":"image\/png"}],"twitter_card":"summary_large_image","twitter_misc":{"Ansl. lesetid":"3 minutter"},"schema":{"@context":"https:\/\/schema.org","@graph":[{"@type":"WebPage","@id":"https:\/\/hoyre.no\/lier\/stiller-til-valg-for-lier-hoyre-2023\/bitten-holst-haugerud-kandidatside\/","url":"https:\/\/hoyre.no\/lier\/stiller-til-valg-for-lier-hoyre-2023\/bitten-holst-haugerud-kandidatside\/","name":"Bitten Holst Haugerud - Kandidatside - Lier H\u00f8yre","isPartOf":{"@id":"https:\/\/hoyre.no\/lier\/#website"},"datePublished":"2023-09-02T07:24:35+00:00","dateModified":"2023-09-02T07:26:52+00:00","breadcrumb":{"@id":"https:\/\/hoyre.no\/lier\/stiller-til-valg-for-lier-hoyre-2023\/bitten-holst-haugerud-kandidatside\/#breadcrumb"},"inLanguage":"nb-NO","potentialAction":[{"@type":"ReadAction","target":["https:\/\/hoyre.no\/lier\/stiller-til-valg-for-lier-hoyre-2023\/bitten-holst-haugerud-kandidatside\/"]}]},{"@type":"BreadcrumbList","@id":"https:\/\/hoyre.no\/lier\/stiller-til-valg-for-lier-hoyre-2023\/bitten-holst-haugerud-kandidatside\/#breadcrumb","itemListElement":[{"@type":"ListItem","position":1,"name":"Til hoyre.no","item":"https:\/\/hoyre.no"},{"@type":"ListItem","position":2,"name":"Hjem","item":"https:\/\/hoyre.no\/lier\/"},{"@type":"ListItem","position":3,"name":"Stiller til valg for Lier H\u00f8yre 2023","item":"https:\/\/hoyre.no\/lier\/stiller-til-valg-for-lier-hoyre-2023\/"},{"@type":"ListItem","position":4,"name":"Bitten Holst Haugerud &#8211; Kandidatside"}]},{"@type":"WebSite","@id":"https:\/\/hoyre.no\/lier\/#website","url":"https:\/\/hoyre.no\/lier\/","name":"Lier H\u00f8yre","description":"Bare enda et H\u00f8yres nettsteder-nettsted","inLanguage":"nb-NO"}]}},"distributor_meta":false,"distributor_terms":false,"distributor_media":false,"distributor_original_site_name":"Lier H\u00f8yre","distributor_original_site_url":"https:\/\/hoyre.no\/lier","push-errors":false,"_links":{"self":[{"href":"https:\/\/hoyre.no\/lier\/wp-json\/wp\/v2\/pages\/628","targetHints":{"allow":["GET"]}}],"collection":[{"href":"https:\/\/hoyre.no\/lier\/wp-json\/wp\/v2\/pages"}],"about":[{"href":"https:\/\/hoyre.no\/lier\/wp-json\/wp\/v2\/types\/page"}],"author":[{"embeddable":true,"href":"https:\/\/hoyre.no\/lier\/wp-json\/wp\/v2\/users\/25077"}],"replies":[{"embeddable":true,"href":"https:\/\/hoyre.no\/lier\/wp-json\/wp\/v2\/comments?post=628"}],"version-history":[{"count":1,"href":"https:\/\/hoyre.no\/lier\/wp-json\/wp\/v2\/pages\/628\/revisions"}],"predecessor-version":[{"id":630,"href":"https:\/\/hoyre.no\/lier\/wp-json\/wp\/v2\/pages\/628\/revisions\/630"}],"up":[{"embeddable":true,"href":"https:\/\/hoyre.no\/lier\/wp-json\/wp\/v2\/pages\/354"}],"wp:attachment":[{"href":"https:\/\/hoyre.no\/lier\/wp-json\/wp\/v2\/media?parent=628"}],"curies":[{"name":"wp","href":"https:\/\/api.w.org\/{rel}","templated":true}]}}