{"id":636,"date":"2023-09-02T09:42:58","date_gmt":"2023-09-02T07:42:58","guid":{"rendered":"https:\/\/hoyre.no\/lier\/?page_id=636"},"modified":"2023-09-02T09:43:25","modified_gmt":"2023-09-02T07:43:25","slug":"helene-justad-kandidatside","status":"publish","type":"page","link":"https:\/\/hoyre.no\/lier\/stiller-til-valg-for-lier-hoyre-2023\/helene-justad-kandidatside\/","title":{"rendered":"Helene Justad &#8211; Kandidatside"},"content":{"rendered":"\n<div class=\"wp-block-hoyre-hero with-image-gradient text-color-light  has-media alignfull has-background\"><div class=\"hoyre-hero has-image\"><h1 class=\"title\">Helene Justad<\/h1><p class=\"preamble\"><em>&laquo;Forebyggende helsearbeid er viktig. Lier kommune har utrolig mange og gode tilbud for alle seniorer, b\u00e5de kommunalt, frivillig og lag og foreninger.&raquo;<\/em><\/p>\t\t\t<div class=\"post-meta wp-block teft-byline-wrapper\">\n\t\t\t\t<div class=\"top\">\n\t\t\t\t\t<div class=\"signature\">\n\t\t\t\t\t\t<div class=\"teft-byline\">\n\t\t\t\t\t\t\t\t\t\t\t\t\t\t<div>\n\t\t\t\t\t\t\t\t<h3>H\u00f8yres redaksjon<\/h3>\t\t\t\t\t\t\t\t\n\t\t\t\t\t\t\t\t\t\t\t\t\t\t\t\t\t<span class=\"date\">Sist oppdatert: 2. september 2023<\/span>\n\t\t\t\t\t\t\t\t\t\t\t\t\t\t\t\t\t\t\t\t\t\t\t\t\t<span class=\"reading-time\" itemprop=\"timeRequired\" content=\"PT2M\"><em>Ca. 2 minutter lesetid<\/em><\/span>\n\t\t\t\t\t\t\t\t\t\t\t\t\t\t\t<\/div>\n\t\t\t\t\t\t<\/div>\n\t\t\t\t\t<\/div>\n\t\t\t\t\t\t<div class=\"sharing\">\n\t\t<a class=\"share-button share-link copy-link\" data-copy=\"https:\/\/hoyre.no\/lier\/stiller-til-valg-for-lier-hoyre-2023\/helene-justad-kandidatside\/\" target=\"_blank\"><span class=\"screen-reader-text\">Del link<\/span><\/a>\n\t\t<a class=\"share-button share-twitter\" href=\"http:\/\/twitter.com\/share?text=Helene Justad &#8211; Kandidatside&#038;url=https:\/\/hoyre.no\/lier\/stiller-til-valg-for-lier-hoyre-2023\/helene-justad-kandidatside\/&#038;hashtags=Hoyre\" target=\"_blank\"><span class=\"screen-reader-text\">Del p\u00e5 twitter<\/span><\/a>\n\t\t<a class=\"share-button share-facebook\" href=\"https:\/\/www.facebook.com\/sharer\/sharer.php?u=https:\/\/hoyre.no\/lier\/stiller-til-valg-for-lier-hoyre-2023\/helene-justad-kandidatside\/\" target=\"_blank\"><span class=\"screen-reader-text\">Del p\u00e5 facebook<\/span><\/a>\n\t<\/div>\n\t\t\t\t\t<\/div>\n\t\t\t<\/div>\n\n\t\t\t<figure class=\"hoyre-image-wrapper\"><div class=\"hoyre-image\"><img loading=\"lazy\" decoding=\"async\" width=\"1440\" height=\"1078\" src=\"https:\/\/hoyre.no\/content\/uploads\/sites\/181\/2023\/09\/Helene-Sykepleier.jpg\" class=\"attachment-scaled size-scaled\" alt=\"\" style=\"object-position: 53% 60%\" srcset=\"https:\/\/hoyre.no\/content\/uploads\/sites\/181\/2023\/09\/Helene-Sykepleier.jpg 1440w, https:\/\/hoyre.no\/content\/uploads\/sites\/181\/2023\/09\/Helene-Sykepleier-300x225.jpg 300w, https:\/\/hoyre.no\/content\/uploads\/sites\/181\/2023\/09\/Helene-Sykepleier-1024x767.jpg 1024w, https:\/\/hoyre.no\/content\/uploads\/sites\/181\/2023\/09\/Helene-Sykepleier-768x575.jpg 768w\" sizes=\"auto, (max-width: 1440px) 100vw, 1440px\" \/><\/div><\/figure><\/div><\/div>\n\n\n\n\n<p>Jeg stiller til valg for H\u00f8yre i Lier kommune.<\/p>\n\n\n\n<p>Det er mange \u00e5rsaker til det. H\u00f8yre har hatt flertall i Lier i mange ti\u00e5r, og erfaringen viser at dette er en godt <a><\/a>styrt kommune med god kontroll p\u00e5 \u00f8konomien og tjenestene. Dette bidrar sterkt til min motivasjon for igjen \u00e5 st\u00e5 p\u00e5 listen til h\u00f8stens kommunevalg.<\/p>\n\n\n\n<p>Jeg er 71 \u00e5r, utdannet sykepleier, har 3 voksne barn og 7 barnebarn. Som sykepleier har jeg jobbet i Lier kommune, Vard\u00e5sen alderspsykiatrisk sykehus, Vestre Viken sykehus i Drammen og R\u00f8yken og Hurum Legevakt.<\/p>\n\n\n\n<p>Jeg har v\u00e6rt med i politikken i Lier i mange perioder, helt siden 1999. Jeg har sittet i kommunestyret hele tiden, v\u00e6rt ordf\u00f8rer i en periode, v\u00e6rt fast medlem i utvalgene for n\u00e6ring-kultur og milj\u00f8, og i planutvalget i flere perioder. Denne perioden sitter jeg i formannskapet og ser den viktige betydningen det er \u00e5 ha god kontroll p\u00e5 \u00f8konomien, slik at Lier kommune kan opprettholde niv\u00e5et og kvaliteten p\u00e5 sine lovp\u00e5lagte tjenester. Dette har vi klart uten \u00e5 innf\u00f8re eiendomsskatt! Og H\u00f8yre er garantisten for at dette ikke skal innf\u00f8res i kommende valgperiode.<\/p>\n\n\n\n<p>Det er mange kandidater p\u00e5 listen til H\u00f8yre. Ulike aldersgrupper med ulike erfaringer og ulike interesser. En ting som jeg synes er viktig er at H\u00f8yre skal representere alle disse sidene i samfunnet, ogs\u00e5 de som er godt voksne og som har lang livserfaring, lang yrkeserfaring og lang politisk erfaring. Dette er kvaliteter som det er viktig \u00e5 ha med seg i det politiske arbeidet.<\/p>\n\n\n\n<p>Den s\u00e5kalte \u00abeldreb\u00f8lgen\u00bb begynner \u00e5 gi sine ringvirkninger ogs\u00e5 her i Lier. Vi blir flere eldre. For meg er det viktig \u00e5 v\u00e6re en stemme for alle seniorer og alle de innbyggerne som har behov for bistand og tjenester p\u00e5 alle niv\u00e5er i kommunen.<\/p>\n\n\n\n<p>Forebyggende helsearbeid er viktig. Lier kommune har utrolig mange og gode tilbud for alle seniorer, b\u00e5de kommunalt, frivillig og lag og foreninger. Selv g\u00e5r jeg p\u00e5 sirkeltrening og aerobic p\u00e5 Fosshagen, og jeg er utrolig imponert over noen hundre godt voksne som trener regelmessig her hver eneste dag og \u00f8nsker \u00e5 holde seg i form. Disse tilbudene kan vi i Lier v\u00e6re stolte av og det er noe jeg virkelig vil kjempe for!<\/p>\n\n\n\n<p>Godt valg!<\/p>\n\n","protected":false},"excerpt":{"rendered":"","protected":false},"author":25077,"featured_media":0,"parent":354,"menu_order":0,"comment_status":"closed","ping_status":"closed","template":"","meta":{"teft_cards_image_url":"","teft_cards_custom_pretitle":"","teft_cards_image_id":0,"teft_cards_image_focal_point_x":0,"teft_cards_image_focal_point_y":0,"teft_cards_title":"","teft_cards_excerpt":"","teft_show_chapters":false,"footnotes":""},"class_list":["post-636","page","type-page","status-publish","hentry"],"yoast_head":"<!-- This site is optimized with the Yoast SEO plugin v26.6 - https:\/\/yoast.com\/wordpress\/plugins\/seo\/ -->\n<title>Helene Justad - Kandidatside - Lier H\u00f8yre<\/title>\n<meta name=\"robots\" content=\"index, follow, max-snippet:-1, max-image-preview:large, max-video-preview:-1\" \/>\n<link rel=\"canonical\" href=\"https:\/\/hoyre.no\/lier\/stiller-til-valg-for-lier-hoyre-2023\/helene-justad-kandidatside\/\" \/>\n<meta property=\"og:locale\" content=\"nb_NO\" \/>\n<meta property=\"og:type\" content=\"article\" \/>\n<meta property=\"og:title\" content=\"Helene Justad - Kandidatside - Lier H\u00f8yre\" \/>\n<meta property=\"og:url\" content=\"https:\/\/hoyre.no\/lier\/stiller-til-valg-for-lier-hoyre-2023\/helene-justad-kandidatside\/\" \/>\n<meta property=\"og:site_name\" content=\"Lier H\u00f8yre\" \/>\n<meta property=\"article:modified_time\" content=\"2023-09-02T07:43:25+00:00\" \/>\n<meta property=\"og:image\" content=\"https:\/\/hoyre.no\/content\/uploads\/sites\/181\/2022\/11\/Hoyres-logo.png\" \/>\n\t<meta property=\"og:image:width\" content=\"1000\" \/>\n\t<meta property=\"og:image:height\" content=\"1000\" \/>\n\t<meta property=\"og:image:type\" content=\"image\/png\" \/>\n<meta name=\"twitter:card\" content=\"summary_large_image\" \/>\n<meta name=\"twitter:label1\" content=\"Ansl. lesetid\" \/>\n\t<meta name=\"twitter:data1\" content=\"3 minutter\" \/>\n<script type=\"application\/ld+json\" class=\"yoast-schema-graph\">{\"@context\":\"https:\/\/schema.org\",\"@graph\":[{\"@type\":\"WebPage\",\"@id\":\"https:\/\/hoyre.no\/lier\/stiller-til-valg-for-lier-hoyre-2023\/helene-justad-kandidatside\/\",\"url\":\"https:\/\/hoyre.no\/lier\/stiller-til-valg-for-lier-hoyre-2023\/helene-justad-kandidatside\/\",\"name\":\"Helene Justad - Kandidatside - Lier H\u00f8yre\",\"isPartOf\":{\"@id\":\"https:\/\/hoyre.no\/lier\/#website\"},\"datePublished\":\"2023-09-02T07:42:58+00:00\",\"dateModified\":\"2023-09-02T07:43:25+00:00\",\"breadcrumb\":{\"@id\":\"https:\/\/hoyre.no\/lier\/stiller-til-valg-for-lier-hoyre-2023\/helene-justad-kandidatside\/#breadcrumb\"},\"inLanguage\":\"nb-NO\",\"potentialAction\":[{\"@type\":\"ReadAction\",\"target\":[\"https:\/\/hoyre.no\/lier\/stiller-til-valg-for-lier-hoyre-2023\/helene-justad-kandidatside\/\"]}]},{\"@type\":\"BreadcrumbList\",\"@id\":\"https:\/\/hoyre.no\/lier\/stiller-til-valg-for-lier-hoyre-2023\/helene-justad-kandidatside\/#breadcrumb\",\"itemListElement\":[{\"@type\":\"ListItem\",\"position\":1,\"name\":\"Til hoyre.no\",\"item\":\"https:\/\/hoyre.no\"},{\"@type\":\"ListItem\",\"position\":2,\"name\":\"Hjem\",\"item\":\"https:\/\/hoyre.no\/lier\/\"},{\"@type\":\"ListItem\",\"position\":3,\"name\":\"Stiller til valg for Lier H\u00f8yre 2023\",\"item\":\"https:\/\/hoyre.no\/lier\/stiller-til-valg-for-lier-hoyre-2023\/\"},{\"@type\":\"ListItem\",\"position\":4,\"name\":\"Helene Justad &#8211; Kandidatside\"}]},{\"@type\":\"WebSite\",\"@id\":\"https:\/\/hoyre.no\/lier\/#website\",\"url\":\"https:\/\/hoyre.no\/lier\/\",\"name\":\"Lier H\u00f8yre\",\"description\":\"Bare enda et H\u00f8yres nettsteder-nettsted\",\"inLanguage\":\"nb-NO\"}]}<\/script>\n<!-- \/ Yoast SEO plugin. -->","yoast_head_json":{"title":"Helene Justad - Kandidatside - Lier H\u00f8yre","robots":{"index":"index","follow":"follow","max-snippet":"max-snippet:-1","max-image-preview":"max-image-preview:large","max-video-preview":"max-video-preview:-1"},"canonical":"https:\/\/hoyre.no\/lier\/stiller-til-valg-for-lier-hoyre-2023\/helene-justad-kandidatside\/","og_locale":"nb_NO","og_type":"article","og_title":"Helene Justad - Kandidatside - Lier H\u00f8yre","og_url":"https:\/\/hoyre.no\/lier\/stiller-til-valg-for-lier-hoyre-2023\/helene-justad-kandidatside\/","og_site_name":"Lier H\u00f8yre","article_modified_time":"2023-09-02T07:43:25+00:00","og_image":[{"width":1000,"height":1000,"url":"https:\/\/hoyre.no\/content\/uploads\/sites\/181\/2022\/11\/Hoyres-logo.png","type":"image\/png"}],"twitter_card":"summary_large_image","twitter_misc":{"Ansl. lesetid":"3 minutter"},"schema":{"@context":"https:\/\/schema.org","@graph":[{"@type":"WebPage","@id":"https:\/\/hoyre.no\/lier\/stiller-til-valg-for-lier-hoyre-2023\/helene-justad-kandidatside\/","url":"https:\/\/hoyre.no\/lier\/stiller-til-valg-for-lier-hoyre-2023\/helene-justad-kandidatside\/","name":"Helene Justad - Kandidatside - Lier H\u00f8yre","isPartOf":{"@id":"https:\/\/hoyre.no\/lier\/#website"},"datePublished":"2023-09-02T07:42:58+00:00","dateModified":"2023-09-02T07:43:25+00:00","breadcrumb":{"@id":"https:\/\/hoyre.no\/lier\/stiller-til-valg-for-lier-hoyre-2023\/helene-justad-kandidatside\/#breadcrumb"},"inLanguage":"nb-NO","potentialAction":[{"@type":"ReadAction","target":["https:\/\/hoyre.no\/lier\/stiller-til-valg-for-lier-hoyre-2023\/helene-justad-kandidatside\/"]}]},{"@type":"BreadcrumbList","@id":"https:\/\/hoyre.no\/lier\/stiller-til-valg-for-lier-hoyre-2023\/helene-justad-kandidatside\/#breadcrumb","itemListElement":[{"@type":"ListItem","position":1,"name":"Til hoyre.no","item":"https:\/\/hoyre.no"},{"@type":"ListItem","position":2,"name":"Hjem","item":"https:\/\/hoyre.no\/lier\/"},{"@type":"ListItem","position":3,"name":"Stiller til valg for Lier H\u00f8yre 2023","item":"https:\/\/hoyre.no\/lier\/stiller-til-valg-for-lier-hoyre-2023\/"},{"@type":"ListItem","position":4,"name":"Helene Justad &#8211; Kandidatside"}]},{"@type":"WebSite","@id":"https:\/\/hoyre.no\/lier\/#website","url":"https:\/\/hoyre.no\/lier\/","name":"Lier H\u00f8yre","description":"Bare enda et H\u00f8yres nettsteder-nettsted","inLanguage":"nb-NO"}]}},"distributor_meta":false,"distributor_terms":false,"distributor_media":false,"distributor_original_site_name":"Lier H\u00f8yre","distributor_original_site_url":"https:\/\/hoyre.no\/lier","push-errors":false,"_links":{"self":[{"href":"https:\/\/hoyre.no\/lier\/wp-json\/wp\/v2\/pages\/636","targetHints":{"allow":["GET"]}}],"collection":[{"href":"https:\/\/hoyre.no\/lier\/wp-json\/wp\/v2\/pages"}],"about":[{"href":"https:\/\/hoyre.no\/lier\/wp-json\/wp\/v2\/types\/page"}],"author":[{"embeddable":true,"href":"https:\/\/hoyre.no\/lier\/wp-json\/wp\/v2\/users\/25077"}],"replies":[{"embeddable":true,"href":"https:\/\/hoyre.no\/lier\/wp-json\/wp\/v2\/comments?post=636"}],"version-history":[{"count":1,"href":"https:\/\/hoyre.no\/lier\/wp-json\/wp\/v2\/pages\/636\/revisions"}],"predecessor-version":[{"id":638,"href":"https:\/\/hoyre.no\/lier\/wp-json\/wp\/v2\/pages\/636\/revisions\/638"}],"up":[{"embeddable":true,"href":"https:\/\/hoyre.no\/lier\/wp-json\/wp\/v2\/pages\/354"}],"wp:attachment":[{"href":"https:\/\/hoyre.no\/lier\/wp-json\/wp\/v2\/media?parent=636"}],"curies":[{"name":"wp","href":"https:\/\/api.w.org\/{rel}","templated":true}]}}