{"id":673,"date":"2023-09-08T20:44:39","date_gmt":"2023-09-08T18:44:39","guid":{"rendered":"https:\/\/hoyre.no\/lier\/?page_id=673"},"modified":"2023-09-08T20:45:15","modified_gmt":"2023-09-08T18:45:15","slug":"frank-yggeseth-kandidatside","status":"publish","type":"page","link":"https:\/\/hoyre.no\/lier\/stiller-til-valg-for-lier-hoyre-2023\/frank-yggeseth-kandidatside\/","title":{"rendered":"Frank Yggeseth &#8211; Kandidatside"},"content":{"rendered":"\n<div class=\"wp-block-hoyre-hero with-image-gradient text-color-light  has-media alignfull has-background\"><div class=\"hoyre-hero has-image\"><h1 class=\"title\">Frank Yggeseth<\/h1><p class=\"preamble\"><em>&laquo;H\u00f8yre er mitt parti, da individets frihet til selv \u00e5 styre over eget liv er viktig for meg. Det er ogs\u00e5 viktig at eiendomsretten skal respekteres, uten at det offentlige setter for store disponerings-begrensninger.&raquo;<\/em><\/p>\t\t\t<div class=\"post-meta wp-block teft-byline-wrapper\">\n\t\t\t\t<div class=\"top\">\n\t\t\t\t\t<div class=\"signature\">\n\t\t\t\t\t\t<div class=\"teft-byline\">\n\t\t\t\t\t\t\t\t\t\t\t\t\t\t<div>\n\t\t\t\t\t\t\t\t<h3>H\u00f8yres redaksjon<\/h3>\t\t\t\t\t\t\t\t\n\t\t\t\t\t\t\t\t\t\t\t\t\t\t\t\t\t<span class=\"date\">Sist oppdatert: 8. september 2023<\/span>\n\t\t\t\t\t\t\t\t\t\t\t\t\t\t\t\t\t\t\t\t\t\t\t\t\t<span class=\"reading-time\" itemprop=\"timeRequired\" content=\"PT2M\"><em>Ca. 2 minutter lesetid<\/em><\/span>\n\t\t\t\t\t\t\t\t\t\t\t\t\t\t\t<\/div>\n\t\t\t\t\t\t<\/div>\n\t\t\t\t\t<\/div>\n\t\t\t\t\t\t<div class=\"sharing\">\n\t\t<a class=\"share-button share-link copy-link\" data-copy=\"https:\/\/hoyre.no\/lier\/stiller-til-valg-for-lier-hoyre-2023\/frank-yggeseth-kandidatside\/\" target=\"_blank\"><span class=\"screen-reader-text\">Del link<\/span><\/a>\n\t\t<a class=\"share-button share-twitter\" href=\"http:\/\/twitter.com\/share?text=Frank Yggeseth &#8211; Kandidatside&#038;url=https:\/\/hoyre.no\/lier\/stiller-til-valg-for-lier-hoyre-2023\/frank-yggeseth-kandidatside\/&#038;hashtags=Hoyre\" target=\"_blank\"><span class=\"screen-reader-text\">Del p\u00e5 twitter<\/span><\/a>\n\t\t<a class=\"share-button share-facebook\" href=\"https:\/\/www.facebook.com\/sharer\/sharer.php?u=https:\/\/hoyre.no\/lier\/stiller-til-valg-for-lier-hoyre-2023\/frank-yggeseth-kandidatside\/\" target=\"_blank\"><span class=\"screen-reader-text\">Del p\u00e5 facebook<\/span><\/a>\n\t<\/div>\n\t\t\t\t\t<\/div>\n\t\t\t<\/div>\n\n\t\t\t<figure class=\"hoyre-image-wrapper\"><div class=\"hoyre-image\"><img loading=\"lazy\" decoding=\"async\" width=\"1739\" height=\"1304\" src=\"https:\/\/hoyre.no\/content\/uploads\/sites\/181\/2023\/09\/frank.jpg\" class=\"attachment-scaled size-scaled\" alt=\"\" style=\"object-position: 51% 38%\" srcset=\"https:\/\/hoyre.no\/content\/uploads\/sites\/181\/2023\/09\/frank.jpg 1739w, https:\/\/hoyre.no\/content\/uploads\/sites\/181\/2023\/09\/frank-300x225.jpg 300w, https:\/\/hoyre.no\/content\/uploads\/sites\/181\/2023\/09\/frank-1024x768.jpg 1024w, https:\/\/hoyre.no\/content\/uploads\/sites\/181\/2023\/09\/frank-768x576.jpg 768w, https:\/\/hoyre.no\/content\/uploads\/sites\/181\/2023\/09\/frank-1536x1152.jpg 1536w\" sizes=\"auto, (max-width: 1739px) 100vw, 1739px\" \/><\/div><\/figure><\/div><\/div>\n\n\n\n\n<p>Jeg stiller til valg for <a href=\"https:\/\/www.facebook.com\/LierHoyre?__cft__[0]=AZXUr6rz7q71y1U7yL5Gujb3D447-gndHLrRZjQcYhlHQ25NCCzGbbxKBJCiLUtlyx7c0eWSfg4LORk-K-Jfy6A-0N_RPnWaVccUOZ4fZtYCCOqGo9IBnMWNjBiJvz1PqilYO4V7I8l8_uD8Ltq9iwzRapRin5t1SGOVPl2_fnvaiSD-DIUeCIYh8fVSHQct2SY&amp;__tn__=-]K-R\">Lier H\u00f8yre<\/a>. Jeg er 61 \u00e5r, jobber som IT arkitekt og bor p\u00e5 Frydenlund.<\/p>\n\n\n\n<p>Politisk CV:<\/p>\n\n\n\n<p>Kommunestyret fra 2011 og med utvalgserfaringer som nestleder i Utvalg for Milj\u00f8 og plan 2019-2023, nestleder i Grunnskole, Barnehage og kulturutvalget 2015-2019 og varamedlem til formannskapet. Jeg har ogs\u00e5 5 \u00e5rs fartstid som leder av Lier H\u00f8yre.<\/p>\n\n\n\n<p>Mine politiske hjertesaker er<\/p>\n\n\n\n<p>&#8211; <a><\/a>Gode oppvekstvilk\u00e5r for barn og unge.<\/p>\n\n\n\n<p>&#8211; Omsorgstjenester skal v\u00e6re offentlig finansiert, om det er offentlige eller private tilbydere er underordnet, da det er den som har omsorgsbehovet som skal st\u00e5 i fokus.<\/p>\n\n\n\n<p>&#8211; Forutsigbarhet for n\u00e6ringslivet i kommunen.<\/p>\n\n\n\n<p>&#8211; \u00c5penhet i offentlige beslutningsprosesser.<\/p>\n\n\n\n<p>&#8211; Godt samspill mellom kommunen og Frivilligheten.<\/p>\n\n\n\n<p>&#8211; Kommunen skal v\u00e6re til for innbyggere og n\u00e6ringsliv.<\/p>\n\n\n\n<p>&#8211; B\u00e6rekraftig utvikling mot et kliman\u00f8ytralt samfunn.<\/p>\n\n\n\n<p>Jeg ble politisk aktiv fordi jeg er av den oppfatning at et representativt demokrati og folkestyret er den beste styreformen. For \u00e5 f\u00e5 dette til, s\u00e5 m\u00e5 mange ta et ansvar og stille seg til disposisjon som folkets ombudsmenn og -kvinner.<\/p>\n\n\n\n<p>Det er viktig at flest mulig benytter stemmeretten, slik at sammensetningen av de politiske styringsorganene er i samsvar med befolkningens \u00f8nske. Derfor er din stemme viktig!<\/p>\n\n\n\n<p>H\u00f8yre er mitt parti, da individets frihet til selv \u00e5 styre over eget liv er viktig for meg. Det er ogs\u00e5 viktig at eiendomsretten skal respekteres, uten at det offentlige setter for store disponerings-begrensninger. Jeg er ogs\u00e5 opptatt av at vi utvikler v\u00e5r velferdsstat, slik at vi sikrer en b\u00e6rekraftig finansiering b\u00e5de av de gode universielle velferdstjenestene og mer spesialiserte tjenester for de som har ekstra behov for storsamfunnets st\u00f8tte. For meg er \u00f8konomisk b\u00e6rekraftig \u00e5 skape verdiene, f\u00f8r de forbrukes.<\/p>\n\n\n\n<p>Jeg h\u00e5per p\u00e5 flest mulig H\u00f8yrestemmer. Hvis du bor i Lier og vil stemme p\u00e5 H\u00f8yre, s\u00e5 sett gjerne et ekstra kryss utenfor nummer 5. Hvis du stemmer p\u00e5 et annet parti er det fortsatt mulig \u00e5 gi meg en ekstrastemme, ved \u00e5 f\u00f8re opp navnet mitt som en \u00abslenger\u00bb.<\/p>\n\n\n\n<p>Godt valg!<\/p>\n\n","protected":false},"excerpt":{"rendered":"","protected":false},"author":25077,"featured_media":0,"parent":354,"menu_order":0,"comment_status":"closed","ping_status":"closed","template":"","meta":{"teft_cards_image_url":"","teft_cards_custom_pretitle":"","teft_cards_image_id":0,"teft_cards_image_focal_point_x":0,"teft_cards_image_focal_point_y":0,"teft_cards_title":"","teft_cards_excerpt":"","teft_show_chapters":false,"footnotes":""},"class_list":["post-673","page","type-page","status-publish","hentry"],"yoast_head":"<!-- This site is optimized with the Yoast SEO plugin v26.6 - https:\/\/yoast.com\/wordpress\/plugins\/seo\/ -->\n<title>Frank Yggeseth - Kandidatside - Lier H\u00f8yre<\/title>\n<meta name=\"robots\" content=\"index, follow, max-snippet:-1, max-image-preview:large, max-video-preview:-1\" \/>\n<link rel=\"canonical\" href=\"https:\/\/hoyre.no\/lier\/stiller-til-valg-for-lier-hoyre-2023\/frank-yggeseth-kandidatside\/\" \/>\n<meta property=\"og:locale\" content=\"nb_NO\" \/>\n<meta property=\"og:type\" content=\"article\" \/>\n<meta property=\"og:title\" content=\"Frank Yggeseth - Kandidatside - Lier H\u00f8yre\" \/>\n<meta property=\"og:url\" content=\"https:\/\/hoyre.no\/lier\/stiller-til-valg-for-lier-hoyre-2023\/frank-yggeseth-kandidatside\/\" \/>\n<meta property=\"og:site_name\" content=\"Lier H\u00f8yre\" \/>\n<meta property=\"article:modified_time\" content=\"2023-09-08T18:45:15+00:00\" \/>\n<meta property=\"og:image\" content=\"https:\/\/hoyre.no\/content\/uploads\/sites\/181\/2022\/11\/Hoyres-logo.png\" \/>\n\t<meta property=\"og:image:width\" content=\"1000\" \/>\n\t<meta property=\"og:image:height\" content=\"1000\" \/>\n\t<meta property=\"og:image:type\" content=\"image\/png\" \/>\n<meta name=\"twitter:card\" content=\"summary_large_image\" \/>\n<meta name=\"twitter:label1\" content=\"Ansl. lesetid\" \/>\n\t<meta name=\"twitter:data1\" content=\"2 minutter\" \/>\n<script type=\"application\/ld+json\" class=\"yoast-schema-graph\">{\"@context\":\"https:\/\/schema.org\",\"@graph\":[{\"@type\":\"WebPage\",\"@id\":\"https:\/\/hoyre.no\/lier\/stiller-til-valg-for-lier-hoyre-2023\/frank-yggeseth-kandidatside\/\",\"url\":\"https:\/\/hoyre.no\/lier\/stiller-til-valg-for-lier-hoyre-2023\/frank-yggeseth-kandidatside\/\",\"name\":\"Frank Yggeseth - Kandidatside - Lier H\u00f8yre\",\"isPartOf\":{\"@id\":\"https:\/\/hoyre.no\/lier\/#website\"},\"datePublished\":\"2023-09-08T18:44:39+00:00\",\"dateModified\":\"2023-09-08T18:45:15+00:00\",\"breadcrumb\":{\"@id\":\"https:\/\/hoyre.no\/lier\/stiller-til-valg-for-lier-hoyre-2023\/frank-yggeseth-kandidatside\/#breadcrumb\"},\"inLanguage\":\"nb-NO\",\"potentialAction\":[{\"@type\":\"ReadAction\",\"target\":[\"https:\/\/hoyre.no\/lier\/stiller-til-valg-for-lier-hoyre-2023\/frank-yggeseth-kandidatside\/\"]}]},{\"@type\":\"BreadcrumbList\",\"@id\":\"https:\/\/hoyre.no\/lier\/stiller-til-valg-for-lier-hoyre-2023\/frank-yggeseth-kandidatside\/#breadcrumb\",\"itemListElement\":[{\"@type\":\"ListItem\",\"position\":1,\"name\":\"Til hoyre.no\",\"item\":\"https:\/\/hoyre.no\"},{\"@type\":\"ListItem\",\"position\":2,\"name\":\"Hjem\",\"item\":\"https:\/\/hoyre.no\/lier\/\"},{\"@type\":\"ListItem\",\"position\":3,\"name\":\"Stiller til valg for Lier H\u00f8yre 2023\",\"item\":\"https:\/\/hoyre.no\/lier\/stiller-til-valg-for-lier-hoyre-2023\/\"},{\"@type\":\"ListItem\",\"position\":4,\"name\":\"Frank Yggeseth &#8211; Kandidatside\"}]},{\"@type\":\"WebSite\",\"@id\":\"https:\/\/hoyre.no\/lier\/#website\",\"url\":\"https:\/\/hoyre.no\/lier\/\",\"name\":\"Lier H\u00f8yre\",\"description\":\"Bare enda et H\u00f8yres nettsteder-nettsted\",\"inLanguage\":\"nb-NO\"}]}<\/script>\n<!-- \/ Yoast SEO plugin. -->","yoast_head_json":{"title":"Frank Yggeseth - Kandidatside - Lier H\u00f8yre","robots":{"index":"index","follow":"follow","max-snippet":"max-snippet:-1","max-image-preview":"max-image-preview:large","max-video-preview":"max-video-preview:-1"},"canonical":"https:\/\/hoyre.no\/lier\/stiller-til-valg-for-lier-hoyre-2023\/frank-yggeseth-kandidatside\/","og_locale":"nb_NO","og_type":"article","og_title":"Frank Yggeseth - Kandidatside - Lier H\u00f8yre","og_url":"https:\/\/hoyre.no\/lier\/stiller-til-valg-for-lier-hoyre-2023\/frank-yggeseth-kandidatside\/","og_site_name":"Lier H\u00f8yre","article_modified_time":"2023-09-08T18:45:15+00:00","og_image":[{"width":1000,"height":1000,"url":"https:\/\/hoyre.no\/content\/uploads\/sites\/181\/2022\/11\/Hoyres-logo.png","type":"image\/png"}],"twitter_card":"summary_large_image","twitter_misc":{"Ansl. lesetid":"2 minutter"},"schema":{"@context":"https:\/\/schema.org","@graph":[{"@type":"WebPage","@id":"https:\/\/hoyre.no\/lier\/stiller-til-valg-for-lier-hoyre-2023\/frank-yggeseth-kandidatside\/","url":"https:\/\/hoyre.no\/lier\/stiller-til-valg-for-lier-hoyre-2023\/frank-yggeseth-kandidatside\/","name":"Frank Yggeseth - Kandidatside - Lier H\u00f8yre","isPartOf":{"@id":"https:\/\/hoyre.no\/lier\/#website"},"datePublished":"2023-09-08T18:44:39+00:00","dateModified":"2023-09-08T18:45:15+00:00","breadcrumb":{"@id":"https:\/\/hoyre.no\/lier\/stiller-til-valg-for-lier-hoyre-2023\/frank-yggeseth-kandidatside\/#breadcrumb"},"inLanguage":"nb-NO","potentialAction":[{"@type":"ReadAction","target":["https:\/\/hoyre.no\/lier\/stiller-til-valg-for-lier-hoyre-2023\/frank-yggeseth-kandidatside\/"]}]},{"@type":"BreadcrumbList","@id":"https:\/\/hoyre.no\/lier\/stiller-til-valg-for-lier-hoyre-2023\/frank-yggeseth-kandidatside\/#breadcrumb","itemListElement":[{"@type":"ListItem","position":1,"name":"Til hoyre.no","item":"https:\/\/hoyre.no"},{"@type":"ListItem","position":2,"name":"Hjem","item":"https:\/\/hoyre.no\/lier\/"},{"@type":"ListItem","position":3,"name":"Stiller til valg for Lier H\u00f8yre 2023","item":"https:\/\/hoyre.no\/lier\/stiller-til-valg-for-lier-hoyre-2023\/"},{"@type":"ListItem","position":4,"name":"Frank Yggeseth &#8211; Kandidatside"}]},{"@type":"WebSite","@id":"https:\/\/hoyre.no\/lier\/#website","url":"https:\/\/hoyre.no\/lier\/","name":"Lier H\u00f8yre","description":"Bare enda et H\u00f8yres nettsteder-nettsted","inLanguage":"nb-NO"}]}},"distributor_meta":false,"distributor_terms":false,"distributor_media":false,"distributor_original_site_name":"Lier H\u00f8yre","distributor_original_site_url":"https:\/\/hoyre.no\/lier","push-errors":false,"_links":{"self":[{"href":"https:\/\/hoyre.no\/lier\/wp-json\/wp\/v2\/pages\/673","targetHints":{"allow":["GET"]}}],"collection":[{"href":"https:\/\/hoyre.no\/lier\/wp-json\/wp\/v2\/pages"}],"about":[{"href":"https:\/\/hoyre.no\/lier\/wp-json\/wp\/v2\/types\/page"}],"author":[{"embeddable":true,"href":"https:\/\/hoyre.no\/lier\/wp-json\/wp\/v2\/users\/25077"}],"replies":[{"embeddable":true,"href":"https:\/\/hoyre.no\/lier\/wp-json\/wp\/v2\/comments?post=673"}],"version-history":[{"count":1,"href":"https:\/\/hoyre.no\/lier\/wp-json\/wp\/v2\/pages\/673\/revisions"}],"predecessor-version":[{"id":675,"href":"https:\/\/hoyre.no\/lier\/wp-json\/wp\/v2\/pages\/673\/revisions\/675"}],"up":[{"embeddable":true,"href":"https:\/\/hoyre.no\/lier\/wp-json\/wp\/v2\/pages\/354"}],"wp:attachment":[{"href":"https:\/\/hoyre.no\/lier\/wp-json\/wp\/v2\/media?parent=673"}],"curies":[{"name":"wp","href":"https:\/\/api.w.org\/{rel}","templated":true}]}}