{"id":677,"date":"2023-09-08T20:54:45","date_gmt":"2023-09-08T18:54:45","guid":{"rendered":"https:\/\/hoyre.no\/lier\/?page_id=677"},"modified":"2023-09-08T20:56:09","modified_gmt":"2023-09-08T18:56:09","slug":"unni-helno-kandidatside","status":"publish","type":"page","link":"https:\/\/hoyre.no\/lier\/stiller-til-valg-for-lier-hoyre-2023\/unni-helno-kandidatside\/","title":{"rendered":"Unni Helno &#8211; kandidatside"},"content":{"rendered":"\n<div class=\"wp-block-hoyre-hero with-image-gradient text-color-light  has-media alignfull has-background\"><div class=\"hoyre-hero has-image\"><h1 class=\"title\">Unni Helno<\/h1><p class=\"preamble\"><em>&laquo;Eldreb\u00f8lgen\u00bb sl\u00e5r etter hvert innover oss, og jeg \u00f8nsker \u00e5 fors\u00f8ke \u00e5 v\u00e6re i forkant med l\u00f8sninger p\u00e5 flere niv\u00e5er som for eksempel nye boformer.&raquo;<\/em><\/p>\t\t\t<div class=\"post-meta wp-block teft-byline-wrapper\">\n\t\t\t\t<div class=\"top\">\n\t\t\t\t\t<div class=\"signature\">\n\t\t\t\t\t\t<div class=\"teft-byline\">\n\t\t\t\t\t\t\t\t\t\t\t\t\t\t<div>\n\t\t\t\t\t\t\t\t<h3>H\u00f8yres redaksjon<\/h3>\t\t\t\t\t\t\t\t\n\t\t\t\t\t\t\t\t\t\t\t\t\t\t\t\t\t<span class=\"date\">Sist oppdatert: 8. september 2023<\/span>\n\t\t\t\t\t\t\t\t\t\t\t\t\t\t\t\t\t\t\t\t\t\t\t\t\t<span class=\"reading-time\" itemprop=\"timeRequired\" content=\"PT2M\"><em>Ca. 2 minutter lesetid<\/em><\/span>\n\t\t\t\t\t\t\t\t\t\t\t\t\t\t\t<\/div>\n\t\t\t\t\t\t<\/div>\n\t\t\t\t\t<\/div>\n\t\t\t\t\t\t<div class=\"sharing\">\n\t\t<a class=\"share-button share-link copy-link\" data-copy=\"https:\/\/hoyre.no\/lier\/stiller-til-valg-for-lier-hoyre-2023\/unni-helno-kandidatside\/\" target=\"_blank\"><span class=\"screen-reader-text\">Del link<\/span><\/a>\n\t\t<a class=\"share-button share-twitter\" href=\"http:\/\/twitter.com\/share?text=Unni Helno &#8211; kandidatside&#038;url=https:\/\/hoyre.no\/lier\/stiller-til-valg-for-lier-hoyre-2023\/unni-helno-kandidatside\/&#038;hashtags=Hoyre\" target=\"_blank\"><span class=\"screen-reader-text\">Del p\u00e5 twitter<\/span><\/a>\n\t\t<a class=\"share-button share-facebook\" href=\"https:\/\/www.facebook.com\/sharer\/sharer.php?u=https:\/\/hoyre.no\/lier\/stiller-til-valg-for-lier-hoyre-2023\/unni-helno-kandidatside\/\" target=\"_blank\"><span class=\"screen-reader-text\">Del p\u00e5 facebook<\/span><\/a>\n\t<\/div>\n\t\t\t\t\t<\/div>\n\t\t\t<\/div>\n\n\t\t\t<figure class=\"hoyre-image-wrapper\"><div class=\"hoyre-image\"><img loading=\"lazy\" decoding=\"async\" width=\"1536\" height=\"2048\" src=\"https:\/\/hoyre.no\/content\/uploads\/sites\/181\/2023\/09\/Unni-Helno-1.jpg\" class=\"attachment-scaled size-scaled\" alt=\"\" style=\"object-position: 53% 42%\" srcset=\"https:\/\/hoyre.no\/content\/uploads\/sites\/181\/2023\/09\/Unni-Helno-1.jpg 1536w, https:\/\/hoyre.no\/content\/uploads\/sites\/181\/2023\/09\/Unni-Helno-1-225x300.jpg 225w, https:\/\/hoyre.no\/content\/uploads\/sites\/181\/2023\/09\/Unni-Helno-1-768x1024.jpg 768w, https:\/\/hoyre.no\/content\/uploads\/sites\/181\/2023\/09\/Unni-Helno-1-1152x1536.jpg 1152w\" sizes=\"auto, (max-width: 1536px) 100vw, 1536px\" \/><\/div><\/figure><\/div><\/div>\n\n\n\n\n<p>Jeg stiller til valg for Lier H\u00f8yre.<\/p>\n\n\n\n<p>Jeg har siste \u00e5ret bodd p\u00e5 N\u00f8ste i Lier etter \u00e5 ha v\u00e6rt Drammenser i 10 \u00e5r. I perioden 1989- 2012 bodde jeg p\u00e5 Lierskogen og satt en periode i kommunestyre p\u00e5 begynnelsen av 2000-tallet.<\/p>\n\n\n\n<p>Jeg har 3 voksne barn og 4 herlige barnebarn.<\/p>\n\n\n\n<p>Jeg har jobbet som privatpraktiserende fysioterapeut i ca 40 \u00e5r, de siste 20 \u00e5rene som privatpraktiserende psykomotorisk fysioterapeut i Lier. F\u00f8rst p\u00e5 Lierskogen og n\u00e5 p\u00e5 <a><\/a>Lierklinikken p\u00e5 Tranby, som jeg var med p\u00e5 \u00e5 danne for nesten 4 \u00e5r siden. Her jobber jeg sammen med 5 andre fysioterapeuter.<\/p>\n\n\n\n<p>Jeg jobber innen traumefeltet der jeg har en ekstrakompetanse. Jeg er generelt opptatt av \u00e5 forebygge fremfor \u00e5 reparere, da forebygging erfaringsmessig trenger mindre og enklere tiltak enn \u00e5 behandle. Samtidig kan mye lidelse unng\u00e5s.<\/p>\n\n\n\n<p>Jeg \u00f8nsker \u00e5 v\u00e6re med p\u00e5 \u00e5 fors\u00f8ke \u00e5 legge forholdene til rette for at barn og unge kan f\u00e5 en s\u00e5 god oppvekst som mulig p\u00e5 flere arenaer, men spesielt innen tematikken psykisk helse. Slik at eksempelvis mobbing, utestengning, vanskelige oppvekstforhold mm. kan reduseres ved hjelp av tiltak som kan fange dette opp p\u00e5 et tidligere stadium, og videre f\u00f8lge opp med tiltak.<\/p>\n\n\n\n<p>\u00abEldreb\u00f8lgen\u00bb sl\u00e5r etter hvert innover oss, og jeg \u00f8nsker \u00e5 fors\u00f8ke \u00e5 v\u00e6re i forkant med l\u00f8sninger p\u00e5 flere niv\u00e5er som for eksempel nye boformer.<\/p>\n\n\n\n<p>Da jeg i hele mitt 40-\u00e5rige arbeidsliv som fysioterapeut har drevet egen praksis har jeg f\u00e5tt god kjennskap til drift, \u00f8konomi og andre utfordringer og gleder innen n\u00e6ringslivets sider. Derfor jeg vil ogs\u00e5 ha fokus p\u00e5 n\u00e6ringslivet i kommunen.<\/p>\n\n\n\n<p>Som mange\u00e5rig helsearbeider er jeg naturligvis opptatt av helsepolitiske sp\u00f8rsm\u00e5l og \u00f8nsker \u00e5 v\u00e6re med p\u00e5 \u00e5 utvikle helsetilbudet til Liers befolkning.<\/p>\n\n\n\n<p>Jeg stiller til valg fordi jeg \u00f8nsker \u00e5 v\u00e6re med p\u00e5 \u00e5 b\u00e5de bevare og utvikle den flotte bygda v\u00e5r fremover.<\/p>\n\n\n\n<p>Med vennlig hilsen Unni Helno<\/p>\n\n","protected":false},"excerpt":{"rendered":"","protected":false},"author":25077,"featured_media":0,"parent":354,"menu_order":0,"comment_status":"closed","ping_status":"closed","template":"","meta":{"teft_cards_image_url":"","teft_cards_custom_pretitle":"","teft_cards_image_id":0,"teft_cards_image_focal_point_x":0,"teft_cards_image_focal_point_y":0,"teft_cards_title":"","teft_cards_excerpt":"","teft_show_chapters":false,"footnotes":""},"class_list":["post-677","page","type-page","status-publish","hentry"],"yoast_head":"<!-- This site is optimized with the Yoast SEO plugin v26.6 - https:\/\/yoast.com\/wordpress\/plugins\/seo\/ -->\n<title>Unni Helno - kandidatside - Lier H\u00f8yre<\/title>\n<meta name=\"robots\" content=\"index, follow, max-snippet:-1, max-image-preview:large, max-video-preview:-1\" \/>\n<link rel=\"canonical\" href=\"https:\/\/hoyre.no\/lier\/stiller-til-valg-for-lier-hoyre-2023\/unni-helno-kandidatside\/\" \/>\n<meta property=\"og:locale\" content=\"nb_NO\" \/>\n<meta property=\"og:type\" content=\"article\" \/>\n<meta property=\"og:title\" content=\"Unni Helno - kandidatside - Lier H\u00f8yre\" \/>\n<meta property=\"og:url\" content=\"https:\/\/hoyre.no\/lier\/stiller-til-valg-for-lier-hoyre-2023\/unni-helno-kandidatside\/\" \/>\n<meta property=\"og:site_name\" content=\"Lier H\u00f8yre\" \/>\n<meta property=\"article:modified_time\" content=\"2023-09-08T18:56:09+00:00\" \/>\n<meta property=\"og:image\" content=\"https:\/\/hoyre.no\/content\/uploads\/sites\/181\/2022\/11\/Hoyres-logo.png\" \/>\n\t<meta property=\"og:image:width\" content=\"1000\" \/>\n\t<meta property=\"og:image:height\" content=\"1000\" \/>\n\t<meta property=\"og:image:type\" content=\"image\/png\" \/>\n<meta name=\"twitter:card\" content=\"summary_large_image\" \/>\n<meta name=\"twitter:label1\" content=\"Ansl. lesetid\" \/>\n\t<meta name=\"twitter:data1\" content=\"2 minutter\" \/>\n<script type=\"application\/ld+json\" class=\"yoast-schema-graph\">{\"@context\":\"https:\/\/schema.org\",\"@graph\":[{\"@type\":\"WebPage\",\"@id\":\"https:\/\/hoyre.no\/lier\/stiller-til-valg-for-lier-hoyre-2023\/unni-helno-kandidatside\/\",\"url\":\"https:\/\/hoyre.no\/lier\/stiller-til-valg-for-lier-hoyre-2023\/unni-helno-kandidatside\/\",\"name\":\"Unni Helno - kandidatside - Lier H\u00f8yre\",\"isPartOf\":{\"@id\":\"https:\/\/hoyre.no\/lier\/#website\"},\"datePublished\":\"2023-09-08T18:54:45+00:00\",\"dateModified\":\"2023-09-08T18:56:09+00:00\",\"breadcrumb\":{\"@id\":\"https:\/\/hoyre.no\/lier\/stiller-til-valg-for-lier-hoyre-2023\/unni-helno-kandidatside\/#breadcrumb\"},\"inLanguage\":\"nb-NO\",\"potentialAction\":[{\"@type\":\"ReadAction\",\"target\":[\"https:\/\/hoyre.no\/lier\/stiller-til-valg-for-lier-hoyre-2023\/unni-helno-kandidatside\/\"]}]},{\"@type\":\"BreadcrumbList\",\"@id\":\"https:\/\/hoyre.no\/lier\/stiller-til-valg-for-lier-hoyre-2023\/unni-helno-kandidatside\/#breadcrumb\",\"itemListElement\":[{\"@type\":\"ListItem\",\"position\":1,\"name\":\"Til hoyre.no\",\"item\":\"https:\/\/hoyre.no\"},{\"@type\":\"ListItem\",\"position\":2,\"name\":\"Hjem\",\"item\":\"https:\/\/hoyre.no\/lier\/\"},{\"@type\":\"ListItem\",\"position\":3,\"name\":\"Stiller til valg for Lier H\u00f8yre 2023\",\"item\":\"https:\/\/hoyre.no\/lier\/stiller-til-valg-for-lier-hoyre-2023\/\"},{\"@type\":\"ListItem\",\"position\":4,\"name\":\"Unni Helno &#8211; kandidatside\"}]},{\"@type\":\"WebSite\",\"@id\":\"https:\/\/hoyre.no\/lier\/#website\",\"url\":\"https:\/\/hoyre.no\/lier\/\",\"name\":\"Lier H\u00f8yre\",\"description\":\"Bare enda et H\u00f8yres nettsteder-nettsted\",\"inLanguage\":\"nb-NO\"}]}<\/script>\n<!-- \/ Yoast SEO plugin. -->","yoast_head_json":{"title":"Unni Helno - kandidatside - Lier H\u00f8yre","robots":{"index":"index","follow":"follow","max-snippet":"max-snippet:-1","max-image-preview":"max-image-preview:large","max-video-preview":"max-video-preview:-1"},"canonical":"https:\/\/hoyre.no\/lier\/stiller-til-valg-for-lier-hoyre-2023\/unni-helno-kandidatside\/","og_locale":"nb_NO","og_type":"article","og_title":"Unni Helno - kandidatside - Lier H\u00f8yre","og_url":"https:\/\/hoyre.no\/lier\/stiller-til-valg-for-lier-hoyre-2023\/unni-helno-kandidatside\/","og_site_name":"Lier H\u00f8yre","article_modified_time":"2023-09-08T18:56:09+00:00","og_image":[{"width":1000,"height":1000,"url":"https:\/\/hoyre.no\/content\/uploads\/sites\/181\/2022\/11\/Hoyres-logo.png","type":"image\/png"}],"twitter_card":"summary_large_image","twitter_misc":{"Ansl. lesetid":"2 minutter"},"schema":{"@context":"https:\/\/schema.org","@graph":[{"@type":"WebPage","@id":"https:\/\/hoyre.no\/lier\/stiller-til-valg-for-lier-hoyre-2023\/unni-helno-kandidatside\/","url":"https:\/\/hoyre.no\/lier\/stiller-til-valg-for-lier-hoyre-2023\/unni-helno-kandidatside\/","name":"Unni Helno - kandidatside - Lier H\u00f8yre","isPartOf":{"@id":"https:\/\/hoyre.no\/lier\/#website"},"datePublished":"2023-09-08T18:54:45+00:00","dateModified":"2023-09-08T18:56:09+00:00","breadcrumb":{"@id":"https:\/\/hoyre.no\/lier\/stiller-til-valg-for-lier-hoyre-2023\/unni-helno-kandidatside\/#breadcrumb"},"inLanguage":"nb-NO","potentialAction":[{"@type":"ReadAction","target":["https:\/\/hoyre.no\/lier\/stiller-til-valg-for-lier-hoyre-2023\/unni-helno-kandidatside\/"]}]},{"@type":"BreadcrumbList","@id":"https:\/\/hoyre.no\/lier\/stiller-til-valg-for-lier-hoyre-2023\/unni-helno-kandidatside\/#breadcrumb","itemListElement":[{"@type":"ListItem","position":1,"name":"Til hoyre.no","item":"https:\/\/hoyre.no"},{"@type":"ListItem","position":2,"name":"Hjem","item":"https:\/\/hoyre.no\/lier\/"},{"@type":"ListItem","position":3,"name":"Stiller til valg for Lier H\u00f8yre 2023","item":"https:\/\/hoyre.no\/lier\/stiller-til-valg-for-lier-hoyre-2023\/"},{"@type":"ListItem","position":4,"name":"Unni Helno &#8211; kandidatside"}]},{"@type":"WebSite","@id":"https:\/\/hoyre.no\/lier\/#website","url":"https:\/\/hoyre.no\/lier\/","name":"Lier H\u00f8yre","description":"Bare enda et H\u00f8yres nettsteder-nettsted","inLanguage":"nb-NO"}]}},"distributor_meta":false,"distributor_terms":false,"distributor_media":false,"distributor_original_site_name":"Lier H\u00f8yre","distributor_original_site_url":"https:\/\/hoyre.no\/lier","push-errors":false,"_links":{"self":[{"href":"https:\/\/hoyre.no\/lier\/wp-json\/wp\/v2\/pages\/677","targetHints":{"allow":["GET"]}}],"collection":[{"href":"https:\/\/hoyre.no\/lier\/wp-json\/wp\/v2\/pages"}],"about":[{"href":"https:\/\/hoyre.no\/lier\/wp-json\/wp\/v2\/types\/page"}],"author":[{"embeddable":true,"href":"https:\/\/hoyre.no\/lier\/wp-json\/wp\/v2\/users\/25077"}],"replies":[{"embeddable":true,"href":"https:\/\/hoyre.no\/lier\/wp-json\/wp\/v2\/comments?post=677"}],"version-history":[{"count":1,"href":"https:\/\/hoyre.no\/lier\/wp-json\/wp\/v2\/pages\/677\/revisions"}],"predecessor-version":[{"id":679,"href":"https:\/\/hoyre.no\/lier\/wp-json\/wp\/v2\/pages\/677\/revisions\/679"}],"up":[{"embeddable":true,"href":"https:\/\/hoyre.no\/lier\/wp-json\/wp\/v2\/pages\/354"}],"wp:attachment":[{"href":"https:\/\/hoyre.no\/lier\/wp-json\/wp\/v2\/media?parent=677"}],"curies":[{"name":"wp","href":"https:\/\/api.w.org\/{rel}","templated":true}]}}