{"id":682,"date":"2023-09-08T21:04:40","date_gmt":"2023-09-08T19:04:40","guid":{"rendered":"https:\/\/hoyre.no\/lier\/?page_id=682"},"modified":"2023-09-08T21:05:11","modified_gmt":"2023-09-08T19:05:11","slug":"narve-huseby-wiker-kandidatside","status":"publish","type":"page","link":"https:\/\/hoyre.no\/lier\/stiller-til-valg-for-lier-hoyre-2023\/narve-huseby-wiker-kandidatside\/","title":{"rendered":"Narve Huseby Wiker &#8211; kandidatside"},"content":{"rendered":"\n<div class=\"wp-block-hoyre-hero with-image-gradient text-color-light  has-media alignfull has-background\"><div class=\"hoyre-hero has-image\"><h1 class=\"title\">Narve Huseby Wiker<\/h1><p class=\"preamble\"><em>&laquo;\u00c6\u2019kke \u00e5 forakte litt sundt bondevett i politikken&raquo;<\/em><\/p>\t\t\t<div class=\"post-meta wp-block teft-byline-wrapper\">\n\t\t\t\t<div class=\"top\">\n\t\t\t\t\t<div class=\"signature\">\n\t\t\t\t\t\t<div class=\"teft-byline\">\n\t\t\t\t\t\t\t\t\t\t\t\t\t\t<div>\n\t\t\t\t\t\t\t\t<h3>H\u00f8yres redaksjon<\/h3>\t\t\t\t\t\t\t\t\n\t\t\t\t\t\t\t\t\t\t\t\t\t\t\t\t\t<span class=\"date\">Sist oppdatert: 8. september 2023<\/span>\n\t\t\t\t\t\t\t\t\t\t\t\t\t\t\t\t\t\t\t\t\t\t\t\t\t<span class=\"reading-time\" itemprop=\"timeRequired\" content=\"PT1M\"><em>Ca. 1 minutter lesetid<\/em><\/span>\n\t\t\t\t\t\t\t\t\t\t\t\t\t\t\t<\/div>\n\t\t\t\t\t\t<\/div>\n\t\t\t\t\t<\/div>\n\t\t\t\t\t\t<div class=\"sharing\">\n\t\t<a class=\"share-button share-link copy-link\" data-copy=\"https:\/\/hoyre.no\/lier\/stiller-til-valg-for-lier-hoyre-2023\/narve-huseby-wiker-kandidatside\/\" target=\"_blank\"><span class=\"screen-reader-text\">Del link<\/span><\/a>\n\t\t<a class=\"share-button share-twitter\" href=\"http:\/\/twitter.com\/share?text=Narve Huseby Wiker &#8211; kandidatside&#038;url=https:\/\/hoyre.no\/lier\/stiller-til-valg-for-lier-hoyre-2023\/narve-huseby-wiker-kandidatside\/&#038;hashtags=Hoyre\" target=\"_blank\"><span class=\"screen-reader-text\">Del p\u00e5 twitter<\/span><\/a>\n\t\t<a class=\"share-button share-facebook\" href=\"https:\/\/www.facebook.com\/sharer\/sharer.php?u=https:\/\/hoyre.no\/lier\/stiller-til-valg-for-lier-hoyre-2023\/narve-huseby-wiker-kandidatside\/\" target=\"_blank\"><span class=\"screen-reader-text\">Del p\u00e5 facebook<\/span><\/a>\n\t<\/div>\n\t\t\t\t\t<\/div>\n\t\t\t<\/div>\n\n\t\t\t<figure class=\"hoyre-image-wrapper\"><div class=\"hoyre-image\"><img loading=\"lazy\" decoding=\"async\" width=\"1739\" height=\"1304\" src=\"https:\/\/hoyre.no\/content\/uploads\/sites\/181\/2023\/09\/Narve.jpg\" class=\"attachment-scaled size-scaled\" alt=\"\" style=\"object-position: 49% 18%\" srcset=\"https:\/\/hoyre.no\/content\/uploads\/sites\/181\/2023\/09\/Narve.jpg 1739w, https:\/\/hoyre.no\/content\/uploads\/sites\/181\/2023\/09\/Narve-300x225.jpg 300w, https:\/\/hoyre.no\/content\/uploads\/sites\/181\/2023\/09\/Narve-1024x768.jpg 1024w, https:\/\/hoyre.no\/content\/uploads\/sites\/181\/2023\/09\/Narve-768x576.jpg 768w, https:\/\/hoyre.no\/content\/uploads\/sites\/181\/2023\/09\/Narve-1536x1152.jpg 1536w\" sizes=\"auto, (max-width: 1739px) 100vw, 1739px\" \/><\/div><\/figure><\/div><\/div>\n\n\n\n\n<p>Jeg er pensjonert gr\u00f8nnsaksgartner, f\u00f8dt og oppvokst i Homleskauen p\u00e5 Husebysletta (der Lier Planteland er n\u00e5), men bor n\u00e5 i leilighet p\u00e5 Engersand Havn. Jeg er stolt over \u00e5 v\u00e6re med i et velorganisert kommunestyre. Tenk n\u00e5 har vi hatt H\u00f8yre-ordf\u00f8rer i 48 \u00e5r sammenhengende i Lier. V\u00e5r kommune scorer veldig h\u00f8yt p\u00e5 kommune-barometeret, s\u00e5 vi m\u00e5 jo gj\u00f8re mye riktig som blir rangert som en av de bedre kommuner \u00e5 bo i her i landet.<\/p>\n\n\n\n<p>Jeg har n\u00e5 sittet i Kommunestyret og i <a><\/a>Landbruksutvalget i en periode og har lyst til \u00e5 forsette en periode til siden jeg f\u00f8ler at min erfaring, spesielt i landbrukssp\u00f8rsm\u00e5l, kan v\u00e6re form\u00e5lstjenlig. \u00c6\u2019kke \u00e5 forakte litt sundt bondevett.<\/p>\n\n\n\n<p>Mine interesser utover landbrukspolitikk er samferdsel og ikke minst eldreomsorg med ditto frivillighet og dugnads\u00e5nd.<\/p>\n\n\n\n<p>Vil du ha meg med videre s\u00e5 sett et ekstra kryss ved siden av navnet mitt p\u00e5 stemmeseddelen, og jeg skal st\u00e5 p\u00e5 videre.<\/p>\n\n","protected":false},"excerpt":{"rendered":"","protected":false},"author":25077,"featured_media":0,"parent":354,"menu_order":0,"comment_status":"closed","ping_status":"closed","template":"","meta":{"teft_cards_image_url":"","teft_cards_custom_pretitle":"","teft_cards_image_id":0,"teft_cards_image_focal_point_x":0,"teft_cards_image_focal_point_y":0,"teft_cards_title":"","teft_cards_excerpt":"","teft_show_chapters":false,"footnotes":""},"class_list":["post-682","page","type-page","status-publish","hentry"],"yoast_head":"<!-- This site is optimized with the Yoast SEO plugin v26.6 - https:\/\/yoast.com\/wordpress\/plugins\/seo\/ -->\n<title>Narve Huseby Wiker - kandidatside - Lier H\u00f8yre<\/title>\n<meta name=\"robots\" content=\"index, follow, max-snippet:-1, max-image-preview:large, max-video-preview:-1\" \/>\n<link rel=\"canonical\" href=\"https:\/\/hoyre.no\/lier\/stiller-til-valg-for-lier-hoyre-2023\/narve-huseby-wiker-kandidatside\/\" \/>\n<meta property=\"og:locale\" content=\"nb_NO\" \/>\n<meta property=\"og:type\" content=\"article\" \/>\n<meta property=\"og:title\" content=\"Narve Huseby Wiker - kandidatside - Lier H\u00f8yre\" \/>\n<meta property=\"og:url\" content=\"https:\/\/hoyre.no\/lier\/stiller-til-valg-for-lier-hoyre-2023\/narve-huseby-wiker-kandidatside\/\" \/>\n<meta property=\"og:site_name\" content=\"Lier H\u00f8yre\" \/>\n<meta property=\"article:modified_time\" content=\"2023-09-08T19:05:11+00:00\" \/>\n<meta property=\"og:image\" content=\"https:\/\/hoyre.no\/content\/uploads\/sites\/181\/2022\/11\/Hoyres-logo.png\" \/>\n\t<meta property=\"og:image:width\" content=\"1000\" \/>\n\t<meta property=\"og:image:height\" content=\"1000\" \/>\n\t<meta property=\"og:image:type\" content=\"image\/png\" \/>\n<meta name=\"twitter:card\" content=\"summary_large_image\" \/>\n<meta name=\"twitter:label1\" content=\"Ansl. lesetid\" \/>\n\t<meta name=\"twitter:data1\" content=\"1 minutt\" \/>\n<script type=\"application\/ld+json\" class=\"yoast-schema-graph\">{\"@context\":\"https:\/\/schema.org\",\"@graph\":[{\"@type\":\"WebPage\",\"@id\":\"https:\/\/hoyre.no\/lier\/stiller-til-valg-for-lier-hoyre-2023\/narve-huseby-wiker-kandidatside\/\",\"url\":\"https:\/\/hoyre.no\/lier\/stiller-til-valg-for-lier-hoyre-2023\/narve-huseby-wiker-kandidatside\/\",\"name\":\"Narve Huseby Wiker - kandidatside - Lier H\u00f8yre\",\"isPartOf\":{\"@id\":\"https:\/\/hoyre.no\/lier\/#website\"},\"datePublished\":\"2023-09-08T19:04:40+00:00\",\"dateModified\":\"2023-09-08T19:05:11+00:00\",\"breadcrumb\":{\"@id\":\"https:\/\/hoyre.no\/lier\/stiller-til-valg-for-lier-hoyre-2023\/narve-huseby-wiker-kandidatside\/#breadcrumb\"},\"inLanguage\":\"nb-NO\",\"potentialAction\":[{\"@type\":\"ReadAction\",\"target\":[\"https:\/\/hoyre.no\/lier\/stiller-til-valg-for-lier-hoyre-2023\/narve-huseby-wiker-kandidatside\/\"]}]},{\"@type\":\"BreadcrumbList\",\"@id\":\"https:\/\/hoyre.no\/lier\/stiller-til-valg-for-lier-hoyre-2023\/narve-huseby-wiker-kandidatside\/#breadcrumb\",\"itemListElement\":[{\"@type\":\"ListItem\",\"position\":1,\"name\":\"Til hoyre.no\",\"item\":\"https:\/\/hoyre.no\"},{\"@type\":\"ListItem\",\"position\":2,\"name\":\"Hjem\",\"item\":\"https:\/\/hoyre.no\/lier\/\"},{\"@type\":\"ListItem\",\"position\":3,\"name\":\"Stiller til valg for Lier H\u00f8yre 2023\",\"item\":\"https:\/\/hoyre.no\/lier\/stiller-til-valg-for-lier-hoyre-2023\/\"},{\"@type\":\"ListItem\",\"position\":4,\"name\":\"Narve Huseby Wiker &#8211; kandidatside\"}]},{\"@type\":\"WebSite\",\"@id\":\"https:\/\/hoyre.no\/lier\/#website\",\"url\":\"https:\/\/hoyre.no\/lier\/\",\"name\":\"Lier H\u00f8yre\",\"description\":\"Bare enda et H\u00f8yres nettsteder-nettsted\",\"inLanguage\":\"nb-NO\"}]}<\/script>\n<!-- \/ Yoast SEO plugin. -->","yoast_head_json":{"title":"Narve Huseby Wiker - kandidatside - Lier H\u00f8yre","robots":{"index":"index","follow":"follow","max-snippet":"max-snippet:-1","max-image-preview":"max-image-preview:large","max-video-preview":"max-video-preview:-1"},"canonical":"https:\/\/hoyre.no\/lier\/stiller-til-valg-for-lier-hoyre-2023\/narve-huseby-wiker-kandidatside\/","og_locale":"nb_NO","og_type":"article","og_title":"Narve Huseby Wiker - kandidatside - Lier H\u00f8yre","og_url":"https:\/\/hoyre.no\/lier\/stiller-til-valg-for-lier-hoyre-2023\/narve-huseby-wiker-kandidatside\/","og_site_name":"Lier H\u00f8yre","article_modified_time":"2023-09-08T19:05:11+00:00","og_image":[{"width":1000,"height":1000,"url":"https:\/\/hoyre.no\/content\/uploads\/sites\/181\/2022\/11\/Hoyres-logo.png","type":"image\/png"}],"twitter_card":"summary_large_image","twitter_misc":{"Ansl. lesetid":"1 minutt"},"schema":{"@context":"https:\/\/schema.org","@graph":[{"@type":"WebPage","@id":"https:\/\/hoyre.no\/lier\/stiller-til-valg-for-lier-hoyre-2023\/narve-huseby-wiker-kandidatside\/","url":"https:\/\/hoyre.no\/lier\/stiller-til-valg-for-lier-hoyre-2023\/narve-huseby-wiker-kandidatside\/","name":"Narve Huseby Wiker - kandidatside - Lier H\u00f8yre","isPartOf":{"@id":"https:\/\/hoyre.no\/lier\/#website"},"datePublished":"2023-09-08T19:04:40+00:00","dateModified":"2023-09-08T19:05:11+00:00","breadcrumb":{"@id":"https:\/\/hoyre.no\/lier\/stiller-til-valg-for-lier-hoyre-2023\/narve-huseby-wiker-kandidatside\/#breadcrumb"},"inLanguage":"nb-NO","potentialAction":[{"@type":"ReadAction","target":["https:\/\/hoyre.no\/lier\/stiller-til-valg-for-lier-hoyre-2023\/narve-huseby-wiker-kandidatside\/"]}]},{"@type":"BreadcrumbList","@id":"https:\/\/hoyre.no\/lier\/stiller-til-valg-for-lier-hoyre-2023\/narve-huseby-wiker-kandidatside\/#breadcrumb","itemListElement":[{"@type":"ListItem","position":1,"name":"Til hoyre.no","item":"https:\/\/hoyre.no"},{"@type":"ListItem","position":2,"name":"Hjem","item":"https:\/\/hoyre.no\/lier\/"},{"@type":"ListItem","position":3,"name":"Stiller til valg for Lier H\u00f8yre 2023","item":"https:\/\/hoyre.no\/lier\/stiller-til-valg-for-lier-hoyre-2023\/"},{"@type":"ListItem","position":4,"name":"Narve Huseby Wiker &#8211; kandidatside"}]},{"@type":"WebSite","@id":"https:\/\/hoyre.no\/lier\/#website","url":"https:\/\/hoyre.no\/lier\/","name":"Lier H\u00f8yre","description":"Bare enda et H\u00f8yres nettsteder-nettsted","inLanguage":"nb-NO"}]}},"distributor_meta":false,"distributor_terms":false,"distributor_media":false,"distributor_original_site_name":"Lier H\u00f8yre","distributor_original_site_url":"https:\/\/hoyre.no\/lier","push-errors":false,"_links":{"self":[{"href":"https:\/\/hoyre.no\/lier\/wp-json\/wp\/v2\/pages\/682","targetHints":{"allow":["GET"]}}],"collection":[{"href":"https:\/\/hoyre.no\/lier\/wp-json\/wp\/v2\/pages"}],"about":[{"href":"https:\/\/hoyre.no\/lier\/wp-json\/wp\/v2\/types\/page"}],"author":[{"embeddable":true,"href":"https:\/\/hoyre.no\/lier\/wp-json\/wp\/v2\/users\/25077"}],"replies":[{"embeddable":true,"href":"https:\/\/hoyre.no\/lier\/wp-json\/wp\/v2\/comments?post=682"}],"version-history":[{"count":1,"href":"https:\/\/hoyre.no\/lier\/wp-json\/wp\/v2\/pages\/682\/revisions"}],"predecessor-version":[{"id":684,"href":"https:\/\/hoyre.no\/lier\/wp-json\/wp\/v2\/pages\/682\/revisions\/684"}],"up":[{"embeddable":true,"href":"https:\/\/hoyre.no\/lier\/wp-json\/wp\/v2\/pages\/354"}],"wp:attachment":[{"href":"https:\/\/hoyre.no\/lier\/wp-json\/wp\/v2\/media?parent=682"}],"curies":[{"name":"wp","href":"https:\/\/api.w.org\/{rel}","templated":true}]}}