{"id":707,"date":"2023-09-08T22:11:52","date_gmt":"2023-09-08T20:11:52","guid":{"rendered":"https:\/\/hoyre.no\/lier\/?page_id=707"},"modified":"2023-09-09T08:15:01","modified_gmt":"2023-09-09T06:15:01","slug":"lars-wiggo-stabaek-kandidatside","status":"publish","type":"page","link":"https:\/\/hoyre.no\/lier\/stiller-til-valg-for-lier-hoyre-2023\/lars-wiggo-stabaek-kandidatside\/","title":{"rendered":"Lars Wiggo Stab\u00e6k &#8211; Kandidatside"},"content":{"rendered":"\n<div class=\"wp-block-hoyre-hero with-image-gradient text-color-light  has-media alignfull has-background\"><div class=\"hoyre-hero has-image\"><h1 class=\"title\">Lars Wiggo Stab\u00e6k<\/h1><p class=\"preamble\"><em>&laquo;V\u00e5re barn og unge skal ha det bra gjennom et godt og variert tilbud, b\u00e5de p\u00e5 skolen og utenfor skolen.&raquo;<\/em><\/p>\t\t\t<div class=\"post-meta wp-block teft-byline-wrapper\">\n\t\t\t\t<div class=\"top\">\n\t\t\t\t\t<div class=\"signature\">\n\t\t\t\t\t\t<div class=\"teft-byline\">\n\t\t\t\t\t\t\t\t\t\t\t\t\t\t<div>\n\t\t\t\t\t\t\t\t<h3>H\u00f8yres redaksjon<\/h3>\t\t\t\t\t\t\t\t\n\t\t\t\t\t\t\t\t\t\t\t\t\t\t\t\t\t<span class=\"date\">Sist oppdatert: 9. september 2023<\/span>\n\t\t\t\t\t\t\t\t\t\t\t\t\t\t\t\t\t\t\t\t\t\t\t\t\t<span class=\"reading-time\" itemprop=\"timeRequired\" content=\"PT3M\"><em>Ca. 3 minutter lesetid<\/em><\/span>\n\t\t\t\t\t\t\t\t\t\t\t\t\t\t\t<\/div>\n\t\t\t\t\t\t<\/div>\n\t\t\t\t\t<\/div>\n\t\t\t\t\t\t<div class=\"sharing\">\n\t\t<a class=\"share-button share-link copy-link\" data-copy=\"https:\/\/hoyre.no\/lier\/stiller-til-valg-for-lier-hoyre-2023\/lars-wiggo-stabaek-kandidatside\/\" target=\"_blank\"><span class=\"screen-reader-text\">Del link<\/span><\/a>\n\t\t<a class=\"share-button share-twitter\" href=\"http:\/\/twitter.com\/share?text=Lars Wiggo Stab\u00e6k &#8211; Kandidatside&#038;url=https:\/\/hoyre.no\/lier\/stiller-til-valg-for-lier-hoyre-2023\/lars-wiggo-stabaek-kandidatside\/&#038;hashtags=Hoyre\" target=\"_blank\"><span class=\"screen-reader-text\">Del p\u00e5 twitter<\/span><\/a>\n\t\t<a class=\"share-button share-facebook\" href=\"https:\/\/www.facebook.com\/sharer\/sharer.php?u=https:\/\/hoyre.no\/lier\/stiller-til-valg-for-lier-hoyre-2023\/lars-wiggo-stabaek-kandidatside\/\" target=\"_blank\"><span class=\"screen-reader-text\">Del p\u00e5 facebook<\/span><\/a>\n\t<\/div>\n\t\t\t\t\t<\/div>\n\t\t\t<\/div>\n\n\t\t\t<figure class=\"hoyre-image-wrapper\"><div class=\"hoyre-image\"><img loading=\"lazy\" decoding=\"async\" width=\"526\" height=\"526\" src=\"https:\/\/hoyre.no\/content\/uploads\/sites\/181\/2023\/09\/LArs-Wiggo.jpg\" class=\"attachment-scaled size-scaled\" alt=\"\" style=\"object-position: 46% 23%\" srcset=\"https:\/\/hoyre.no\/content\/uploads\/sites\/181\/2023\/09\/LArs-Wiggo.jpg 526w, https:\/\/hoyre.no\/content\/uploads\/sites\/181\/2023\/09\/LArs-Wiggo-300x300.jpg 300w, https:\/\/hoyre.no\/content\/uploads\/sites\/181\/2023\/09\/LArs-Wiggo-150x150.jpg 150w\" sizes=\"auto, (max-width: 526px) 100vw, 526px\" \/><\/div><\/figure><\/div><\/div>\n\n\n\n\n<p>Jeg stiller til valg for <a href=\"https:\/\/www.facebook.com\/LierHoyre?__cft__[0]=AZU71XF8-f0S3k47SOWFf4_yak_W9BazKJUcsIJL2CBwZPQqayN1nuHPk9RvVLfKOGI0Wk4Rm-UUssEkT7dtURehMn7Thte-743awHq-voDMD3FKTQOLp85UYF-pR1LxlGUN09gIpkgAGgBdyJmMqp47d3UUmsPAEhcTYMVr1y2kMtCWT0td75dN_EnLm811p5w&amp;__tn__=-]K-R\">Lier H\u00f8yre<\/a> fordi jeg \u00f8nsker \u00e5 bidra til at kommunen v\u00e5r skal v\u00e6re et godt sted \u00e5 bo, vokse opp, stifte familie, arbeide og pensjonere seg.<\/p>\n\n\n\n<p>Jeg er en hobbybonde p\u00e5 51 \u00e5r fra Lierskogen med bachelor i \u00f8konomi og prosjektledelse, som snart har arbeidet 28 \u00e5r i IT bransjen som IT-arkitekt, prosjektleder, konsulentdirekt\u00f8r og daglig leder. De siste 5 \u00e5rene har jeg testet ut friheten, og ansvaret, som selvstendig n\u00e6ringsdrivende. Jeg er opptatt av <a><\/a>frivillighet, og pr\u00f8ver \u00e5 bidra s\u00e5 godt jeg kan. Har akkurat gitt meg som leder og styremedlem i Lierskogen vel og samfunnslag, for \u00e5 v\u00e6re f\u00f8rstereis i politikken.<\/p>\n\n\n\n<p>S\u00e5 hva er jeg opptatt av?<\/p>\n\n\n\n<p>Jeg er veldig engasjert i stedsutvikling, at vi har et godt sted \u00e5 bo gjennom alle faser av livet. V\u00e5re barn og unge skal ha det bra gjennom et godt og variert tilbud, b\u00e5de p\u00e5 skolen og utenfor skolen. Og vi skal ha nok barnehageplasser i v\u00e5re n\u00e6romr\u00e5der. Vi m\u00e5 fortsette \u00e5 investere i gode infrastrukturtiltak som generasjoner etter oss kan nyte godt av. Her en det en balanse\u2026 jeg setter ogs\u00e5 pris p\u00e5 det gr\u00f8nne Lier, og \u00f8nsker at v\u00e5re barn skal f\u00e5 oppleve det samme.<\/p>\n\n\n\n<p>Jeg er ogs\u00e5 opptatt av n\u00e6ringsutvikling i v\u00e5r kommune, slik at vi alle ikke er n\u00f8dt til \u00e5 pendle til nabokommuner.<\/p>\n\n\n\n<p>Det er uheldig n\u00e5r bolig og n\u00e6ring ligger for tett, slik som vi ser p\u00e5 Lierskogen i dag. Derfor kommer jeg til \u00e5 v\u00e6re spesielt interessert i den kommunedelplanen for samferdsel og trafikksikkerhet som planlegges for Lierskogen det neste \u00e5ret. Denne blir viktig for<\/p>\n\n\n\n<p>&#8211; den manglende gang- og sykkelveien til Asker<\/p>\n\n\n\n<p>&#8211; trafikkavvikling ved Kiwi og langs FV16 for\u00f8vig<\/p>\n\n\n\n<p>&#8211; av og p\u00e5kj\u00f8ringer i begge retninger p\u00e5 E18 ved Regnbuebrua<\/p>\n\n\n\n<p>&#8211; tungtransport i boligomr\u00e5der<\/p>\n\n\n\n<p>&#8211; trafikksikkerhet i n\u00e6romr\u00e5der for skole mm.<\/p>\n\n\n\n<p>&#8211; mangelfull kollektivtransport tilbud<\/p>\n\n\n\n<p>&#8211; +++<\/p>\n\n\n\n<p>Denne planen skal p\u00e5 plass f\u00f8r reguleringer av Sagvollskogen og Sivilforsvartomta.<\/p>\n\n\n\n<p>Det er nok ikke bare Lierskogen som kjenner voksesmerter i Lier. Vi m\u00e5 ha helhetlige tanker for hvordan vi utvikler bygda v\u00e5r, og gj\u00f8re v\u00e5rt beste for \u00e5 h\u00e5ndtere konsekvensene. Dette f\u00e5r vi til gjennom samarbeid p\u00e5 det politiske plan, mellom bolig og n\u00e6ring, skole og hjem, naboer imellom, og ikke minst med v\u00e5re nabokommuner.<\/p>\n\n\n\n<p>Vi politikerne i Lier m\u00e5 fortsette med det gode samarbeidet med kommunens kompetente personell, for \u00e5 skape muligheter og gode l\u00f8sninger i hele kommunen, slik som 2. plassen p\u00e5 kommunebarometeret 2022 indikerer.<\/p>\n\n\n\n<p>Og ja, vi klarer oss fint uten eiendomsskatt!<\/p>\n\n\n\n<p>Jeg setter veldig pris p\u00e5 et kryss p\u00e5 nr. 19 p\u00e5 valg seddelen. P\u00e5 forh\u00e5nd takk <img loading=\"lazy\" decoding=\"async\" height=\"16\" width=\"16\" alt=\"\ud83d\udc99\" src=\"https:\/\/static.xx.fbcdn.net\/images\/emoji.php\/v9\/t6c\/1\/16\/1f499.png\"><\/p>\n\n\n\n<p>Som Erik Bye sa: \u00abPolitikere er til for folket. N\u00e5r de slutter \u00e5 h\u00f8re hva folket mener, b\u00f8r de finne seg noe annet \u00e5 gj\u00f8re! Det f\u00f8rste politikerne b\u00f8r huske n\u00e5r de v\u00e5kner om morgenen er at de er valgt inn som folkets tjenere, ikke som folket herrer!\u00bb<\/p>\n\n\n\n<p>Godt valg!<\/p>\n\n","protected":false},"excerpt":{"rendered":"","protected":false},"author":25077,"featured_media":0,"parent":354,"menu_order":0,"comment_status":"closed","ping_status":"closed","template":"","meta":{"teft_cards_image_url":"","teft_cards_custom_pretitle":"","teft_cards_image_id":0,"teft_cards_image_focal_point_x":0,"teft_cards_image_focal_point_y":0,"teft_cards_title":"","teft_cards_excerpt":"","teft_show_chapters":false,"footnotes":""},"class_list":["post-707","page","type-page","status-publish","hentry"],"yoast_head":"<!-- This site is optimized with the Yoast SEO plugin v26.6 - https:\/\/yoast.com\/wordpress\/plugins\/seo\/ -->\n<title>Lars Wiggo Stab\u00e6k - Kandidatside - Lier H\u00f8yre<\/title>\n<meta name=\"robots\" content=\"index, follow, max-snippet:-1, max-image-preview:large, max-video-preview:-1\" \/>\n<link rel=\"canonical\" href=\"https:\/\/hoyre.no\/lier\/stiller-til-valg-for-lier-hoyre-2023\/lars-wiggo-stabaek-kandidatside\/\" \/>\n<meta property=\"og:locale\" content=\"nb_NO\" \/>\n<meta property=\"og:type\" content=\"article\" \/>\n<meta property=\"og:title\" content=\"Lars Wiggo Stab\u00e6k - Kandidatside - Lier H\u00f8yre\" \/>\n<meta property=\"og:url\" content=\"https:\/\/hoyre.no\/lier\/stiller-til-valg-for-lier-hoyre-2023\/lars-wiggo-stabaek-kandidatside\/\" \/>\n<meta property=\"og:site_name\" content=\"Lier H\u00f8yre\" \/>\n<meta property=\"article:modified_time\" content=\"2023-09-09T06:15:01+00:00\" \/>\n<meta property=\"og:image\" content=\"https:\/\/static.xx.fbcdn.net\/images\/emoji.php\/v9\/t6c\/1\/16\/1f499.png\" \/>\n<meta name=\"twitter:card\" content=\"summary_large_image\" \/>\n<meta name=\"twitter:label1\" content=\"Ansl. lesetid\" \/>\n\t<meta name=\"twitter:data1\" content=\"3 minutter\" \/>\n<script type=\"application\/ld+json\" class=\"yoast-schema-graph\">{\"@context\":\"https:\/\/schema.org\",\"@graph\":[{\"@type\":\"WebPage\",\"@id\":\"https:\/\/hoyre.no\/lier\/stiller-til-valg-for-lier-hoyre-2023\/lars-wiggo-stabaek-kandidatside\/\",\"url\":\"https:\/\/hoyre.no\/lier\/stiller-til-valg-for-lier-hoyre-2023\/lars-wiggo-stabaek-kandidatside\/\",\"name\":\"Lars Wiggo Stab\u00e6k - Kandidatside - Lier H\u00f8yre\",\"isPartOf\":{\"@id\":\"https:\/\/hoyre.no\/lier\/#website\"},\"image\":{\"@id\":\"https:\/\/hoyre.no\/lier\/stiller-til-valg-for-lier-hoyre-2023\/lars-wiggo-stabaek-kandidatside\/#primaryimage\"},\"thumbnailUrl\":\"https:\/\/static.xx.fbcdn.net\/images\/emoji.php\/v9\/t6c\/1\/16\/1f499.png\",\"datePublished\":\"2023-09-08T20:11:52+00:00\",\"dateModified\":\"2023-09-09T06:15:01+00:00\",\"breadcrumb\":{\"@id\":\"https:\/\/hoyre.no\/lier\/stiller-til-valg-for-lier-hoyre-2023\/lars-wiggo-stabaek-kandidatside\/#breadcrumb\"},\"inLanguage\":\"nb-NO\",\"potentialAction\":[{\"@type\":\"ReadAction\",\"target\":[\"https:\/\/hoyre.no\/lier\/stiller-til-valg-for-lier-hoyre-2023\/lars-wiggo-stabaek-kandidatside\/\"]}]},{\"@type\":\"ImageObject\",\"inLanguage\":\"nb-NO\",\"@id\":\"https:\/\/hoyre.no\/lier\/stiller-til-valg-for-lier-hoyre-2023\/lars-wiggo-stabaek-kandidatside\/#primaryimage\",\"url\":\"https:\/\/static.xx.fbcdn.net\/images\/emoji.php\/v9\/t6c\/1\/16\/1f499.png\",\"contentUrl\":\"https:\/\/static.xx.fbcdn.net\/images\/emoji.php\/v9\/t6c\/1\/16\/1f499.png\"},{\"@type\":\"BreadcrumbList\",\"@id\":\"https:\/\/hoyre.no\/lier\/stiller-til-valg-for-lier-hoyre-2023\/lars-wiggo-stabaek-kandidatside\/#breadcrumb\",\"itemListElement\":[{\"@type\":\"ListItem\",\"position\":1,\"name\":\"Til hoyre.no\",\"item\":\"https:\/\/hoyre.no\"},{\"@type\":\"ListItem\",\"position\":2,\"name\":\"Hjem\",\"item\":\"https:\/\/hoyre.no\/lier\/\"},{\"@type\":\"ListItem\",\"position\":3,\"name\":\"Stiller til valg for Lier H\u00f8yre 2023\",\"item\":\"https:\/\/hoyre.no\/lier\/stiller-til-valg-for-lier-hoyre-2023\/\"},{\"@type\":\"ListItem\",\"position\":4,\"name\":\"Lars Wiggo Stab\u00e6k &#8211; Kandidatside\"}]},{\"@type\":\"WebSite\",\"@id\":\"https:\/\/hoyre.no\/lier\/#website\",\"url\":\"https:\/\/hoyre.no\/lier\/\",\"name\":\"Lier H\u00f8yre\",\"description\":\"Bare enda et H\u00f8yres nettsteder-nettsted\",\"inLanguage\":\"nb-NO\"}]}<\/script>\n<!-- \/ Yoast SEO plugin. -->","yoast_head_json":{"title":"Lars Wiggo Stab\u00e6k - Kandidatside - Lier H\u00f8yre","robots":{"index":"index","follow":"follow","max-snippet":"max-snippet:-1","max-image-preview":"max-image-preview:large","max-video-preview":"max-video-preview:-1"},"canonical":"https:\/\/hoyre.no\/lier\/stiller-til-valg-for-lier-hoyre-2023\/lars-wiggo-stabaek-kandidatside\/","og_locale":"nb_NO","og_type":"article","og_title":"Lars Wiggo Stab\u00e6k - Kandidatside - Lier H\u00f8yre","og_url":"https:\/\/hoyre.no\/lier\/stiller-til-valg-for-lier-hoyre-2023\/lars-wiggo-stabaek-kandidatside\/","og_site_name":"Lier H\u00f8yre","article_modified_time":"2023-09-09T06:15:01+00:00","og_image":[{"url":"https:\/\/static.xx.fbcdn.net\/images\/emoji.php\/v9\/t6c\/1\/16\/1f499.png","type":"","width":"","height":""}],"twitter_card":"summary_large_image","twitter_misc":{"Ansl. lesetid":"3 minutter"},"schema":{"@context":"https:\/\/schema.org","@graph":[{"@type":"WebPage","@id":"https:\/\/hoyre.no\/lier\/stiller-til-valg-for-lier-hoyre-2023\/lars-wiggo-stabaek-kandidatside\/","url":"https:\/\/hoyre.no\/lier\/stiller-til-valg-for-lier-hoyre-2023\/lars-wiggo-stabaek-kandidatside\/","name":"Lars Wiggo Stab\u00e6k - Kandidatside - Lier H\u00f8yre","isPartOf":{"@id":"https:\/\/hoyre.no\/lier\/#website"},"image":{"@id":"https:\/\/hoyre.no\/lier\/stiller-til-valg-for-lier-hoyre-2023\/lars-wiggo-stabaek-kandidatside\/#primaryimage"},"thumbnailUrl":"https:\/\/static.xx.fbcdn.net\/images\/emoji.php\/v9\/t6c\/1\/16\/1f499.png","datePublished":"2023-09-08T20:11:52+00:00","dateModified":"2023-09-09T06:15:01+00:00","breadcrumb":{"@id":"https:\/\/hoyre.no\/lier\/stiller-til-valg-for-lier-hoyre-2023\/lars-wiggo-stabaek-kandidatside\/#breadcrumb"},"inLanguage":"nb-NO","potentialAction":[{"@type":"ReadAction","target":["https:\/\/hoyre.no\/lier\/stiller-til-valg-for-lier-hoyre-2023\/lars-wiggo-stabaek-kandidatside\/"]}]},{"@type":"ImageObject","inLanguage":"nb-NO","@id":"https:\/\/hoyre.no\/lier\/stiller-til-valg-for-lier-hoyre-2023\/lars-wiggo-stabaek-kandidatside\/#primaryimage","url":"https:\/\/static.xx.fbcdn.net\/images\/emoji.php\/v9\/t6c\/1\/16\/1f499.png","contentUrl":"https:\/\/static.xx.fbcdn.net\/images\/emoji.php\/v9\/t6c\/1\/16\/1f499.png"},{"@type":"BreadcrumbList","@id":"https:\/\/hoyre.no\/lier\/stiller-til-valg-for-lier-hoyre-2023\/lars-wiggo-stabaek-kandidatside\/#breadcrumb","itemListElement":[{"@type":"ListItem","position":1,"name":"Til hoyre.no","item":"https:\/\/hoyre.no"},{"@type":"ListItem","position":2,"name":"Hjem","item":"https:\/\/hoyre.no\/lier\/"},{"@type":"ListItem","position":3,"name":"Stiller til valg for Lier H\u00f8yre 2023","item":"https:\/\/hoyre.no\/lier\/stiller-til-valg-for-lier-hoyre-2023\/"},{"@type":"ListItem","position":4,"name":"Lars Wiggo Stab\u00e6k &#8211; Kandidatside"}]},{"@type":"WebSite","@id":"https:\/\/hoyre.no\/lier\/#website","url":"https:\/\/hoyre.no\/lier\/","name":"Lier H\u00f8yre","description":"Bare enda et H\u00f8yres nettsteder-nettsted","inLanguage":"nb-NO"}]}},"distributor_meta":false,"distributor_terms":false,"distributor_media":false,"distributor_original_site_name":"Lier H\u00f8yre","distributor_original_site_url":"https:\/\/hoyre.no\/lier","push-errors":false,"_links":{"self":[{"href":"https:\/\/hoyre.no\/lier\/wp-json\/wp\/v2\/pages\/707","targetHints":{"allow":["GET"]}}],"collection":[{"href":"https:\/\/hoyre.no\/lier\/wp-json\/wp\/v2\/pages"}],"about":[{"href":"https:\/\/hoyre.no\/lier\/wp-json\/wp\/v2\/types\/page"}],"author":[{"embeddable":true,"href":"https:\/\/hoyre.no\/lier\/wp-json\/wp\/v2\/users\/25077"}],"replies":[{"embeddable":true,"href":"https:\/\/hoyre.no\/lier\/wp-json\/wp\/v2\/comments?post=707"}],"version-history":[{"count":2,"href":"https:\/\/hoyre.no\/lier\/wp-json\/wp\/v2\/pages\/707\/revisions"}],"predecessor-version":[{"id":711,"href":"https:\/\/hoyre.no\/lier\/wp-json\/wp\/v2\/pages\/707\/revisions\/711"}],"up":[{"embeddable":true,"href":"https:\/\/hoyre.no\/lier\/wp-json\/wp\/v2\/pages\/354"}],"wp:attachment":[{"href":"https:\/\/hoyre.no\/lier\/wp-json\/wp\/v2\/media?parent=707"}],"curies":[{"name":"wp","href":"https:\/\/api.w.org\/{rel}","templated":true}]}}