{"id":115,"date":"2023-05-02T12:44:59","date_gmt":"2023-05-02T10:44:59","guid":{"rendered":"https:\/\/hoyre.no\/lillehammer\/?page_id=115"},"modified":"2023-08-21T14:08:02","modified_gmt":"2023-08-21T12:08:02","slug":"politikk","status":"publish","type":"page","link":"https:\/\/hoyre.no\/lillehammer\/politikk\/","title":{"rendered":"Politikk"},"content":{"rendered":"\n<div class=\"wp-block-hoyre-hero with-image-gradient text-color-light  alignfull has-background\"><div class=\"hoyre-hero \"><h1 class=\"title\">Politikk<\/h1><p class=\"preamble\">H\u00f8yre er opptatt av god, langsiktig \u00f8konomistyring som gir trygghet for helsetjenester, kvalitet i skolen og trygge arbeidsplasser.<br><br>H\u00f8yre er partiet for mangfold. Vi er opptatt av at mennesker skal kunne velge selv, kunne velge forskjellig og kunne v\u00e6re forskjellig.<br><br>H\u00f8yre vil skape muligheter for alle \u2013 for absolutt alle, og setter mennesket foran systemet. Det betyr at det er dine og alle andre menneskers muligheter og behov som er i fokus for oss.<br><br>H\u00f8yre vil videref\u00f8re og videreutvikle den norske modellen \u2013 en blandings\u00f8konomi hvor offentlige og private akt\u00f8rer og sivilsamfunnet samarbeider om \u00e5 gj\u00f8re samfunnet best mulig for alle.<br><br>H\u00f8yre er et av de to st\u00f8rste partiene i Norge. <br>Erna Solberg er H\u00f8yres partileder og Hans Olav Sundf\u00f8r er  v\u00e5r ordf\u00f8rerkandidat i Lillehammer.<\/p><\/div><\/div>\n\n\n\n<div class=\"wp-block-hoyre-banner alignwide undefined\"><div class=\"banner-inner\"><figure class=\"hoyre-image-wrapper\"><div class=\"hoyre-image\"><img loading=\"lazy\" decoding=\"async\" width=\"2500\" height=\"1875\" src=\"https:\/\/hoyre.no\/content\/uploads\/sites\/72\/2023\/05\/hos5-scaled.jpg\" class=\"attachment-scaled size-scaled\" alt=\"Hans Olav Sundf\u00f8r\" style=\"object-position: 50% 50%\" srcset=\"https:\/\/hoyre.no\/content\/uploads\/sites\/72\/2023\/05\/hos5-scaled.jpg 2500w, https:\/\/hoyre.no\/content\/uploads\/sites\/72\/2023\/05\/hos5-300x225.jpg 300w, https:\/\/hoyre.no\/content\/uploads\/sites\/72\/2023\/05\/hos5-1024x768.jpg 1024w, https:\/\/hoyre.no\/content\/uploads\/sites\/72\/2023\/05\/hos5-768x576.jpg 768w, https:\/\/hoyre.no\/content\/uploads\/sites\/72\/2023\/05\/hos5-1536x1152.jpg 1536w, https:\/\/hoyre.no\/content\/uploads\/sites\/72\/2023\/05\/hos5-2048x1536.jpg 2048w\" sizes=\"auto, (max-width: 2500px) 100vw, 2500px\" \/><\/div><\/figure><div class=\"banner-content\"><div class=\"entry-content\">\n<h2 class=\"wp-block-heading\">10 gode grunner til \u00e5 stemme H\u00f8yre i Lillehammer<\/h2>\n\n\n\n<p><\/p>\n\n\n\n<div class=\"wp-block-buttons is-layout-flex wp-block-buttons-is-layout-flex\">\n<div class=\"wp-block-button\"><a class=\"wp-block-button__link\" href=\"https:\/\/hoyre.no\/lillehammer\/politikk\/__trashed\/\">les mer<\/a><\/div>\n<\/div>\n<\/div><\/div><\/div><\/div>\n\n\n\n\n<div class=\"wp-block-teft-file alignwide icon-link-block\"><a href=\"https:\/\/hoyre.no\/content\/uploads\/sites\/72\/2023\/07\/Valgprogram-for-Lillehammer-Hoyre-2023-2027.pdf\" download><span class=\"file-title\">Valgprogram for Lillehammer H\u00f8yre 2023 &#8211; 2027<\/span><span class=\"file-name\">Valgprogram-for-Lillehammer-Hoyre-2023-2027.pdf [34.2kb]<\/span><\/a><\/div>\n\n\n\n\n<figure class=\"wp-block-image alignwide size-full\"><img loading=\"lazy\" decoding=\"async\" width=\"843\" height=\"825\" src=\"https:\/\/hoyre.no\/content\/uploads\/sites\/72\/2023\/05\/hos-erna.jpg\" alt=\"\" class=\"wp-image-140\" srcset=\"https:\/\/hoyre.no\/content\/uploads\/sites\/72\/2023\/05\/hos-erna.jpg 843w, https:\/\/hoyre.no\/content\/uploads\/sites\/72\/2023\/05\/hos-erna-300x294.jpg 300w, https:\/\/hoyre.no\/content\/uploads\/sites\/72\/2023\/05\/hos-erna-768x752.jpg 768w\" sizes=\"auto, (max-width: 843px) 100vw, 843px\" \/><figcaption>Lillehammer H\u00f8yres ordf\u00f8rerkandidat Hans Olav Sundf\u00f8r og H\u00f8yres partileder Erna Solberg<\/figcaption><\/figure>\n\n\n","protected":false},"excerpt":{"rendered":"","protected":false},"author":28039,"featured_media":0,"parent":0,"menu_order":0,"comment_status":"closed","ping_status":"closed","template":"","meta":{"teft_cards_image_url":"","teft_cards_custom_pretitle":"","teft_cards_image_id":0,"teft_cards_image_focal_point_x":0,"teft_cards_image_focal_point_y":0,"teft_cards_title":"","teft_cards_excerpt":"","teft_show_chapters":false,"footnotes":""},"class_list":["post-115","page","type-page","status-publish","hentry"],"yoast_head":"<!-- This site is optimized with the Yoast SEO plugin v26.6 - https:\/\/yoast.com\/wordpress\/plugins\/seo\/ -->\n<title>Politikk - Lillehammer H\u00f8yre<\/title>\n<meta name=\"robots\" content=\"index, follow, max-snippet:-1, max-image-preview:large, max-video-preview:-1\" \/>\n<link rel=\"canonical\" href=\"https:\/\/hoyre.no\/lillehammer\/politikk\/\" \/>\n<meta property=\"og:locale\" content=\"nb_NO\" \/>\n<meta property=\"og:type\" content=\"article\" \/>\n<meta property=\"og:title\" content=\"Politikk - Lillehammer H\u00f8yre\" \/>\n<meta property=\"og:url\" content=\"https:\/\/hoyre.no\/lillehammer\/politikk\/\" \/>\n<meta property=\"og:site_name\" content=\"Lillehammer H\u00f8yre\" \/>\n<meta property=\"article:modified_time\" content=\"2023-08-21T12:08:02+00:00\" \/>\n<meta property=\"og:image\" content=\"https:\/\/hoyre.no\/content\/uploads\/sites\/72\/2023\/05\/hos-erna.jpg\" \/>\n<meta name=\"twitter:card\" content=\"summary_large_image\" \/>\n<meta name=\"twitter:label1\" content=\"Ansl. lesetid\" \/>\n\t<meta name=\"twitter:data1\" content=\"2 minutter\" \/>\n<script type=\"application\/ld+json\" class=\"yoast-schema-graph\">{\"@context\":\"https:\/\/schema.org\",\"@graph\":[{\"@type\":\"WebPage\",\"@id\":\"https:\/\/hoyre.no\/lillehammer\/politikk\/\",\"url\":\"https:\/\/hoyre.no\/lillehammer\/politikk\/\",\"name\":\"Politikk - Lillehammer H\u00f8yre\",\"isPartOf\":{\"@id\":\"https:\/\/hoyre.no\/lillehammer\/#website\"},\"image\":{\"@id\":\"https:\/\/hoyre.no\/lillehammer\/politikk\/#primaryimage\"},\"thumbnailUrl\":\"https:\/\/hoyre.no\/content\/uploads\/sites\/72\/2023\/05\/hos-erna.jpg\",\"datePublished\":\"2023-05-02T10:44:59+00:00\",\"dateModified\":\"2023-08-21T12:08:02+00:00\",\"breadcrumb\":{\"@id\":\"https:\/\/hoyre.no\/lillehammer\/politikk\/#breadcrumb\"},\"inLanguage\":\"nb-NO\",\"potentialAction\":[{\"@type\":\"ReadAction\",\"target\":[\"https:\/\/hoyre.no\/lillehammer\/politikk\/\"]}]},{\"@type\":\"ImageObject\",\"inLanguage\":\"nb-NO\",\"@id\":\"https:\/\/hoyre.no\/lillehammer\/politikk\/#primaryimage\",\"url\":\"https:\/\/hoyre.no\/content\/uploads\/sites\/72\/2023\/05\/hos-erna.jpg\",\"contentUrl\":\"https:\/\/hoyre.no\/content\/uploads\/sites\/72\/2023\/05\/hos-erna.jpg\"},{\"@type\":\"BreadcrumbList\",\"@id\":\"https:\/\/hoyre.no\/lillehammer\/politikk\/#breadcrumb\",\"itemListElement\":[{\"@type\":\"ListItem\",\"position\":1,\"name\":\"Til hoyre.no\",\"item\":\"https:\/\/hoyre.no\"},{\"@type\":\"ListItem\",\"position\":2,\"name\":\"Hjem\",\"item\":\"https:\/\/hoyre.no\/lillehammer\/\"},{\"@type\":\"ListItem\",\"position\":3,\"name\":\"Politikk\"}]},{\"@type\":\"WebSite\",\"@id\":\"https:\/\/hoyre.no\/lillehammer\/#website\",\"url\":\"https:\/\/hoyre.no\/lillehammer\/\",\"name\":\"Lillehammer H\u00f8yre\",\"description\":\"Bare enda et H\u00f8yres nettsteder-nettsted\",\"inLanguage\":\"nb-NO\"}]}<\/script>\n<!-- \/ Yoast SEO plugin. -->","yoast_head_json":{"title":"Politikk - Lillehammer H\u00f8yre","robots":{"index":"index","follow":"follow","max-snippet":"max-snippet:-1","max-image-preview":"max-image-preview:large","max-video-preview":"max-video-preview:-1"},"canonical":"https:\/\/hoyre.no\/lillehammer\/politikk\/","og_locale":"nb_NO","og_type":"article","og_title":"Politikk - Lillehammer H\u00f8yre","og_url":"https:\/\/hoyre.no\/lillehammer\/politikk\/","og_site_name":"Lillehammer H\u00f8yre","article_modified_time":"2023-08-21T12:08:02+00:00","og_image":[{"url":"https:\/\/hoyre.no\/content\/uploads\/sites\/72\/2023\/05\/hos-erna.jpg","type":"","width":"","height":""}],"twitter_card":"summary_large_image","twitter_misc":{"Ansl. lesetid":"2 minutter"},"schema":{"@context":"https:\/\/schema.org","@graph":[{"@type":"WebPage","@id":"https:\/\/hoyre.no\/lillehammer\/politikk\/","url":"https:\/\/hoyre.no\/lillehammer\/politikk\/","name":"Politikk - Lillehammer H\u00f8yre","isPartOf":{"@id":"https:\/\/hoyre.no\/lillehammer\/#website"},"image":{"@id":"https:\/\/hoyre.no\/lillehammer\/politikk\/#primaryimage"},"thumbnailUrl":"https:\/\/hoyre.no\/content\/uploads\/sites\/72\/2023\/05\/hos-erna.jpg","datePublished":"2023-05-02T10:44:59+00:00","dateModified":"2023-08-21T12:08:02+00:00","breadcrumb":{"@id":"https:\/\/hoyre.no\/lillehammer\/politikk\/#breadcrumb"},"inLanguage":"nb-NO","potentialAction":[{"@type":"ReadAction","target":["https:\/\/hoyre.no\/lillehammer\/politikk\/"]}]},{"@type":"ImageObject","inLanguage":"nb-NO","@id":"https:\/\/hoyre.no\/lillehammer\/politikk\/#primaryimage","url":"https:\/\/hoyre.no\/content\/uploads\/sites\/72\/2023\/05\/hos-erna.jpg","contentUrl":"https:\/\/hoyre.no\/content\/uploads\/sites\/72\/2023\/05\/hos-erna.jpg"},{"@type":"BreadcrumbList","@id":"https:\/\/hoyre.no\/lillehammer\/politikk\/#breadcrumb","itemListElement":[{"@type":"ListItem","position":1,"name":"Til hoyre.no","item":"https:\/\/hoyre.no"},{"@type":"ListItem","position":2,"name":"Hjem","item":"https:\/\/hoyre.no\/lillehammer\/"},{"@type":"ListItem","position":3,"name":"Politikk"}]},{"@type":"WebSite","@id":"https:\/\/hoyre.no\/lillehammer\/#website","url":"https:\/\/hoyre.no\/lillehammer\/","name":"Lillehammer H\u00f8yre","description":"Bare enda et H\u00f8yres nettsteder-nettsted","inLanguage":"nb-NO"}]}},"distributor_meta":false,"distributor_terms":false,"distributor_media":false,"distributor_original_site_name":"Lillehammer H\u00f8yre","distributor_original_site_url":"https:\/\/hoyre.no\/lillehammer","push-errors":false,"_links":{"self":[{"href":"https:\/\/hoyre.no\/lillehammer\/wp-json\/wp\/v2\/pages\/115","targetHints":{"allow":["GET"]}}],"collection":[{"href":"https:\/\/hoyre.no\/lillehammer\/wp-json\/wp\/v2\/pages"}],"about":[{"href":"https:\/\/hoyre.no\/lillehammer\/wp-json\/wp\/v2\/types\/page"}],"author":[{"embeddable":true,"href":"https:\/\/hoyre.no\/lillehammer\/wp-json\/wp\/v2\/users\/28039"}],"replies":[{"embeddable":true,"href":"https:\/\/hoyre.no\/lillehammer\/wp-json\/wp\/v2\/comments?post=115"}],"version-history":[{"count":11,"href":"https:\/\/hoyre.no\/lillehammer\/wp-json\/wp\/v2\/pages\/115\/revisions"}],"predecessor-version":[{"id":351,"href":"https:\/\/hoyre.no\/lillehammer\/wp-json\/wp\/v2\/pages\/115\/revisions\/351"}],"wp:attachment":[{"href":"https:\/\/hoyre.no\/lillehammer\/wp-json\/wp\/v2\/media?parent=115"}],"curies":[{"name":"wp","href":"https:\/\/api.w.org\/{rel}","templated":true}]}}