{"id":357,"date":"2023-09-06T16:54:27","date_gmt":"2023-09-06T14:54:27","guid":{"rendered":"https:\/\/hoyre.no\/lillehammer\/?page_id=357"},"modified":"2023-09-07T22:23:01","modified_gmt":"2023-09-07T20:23:01","slug":"eldreomsorg-i-lillehammer-kommune","status":"publish","type":"page","link":"https:\/\/hoyre.no\/lillehammer\/eldreomsorg-i-lillehammer-kommune\/","title":{"rendered":"Eldreomsorg i Lillehammer kommune"},"content":{"rendered":"\n<div class=\"wp-block-hoyre-hero with-image-gradient text-color-light  has-media alignfull has-background\"><div class=\"hoyre-hero has-image\"><h1 class=\"title\">Slik vil H\u00f8yre l\u00f8se utfordringene i eldreomsorgen <\/h1><p class=\"preamble\">\u00a0<\/p>\t\t\t<div class=\"post-meta wp-block teft-byline-wrapper\">\n\t\t\t\t<div class=\"top\">\n\t\t\t\t\t<div class=\"signature\">\n\t\t\t\t\t\t<div class=\"teft-byline\">\n\t\t\t\t\t\t\t\t\t\t\t\t\t\t<div>\n\t\t\t\t\t\t\t\t<h3>H\u00f8yres redaksjon<\/h3>\t\t\t\t\t\t\t\t\n\t\t\t\t\t\t\t\t\t\t\t\t\t\t\t\t\t<span class=\"date\">Sist oppdatert: 7. september 2023<\/span>\n\t\t\t\t\t\t\t\t\t\t\t\t\t\t\t\t\t\t\t\t\t\t\t\t\t<span class=\"reading-time\" itemprop=\"timeRequired\" content=\"PT4M\"><em>Ca. 4 minutter lesetid<\/em><\/span>\n\t\t\t\t\t\t\t\t\t\t\t\t\t\t\t<\/div>\n\t\t\t\t\t\t<\/div>\n\t\t\t\t\t<\/div>\n\t\t\t\t\t\t<div class=\"sharing\">\n\t\t<a class=\"share-button share-link copy-link\" data-copy=\"https:\/\/hoyre.no\/lillehammer\/eldreomsorg-i-lillehammer-kommune\/\" target=\"_blank\"><span class=\"screen-reader-text\">Del link<\/span><\/a>\n\t\t<a class=\"share-button share-twitter\" href=\"http:\/\/twitter.com\/share?text=Eldreomsorg i Lillehammer kommune&#038;url=https:\/\/hoyre.no\/lillehammer\/eldreomsorg-i-lillehammer-kommune\/&#038;hashtags=Hoyre\" target=\"_blank\"><span class=\"screen-reader-text\">Del p\u00e5 twitter<\/span><\/a>\n\t\t<a class=\"share-button share-facebook\" href=\"https:\/\/www.facebook.com\/sharer\/sharer.php?u=https:\/\/hoyre.no\/lillehammer\/eldreomsorg-i-lillehammer-kommune\/\" target=\"_blank\"><span class=\"screen-reader-text\">Del p\u00e5 facebook<\/span><\/a>\n\t<\/div>\n\t\t\t\t\t<\/div>\n\t\t\t<\/div>\n\n\t\t\t<figure class=\"hoyre-image-wrapper\"><div class=\"hoyre-image\"><img loading=\"lazy\" decoding=\"async\" width=\"2500\" height=\"1668\" src=\"https:\/\/hoyre.no\/content\/uploads\/sites\/72\/2023\/05\/GettyImages-1165371469-scaled.jpg\" class=\"attachment-scaled size-scaled\" alt=\"\" style=\"object-position: 48% 28.999999999999996%\" srcset=\"https:\/\/hoyre.no\/content\/uploads\/sites\/72\/2023\/05\/GettyImages-1165371469-scaled.jpg 2500w, https:\/\/hoyre.no\/content\/uploads\/sites\/72\/2023\/05\/GettyImages-1165371469-300x200.jpg 300w, https:\/\/hoyre.no\/content\/uploads\/sites\/72\/2023\/05\/GettyImages-1165371469-1024x683.jpg 1024w, https:\/\/hoyre.no\/content\/uploads\/sites\/72\/2023\/05\/GettyImages-1165371469-768x512.jpg 768w, https:\/\/hoyre.no\/content\/uploads\/sites\/72\/2023\/05\/GettyImages-1165371469-1536x1025.jpg 1536w, https:\/\/hoyre.no\/content\/uploads\/sites\/72\/2023\/05\/GettyImages-1165371469-2048x1367.jpg 2048w\" sizes=\"auto, (max-width: 2500px) 100vw, 2500px\" \/><\/div><\/figure><\/div><\/div>\n\n\n\n\n<h3 class=\"wp-block-heading\">Behovet for mer tilpasset omsorg og behandling av eldre \u00f8ker. Det er ofte de grunnleggende behovene som svikter i eldreomsorgen: Mat, aktivitet, fellesskap og sammenhengen i tjenestene.\u00a0Disse utfordringene vil H\u00f8yre l\u00f8se.<\/h3>\n\n\n\n<p>Eldre som mottar tjenester skal oppleve trygghet, trivsel og kvalitet i tjenestene. En viktig forutsetning for at eldre kan bo hjemme lengst mulig, er en god hjemmetjeneste. Sykehjem skal ikke bare v\u00e6re et oppholdssted for behandling og pleie, men ogs\u00e5 et sted for aktivitet og fellesskap.\u00a0<\/p>\n\n\n\n<figure class=\"wp-block-image size-medium\"><img loading=\"lazy\" decoding=\"async\" width=\"300\" height=\"200\" src=\"https:\/\/hoyre.no\/content\/uploads\/sites\/72\/2023\/05\/GettyImages-508626849-1-300x200.jpg\" alt=\"\" class=\"wp-image-183\" srcset=\"https:\/\/hoyre.no\/content\/uploads\/sites\/72\/2023\/05\/GettyImages-508626849-1-300x200.jpg 300w, https:\/\/hoyre.no\/content\/uploads\/sites\/72\/2023\/05\/GettyImages-508626849-1-1024x683.jpg 1024w, https:\/\/hoyre.no\/content\/uploads\/sites\/72\/2023\/05\/GettyImages-508626849-1-768x512.jpg 768w, https:\/\/hoyre.no\/content\/uploads\/sites\/72\/2023\/05\/GettyImages-508626849-1-1536x1024.jpg 1536w, https:\/\/hoyre.no\/content\/uploads\/sites\/72\/2023\/05\/GettyImages-508626849-1-2048x1365.jpg 2048w\" sizes=\"auto, (max-width: 300px) 100vw, 300px\" \/><figcaption>Aktivitet og fellesskap er viktig.<\/figcaption><\/figure>\n\n\n\n<p>H\u00f8yre vil skape et mer sammenhengende tjenestetilbud til eldre og deres p\u00e5r\u00f8rende. M\u00e5let er \u00e5 gi eldre \u00f8kt trygghet og forutsigbarhet gjennom pasientforl\u00f8p og overganger mellom eget hjem, sykehus og sykehjem.\u00a0<\/p>\n\n\n\n<p><strong>En omlegging m\u00e5 til<\/strong><br>Behovet for helsetjenester til eldre vil doble seg i l\u00f8pet av noen ti\u00e5r, og omleggingen til et aldersvennlig samfunn er den st\u00f8rste utfordringen kommunene st\u00e5r overfor.<\/p>\n\n\n\n<p>For \u00e5 f\u00e5 til dette m\u00e5 vi b\u00e5de bruke en st\u00f8rre andel av samfunnets ressurser p\u00e5 helsetjenester, og vi m\u00e5 jobbe for \u00e5 f\u00e5 mer ut av hver krone. Vi m\u00e5 b\u00e5de ha flere ansatte i helsetjenestene og bli flinkere til \u00e5 bruke ny teknologi. Helsepersonellkommisjonen viste at det ikke er mulig \u00e5 dekke behovet for helsetjenester i fremtiden hvis vi gj\u00f8r det p\u00e5 samme m\u00e5te som i dag.<\/p>\n\n\n\n<p><strong>Det vil koste mye penger<\/strong><br>Lillehammer kommune vil ha et investeringsbehov som er stipulert til 1,6 milliarder kroner. Dette er bare den direkte investeringen i helse- og skolebygg. Totalt er det nok et mye st\u00f8rre investeringsbehov for \u00e5 f\u00e5 et aldersvennlig samfunn. Og investeringskostnaden er bare en begrenset del av utfordringen.<\/p>\n\n\n\n<p><strong>Dette vil Lillehammer H\u00f8yre gj\u00f8re<\/strong>:<br>I kommende periode skal vi gjennomf\u00f8re en rekke tiltak som skal bidra til st\u00f8rre kapasitet, bedre kvalitet og bedre \u00f8konomi i helsetjenestene. <\/p>\n\n\n\n<ul class=\"wp-block-list\"><li>Vi skal ferdigstille en helhetlig oppbyggingsplan for helsetjenestene i Lillehammer, og vi skal begynne oppbygging av tjenestene. <\/li><li>Vi skal starte etablering av flere HDO- og institusjonsplasser. <\/li><li>Vi skal gi bedre st\u00f8tte og avlastning til p\u00e5r\u00f8rende, slik at det blir mulig \u00e5 v\u00e6re gode omsorgspersoner over tid. <\/li><li>Vi skal etablere et godt samarbeid med private akt\u00f8rer og nabokommuner for \u00e5 sikre at kommunen alltid har tilgang p\u00e5 tilstrekkelig kapasitet. <\/li><li>Vi kommer til \u00e5 \u00f8ke grunnbemanningen i helse og omsorgstjenestene. <\/li><li>Vi skal gjennomf\u00f8re et ledelses- og arbeidsmilj\u00f8prosjekt med sikte p\u00e5 \u00e5 beholde flere ansatte og redusere sykefrav\u00e6ret. <\/li><li>Vi skal fortsette satsingen p\u00e5 etter- og videreutdanning av ansatte. <\/li><li>Vi skal g\u00e5 gjennom helseteknologisatsingen for \u00e5 finne ut hvordan vi kan f\u00e5 resultater raskere. <\/li><li>Vi skal g\u00e5 gjennom kvalitetssikringssystemet og sikre at det fungerer med bakgrunn i tilsynsrapportene. <\/li><li>Vi skal legge til rette for boliger som det er enkelt \u00e5 bo i og med inkluderte tjenester \u2013 s\u00e5kalte plussboliger. <\/li><li>Vi skal lage en <a href=\"https:\/\/hoyre.no\/content\/uploads\/2022\/09\/Aldersvennlig-samfunn-2.pdf\" target=\"_blank\" rel=\"noreferrer noopener\">plan for et aldersvennlig samfunn<\/a>.<\/li><\/ul>\n\n\n\n<figure class=\"wp-block-image size-large\"><img loading=\"lazy\" decoding=\"async\" width=\"1024\" height=\"683\" src=\"https:\/\/hoyre.no\/content\/uploads\/sites\/72\/2023\/05\/GettyImages-512098822-1024x683.jpg\" alt=\"\" class=\"wp-image-189\" srcset=\"https:\/\/hoyre.no\/content\/uploads\/sites\/72\/2023\/05\/GettyImages-512098822-1024x683.jpg 1024w, https:\/\/hoyre.no\/content\/uploads\/sites\/72\/2023\/05\/GettyImages-512098822-300x200.jpg 300w, https:\/\/hoyre.no\/content\/uploads\/sites\/72\/2023\/05\/GettyImages-512098822-768x512.jpg 768w, https:\/\/hoyre.no\/content\/uploads\/sites\/72\/2023\/05\/GettyImages-512098822-1536x1024.jpg 1536w, https:\/\/hoyre.no\/content\/uploads\/sites\/72\/2023\/05\/GettyImages-512098822-2048x1365.jpg 2048w\" sizes=\"auto, (max-width: 1024px) 100vw, 1024px\" \/><figcaption>Vi m\u00e5 \u00f8ke grunnbemanningen i helse og omsorgstjenestene.<\/figcaption><\/figure>\n\n\n\n<p><strong>Nye m\u00e5ter og alternativer<\/strong><br>Kommunen utf\u00f8rer i dag prim\u00e6rt lovp\u00e5lagte oppgaver. Vi kan i liten grad slutte \u00e5 utf\u00f8re disse oppgavene. Vi skal fortsette \u00e5 se etter un\u00f8dvendige oppgaver, men det vil ikke v\u00e6re nok til \u00e5 dekke behovet. Det blir viktigere \u00e5 se etter rimelige m\u00e5ter \u00e5 l\u00f8se oppgavene p\u00e5 \u2013 b\u00e5de helse og \u00f8vrige oppgaver. Lillehammer kommunes h\u00f8ye gjeld skyldes at vi for ofte har valgt dyre l\u00f8sninger uten \u00e5 se etter alternativer. Lillehammer H\u00f8yre vil systematisk se etter rimelige og gode m\u00e5ter \u00e5 l\u00f8se kommunens oppgaver, og velge de l\u00f8sningene som gir best tjenester for de pengene vi har. I \u00e5rets budsjett gjennomf\u00f8rte vi et mindre kutt i administrasjon \u2013 det tilsvarer at vi ogs\u00e5 m\u00e5 l\u00f8se administrative oppgaver mest mulig effektivt. Vi har ogs\u00e5 systematisk foresl\u00e5tt \u00e5 utrede rimeligere alternativer ved tidligere investeringer.<\/p>\n\n\n\n<p><strong>En helhetlig plan<\/strong><br>Det er en kjent problemstilling at alle kommuner, ogs\u00e5 Lillehammer, st\u00e5r foran store investeringer og framtidige \u00f8kende omkostninger knyttet til eldreb\u00f8lgen. <\/p>\n\n\n\n<p>&#8211; Lillehammer H\u00f8yre har over flere \u00e5r arbeidet for \u00e5 f\u00e5 en helhetlig investeringsplan for helse og skole. Grunnlaget for denne planen f\u00e5r vi n\u00e5 til h\u00f8sten. Det er vi glad for, selv om vi gjerne skulle hatt den f\u00f8r, sier Lillehammer H\u00f8yres ordf\u00f8rerkandidat, Hans Olav Sundf\u00f8r. <\/p>\n\n\n\n<p>Den endelige konkretiseringen av prosjekter og l\u00f8sninger kommer i denne planen. Lillehammer H\u00f8yre fikk ogs\u00e5 flertall for at alle alternativer skulle utredes, b\u00e5de de rent offentlige, og de som benytter private l\u00f8sninger. Det gj\u00f8r det mulig for \u00e5 velge de beste l\u00f8sningene.<\/p>\n\n\n\n<figure class=\"wp-block-image size-large\"><img loading=\"lazy\" decoding=\"async\" width=\"1024\" height=\"719\" src=\"https:\/\/hoyre.no\/content\/uploads\/sites\/72\/2023\/09\/hans-olav-sundfor-1024x719.png\" alt=\"Hans Olav Sundf\u00f8r\" class=\"wp-image-359\" srcset=\"https:\/\/hoyre.no\/content\/uploads\/sites\/72\/2023\/09\/hans-olav-sundfor-1024x719.png 1024w, https:\/\/hoyre.no\/content\/uploads\/sites\/72\/2023\/09\/hans-olav-sundfor-300x211.png 300w, https:\/\/hoyre.no\/content\/uploads\/sites\/72\/2023\/09\/hans-olav-sundfor-768x539.png 768w, https:\/\/hoyre.no\/content\/uploads\/sites\/72\/2023\/09\/hans-olav-sundfor.png 1260w\" sizes=\"auto, (max-width: 1024px) 100vw, 1024px\" \/><figcaption>Ordf\u00f8rerkandidat for Lillehammer H\u00f8yre, Hans Olav Sundf\u00f8r er innstilt p\u00e5 \u00e5 l\u00f8fte eldreomsorgen i Lillehammer kommune.<\/figcaption><\/figure>\n\n\n\n\n<div class=\"wp-block-hoyre-banner alignwide undefined\"><div class=\"banner-inner\"><figure class=\"hoyre-image-wrapper\"><div class=\"hoyre-image\"><img loading=\"lazy\" decoding=\"async\" width=\"2405\" height=\"2500\" src=\"https:\/\/hoyre.no\/content\/uploads\/sites\/72\/2022\/02\/IMG_3750-scaled.jpg\" class=\"attachment-scaled size-scaled\" alt=\"\" style=\"object-position: 50% 50%\" srcset=\"https:\/\/hoyre.no\/content\/uploads\/sites\/72\/2022\/02\/IMG_3750-scaled.jpg 2405w, https:\/\/hoyre.no\/content\/uploads\/sites\/72\/2022\/02\/IMG_3750-289x300.jpg 289w, https:\/\/hoyre.no\/content\/uploads\/sites\/72\/2022\/02\/IMG_3750-985x1024.jpg 985w, https:\/\/hoyre.no\/content\/uploads\/sites\/72\/2022\/02\/IMG_3750-768x798.jpg 768w, https:\/\/hoyre.no\/content\/uploads\/sites\/72\/2022\/02\/IMG_3750-1478x1536.jpg 1478w, https:\/\/hoyre.no\/content\/uploads\/sites\/72\/2022\/02\/IMG_3750-1970x2048.jpg 1970w\" sizes=\"auto, (max-width: 2405px) 100vw, 2405px\" \/><\/div><\/figure><div class=\"banner-content\"><div class=\"entry-content\">\n<h2 class=\"wp-block-heading\">10 grunner til \u00e5 stemme H\u00f8yre i Lillehammer<\/h2>\n\n\n\n<div class=\"wp-block-buttons is-layout-flex wp-block-buttons-is-layout-flex\">\n<div class=\"wp-block-button\"><a class=\"wp-block-button__link\" href=\"https:\/\/hoyre.no\/lillehammer\/politikk\/__trashed\/\">Les mer<\/a><\/div>\n<\/div>\n<\/div><\/div><\/div><\/div>\n","protected":false},"excerpt":{"rendered":"","protected":false},"author":28039,"featured_media":0,"parent":0,"menu_order":0,"comment_status":"closed","ping_status":"closed","template":"","meta":{"teft_cards_image_url":"","teft_cards_custom_pretitle":"","teft_cards_image_id":0,"teft_cards_image_focal_point_x":0,"teft_cards_image_focal_point_y":0,"teft_cards_title":"","teft_cards_excerpt":"","teft_show_chapters":false,"footnotes":""},"class_list":["post-357","page","type-page","status-publish","hentry"],"yoast_head":"<!-- This site is optimized with the Yoast SEO plugin v26.6 - https:\/\/yoast.com\/wordpress\/plugins\/seo\/ -->\n<title>Eldreomsorg i Lillehammer kommune - Lillehammer H\u00f8yre<\/title>\n<meta name=\"description\" content=\"H\u00f8yre vil skape et mer sammenhengende tjenestetilbud til eldre og deres p\u00e5r\u00f8rende i Lillehammer kommune. M\u00e5let er \u00e5 gi eldre \u00f8kt trygghet og forutsigbarhet gjennom pasientforl\u00f8p og overganger mellom eget hjem, sykehus og sykehjem.\" \/>\n<meta name=\"robots\" content=\"index, follow, max-snippet:-1, max-image-preview:large, max-video-preview:-1\" \/>\n<link rel=\"canonical\" href=\"https:\/\/hoyre.no\/lillehammer\/eldreomsorg-i-lillehammer-kommune\/\" \/>\n<meta property=\"og:locale\" content=\"nb_NO\" \/>\n<meta property=\"og:type\" content=\"article\" \/>\n<meta property=\"og:title\" content=\"Eldreomsorg i Lillehammer kommune - Lillehammer H\u00f8yre\" \/>\n<meta property=\"og:description\" content=\"H\u00f8yre vil skape et mer sammenhengende tjenestetilbud til eldre og deres p\u00e5r\u00f8rende i Lillehammer kommune. M\u00e5let er \u00e5 gi eldre \u00f8kt trygghet og forutsigbarhet gjennom pasientforl\u00f8p og overganger mellom eget hjem, sykehus og sykehjem.\" \/>\n<meta property=\"og:url\" content=\"https:\/\/hoyre.no\/lillehammer\/eldreomsorg-i-lillehammer-kommune\/\" \/>\n<meta property=\"og:site_name\" content=\"Lillehammer H\u00f8yre\" \/>\n<meta property=\"article:modified_time\" content=\"2023-09-07T20:23:01+00:00\" \/>\n<meta property=\"og:image\" content=\"https:\/\/hoyre.no\/content\/uploads\/sites\/72\/2023\/05\/GettyImages-508626849-1-300x200.jpg\" \/>\n<meta name=\"twitter:card\" content=\"summary_large_image\" \/>\n<meta name=\"twitter:label1\" content=\"Ansl. lesetid\" \/>\n\t<meta name=\"twitter:data1\" content=\"5 minutter\" \/>\n<script type=\"application\/ld+json\" class=\"yoast-schema-graph\">{\"@context\":\"https:\/\/schema.org\",\"@graph\":[{\"@type\":\"WebPage\",\"@id\":\"https:\/\/hoyre.no\/lillehammer\/eldreomsorg-i-lillehammer-kommune\/\",\"url\":\"https:\/\/hoyre.no\/lillehammer\/eldreomsorg-i-lillehammer-kommune\/\",\"name\":\"Eldreomsorg i Lillehammer kommune - Lillehammer H\u00f8yre\",\"isPartOf\":{\"@id\":\"https:\/\/hoyre.no\/lillehammer\/#website\"},\"image\":{\"@id\":\"https:\/\/hoyre.no\/lillehammer\/eldreomsorg-i-lillehammer-kommune\/#primaryimage\"},\"thumbnailUrl\":\"https:\/\/hoyre.no\/content\/uploads\/sites\/72\/2023\/05\/GettyImages-508626849-1-300x200.jpg\",\"datePublished\":\"2023-09-06T14:54:27+00:00\",\"dateModified\":\"2023-09-07T20:23:01+00:00\",\"description\":\"H\u00f8yre vil skape et mer sammenhengende tjenestetilbud til eldre og deres p\u00e5r\u00f8rende i Lillehammer kommune. M\u00e5let er \u00e5 gi eldre \u00f8kt trygghet og forutsigbarhet gjennom pasientforl\u00f8p og overganger mellom eget hjem, sykehus og sykehjem.\",\"breadcrumb\":{\"@id\":\"https:\/\/hoyre.no\/lillehammer\/eldreomsorg-i-lillehammer-kommune\/#breadcrumb\"},\"inLanguage\":\"nb-NO\",\"potentialAction\":[{\"@type\":\"ReadAction\",\"target\":[\"https:\/\/hoyre.no\/lillehammer\/eldreomsorg-i-lillehammer-kommune\/\"]}]},{\"@type\":\"ImageObject\",\"inLanguage\":\"nb-NO\",\"@id\":\"https:\/\/hoyre.no\/lillehammer\/eldreomsorg-i-lillehammer-kommune\/#primaryimage\",\"url\":\"https:\/\/hoyre.no\/content\/uploads\/sites\/72\/2023\/05\/GettyImages-508626849-1-300x200.jpg\",\"contentUrl\":\"https:\/\/hoyre.no\/content\/uploads\/sites\/72\/2023\/05\/GettyImages-508626849-1-300x200.jpg\"},{\"@type\":\"BreadcrumbList\",\"@id\":\"https:\/\/hoyre.no\/lillehammer\/eldreomsorg-i-lillehammer-kommune\/#breadcrumb\",\"itemListElement\":[{\"@type\":\"ListItem\",\"position\":1,\"name\":\"Til hoyre.no\",\"item\":\"https:\/\/hoyre.no\"},{\"@type\":\"ListItem\",\"position\":2,\"name\":\"Hjem\",\"item\":\"https:\/\/hoyre.no\/lillehammer\/\"},{\"@type\":\"ListItem\",\"position\":3,\"name\":\"Eldreomsorg i Lillehammer kommune\"}]},{\"@type\":\"WebSite\",\"@id\":\"https:\/\/hoyre.no\/lillehammer\/#website\",\"url\":\"https:\/\/hoyre.no\/lillehammer\/\",\"name\":\"Lillehammer H\u00f8yre\",\"description\":\"Bare enda et H\u00f8yres nettsteder-nettsted\",\"inLanguage\":\"nb-NO\"}]}<\/script>\n<!-- \/ Yoast SEO plugin. -->","yoast_head_json":{"title":"Eldreomsorg i Lillehammer kommune - Lillehammer H\u00f8yre","description":"H\u00f8yre vil skape et mer sammenhengende tjenestetilbud til eldre og deres p\u00e5r\u00f8rende i Lillehammer kommune. M\u00e5let er \u00e5 gi eldre \u00f8kt trygghet og forutsigbarhet gjennom pasientforl\u00f8p og overganger mellom eget hjem, sykehus og sykehjem.","robots":{"index":"index","follow":"follow","max-snippet":"max-snippet:-1","max-image-preview":"max-image-preview:large","max-video-preview":"max-video-preview:-1"},"canonical":"https:\/\/hoyre.no\/lillehammer\/eldreomsorg-i-lillehammer-kommune\/","og_locale":"nb_NO","og_type":"article","og_title":"Eldreomsorg i Lillehammer kommune - Lillehammer H\u00f8yre","og_description":"H\u00f8yre vil skape et mer sammenhengende tjenestetilbud til eldre og deres p\u00e5r\u00f8rende i Lillehammer kommune. M\u00e5let er \u00e5 gi eldre \u00f8kt trygghet og forutsigbarhet gjennom pasientforl\u00f8p og overganger mellom eget hjem, sykehus og sykehjem.","og_url":"https:\/\/hoyre.no\/lillehammer\/eldreomsorg-i-lillehammer-kommune\/","og_site_name":"Lillehammer H\u00f8yre","article_modified_time":"2023-09-07T20:23:01+00:00","og_image":[{"url":"https:\/\/hoyre.no\/content\/uploads\/sites\/72\/2023\/05\/GettyImages-508626849-1-300x200.jpg","type":"","width":"","height":""}],"twitter_card":"summary_large_image","twitter_misc":{"Ansl. lesetid":"5 minutter"},"schema":{"@context":"https:\/\/schema.org","@graph":[{"@type":"WebPage","@id":"https:\/\/hoyre.no\/lillehammer\/eldreomsorg-i-lillehammer-kommune\/","url":"https:\/\/hoyre.no\/lillehammer\/eldreomsorg-i-lillehammer-kommune\/","name":"Eldreomsorg i Lillehammer kommune - Lillehammer H\u00f8yre","isPartOf":{"@id":"https:\/\/hoyre.no\/lillehammer\/#website"},"image":{"@id":"https:\/\/hoyre.no\/lillehammer\/eldreomsorg-i-lillehammer-kommune\/#primaryimage"},"thumbnailUrl":"https:\/\/hoyre.no\/content\/uploads\/sites\/72\/2023\/05\/GettyImages-508626849-1-300x200.jpg","datePublished":"2023-09-06T14:54:27+00:00","dateModified":"2023-09-07T20:23:01+00:00","description":"H\u00f8yre vil skape et mer sammenhengende tjenestetilbud til eldre og deres p\u00e5r\u00f8rende i Lillehammer kommune. M\u00e5let er \u00e5 gi eldre \u00f8kt trygghet og forutsigbarhet gjennom pasientforl\u00f8p og overganger mellom eget hjem, sykehus og sykehjem.","breadcrumb":{"@id":"https:\/\/hoyre.no\/lillehammer\/eldreomsorg-i-lillehammer-kommune\/#breadcrumb"},"inLanguage":"nb-NO","potentialAction":[{"@type":"ReadAction","target":["https:\/\/hoyre.no\/lillehammer\/eldreomsorg-i-lillehammer-kommune\/"]}]},{"@type":"ImageObject","inLanguage":"nb-NO","@id":"https:\/\/hoyre.no\/lillehammer\/eldreomsorg-i-lillehammer-kommune\/#primaryimage","url":"https:\/\/hoyre.no\/content\/uploads\/sites\/72\/2023\/05\/GettyImages-508626849-1-300x200.jpg","contentUrl":"https:\/\/hoyre.no\/content\/uploads\/sites\/72\/2023\/05\/GettyImages-508626849-1-300x200.jpg"},{"@type":"BreadcrumbList","@id":"https:\/\/hoyre.no\/lillehammer\/eldreomsorg-i-lillehammer-kommune\/#breadcrumb","itemListElement":[{"@type":"ListItem","position":1,"name":"Til hoyre.no","item":"https:\/\/hoyre.no"},{"@type":"ListItem","position":2,"name":"Hjem","item":"https:\/\/hoyre.no\/lillehammer\/"},{"@type":"ListItem","position":3,"name":"Eldreomsorg i Lillehammer kommune"}]},{"@type":"WebSite","@id":"https:\/\/hoyre.no\/lillehammer\/#website","url":"https:\/\/hoyre.no\/lillehammer\/","name":"Lillehammer H\u00f8yre","description":"Bare enda et H\u00f8yres nettsteder-nettsted","inLanguage":"nb-NO"}]}},"distributor_meta":false,"distributor_terms":false,"distributor_media":false,"distributor_original_site_name":"Lillehammer H\u00f8yre","distributor_original_site_url":"https:\/\/hoyre.no\/lillehammer","push-errors":false,"_links":{"self":[{"href":"https:\/\/hoyre.no\/lillehammer\/wp-json\/wp\/v2\/pages\/357","targetHints":{"allow":["GET"]}}],"collection":[{"href":"https:\/\/hoyre.no\/lillehammer\/wp-json\/wp\/v2\/pages"}],"about":[{"href":"https:\/\/hoyre.no\/lillehammer\/wp-json\/wp\/v2\/types\/page"}],"author":[{"embeddable":true,"href":"https:\/\/hoyre.no\/lillehammer\/wp-json\/wp\/v2\/users\/28039"}],"replies":[{"embeddable":true,"href":"https:\/\/hoyre.no\/lillehammer\/wp-json\/wp\/v2\/comments?post=357"}],"version-history":[{"count":12,"href":"https:\/\/hoyre.no\/lillehammer\/wp-json\/wp\/v2\/pages\/357\/revisions"}],"predecessor-version":[{"id":414,"href":"https:\/\/hoyre.no\/lillehammer\/wp-json\/wp\/v2\/pages\/357\/revisions\/414"}],"wp:attachment":[{"href":"https:\/\/hoyre.no\/lillehammer\/wp-json\/wp\/v2\/media?parent=357"}],"curies":[{"name":"wp","href":"https:\/\/api.w.org\/{rel}","templated":true}]}}