{"id":121,"date":"2023-05-27T14:17:07","date_gmt":"2023-05-27T12:17:07","guid":{"rendered":"https:\/\/hoyre.no\/lillesand\/?page_id=121"},"modified":"2023-05-30T12:44:58","modified_gmt":"2023-05-30T10:44:58","slug":"einar-holmer-hover-var-ordforerkandidat","status":"publish","type":"page","link":"https:\/\/hoyre.no\/lillesand\/einar-holmer-hover-var-ordforerkandidat\/","title":{"rendered":"Einar Holmer-Hoven \u2013 v\u00e5r ordf\u00f8rerkandidat"},"content":{"rendered":"\n<div class=\"wp-block-hoyre-hero with-image-gradient text-color-light  has-media alignfull has-background\"><div class=\"hoyre-hero has-image\"><h1 class=\"title\">Bli kjent med <br>Einar<\/h1><p class=\"preamble\">Lillesand H\u00f8yres ordf\u00f8rerkandidat<\/p>\t\t\t<div class=\"post-meta wp-block teft-byline-wrapper\">\n\t\t\t\t<div class=\"top\">\n\t\t\t\t\t<div class=\"signature\">\n\t\t\t\t\t\t<div class=\"teft-byline\">\n\t\t\t\t\t\t\t\t\t\t\t\t\t\t<div>\n\t\t\t\t\t\t\t\t<h3>H\u00f8yres redaksjon<\/h3>\t\t\t\t\t\t\t\t\n\t\t\t\t\t\t\t\t\t\t\t\t\t\t\t\t\t<span class=\"date\">Sist oppdatert: 30. mai 2023<\/span>\n\t\t\t\t\t\t\t\t\t\t\t\t\t\t\t\t\t\t\t\t\t\t\t\t\t<span class=\"reading-time\" itemprop=\"timeRequired\" content=\"PT4M\"><em>Ca. 4 minutter lesetid<\/em><\/span>\n\t\t\t\t\t\t\t\t\t\t\t\t\t\t\t<\/div>\n\t\t\t\t\t\t<\/div>\n\t\t\t\t\t<\/div>\n\t\t\t\t\t\t<div class=\"sharing\">\n\t\t<a class=\"share-button share-link copy-link\" data-copy=\"https:\/\/hoyre.no\/lillesand\/einar-holmer-hover-var-ordforerkandidat\/\" target=\"_blank\"><span class=\"screen-reader-text\">Del link<\/span><\/a>\n\t\t<a class=\"share-button share-twitter\" href=\"http:\/\/twitter.com\/share?text=Einar Holmer-Hoven \u2013 v\u00e5r ordf\u00f8rerkandidat&#038;url=https:\/\/hoyre.no\/lillesand\/einar-holmer-hover-var-ordforerkandidat\/&#038;hashtags=Hoyre\" target=\"_blank\"><span class=\"screen-reader-text\">Del p\u00e5 twitter<\/span><\/a>\n\t\t<a class=\"share-button share-facebook\" href=\"https:\/\/www.facebook.com\/sharer\/sharer.php?u=https:\/\/hoyre.no\/lillesand\/einar-holmer-hover-var-ordforerkandidat\/\" target=\"_blank\"><span class=\"screen-reader-text\">Del p\u00e5 facebook<\/span><\/a>\n\t<\/div>\n\t\t\t\t\t<\/div>\n\t\t\t<\/div>\n\n\t\t\t<figure class=\"hoyre-image-wrapper\"><div class=\"hoyre-image\"><img loading=\"lazy\" decoding=\"async\" width=\"2500\" height=\"2500\" src=\"https:\/\/hoyre.no\/content\/uploads\/sites\/27\/2023\/05\/IMG_0174-scaled.jpeg\" class=\"attachment-scaled size-scaled\" alt=\"\" style=\"object-position: 50% 50%\" srcset=\"https:\/\/hoyre.no\/content\/uploads\/sites\/27\/2023\/05\/IMG_0174-scaled.jpeg 2500w, https:\/\/hoyre.no\/content\/uploads\/sites\/27\/2023\/05\/IMG_0174-300x300.jpeg 300w, https:\/\/hoyre.no\/content\/uploads\/sites\/27\/2023\/05\/IMG_0174-1024x1024.jpeg 1024w, https:\/\/hoyre.no\/content\/uploads\/sites\/27\/2023\/05\/IMG_0174-150x150.jpeg 150w, https:\/\/hoyre.no\/content\/uploads\/sites\/27\/2023\/05\/IMG_0174-768x768.jpeg 768w, https:\/\/hoyre.no\/content\/uploads\/sites\/27\/2023\/05\/IMG_0174-1536x1536.jpeg 1536w, https:\/\/hoyre.no\/content\/uploads\/sites\/27\/2023\/05\/IMG_0174-2048x2048.jpeg 2048w\" sizes=\"auto, (max-width: 2500px) 100vw, 2500px\" \/><\/div><\/figure><\/div><\/div>\n\n\n\n\n<div class=\"wp-block-buttons is-content-justification-center is-layout-flex wp-container-core-buttons-is-layout-16018d1d wp-block-buttons-is-layout-flex\">\n<div class=\"wp-block-button\"><a class=\"wp-block-button__link\" href=\"https:\/\/hoyre.no\/nyhetsbrev\/\">abonner p\u00e5 h\u00f8yres nyhetsbrev<\/a><\/div>\n\n\n\n<div class=\"wp-block-button\"><a class=\"wp-block-button__link\" href=\"https:\/\/www.facebook.com\/holmerhoven\">f\u00f8lg einar p\u00e5 facebook<\/a><\/div>\n\n\n\n<div class=\"wp-block-button\"><a class=\"wp-block-button__link\" href=\"https:\/\/www.facebook.com\/LillesandHoyre\">f\u00f8lg lillesand h\u00f8yre p\u00e5 facebook<\/a><\/div>\n<\/div>\n\n\n\n<div class=\"wp-block-hoyre-banner undefined has-icon-title icon-heart is-style-blue\"><div class=\"banner-inner\"><div class=\"banner-content\"><div class=\"entry-content\">\n<h2 class=\"has-text-align-center wp-block-heading\" id=\"h-bli-bedre-kjent-med-navn\">Bli bedre kjent med Einar!<\/h2>\n\n\n\n<p class=\"has-text-align-left\"><strong>Alder:<\/strong> 51 \u00e5r<\/p>\n\n\n\n<p class=\"has-text-align-left\"><strong>Bosted:<\/strong> Luntevika i Lillesand<\/p>\n\n\n\n<p class=\"has-text-align-left\"><strong>Sivilstatus:<\/strong> Bor sammen med min s\u00f8nn p\u00e5 16 \u00e5r<\/p>\n\n\n\n<p class=\"has-text-align-left\"><strong>Jobb:<\/strong> Ordf\u00f8rer<\/p>\n\n\n\n<p class=\"has-text-align-left\"><strong>Bakgrunn:<\/strong> Oppvokst p\u00e5 M\u00f8glestu, g\u00e5tt p\u00e5 Brentemoen skole, Fagertun ungdomsskole og M\u00f8glestu videreg\u00e5ende, og jobbet som seniorr\u00e5dgiver i Skattedirektoratet f\u00f8r jeg ble ordf\u00f8rer. Jeg har ogs\u00e5 v\u00e6rt leder av LIL i 3 \u00e5r.<\/p>\n\n\n\n<p class=\"has-text-align-left\"><strong>Politisk erfaring:<\/strong> 16 \u00e5r i bystyret, 4 \u00e5r i planutvalget, 8 \u00e5r i formannskapet, 8 \u00e5r som gruppeleder i H\u00f8yre, 4 \u00e5r som ordf\u00f8rer.<\/p>\n\n\n\n<p class=\"has-text-align-left\"><strong>Hvorfor er H\u00f8yre rett parti for deg?<\/strong> I tillegg til at jeg deler mange av H\u00f8yres verdier, har H\u00f8yre for meg st\u00e5tt for en trygg og stabil styring av kommunen. Lillesand er et godt sted \u00e5 vokse opp og bli gammel i.<\/p>\n\n\n\n<p class=\"has-text-align-left\"><strong>Det er l\u00f8rdag, klokka n\u00e6rmer seg 19.00. Hva spiser du helst til middag?<\/strong> Jeg elsker \u00e5 lage mat. S\u00e5 det kan v\u00e6re s\u00e5 mye. En l\u00f8rdag kveld tenker jeg biff med hasselbackpoteter og r\u00f8dvinssaus passer bra.<\/p>\n\n\n\n<p class=\"has-text-align-left\"><strong>Konsert eller idrettsarrangement?<\/strong> Konsert, med mindre det er en viktig fotballkamp.<\/p>\n\n\n\n<p class=\"has-text-align-left\"><strong>Hvis du skulle valgt en, hva er din favorittartist?<\/strong> Oj, den var vanskelig. N\u00e5r Pink Floyd spilles p\u00e5 radioen, slapper jeg alltid veldig godt av. S\u00e5 jeg tenker det m\u00e5 v\u00e6re Pink Floyd.<\/p>\n\n\n\n<p class=\"has-text-align-left\"><strong>Funfact?<\/strong> Jeg har hatt eget radioprogram p\u00e5 Radio L.<\/p>\n\n\n\n<p class=\"has-text-align-left\"><strong>Hva er din favorittplass i kommunen og utenfor kommunen?<\/strong>&nbsp;M\u00f8glestu og sentrum. P\u00e5 M\u00f8glestu med barndomshjemmet, husmorskolen, Vestre Moland og M\u00f8glestuhallen har jeg mine barndomsminner. Ellers bruker jeg sentrum mye og pr\u00f8ver \u00e5 ta en spasertur i sentrum hver dag. Jeg liker \u00e5 reise mye. Og Polen har mange fine byer. S\u00e5 Krakow er h\u00f8yt oppe p\u00e5 listen utenfor kommunen.<\/p>\n\n\n\n<div class=\"wp-block-buttons is-layout-flex wp-block-buttons-is-layout-flex\"><\/div>\n<\/div><\/div><\/div><\/div>\n\n\n\n<div class=\"wp-block-teft-accentuated-link undefined has-image\"><div class=\"kf-link__wrapper\"><div class=\"kf-link__tagline\"><\/div><a class=\"kf-link__link\" href=\"https:\/\/hoyre.no\/personprofiler\/einar-holmer-hoven\/\" rel=\"noreferrer noopener\" target=\"_blank\">Kom i kontakt med Einar Holmer-Hoven<span class=\"kf-link__link-source\">hoyre.no<\/span><\/a><\/div><figure class=\"hoyre-image-wrapper\"><div class=\"hoyre-image\"><img loading=\"lazy\" decoding=\"async\" width=\"1667\" height=\"2500\" src=\"https:\/\/hoyre.no\/content\/uploads\/sites\/27\/2023\/05\/IMG_0178-scaled.jpeg\" class=\"attachment-scaled size-scaled\" alt=\"\" style=\"object-position: 52% 49%\" srcset=\"https:\/\/hoyre.no\/content\/uploads\/sites\/27\/2023\/05\/IMG_0178-scaled.jpeg 1667w, https:\/\/hoyre.no\/content\/uploads\/sites\/27\/2023\/05\/IMG_0178-200x300.jpeg 200w, https:\/\/hoyre.no\/content\/uploads\/sites\/27\/2023\/05\/IMG_0178-683x1024.jpeg 683w, https:\/\/hoyre.no\/content\/uploads\/sites\/27\/2023\/05\/IMG_0178-768x1152.jpeg 768w, https:\/\/hoyre.no\/content\/uploads\/sites\/27\/2023\/05\/IMG_0178-1024x1536.jpeg 1024w, https:\/\/hoyre.no\/content\/uploads\/sites\/27\/2023\/05\/IMG_0178-1365x2048.jpeg 1365w\" sizes=\"auto, (max-width: 1667px) 100vw, 1667px\" \/><\/div><\/figure><\/div>\n\n\n\n<figure class=\"wp-block-teft-gallery columns-3 count-4 rows-2 is-cropped\"><ul class=\"teft-gallery-grid\"><li class=\"teft-gallery-item \"><figure><a href=\"https:\/\/hoyre.no\/content\/uploads\/sites\/27\/2023\/05\/Einar-og-Erna-2.jpg\" data-size=\"2048x1455\"><img loading=\"lazy\" decoding=\"async\" width=\"1024\" height=\"728\" src=\"https:\/\/hoyre.no\/content\/uploads\/sites\/27\/2023\/05\/Einar-og-Erna-2-1024x728.jpg\" class=\"attachment-large size-large\" alt=\"\" srcset=\"https:\/\/hoyre.no\/content\/uploads\/sites\/27\/2023\/05\/Einar-og-Erna-2-1024x728.jpg 1024w, https:\/\/hoyre.no\/content\/uploads\/sites\/27\/2023\/05\/Einar-og-Erna-2-300x213.jpg 300w, https:\/\/hoyre.no\/content\/uploads\/sites\/27\/2023\/05\/Einar-og-Erna-2-768x546.jpg 768w, https:\/\/hoyre.no\/content\/uploads\/sites\/27\/2023\/05\/Einar-og-Erna-2-1536x1091.jpg 1536w, https:\/\/hoyre.no\/content\/uploads\/sites\/27\/2023\/05\/Einar-og-Erna-2.jpg 2048w\" sizes=\"auto, (max-width: 1024px) 100vw, 1024px\" \/ data-full-url=\"https:\/\/hoyre.no\/content\/uploads\/sites\/27\/2023\/05\/Einar-og-Erna-2.jpg\" data-id=\"403\" data-caption=\"403\"\/><\/a><\/figure><\/li><li class=\"teft-gallery-item \"><figure><a href=\"https:\/\/hoyre.no\/content\/uploads\/sites\/27\/2023\/05\/Einar-3.jpg\" data-size=\"2048x1362\"><img loading=\"lazy\" decoding=\"async\" width=\"1024\" height=\"681\" src=\"https:\/\/hoyre.no\/content\/uploads\/sites\/27\/2023\/05\/Einar-3-1024x681.jpg\" class=\"attachment-large size-large\" alt=\"\" srcset=\"https:\/\/hoyre.no\/content\/uploads\/sites\/27\/2023\/05\/Einar-3-1024x681.jpg 1024w, https:\/\/hoyre.no\/content\/uploads\/sites\/27\/2023\/05\/Einar-3-300x200.jpg 300w, https:\/\/hoyre.no\/content\/uploads\/sites\/27\/2023\/05\/Einar-3-768x511.jpg 768w, https:\/\/hoyre.no\/content\/uploads\/sites\/27\/2023\/05\/Einar-3-1536x1022.jpg 1536w, https:\/\/hoyre.no\/content\/uploads\/sites\/27\/2023\/05\/Einar-3.jpg 2048w\" sizes=\"auto, (max-width: 1024px) 100vw, 1024px\" \/ data-full-url=\"https:\/\/hoyre.no\/content\/uploads\/sites\/27\/2023\/05\/Einar-3.jpg\" data-id=\"401\" data-caption=\"401\"\/><\/a><\/figure><\/li><li class=\"teft-gallery-item \"><figure><a href=\"https:\/\/hoyre.no\/content\/uploads\/sites\/27\/2023\/05\/IMG_0270.jpeg\" data-size=\"2087x1174\"><img loading=\"lazy\" decoding=\"async\" width=\"1024\" height=\"576\" src=\"https:\/\/hoyre.no\/content\/uploads\/sites\/27\/2023\/05\/IMG_0270-1024x576.jpeg\" class=\"attachment-large size-large\" alt=\"\" srcset=\"https:\/\/hoyre.no\/content\/uploads\/sites\/27\/2023\/05\/IMG_0270-1024x576.jpeg 1024w, https:\/\/hoyre.no\/content\/uploads\/sites\/27\/2023\/05\/IMG_0270-300x169.jpeg 300w, https:\/\/hoyre.no\/content\/uploads\/sites\/27\/2023\/05\/IMG_0270-768x432.jpeg 768w, https:\/\/hoyre.no\/content\/uploads\/sites\/27\/2023\/05\/IMG_0270-1536x864.jpeg 1536w, https:\/\/hoyre.no\/content\/uploads\/sites\/27\/2023\/05\/IMG_0270-2048x1152.jpeg 2048w\" sizes=\"auto, (max-width: 1024px) 100vw, 1024px\" \/ data-full-url=\"https:\/\/hoyre.no\/content\/uploads\/sites\/27\/2023\/05\/IMG_0270.jpeg\" data-id=\"294\" data-caption=\"294\"\/><\/a><\/figure><\/li><li class=\"teft-gallery-item \"><figure><a href=\"https:\/\/hoyre.no\/content\/uploads\/sites\/27\/2023\/05\/IMG_0160-scaled.jpeg\" data-size=\"2500x1406\"><img loading=\"lazy\" decoding=\"async\" width=\"1024\" height=\"576\" src=\"https:\/\/hoyre.no\/content\/uploads\/sites\/27\/2023\/05\/IMG_0160-1024x576.jpeg\" class=\"attachment-large size-large\" alt=\"\" srcset=\"https:\/\/hoyre.no\/content\/uploads\/sites\/27\/2023\/05\/IMG_0160-1024x576.jpeg 1024w, https:\/\/hoyre.no\/content\/uploads\/sites\/27\/2023\/05\/IMG_0160-300x169.jpeg 300w, https:\/\/hoyre.no\/content\/uploads\/sites\/27\/2023\/05\/IMG_0160-768x432.jpeg 768w, https:\/\/hoyre.no\/content\/uploads\/sites\/27\/2023\/05\/IMG_0160-1536x864.jpeg 1536w, https:\/\/hoyre.no\/content\/uploads\/sites\/27\/2023\/05\/IMG_0160-2048x1152.jpeg 2048w\" sizes=\"auto, (max-width: 1024px) 100vw, 1024px\" \/ data-full-url=\"https:\/\/hoyre.no\/content\/uploads\/sites\/27\/2023\/05\/IMG_0160-scaled.jpeg\" data-id=\"290\" data-caption=\"290\"\/><\/a><\/figure><\/li><\/ul><\/figure>\n\n\n\n<h2 class=\"has-text-align-center wp-block-heading\">Einars hjertesaker<\/h2>\n\n\n\n<h3 class=\"wp-block-heading\">Lillesand kommune skal v\u00e6re et trygt og godt sted \u00e5 vokse opp og bli gammel i. <\/h3>\n\n\n\n<ul class=\"wp-block-list\"><li>Jeg \u00f8nsker \u00e5 bidra med en stabil og trygg styring av kommunen.<\/li><li>Jeg \u00f8nsker ingen \u00f8kning i eiendomsskatten. Lillesand ligger fortsatt p\u00e5 2 promille, samme niv\u00e5 som den l\u00e5 p\u00e5 da den ble innf\u00f8rt for 15 \u00e5r siden.<\/li><li>Det er viktig for meg at helsetjenestene i kommunen preges av kvalitet og kompetanse, og jeg vil trekke frem at vi i denne perioden greide \u00e5 f\u00e5 til en avtale som gjorde at vi beholdt alle fastlegene i kommunen.<\/li><li>Jeg \u00f8nsker videre utvikling av Dovre\/Fagertun som et omr\u00e5de som skal v\u00e6re godt \u00e5 bo for eldre. Dette vil v\u00e6re en viktig sak for meg i tiden som kommer.<\/li><li>Jeg \u00f8nsker \u00e5 v\u00e6re tilgjengelig det lokale n\u00e6ringsliv og tilrettelegge for v\u00e5re h\u00e5ndverksbedrifter.<\/li><li>Jeg \u00f8nsker \u00e5 f\u00e5 p\u00e5 plass en rundkj\u00f8ring p\u00e5 Stykkene, i det som m\u00e5 v\u00e6re S\u00f8rlandets farligste kryss.<\/li><li>Jeg \u00f8nsker at Lillesand skal fortsette \u00e5 v\u00e6re en egen kommune og jobbe for mer robuste fagmilj\u00f8er i kommunen.<\/li><\/ul>\n\n\n\n<div class=\"wp-block-hoyre-banner alignwide undefined  is-style-blue\"><div class=\"banner-inner\"><figure class=\"hoyre-image-wrapper\"><div class=\"hoyre-image\"><img loading=\"lazy\" decoding=\"async\" width=\"1667\" height=\"2500\" src=\"https:\/\/hoyre.no\/content\/uploads\/sites\/27\/2023\/05\/IMG_0178-scaled.jpeg\" class=\"attachment-scaled size-scaled\" alt=\"\" style=\"object-position: 49% 56.99999999999999%\" srcset=\"https:\/\/hoyre.no\/content\/uploads\/sites\/27\/2023\/05\/IMG_0178-scaled.jpeg 1667w, https:\/\/hoyre.no\/content\/uploads\/sites\/27\/2023\/05\/IMG_0178-200x300.jpeg 200w, https:\/\/hoyre.no\/content\/uploads\/sites\/27\/2023\/05\/IMG_0178-683x1024.jpeg 683w, https:\/\/hoyre.no\/content\/uploads\/sites\/27\/2023\/05\/IMG_0178-768x1152.jpeg 768w, https:\/\/hoyre.no\/content\/uploads\/sites\/27\/2023\/05\/IMG_0178-1024x1536.jpeg 1024w, https:\/\/hoyre.no\/content\/uploads\/sites\/27\/2023\/05\/IMG_0178-1365x2048.jpeg 1365w\" sizes=\"auto, (max-width: 1667px) 100vw, 1667px\" \/><\/div><\/figure><div class=\"banner-content\"><div class=\"entry-content\">\n<h2 class=\"wp-block-heading\" id=\"h-ti-gode-grunner\">Kom i kontakt med Einar<\/h2>\n\n\n\n<ul class=\"wp-block-list\"><li>E-post: <a href=\"mailto:Einar.Holmer-Hoven@lillesand.kommune.no\">Einar.Holmer-Hoven@lillesand.kommune.no<\/a><\/li><li>Telefon: 924 67 041<\/li><\/ul>\n\n\n\n<div class=\"wp-block-buttons is-layout-flex wp-block-buttons-is-layout-flex\">\n<div class=\"wp-block-button\"><a class=\"wp-block-button__link\" href=\"https:\/\/www.facebook.com\/holmerhoven\" target=\"_blank\" rel=\"noreferrer noopener\">F\u00d8LG Einar P\u00c5 FACEBOOK<\/a><\/div>\n<\/div>\n<\/div><\/div><\/div><\/div>\n\n","protected":false},"excerpt":{"rendered":"","protected":false},"author":30113,"featured_media":0,"parent":0,"menu_order":0,"comment_status":"closed","ping_status":"closed","template":"","meta":{"teft_cards_image_url":"","teft_cards_custom_pretitle":"","teft_cards_image_id":377,"teft_cards_image_focal_point_x":0.5,"teft_cards_image_focal_point_y":0.43,"teft_cards_title":"","teft_cards_excerpt":"","teft_show_chapters":false,"footnotes":""},"class_list":["post-121","page","type-page","status-publish","hentry"],"yoast_head":"<!-- This site is optimized with the Yoast SEO plugin v26.6 - https:\/\/yoast.com\/wordpress\/plugins\/seo\/ -->\n<title>Einar Holmer-Hoven \u2013 v\u00e5r ordf\u00f8rerkandidat - Lillesand H\u00f8yre<\/title>\n<meta name=\"robots\" content=\"index, follow, max-snippet:-1, max-image-preview:large, max-video-preview:-1\" \/>\n<link rel=\"canonical\" href=\"https:\/\/hoyre.no\/lillesand\/einar-holmer-hover-var-ordforerkandidat\/\" \/>\n<meta property=\"og:locale\" content=\"nb_NO\" \/>\n<meta property=\"og:type\" content=\"article\" \/>\n<meta property=\"og:title\" content=\"Einar Holmer-Hoven \u2013 v\u00e5r ordf\u00f8rerkandidat - Lillesand H\u00f8yre\" \/>\n<meta property=\"og:url\" content=\"https:\/\/hoyre.no\/lillesand\/einar-holmer-hover-var-ordforerkandidat\/\" \/>\n<meta property=\"og:site_name\" content=\"Lillesand H\u00f8yre\" \/>\n<meta property=\"article:modified_time\" content=\"2023-05-30T10:44:58+00:00\" \/>\n<meta property=\"og:image\" content=\"https:\/\/hoyre.no\/content\/uploads\/sites\/27\/2023\/05\/IMG_0174-1024x1024.jpeg\" \/>\n<meta name=\"twitter:card\" content=\"summary_large_image\" \/>\n<meta name=\"twitter:label1\" content=\"Ansl. lesetid\" \/>\n\t<meta name=\"twitter:data1\" content=\"3 minutter\" \/>\n<script type=\"application\/ld+json\" class=\"yoast-schema-graph\">{\"@context\":\"https:\/\/schema.org\",\"@graph\":[{\"@type\":\"WebPage\",\"@id\":\"https:\/\/hoyre.no\/lillesand\/einar-holmer-hover-var-ordforerkandidat\/\",\"url\":\"https:\/\/hoyre.no\/lillesand\/einar-holmer-hover-var-ordforerkandidat\/\",\"name\":\"Einar Holmer-Hoven \u2013 v\u00e5r ordf\u00f8rerkandidat - Lillesand H\u00f8yre\",\"isPartOf\":{\"@id\":\"https:\/\/hoyre.no\/lillesand\/#website\"},\"datePublished\":\"2023-05-27T12:17:07+00:00\",\"dateModified\":\"2023-05-30T10:44:58+00:00\",\"breadcrumb\":{\"@id\":\"https:\/\/hoyre.no\/lillesand\/einar-holmer-hover-var-ordforerkandidat\/#breadcrumb\"},\"inLanguage\":\"nb-NO\",\"potentialAction\":[{\"@type\":\"ReadAction\",\"target\":[\"https:\/\/hoyre.no\/lillesand\/einar-holmer-hover-var-ordforerkandidat\/\"]}]},{\"@type\":\"BreadcrumbList\",\"@id\":\"https:\/\/hoyre.no\/lillesand\/einar-holmer-hover-var-ordforerkandidat\/#breadcrumb\",\"itemListElement\":[{\"@type\":\"ListItem\",\"position\":1,\"name\":\"Til hoyre.no\",\"item\":\"https:\/\/hoyre.no\"},{\"@type\":\"ListItem\",\"position\":2,\"name\":\"Hjem\",\"item\":\"https:\/\/hoyre.no\/lillesand\/\"},{\"@type\":\"ListItem\",\"position\":3,\"name\":\"Einar Holmer-Hoven \u2013 v\u00e5r ordf\u00f8rerkandidat\"}]},{\"@type\":\"WebSite\",\"@id\":\"https:\/\/hoyre.no\/lillesand\/#website\",\"url\":\"https:\/\/hoyre.no\/lillesand\/\",\"name\":\"Lillesand H\u00f8yre\",\"description\":\"Bare enda et H\u00f8yres nettsteder-nettsted\",\"inLanguage\":\"nb-NO\"}]}<\/script>\n<!-- \/ Yoast SEO plugin. -->","yoast_head_json":{"title":"Einar Holmer-Hoven \u2013 v\u00e5r ordf\u00f8rerkandidat - Lillesand H\u00f8yre","robots":{"index":"index","follow":"follow","max-snippet":"max-snippet:-1","max-image-preview":"max-image-preview:large","max-video-preview":"max-video-preview:-1"},"canonical":"https:\/\/hoyre.no\/lillesand\/einar-holmer-hover-var-ordforerkandidat\/","og_locale":"nb_NO","og_type":"article","og_title":"Einar Holmer-Hoven \u2013 v\u00e5r ordf\u00f8rerkandidat - Lillesand H\u00f8yre","og_url":"https:\/\/hoyre.no\/lillesand\/einar-holmer-hover-var-ordforerkandidat\/","og_site_name":"Lillesand H\u00f8yre","article_modified_time":"2023-05-30T10:44:58+00:00","og_image":[{"url":"https:\/\/hoyre.no\/content\/uploads\/sites\/27\/2023\/05\/IMG_0174-1024x1024.jpeg","width":"","height":"","type":""}],"twitter_card":"summary_large_image","twitter_misc":{"Ansl. lesetid":"3 minutter"},"schema":{"@context":"https:\/\/schema.org","@graph":[{"@type":"WebPage","@id":"https:\/\/hoyre.no\/lillesand\/einar-holmer-hover-var-ordforerkandidat\/","url":"https:\/\/hoyre.no\/lillesand\/einar-holmer-hover-var-ordforerkandidat\/","name":"Einar Holmer-Hoven \u2013 v\u00e5r ordf\u00f8rerkandidat - Lillesand H\u00f8yre","isPartOf":{"@id":"https:\/\/hoyre.no\/lillesand\/#website"},"datePublished":"2023-05-27T12:17:07+00:00","dateModified":"2023-05-30T10:44:58+00:00","breadcrumb":{"@id":"https:\/\/hoyre.no\/lillesand\/einar-holmer-hover-var-ordforerkandidat\/#breadcrumb"},"inLanguage":"nb-NO","potentialAction":[{"@type":"ReadAction","target":["https:\/\/hoyre.no\/lillesand\/einar-holmer-hover-var-ordforerkandidat\/"]}]},{"@type":"BreadcrumbList","@id":"https:\/\/hoyre.no\/lillesand\/einar-holmer-hover-var-ordforerkandidat\/#breadcrumb","itemListElement":[{"@type":"ListItem","position":1,"name":"Til hoyre.no","item":"https:\/\/hoyre.no"},{"@type":"ListItem","position":2,"name":"Hjem","item":"https:\/\/hoyre.no\/lillesand\/"},{"@type":"ListItem","position":3,"name":"Einar Holmer-Hoven \u2013 v\u00e5r ordf\u00f8rerkandidat"}]},{"@type":"WebSite","@id":"https:\/\/hoyre.no\/lillesand\/#website","url":"https:\/\/hoyre.no\/lillesand\/","name":"Lillesand H\u00f8yre","description":"Bare enda et H\u00f8yres nettsteder-nettsted","inLanguage":"nb-NO"}]}},"distributor_meta":false,"distributor_terms":false,"distributor_media":false,"distributor_original_site_name":"Lillesand H\u00f8yre","distributor_original_site_url":"https:\/\/hoyre.no\/lillesand","push-errors":false,"_links":{"self":[{"href":"https:\/\/hoyre.no\/lillesand\/wp-json\/wp\/v2\/pages\/121","targetHints":{"allow":["GET"]}}],"collection":[{"href":"https:\/\/hoyre.no\/lillesand\/wp-json\/wp\/v2\/pages"}],"about":[{"href":"https:\/\/hoyre.no\/lillesand\/wp-json\/wp\/v2\/types\/page"}],"author":[{"embeddable":true,"href":"https:\/\/hoyre.no\/lillesand\/wp-json\/wp\/v2\/users\/30113"}],"replies":[{"embeddable":true,"href":"https:\/\/hoyre.no\/lillesand\/wp-json\/wp\/v2\/comments?post=121"}],"version-history":[{"count":11,"href":"https:\/\/hoyre.no\/lillesand\/wp-json\/wp\/v2\/pages\/121\/revisions"}],"predecessor-version":[{"id":443,"href":"https:\/\/hoyre.no\/lillesand\/wp-json\/wp\/v2\/pages\/121\/revisions\/443"}],"wp:attachment":[{"href":"https:\/\/hoyre.no\/lillesand\/wp-json\/wp\/v2\/media?parent=121"}],"curies":[{"name":"wp","href":"https:\/\/api.w.org\/{rel}","templated":true}]}}