{"id":122,"date":"2023-05-02T12:43:59","date_gmt":"2023-05-02T10:43:59","guid":{"rendered":"https:\/\/hoyre.no\/lillesand\/?page_id=122"},"modified":"2023-05-30T14:46:58","modified_gmt":"2023-05-30T12:46:58","slug":"politikk","status":"publish","type":"page","link":"https:\/\/hoyre.no\/lillesand\/politikk\/","title":{"rendered":"Politikk"},"content":{"rendered":"\n<div class=\"wp-block-hoyre-hero with-image-gradient text-color-light  alignfull has-background\"><div class=\"hoyre-hero \"><h1 class=\"title\">Politikk<\/h1><p class=\"preamble\">N\u00e5r frivilligheten, n\u00e6ringslivet og offentlig sektor spiller p\u00e5 lag, skapes det gode lokalsamfunn. H\u00f8yre tror p\u00e5 enkeltmenneskets evne og lyst til \u00e5 st\u00e5 p\u00e5 egne ben.<br><br>Det er v\u00e5r oppgave \u00e5 s\u00f8rge for at mennesker kan leve gode liv, uansett utgangspunkt. Vi skaper ikke politikk for kommunen, men for alle som bor der. H\u00f8yre tror p\u00e5 et samfunn som gir muligheter for alle.<\/p><\/div><\/div>\n\n\n\n\t\t<div class=\"has-lightest-blue-background-color is-layout-left alignwide alignwide wp-block-hoyre-media-text\">\n\t\t\t<div class=\"hoyre-media-text__media\">\n\t\t\t\t<img loading=\"lazy\" decoding=\"async\" width=\"683\" height=\"1024\" src=\"https:\/\/hoyre.no\/content\/uploads\/sites\/27\/2023\/05\/IMG_0472-683x1024.jpeg\" class=\"hoyre-media-text__media-image\" alt=\"\" style=\"--focal: 50% 0%;\" srcset=\"https:\/\/hoyre.no\/content\/uploads\/sites\/27\/2023\/05\/IMG_0472-683x1024.jpeg 683w, https:\/\/hoyre.no\/content\/uploads\/sites\/27\/2023\/05\/IMG_0472-200x300.jpeg 200w, https:\/\/hoyre.no\/content\/uploads\/sites\/27\/2023\/05\/IMG_0472-768x1152.jpeg 768w, https:\/\/hoyre.no\/content\/uploads\/sites\/27\/2023\/05\/IMG_0472-1024x1536.jpeg 1024w, https:\/\/hoyre.no\/content\/uploads\/sites\/27\/2023\/05\/IMG_0472-1365x2048.jpeg 1365w, https:\/\/hoyre.no\/content\/uploads\/sites\/27\/2023\/05\/IMG_0472-scaled.jpeg 1667w\" sizes=\"auto, (max-width: 683px) 100vw, 683px\" \/>\n\t\t\t<\/div>\n\t\t\t<div class=\"hoyre-media-text__content\">\n\t\t\t\t<div class=\"hoyre-media-text__content-inner\">\n\t\t\t\t\t\n\t\t\t<div class=\"hoyre-media-text__title-container\">\n\t\t\t\t\n\t\t\t\t<h2 class=\"hoyre-media-text__title\">\u00c5tte gode grunner til \u00e5 stemme H\u00f8yre i Lillesand<\/h2>\n\t\t\t<\/div>\n\t\t\t\n\t\t\t\t\t<div class=\"hoyre-media-text__blocks\">\n<p>V\u00e5rt overordnede m\u00e5l er at alle skal ha et godt liv i Lillesand. Vi tro p\u00e5 enkeltmennesket, n\u00e6ringslivet og samfunnet i felleskap. Det gir veksten vi trenger for \u00e5 utvikle tjenestene v\u00e5re.<\/p><p>For H\u00f8yre er det viktig \u00e5 ha en kommune med stabilitet og som gir muligheter for alle.<\/p>\n<\/div>\n\t\t\t\t\t\n\t\t\t<div class=\"hoyre-media-text__buttons\">\n\t\t\t\t<a class=\"button\" href=\"https:\/\/hoyre.no\/lillesand\/atte-grunner-til-a-stemme-lillesand-hoyre\/\">Les MER<\/a>\n\t\t\t<\/div>\n\t\t\t\n\t\t\t\t<\/div>\n\t\t\t<\/div>\n\t\t<\/div>\n\t\t\n\n\n<p class=\"is-style-large\"><strong>Her kan du laste ned valgkampprogrammet:<\/strong><\/p>\n\n\n\n\n<div class=\"wp-block-teft-file icon-link-block\"><a href=\"https:\/\/hoyre.no\/content\/uploads\/sites\/27\/2023\/05\/Lillesand-Hoyre-program-og-kandidater-2023-2027-1.pdf\" download><span class=\"file-title\">Her kan du lese valgprogrammet v\u00e5rt for 2023-2027<\/span><span class=\"file-name\"><\/span><\/a><\/div>\n\n\n\n\n<p class=\"is-style-large\"><strong>Her kan du laste ned <strong>program for innev\u00e6rende periode<\/strong>:<\/strong><\/p>\n\n\n\n<div class=\"wp-block-teft-file icon-link-block\"><a href=\"https:\/\/hoyre.no\/content\/uploads\/sites\/27\/2023\/05\/Lillesand-Hoyre-Program-2019-2023.pdf\" download><span class=\"file-title\">Lillesand H\u00f8yres program 2019-2023<\/span><span class=\"file-name\">Lillesand-Hoyre-Program-2019-2023.pdf [217kb]<\/span><\/a><\/div>\n","protected":false},"excerpt":{"rendered":"<p>Her kan du laste ned valgkampprogrammet: Her kan du laste ned program for innev\u00e6rende periode:<\/p>\n","protected":false},"author":30113,"featured_media":0,"parent":0,"menu_order":0,"comment_status":"closed","ping_status":"closed","template":"","meta":{"teft_cards_image_url":"","teft_cards_custom_pretitle":"","teft_cards_image_id":231,"teft_cards_image_focal_point_x":0.46,"teft_cards_image_focal_point_y":0.59,"teft_cards_title":"","teft_cards_excerpt":"","teft_show_chapters":false,"footnotes":""},"class_list":["post-122","page","type-page","status-publish","hentry"],"yoast_head":"<!-- This site is optimized with the Yoast SEO plugin v26.6 - https:\/\/yoast.com\/wordpress\/plugins\/seo\/ -->\n<title>Politikk - Lillesand H\u00f8yre<\/title>\n<meta name=\"robots\" content=\"index, follow, max-snippet:-1, max-image-preview:large, max-video-preview:-1\" \/>\n<link rel=\"canonical\" href=\"https:\/\/hoyre.no\/lillesand\/politikk\/\" \/>\n<meta property=\"og:locale\" content=\"nb_NO\" \/>\n<meta property=\"og:type\" content=\"article\" \/>\n<meta property=\"og:title\" content=\"Politikk - Lillesand H\u00f8yre\" \/>\n<meta property=\"og:description\" content=\"Her kan du laste ned valgkampprogrammet: Her kan du laste ned program for innev\u00e6rende periode:\" \/>\n<meta property=\"og:url\" content=\"https:\/\/hoyre.no\/lillesand\/politikk\/\" \/>\n<meta property=\"og:site_name\" content=\"Lillesand H\u00f8yre\" \/>\n<meta property=\"article:modified_time\" content=\"2023-05-30T12:46:58+00:00\" \/>\n<meta property=\"og:image\" content=\"https:\/\/hoyre.no\/content\/uploads\/sites\/27\/2023\/05\/IMG_0496-1024x576.jpeg\" \/>\n<meta name=\"twitter:card\" content=\"summary_large_image\" \/>\n<meta name=\"twitter:label1\" content=\"Ansl. lesetid\" \/>\n\t<meta name=\"twitter:data1\" content=\"1 minutt\" \/>\n<script type=\"application\/ld+json\" class=\"yoast-schema-graph\">{\"@context\":\"https:\/\/schema.org\",\"@graph\":[{\"@type\":\"WebPage\",\"@id\":\"https:\/\/hoyre.no\/lillesand\/politikk\/\",\"url\":\"https:\/\/hoyre.no\/lillesand\/politikk\/\",\"name\":\"Politikk - Lillesand H\u00f8yre\",\"isPartOf\":{\"@id\":\"https:\/\/hoyre.no\/lillesand\/#website\"},\"datePublished\":\"2023-05-02T10:43:59+00:00\",\"dateModified\":\"2023-05-30T12:46:58+00:00\",\"breadcrumb\":{\"@id\":\"https:\/\/hoyre.no\/lillesand\/politikk\/#breadcrumb\"},\"inLanguage\":\"nb-NO\",\"potentialAction\":[{\"@type\":\"ReadAction\",\"target\":[\"https:\/\/hoyre.no\/lillesand\/politikk\/\"]}]},{\"@type\":\"BreadcrumbList\",\"@id\":\"https:\/\/hoyre.no\/lillesand\/politikk\/#breadcrumb\",\"itemListElement\":[{\"@type\":\"ListItem\",\"position\":1,\"name\":\"Til hoyre.no\",\"item\":\"https:\/\/hoyre.no\"},{\"@type\":\"ListItem\",\"position\":2,\"name\":\"Hjem\",\"item\":\"https:\/\/hoyre.no\/lillesand\/\"},{\"@type\":\"ListItem\",\"position\":3,\"name\":\"Politikk\"}]},{\"@type\":\"WebSite\",\"@id\":\"https:\/\/hoyre.no\/lillesand\/#website\",\"url\":\"https:\/\/hoyre.no\/lillesand\/\",\"name\":\"Lillesand H\u00f8yre\",\"description\":\"Bare enda et H\u00f8yres nettsteder-nettsted\",\"inLanguage\":\"nb-NO\"}]}<\/script>\n<!-- \/ Yoast SEO plugin. -->","yoast_head_json":{"title":"Politikk - Lillesand H\u00f8yre","robots":{"index":"index","follow":"follow","max-snippet":"max-snippet:-1","max-image-preview":"max-image-preview:large","max-video-preview":"max-video-preview:-1"},"canonical":"https:\/\/hoyre.no\/lillesand\/politikk\/","og_locale":"nb_NO","og_type":"article","og_title":"Politikk - Lillesand H\u00f8yre","og_description":"Her kan du laste ned valgkampprogrammet: Her kan du laste ned program for innev\u00e6rende periode:","og_url":"https:\/\/hoyre.no\/lillesand\/politikk\/","og_site_name":"Lillesand H\u00f8yre","article_modified_time":"2023-05-30T12:46:58+00:00","og_image":[{"url":"https:\/\/hoyre.no\/content\/uploads\/sites\/27\/2023\/05\/IMG_0496-1024x576.jpeg","width":"","height":"","type":""}],"twitter_card":"summary_large_image","twitter_misc":{"Ansl. lesetid":"1 minutt"},"schema":{"@context":"https:\/\/schema.org","@graph":[{"@type":"WebPage","@id":"https:\/\/hoyre.no\/lillesand\/politikk\/","url":"https:\/\/hoyre.no\/lillesand\/politikk\/","name":"Politikk - Lillesand H\u00f8yre","isPartOf":{"@id":"https:\/\/hoyre.no\/lillesand\/#website"},"datePublished":"2023-05-02T10:43:59+00:00","dateModified":"2023-05-30T12:46:58+00:00","breadcrumb":{"@id":"https:\/\/hoyre.no\/lillesand\/politikk\/#breadcrumb"},"inLanguage":"nb-NO","potentialAction":[{"@type":"ReadAction","target":["https:\/\/hoyre.no\/lillesand\/politikk\/"]}]},{"@type":"BreadcrumbList","@id":"https:\/\/hoyre.no\/lillesand\/politikk\/#breadcrumb","itemListElement":[{"@type":"ListItem","position":1,"name":"Til hoyre.no","item":"https:\/\/hoyre.no"},{"@type":"ListItem","position":2,"name":"Hjem","item":"https:\/\/hoyre.no\/lillesand\/"},{"@type":"ListItem","position":3,"name":"Politikk"}]},{"@type":"WebSite","@id":"https:\/\/hoyre.no\/lillesand\/#website","url":"https:\/\/hoyre.no\/lillesand\/","name":"Lillesand H\u00f8yre","description":"Bare enda et H\u00f8yres nettsteder-nettsted","inLanguage":"nb-NO"}]}},"distributor_meta":false,"distributor_terms":false,"distributor_media":false,"distributor_original_site_name":"Lillesand H\u00f8yre","distributor_original_site_url":"https:\/\/hoyre.no\/lillesand","push-errors":false,"_links":{"self":[{"href":"https:\/\/hoyre.no\/lillesand\/wp-json\/wp\/v2\/pages\/122","targetHints":{"allow":["GET"]}}],"collection":[{"href":"https:\/\/hoyre.no\/lillesand\/wp-json\/wp\/v2\/pages"}],"about":[{"href":"https:\/\/hoyre.no\/lillesand\/wp-json\/wp\/v2\/types\/page"}],"author":[{"embeddable":true,"href":"https:\/\/hoyre.no\/lillesand\/wp-json\/wp\/v2\/users\/30113"}],"replies":[{"embeddable":true,"href":"https:\/\/hoyre.no\/lillesand\/wp-json\/wp\/v2\/comments?post=122"}],"version-history":[{"count":5,"href":"https:\/\/hoyre.no\/lillesand\/wp-json\/wp\/v2\/pages\/122\/revisions"}],"predecessor-version":[{"id":447,"href":"https:\/\/hoyre.no\/lillesand\/wp-json\/wp\/v2\/pages\/122\/revisions\/447"}],"wp:attachment":[{"href":"https:\/\/hoyre.no\/lillesand\/wp-json\/wp\/v2\/media?parent=122"}],"curies":[{"name":"wp","href":"https:\/\/api.w.org\/{rel}","templated":true}]}}