{"id":139,"date":"2023-05-30T13:39:22","date_gmt":"2023-05-30T11:39:22","guid":{"rendered":"https:\/\/hoyre.no\/lindesnes\/?page_id=139"},"modified":"2025-11-06T13:38:18","modified_gmt":"2025-11-06T12:38:18","slug":"paal-pedersen-var-ordforerkandidat","status":"publish","type":"page","link":"https:\/\/hoyre.no\/lindesnes\/paal-pedersen-var-ordforerkandidat\/","title":{"rendered":"Paal Pedersen &#8211; v\u00e5r ordf\u00f8rer"},"content":{"rendered":"\n<div class=\"wp-block-hoyre-hero with-image-gradient text-color-light  has-media alignfull has-background\"><div class=\"hoyre-hero has-image\"><h1 class=\"title\">Bli kjent med Paal<\/h1><p class=\"preamble\">Lindesnes ordf\u00f8rer.<\/p>\t\t\t<div class=\"post-meta wp-block teft-byline-wrapper\">\n\t\t\t\t<div class=\"top\">\n\t\t\t\t\t<div class=\"signature\">\n\t\t\t\t\t\t<div class=\"teft-byline\">\n\t\t\t\t\t\t\t\t\t\t\t\t\t\t<div>\n\t\t\t\t\t\t\t\t<h3>H\u00f8yres redaksjon<\/h3>\t\t\t\t\t\t\t\t\n\t\t\t\t\t\t\t\t\t\t\t\t\t\t\t\t\t<span class=\"date\">Sist oppdatert: 6. november 2025<\/span>\n\t\t\t\t\t\t\t\t\t\t\t\t\t\t\t\t\t\t\t\t\t\t\t\t\t<span class=\"reading-time\" itemprop=\"timeRequired\" content=\"PT5M\"><em>Ca. 5 minutter lesetid<\/em><\/span>\n\t\t\t\t\t\t\t\t\t\t\t\t\t\t\t<\/div>\n\t\t\t\t\t\t<\/div>\n\t\t\t\t\t<\/div>\n\t\t\t\t\t\t<div class=\"sharing\">\n\t\t<a class=\"share-button share-link copy-link\" data-copy=\"https:\/\/hoyre.no\/lindesnes\/paal-pedersen-var-ordforerkandidat\/\" target=\"_blank\"><span class=\"screen-reader-text\">Del link<\/span><\/a>\n\t\t<a class=\"share-button share-twitter\" href=\"http:\/\/twitter.com\/share?text=Paal Pedersen &#8211; v\u00e5r ordf\u00f8rer&#038;url=https:\/\/hoyre.no\/lindesnes\/paal-pedersen-var-ordforerkandidat\/&#038;hashtags=Hoyre\" target=\"_blank\"><span class=\"screen-reader-text\">Del p\u00e5 twitter<\/span><\/a>\n\t\t<a class=\"share-button share-facebook\" href=\"https:\/\/www.facebook.com\/sharer\/sharer.php?u=https:\/\/hoyre.no\/lindesnes\/paal-pedersen-var-ordforerkandidat\/\" target=\"_blank\"><span class=\"screen-reader-text\">Del p\u00e5 facebook<\/span><\/a>\n\t<\/div>\n\t\t\t\t\t<\/div>\n\t\t\t<\/div>\n\n\t\t\t<figure class=\"hoyre-image-wrapper\"><div class=\"hoyre-image\"><img loading=\"lazy\" decoding=\"async\" width=\"2500\" height=\"1667\" src=\"https:\/\/hoyre.no\/content\/uploads\/sites\/26\/2023\/05\/Paal-Pedersen-foto-Hans-Kristian-Thorbjornsen-320383-scaled.jpg\" class=\"attachment-scaled size-scaled\" alt=\"\" style=\"object-position: 50% 41%\" srcset=\"https:\/\/hoyre.no\/content\/uploads\/sites\/26\/2023\/05\/Paal-Pedersen-foto-Hans-Kristian-Thorbjornsen-320383-scaled.jpg 2500w, https:\/\/hoyre.no\/content\/uploads\/sites\/26\/2023\/05\/Paal-Pedersen-foto-Hans-Kristian-Thorbjornsen-320383-300x200.jpg 300w, https:\/\/hoyre.no\/content\/uploads\/sites\/26\/2023\/05\/Paal-Pedersen-foto-Hans-Kristian-Thorbjornsen-320383-1024x683.jpg 1024w, https:\/\/hoyre.no\/content\/uploads\/sites\/26\/2023\/05\/Paal-Pedersen-foto-Hans-Kristian-Thorbjornsen-320383-768x512.jpg 768w, https:\/\/hoyre.no\/content\/uploads\/sites\/26\/2023\/05\/Paal-Pedersen-foto-Hans-Kristian-Thorbjornsen-320383-1536x1024.jpg 1536w, https:\/\/hoyre.no\/content\/uploads\/sites\/26\/2023\/05\/Paal-Pedersen-foto-Hans-Kristian-Thorbjornsen-320383-2048x1365.jpg 2048w\" sizes=\"auto, (max-width: 2500px) 100vw, 2500px\" \/><\/div><\/figure><\/div><\/div>\n\n\n\n\n<div class=\"wp-block-buttons is-content-justification-center is-layout-flex wp-container-core-buttons-is-layout-16018d1d wp-block-buttons-is-layout-flex\">\n<div class=\"wp-block-button\"><a class=\"wp-block-button__link wp-element-button\" href=\"https:\/\/hoyre.no\/nyhetsbrev\/\">abonner p\u00e5 h\u00f8yres nyhetsbrev<\/a><\/div>\n\n\n\n<div class=\"wp-block-button\"><a class=\"wp-block-button__link wp-element-button\" href=\"https:\/\/www.facebook.com\/paal.pedersen.16\">F\u00f8lg Paal p\u00e5 Facebook<\/a><\/div>\n\n\n\n<div class=\"wp-block-button\"><a class=\"wp-block-button__link wp-element-button\" href=\"https:\/\/www.facebook.com\/lindesneshoyre\">f\u00f8lg Lindesnes h\u00f8yre p\u00e5 facebook<\/a><\/div>\n<\/div>\n\n\n\n<div class=\"wp-block-hoyre-banner undefined has-icon-title icon-heart is-style-blue\"><div class=\"banner-inner\"><div class=\"banner-content\"><div class=\"entry-content\">\n<h2 class=\"wp-block-heading has-text-align-center\" id=\"h-bli-bedre-kjent-med-navn\">Bli bedre kjent med Paal!<\/h2>\n\n\n\n<p class=\"has-text-align-left\"><strong>Alder:<\/strong> 50 \u00e5r<\/p>\n\n\n\n<p class=\"has-text-align-left\"><strong>Bosted:<\/strong> Mandal<\/p>\n\n\n\n<p class=\"has-text-align-left\"><strong>Sivilstatus:<\/strong> Gift, to barn<\/p>\n\n\n\n<p class=\"has-text-align-left\"><strong>Jobb:<\/strong> Direkt\u00f8r for samfunnskontakt, Universitetet i Agder<\/p>\n\n\n\n<p class=\"has-text-align-left\"><strong>Bakgrunn:<\/strong> Hovedfag i statsvitenskap fra UiO, flere \u00e5r som byr\u00e5dssekret\u00e6r og stabssjef for byr\u00e5det i Oslo, statssekret\u00e6r i KMD og ledergruppen i UiA<\/p>\n\n\n\n<p class=\"has-text-align-left\"><strong>Politisk erfaring:<\/strong> Byr\u00e5dssekret\u00e6r for kultur og utdanning i Oslo-byr\u00e5det, r\u00e5dgiver for H\u00f8yres stortingsgruppe, stabssjef for byr\u00e5dslederen i Oslo og statssekret\u00e6r for Kummunal- og moderniseringsdepartementet. Gruppeleder for H\u00f8yre i Lindesnes kommunestyre fra 2019 til d.d.<\/p>\n\n\n\n<p class=\"has-text-align-left\"><strong>Hvorfor er H\u00f8yre rett parti for deg?<\/strong> Fordi jeg tror p\u00e5 enkeltmennesket og den enkeltes evner. Jeg tror ikke staten eller andre myndigheter alltid har de beste l\u00f8sningene. N\u00e5r vi forener alle de gode kreftene i frivilligheten, n\u00e6ringslivet og det offentlige skaper vi de beste resultatene og de beste lokalsamfunnene.<\/p>\n\n\n\n<p class=\"has-text-align-left\">Det var H\u00f8yres skolepolitikk som var den viktigste \u00e5rsaken til at jeg f\u00f8rst engasjerte meg politisk. Vi m\u00e5 satse p\u00e5 l\u00e6rerne, satse p\u00e5 en skole med kvalitet og kunnskap \u2013 hvor alle elever har like muligheter. Det er den viktigste investeringen vi kan gj\u00f8re for fremtiden.&nbsp; <\/p>\n\n\n\n<p class=\"has-text-align-left\"><strong>Det er l\u00f8rdag, klokka n\u00e6rmer seg 19.00. Hva spiser du helst til middag?<\/strong> Jeg er ikke s\u00e5 avansert i matveien. En god hjemmelaget pizza sammen med familien er en helgefavoritt. Og s\u00e5 jeg er god til \u00e5 lage sushi, men det blir dessverre litt for sjeldent.<\/p>\n\n\n\n<p class=\"has-text-align-left\"><strong>Konsert eller idrettsarrangement?<\/strong> Det blir nok idrett, fortrinnsvis fotball. Og selvsagt kampene til mine h\u00e5ndballspillende d\u00f8tre.<\/p>\n\n\n\n<p class=\"has-text-align-left\"><strong>Hvis du skulle valgt en, hva er din favorittartist?<\/strong> Vanskelig sp\u00f8rsm\u00e5l, hvis jeg m\u00e5 svare \u00e9n enkeltartist m\u00e5 det kanskje bli Roger Waters i Pink Floyd.<\/p>\n\n\n\n<p class=\"has-text-align-left\"><strong>Funfact?<\/strong> Jeg hadde plakat av Kaci Kullmann Five p\u00e5 gutterommet da jeg var 15-16 \u00e5r. Innser i ettertid at det var noe spesielt..<\/p>\n\n\n\n<p class=\"has-text-align-left\"><strong>Hva er din favorittplass i kommunen og utenfor kommunen?<\/strong>&nbsp;Favorittplass i kommunen er delt f\u00f8rsteplass mellom Furulunden og Ryvingen. Utenfor kommunen velger jeg Gjendesheim i Jotunheimen.<\/p>\n\n\n\n<div class=\"wp-block-buttons is-layout-flex wp-block-buttons-is-layout-flex\"><\/div>\n<\/div><\/div><\/div><\/div>\n\n\n\n<div class=\"wp-block-teft-accentuated-link undefined has-image\"><div class=\"kf-link__wrapper\"><div class=\"kf-link__tagline\"><\/div><a class=\"kf-link__link\" href=\"\" rel=\"noreferrer noopener\" target=\"_blank\">Kom i kontakt med Paal Pedersen<\/a><\/div><figure class=\"hoyre-image-wrapper\"><div class=\"hoyre-image\"><img loading=\"lazy\" decoding=\"async\" width=\"2500\" height=\"1667\" src=\"https:\/\/hoyre.no\/content\/uploads\/sites\/26\/2023\/05\/Paal-Pedersen-foto-Hans-Kristian-Thorbjornsen-312863-scaled.jpg\" class=\"attachment-scaled size-scaled\" alt=\"\" style=\"object-position: 52% 33%\" srcset=\"https:\/\/hoyre.no\/content\/uploads\/sites\/26\/2023\/05\/Paal-Pedersen-foto-Hans-Kristian-Thorbjornsen-312863-scaled.jpg 2500w, https:\/\/hoyre.no\/content\/uploads\/sites\/26\/2023\/05\/Paal-Pedersen-foto-Hans-Kristian-Thorbjornsen-312863-300x200.jpg 300w, https:\/\/hoyre.no\/content\/uploads\/sites\/26\/2023\/05\/Paal-Pedersen-foto-Hans-Kristian-Thorbjornsen-312863-1024x683.jpg 1024w, https:\/\/hoyre.no\/content\/uploads\/sites\/26\/2023\/05\/Paal-Pedersen-foto-Hans-Kristian-Thorbjornsen-312863-768x512.jpg 768w, https:\/\/hoyre.no\/content\/uploads\/sites\/26\/2023\/05\/Paal-Pedersen-foto-Hans-Kristian-Thorbjornsen-312863-1536x1024.jpg 1536w, https:\/\/hoyre.no\/content\/uploads\/sites\/26\/2023\/05\/Paal-Pedersen-foto-Hans-Kristian-Thorbjornsen-312863-2048x1365.jpg 2048w\" sizes=\"auto, (max-width: 2500px) 100vw, 2500px\" \/><\/div><\/figure><\/div>\n\n\n\n<figure class=\"wp-block-teft-gallery columns-3 count-3 rows-2 is-cropped\"><ul class=\"teft-gallery-grid\"><li class=\"teft-gallery-item \"><figure><a href=\"https:\/\/hoyre.no\/content\/uploads\/sites\/26\/2023\/05\/Paal-Pedersen-foto-Hans-Kristian-Thorbjornsen-320383-scaled.jpg\" data-size=\"2500x1667\"><img loading=\"lazy\" decoding=\"async\" width=\"1024\" height=\"683\" src=\"https:\/\/hoyre.no\/content\/uploads\/sites\/26\/2023\/05\/Paal-Pedersen-foto-Hans-Kristian-Thorbjornsen-320383-1024x683.jpg\" class=\"attachment-large size-large\" alt=\"\" srcset=\"https:\/\/hoyre.no\/content\/uploads\/sites\/26\/2023\/05\/Paal-Pedersen-foto-Hans-Kristian-Thorbjornsen-320383-1024x683.jpg 1024w, https:\/\/hoyre.no\/content\/uploads\/sites\/26\/2023\/05\/Paal-Pedersen-foto-Hans-Kristian-Thorbjornsen-320383-300x200.jpg 300w, https:\/\/hoyre.no\/content\/uploads\/sites\/26\/2023\/05\/Paal-Pedersen-foto-Hans-Kristian-Thorbjornsen-320383-768x512.jpg 768w, https:\/\/hoyre.no\/content\/uploads\/sites\/26\/2023\/05\/Paal-Pedersen-foto-Hans-Kristian-Thorbjornsen-320383-1536x1024.jpg 1536w, https:\/\/hoyre.no\/content\/uploads\/sites\/26\/2023\/05\/Paal-Pedersen-foto-Hans-Kristian-Thorbjornsen-320383-2048x1365.jpg 2048w\" sizes=\"auto, (max-width: 1024px) 100vw, 1024px\" \/ data-full-url=\"https:\/\/hoyre.no\/content\/uploads\/sites\/26\/2023\/05\/Paal-Pedersen-foto-Hans-Kristian-Thorbjornsen-320383-scaled.jpg\" data-id=\"158\" data-caption=\"158\"\/><\/a><\/figure><\/li><li class=\"teft-gallery-item \"><figure><a href=\"https:\/\/hoyre.no\/content\/uploads\/sites\/26\/2023\/05\/Paal-Pedersen-foto-Hans-Kristian-Thorbjornsen-312863-scaled.jpg\" data-size=\"2500x1667\"><img loading=\"lazy\" decoding=\"async\" width=\"1024\" height=\"683\" src=\"https:\/\/hoyre.no\/content\/uploads\/sites\/26\/2023\/05\/Paal-Pedersen-foto-Hans-Kristian-Thorbjornsen-312863-1024x683.jpg\" class=\"attachment-large size-large\" alt=\"\" srcset=\"https:\/\/hoyre.no\/content\/uploads\/sites\/26\/2023\/05\/Paal-Pedersen-foto-Hans-Kristian-Thorbjornsen-312863-1024x683.jpg 1024w, https:\/\/hoyre.no\/content\/uploads\/sites\/26\/2023\/05\/Paal-Pedersen-foto-Hans-Kristian-Thorbjornsen-312863-300x200.jpg 300w, https:\/\/hoyre.no\/content\/uploads\/sites\/26\/2023\/05\/Paal-Pedersen-foto-Hans-Kristian-Thorbjornsen-312863-768x512.jpg 768w, https:\/\/hoyre.no\/content\/uploads\/sites\/26\/2023\/05\/Paal-Pedersen-foto-Hans-Kristian-Thorbjornsen-312863-1536x1024.jpg 1536w, https:\/\/hoyre.no\/content\/uploads\/sites\/26\/2023\/05\/Paal-Pedersen-foto-Hans-Kristian-Thorbjornsen-312863-2048x1365.jpg 2048w\" sizes=\"auto, (max-width: 1024px) 100vw, 1024px\" \/ data-full-url=\"https:\/\/hoyre.no\/content\/uploads\/sites\/26\/2023\/05\/Paal-Pedersen-foto-Hans-Kristian-Thorbjornsen-312863-scaled.jpg\" data-id=\"148\" data-caption=\"148\"\/><\/a><\/figure><\/li><li class=\"teft-gallery-item \"><figure><a href=\"https:\/\/hoyre.no\/content\/uploads\/sites\/26\/2022\/12\/image-1.png\" data-size=\"919x1920\"><img loading=\"lazy\" decoding=\"async\" width=\"490\" height=\"1024\" src=\"https:\/\/hoyre.no\/content\/uploads\/sites\/26\/2022\/12\/image-1-490x1024.png\" class=\"attachment-large size-large\" alt=\"\" srcset=\"https:\/\/hoyre.no\/content\/uploads\/sites\/26\/2022\/12\/image-1-490x1024.png 490w, https:\/\/hoyre.no\/content\/uploads\/sites\/26\/2022\/12\/image-1-144x300.png 144w, https:\/\/hoyre.no\/content\/uploads\/sites\/26\/2022\/12\/image-1-768x1605.png 768w, https:\/\/hoyre.no\/content\/uploads\/sites\/26\/2022\/12\/image-1-735x1536.png 735w, https:\/\/hoyre.no\/content\/uploads\/sites\/26\/2022\/12\/image-1.png 919w\" sizes=\"auto, (max-width: 490px) 100vw, 490px\" \/ data-full-url=\"https:\/\/hoyre.no\/content\/uploads\/sites\/26\/2022\/12\/image-1.png\" data-id=\"119\" data-caption=\"119\"\/><\/a><\/figure><\/li><\/ul><\/figure>\n\n\n\n<h2 class=\"wp-block-heading has-text-align-center\">Paal sine hjertesaker<\/h2>\n\n\n\n<h3 class=\"wp-block-heading\">En skole som gir enda bedre l\u00e6ring og som satser p\u00e5 l\u00e6rerne<\/h3>\n\n\n\n<p>Skole og oppl\u00e6ring har alltid v\u00e6rt en av mine viktigste hjertesaker. Jeg har jobbet med skole og skolepolitikk mange \u00e5r i Oslo kommune, sammen med Norges beste utdanningsetat og skoledrivere. Skolepolitikk er i praksis v\u00e5r viktigste sosialpolitikk. Skolen er v\u00e5rt viktigste redskap for \u00e5 gi barn og unge like muligheter, og en god skole er v\u00e5r beste og sikreste investering i framtida. L\u00e6reren er den viktigste innsatsfaktoren som betyr mest for elevenes l\u00e6ring, og derfor vil H\u00f8yre prioritere flere l\u00e6rere h\u00f8yere enn alle andre gode form\u00e5l i skolen. H\u00f8yre har den h\u00f8yeste troverdigheten av partiene i skolepolitikken, og det er fordi vi prioriterer elevene, l\u00e6rerne og god kvalitet i oppl\u00e6ringen h\u00f8yest.<\/p>\n\n\n\n<h3 class=\"wp-block-heading\">Tryggere og bedre \u00f8konomisk styring av kommunen<\/h3>\n\n\n\n<p>Vi trenger en trygg og sikker kommune\u00f8konomi for \u00e5 sikre gode tjenester til Lindesnes kommunes innbyggere \u2013 og ogs\u00e5 for \u00e5 v\u00e6re en attraktiv arbeidsgiver for faglig gode ansatte i kommunen. For \u00e5 utvikle en b\u00e6rekraftig \u00f8konomi for kommunen m\u00e5 vi over tid drifte kommunen enda bedre, og vi m\u00e5 prioritere kjerneoppgaver som helse, skole og infrastruktur. For H\u00f8yre er det selvsagt en h\u00f8yt prioritert oppgave \u00e5 legge til rette for utvikling og nye arbeidsplasser. Kommunen har hele den siste kommunestyreperioden drevet med store driftsunderskudd og i \u00e5r viser prognosen for juni 2023 at budsjettet vil sprekke med over 100 millioner kroner. Dette er en dramatisk situasjon og den viser at Lindesnes kommune har behov for et annet politisk flertall som s\u00f8rger for en bedre \u00f8konomisk styring av kommunen.<\/p>\n\n\n\n<h3 class=\"wp-block-heading\">Vi bygger Lindesnes kommune sammen<\/h3>\n\n\n\n<p>Politikk handler for meg om mennesker. Det er innbyggerne som skaper resultatene i kommunen, b\u00e5de n\u00e5r det gjelder offentlige tjenester og private virksomheter. Hele grunnlaget for at jeg driver med politikk er for \u00e5 bidra til at hverdagen for folk og n\u00e6ringsliv i Lindesnes kommune blir enda bedre. Da m\u00e5 vi snakke sammen og utvikle de gode l\u00f8sningene sammen, b\u00e5de med offentlige, ideelle og private akt\u00f8rer. Jeg vil at Lindesnes kommune skal v\u00e6re en JA-kommune i mye st\u00f8rre grad enn i dag. Kommunen er til for innbyggerne, ikke omvendt. I motsetning til venstresiden \u00f8nsker H\u00f8yre \u00e5 legge til rette for at alle gode krefter skal samarbeide, ogs\u00e5 private, for det er helt n\u00f8dvendig for at vi skal utvikle enda bedre tjenester til kommunens innbyggere.<\/p>\n\n\n\n<div class=\"wp-block-hoyre-banner alignwide undefined  is-style-blue\"><div class=\"banner-inner\"><figure class=\"hoyre-image-wrapper\"><div class=\"hoyre-image\"><img loading=\"lazy\" decoding=\"async\" width=\"2500\" height=\"1667\" src=\"https:\/\/hoyre.no\/content\/uploads\/sites\/26\/2023\/07\/Paal-Pedersen-foto-Hans-Kristian-Thorbjornsen-3241-scaled.jpg\" class=\"attachment-scaled size-scaled\" alt=\"\" style=\"object-position: 50% 42%\" srcset=\"https:\/\/hoyre.no\/content\/uploads\/sites\/26\/2023\/07\/Paal-Pedersen-foto-Hans-Kristian-Thorbjornsen-3241-scaled.jpg 2500w, https:\/\/hoyre.no\/content\/uploads\/sites\/26\/2023\/07\/Paal-Pedersen-foto-Hans-Kristian-Thorbjornsen-3241-300x200.jpg 300w, https:\/\/hoyre.no\/content\/uploads\/sites\/26\/2023\/07\/Paal-Pedersen-foto-Hans-Kristian-Thorbjornsen-3241-1024x683.jpg 1024w, https:\/\/hoyre.no\/content\/uploads\/sites\/26\/2023\/07\/Paal-Pedersen-foto-Hans-Kristian-Thorbjornsen-3241-768x512.jpg 768w, https:\/\/hoyre.no\/content\/uploads\/sites\/26\/2023\/07\/Paal-Pedersen-foto-Hans-Kristian-Thorbjornsen-3241-1536x1024.jpg 1536w, https:\/\/hoyre.no\/content\/uploads\/sites\/26\/2023\/07\/Paal-Pedersen-foto-Hans-Kristian-Thorbjornsen-3241-2048x1365.jpg 2048w\" sizes=\"auto, (max-width: 2500px) 100vw, 2500px\" \/><\/div><\/figure><div class=\"banner-content\"><div class=\"entry-content\">\n<h2 class=\"wp-block-heading\" id=\"h-ti-gode-grunner\">Kom i kontakt med Paal<\/h2>\n\n\n\n<ul class=\"wp-block-list\">\n<li>E-post: <a href=\"mailto:pedersen.paal@gmail.com\">pedersen.paal@gmail.com<\/a><\/li>\n\n\n\n<li>Telefon: 950 38 111<\/li>\n<\/ul>\n\n\n\n<div class=\"wp-block-buttons is-layout-flex wp-block-buttons-is-layout-flex\">\n<div class=\"wp-block-button\"><a class=\"wp-block-button__link wp-element-button\" href=\"https:\/\/www.facebook.com\/paal.pedersen.16\" target=\"_blank\" rel=\"noreferrer noopener\">F\u00d8LG Paal P\u00c5 FACEBOOK<\/a><\/div>\n<\/div>\n<\/div><\/div><\/div><\/div>\n\n","protected":false},"excerpt":{"rendered":"","protected":false},"author":347,"featured_media":0,"parent":0,"menu_order":0,"comment_status":"closed","ping_status":"closed","template":"","meta":{"teft_cards_image_url":"","teft_cards_custom_pretitle":"","teft_cards_image_id":0,"teft_cards_image_focal_point_x":0,"teft_cards_image_focal_point_y":0,"teft_cards_title":"","teft_cards_excerpt":"","teft_show_chapters":false,"footnotes":""},"class_list":["post-139","page","type-page","status-publish","hentry"],"yoast_head":"<!-- This site is optimized with the Yoast SEO plugin v26.6 - https:\/\/yoast.com\/wordpress\/plugins\/seo\/ -->\n<title>Paal Pedersen - v\u00e5r ordf\u00f8rer - Lindesnes H\u00f8yre<\/title>\n<meta name=\"robots\" content=\"index, follow, max-snippet:-1, max-image-preview:large, max-video-preview:-1\" \/>\n<link rel=\"canonical\" href=\"https:\/\/hoyre.no\/lindesnes\/paal-pedersen-var-ordforerkandidat\/\" \/>\n<meta property=\"og:locale\" content=\"nb_NO\" \/>\n<meta property=\"og:type\" content=\"article\" \/>\n<meta property=\"og:title\" content=\"Paal Pedersen - v\u00e5r ordf\u00f8rer - Lindesnes H\u00f8yre\" \/>\n<meta property=\"og:url\" content=\"https:\/\/hoyre.no\/lindesnes\/paal-pedersen-var-ordforerkandidat\/\" \/>\n<meta property=\"og:site_name\" content=\"Lindesnes H\u00f8yre\" \/>\n<meta property=\"article:modified_time\" content=\"2025-11-06T12:38:18+00:00\" \/>\n<meta property=\"og:image\" content=\"https:\/\/hoyre.no\/content\/uploads\/sites\/26\/2022\/11\/2020_RGB_hoyre_logo_profilbilde_011.png\" \/>\n\t<meta property=\"og:image:width\" content=\"1000\" \/>\n\t<meta property=\"og:image:height\" content=\"1000\" \/>\n\t<meta property=\"og:image:type\" content=\"image\/png\" \/>\n<meta name=\"twitter:card\" content=\"summary_large_image\" \/>\n<meta name=\"twitter:label1\" content=\"Ansl. lesetid\" \/>\n\t<meta name=\"twitter:data1\" content=\"5 minutter\" \/>\n<script type=\"application\/ld+json\" class=\"yoast-schema-graph\">{\"@context\":\"https:\/\/schema.org\",\"@graph\":[{\"@type\":\"WebPage\",\"@id\":\"https:\/\/hoyre.no\/lindesnes\/paal-pedersen-var-ordforerkandidat\/\",\"url\":\"https:\/\/hoyre.no\/lindesnes\/paal-pedersen-var-ordforerkandidat\/\",\"name\":\"Paal Pedersen - v\u00e5r ordf\u00f8rer - Lindesnes H\u00f8yre\",\"isPartOf\":{\"@id\":\"https:\/\/hoyre.no\/lindesnes\/#website\"},\"datePublished\":\"2023-05-30T11:39:22+00:00\",\"dateModified\":\"2025-11-06T12:38:18+00:00\",\"breadcrumb\":{\"@id\":\"https:\/\/hoyre.no\/lindesnes\/paal-pedersen-var-ordforerkandidat\/#breadcrumb\"},\"inLanguage\":\"nb-NO\",\"potentialAction\":[{\"@type\":\"ReadAction\",\"target\":[\"https:\/\/hoyre.no\/lindesnes\/paal-pedersen-var-ordforerkandidat\/\"]}]},{\"@type\":\"BreadcrumbList\",\"@id\":\"https:\/\/hoyre.no\/lindesnes\/paal-pedersen-var-ordforerkandidat\/#breadcrumb\",\"itemListElement\":[{\"@type\":\"ListItem\",\"position\":1,\"name\":\"Til hoyre.no\",\"item\":\"https:\/\/hoyre.no\"},{\"@type\":\"ListItem\",\"position\":2,\"name\":\"Hjem\",\"item\":\"https:\/\/hoyre.no\/lindesnes\/\"},{\"@type\":\"ListItem\",\"position\":3,\"name\":\"Paal Pedersen &#8211; v\u00e5r ordf\u00f8rer\"}]},{\"@type\":\"WebSite\",\"@id\":\"https:\/\/hoyre.no\/lindesnes\/#website\",\"url\":\"https:\/\/hoyre.no\/lindesnes\/\",\"name\":\"Lindesnes H\u00f8yre\",\"description\":\"Bare enda et H\u00f8yres nettsteder-nettsted\",\"inLanguage\":\"nb-NO\"}]}<\/script>\n<!-- \/ Yoast SEO plugin. -->","yoast_head_json":{"title":"Paal Pedersen - v\u00e5r ordf\u00f8rer - Lindesnes H\u00f8yre","robots":{"index":"index","follow":"follow","max-snippet":"max-snippet:-1","max-image-preview":"max-image-preview:large","max-video-preview":"max-video-preview:-1"},"canonical":"https:\/\/hoyre.no\/lindesnes\/paal-pedersen-var-ordforerkandidat\/","og_locale":"nb_NO","og_type":"article","og_title":"Paal Pedersen - v\u00e5r ordf\u00f8rer - Lindesnes H\u00f8yre","og_url":"https:\/\/hoyre.no\/lindesnes\/paal-pedersen-var-ordforerkandidat\/","og_site_name":"Lindesnes H\u00f8yre","article_modified_time":"2025-11-06T12:38:18+00:00","og_image":[{"width":1000,"height":1000,"url":"https:\/\/hoyre.no\/content\/uploads\/sites\/26\/2022\/11\/2020_RGB_hoyre_logo_profilbilde_011.png","type":"image\/png"}],"twitter_card":"summary_large_image","twitter_misc":{"Ansl. lesetid":"5 minutter"},"schema":{"@context":"https:\/\/schema.org","@graph":[{"@type":"WebPage","@id":"https:\/\/hoyre.no\/lindesnes\/paal-pedersen-var-ordforerkandidat\/","url":"https:\/\/hoyre.no\/lindesnes\/paal-pedersen-var-ordforerkandidat\/","name":"Paal Pedersen - v\u00e5r ordf\u00f8rer - Lindesnes H\u00f8yre","isPartOf":{"@id":"https:\/\/hoyre.no\/lindesnes\/#website"},"datePublished":"2023-05-30T11:39:22+00:00","dateModified":"2025-11-06T12:38:18+00:00","breadcrumb":{"@id":"https:\/\/hoyre.no\/lindesnes\/paal-pedersen-var-ordforerkandidat\/#breadcrumb"},"inLanguage":"nb-NO","potentialAction":[{"@type":"ReadAction","target":["https:\/\/hoyre.no\/lindesnes\/paal-pedersen-var-ordforerkandidat\/"]}]},{"@type":"BreadcrumbList","@id":"https:\/\/hoyre.no\/lindesnes\/paal-pedersen-var-ordforerkandidat\/#breadcrumb","itemListElement":[{"@type":"ListItem","position":1,"name":"Til hoyre.no","item":"https:\/\/hoyre.no"},{"@type":"ListItem","position":2,"name":"Hjem","item":"https:\/\/hoyre.no\/lindesnes\/"},{"@type":"ListItem","position":3,"name":"Paal Pedersen &#8211; v\u00e5r ordf\u00f8rer"}]},{"@type":"WebSite","@id":"https:\/\/hoyre.no\/lindesnes\/#website","url":"https:\/\/hoyre.no\/lindesnes\/","name":"Lindesnes H\u00f8yre","description":"Bare enda et H\u00f8yres nettsteder-nettsted","inLanguage":"nb-NO"}]}},"distributor_meta":false,"distributor_terms":false,"distributor_media":false,"distributor_original_site_name":"Lindesnes H\u00f8yre","distributor_original_site_url":"https:\/\/hoyre.no\/lindesnes","push-errors":false,"_links":{"self":[{"href":"https:\/\/hoyre.no\/lindesnes\/wp-json\/wp\/v2\/pages\/139","targetHints":{"allow":["GET"]}}],"collection":[{"href":"https:\/\/hoyre.no\/lindesnes\/wp-json\/wp\/v2\/pages"}],"about":[{"href":"https:\/\/hoyre.no\/lindesnes\/wp-json\/wp\/v2\/types\/page"}],"author":[{"embeddable":true,"href":"https:\/\/hoyre.no\/lindesnes\/wp-json\/wp\/v2\/users\/347"}],"replies":[{"embeddable":true,"href":"https:\/\/hoyre.no\/lindesnes\/wp-json\/wp\/v2\/comments?post=139"}],"version-history":[{"count":6,"href":"https:\/\/hoyre.no\/lindesnes\/wp-json\/wp\/v2\/pages\/139\/revisions"}],"predecessor-version":[{"id":245,"href":"https:\/\/hoyre.no\/lindesnes\/wp-json\/wp\/v2\/pages\/139\/revisions\/245"}],"wp:attachment":[{"href":"https:\/\/hoyre.no\/lindesnes\/wp-json\/wp\/v2\/media?parent=139"}],"curies":[{"name":"wp","href":"https:\/\/api.w.org\/{rel}","templated":true}]}}