{"id":140,"date":"2023-05-02T12:43:58","date_gmt":"2023-05-02T10:43:58","guid":{"rendered":"https:\/\/hoyre.no\/lindesnes\/?page_id=140"},"modified":"2023-07-21T10:45:31","modified_gmt":"2023-07-21T08:45:31","slug":"politikk","status":"publish","type":"page","link":"https:\/\/hoyre.no\/lindesnes\/politikk\/","title":{"rendered":"Politikk"},"content":{"rendered":"\n<div class=\"wp-block-hoyre-hero with-image-gradient text-color-light  alignfull has-background\"><div class=\"hoyre-hero \"><h1 class=\"title\">Politikk<\/h1><p class=\"preamble\">N\u00e5r frivilligheten, n\u00e6ringslivet og offentlig sektor spiller p\u00e5 lag, skapes det gode lokalsamfunn. H\u00f8yre tror p\u00e5 enkeltmenneskets evne og lyst til \u00e5 st\u00e5 p\u00e5 egne ben.<br><br>Det er v\u00e5r oppgave \u00e5 s\u00f8rge for at mennesker kan leve gode liv, uansett utgangspunkt. Vi skaper ikke politikk for kommunen, men for alle som bor der. H\u00f8yre tror p\u00e5 et samfunn som gir muligheter for alle.<\/p><\/div><\/div>\n\n\n\n\t\t<div class=\"has-lightest-blue-background-color is-layout-left alignwide alignwide wp-block-hoyre-media-text\">\n\t\t\t<div class=\"hoyre-media-text__media\">\n\t\t\t\t<img loading=\"lazy\" decoding=\"async\" width=\"1024\" height=\"604\" src=\"https:\/\/hoyre.no\/content\/uploads\/sites\/26\/2023\/05\/GettyImages-1134647287-1-1024x604.jpg\" class=\"hoyre-media-text__media-image\" alt=\"\" style=\"--focal: 36% 52%;\" srcset=\"https:\/\/hoyre.no\/content\/uploads\/sites\/26\/2023\/05\/GettyImages-1134647287-1-1024x604.jpg 1024w, https:\/\/hoyre.no\/content\/uploads\/sites\/26\/2023\/05\/GettyImages-1134647287-1-300x177.jpg 300w, https:\/\/hoyre.no\/content\/uploads\/sites\/26\/2023\/05\/GettyImages-1134647287-1-768x453.jpg 768w, https:\/\/hoyre.no\/content\/uploads\/sites\/26\/2023\/05\/GettyImages-1134647287-1-1536x906.jpg 1536w, https:\/\/hoyre.no\/content\/uploads\/sites\/26\/2023\/05\/GettyImages-1134647287-1-2048x1208.jpg 2048w\" sizes=\"auto, (max-width: 1024px) 100vw, 1024px\" \/>\n\t\t\t<\/div>\n\t\t\t<div class=\"hoyre-media-text__content\">\n\t\t\t\t<div class=\"hoyre-media-text__content-inner\">\n\t\t\t\t\t\n\t\t\t<div class=\"hoyre-media-text__title-container\">\n\t\t\t\t\n\t\t\t\t<h2 class=\"hoyre-media-text__title\">\u00c5tte gode grunner til \u00e5 stemme H\u00f8yre i Lindesnes<\/h2>\n\t\t\t<\/div>\n\t\t\t\n\t\t\t\t\t<div class=\"hoyre-media-text__blocks\">\n<p>H\u00f8yre vil mer for Lindesnes kommune. Vi vil at kommunen i mye st\u00f8rre grad skal v\u00e6re en JA-kommune som strekker seg langt for \u00e5 utvikle og ta hele kommunen i bruk. En H\u00f8yre-kommune satser p\u00e5 kvalitet i skolen, s\u00f8rger for en verdig og god eldreomsorg, er l\u00f8sningsorientert og m\u00f8ter den enkelte innbygger p\u00e5 en positiv m\u00e5te. Vi som bor i kommunen skaper mulighetene og velferden sammen.<\/p>\n<\/div>\n\t\t\t\t\t\n\t\t\t<div class=\"hoyre-media-text__buttons\">\n\t\t\t\t<a class=\"button\" href=\"https:\/\/hoyre.no\/lindesnes\/atte-gode-grunner-til-a-stemme-hoyre\/\">Les mer<\/a>\n\t\t\t<\/div>\n\t\t\t\n\t\t\t\t<\/div>\n\t\t\t<\/div>\n\t\t<\/div>\n\t\t\n\n\n<h2 class=\"wp-block-heading\">Les programmet vi g\u00e5r til valg p\u00e5<\/h2>\n\n\n\n<p>Her kan du laste ned Lindesnes H\u00f8yres valgprogram for 2023 \u2013 2027:<\/p>\n\n\n\n<div class=\"wp-block-teft-file icon-link-block\"><a href=\"https:\/\/hoyre.no\/content\/uploads\/sites\/26\/2023\/07\/Lindesnes-Hoyre_a5-endelig1-TRYKK25.pdf\" download><span class=\"file-title\">Lindesnes H\u00f8yres fullstendige valgprogram 2023 &#8211; 2027<\/span><span class=\"file-name\"><\/span><\/a><\/div>\n\n\n\n<p>Her kan du ogs\u00e5 laste ned kortprogrammet v\u00e5rt:<\/p>\n\n\n\n<div class=\"wp-block-teft-file icon-link-block\"><a href=\"https:\/\/hoyre.no\/content\/uploads\/sites\/26\/2023\/07\/Lindesnes-Hoyre_a5-kortprogram-TRYKK36.pdf\" download><span class=\"file-title\">Lindesnes H\u00f8yres kortprogram for valgkampen 2023<\/span><span class=\"file-name\"><\/span><\/a><\/div>\n\n\n","protected":false},"excerpt":{"rendered":"<p>Les programmet vi g\u00e5r til valg p\u00e5 Her kan du laste ned Lindesnes H\u00f8yres valgprogram for 2023 \u2013 2027: Her kan du ogs\u00e5 laste ned kortprogrammet v\u00e5rt:<\/p>\n","protected":false},"author":347,"featured_media":0,"parent":0,"menu_order":0,"comment_status":"closed","ping_status":"closed","template":"","meta":{"teft_cards_image_url":"","teft_cards_custom_pretitle":"","teft_cards_image_id":0,"teft_cards_image_focal_point_x":0,"teft_cards_image_focal_point_y":0,"teft_cards_title":"","teft_cards_excerpt":"","teft_show_chapters":false,"footnotes":""},"class_list":["post-140","page","type-page","status-publish","hentry"],"yoast_head":"<!-- This site is optimized with the Yoast SEO plugin v26.6 - https:\/\/yoast.com\/wordpress\/plugins\/seo\/ -->\n<title>Politikk - Lindesnes H\u00f8yre<\/title>\n<meta name=\"robots\" content=\"index, follow, max-snippet:-1, max-image-preview:large, max-video-preview:-1\" \/>\n<link rel=\"canonical\" href=\"https:\/\/hoyre.no\/lindesnes\/politikk\/\" \/>\n<meta property=\"og:locale\" content=\"nb_NO\" \/>\n<meta property=\"og:type\" content=\"article\" \/>\n<meta property=\"og:title\" content=\"Politikk - Lindesnes H\u00f8yre\" \/>\n<meta property=\"og:description\" content=\"Les programmet vi g\u00e5r til valg p\u00e5 Her kan du laste ned Lindesnes H\u00f8yres valgprogram for 2023 \u2013 2027: Her kan du ogs\u00e5 laste ned kortprogrammet v\u00e5rt:\" \/>\n<meta property=\"og:url\" content=\"https:\/\/hoyre.no\/lindesnes\/politikk\/\" \/>\n<meta property=\"og:site_name\" content=\"Lindesnes H\u00f8yre\" \/>\n<meta property=\"article:modified_time\" content=\"2023-07-21T08:45:31+00:00\" \/>\n<meta property=\"og:image\" content=\"https:\/\/hoyre.no\/content\/uploads\/sites\/26\/2022\/11\/2020_RGB_hoyre_logo_profilbilde_011.png\" \/>\n\t<meta property=\"og:image:width\" content=\"1000\" \/>\n\t<meta property=\"og:image:height\" content=\"1000\" \/>\n\t<meta property=\"og:image:type\" content=\"image\/png\" \/>\n<meta name=\"twitter:card\" content=\"summary_large_image\" \/>\n<meta name=\"twitter:label1\" content=\"Ansl. lesetid\" \/>\n\t<meta name=\"twitter:data1\" content=\"1 minutt\" \/>\n<script type=\"application\/ld+json\" class=\"yoast-schema-graph\">{\"@context\":\"https:\/\/schema.org\",\"@graph\":[{\"@type\":\"WebPage\",\"@id\":\"https:\/\/hoyre.no\/lindesnes\/politikk\/\",\"url\":\"https:\/\/hoyre.no\/lindesnes\/politikk\/\",\"name\":\"Politikk - Lindesnes H\u00f8yre\",\"isPartOf\":{\"@id\":\"https:\/\/hoyre.no\/lindesnes\/#website\"},\"datePublished\":\"2023-05-02T10:43:58+00:00\",\"dateModified\":\"2023-07-21T08:45:31+00:00\",\"breadcrumb\":{\"@id\":\"https:\/\/hoyre.no\/lindesnes\/politikk\/#breadcrumb\"},\"inLanguage\":\"nb-NO\",\"potentialAction\":[{\"@type\":\"ReadAction\",\"target\":[\"https:\/\/hoyre.no\/lindesnes\/politikk\/\"]}]},{\"@type\":\"BreadcrumbList\",\"@id\":\"https:\/\/hoyre.no\/lindesnes\/politikk\/#breadcrumb\",\"itemListElement\":[{\"@type\":\"ListItem\",\"position\":1,\"name\":\"Til hoyre.no\",\"item\":\"https:\/\/hoyre.no\"},{\"@type\":\"ListItem\",\"position\":2,\"name\":\"Hjem\",\"item\":\"https:\/\/hoyre.no\/lindesnes\/\"},{\"@type\":\"ListItem\",\"position\":3,\"name\":\"Politikk\"}]},{\"@type\":\"WebSite\",\"@id\":\"https:\/\/hoyre.no\/lindesnes\/#website\",\"url\":\"https:\/\/hoyre.no\/lindesnes\/\",\"name\":\"Lindesnes H\u00f8yre\",\"description\":\"Bare enda et H\u00f8yres nettsteder-nettsted\",\"inLanguage\":\"nb-NO\"}]}<\/script>\n<!-- \/ Yoast SEO plugin. -->","yoast_head_json":{"title":"Politikk - Lindesnes H\u00f8yre","robots":{"index":"index","follow":"follow","max-snippet":"max-snippet:-1","max-image-preview":"max-image-preview:large","max-video-preview":"max-video-preview:-1"},"canonical":"https:\/\/hoyre.no\/lindesnes\/politikk\/","og_locale":"nb_NO","og_type":"article","og_title":"Politikk - Lindesnes H\u00f8yre","og_description":"Les programmet vi g\u00e5r til valg p\u00e5 Her kan du laste ned Lindesnes H\u00f8yres valgprogram for 2023 \u2013 2027: Her kan du ogs\u00e5 laste ned kortprogrammet v\u00e5rt:","og_url":"https:\/\/hoyre.no\/lindesnes\/politikk\/","og_site_name":"Lindesnes H\u00f8yre","article_modified_time":"2023-07-21T08:45:31+00:00","og_image":[{"width":1000,"height":1000,"url":"https:\/\/hoyre.no\/content\/uploads\/sites\/26\/2022\/11\/2020_RGB_hoyre_logo_profilbilde_011.png","type":"image\/png"}],"twitter_card":"summary_large_image","twitter_misc":{"Ansl. lesetid":"1 minutt"},"schema":{"@context":"https:\/\/schema.org","@graph":[{"@type":"WebPage","@id":"https:\/\/hoyre.no\/lindesnes\/politikk\/","url":"https:\/\/hoyre.no\/lindesnes\/politikk\/","name":"Politikk - Lindesnes H\u00f8yre","isPartOf":{"@id":"https:\/\/hoyre.no\/lindesnes\/#website"},"datePublished":"2023-05-02T10:43:58+00:00","dateModified":"2023-07-21T08:45:31+00:00","breadcrumb":{"@id":"https:\/\/hoyre.no\/lindesnes\/politikk\/#breadcrumb"},"inLanguage":"nb-NO","potentialAction":[{"@type":"ReadAction","target":["https:\/\/hoyre.no\/lindesnes\/politikk\/"]}]},{"@type":"BreadcrumbList","@id":"https:\/\/hoyre.no\/lindesnes\/politikk\/#breadcrumb","itemListElement":[{"@type":"ListItem","position":1,"name":"Til hoyre.no","item":"https:\/\/hoyre.no"},{"@type":"ListItem","position":2,"name":"Hjem","item":"https:\/\/hoyre.no\/lindesnes\/"},{"@type":"ListItem","position":3,"name":"Politikk"}]},{"@type":"WebSite","@id":"https:\/\/hoyre.no\/lindesnes\/#website","url":"https:\/\/hoyre.no\/lindesnes\/","name":"Lindesnes H\u00f8yre","description":"Bare enda et H\u00f8yres nettsteder-nettsted","inLanguage":"nb-NO"}]}},"distributor_meta":false,"distributor_terms":false,"distributor_media":false,"distributor_original_site_name":"Lindesnes H\u00f8yre","distributor_original_site_url":"https:\/\/hoyre.no\/lindesnes","push-errors":false,"_links":{"self":[{"href":"https:\/\/hoyre.no\/lindesnes\/wp-json\/wp\/v2\/pages\/140","targetHints":{"allow":["GET"]}}],"collection":[{"href":"https:\/\/hoyre.no\/lindesnes\/wp-json\/wp\/v2\/pages"}],"about":[{"href":"https:\/\/hoyre.no\/lindesnes\/wp-json\/wp\/v2\/types\/page"}],"author":[{"embeddable":true,"href":"https:\/\/hoyre.no\/lindesnes\/wp-json\/wp\/v2\/users\/347"}],"replies":[{"embeddable":true,"href":"https:\/\/hoyre.no\/lindesnes\/wp-json\/wp\/v2\/comments?post=140"}],"version-history":[{"count":3,"href":"https:\/\/hoyre.no\/lindesnes\/wp-json\/wp\/v2\/pages\/140\/revisions"}],"predecessor-version":[{"id":206,"href":"https:\/\/hoyre.no\/lindesnes\/wp-json\/wp\/v2\/pages\/140\/revisions\/206"}],"wp:attachment":[{"href":"https:\/\/hoyre.no\/lindesnes\/wp-json\/wp\/v2\/media?parent=140"}],"curies":[{"name":"wp","href":"https:\/\/api.w.org\/{rel}","templated":true}]}}