{"id":241,"date":"2022-09-24T17:34:49","date_gmt":"2022-09-24T15:34:49","guid":{"rendered":"https:\/\/hoyre.no\/lorenskog\/?page_id=241"},"modified":"2024-12-16T15:42:22","modified_gmt":"2024-12-16T14:42:22","slug":"amine-mabel-andresen-var-ordforerkandidat","status":"publish","type":"page","link":"https:\/\/hoyre.no\/lorenskog\/amine-mabel-andresen-var-ordforerkandidat\/","title":{"rendered":"Amine Mabel Andresen &#8211; v\u00e5r ordf\u00f8rerkandidat"},"content":{"rendered":"\n<div class=\"wp-block-hoyre-hero with-image-gradient text-color-light  has-media alignfull has-background\"><div class=\"hoyre-hero has-image\"><h1 class=\"title\">Ordf\u00f8rer Amine Mabel Andresen <\/h1><figure class=\"hoyre-image-wrapper\"><div class=\"hoyre-image\"><img loading=\"lazy\" decoding=\"async\" width=\"2500\" height=\"1667\" src=\"https:\/\/hoyre.no\/content\/uploads\/sites\/178\/2022\/09\/1j2Sh6K0-scaled.jpeg\" class=\"attachment-scaled size-scaled\" alt=\"\" style=\"object-position: 62% 41%\" srcset=\"https:\/\/hoyre.no\/content\/uploads\/sites\/178\/2022\/09\/1j2Sh6K0-scaled.jpeg 2500w, https:\/\/hoyre.no\/content\/uploads\/sites\/178\/2022\/09\/1j2Sh6K0-300x200.jpeg 300w, https:\/\/hoyre.no\/content\/uploads\/sites\/178\/2022\/09\/1j2Sh6K0-1024x683.jpeg 1024w, https:\/\/hoyre.no\/content\/uploads\/sites\/178\/2022\/09\/1j2Sh6K0-768x512.jpeg 768w, https:\/\/hoyre.no\/content\/uploads\/sites\/178\/2022\/09\/1j2Sh6K0-1536x1024.jpeg 1536w, https:\/\/hoyre.no\/content\/uploads\/sites\/178\/2022\/09\/1j2Sh6K0-2048x1365.jpeg 2048w\" sizes=\"auto, (max-width: 2500px) 100vw, 2500px\" \/><\/div><\/figure><\/div><\/div>\n\n\n\n\n<div class=\"wp-block-buttons is-layout-flex wp-block-buttons-is-layout-flex\">\n<div class=\"wp-block-button\"><a class=\"wp-block-button__link wp-element-button\" href=\"https:\/\/hoyre.no\/nyhetsbrev\/\">ABONNER P\u00c5 H\u00d8YRES NYHETSBREV<\/a><\/div>\n\n\n\n<div class=\"wp-block-button\"><a class=\"wp-block-button__link wp-element-button\" href=\"https:\/\/hoyre.no\/personprofiler\/amine-mabel-andresen\/\">KOM I KONTAKT MED AMINE<\/a><\/div>\n\n\n\n<div class=\"wp-block-button\"><a class=\"wp-block-button__link wp-element-button\" href=\"https:\/\/www.facebook.com\/lorenskog.hoyre\">F\u00d8LG L\u00d8RENSKOG H\u00d8YRE P\u00c5 FACEBOK<\/a><\/div>\n<\/div>\n\n\n\n<div class=\"wp-block-hoyre-banner undefined has-icon-title icon-heart\"><div class=\"banner-inner\"><div class=\"banner-content\"><div class=\"entry-content\">\n<h2 class=\"wp-block-heading has-text-align-center\">Bli bedre kjent med Amine!<\/h2>\n\n\n\n<p class=\"has-text-align-left\"><strong>Alder:<\/strong> 48 \u00e5r<\/p>\n\n\n\n<p class=\"has-text-align-left\"><strong>Bosted:<\/strong> Finstadjordet<\/p>\n\n\n\n<p class=\"has-text-align-left\"><strong>Jobb:<\/strong> Ordf\u00f8rer i L\u00f8renskog<\/p>\n\n\n\n<p class=\"has-text-align-left\"><strong>Bakgrunn:<\/strong> Alltid v\u00e6rt sterkt engasjert i frivillige organisasjoner, og har hatt flere styreverv. Engasjert trebarnsmor.<\/p>\n\n\n\n<p class=\"has-text-align-left\"><\/p>\n\n\n\n<div class=\"wp-block-buttons is-layout-flex wp-block-buttons-is-layout-flex\"><\/div>\n<\/div><\/div><\/div><\/div>\n\n\n\n<figure class=\"wp-block-teft-gallery columns-3 count-3 rows-2 is-cropped\"><ul class=\"teft-gallery-grid\"><li class=\"teft-gallery-item \"><figure><a href=\"https:\/\/hoyre.no\/content\/uploads\/sites\/178\/2022\/08\/amine-1.jpeg\" data-size=\"960x652\"><img loading=\"lazy\" decoding=\"async\" width=\"960\" height=\"652\" src=\"https:\/\/hoyre.no\/content\/uploads\/sites\/178\/2022\/08\/amine-1.jpeg\" class=\"attachment-large size-large\" alt=\"\" srcset=\"https:\/\/hoyre.no\/content\/uploads\/sites\/178\/2022\/08\/amine-1.jpeg 960w, https:\/\/hoyre.no\/content\/uploads\/sites\/178\/2022\/08\/amine-1-300x204.jpeg 300w, https:\/\/hoyre.no\/content\/uploads\/sites\/178\/2022\/08\/amine-1-768x522.jpeg 768w\" sizes=\"auto, (max-width: 960px) 100vw, 960px\" \/ data-full-url=\"https:\/\/hoyre.no\/content\/uploads\/sites\/178\/2022\/08\/amine-1.jpeg\" data-id=\"243\" data-caption=\"243\"\/><\/a><\/figure><\/li><li class=\"teft-gallery-item \"><figure><a href=\"https:\/\/hoyre.no\/content\/uploads\/sites\/178\/2022\/08\/amine-2.jpeg\" data-size=\"720x960\"><img loading=\"lazy\" decoding=\"async\" width=\"720\" height=\"960\" src=\"https:\/\/hoyre.no\/content\/uploads\/sites\/178\/2022\/08\/amine-2.jpeg\" class=\"attachment-large size-large\" alt=\"\" srcset=\"https:\/\/hoyre.no\/content\/uploads\/sites\/178\/2022\/08\/amine-2.jpeg 720w, https:\/\/hoyre.no\/content\/uploads\/sites\/178\/2022\/08\/amine-2-225x300.jpeg 225w\" sizes=\"auto, (max-width: 720px) 100vw, 720px\" \/ data-full-url=\"https:\/\/hoyre.no\/content\/uploads\/sites\/178\/2022\/08\/amine-2.jpeg\" data-id=\"244\" data-caption=\"244\"\/><\/a><\/figure><\/li><li class=\"teft-gallery-item \"><figure><a href=\"https:\/\/hoyre.no\/content\/uploads\/sites\/178\/2022\/08\/amine-4.jpeg\" data-size=\"1408x2500\"><img loading=\"lazy\" decoding=\"async\" width=\"577\" height=\"1024\" src=\"https:\/\/hoyre.no\/content\/uploads\/sites\/178\/2022\/08\/amine-4-577x1024.jpeg\" class=\"attachment-large size-large\" alt=\"\" srcset=\"https:\/\/hoyre.no\/content\/uploads\/sites\/178\/2022\/08\/amine-4-577x1024.jpeg 577w, https:\/\/hoyre.no\/content\/uploads\/sites\/178\/2022\/08\/amine-4-169x300.jpeg 169w, https:\/\/hoyre.no\/content\/uploads\/sites\/178\/2022\/08\/amine-4-768x1364.jpeg 768w, https:\/\/hoyre.no\/content\/uploads\/sites\/178\/2022\/08\/amine-4-865x1536.jpeg 865w, https:\/\/hoyre.no\/content\/uploads\/sites\/178\/2022\/08\/amine-4-1153x2048.jpeg 1153w, https:\/\/hoyre.no\/content\/uploads\/sites\/178\/2022\/08\/amine-4.jpeg 1408w\" sizes=\"auto, (max-width: 577px) 100vw, 577px\" \/ data-full-url=\"https:\/\/hoyre.no\/content\/uploads\/sites\/178\/2022\/08\/amine-4.jpeg\" data-id=\"245\" data-caption=\"245\"\/><\/a><\/figure><\/li><\/ul><\/figure>\n\n\n\n<h2 class=\"wp-block-heading has-text-align-center\">Amines hjertesak<\/h2>\n\n\n\n<p>\ud83d\udc99 <strong><strong>Et L\u00f8renskog for alle<\/strong><\/strong><\/p>\n\n\n\n<p>Jeg er opptatt av at L\u00f8renskog skal v\u00e6re et godt og trygt sted \u00e5 bo for alle, uansett hvor i livet man er. L\u00f8renskog skal v\u00e6re en milj\u00f8vennlig kommune. Det er viktig at vi tar vare p\u00e5 naturmangfoldet i kommunen v\u00e5r. <\/p>\n\n\n\n<p>Jeg vil arbeide for at barna v\u00e5re skal ha en god og trygg barndom med kvalitet i barnehage og skole, uten mobbing, og med et godt og variert fritidstilbud<\/p>\n\n\n\n<section class=\"wp-block-hoyre-branch-contact-person alignwide\">\n\t<div class=\"block-inner\">\n\t\t\n<div class=\"politician-info-wrapper\">\n\t<div class=\"politician-image-wrapper\">\n\t\t<div class=\"politician-image\">\n\t\t\t\t\t\t\t\t\t\t\t<a href=\"https:\/\/res.cloudinary.com\/hoyre\/image\/upload\/g_face:center,d_defaultprofileimg3.jpg,fl_lossy,f_auto\/v200902\/51299758.jpg\">\n\t\t\t\t\t<img decoding=\"async\" src=\"https:\/\/res.cloudinary.com\/hoyre\/image\/upload\/c_thumb,g_face:center,h_500,w_500,d_defaultprofileimg3.jpg,fl_lossy,f_auto\/w_500\/v20230420\/51299758.jpg\" alt=\"Profilbilde\" style=\"object-position: 50% 50%\" \/>\n\t\t\t\t<\/a>\n\t\t\t\t\t<\/div>\n\t\t\t<\/div>\n\t<div class=\"politician-details\">\n\t\t\t\t\t<h1 class=\"politician-name\"><a href=\"https:\/\/hoyre.no\/personprofiler\/amine-mabel-andresen\/\">Amine Mabel Andresen<\/a><\/h1>\n\t\t\t\t\t\t\t\t<h2 class=\"politician-title\">Ordf\u00f8rer L\u00f8renskog<\/h2>\n\t\t\t\t\t<\/div>\n<\/div>\n\t<\/div>\n<\/section>\n\n","protected":false},"excerpt":{"rendered":"","protected":false},"author":31684,"featured_media":0,"parent":0,"menu_order":0,"comment_status":"closed","ping_status":"closed","template":"","meta":{"teft_cards_image_url":"","teft_cards_custom_pretitle":"","teft_cards_image_id":268,"teft_cards_image_focal_point_x":0.5,"teft_cards_image_focal_point_y":0.5,"teft_cards_title":"","teft_cards_excerpt":"","teft_show_chapters":false,"footnotes":""},"class_list":["post-241","page","type-page","status-publish","hentry"],"yoast_head":"<!-- This site is optimized with the Yoast SEO plugin v26.6 - https:\/\/yoast.com\/wordpress\/plugins\/seo\/ -->\n<title>Amine Mabel Andresen - v\u00e5r ordf\u00f8rerkandidat - L\u00f8renskog H\u00f8yre<\/title>\n<meta name=\"robots\" content=\"index, follow, max-snippet:-1, max-image-preview:large, max-video-preview:-1\" \/>\n<link rel=\"canonical\" href=\"https:\/\/hoyre.no\/lorenskog\/amine-mabel-andresen-var-ordforerkandidat\/\" \/>\n<meta property=\"og:locale\" content=\"nb_NO\" \/>\n<meta property=\"og:type\" content=\"article\" \/>\n<meta property=\"og:title\" content=\"Amine Mabel Andresen - v\u00e5r ordf\u00f8rerkandidat - L\u00f8renskog H\u00f8yre\" \/>\n<meta property=\"og:url\" content=\"https:\/\/hoyre.no\/lorenskog\/amine-mabel-andresen-var-ordforerkandidat\/\" \/>\n<meta property=\"og:site_name\" content=\"L\u00f8renskog H\u00f8yre\" \/>\n<meta property=\"article:modified_time\" content=\"2024-12-16T14:42:22+00:00\" \/>\n<meta property=\"og:image\" content=\"https:\/\/hoyre.no\/content\/uploads\/sites\/178\/2022\/09\/1j2Sh6K0-1024x683.jpeg\" \/>\n<meta name=\"twitter:card\" content=\"summary_large_image\" \/>\n<meta name=\"twitter:label1\" content=\"Ansl. lesetid\" \/>\n\t<meta name=\"twitter:data1\" content=\"1 minutt\" \/>\n<script type=\"application\/ld+json\" class=\"yoast-schema-graph\">{\"@context\":\"https:\/\/schema.org\",\"@graph\":[{\"@type\":\"WebPage\",\"@id\":\"https:\/\/hoyre.no\/lorenskog\/amine-mabel-andresen-var-ordforerkandidat\/\",\"url\":\"https:\/\/hoyre.no\/lorenskog\/amine-mabel-andresen-var-ordforerkandidat\/\",\"name\":\"Amine Mabel Andresen - v\u00e5r ordf\u00f8rerkandidat - L\u00f8renskog H\u00f8yre\",\"isPartOf\":{\"@id\":\"https:\/\/hoyre.no\/lorenskog\/#website\"},\"datePublished\":\"2022-09-24T15:34:49+00:00\",\"dateModified\":\"2024-12-16T14:42:22+00:00\",\"breadcrumb\":{\"@id\":\"https:\/\/hoyre.no\/lorenskog\/amine-mabel-andresen-var-ordforerkandidat\/#breadcrumb\"},\"inLanguage\":\"nb-NO\",\"potentialAction\":[{\"@type\":\"ReadAction\",\"target\":[\"https:\/\/hoyre.no\/lorenskog\/amine-mabel-andresen-var-ordforerkandidat\/\"]}]},{\"@type\":\"BreadcrumbList\",\"@id\":\"https:\/\/hoyre.no\/lorenskog\/amine-mabel-andresen-var-ordforerkandidat\/#breadcrumb\",\"itemListElement\":[{\"@type\":\"ListItem\",\"position\":1,\"name\":\"Til hoyre.no\",\"item\":\"https:\/\/hoyre.no\"},{\"@type\":\"ListItem\",\"position\":2,\"name\":\"Hjem\",\"item\":\"https:\/\/hoyre.no\/lorenskog\/\"},{\"@type\":\"ListItem\",\"position\":3,\"name\":\"Amine Mabel Andresen &#8211; v\u00e5r ordf\u00f8rerkandidat\"}]},{\"@type\":\"WebSite\",\"@id\":\"https:\/\/hoyre.no\/lorenskog\/#website\",\"url\":\"https:\/\/hoyre.no\/lorenskog\/\",\"name\":\"L\u00f8renskog H\u00f8yre\",\"description\":\"Bare enda et H\u00f8yres nettsteder-nettsted\",\"inLanguage\":\"nb-NO\"}]}<\/script>\n<!-- \/ Yoast SEO plugin. -->","yoast_head_json":{"title":"Amine Mabel Andresen - v\u00e5r ordf\u00f8rerkandidat - L\u00f8renskog H\u00f8yre","robots":{"index":"index","follow":"follow","max-snippet":"max-snippet:-1","max-image-preview":"max-image-preview:large","max-video-preview":"max-video-preview:-1"},"canonical":"https:\/\/hoyre.no\/lorenskog\/amine-mabel-andresen-var-ordforerkandidat\/","og_locale":"nb_NO","og_type":"article","og_title":"Amine Mabel Andresen - v\u00e5r ordf\u00f8rerkandidat - L\u00f8renskog H\u00f8yre","og_url":"https:\/\/hoyre.no\/lorenskog\/amine-mabel-andresen-var-ordforerkandidat\/","og_site_name":"L\u00f8renskog H\u00f8yre","article_modified_time":"2024-12-16T14:42:22+00:00","og_image":[{"url":"https:\/\/hoyre.no\/content\/uploads\/sites\/178\/2022\/09\/1j2Sh6K0-1024x683.jpeg","width":"","height":"","type":""}],"twitter_card":"summary_large_image","twitter_misc":{"Ansl. lesetid":"1 minutt"},"schema":{"@context":"https:\/\/schema.org","@graph":[{"@type":"WebPage","@id":"https:\/\/hoyre.no\/lorenskog\/amine-mabel-andresen-var-ordforerkandidat\/","url":"https:\/\/hoyre.no\/lorenskog\/amine-mabel-andresen-var-ordforerkandidat\/","name":"Amine Mabel Andresen - v\u00e5r ordf\u00f8rerkandidat - L\u00f8renskog H\u00f8yre","isPartOf":{"@id":"https:\/\/hoyre.no\/lorenskog\/#website"},"datePublished":"2022-09-24T15:34:49+00:00","dateModified":"2024-12-16T14:42:22+00:00","breadcrumb":{"@id":"https:\/\/hoyre.no\/lorenskog\/amine-mabel-andresen-var-ordforerkandidat\/#breadcrumb"},"inLanguage":"nb-NO","potentialAction":[{"@type":"ReadAction","target":["https:\/\/hoyre.no\/lorenskog\/amine-mabel-andresen-var-ordforerkandidat\/"]}]},{"@type":"BreadcrumbList","@id":"https:\/\/hoyre.no\/lorenskog\/amine-mabel-andresen-var-ordforerkandidat\/#breadcrumb","itemListElement":[{"@type":"ListItem","position":1,"name":"Til hoyre.no","item":"https:\/\/hoyre.no"},{"@type":"ListItem","position":2,"name":"Hjem","item":"https:\/\/hoyre.no\/lorenskog\/"},{"@type":"ListItem","position":3,"name":"Amine Mabel Andresen &#8211; v\u00e5r ordf\u00f8rerkandidat"}]},{"@type":"WebSite","@id":"https:\/\/hoyre.no\/lorenskog\/#website","url":"https:\/\/hoyre.no\/lorenskog\/","name":"L\u00f8renskog H\u00f8yre","description":"Bare enda et H\u00f8yres nettsteder-nettsted","inLanguage":"nb-NO"}]}},"distributor_meta":false,"distributor_terms":false,"distributor_media":false,"distributor_original_site_name":"L\u00f8renskog H\u00f8yre","distributor_original_site_url":"https:\/\/hoyre.no\/lorenskog","push-errors":false,"_links":{"self":[{"href":"https:\/\/hoyre.no\/lorenskog\/wp-json\/wp\/v2\/pages\/241","targetHints":{"allow":["GET"]}}],"collection":[{"href":"https:\/\/hoyre.no\/lorenskog\/wp-json\/wp\/v2\/pages"}],"about":[{"href":"https:\/\/hoyre.no\/lorenskog\/wp-json\/wp\/v2\/types\/page"}],"author":[{"embeddable":true,"href":"https:\/\/hoyre.no\/lorenskog\/wp-json\/wp\/v2\/users\/31684"}],"replies":[{"embeddable":true,"href":"https:\/\/hoyre.no\/lorenskog\/wp-json\/wp\/v2\/comments?post=241"}],"version-history":[{"count":8,"href":"https:\/\/hoyre.no\/lorenskog\/wp-json\/wp\/v2\/pages\/241\/revisions"}],"predecessor-version":[{"id":422,"href":"https:\/\/hoyre.no\/lorenskog\/wp-json\/wp\/v2\/pages\/241\/revisions\/422"}],"wp:attachment":[{"href":"https:\/\/hoyre.no\/lorenskog\/wp-json\/wp\/v2\/media?parent=241"}],"curies":[{"name":"wp","href":"https:\/\/api.w.org\/{rel}","templated":true}]}}