{"id":298,"date":"2023-02-06T13:16:39","date_gmt":"2023-02-06T12:16:39","guid":{"rendered":"https:\/\/hoyre.no\/lorenskog\/?page_id=298"},"modified":"2024-12-16T15:40:51","modified_gmt":"2024-12-16T14:40:51","slug":"5-grunner-til-a-stemme-lorenskog-hoyre","status":"publish","type":"page","link":"https:\/\/hoyre.no\/lorenskog\/politikk\/5-grunner-til-a-stemme-lorenskog-hoyre\/","title":{"rendered":"5 grunner til \u00e5 stemme L\u00f8renskog H\u00f8yre"},"content":{"rendered":"\n<div class=\"wp-block-hoyre-hero with-image-gradient text-color-light  has-media alignfull has-background\"><div class=\"hoyre-hero has-image\"><h1 class=\"title\">Fem grunner til \u00e5 stemme L\u00f8renskog H\u00f8yre<\/h1><figure class=\"hoyre-image-wrapper\"><div class=\"hoyre-image\"><img loading=\"lazy\" decoding=\"async\" width=\"1729\" height=\"973\" src=\"https:\/\/hoyre.no\/content\/uploads\/sites\/178\/2022\/07\/20220702_214534-EFFECTS.jpg\" class=\"attachment-scaled size-scaled\" alt=\"\" style=\"object-position: 47% 56.00000000000001%\" srcset=\"https:\/\/hoyre.no\/content\/uploads\/sites\/178\/2022\/07\/20220702_214534-EFFECTS.jpg 1729w, https:\/\/hoyre.no\/content\/uploads\/sites\/178\/2022\/07\/20220702_214534-EFFECTS-300x169.jpg 300w, https:\/\/hoyre.no\/content\/uploads\/sites\/178\/2022\/07\/20220702_214534-EFFECTS-1024x576.jpg 1024w, https:\/\/hoyre.no\/content\/uploads\/sites\/178\/2022\/07\/20220702_214534-EFFECTS-768x432.jpg 768w, https:\/\/hoyre.no\/content\/uploads\/sites\/178\/2022\/07\/20220702_214534-EFFECTS-1536x864.jpg 1536w\" sizes=\"auto, (max-width: 1729px) 100vw, 1729px\" \/><\/div><\/figure><\/div><\/div>\n\n\n\n\n\n\n<div class=\"wp-block-media-text alignwide is-stacked-on-mobile is-vertically-aligned-center\"><figure class=\"wp-block-media-text__media\"><img loading=\"lazy\" decoding=\"async\" width=\"1024\" height=\"577\" src=\"https:\/\/hoyre.no\/content\/uploads\/sites\/178\/2022\/06\/20220508_182333-1024x577.jpg\" alt=\"\" class=\"wp-image-220 size-full\" srcset=\"https:\/\/hoyre.no\/content\/uploads\/sites\/178\/2022\/06\/20220508_182333-1024x577.jpg 1024w, https:\/\/hoyre.no\/content\/uploads\/sites\/178\/2022\/06\/20220508_182333-300x169.jpg 300w, https:\/\/hoyre.no\/content\/uploads\/sites\/178\/2022\/06\/20220508_182333-768x432.jpg 768w, https:\/\/hoyre.no\/content\/uploads\/sites\/178\/2022\/06\/20220508_182333-1536x865.jpg 1536w, https:\/\/hoyre.no\/content\/uploads\/sites\/178\/2022\/06\/20220508_182333-2048x1153.jpg 2048w\" sizes=\"auto, (max-width: 1024px) 100vw, 1024px\" \/><\/figure><div class=\"wp-block-media-text__content\">\n<h2 class=\"wp-block-heading\" id=\"h-1-vi-skal-bli-flere-bergensere\">1. <strong>F\u00e5 kontroll p\u00e5 utbyggingen<\/strong><\/h2>\n\n\n\n<p>I mange \u00e5r har det v\u00e6rt alt for stor aktivitet. Utbyggingen har ofte g\u00e5tt utover de innbyggerne som alt bor i kommunen, og har f\u00f8rt til at det \u00f8konomiske handlingsrommet er sterkt redusert. H\u00f8yre i L\u00f8renskog har alltid hevdet at b\u00e5de teknisk og sosial infrastruktur m\u00e5 v\u00e6re p\u00e5 plass f\u00f8r man godkjenner utbyggingsprosjekter, og godt og trygt bomilj\u00f8 er et krav fra L\u00f8renskog H\u00f8yre. Det skal ikke bygges h\u00f8yt og tett, men en variert bebyggelse hvor man har fokus p\u00e5 gr\u00f8nne lunger.&nbsp;<\/p>\n<\/div><\/div>\n\n\n\n<div class=\"wp-block-media-text alignwide has-media-on-the-right is-stacked-on-mobile is-vertically-aligned-center\"><div class=\"wp-block-media-text__content\">\n<h2 class=\"wp-block-heading\" id=\"h-2-hoyre-vil-fa-laerelyst-tilbake-i-bergensskolen\">2. <strong>I L\u00f8renskog skal vi l\u00f8fte alle barn<\/strong><\/h2>\n\n\n\n<p>L\u00f8renskog-skolen skal l\u00f8fte alle elever slik at de kan innfri sine dr\u00f8mmer og ambisjoner. Et godt l\u00e6ringsmilj\u00f8 med h\u00f8y trivsel er en forutsetning for \u00e5 kunne n\u00e5 sine m\u00e5l. I L\u00f8renskog skal alle barn, uavhengig av bakgrunn, ha rett til en trygg og god oppvekst og skolehverdag. Det skal v\u00e6re nulltoleranse for mobbing. Vi vil legge til rette for \u00e5 ansette flere med h\u00f8y faglig kompetanse, i tillegg til kompetanseheving gjennom videre- og etterutdanning.&nbsp;<\/p>\n<\/div><figure class=\"wp-block-media-text__media\"><img loading=\"lazy\" decoding=\"async\" width=\"770\" height=\"513\" src=\"https:\/\/hoyre.no\/content\/uploads\/sites\/178\/2020\/11\/design_uten_navn_7.png\" alt=\"\" class=\"wp-image-42 size-full\" srcset=\"https:\/\/hoyre.no\/content\/uploads\/sites\/178\/2020\/11\/design_uten_navn_7.png 770w, https:\/\/hoyre.no\/content\/uploads\/sites\/178\/2020\/11\/design_uten_navn_7-300x200.png 300w, https:\/\/hoyre.no\/content\/uploads\/sites\/178\/2020\/11\/design_uten_navn_7-768x512.png 768w\" sizes=\"auto, (max-width: 770px) 100vw, 770px\" \/><\/figure><\/div>\n\n\n\n<div class=\"wp-block-media-text alignwide is-stacked-on-mobile is-vertically-aligned-center\"><figure class=\"wp-block-media-text__media\"><img loading=\"lazy\" decoding=\"async\" width=\"770\" height=\"513\" src=\"https:\/\/hoyre.no\/content\/uploads\/sites\/178\/2020\/11\/design_uten_navn_6.png\" alt=\"\" class=\"wp-image-24 size-full\" srcset=\"https:\/\/hoyre.no\/content\/uploads\/sites\/178\/2020\/11\/design_uten_navn_6.png 770w, https:\/\/hoyre.no\/content\/uploads\/sites\/178\/2020\/11\/design_uten_navn_6-300x200.png 300w, https:\/\/hoyre.no\/content\/uploads\/sites\/178\/2020\/11\/design_uten_navn_6-768x512.png 768w\" sizes=\"auto, (max-width: 770px) 100vw, 770px\" \/><\/figure><div class=\"wp-block-media-text__content\">\n<h2 class=\"wp-block-heading\" id=\"h-3-bergen-hele-livet\">3. <strong>Kvalitet og valgfrihet i omsorgen<\/strong><\/h2>\n\n\n\n<p>Andelen eldre i kommunen \u00f8ker, flere har sammensatte omsorgsbehov og for mange er ensomme. L\u00f8renskog H\u00f8yre vil at alle eldre skal f\u00e5 muligheten til et aktivt og sosialt liv, god pleie, smakfulle m\u00e5ltider, og mer sammenhengende tjenester. Tjenestene skal preges av kvalitet og kompetanse. Enkeltmenneskets behov for omsorg skal st\u00e5 i sentrum.<\/p>\n<\/div><\/div>\n\n\n\n<div class=\"wp-block-media-text alignwide has-media-on-the-right is-stacked-on-mobile is-vertically-aligned-center\"><div class=\"wp-block-media-text__content\">\n<h2 class=\"wp-block-heading\">4. Et <strong>L\u00f8renskog for alle<\/strong><\/h2>\n\n\n\n<p>Den sterke innflyttingen i L\u00f8renskog har skapt utfordringer i ungdomsmilj\u00f8et. I unders\u00f8kelser sier mange at de f\u00f8ler seg utrygge. Det er uakseptabelt. L\u00f8renskog H\u00f8yre vil styrke arbeidet med \u00e5 trygge milj\u00f8et for alle ungdommer i L\u00f8renskog, gjennom aktiv tilstedev\u00e6relse og bedre aktivitetstilbud til ungdommene. Det er viktig at alle har anledning til \u00e5 delta. Derfor vil vi innf\u00f8re en ordning som sikrer at alle barn og unge i L\u00f8renskog skal kunne delta p\u00e5 minst \u00e9n fritidsaktivitet i uka, uavhengig av foreldrenes lommebok.<\/p>\n<\/div><figure class=\"wp-block-media-text__media\"><img loading=\"lazy\" decoding=\"async\" width=\"1024\" height=\"768\" src=\"https:\/\/hoyre.no\/content\/uploads\/sites\/178\/2022\/02\/20211011_184811-1024x768.jpg\" alt=\"\" class=\"wp-image-66 size-full\" srcset=\"https:\/\/hoyre.no\/content\/uploads\/sites\/178\/2022\/02\/20211011_184811-1024x768.jpg 1024w, https:\/\/hoyre.no\/content\/uploads\/sites\/178\/2022\/02\/20211011_184811-300x225.jpg 300w, https:\/\/hoyre.no\/content\/uploads\/sites\/178\/2022\/02\/20211011_184811-768x576.jpg 768w, https:\/\/hoyre.no\/content\/uploads\/sites\/178\/2022\/02\/20211011_184811.jpg 1255w\" sizes=\"auto, (max-width: 1024px) 100vw, 1024px\" \/><\/figure><\/div>\n\n\n\n<div class=\"wp-block-media-text alignwide is-stacked-on-mobile\"><figure class=\"wp-block-media-text__media\"><img loading=\"lazy\" decoding=\"async\" width=\"1024\" height=\"683\" src=\"https:\/\/hoyre.no\/content\/uploads\/sites\/178\/2022\/08\/DSC08108-1024x683.jpg\" alt=\"\" class=\"wp-image-253 size-full\" srcset=\"https:\/\/hoyre.no\/content\/uploads\/sites\/178\/2022\/08\/DSC08108-1024x683.jpg 1024w, https:\/\/hoyre.no\/content\/uploads\/sites\/178\/2022\/08\/DSC08108-300x200.jpg 300w, https:\/\/hoyre.no\/content\/uploads\/sites\/178\/2022\/08\/DSC08108-768x512.jpg 768w, https:\/\/hoyre.no\/content\/uploads\/sites\/178\/2022\/08\/DSC08108-1536x1024.jpg 1536w, https:\/\/hoyre.no\/content\/uploads\/sites\/178\/2022\/08\/DSC08108-2048x1365.jpg 2048w\" sizes=\"auto, (max-width: 1024px) 100vw, 1024px\" \/><\/figure><div class=\"wp-block-media-text__content\">\n<h2 class=\"wp-block-heading\">5. H\u00f8yre er garantisten mot innf\u00f8ring av eiendomskatt<\/h2>\n\n\n\n<p>Kommune\u00f8konomien er under press. Fortsetter vi i dagens retning er veien til eiendomsskatt kort. L\u00f8renskog H\u00f8yre er garantisten for at det ikke innf\u00f8res eiendomsskatt p\u00e5 bolig. H\u00f8yre vil at du skal f\u00e5 beholde mer av dine egne penger, og styre over ditt eget liv.<\/p>\n<\/div><\/div>\n\n\n\n<div class=\"wp-block-hoyre-banner undefined\"><div class=\"banner-inner\"><figure class=\"hoyre-image-wrapper\"><div class=\"hoyre-image\"><img loading=\"lazy\" decoding=\"async\" width=\"1408\" height=\"2500\" src=\"https:\/\/hoyre.no\/content\/uploads\/sites\/178\/2019\/08\/20220329_195630-scaled.jpg\" class=\"attachment-scaled size-scaled\" alt=\"\" style=\"object-position: 49% 25%\" srcset=\"https:\/\/hoyre.no\/content\/uploads\/sites\/178\/2019\/08\/20220329_195630-scaled.jpg 1408w, https:\/\/hoyre.no\/content\/uploads\/sites\/178\/2019\/08\/20220329_195630-169x300.jpg 169w, https:\/\/hoyre.no\/content\/uploads\/sites\/178\/2019\/08\/20220329_195630-577x1024.jpg 577w, https:\/\/hoyre.no\/content\/uploads\/sites\/178\/2019\/08\/20220329_195630-768x1364.jpg 768w, https:\/\/hoyre.no\/content\/uploads\/sites\/178\/2019\/08\/20220329_195630-865x1536.jpg 865w, https:\/\/hoyre.no\/content\/uploads\/sites\/178\/2019\/08\/20220329_195630-1153x2048.jpg 1153w\" sizes=\"auto, (max-width: 1408px) 100vw, 1408px\" \/><\/div><\/figure><div class=\"banner-content\"><div class=\"entry-content\">\n<h2 class=\"wp-block-heading\">Bli kjent med L\u00f8renskog H\u00f8yres ordf\u00f8rer Amine!<\/h2>\n\n\n\n<div class=\"wp-block-buttons is-style-default is-horizontal is-content-justification-center is-layout-flex wp-container-core-buttons-is-layout-499968f5 wp-block-buttons-is-layout-flex\">\n<div class=\"wp-block-button is-style-outline aligncenter is-style-outline--1\"><a class=\"wp-block-button__link wp-element-button\" href=\"https:\/\/hoyre.no\/lorenskog\/amine-mabel-andresen-var-ordforerkandidat\/\">TRYKK HER<\/a><\/div>\n<\/div>\n<\/div><\/div><\/div><\/div>\n\n\n\n","protected":false},"excerpt":{"rendered":"","protected":false},"author":15381,"featured_media":0,"parent":317,"menu_order":0,"comment_status":"closed","ping_status":"closed","template":"","meta":{"teft_cards_image_url":"","teft_cards_custom_pretitle":"","teft_cards_image_id":0,"teft_cards_image_focal_point_x":0,"teft_cards_image_focal_point_y":0,"teft_cards_title":"","teft_cards_excerpt":"","teft_show_chapters":false,"footnotes":""},"class_list":["post-298","page","type-page","status-publish","hentry"],"yoast_head":"<!-- This site is optimized with the Yoast SEO plugin v26.6 - https:\/\/yoast.com\/wordpress\/plugins\/seo\/ -->\n<title>5 grunner til \u00e5 stemme L\u00f8renskog H\u00f8yre - L\u00f8renskog H\u00f8yre<\/title>\n<meta name=\"robots\" content=\"index, follow, max-snippet:-1, max-image-preview:large, max-video-preview:-1\" \/>\n<link rel=\"canonical\" href=\"https:\/\/hoyre.no\/lorenskog\/politikk\/5-grunner-til-a-stemme-lorenskog-hoyre\/\" \/>\n<meta property=\"og:locale\" content=\"nb_NO\" \/>\n<meta property=\"og:type\" content=\"article\" \/>\n<meta property=\"og:title\" content=\"5 grunner til \u00e5 stemme L\u00f8renskog H\u00f8yre - L\u00f8renskog H\u00f8yre\" \/>\n<meta property=\"og:url\" content=\"https:\/\/hoyre.no\/lorenskog\/politikk\/5-grunner-til-a-stemme-lorenskog-hoyre\/\" \/>\n<meta property=\"og:site_name\" content=\"L\u00f8renskog H\u00f8yre\" \/>\n<meta property=\"article:modified_time\" content=\"2024-12-16T14:40:51+00:00\" \/>\n<meta property=\"og:image\" content=\"https:\/\/hoyre.no\/content\/uploads\/sites\/178\/2022\/06\/20220508_182333-1024x577.jpg\" \/>\n<meta name=\"twitter:card\" content=\"summary_large_image\" \/>\n<meta name=\"twitter:label1\" content=\"Ansl. lesetid\" \/>\n\t<meta name=\"twitter:data1\" content=\"4 minutter\" \/>\n<script type=\"application\/ld+json\" class=\"yoast-schema-graph\">{\"@context\":\"https:\/\/schema.org\",\"@graph\":[{\"@type\":\"WebPage\",\"@id\":\"https:\/\/hoyre.no\/lorenskog\/politikk\/5-grunner-til-a-stemme-lorenskog-hoyre\/\",\"url\":\"https:\/\/hoyre.no\/lorenskog\/politikk\/5-grunner-til-a-stemme-lorenskog-hoyre\/\",\"name\":\"5 grunner til \u00e5 stemme L\u00f8renskog H\u00f8yre - L\u00f8renskog H\u00f8yre\",\"isPartOf\":{\"@id\":\"https:\/\/hoyre.no\/lorenskog\/#website\"},\"image\":{\"@id\":\"https:\/\/hoyre.no\/lorenskog\/politikk\/5-grunner-til-a-stemme-lorenskog-hoyre\/#primaryimage\"},\"thumbnailUrl\":\"https:\/\/hoyre.no\/content\/uploads\/sites\/178\/2022\/06\/20220508_182333-1024x577.jpg\",\"datePublished\":\"2023-02-06T12:16:39+00:00\",\"dateModified\":\"2024-12-16T14:40:51+00:00\",\"breadcrumb\":{\"@id\":\"https:\/\/hoyre.no\/lorenskog\/politikk\/5-grunner-til-a-stemme-lorenskog-hoyre\/#breadcrumb\"},\"inLanguage\":\"nb-NO\",\"potentialAction\":[{\"@type\":\"ReadAction\",\"target\":[\"https:\/\/hoyre.no\/lorenskog\/politikk\/5-grunner-til-a-stemme-lorenskog-hoyre\/\"]}]},{\"@type\":\"ImageObject\",\"inLanguage\":\"nb-NO\",\"@id\":\"https:\/\/hoyre.no\/lorenskog\/politikk\/5-grunner-til-a-stemme-lorenskog-hoyre\/#primaryimage\",\"url\":\"https:\/\/hoyre.no\/content\/uploads\/sites\/178\/2022\/06\/20220508_182333-1024x577.jpg\",\"contentUrl\":\"https:\/\/hoyre.no\/content\/uploads\/sites\/178\/2022\/06\/20220508_182333-1024x577.jpg\"},{\"@type\":\"BreadcrumbList\",\"@id\":\"https:\/\/hoyre.no\/lorenskog\/politikk\/5-grunner-til-a-stemme-lorenskog-hoyre\/#breadcrumb\",\"itemListElement\":[{\"@type\":\"ListItem\",\"position\":1,\"name\":\"Til hoyre.no\",\"item\":\"https:\/\/hoyre.no\"},{\"@type\":\"ListItem\",\"position\":2,\"name\":\"Hjem\",\"item\":\"https:\/\/hoyre.no\/lorenskog\/\"},{\"@type\":\"ListItem\",\"position\":3,\"name\":\"Politikk\",\"item\":\"https:\/\/hoyre.no\/lorenskog\/politikk\/\"},{\"@type\":\"ListItem\",\"position\":4,\"name\":\"5 grunner til \u00e5 stemme L\u00f8renskog H\u00f8yre\"}]},{\"@type\":\"WebSite\",\"@id\":\"https:\/\/hoyre.no\/lorenskog\/#website\",\"url\":\"https:\/\/hoyre.no\/lorenskog\/\",\"name\":\"L\u00f8renskog H\u00f8yre\",\"description\":\"Bare enda et H\u00f8yres nettsteder-nettsted\",\"inLanguage\":\"nb-NO\"}]}<\/script>\n<!-- \/ Yoast SEO plugin. -->","yoast_head_json":{"title":"5 grunner til \u00e5 stemme L\u00f8renskog H\u00f8yre - L\u00f8renskog H\u00f8yre","robots":{"index":"index","follow":"follow","max-snippet":"max-snippet:-1","max-image-preview":"max-image-preview:large","max-video-preview":"max-video-preview:-1"},"canonical":"https:\/\/hoyre.no\/lorenskog\/politikk\/5-grunner-til-a-stemme-lorenskog-hoyre\/","og_locale":"nb_NO","og_type":"article","og_title":"5 grunner til \u00e5 stemme L\u00f8renskog H\u00f8yre - L\u00f8renskog H\u00f8yre","og_url":"https:\/\/hoyre.no\/lorenskog\/politikk\/5-grunner-til-a-stemme-lorenskog-hoyre\/","og_site_name":"L\u00f8renskog H\u00f8yre","article_modified_time":"2024-12-16T14:40:51+00:00","og_image":[{"url":"https:\/\/hoyre.no\/content\/uploads\/sites\/178\/2022\/06\/20220508_182333-1024x577.jpg","type":"","width":"","height":""}],"twitter_card":"summary_large_image","twitter_misc":{"Ansl. lesetid":"4 minutter"},"schema":{"@context":"https:\/\/schema.org","@graph":[{"@type":"WebPage","@id":"https:\/\/hoyre.no\/lorenskog\/politikk\/5-grunner-til-a-stemme-lorenskog-hoyre\/","url":"https:\/\/hoyre.no\/lorenskog\/politikk\/5-grunner-til-a-stemme-lorenskog-hoyre\/","name":"5 grunner til \u00e5 stemme L\u00f8renskog H\u00f8yre - L\u00f8renskog H\u00f8yre","isPartOf":{"@id":"https:\/\/hoyre.no\/lorenskog\/#website"},"image":{"@id":"https:\/\/hoyre.no\/lorenskog\/politikk\/5-grunner-til-a-stemme-lorenskog-hoyre\/#primaryimage"},"thumbnailUrl":"https:\/\/hoyre.no\/content\/uploads\/sites\/178\/2022\/06\/20220508_182333-1024x577.jpg","datePublished":"2023-02-06T12:16:39+00:00","dateModified":"2024-12-16T14:40:51+00:00","breadcrumb":{"@id":"https:\/\/hoyre.no\/lorenskog\/politikk\/5-grunner-til-a-stemme-lorenskog-hoyre\/#breadcrumb"},"inLanguage":"nb-NO","potentialAction":[{"@type":"ReadAction","target":["https:\/\/hoyre.no\/lorenskog\/politikk\/5-grunner-til-a-stemme-lorenskog-hoyre\/"]}]},{"@type":"ImageObject","inLanguage":"nb-NO","@id":"https:\/\/hoyre.no\/lorenskog\/politikk\/5-grunner-til-a-stemme-lorenskog-hoyre\/#primaryimage","url":"https:\/\/hoyre.no\/content\/uploads\/sites\/178\/2022\/06\/20220508_182333-1024x577.jpg","contentUrl":"https:\/\/hoyre.no\/content\/uploads\/sites\/178\/2022\/06\/20220508_182333-1024x577.jpg"},{"@type":"BreadcrumbList","@id":"https:\/\/hoyre.no\/lorenskog\/politikk\/5-grunner-til-a-stemme-lorenskog-hoyre\/#breadcrumb","itemListElement":[{"@type":"ListItem","position":1,"name":"Til hoyre.no","item":"https:\/\/hoyre.no"},{"@type":"ListItem","position":2,"name":"Hjem","item":"https:\/\/hoyre.no\/lorenskog\/"},{"@type":"ListItem","position":3,"name":"Politikk","item":"https:\/\/hoyre.no\/lorenskog\/politikk\/"},{"@type":"ListItem","position":4,"name":"5 grunner til \u00e5 stemme L\u00f8renskog H\u00f8yre"}]},{"@type":"WebSite","@id":"https:\/\/hoyre.no\/lorenskog\/#website","url":"https:\/\/hoyre.no\/lorenskog\/","name":"L\u00f8renskog H\u00f8yre","description":"Bare enda et H\u00f8yres nettsteder-nettsted","inLanguage":"nb-NO"}]}},"distributor_meta":false,"distributor_terms":false,"distributor_media":false,"distributor_original_site_name":"L\u00f8renskog H\u00f8yre","distributor_original_site_url":"https:\/\/hoyre.no\/lorenskog","push-errors":false,"_links":{"self":[{"href":"https:\/\/hoyre.no\/lorenskog\/wp-json\/wp\/v2\/pages\/298","targetHints":{"allow":["GET"]}}],"collection":[{"href":"https:\/\/hoyre.no\/lorenskog\/wp-json\/wp\/v2\/pages"}],"about":[{"href":"https:\/\/hoyre.no\/lorenskog\/wp-json\/wp\/v2\/types\/page"}],"author":[{"embeddable":true,"href":"https:\/\/hoyre.no\/lorenskog\/wp-json\/wp\/v2\/users\/15381"}],"replies":[{"embeddable":true,"href":"https:\/\/hoyre.no\/lorenskog\/wp-json\/wp\/v2\/comments?post=298"}],"version-history":[{"count":11,"href":"https:\/\/hoyre.no\/lorenskog\/wp-json\/wp\/v2\/pages\/298\/revisions"}],"predecessor-version":[{"id":420,"href":"https:\/\/hoyre.no\/lorenskog\/wp-json\/wp\/v2\/pages\/298\/revisions\/420"}],"up":[{"embeddable":true,"href":"https:\/\/hoyre.no\/lorenskog\/wp-json\/wp\/v2\/pages\/317"}],"wp:attachment":[{"href":"https:\/\/hoyre.no\/lorenskog\/wp-json\/wp\/v2\/media?parent=298"}],"curies":[{"name":"wp","href":"https:\/\/api.w.org\/{rel}","templated":true}]}}