{"id":317,"date":"2023-05-02T12:46:54","date_gmt":"2023-05-02T10:46:54","guid":{"rendered":"https:\/\/hoyre.no\/lorenskog\/?page_id=317"},"modified":"2023-05-25T08:32:58","modified_gmt":"2023-05-25T06:32:58","slug":"politikk","status":"publish","type":"page","link":"https:\/\/hoyre.no\/lorenskog\/politikk\/","title":{"rendered":"Politikk"},"content":{"rendered":"\n<div class=\"wp-block-hoyre-hero with-image-gradient text-color-light  alignfull has-background\"><div class=\"hoyre-hero \"><h1 class=\"title\">Politikk<\/h1><p class=\"preamble\">N\u00e5r frivilligheten, n\u00e6ringslivet og offentlig sektor spiller p\u00e5 lag, skapes det gode lokalsamfunn. H\u00f8yre tror p\u00e5 enkeltmenneskets evne og lyst til \u00e5 st\u00e5 p\u00e5 egne ben.<br><br>Det er v\u00e5r oppgave \u00e5 s\u00f8rge for at mennesker kan leve gode liv, uansett utgangspunkt. Vi skaper ikke politikk for kommunen, men for alle som bor der. H\u00f8yre tror p\u00e5 et samfunn som gir muligheter for alle.<\/p><\/div><\/div>\n\n\n\n<div class=\"wp-block-hoyre-banner alignwide undefined  is-style-dark\"><div class=\"banner-inner\"><figure class=\"hoyre-image-wrapper\"><div class=\"hoyre-image\"><img loading=\"lazy\" decoding=\"async\" width=\"1408\" height=\"2500\" src=\"https:\/\/hoyre.no\/content\/uploads\/sites\/178\/2023\/05\/20220418_200844-scaled.jpg\" class=\"attachment-scaled size-scaled\" alt=\"\" style=\"object-position: 51% 46%\" srcset=\"https:\/\/hoyre.no\/content\/uploads\/sites\/178\/2023\/05\/20220418_200844-scaled.jpg 1408w, https:\/\/hoyre.no\/content\/uploads\/sites\/178\/2023\/05\/20220418_200844-169x300.jpg 169w, https:\/\/hoyre.no\/content\/uploads\/sites\/178\/2023\/05\/20220418_200844-577x1024.jpg 577w, https:\/\/hoyre.no\/content\/uploads\/sites\/178\/2023\/05\/20220418_200844-768x1364.jpg 768w, https:\/\/hoyre.no\/content\/uploads\/sites\/178\/2023\/05\/20220418_200844-865x1536.jpg 865w, https:\/\/hoyre.no\/content\/uploads\/sites\/178\/2023\/05\/20220418_200844-1153x2048.jpg 1153w\" sizes=\"auto, (max-width: 1408px) 100vw, 1408px\" \/><\/div><\/figure><div class=\"banner-content\"><div class=\"entry-content\">\n<h2 class=\"wp-block-heading\"><strong> Partiprogrammet til L\u00f8renskog H\u00f8yre 2023-27<\/strong><\/h2>\n\n\n\n<div class=\"wp-block-buttons is-layout-flex wp-block-buttons-is-layout-flex\">\n<div class=\"wp-block-button\"><a class=\"wp-block-button__link\" href=\"https:\/\/hoyre.no\/lorenskog\/partiprogrammet\/\">Trykk her for \u00e5 lese mer<\/a><\/div>\n<\/div>\n<\/div><\/div><\/div><\/div>\n\n\n\n<div class=\"wp-block-hoyre-banner alignwide undefined  is-style-dark\"><div class=\"banner-inner\"><figure class=\"hoyre-image-wrapper\"><div class=\"hoyre-image\"><img loading=\"lazy\" decoding=\"async\" width=\"1729\" height=\"973\" src=\"https:\/\/hoyre.no\/content\/uploads\/sites\/178\/2022\/07\/20220702_214534-EFFECTS.jpg\" class=\"attachment-scaled size-scaled\" alt=\"\" style=\"object-position: 50% 50%\" srcset=\"https:\/\/hoyre.no\/content\/uploads\/sites\/178\/2022\/07\/20220702_214534-EFFECTS.jpg 1729w, https:\/\/hoyre.no\/content\/uploads\/sites\/178\/2022\/07\/20220702_214534-EFFECTS-300x169.jpg 300w, https:\/\/hoyre.no\/content\/uploads\/sites\/178\/2022\/07\/20220702_214534-EFFECTS-1024x576.jpg 1024w, https:\/\/hoyre.no\/content\/uploads\/sites\/178\/2022\/07\/20220702_214534-EFFECTS-768x432.jpg 768w, https:\/\/hoyre.no\/content\/uploads\/sites\/178\/2022\/07\/20220702_214534-EFFECTS-1536x864.jpg 1536w\" sizes=\"auto, (max-width: 1729px) 100vw, 1729px\" \/><\/div><\/figure><div class=\"banner-content\"><div class=\"entry-content\">\n<h2 class=\"wp-block-heading\"><strong>Fem grunner til \u00e5 stemme L\u00f8renskog H\u00f8yre i 2023<\/strong><\/h2>\n\n\n\n<div class=\"wp-block-buttons is-layout-flex wp-block-buttons-is-layout-flex\">\n<div class=\"wp-block-button\"><a class=\"wp-block-button__link\" href=\"https:\/\/hoyre.no\/lorenskog\/politikk\/5-grunner-til-a-stemme-lorenskog-hoyre\/\">Trykk her for \u00e5 lese mer<\/a><\/div>\n<\/div>\n<\/div><\/div><\/div><\/div>\n\n\n\n<p><\/p>\n\n\n\n<div class=\"wp-block-hoyre-banner alignwide undefined  is-style-blue\"><div class=\"banner-inner\"><figure class=\"hoyre-image-wrapper\"><div class=\"hoyre-image\"><img loading=\"lazy\" decoding=\"async\" width=\"2500\" height=\"1667\" src=\"https:\/\/hoyre.no\/content\/uploads\/sites\/178\/2022\/09\/1j2Sh6K0-scaled.jpeg\" class=\"attachment-scaled size-scaled\" alt=\"\" style=\"object-position: 50% 50%\" srcset=\"https:\/\/hoyre.no\/content\/uploads\/sites\/178\/2022\/09\/1j2Sh6K0-scaled.jpeg 2500w, https:\/\/hoyre.no\/content\/uploads\/sites\/178\/2022\/09\/1j2Sh6K0-300x200.jpeg 300w, https:\/\/hoyre.no\/content\/uploads\/sites\/178\/2022\/09\/1j2Sh6K0-1024x683.jpeg 1024w, https:\/\/hoyre.no\/content\/uploads\/sites\/178\/2022\/09\/1j2Sh6K0-768x512.jpeg 768w, https:\/\/hoyre.no\/content\/uploads\/sites\/178\/2022\/09\/1j2Sh6K0-1536x1024.jpeg 1536w, https:\/\/hoyre.no\/content\/uploads\/sites\/178\/2022\/09\/1j2Sh6K0-2048x1365.jpeg 2048w\" sizes=\"auto, (max-width: 2500px) 100vw, 2500px\" \/><\/div><\/figure><div class=\"banner-content\"><div class=\"entry-content\">\n<h2 class=\"wp-block-heading\"><strong>L\u00f8renskog H\u00f8yres ordf\u00f8rerkandidat<\/strong><\/h2>\n\n\n\n<div class=\"wp-block-buttons is-layout-flex wp-block-buttons-is-layout-flex\">\n<div class=\"wp-block-button\"><a class=\"wp-block-button__link\" href=\"https:\/\/hoyre.no\/lorenskog\/amine-mabel-andresen-var-ordforerkandidat\/\">BLI BEDRE KJENT MED amine mabel andresen<\/a><\/div>\n<\/div>\n<\/div><\/div><\/div><\/div>\n\n\n\n<div class=\"wp-block-teft-file icon-link-block\"><a href=\"https:\/\/hoyre.no\/content\/uploads\/sites\/178\/2023\/05\/LH-program-23-mai-2023.pdf\" download><span class=\"file-title\">Les v\u00e5rt program for 2023-2027<\/span><span class=\"file-name\">LH-program-23-mai-2023.pdf [166.7kb]<\/span><\/a><\/div>\n\n\n","protected":false},"excerpt":{"rendered":"","protected":false},"author":31684,"featured_media":0,"parent":0,"menu_order":0,"comment_status":"closed","ping_status":"closed","template":"","meta":{"teft_cards_image_url":"","teft_cards_custom_pretitle":"","teft_cards_image_id":0,"teft_cards_image_focal_point_x":0,"teft_cards_image_focal_point_y":0,"teft_cards_title":"","teft_cards_excerpt":"","teft_show_chapters":false,"footnotes":""},"class_list":["post-317","page","type-page","status-publish","hentry"],"yoast_head":"<!-- This site is optimized with the Yoast SEO plugin v26.6 - https:\/\/yoast.com\/wordpress\/plugins\/seo\/ -->\n<title>Politikk - L\u00f8renskog H\u00f8yre<\/title>\n<meta name=\"robots\" content=\"index, follow, max-snippet:-1, max-image-preview:large, max-video-preview:-1\" \/>\n<link rel=\"canonical\" href=\"https:\/\/hoyre.no\/lorenskog\/politikk\/\" \/>\n<meta property=\"og:locale\" content=\"nb_NO\" \/>\n<meta property=\"og:type\" content=\"article\" \/>\n<meta property=\"og:title\" content=\"Politikk - L\u00f8renskog H\u00f8yre\" \/>\n<meta property=\"og:url\" content=\"https:\/\/hoyre.no\/lorenskog\/politikk\/\" \/>\n<meta property=\"og:site_name\" content=\"L\u00f8renskog H\u00f8yre\" \/>\n<meta property=\"article:modified_time\" content=\"2023-05-25T06:32:58+00:00\" \/>\n<meta property=\"og:image\" content=\"https:\/\/hoyre.no\/content\/uploads\/sites\/178\/2022\/11\/Hoyres-logo.png\" \/>\n\t<meta property=\"og:image:width\" content=\"1000\" \/>\n\t<meta property=\"og:image:height\" content=\"1000\" \/>\n\t<meta property=\"og:image:type\" content=\"image\/png\" \/>\n<meta name=\"twitter:card\" content=\"summary_large_image\" \/>\n<meta name=\"twitter:label1\" content=\"Ansl. lesetid\" \/>\n\t<meta name=\"twitter:data1\" content=\"1 minutt\" \/>\n<script type=\"application\/ld+json\" class=\"yoast-schema-graph\">{\"@context\":\"https:\/\/schema.org\",\"@graph\":[{\"@type\":\"WebPage\",\"@id\":\"https:\/\/hoyre.no\/lorenskog\/politikk\/\",\"url\":\"https:\/\/hoyre.no\/lorenskog\/politikk\/\",\"name\":\"Politikk - L\u00f8renskog H\u00f8yre\",\"isPartOf\":{\"@id\":\"https:\/\/hoyre.no\/lorenskog\/#website\"},\"datePublished\":\"2023-05-02T10:46:54+00:00\",\"dateModified\":\"2023-05-25T06:32:58+00:00\",\"breadcrumb\":{\"@id\":\"https:\/\/hoyre.no\/lorenskog\/politikk\/#breadcrumb\"},\"inLanguage\":\"nb-NO\",\"potentialAction\":[{\"@type\":\"ReadAction\",\"target\":[\"https:\/\/hoyre.no\/lorenskog\/politikk\/\"]}]},{\"@type\":\"BreadcrumbList\",\"@id\":\"https:\/\/hoyre.no\/lorenskog\/politikk\/#breadcrumb\",\"itemListElement\":[{\"@type\":\"ListItem\",\"position\":1,\"name\":\"Til hoyre.no\",\"item\":\"https:\/\/hoyre.no\"},{\"@type\":\"ListItem\",\"position\":2,\"name\":\"Hjem\",\"item\":\"https:\/\/hoyre.no\/lorenskog\/\"},{\"@type\":\"ListItem\",\"position\":3,\"name\":\"Politikk\"}]},{\"@type\":\"WebSite\",\"@id\":\"https:\/\/hoyre.no\/lorenskog\/#website\",\"url\":\"https:\/\/hoyre.no\/lorenskog\/\",\"name\":\"L\u00f8renskog H\u00f8yre\",\"description\":\"Bare enda et H\u00f8yres nettsteder-nettsted\",\"inLanguage\":\"nb-NO\"}]}<\/script>\n<!-- \/ Yoast SEO plugin. -->","yoast_head_json":{"title":"Politikk - L\u00f8renskog H\u00f8yre","robots":{"index":"index","follow":"follow","max-snippet":"max-snippet:-1","max-image-preview":"max-image-preview:large","max-video-preview":"max-video-preview:-1"},"canonical":"https:\/\/hoyre.no\/lorenskog\/politikk\/","og_locale":"nb_NO","og_type":"article","og_title":"Politikk - L\u00f8renskog H\u00f8yre","og_url":"https:\/\/hoyre.no\/lorenskog\/politikk\/","og_site_name":"L\u00f8renskog H\u00f8yre","article_modified_time":"2023-05-25T06:32:58+00:00","og_image":[{"width":1000,"height":1000,"url":"https:\/\/hoyre.no\/content\/uploads\/sites\/178\/2022\/11\/Hoyres-logo.png","type":"image\/png"}],"twitter_card":"summary_large_image","twitter_misc":{"Ansl. lesetid":"1 minutt"},"schema":{"@context":"https:\/\/schema.org","@graph":[{"@type":"WebPage","@id":"https:\/\/hoyre.no\/lorenskog\/politikk\/","url":"https:\/\/hoyre.no\/lorenskog\/politikk\/","name":"Politikk - L\u00f8renskog H\u00f8yre","isPartOf":{"@id":"https:\/\/hoyre.no\/lorenskog\/#website"},"datePublished":"2023-05-02T10:46:54+00:00","dateModified":"2023-05-25T06:32:58+00:00","breadcrumb":{"@id":"https:\/\/hoyre.no\/lorenskog\/politikk\/#breadcrumb"},"inLanguage":"nb-NO","potentialAction":[{"@type":"ReadAction","target":["https:\/\/hoyre.no\/lorenskog\/politikk\/"]}]},{"@type":"BreadcrumbList","@id":"https:\/\/hoyre.no\/lorenskog\/politikk\/#breadcrumb","itemListElement":[{"@type":"ListItem","position":1,"name":"Til hoyre.no","item":"https:\/\/hoyre.no"},{"@type":"ListItem","position":2,"name":"Hjem","item":"https:\/\/hoyre.no\/lorenskog\/"},{"@type":"ListItem","position":3,"name":"Politikk"}]},{"@type":"WebSite","@id":"https:\/\/hoyre.no\/lorenskog\/#website","url":"https:\/\/hoyre.no\/lorenskog\/","name":"L\u00f8renskog H\u00f8yre","description":"Bare enda et H\u00f8yres nettsteder-nettsted","inLanguage":"nb-NO"}]}},"distributor_meta":false,"distributor_terms":false,"distributor_media":false,"distributor_original_site_name":"L\u00f8renskog H\u00f8yre","distributor_original_site_url":"https:\/\/hoyre.no\/lorenskog","push-errors":false,"_links":{"self":[{"href":"https:\/\/hoyre.no\/lorenskog\/wp-json\/wp\/v2\/pages\/317","targetHints":{"allow":["GET"]}}],"collection":[{"href":"https:\/\/hoyre.no\/lorenskog\/wp-json\/wp\/v2\/pages"}],"about":[{"href":"https:\/\/hoyre.no\/lorenskog\/wp-json\/wp\/v2\/types\/page"}],"author":[{"embeddable":true,"href":"https:\/\/hoyre.no\/lorenskog\/wp-json\/wp\/v2\/users\/31684"}],"replies":[{"embeddable":true,"href":"https:\/\/hoyre.no\/lorenskog\/wp-json\/wp\/v2\/comments?post=317"}],"version-history":[{"count":8,"href":"https:\/\/hoyre.no\/lorenskog\/wp-json\/wp\/v2\/pages\/317\/revisions"}],"predecessor-version":[{"id":388,"href":"https:\/\/hoyre.no\/lorenskog\/wp-json\/wp\/v2\/pages\/317\/revisions\/388"}],"wp:attachment":[{"href":"https:\/\/hoyre.no\/lorenskog\/wp-json\/wp\/v2\/media?parent=317"}],"curies":[{"name":"wp","href":"https:\/\/api.w.org\/{rel}","templated":true}]}}