{"id":30,"date":"2023-05-02T12:44:57","date_gmt":"2023-05-02T10:44:57","guid":{"rendered":"https:\/\/hoyre.no\/loten\/?page_id=30"},"modified":"2023-08-25T01:06:09","modified_gmt":"2023-08-24T23:06:09","slug":"politikk","status":"publish","type":"page","link":"https:\/\/hoyre.no\/loten\/politikk\/","title":{"rendered":"Politikk"},"content":{"rendered":"\n<div class=\"wp-block-columns is-layout-flex wp-container-core-columns-is-layout-9d6595d7 wp-block-columns-is-layout-flex\">\n<div class=\"wp-block-column is-layout-flow wp-block-column-is-layout-flow\" style=\"flex-basis:100%\">\n<div class=\"wp-block-columns alignfull is-layout-flex wp-container-core-columns-is-layout-9d6595d7 wp-block-columns-is-layout-flex\">\n<div class=\"wp-block-column is-vertically-aligned-center is-layout-flow wp-block-column-is-layout-flow\" style=\"flex-basis:100%\">\n<div class=\"wp-block-hoyre-hero with-image-gradient text-color-light  alignfull has-background\"><div class=\"hoyre-hero \"><h1 class=\"title\">Vi vil mer for L\u00f8ten<\/h1><p class=\"preamble\"><br>N\u00e5r frivilligheten, n\u00e6ringslivet og offentlig sektor spiller p\u00e5 lag, skapes det gode lokalsamfunn. H\u00f8yre tror p\u00e5 enkeltmenneskets evne og lyst til \u00e5 st\u00e5 p\u00e5 egne ben.<br><br>Det er v\u00e5r oppgave \u00e5 s\u00f8rge for at mennesker kan leve gode liv, uansett utgangspunkt. Vi skaper ikke politikk for kommunen, men for alle som bor der. H\u00f8yre tror p\u00e5 et samfunn som gir muligheter for alle.<br><br>Folk i L\u00f8ten er glad i bygda si. Det er vi ogs\u00e5 og L\u00f8ten H\u00f8yre har ambisjoner for L\u00f8ten og for folka som bor her.  Med sine lokale kvaliteter, sentrale beliggenhet, fantastiske natur i fjell og skoger er L\u00f8ten et midtpunkt med b\u00e5de mangfold og potensiale. L\u00f8ten har en sterk frivillig sektor med mange engasjerte ildsjeler i frivilligsentralen, VilMer, R\u00f8de Kors og ellers, og vi nyter godt av et variert kulturtilbud<br>\u00a0<br>Samtidig har L\u00f8ten store utfordringer som m\u00e5 l\u00f8ses. Etter over hundre \u00e5r med Ap, innimellom avbrudd med SP-styre har vi n\u00e5 store etterslep i flere sektorer. Skolebyggene v\u00e5re, bolig- og \u00f8vrig bygningsmasse forfaller, Velferd og barnevern driftes med store overforbruk og har gjort i mange \u00e5r, og budsjettet er finansiert med fondsmidler. <br>L\u00f8ten har havnet bakp\u00e5 i konkurransen om arbeidskraft, nye n\u00e6ringssatsinger og interessante tilbud til innbyggerne. Vi har utfordringer med \u00e5 rekruttere og beholde folk, og det trengs mer st\u00f8tte og tilrettelegging for jobbskapere og andre som \u00f8nsker \u00e5 f\u00e5 til noe i kommunen.<br>\u00a0                         <br>                        <strong>L\u00f8ten trenger et skifte!<\/strong><br><\/p><\/div><\/div>\n\n\n\n\n<div class=\"wp-block-hoyre-banner undefined  is-style-light\"><div class=\"banner-inner\"><figure class=\"hoyre-image-wrapper\"><div class=\"hoyre-image\"><img loading=\"lazy\" decoding=\"async\" width=\"2103\" height=\"2057\" src=\"https:\/\/hoyre.no\/content\/uploads\/sites\/70\/2023\/08\/FullSizeRender.jpg\" class=\"attachment-scaled size-scaled\" alt=\"\" style=\"object-position: 50% 50%\" srcset=\"https:\/\/hoyre.no\/content\/uploads\/sites\/70\/2023\/08\/FullSizeRender.jpg 2103w, https:\/\/hoyre.no\/content\/uploads\/sites\/70\/2023\/08\/FullSizeRender-300x293.jpg 300w, https:\/\/hoyre.no\/content\/uploads\/sites\/70\/2023\/08\/FullSizeRender-1024x1002.jpg 1024w, https:\/\/hoyre.no\/content\/uploads\/sites\/70\/2023\/08\/FullSizeRender-768x751.jpg 768w, https:\/\/hoyre.no\/content\/uploads\/sites\/70\/2023\/08\/FullSizeRender-1536x1502.jpg 1536w, https:\/\/hoyre.no\/content\/uploads\/sites\/70\/2023\/08\/FullSizeRender-2048x2003.jpg 2048w\" sizes=\"auto, (max-width: 2103px) 100vw, 2103px\" \/><\/div><\/figure><div class=\"banner-content\"><div class=\"entry-content\">\n<h2 class=\"wp-block-heading\">Vil du vite mer om hva L\u00f8ten H\u00f8yre vil?<\/h2>\n\n\n\n<div class=\"wp-block-buttons is-layout-flex wp-block-buttons-is-layout-flex\">\n<div class=\"wp-block-button\"><a class=\"wp-block-button__link\" href=\"https:\/\/hoyre.no\/loten\/program-loten-hoyre-2023-2027\/\" target=\"_blank\" rel=\"noreferrer noopener\">Les valgprogram for 2023 &#8211; 2027<\/a><\/div>\n<\/div>\n<\/div><\/div><\/div><\/div>\n\n<\/div>\n<\/div>\n<\/div>\n<\/div>\n\n\n\n\t\t<div class=\" has-simple-highlight style-white has-mobile-text-aligned-center slogan-type-primary wp-block-hoyre-slogan\">\n\t\t\t<div class=\"slogan-container\">\n\t\t\t\t<div class=\"slogan__image\">\n\t\t\t\t\t<img decoding=\"async\" class=\"slogan__background-media\" src=\"https:\/\/hoyre.no\/content\/plugins\/block-library\/build\/slogan\/assets\/hoyre_lokal_standard_front.jpg\" alt=\"\" style=\"--focal-point: 100% 65%;\" \/>\n\t\t\t\t<\/div>\n\t\t\t\t<div class=\"slogan__content\">\n\t\t\t\t\t<svg xmlns=\"http:\/\/www.w3.org\/2000\/svg\" xml:space=\"preserve\" style=\"enable-background:new 0 0 1451.1 664.9\" viewBox=\"0 0 1451.1 664.9\"><path d=\"M182.5 160.5s-48.1 93.2-64.8 121.5c-3.6 6.2-12.7 8.1-16.2 1.2-12-24.1-55.3-107.8-55.3-107.8L40 285.9c-.3 6.6-5.5 12-12.1 12.7l-13.3 1.3c-8.1.8-15-5.8-14.6-13.9l8.5-176.6c.3-6.6 5.5-12 12.1-12.6 0 0 14.4-2.7 22.2-3s11.3 5.5 15.9 13.6l52.1 105.3s59-112.3 62.5-119.2c4.6-9.3 12.5-13.4 17.4-13.9 0 0 8.9-1.8 18.9-1.5s15.8 5 14.6 17.7-8.5 172-8.5 172c-.3 7.1-5.8 12.8-12.9 13.5l-11.5 1.1c-8.6.8-16-6.2-15.6-14.9l6.8-107zM398.2 197.1c-1.8 41.8-35.6 72.3-72.9 75.8-39 3.7-68.1-18.9-66.2-62.5l3.4-66.2c.4-7.4 6.1-13.4 13.4-14.1l10.2-1c9-.9 16.7 6.5 16.3 15.6l-3.1 61.9c-1.2 23.5 11.6 33.6 27.9 32 16.9-1.6 29.7-13 31.1-37.7l3.1-66.2c.3-7.4 6.1-13.4 13.4-14.1l10.1-1c9-.9 16.7 6.5 16.3 15.6l-3 61.9zM484.6 240.1c-1.4 11-11.5 18.9-22.5 17.3-24-3.3-35.8-19-34.5-46.7L435 58.9c.3-6.1 5-11.1 11.1-11.7l15.3-1.5c7.5-.7 13.9 5.4 13.5 12.9l-7 143.6c-.4 8.5 1.9 13.6 6.7 16.2 7.3 4 11.1 12.3 10.1 20.6l-.1 1.1zM534 105.4h.2c12-1.2 22.3 8.6 21.7 20.7l-5.2 105.3c-.5 9.8-8.1 17.8-17.9 18.8-12 1.2-22.3-8.6-21.7-20.7l5-105.3c.4-9.8 8.1-17.8 17.9-18.8zm6.2-60.5c14.5-1.6 21.9 8.7 21.3 19.6-.5 10.9-7.3 22.5-23.2 24.2-13.9 1.6-21.4-9.1-21-19.3.5-11.2 8.2-22.8 22.9-24.5zM683.7 223.6l-1.5-.4c-8.9 10.1-23.2 17.8-40.4 19.5-37.8 3.6-65.4-27-63.3-69.2 2.2-43.6 31.9-78.3 73.4-82.3 13.4-1.3 24.1.7 32.8 5.4 1.5.8 4.8 2.5 4.8 2.5s.5-3.7.6-5.4c.4-4.5 3.3-7.4 10.6-7.4h14.5c14.5 0 14.8 9.6 14.2 19.9l-6.3 127.5c-1.9 43.3-35.5 83.7-85.7 89.7-13.2 1.6-25.7 1.4-37.9-.4-7.2-1.1-12-8-10.5-15.1l1.9-8.7c1.3-6.2 7-10.4 13.3-9.8 9.7.9 20.9 2.5 32.7-.1 37.5-8.2 45-31.2 46.2-51.8l.6-13.9zm2.2-41.4 1.8-39c.4-8.5-5.5-16.2-13.9-17.6-5.7-.9-12-1.2-18.4-.6-20.4 1.9-35.7 20.5-36.8 44.6-1.1 25 11.4 40 32.9 37.9 10.7-1 22.5-5.7 30.8-15.6 2.3-2.6 3.5-6.1 3.6-9.7zM776.9 15.6l17.3-1.7c6.9-.7 12.8 5 12.4 11.9l-3.5 70.3 1.5.4C814.7 84 831.4 74 852 72c26.1-2.5 49.3 16.4 47.3 58.5l-3.5 74.3c-.3 6-5 11-11 11.5l-15.6 1.5c-7.4.7-13.7-5.3-13.3-12.7l3.5-68.5c1-22.7-10.7-30.2-25.6-28.8-9.3.9-18.9 5.6-26 12-3.9 3.5-6.1 8.5-6.4 13.7l-3.9 80.2c-.3 6.4-5.2 11.5-11.6 12.1l-14.4 1.4c-7.8.7-14.4-5.6-14-13.4l9.2-187.4c.3-5.6 4.6-10.2 10.2-10.8zM1329.6 98c.5 8.8-5 12.4-12.7 13.9-7.7 1.4-81.3 7.9-81.3 7.9 1.5 19.9 21.2 34.9 73.9 16.6 7.5-2.6 18.9-7.9 20.2 5.6 1.2 12.7-23.2 32.4-56 37.2-47 6.9-80.4-20.7-78.2-67.4 2.1-41.3 26.6-78.8 71.7-82.1 39.6-2.9 63.1 24.7 62.4 68.3zm-92.6-7 60.2-5.8c2.3-11.6-12.7-25.5-28.9-23.2-16.6 2.5-30.9 11.5-31.3 29zM1064.6 125.8c.5 8.8-5 12.4-12.7 13.9-7.7 1.4-81.3 7.9-81.3 7.9 1.5 19.9 21.2 34.9 73.9 16.6 7.5-2.6 18.9-7.9 20.2 5.6 1.2 12.7-23.2 32.4-56 37.2-47 6.9-80.4-20.7-78.2-67.4 2.1-41.3 26.6-78.8 71.7-82.1 39.5-2.9 63 24.7 62.4 68.3zm-92.6-7 60.2-5.8c2.3-11.6-12.7-25.5-28.9-23.2-16.6 2.4-31 11.5-31.3 29zM1186.1 447.5c.5 8.8-5 12.4-12.7 13.9s-81.3 7.9-81.3 7.9c1.5 19.9 21.2 34.9 73.9 16.6 7.5-2.6 18.9-7.9 20.2 5.6 1.2 12.7-23.2 32.4-56 37.2-47 6.9-80.4-20.7-78.2-67.4 2.1-41.3 26.6-78.8 71.7-82.1 39.6-2.8 63 24.8 62.4 68.3zm-92.6-6.9 60.2-5.8c2.3-11.6-12.7-25.5-28.9-23.2-16.6 2.4-31 11.5-31.3 29zM1082.3 53l15.5-1.5 1.8-39.4c.3-5.4 4.4-9.8 9.8-10.3l18.3-1.8c6.6-.6 12.2 4.7 11.9 11.3l-1.6 36.3 27.9-2.7c3.5-.3 6.4 2.5 6.2 5.9l-1 20.5c-.1 2.8-2.3 5.1-5.1 5.4l-29.5 2.8-2.8 58.4c-.9 14.6 6.5 19.1 17.4 18 3.5-.3 7.5-1.1 11.1-2.2 3.4-1 6.8 1.3 7.2 4.8l2.7 21.8c.3 2.4-1 4.8-3.2 5.8-7.7 3.6-17.6 6.2-26.4 7.1-28.4 2.7-50.9-14.5-49-49.1l2.9-60.7-13.8 1.3c-3.5.3-6.4-2.5-6.2-5.9l1-20.5c-.1-2.8 2.1-5.1 4.9-5.3zM575.4 435l23.9-2.3c4.8-.5 8.9 3.5 8.7 8.3l-.3 8.9s24-23.1 47.4-23.1c0 0 4-.4 4.2 3.2s-1.6 28.4-1.6 28.4c-.2 4-3.2 7.2-7.2 7.6-12.7 1.2-31.9 5-41.4 12.8-1.8 1.5-2.9 3.6-3 5.9l-4.2 85.9c-.2 3.9-3.3 7.2-7.2 7.5l-24.1 2.3c-4.8.5-8.9-3.5-8.7-8.3l6.4-129.6c.1-3.9 3.2-7.1 7.1-7.5zM294.8 463.5l18.4-1.8.5-12.8c1.8-35.8 24.7-59.1 59.1-62.4 8.4-.8 17.4-.6 25.7 1.2 3.6.8 5.9 4.3 5.1 7.9l-4.4 19.7c-.7 3.3-3.9 5.5-7.3 5.1-5-.6-10.5-.6-16.4-.1-13.2 1.3-20.8 8.9-21.7 24.6l-.5 12.8c34-1.1 37.5-4.8 37.5 5.8 0 17.4-2.3 23.2-17.4 24.3-15 1.2-21.7 1.8-21.7 1.8l-5.2 104.5c-.3 5.1-4.2 9.2-9.2 9.7l-15.1 1.4c-8.6.8-15.9-6.2-15.4-14.8l5.3-99.3-12.7 1.2c-8.4.8-10-4.3-9.6-12.8l.6-11.8c.1-2 2-3.9 4.4-4.2zM471 443.8c41.6-4 75.4 26.1 73.4 68.2-2.2 43.9-36.4 78.7-80.9 83-42.1 4-75.4-26.1-73.4-68.2 2.2-43.7 36.1-78.7 80.9-83zm-5.9 116.8c20.1-1.9 37.9-20.7 39.1-44.8 1.1-24.7-13.6-39.8-34.9-37.7-20.6 2-37.9 21-39.1 44.8-1.3 25.3 13.4 39.8 34.9 37.7zM829.9 422.8l1.4-1c.3-5.2 4.4-9.4 9.6-9.9l18.6-1.8c6.4-.6 11.9 4.6 11.6 11.1l-5.9 123.9c-.3 5.3-4.3 9.6-9.6 10.1l-18.8 1.8c-6.4.6-11.9-4.6-11.6-11.1l.1-1.7-1.5-.4c-9.1 11-24.2 19.7-41.9 21.4-35.5 3.4-65.4-27-63.3-69.2 2.2-43.6 34.4-78.5 73.4-82.3 16.6-1.6 29.4 2.4 37.9 9.1zm-2.5 81.6 2-43.5c.2-4.4-2.3-8.7-6.5-10.3-7.5-2.9-16.8-4.2-27.4-3.2-18.3 1.8-35.7 20.5-36.8 44.6-1.1 25 13.6 39.8 32.9 37.9 12.5-1.2 26.2-7.2 34.4-20.9.9-1.2 1.3-2.9 1.4-4.6zM953.3 530.5c-1.4 11-11.5 18.9-22.5 17.3-24-3.3-35.8-19-34.5-46.7l7.3-150.6c.3-6.8 5.6-12.4 12.4-13l12.5-1.2c8.3-.8 15.5 6 15 14.4l-7 142c-.4 8.5 1.9 13.6 6.7 16.2 7.3 4 11.1 12.3 10.1 20.6v1zM1033.8 522.8c-1.4 11-11.5 18.9-22.5 17.3-24-3.3-35.8-19-34.5-46.7l7.3-151c.3-6.6 5.4-12 12-12.6l13.4-1.3c8.1-.8 15 5.8 14.6 13.9l-7 142.5c-.4 8.5 1.9 13.6 6.8 16.2 7.3 4 11.1 12.3 10.1 20.6l-.2 1.1zM726.2 635.2l.4 21.6c.7 5.1 6.9 9.4 12.8 7.6 126.6-39.8 300.9-60.6 428.1-57.1 11.8.3 13.5-20.3 1.6-20.9-122.1-6.5-298.4 6.9-432.8 39.2-5.8 1.3-10.8 4.6-10.1 9.6zM1367.2 26.5l23.9-2.3c4.8-.5 8.9 3.5 8.7 8.3l-.3 8.9s24-23.1 47.4-23.1c0 0 4-.4 4.2 3.2.2 3.7-1.6 28.4-1.6 28.4-.2 4-3.2 7.2-7.2 7.6-12.7 1.2-31.9 5-41.4 12.8-1.8 1.5-2.9 3.6-3 5.9l-4.2 85.9c-.2 3.9-3.3 7.2-7.2 7.5l-24.1 2.3c-4.8.5-8.9-3.5-8.7-8.3l6.4-129.6c.1-3.9 3.2-7.1 7.1-7.5z\"\/><\/svg>\n\n\t\t\t\t\t<h2 class=\"screen-reader-text\">Muligheter for alle<\/h2>\n\t\t\t\t\t<p>H\u00f8yres visjon for Norge er et samfunn med muligheter for alle<\/p>\n\t\t\t\t\t<a href=\"https:\/\/hoyre.no\/loten\/program-loten-hoyre-2023-2027\/\" class=\"button\">Hvorfor stemme H\u00f8yre<\/a>\n\t\t\t\t<\/div>\n\t\t\t<\/div>\n\t\t\t\n\t\t<\/div>\n\t\t\n\n\n<h2 class=\"wp-block-heading\">H\u00f8yres politikk enkelt forklart:<\/h2>\n\n\n\n<h2 class=\"wp-block-heading\">Liberal-konservativt parti<\/h2>\n\n\n\n<p>H\u00f8yre er et liberal-konservativt parti. Det betyr at H\u00f8yre vil at du skal v\u00e6re sjefen i ditt eget liv, slik at du kan bestemme hva som er best for deg og familien din. Vi vil at landet v\u00e5rt skal bli bedre \u00e5 bo i, uten at det skjer store og voldsomme forandringer.<\/p>\n\n\n\n<p>Samfunnet best\u00e5r av mennesker med ulik kulturell bakgrunn. H\u00f8yre mener at mangfold og forskjellighet er en kilde til utveksling av ideer, fornyelse og kreativitet. Et godt samfunn bygges p\u00e5 tillit til og respekt for enkeltmennesket. Valgfrihet er en naturlig del av \u00e5 kunne bestemme over eget liv.<\/p>\n\n\n\n<h2 class=\"wp-block-heading\">V\u00e5re hjertesaker<\/h2>\n\n\n\n<p>V\u00e5re viktigste saker er \u00e5 skape flere arbeidsplasser, sikre en god skole og s\u00f8rge for en helsetjeneste som setter deg i sentrum.&nbsp;<\/p>\n\n\n\n<p>H\u00f8yre skal skape mer og inkludere flere.&nbsp;Vi skal trygge arbeidsplasser gjennom \u00e5 prioritere kunnskap og investere for fremtiden.&nbsp;Vi skal sikre at alle har mulighet til \u00e5 f\u00e5 den kompetansen de trenger, enten du er voksen eller barn.&nbsp;Det gj\u00f8res ved \u00e5 s\u00f8rge&nbsp;for at flere unge fullf\u00f8rer skolen og at flere voksne&nbsp;har en jobb \u00e5 g\u00e5 til.&nbsp;Ingen skal g\u00e5 ut p\u00e5 dato i arbeidslivet.&nbsp;<\/p>\n\n\n\n<p>H\u00f8yre satser p\u00e5 kvalitet i helse- og omsorgstjenestene. Helsek\u00f8ene m\u00e5 ned, valgfriheten beholdes og kvaliteten skal \u00f8kes.&nbsp;<\/p>\n","protected":false},"excerpt":{"rendered":"<p>H\u00f8yres politikk enkelt forklart: Liberal-konservativt parti H\u00f8yre er et liberal-konservativt parti. Det betyr at H\u00f8yre vil at du skal v\u00e6re sjefen i ditt eget liv, slik at du kan bestemme hva som er best for deg og familien din. Vi vil at landet v\u00e5rt skal bli bedre \u00e5 bo i, uten at det skjer store [&hellip;]<\/p>\n","protected":false},"author":27430,"featured_media":0,"parent":0,"menu_order":0,"comment_status":"closed","ping_status":"closed","template":"","meta":{"teft_cards_image_url":"","teft_cards_custom_pretitle":"","teft_cards_image_id":58,"teft_cards_image_focal_point_x":0.46,"teft_cards_image_focal_point_y":0.71,"teft_cards_title":"","teft_cards_excerpt":"","teft_show_chapters":false,"footnotes":""},"class_list":["post-30","page","type-page","status-publish","hentry"],"yoast_head":"<!-- This site is optimized with the Yoast SEO plugin v26.6 - https:\/\/yoast.com\/wordpress\/plugins\/seo\/ -->\n<title>Politikk - L\u00f8ten H\u00f8yre<\/title>\n<meta name=\"robots\" content=\"index, follow, max-snippet:-1, max-image-preview:large, max-video-preview:-1\" \/>\n<link rel=\"canonical\" href=\"https:\/\/hoyre.no\/loten\/politikk\/\" \/>\n<meta property=\"og:locale\" content=\"nb_NO\" \/>\n<meta property=\"og:type\" content=\"article\" \/>\n<meta property=\"og:title\" content=\"Politikk - L\u00f8ten H\u00f8yre\" \/>\n<meta property=\"og:description\" content=\"H\u00f8yres politikk enkelt forklart: Liberal-konservativt parti H\u00f8yre er et liberal-konservativt parti. Det betyr at H\u00f8yre vil at du skal v\u00e6re sjefen i ditt eget liv, slik at du kan bestemme hva som er best for deg og familien din. Vi vil at landet v\u00e5rt skal bli bedre \u00e5 bo i, uten at det skjer store [&hellip;]\" \/>\n<meta property=\"og:url\" content=\"https:\/\/hoyre.no\/loten\/politikk\/\" \/>\n<meta property=\"og:site_name\" content=\"L\u00f8ten H\u00f8yre\" \/>\n<meta property=\"article:modified_time\" content=\"2023-08-24T23:06:09+00:00\" \/>\n<meta property=\"og:image\" content=\"https:\/\/hoyre.no\/content\/uploads\/sites\/70\/2023\/08\/Skjermbilde-2023-08-04-kl.-22.39.14.png\" \/>\n<meta name=\"twitter:card\" content=\"summary_large_image\" \/>\n<meta name=\"twitter:label1\" content=\"Ansl. lesetid\" \/>\n\t<meta name=\"twitter:data1\" content=\"3 minutter\" \/>\n<script type=\"application\/ld+json\" class=\"yoast-schema-graph\">{\"@context\":\"https:\/\/schema.org\",\"@graph\":[{\"@type\":\"WebPage\",\"@id\":\"https:\/\/hoyre.no\/loten\/politikk\/\",\"url\":\"https:\/\/hoyre.no\/loten\/politikk\/\",\"name\":\"Politikk - L\u00f8ten H\u00f8yre\",\"isPartOf\":{\"@id\":\"https:\/\/hoyre.no\/loten\/#website\"},\"datePublished\":\"2023-05-02T10:44:57+00:00\",\"dateModified\":\"2023-08-24T23:06:09+00:00\",\"breadcrumb\":{\"@id\":\"https:\/\/hoyre.no\/loten\/politikk\/#breadcrumb\"},\"inLanguage\":\"nb-NO\",\"potentialAction\":[{\"@type\":\"ReadAction\",\"target\":[\"https:\/\/hoyre.no\/loten\/politikk\/\"]}]},{\"@type\":\"BreadcrumbList\",\"@id\":\"https:\/\/hoyre.no\/loten\/politikk\/#breadcrumb\",\"itemListElement\":[{\"@type\":\"ListItem\",\"position\":1,\"name\":\"Til hoyre.no\",\"item\":\"https:\/\/hoyre.no\"},{\"@type\":\"ListItem\",\"position\":2,\"name\":\"Hjem\",\"item\":\"https:\/\/hoyre.no\/loten\/\"},{\"@type\":\"ListItem\",\"position\":3,\"name\":\"Politikk\"}]},{\"@type\":\"WebSite\",\"@id\":\"https:\/\/hoyre.no\/loten\/#website\",\"url\":\"https:\/\/hoyre.no\/loten\/\",\"name\":\"L\u00f8ten H\u00f8yre\",\"description\":\"Bare enda et H\u00f8yres nettsteder-nettsted\",\"inLanguage\":\"nb-NO\"}]}<\/script>\n<!-- \/ Yoast SEO plugin. -->","yoast_head_json":{"title":"Politikk - L\u00f8ten H\u00f8yre","robots":{"index":"index","follow":"follow","max-snippet":"max-snippet:-1","max-image-preview":"max-image-preview:large","max-video-preview":"max-video-preview:-1"},"canonical":"https:\/\/hoyre.no\/loten\/politikk\/","og_locale":"nb_NO","og_type":"article","og_title":"Politikk - L\u00f8ten H\u00f8yre","og_description":"H\u00f8yres politikk enkelt forklart: Liberal-konservativt parti H\u00f8yre er et liberal-konservativt parti. Det betyr at H\u00f8yre vil at du skal v\u00e6re sjefen i ditt eget liv, slik at du kan bestemme hva som er best for deg og familien din. Vi vil at landet v\u00e5rt skal bli bedre \u00e5 bo i, uten at det skjer store [&hellip;]","og_url":"https:\/\/hoyre.no\/loten\/politikk\/","og_site_name":"L\u00f8ten H\u00f8yre","article_modified_time":"2023-08-24T23:06:09+00:00","og_image":[{"url":"https:\/\/hoyre.no\/content\/uploads\/sites\/70\/2023\/08\/Skjermbilde-2023-08-04-kl.-22.39.14.png","width":"","height":"","type":""}],"twitter_card":"summary_large_image","twitter_misc":{"Ansl. lesetid":"3 minutter"},"schema":{"@context":"https:\/\/schema.org","@graph":[{"@type":"WebPage","@id":"https:\/\/hoyre.no\/loten\/politikk\/","url":"https:\/\/hoyre.no\/loten\/politikk\/","name":"Politikk - L\u00f8ten H\u00f8yre","isPartOf":{"@id":"https:\/\/hoyre.no\/loten\/#website"},"datePublished":"2023-05-02T10:44:57+00:00","dateModified":"2023-08-24T23:06:09+00:00","breadcrumb":{"@id":"https:\/\/hoyre.no\/loten\/politikk\/#breadcrumb"},"inLanguage":"nb-NO","potentialAction":[{"@type":"ReadAction","target":["https:\/\/hoyre.no\/loten\/politikk\/"]}]},{"@type":"BreadcrumbList","@id":"https:\/\/hoyre.no\/loten\/politikk\/#breadcrumb","itemListElement":[{"@type":"ListItem","position":1,"name":"Til hoyre.no","item":"https:\/\/hoyre.no"},{"@type":"ListItem","position":2,"name":"Hjem","item":"https:\/\/hoyre.no\/loten\/"},{"@type":"ListItem","position":3,"name":"Politikk"}]},{"@type":"WebSite","@id":"https:\/\/hoyre.no\/loten\/#website","url":"https:\/\/hoyre.no\/loten\/","name":"L\u00f8ten H\u00f8yre","description":"Bare enda et H\u00f8yres nettsteder-nettsted","inLanguage":"nb-NO"}]}},"distributor_meta":false,"distributor_terms":false,"distributor_media":false,"distributor_original_site_name":"L\u00f8ten H\u00f8yre","distributor_original_site_url":"https:\/\/hoyre.no\/loten","push-errors":false,"_links":{"self":[{"href":"https:\/\/hoyre.no\/loten\/wp-json\/wp\/v2\/pages\/30","targetHints":{"allow":["GET"]}}],"collection":[{"href":"https:\/\/hoyre.no\/loten\/wp-json\/wp\/v2\/pages"}],"about":[{"href":"https:\/\/hoyre.no\/loten\/wp-json\/wp\/v2\/types\/page"}],"author":[{"embeddable":true,"href":"https:\/\/hoyre.no\/loten\/wp-json\/wp\/v2\/users\/27430"}],"replies":[{"embeddable":true,"href":"https:\/\/hoyre.no\/loten\/wp-json\/wp\/v2\/comments?post=30"}],"version-history":[{"count":29,"href":"https:\/\/hoyre.no\/loten\/wp-json\/wp\/v2\/pages\/30\/revisions"}],"predecessor-version":[{"id":241,"href":"https:\/\/hoyre.no\/loten\/wp-json\/wp\/v2\/pages\/30\/revisions\/241"}],"wp:attachment":[{"href":"https:\/\/hoyre.no\/loten\/wp-json\/wp\/v2\/media?parent=30"}],"curies":[{"name":"wp","href":"https:\/\/api.w.org\/{rel}","templated":true}]}}