{"id":36,"date":"2023-07-31T13:40:46","date_gmt":"2023-07-31T11:40:46","guid":{"rendered":"https:\/\/hoyre.no\/lund\/?page_id=36"},"modified":"2025-01-28T11:54:28","modified_gmt":"2025-01-28T10:54:28","slug":"8-grunner-til-a-velge-hoyre-i-lund","status":"publish","type":"page","link":"https:\/\/hoyre.no\/lund\/8-grunner-til-a-velge-hoyre-i-lund\/","title":{"rendered":"8 grunner til \u00e5 velge H\u00f8yre i Lund"},"content":{"rendered":"\n<div class=\"wp-block-hoyre-hero with-image-gradient text-color-light  has-media alignfull has-background\"><div class=\"hoyre-hero has-image\"><h1 class=\"title\">8 grunner til \u00e5 velge H\u00f8yre i Lund<\/h1><figure class=\"hoyre-image-wrapper\"><div class=\"hoyre-image\"><img loading=\"lazy\" decoding=\"async\" width=\"2500\" height=\"1667\" src=\"https:\/\/hoyre.no\/content\/uploads\/sites\/217\/2023\/07\/GettyImages-1070509562-scaled.jpg\" class=\"attachment-scaled size-scaled\" alt=\"\" style=\"object-position: 50% 50%\" srcset=\"https:\/\/hoyre.no\/content\/uploads\/sites\/217\/2023\/07\/GettyImages-1070509562-scaled.jpg 2500w, https:\/\/hoyre.no\/content\/uploads\/sites\/217\/2023\/07\/GettyImages-1070509562-300x200.jpg 300w, https:\/\/hoyre.no\/content\/uploads\/sites\/217\/2023\/07\/GettyImages-1070509562-1024x683.jpg 1024w, https:\/\/hoyre.no\/content\/uploads\/sites\/217\/2023\/07\/GettyImages-1070509562-768x512.jpg 768w, https:\/\/hoyre.no\/content\/uploads\/sites\/217\/2023\/07\/GettyImages-1070509562-1536x1024.jpg 1536w, https:\/\/hoyre.no\/content\/uploads\/sites\/217\/2023\/07\/GettyImages-1070509562-2048x1365.jpg 2048w\" sizes=\"auto, (max-width: 2500px) 100vw, 2500px\" \/><\/div><\/figure><\/div><\/div>\n\n\n\n\n\n\n\n\t\t<div class=\"has-lightest-blue-background-color is-layout-right alignwide alignwide wp-block-hoyre-media-text\">\n\t\t\t<div class=\"hoyre-media-text__media\">\n\t\t\t\t<img loading=\"lazy\" decoding=\"async\" width=\"1024\" height=\"566\" src=\"https:\/\/hoyre.no\/content\/uploads\/sites\/217\/2023\/07\/GettyImages-473032112-1024x566.jpg\" class=\"hoyre-media-text__media-image\" alt=\"\" style=\"--focal: 50% 50%;\" srcset=\"https:\/\/hoyre.no\/content\/uploads\/sites\/217\/2023\/07\/GettyImages-473032112-1024x566.jpg 1024w, https:\/\/hoyre.no\/content\/uploads\/sites\/217\/2023\/07\/GettyImages-473032112-300x166.jpg 300w, https:\/\/hoyre.no\/content\/uploads\/sites\/217\/2023\/07\/GettyImages-473032112-768x425.jpg 768w, https:\/\/hoyre.no\/content\/uploads\/sites\/217\/2023\/07\/GettyImages-473032112-1536x850.jpg 1536w, https:\/\/hoyre.no\/content\/uploads\/sites\/217\/2023\/07\/GettyImages-473032112-2048x1133.jpg 2048w\" sizes=\"auto, (max-width: 1024px) 100vw, 1024px\" \/>\n\t\t\t<\/div>\n\t\t\t<div class=\"hoyre-media-text__content\">\n\t\t\t\t<div class=\"hoyre-media-text__content-inner\">\n\t\t\t\t\t\n\t\t\t<div class=\"hoyre-media-text__title-container\">\n\t\t\t\t\n\t\t\t\t<h2 class=\"hoyre-media-text__title\">1.<strong>Skole- og oppvekstsvilk\u00e5r<\/strong><\/h2>\n\t\t\t<\/div>\n\t\t\t\n\t\t\t\t\t<div class=\"hoyre-media-text__blocks\">\n<p>Vi trenger kvalifisert bemanning i barnehager og skoler. Dette kan f.eks. sikres med ordninger om ettergivelse av studiegjeld.<\/p><p>Vi vil sikre og utvikle gode fritidstilbud til barn og unge. Som for eksempel pumptrackbane, rideklubb og ungdomsklubb.<\/p>\n<\/div>\n\t\t\t\t\t\n\t\t\t\t<\/div>\n\t\t\t<\/div>\n\t\t<\/div>\n\t\t\n\n\n\t\t<div class=\"has-pale-purple-background-color is-layout-left alignwide alignwide wp-block-hoyre-media-text\">\n\t\t\t<div class=\"hoyre-media-text__media\">\n\t\t\t\t<img loading=\"lazy\" decoding=\"async\" width=\"1024\" height=\"683\" src=\"https:\/\/hoyre.no\/content\/uploads\/sites\/217\/2023\/07\/GettyImages-621350462-1024x683.jpg\" class=\"hoyre-media-text__media-image\" alt=\"\" style=\"--focal: 50% 50%;\" srcset=\"https:\/\/hoyre.no\/content\/uploads\/sites\/217\/2023\/07\/GettyImages-621350462-1024x683.jpg 1024w, https:\/\/hoyre.no\/content\/uploads\/sites\/217\/2023\/07\/GettyImages-621350462-300x200.jpg 300w, https:\/\/hoyre.no\/content\/uploads\/sites\/217\/2023\/07\/GettyImages-621350462-768x512.jpg 768w, https:\/\/hoyre.no\/content\/uploads\/sites\/217\/2023\/07\/GettyImages-621350462-1536x1024.jpg 1536w, https:\/\/hoyre.no\/content\/uploads\/sites\/217\/2023\/07\/GettyImages-621350462-2048x1365.jpg 2048w\" sizes=\"auto, (max-width: 1024px) 100vw, 1024px\" \/>\n\t\t\t<\/div>\n\t\t\t<div class=\"hoyre-media-text__content\">\n\t\t\t\t<div class=\"hoyre-media-text__content-inner\">\n\t\t\t\t\t\n\t\t\t<div class=\"hoyre-media-text__title-container\">\n\t\t\t\t\n\t\t\t\t<h2 class=\"hoyre-media-text__title\">2. <strong>Sentrumsutvikling og bolyst<\/strong><\/h2>\n\t\t\t<\/div>\n\t\t\t\n\t\t\t\t\t<div class=\"hoyre-media-text__blocks\">\n<p>Vi vil satse p\u00e5 de tre kommunesentra, med spesiell vekt p\u00e5 Moi sentrum. Vi vil ta tilbake sentrum!<\/p><p>Vi vil satse p\u00e5 Heskestad samfunnshus, Hovstun og frivilligheten for \u00e5 sikre aktivitet i hele kommunen.<\/p><p>Vi vil tilrettelegge for nye og attraktive tomter, samt renovering av boliger og n\u00e6ringsbygg.<\/p><p>Vi vil jobbe for en snarest mulig halvering av eiendomsskatten, for p\u00e5 sikt fjerne den helt.<\/p>\n<\/div>\n\t\t\t\t\t\n\t\t\t\t<\/div>\n\t\t\t<\/div>\n\t\t<\/div>\n\t\t\n\n\n\t\t<div class=\"has-lightest-grey-background-color is-layout-right alignwide alignwide wp-block-hoyre-media-text\">\n\t\t\t<div class=\"hoyre-media-text__media\">\n\t\t\t\t<img loading=\"lazy\" decoding=\"async\" width=\"1024\" height=\"683\" src=\"https:\/\/hoyre.no\/content\/uploads\/sites\/217\/2023\/07\/GettyImages-1053414448-1024x683.jpg\" class=\"hoyre-media-text__media-image\" alt=\"\" style=\"--focal: 50% 50%;\" srcset=\"https:\/\/hoyre.no\/content\/uploads\/sites\/217\/2023\/07\/GettyImages-1053414448-1024x683.jpg 1024w, https:\/\/hoyre.no\/content\/uploads\/sites\/217\/2023\/07\/GettyImages-1053414448-300x200.jpg 300w, https:\/\/hoyre.no\/content\/uploads\/sites\/217\/2023\/07\/GettyImages-1053414448-768x512.jpg 768w, https:\/\/hoyre.no\/content\/uploads\/sites\/217\/2023\/07\/GettyImages-1053414448-1536x1024.jpg 1536w, https:\/\/hoyre.no\/content\/uploads\/sites\/217\/2023\/07\/GettyImages-1053414448-2048x1365.jpg 2048w\" sizes=\"auto, (max-width: 1024px) 100vw, 1024px\" \/>\n\t\t\t<\/div>\n\t\t\t<div class=\"hoyre-media-text__content\">\n\t\t\t\t<div class=\"hoyre-media-text__content-inner\">\n\t\t\t\t\t\n\t\t\t<div class=\"hoyre-media-text__title-container\">\n\t\t\t\t\n\t\t\t\t<h2 class=\"hoyre-media-text__title\">3. <strong>Helse og omsorg<\/strong><\/h2>\n\t\t\t<\/div>\n\t\t\t\n\t\t\t\t\t<div class=\"hoyre-media-text__blocks\">\n<p>Vi vil tilrettelegge for at eldre skal kunne f\u00e5 bo lengst mulig hjemme. Skal man kunne bo lengst mulig hjemme er man avhengig av et velfungerende taxitilbud i kommunen. Vi er villige til \u00e5 i en periode gi \u00f8konomisk st\u00f8tte til akt\u00f8r(er) som \u00f8nsker \u00e5 satse p\u00e5 taxivirksomhet i v\u00e5r kommune.<\/p><p>Vi har et flott omsorgssenter med ansatte som gj\u00f8r en fantastisk innsats med livsglede. Dette m\u00e5 vi sikre at f\u00e5r muligheten til \u00e5 utvikle seg videre. Det er ogs\u00e5 viktig \u00e5 ha samme kvalitet p\u00e5 hjemmetjenesten.<\/p>\n<\/div>\n\t\t\t\t\t\n\t\t\t\t<\/div>\n\t\t\t<\/div>\n\t\t<\/div>\n\t\t\n\n\n\t\t<div class=\"has-dark-blue-background-color is-layout-left alignwide alignwide wp-block-hoyre-media-text\">\n\t\t\t<div class=\"hoyre-media-text__media\">\n\t\t\t\t<img loading=\"lazy\" decoding=\"async\" width=\"1024\" height=\"683\" src=\"https:\/\/hoyre.no\/content\/uploads\/sites\/217\/2023\/07\/GettyImages-535587483-1-1024x683.jpg\" class=\"hoyre-media-text__media-image\" alt=\"\" style=\"--focal: 50% 50%;\" srcset=\"https:\/\/hoyre.no\/content\/uploads\/sites\/217\/2023\/07\/GettyImages-535587483-1-1024x683.jpg 1024w, https:\/\/hoyre.no\/content\/uploads\/sites\/217\/2023\/07\/GettyImages-535587483-1-300x200.jpg 300w, https:\/\/hoyre.no\/content\/uploads\/sites\/217\/2023\/07\/GettyImages-535587483-1-768x512.jpg 768w, https:\/\/hoyre.no\/content\/uploads\/sites\/217\/2023\/07\/GettyImages-535587483-1-1536x1024.jpg 1536w, https:\/\/hoyre.no\/content\/uploads\/sites\/217\/2023\/07\/GettyImages-535587483-1-2048x1365.jpg 2048w\" sizes=\"auto, (max-width: 1024px) 100vw, 1024px\" \/>\n\t\t\t<\/div>\n\t\t\t<div class=\"hoyre-media-text__content\">\n\t\t\t\t<div class=\"hoyre-media-text__content-inner\">\n\t\t\t\t\t\n\t\t\t<div class=\"hoyre-media-text__title-container\">\n\t\t\t\t\n\t\t\t\t<h2 class=\"hoyre-media-text__title\">4. <strong>Turisme<\/strong><\/h2>\n\t\t\t<\/div>\n\t\t\t\n\t\t\t\t\t<div class=\"hoyre-media-text__blocks\">\n<p>Vi vil satse p\u00e5 utvikling av v\u00e5re fire fyrt\u00e5rn \u2013 Tron\u00e5sen, Gursli og Lilandsgruvene, Lund bygdemuseum &amp; kulturbank og S\u00e6traomr\u00e5det.<\/p><p>S\u00e6traomr\u00e5det med Gauksomhytta er et s\u00e6rs egnet omr\u00e5de for videre utvikling for b\u00e5de vinter- og sommeraktiviteter.<\/p><p>Vi m\u00e5 f\u00e5 p\u00e5 plass en bobilparkering, og da helst med gangavstand til Moi sentrum.<\/p>\n<\/div>\n\t\t\t\t\t\n\t\t\t\t<\/div>\n\t\t\t<\/div>\n\t\t<\/div>\n\t\t\n\n\n\t\t<div class=\"has-pale-green-background-color is-layout-right alignwide alignwide wp-block-hoyre-media-text\">\n\t\t\t<div class=\"hoyre-media-text__media\">\n\t\t\t\t<img loading=\"lazy\" decoding=\"async\" width=\"1024\" height=\"684\" src=\"https:\/\/hoyre.no\/content\/uploads\/sites\/217\/2023\/07\/GettyImages-175384875-1024x684.jpg\" class=\"hoyre-media-text__media-image\" alt=\"\" style=\"--focal: 50% 50%;\" srcset=\"https:\/\/hoyre.no\/content\/uploads\/sites\/217\/2023\/07\/GettyImages-175384875-1024x684.jpg 1024w, https:\/\/hoyre.no\/content\/uploads\/sites\/217\/2023\/07\/GettyImages-175384875-300x200.jpg 300w, https:\/\/hoyre.no\/content\/uploads\/sites\/217\/2023\/07\/GettyImages-175384875-768x513.jpg 768w, https:\/\/hoyre.no\/content\/uploads\/sites\/217\/2023\/07\/GettyImages-175384875-1536x1026.jpg 1536w, https:\/\/hoyre.no\/content\/uploads\/sites\/217\/2023\/07\/GettyImages-175384875-2048x1368.jpg 2048w\" sizes=\"auto, (max-width: 1024px) 100vw, 1024px\" \/>\n\t\t\t<\/div>\n\t\t\t<div class=\"hoyre-media-text__content\">\n\t\t\t\t<div class=\"hoyre-media-text__content-inner\">\n\t\t\t\t\t\n\t\t\t<div class=\"hoyre-media-text__title-container\">\n\t\t\t\t\n\t\t\t\t<h2 class=\"hoyre-media-text__title\">5. <strong>Natur og milj\u00f8<\/strong><\/h2>\n\t\t\t<\/div>\n\t\t\t\n\t\t\t\t\t<div class=\"hoyre-media-text__blocks\">\n<p>Lund H\u00f8yre sier klart og tydelig NEI til utbygging av ny vindkraft og solkraft i v\u00e5r kommune. Vi vil jobbe aktivt for \u00e5 p\u00e5virke v\u00e5re nabokommuner til \u00e5 ta samme standpunkt.<\/p><p>Vi vil kjempe for \u00e5 motvirke den \u00f8kende raseringen av v\u00e5re regulerte vassdrag. Vi trenger stabilitet for innbyggere, hytteeiere og turister.<\/p>\n<\/div>\n\t\t\t\t\t\n\t\t\t\t<\/div>\n\t\t\t<\/div>\n\t\t<\/div>\n\t\t\n\n\n\t\t<div class=\"has-pale-blue-background-color is-layout-left alignwide alignwide wp-block-hoyre-media-text\">\n\t\t\t<div class=\"hoyre-media-text__media\">\n\t\t\t\t<img loading=\"lazy\" decoding=\"async\" width=\"683\" height=\"1024\" src=\"https:\/\/hoyre.no\/content\/uploads\/sites\/217\/2023\/07\/GettyImages-1396518237-683x1024.jpg\" class=\"hoyre-media-text__media-image\" alt=\"\" style=\"--focal: 58% 20%;\" srcset=\"https:\/\/hoyre.no\/content\/uploads\/sites\/217\/2023\/07\/GettyImages-1396518237-683x1024.jpg 683w, https:\/\/hoyre.no\/content\/uploads\/sites\/217\/2023\/07\/GettyImages-1396518237-200x300.jpg 200w, https:\/\/hoyre.no\/content\/uploads\/sites\/217\/2023\/07\/GettyImages-1396518237-768x1151.jpg 768w, https:\/\/hoyre.no\/content\/uploads\/sites\/217\/2023\/07\/GettyImages-1396518237-1025x1536.jpg 1025w, https:\/\/hoyre.no\/content\/uploads\/sites\/217\/2023\/07\/GettyImages-1396518237-1367x2048.jpg 1367w, https:\/\/hoyre.no\/content\/uploads\/sites\/217\/2023\/07\/GettyImages-1396518237-scaled.jpg 1668w\" sizes=\"auto, (max-width: 683px) 100vw, 683px\" \/>\n\t\t\t<\/div>\n\t\t\t<div class=\"hoyre-media-text__content\">\n\t\t\t\t<div class=\"hoyre-media-text__content-inner\">\n\t\t\t\t\t\n\t\t\t<div class=\"hoyre-media-text__title-container\">\n\t\t\t\t\n\t\t\t\t<h2 class=\"hoyre-media-text__title\">6. <strong>Interkommunalt samarbeid<\/strong><\/h2>\n\t\t\t<\/div>\n\t\t\t\n\t\t\t\t\t<div class=\"hoyre-media-text__blocks\">\n<p>\u00c5 drifte en liten kommune er utfordrende og dyrt. Skal vi best\u00e5 som egen kommune m\u00e5 vi s\u00f8ke samarbeid med omkringliggende kommuner der det lar seg gj\u00f8re. Eksempler p\u00e5 dette per i dag er NAV og barnevernstjenesten.<\/p><p>Vi m\u00e5 ogs\u00e5 se p\u00e5 andre l\u00f8sninger.<\/p>\n<\/div>\n\t\t\t\t\t\n\t\t\t\t<\/div>\n\t\t\t<\/div>\n\t\t<\/div>\n\t\t\n\n\n\t\t<div class=\"has-pink-background-color is-layout-right alignwide alignwide wp-block-hoyre-media-text\">\n\t\t\t<div class=\"hoyre-media-text__media\">\n\t\t\t\t<img loading=\"lazy\" decoding=\"async\" width=\"1024\" height=\"683\" src=\"https:\/\/hoyre.no\/content\/uploads\/sites\/217\/2023\/07\/GettyImages-1329997503-1-1024x683.jpg\" class=\"hoyre-media-text__media-image\" alt=\"\" style=\"--focal: 50% 50%;\" srcset=\"https:\/\/hoyre.no\/content\/uploads\/sites\/217\/2023\/07\/GettyImages-1329997503-1-1024x683.jpg 1024w, https:\/\/hoyre.no\/content\/uploads\/sites\/217\/2023\/07\/GettyImages-1329997503-1-300x200.jpg 300w, https:\/\/hoyre.no\/content\/uploads\/sites\/217\/2023\/07\/GettyImages-1329997503-1-768x512.jpg 768w, https:\/\/hoyre.no\/content\/uploads\/sites\/217\/2023\/07\/GettyImages-1329997503-1-1536x1025.jpg 1536w, https:\/\/hoyre.no\/content\/uploads\/sites\/217\/2023\/07\/GettyImages-1329997503-1-2048x1366.jpg 2048w\" sizes=\"auto, (max-width: 1024px) 100vw, 1024px\" \/>\n\t\t\t<\/div>\n\t\t\t<div class=\"hoyre-media-text__content\">\n\t\t\t\t<div class=\"hoyre-media-text__content-inner\">\n\t\t\t\t\t\n\t\t\t<div class=\"hoyre-media-text__title-container\">\n\t\t\t\t\n\t\t\t\t<h2 class=\"hoyre-media-text__title\">7. N\u00e6ringsutvikling<\/h2>\n\t\t\t<\/div>\n\t\t\t\n\t\t\t\t\t<div class=\"hoyre-media-text__blocks\">\n<p>Vi \u00f8nsker \u00e5 legge til rette for etablering nye arbeidsplasser i hele kommunen.<\/p><p>Lund H\u00f8yre vil opprette et eget n\u00e6ringsfond som skal brukes til nyutvikling og videreutvikling av arbeidsplasser.<\/p><p>Vi vil gj\u00f8re om Lund Tomteselskap AS til Lund N\u00e6ringsselskap AS. Vi \u00f8nsker s\u00e5 \u00e5 gi st\u00f8tte til selskapet som skal drive mer m\u00e5lrettet med n\u00e6ringsutvikling.<\/p><p>Vi \u00f8nsker \u00e5 st\u00f8tte opp om b\u00f8nder som utvikler og driver alternativ virksomhet og produksjon av lokale matvarer.<\/p>\n<\/div>\n\t\t\t\t\t\n\t\t\t\t<\/div>\n\t\t\t<\/div>\n\t\t<\/div>\n\t\t\n\n\n\t\t<div class=\"has-lightest-blue-background-color is-layout-left alignwide alignwide wp-block-hoyre-media-text\">\n\t\t\t<div class=\"hoyre-media-text__media\">\n\t\t\t\t<img loading=\"lazy\" decoding=\"async\" width=\"1024\" height=\"680\" src=\"https:\/\/hoyre.no\/content\/uploads\/sites\/217\/2023\/07\/GettyImages-492779192-1024x680.jpg\" class=\"hoyre-media-text__media-image\" alt=\"\" style=\"--focal: 50% 50%;\" srcset=\"https:\/\/hoyre.no\/content\/uploads\/sites\/217\/2023\/07\/GettyImages-492779192-1024x680.jpg 1024w, https:\/\/hoyre.no\/content\/uploads\/sites\/217\/2023\/07\/GettyImages-492779192-300x199.jpg 300w, https:\/\/hoyre.no\/content\/uploads\/sites\/217\/2023\/07\/GettyImages-492779192-768x510.jpg 768w, https:\/\/hoyre.no\/content\/uploads\/sites\/217\/2023\/07\/GettyImages-492779192-1536x1020.jpg 1536w, https:\/\/hoyre.no\/content\/uploads\/sites\/217\/2023\/07\/GettyImages-492779192-2048x1360.jpg 2048w\" sizes=\"auto, (max-width: 1024px) 100vw, 1024px\" \/>\n\t\t\t<\/div>\n\t\t\t<div class=\"hoyre-media-text__content\">\n\t\t\t\t<div class=\"hoyre-media-text__content-inner\">\n\t\t\t\t\t\n\t\t\t<div class=\"hoyre-media-text__title-container\">\n\t\t\t\t\n\t\t\t\t<h2 class=\"hoyre-media-text__title\">8. <strong>Samfunn og sikkerhet<\/strong><\/h2>\n\t\t\t<\/div>\n\t\t\t\n\t\t\t\t\t<div class=\"hoyre-media-text__blocks\">\n<p>Vi vil jobbe for en sikker mobildekning i hele kommunen.<\/p><p>Vi vil jobbe for at vi til enhver tid skal ha politibemanning i kommunen.<\/p><p>Vi vil jobbe for utbedring og sikring av alle typer veier i kommunen. Aktivt p\u00e5trykk for bygging av ny E39 gjennom kommunen vil v\u00e6re en viktig del av dette arbeidet.<\/p><p>Vi vil snarest mulig investere i hjertestartere sentralt plassert i hver av v\u00e5re tre bygder.<\/p>\n<\/div>\n\t\t\t\t\t\n\t\t\t\t<\/div>\n\t\t\t<\/div>\n\t\t<\/div>\n\t\t","protected":false},"excerpt":{"rendered":"","protected":false},"author":10416,"featured_media":0,"parent":0,"menu_order":0,"comment_status":"closed","ping_status":"closed","template":"","meta":{"teft_cards_image_url":"","teft_cards_custom_pretitle":"","teft_cards_image_id":0,"teft_cards_image_focal_point_x":0,"teft_cards_image_focal_point_y":0,"teft_cards_title":"","teft_cards_excerpt":"","teft_show_chapters":false,"footnotes":""},"class_list":["post-36","page","type-page","status-publish","hentry"],"yoast_head":"<!-- This site is optimized with the Yoast SEO plugin v26.6 - https:\/\/yoast.com\/wordpress\/plugins\/seo\/ -->\n<title>8 grunner til \u00e5 velge H\u00f8yre i Lund - Lund H\u00f8yre<\/title>\n<meta name=\"description\" content=\"Vi gir deg \u00e5tte gode grunner til hvorfor du b\u00f8r stemme H\u00f8yre i Lund.\" \/>\n<meta name=\"robots\" content=\"index, follow, max-snippet:-1, max-image-preview:large, max-video-preview:-1\" \/>\n<link rel=\"canonical\" href=\"https:\/\/hoyre.no\/lund\/8-grunner-til-a-velge-hoyre-i-lund\/\" \/>\n<meta property=\"og:locale\" content=\"nb_NO\" \/>\n<meta property=\"og:type\" content=\"article\" \/>\n<meta property=\"og:title\" content=\"8 grunner til \u00e5 velge H\u00f8yre i Lund - Lund H\u00f8yre\" \/>\n<meta property=\"og:description\" content=\"Vi gir deg \u00e5tte gode grunner til hvorfor du b\u00f8r stemme H\u00f8yre i Lund.\" \/>\n<meta property=\"og:url\" content=\"https:\/\/hoyre.no\/lund\/8-grunner-til-a-velge-hoyre-i-lund\/\" \/>\n<meta property=\"og:site_name\" content=\"Lund H\u00f8yre\" \/>\n<meta property=\"article:modified_time\" content=\"2025-01-28T10:54:28+00:00\" \/>\n<meta property=\"og:image\" content=\"https:\/\/hoyre.no\/content\/uploads\/sites\/217\/2022\/11\/Hoyres-logo.png\" \/>\n\t<meta property=\"og:image:width\" content=\"1000\" \/>\n\t<meta property=\"og:image:height\" content=\"1000\" \/>\n\t<meta property=\"og:image:type\" content=\"image\/png\" \/>\n<meta name=\"twitter:card\" content=\"summary_large_image\" \/>\n<meta name=\"twitter:label1\" content=\"Ansl. lesetid\" \/>\n\t<meta name=\"twitter:data1\" content=\"4 minutter\" \/>\n<script type=\"application\/ld+json\" class=\"yoast-schema-graph\">{\"@context\":\"https:\/\/schema.org\",\"@graph\":[{\"@type\":\"WebPage\",\"@id\":\"https:\/\/hoyre.no\/lund\/8-grunner-til-a-velge-hoyre-i-lund\/\",\"url\":\"https:\/\/hoyre.no\/lund\/8-grunner-til-a-velge-hoyre-i-lund\/\",\"name\":\"8 grunner til \u00e5 velge H\u00f8yre i Lund - Lund H\u00f8yre\",\"isPartOf\":{\"@id\":\"https:\/\/hoyre.no\/lund\/#website\"},\"datePublished\":\"2023-07-31T11:40:46+00:00\",\"dateModified\":\"2025-01-28T10:54:28+00:00\",\"description\":\"Vi gir deg \u00e5tte gode grunner til hvorfor du b\u00f8r stemme H\u00f8yre i Lund.\",\"breadcrumb\":{\"@id\":\"https:\/\/hoyre.no\/lund\/8-grunner-til-a-velge-hoyre-i-lund\/#breadcrumb\"},\"inLanguage\":\"nb-NO\",\"potentialAction\":[{\"@type\":\"ReadAction\",\"target\":[\"https:\/\/hoyre.no\/lund\/8-grunner-til-a-velge-hoyre-i-lund\/\"]}]},{\"@type\":\"BreadcrumbList\",\"@id\":\"https:\/\/hoyre.no\/lund\/8-grunner-til-a-velge-hoyre-i-lund\/#breadcrumb\",\"itemListElement\":[{\"@type\":\"ListItem\",\"position\":1,\"name\":\"Til hoyre.no\",\"item\":\"https:\/\/hoyre.no\"},{\"@type\":\"ListItem\",\"position\":2,\"name\":\"Hjem\",\"item\":\"https:\/\/hoyre.no\/lund\/\"},{\"@type\":\"ListItem\",\"position\":3,\"name\":\"8 grunner til \u00e5 velge H\u00f8yre i Lund\"}]},{\"@type\":\"WebSite\",\"@id\":\"https:\/\/hoyre.no\/lund\/#website\",\"url\":\"https:\/\/hoyre.no\/lund\/\",\"name\":\"Lund H\u00f8yre\",\"description\":\"Bare enda et H\u00f8yres nettsteder-nettsted\",\"inLanguage\":\"nb-NO\"}]}<\/script>\n<!-- \/ Yoast SEO plugin. -->","yoast_head_json":{"title":"8 grunner til \u00e5 velge H\u00f8yre i Lund - Lund H\u00f8yre","description":"Vi gir deg \u00e5tte gode grunner til hvorfor du b\u00f8r stemme H\u00f8yre i Lund.","robots":{"index":"index","follow":"follow","max-snippet":"max-snippet:-1","max-image-preview":"max-image-preview:large","max-video-preview":"max-video-preview:-1"},"canonical":"https:\/\/hoyre.no\/lund\/8-grunner-til-a-velge-hoyre-i-lund\/","og_locale":"nb_NO","og_type":"article","og_title":"8 grunner til \u00e5 velge H\u00f8yre i Lund - Lund H\u00f8yre","og_description":"Vi gir deg \u00e5tte gode grunner til hvorfor du b\u00f8r stemme H\u00f8yre i Lund.","og_url":"https:\/\/hoyre.no\/lund\/8-grunner-til-a-velge-hoyre-i-lund\/","og_site_name":"Lund H\u00f8yre","article_modified_time":"2025-01-28T10:54:28+00:00","og_image":[{"width":1000,"height":1000,"url":"https:\/\/hoyre.no\/content\/uploads\/sites\/217\/2022\/11\/Hoyres-logo.png","type":"image\/png"}],"twitter_card":"summary_large_image","twitter_misc":{"Ansl. lesetid":"4 minutter"},"schema":{"@context":"https:\/\/schema.org","@graph":[{"@type":"WebPage","@id":"https:\/\/hoyre.no\/lund\/8-grunner-til-a-velge-hoyre-i-lund\/","url":"https:\/\/hoyre.no\/lund\/8-grunner-til-a-velge-hoyre-i-lund\/","name":"8 grunner til \u00e5 velge H\u00f8yre i Lund - Lund H\u00f8yre","isPartOf":{"@id":"https:\/\/hoyre.no\/lund\/#website"},"datePublished":"2023-07-31T11:40:46+00:00","dateModified":"2025-01-28T10:54:28+00:00","description":"Vi gir deg \u00e5tte gode grunner til hvorfor du b\u00f8r stemme H\u00f8yre i Lund.","breadcrumb":{"@id":"https:\/\/hoyre.no\/lund\/8-grunner-til-a-velge-hoyre-i-lund\/#breadcrumb"},"inLanguage":"nb-NO","potentialAction":[{"@type":"ReadAction","target":["https:\/\/hoyre.no\/lund\/8-grunner-til-a-velge-hoyre-i-lund\/"]}]},{"@type":"BreadcrumbList","@id":"https:\/\/hoyre.no\/lund\/8-grunner-til-a-velge-hoyre-i-lund\/#breadcrumb","itemListElement":[{"@type":"ListItem","position":1,"name":"Til hoyre.no","item":"https:\/\/hoyre.no"},{"@type":"ListItem","position":2,"name":"Hjem","item":"https:\/\/hoyre.no\/lund\/"},{"@type":"ListItem","position":3,"name":"8 grunner til \u00e5 velge H\u00f8yre i Lund"}]},{"@type":"WebSite","@id":"https:\/\/hoyre.no\/lund\/#website","url":"https:\/\/hoyre.no\/lund\/","name":"Lund H\u00f8yre","description":"Bare enda et H\u00f8yres nettsteder-nettsted","inLanguage":"nb-NO"}]}},"distributor_meta":false,"distributor_terms":false,"distributor_media":false,"distributor_original_site_name":"Lund H\u00f8yre","distributor_original_site_url":"https:\/\/hoyre.no\/lund","push-errors":false,"_links":{"self":[{"href":"https:\/\/hoyre.no\/lund\/wp-json\/wp\/v2\/pages\/36","targetHints":{"allow":["GET"]}}],"collection":[{"href":"https:\/\/hoyre.no\/lund\/wp-json\/wp\/v2\/pages"}],"about":[{"href":"https:\/\/hoyre.no\/lund\/wp-json\/wp\/v2\/types\/page"}],"author":[{"embeddable":true,"href":"https:\/\/hoyre.no\/lund\/wp-json\/wp\/v2\/users\/10416"}],"replies":[{"embeddable":true,"href":"https:\/\/hoyre.no\/lund\/wp-json\/wp\/v2\/comments?post=36"}],"version-history":[{"count":4,"href":"https:\/\/hoyre.no\/lund\/wp-json\/wp\/v2\/pages\/36\/revisions"}],"predecessor-version":[{"id":94,"href":"https:\/\/hoyre.no\/lund\/wp-json\/wp\/v2\/pages\/36\/revisions\/94"}],"wp:attachment":[{"href":"https:\/\/hoyre.no\/lund\/wp-json\/wp\/v2\/media?parent=36"}],"curies":[{"name":"wp","href":"https:\/\/api.w.org\/{rel}","templated":true}]}}