{"id":39,"date":"2023-08-14T16:08:56","date_gmt":"2023-08-14T14:08:56","guid":{"rendered":"https:\/\/hoyre.no\/luster\/?page_id=39"},"modified":"2025-02-14T13:05:49","modified_gmt":"2025-02-14T12:05:49","slug":"5-grunnar-til-a-royste-hogre-i-luster","status":"publish","type":"page","link":"https:\/\/hoyre.no\/luster\/5-grunnar-til-a-royste-hogre-i-luster\/","title":{"rendered":"5 grunnar til \u00e5 r\u00f8yste H\u00f8gre i Luster"},"content":{"rendered":"\n<div class=\"wp-block-hoyre-hero with-image-gradient text-color-light  has-media alignfull has-background\"><div class=\"hoyre-hero has-image\"><h1 class=\"title\">5 grunnar til \u00e5 r\u00f8yste H\u00f8gre i Luster<\/h1><figure class=\"hoyre-image-wrapper\"><div class=\"hoyre-image\"><img loading=\"lazy\" decoding=\"async\" width=\"2500\" height=\"1667\" src=\"https:\/\/hoyre.no\/content\/uploads\/sites\/327\/2023\/08\/Bla-Hortensia-foto-Agathe-Steen-6-scaled.jpg\" class=\"attachment-scaled size-scaled\" alt=\"\" style=\"object-position: 56.00000000000001% 63%\" srcset=\"https:\/\/hoyre.no\/content\/uploads\/sites\/327\/2023\/08\/Bla-Hortensia-foto-Agathe-Steen-6-scaled.jpg 2500w, https:\/\/hoyre.no\/content\/uploads\/sites\/327\/2023\/08\/Bla-Hortensia-foto-Agathe-Steen-6-300x200.jpg 300w, https:\/\/hoyre.no\/content\/uploads\/sites\/327\/2023\/08\/Bla-Hortensia-foto-Agathe-Steen-6-1024x683.jpg 1024w, https:\/\/hoyre.no\/content\/uploads\/sites\/327\/2023\/08\/Bla-Hortensia-foto-Agathe-Steen-6-768x512.jpg 768w, https:\/\/hoyre.no\/content\/uploads\/sites\/327\/2023\/08\/Bla-Hortensia-foto-Agathe-Steen-6-1536x1024.jpg 1536w, https:\/\/hoyre.no\/content\/uploads\/sites\/327\/2023\/08\/Bla-Hortensia-foto-Agathe-Steen-6-2048x1365.jpg 2048w\" sizes=\"auto, (max-width: 2500px) 100vw, 2500px\" \/><\/div><\/figure><\/div><\/div>\n\n\n\n\n\t\t<div class=\"has-pale-green-background-color is-layout-left alignwide alignwide wp-block-hoyre-media-text\">\n\t\t\t<div class=\"hoyre-media-text__media\">\n\t\t\t\t<img loading=\"lazy\" decoding=\"async\" width=\"1024\" height=\"1024\" src=\"https:\/\/hoyre.no\/content\/uploads\/sites\/327\/2023\/08\/GettyImages-1288054337-1024x1024.jpg\" class=\"hoyre-media-text__media-image\" alt=\"\" style=\"--focal: 50% 70%;\" srcset=\"https:\/\/hoyre.no\/content\/uploads\/sites\/327\/2023\/08\/GettyImages-1288054337-1024x1024.jpg 1024w, https:\/\/hoyre.no\/content\/uploads\/sites\/327\/2023\/08\/GettyImages-1288054337-300x300.jpg 300w, https:\/\/hoyre.no\/content\/uploads\/sites\/327\/2023\/08\/GettyImages-1288054337-150x150.jpg 150w, https:\/\/hoyre.no\/content\/uploads\/sites\/327\/2023\/08\/GettyImages-1288054337-768x768.jpg 768w, https:\/\/hoyre.no\/content\/uploads\/sites\/327\/2023\/08\/GettyImages-1288054337-1536x1536.jpg 1536w, https:\/\/hoyre.no\/content\/uploads\/sites\/327\/2023\/08\/GettyImages-1288054337-2048x2048.jpg 2048w\" sizes=\"auto, (max-width: 1024px) 100vw, 1024px\" \/>\n\t\t\t<\/div>\n\t\t\t<div class=\"hoyre-media-text__content\">\n\t\t\t\t<div class=\"hoyre-media-text__content-inner\">\n\t\t\t\t\t\n\t\t\t<div class=\"hoyre-media-text__title-container\">\n\t\t\t\t\n\t\t\t\t<h2 class=\"hoyre-media-text__title\">1. Gr\u00f8n vekst i Luster<\/h2>\n\t\t\t<\/div>\n\t\t\t\n\t\t\t\t\t<div class=\"hoyre-media-text__blocks\">\n<p>Me vil tilretteleggja for nye, gr\u00f8ne arbeidsplassar i Luster. Godt for klima, og godt for Luster.<\/p>\n<\/div>\n\t\t\t\t\t\n\t\t\t\t<\/div>\n\t\t\t<\/div>\n\t\t<\/div>\n\t\t\n\n\n\n\t\t<div class=\"has-pale-blue-background-color is-layout-right alignwide alignwide wp-block-hoyre-media-text\">\n\t\t\t<div class=\"hoyre-media-text__media\">\n\t\t\t\t<img loading=\"lazy\" decoding=\"async\" width=\"1024\" height=\"683\" src=\"https:\/\/hoyre.no\/content\/uploads\/sites\/327\/2023\/08\/GettyImages-1209076220-1024x683.jpg\" class=\"hoyre-media-text__media-image\" alt=\"\" style=\"--focal: 32% 35%;\" srcset=\"https:\/\/hoyre.no\/content\/uploads\/sites\/327\/2023\/08\/GettyImages-1209076220-1024x683.jpg 1024w, https:\/\/hoyre.no\/content\/uploads\/sites\/327\/2023\/08\/GettyImages-1209076220-300x200.jpg 300w, https:\/\/hoyre.no\/content\/uploads\/sites\/327\/2023\/08\/GettyImages-1209076220-768x512.jpg 768w, https:\/\/hoyre.no\/content\/uploads\/sites\/327\/2023\/08\/GettyImages-1209076220-1536x1024.jpg 1536w, https:\/\/hoyre.no\/content\/uploads\/sites\/327\/2023\/08\/GettyImages-1209076220-2048x1365.jpg 2048w\" sizes=\"auto, (max-width: 1024px) 100vw, 1024px\" \/>\n\t\t\t<\/div>\n\t\t\t<div class=\"hoyre-media-text__content\">\n\t\t\t\t<div class=\"hoyre-media-text__content-inner\">\n\t\t\t\t\t\n\t\t\t<div class=\"hoyre-media-text__title-container\">\n\t\t\t\t\n\t\t\t\t<h2 class=\"hoyre-media-text__title\">2. Personlig \u00f8konomi<\/h2>\n\t\t\t<\/div>\n\t\t\t\n\t\t\t\t\t<div class=\"hoyre-media-text__blocks\">\n<p>Du skal f\u00e5 beholde meir av inntekta di. Kommunale avgifter og gebyr m\u00e5 ned. Eigedomsskatten m\u00e5 ikkje innf\u00f8rast.<\/p>\n<\/div>\n\t\t\t\t\t\n\t\t\t\t<\/div>\n\t\t\t<\/div>\n\t\t<\/div>\n\t\t\n\n\n\t\t<div class=\"has-lightest-blue-background-color is-layout-left alignwide alignwide wp-block-hoyre-media-text\">\n\t\t\t<div class=\"hoyre-media-text__media\">\n\t\t\t\t<img loading=\"lazy\" decoding=\"async\" width=\"1024\" height=\"676\" src=\"https:\/\/hoyre.no\/content\/uploads\/sites\/327\/2023\/08\/GettyImages-1160692980-1024x676.jpg\" class=\"hoyre-media-text__media-image\" alt=\"\" style=\"--focal: 50% 50%;\" srcset=\"https:\/\/hoyre.no\/content\/uploads\/sites\/327\/2023\/08\/GettyImages-1160692980-1024x676.jpg 1024w, https:\/\/hoyre.no\/content\/uploads\/sites\/327\/2023\/08\/GettyImages-1160692980-300x198.jpg 300w, https:\/\/hoyre.no\/content\/uploads\/sites\/327\/2023\/08\/GettyImages-1160692980-768x507.jpg 768w, https:\/\/hoyre.no\/content\/uploads\/sites\/327\/2023\/08\/GettyImages-1160692980-1536x1014.jpg 1536w, https:\/\/hoyre.no\/content\/uploads\/sites\/327\/2023\/08\/GettyImages-1160692980-2048x1352.jpg 2048w\" sizes=\"auto, (max-width: 1024px) 100vw, 1024px\" \/>\n\t\t\t<\/div>\n\t\t\t<div class=\"hoyre-media-text__content\">\n\t\t\t\t<div class=\"hoyre-media-text__content-inner\">\n\t\t\t\t\t\n\t\t\t<div class=\"hoyre-media-text__title-container\">\n\t\t\t\t\n\t\t\t\t<h2 class=\"hoyre-media-text__title\">3. Valfridom i skulen<\/h2>\n\t\t\t<\/div>\n\t\t\t\n\t\t\t\t\t<div class=\"hoyre-media-text__blocks\">\n<p>Elevane og foreldra veit best kva eleven treng. Me vil kjempa for fritt skuleval i vidareg\u00e5ande skule Vestland.<\/p>\n<\/div>\n\t\t\t\t\t\n\t\t\t\t<\/div>\n\t\t\t<\/div>\n\t\t<\/div>\n\t\t\n\n\n\t\t<div class=\"has-pink-background-color is-layout-right alignwide alignwide wp-block-hoyre-media-text\">\n\t\t\t<div class=\"hoyre-media-text__media\">\n\t\t\t\t<img loading=\"lazy\" decoding=\"async\" width=\"1024\" height=\"683\" src=\"https:\/\/hoyre.no\/content\/uploads\/sites\/327\/2023\/08\/GettyImages-638677204-1024x683.jpg\" class=\"hoyre-media-text__media-image\" alt=\"\" style=\"--focal: 50% 50%;\" srcset=\"https:\/\/hoyre.no\/content\/uploads\/sites\/327\/2023\/08\/GettyImages-638677204-1024x683.jpg 1024w, https:\/\/hoyre.no\/content\/uploads\/sites\/327\/2023\/08\/GettyImages-638677204-300x200.jpg 300w, https:\/\/hoyre.no\/content\/uploads\/sites\/327\/2023\/08\/GettyImages-638677204-768x512.jpg 768w, https:\/\/hoyre.no\/content\/uploads\/sites\/327\/2023\/08\/GettyImages-638677204-1536x1024.jpg 1536w, https:\/\/hoyre.no\/content\/uploads\/sites\/327\/2023\/08\/GettyImages-638677204-2048x1365.jpg 2048w\" sizes=\"auto, (max-width: 1024px) 100vw, 1024px\" \/>\n\t\t\t<\/div>\n\t\t\t<div class=\"hoyre-media-text__content\">\n\t\t\t\t<div class=\"hoyre-media-text__content-inner\">\n\t\t\t\t\t\n\t\t\t<div class=\"hoyre-media-text__title-container\">\n\t\t\t\t\n\t\t\t\t<h2 class=\"hoyre-media-text__title\">4. Fritt val av barnehage<\/h2>\n\t\t\t<\/div>\n\t\t\t\n\t\t\t\t\t<div class=\"hoyre-media-text__blocks\">\n<p>Me vil jobba for ein meir fleksibel barnehage. Oppstart skal vere den dagen du treng barnehageplass.<\/p>\n<\/div>\n\t\t\t\t\t\n\t\t\t\t<\/div>\n\t\t\t<\/div>\n\t\t<\/div>\n\t\t\n\n\n\t\t<div class=\"has-pale-blue-background-color is-layout-left alignwide alignwide wp-block-hoyre-media-text\">\n\t\t\t<div class=\"hoyre-media-text__media\">\n\t\t\t\t<img loading=\"lazy\" decoding=\"async\" width=\"1024\" height=\"681\" src=\"https:\/\/hoyre.no\/content\/uploads\/sites\/327\/2023\/08\/GettyImages-171303303-1024x681.jpg\" class=\"hoyre-media-text__media-image\" alt=\"\" style=\"--focal: 66% 32%;\" srcset=\"https:\/\/hoyre.no\/content\/uploads\/sites\/327\/2023\/08\/GettyImages-171303303-1024x681.jpg 1024w, https:\/\/hoyre.no\/content\/uploads\/sites\/327\/2023\/08\/GettyImages-171303303-300x200.jpg 300w, https:\/\/hoyre.no\/content\/uploads\/sites\/327\/2023\/08\/GettyImages-171303303-768x511.jpg 768w, https:\/\/hoyre.no\/content\/uploads\/sites\/327\/2023\/08\/GettyImages-171303303-1536x1022.jpg 1536w, https:\/\/hoyre.no\/content\/uploads\/sites\/327\/2023\/08\/GettyImages-171303303-2048x1363.jpg 2048w\" sizes=\"auto, (max-width: 1024px) 100vw, 1024px\" \/>\n\t\t\t<\/div>\n\t\t\t<div class=\"hoyre-media-text__content\">\n\t\t\t\t<div class=\"hoyre-media-text__content-inner\">\n\t\t\t\t\t\n\t\t\t<div class=\"hoyre-media-text__title-container\">\n\t\t\t\t\n\t\t\t\t<h2 class=\"hoyre-media-text__title\">5. P\u00e5 lag med jobbskaparane!<\/h2>\n\t\t\t<\/div>\n\t\t\t\n\t\t\t\t\t<div class=\"hoyre-media-text__blocks\">\n<p>Gode rammevilk\u00e5r for landbruk og n\u00e6ringsliv i Luster. Me m\u00e5 sikra arbeidsplassar for alle.<\/p>\n<\/div>\n\t\t\t\t\t\n\t\t\t\t<\/div>\n\t\t\t<\/div>\n\t\t<\/div>\n\t\t","protected":false},"excerpt":{"rendered":"","protected":false},"author":29319,"featured_media":0,"parent":0,"menu_order":0,"comment_status":"closed","ping_status":"closed","template":"","meta":{"teft_cards_image_url":"","teft_cards_custom_pretitle":"","teft_cards_image_id":0,"teft_cards_image_focal_point_x":0,"teft_cards_image_focal_point_y":0,"teft_cards_title":"","teft_cards_excerpt":"","teft_show_chapters":false,"footnotes":""},"class_list":["post-39","page","type-page","status-publish","hentry"],"yoast_head":"<!-- This site is optimized with the Yoast SEO plugin v26.6 - https:\/\/yoast.com\/wordpress\/plugins\/seo\/ -->\n<title>5 grunnar til \u00e5 r\u00f8yste H\u00f8gre i Luster - Luster H\u00f8gre<\/title>\n<meta name=\"description\" content=\"Her f\u00e5r du 5 gode grunnar til \u00e5 r\u00f8yste H\u00f8gre i Luster.\" \/>\n<meta name=\"robots\" content=\"index, follow, max-snippet:-1, max-image-preview:large, max-video-preview:-1\" \/>\n<link rel=\"canonical\" href=\"https:\/\/hoyre.no\/luster\/5-grunnar-til-a-royste-hogre-i-luster\/\" \/>\n<meta property=\"og:locale\" content=\"nn_NO\" \/>\n<meta property=\"og:type\" content=\"article\" \/>\n<meta property=\"og:title\" content=\"5 grunnar til \u00e5 r\u00f8yste H\u00f8gre i Luster - Luster H\u00f8gre\" \/>\n<meta property=\"og:description\" content=\"Her f\u00e5r du 5 gode grunnar til \u00e5 r\u00f8yste H\u00f8gre i Luster.\" \/>\n<meta property=\"og:url\" content=\"https:\/\/hoyre.no\/luster\/5-grunnar-til-a-royste-hogre-i-luster\/\" \/>\n<meta property=\"og:site_name\" content=\"Luster H\u00f8gre\" \/>\n<meta property=\"article:modified_time\" content=\"2025-02-14T12:05:49+00:00\" \/>\n<meta property=\"og:image\" content=\"https:\/\/hoyre.no\/content\/uploads\/sites\/327\/2022\/11\/Hoyres-logo.png\" \/>\n\t<meta property=\"og:image:width\" content=\"1000\" \/>\n\t<meta property=\"og:image:height\" content=\"1000\" \/>\n\t<meta property=\"og:image:type\" content=\"image\/png\" \/>\n<meta name=\"twitter:card\" content=\"summary_large_image\" \/>\n<meta name=\"twitter:label1\" content=\"Est. reading time\" \/>\n\t<meta name=\"twitter:data1\" content=\"1 minutt\" \/>\n<script type=\"application\/ld+json\" class=\"yoast-schema-graph\">{\"@context\":\"https:\/\/schema.org\",\"@graph\":[{\"@type\":\"WebPage\",\"@id\":\"https:\/\/hoyre.no\/luster\/5-grunnar-til-a-royste-hogre-i-luster\/\",\"url\":\"https:\/\/hoyre.no\/luster\/5-grunnar-til-a-royste-hogre-i-luster\/\",\"name\":\"5 grunnar til \u00e5 r\u00f8yste H\u00f8gre i Luster - Luster H\u00f8gre\",\"isPartOf\":{\"@id\":\"https:\/\/hoyre.no\/luster\/#website\"},\"datePublished\":\"2023-08-14T14:08:56+00:00\",\"dateModified\":\"2025-02-14T12:05:49+00:00\",\"description\":\"Her f\u00e5r du 5 gode grunnar til \u00e5 r\u00f8yste H\u00f8gre i Luster.\",\"breadcrumb\":{\"@id\":\"https:\/\/hoyre.no\/luster\/5-grunnar-til-a-royste-hogre-i-luster\/#breadcrumb\"},\"inLanguage\":\"nn-NO\",\"potentialAction\":[{\"@type\":\"ReadAction\",\"target\":[\"https:\/\/hoyre.no\/luster\/5-grunnar-til-a-royste-hogre-i-luster\/\"]}]},{\"@type\":\"BreadcrumbList\",\"@id\":\"https:\/\/hoyre.no\/luster\/5-grunnar-til-a-royste-hogre-i-luster\/#breadcrumb\",\"itemListElement\":[{\"@type\":\"ListItem\",\"position\":1,\"name\":\"Til hoyre.no\",\"item\":\"https:\/\/hoyre.no\"},{\"@type\":\"ListItem\",\"position\":2,\"name\":\"Hjem\",\"item\":\"https:\/\/hoyre.no\/luster\/\"},{\"@type\":\"ListItem\",\"position\":3,\"name\":\"5 grunnar til \u00e5 r\u00f8yste H\u00f8gre i Luster\"}]},{\"@type\":\"WebSite\",\"@id\":\"https:\/\/hoyre.no\/luster\/#website\",\"url\":\"https:\/\/hoyre.no\/luster\/\",\"name\":\"Luster H\u00f8gre\",\"description\":\"Bare enda et H\u00f8yres nettsteder-nettsted\",\"inLanguage\":\"nn-NO\"}]}<\/script>\n<!-- \/ Yoast SEO plugin. -->","yoast_head_json":{"title":"5 grunnar til \u00e5 r\u00f8yste H\u00f8gre i Luster - Luster H\u00f8gre","description":"Her f\u00e5r du 5 gode grunnar til \u00e5 r\u00f8yste H\u00f8gre i Luster.","robots":{"index":"index","follow":"follow","max-snippet":"max-snippet:-1","max-image-preview":"max-image-preview:large","max-video-preview":"max-video-preview:-1"},"canonical":"https:\/\/hoyre.no\/luster\/5-grunnar-til-a-royste-hogre-i-luster\/","og_locale":"nn_NO","og_type":"article","og_title":"5 grunnar til \u00e5 r\u00f8yste H\u00f8gre i Luster - Luster H\u00f8gre","og_description":"Her f\u00e5r du 5 gode grunnar til \u00e5 r\u00f8yste H\u00f8gre i Luster.","og_url":"https:\/\/hoyre.no\/luster\/5-grunnar-til-a-royste-hogre-i-luster\/","og_site_name":"Luster H\u00f8gre","article_modified_time":"2025-02-14T12:05:49+00:00","og_image":[{"width":1000,"height":1000,"url":"https:\/\/hoyre.no\/content\/uploads\/sites\/327\/2022\/11\/Hoyres-logo.png","type":"image\/png"}],"twitter_card":"summary_large_image","twitter_misc":{"Est. reading time":"1 minutt"},"schema":{"@context":"https:\/\/schema.org","@graph":[{"@type":"WebPage","@id":"https:\/\/hoyre.no\/luster\/5-grunnar-til-a-royste-hogre-i-luster\/","url":"https:\/\/hoyre.no\/luster\/5-grunnar-til-a-royste-hogre-i-luster\/","name":"5 grunnar til \u00e5 r\u00f8yste H\u00f8gre i Luster - Luster H\u00f8gre","isPartOf":{"@id":"https:\/\/hoyre.no\/luster\/#website"},"datePublished":"2023-08-14T14:08:56+00:00","dateModified":"2025-02-14T12:05:49+00:00","description":"Her f\u00e5r du 5 gode grunnar til \u00e5 r\u00f8yste H\u00f8gre i Luster.","breadcrumb":{"@id":"https:\/\/hoyre.no\/luster\/5-grunnar-til-a-royste-hogre-i-luster\/#breadcrumb"},"inLanguage":"nn-NO","potentialAction":[{"@type":"ReadAction","target":["https:\/\/hoyre.no\/luster\/5-grunnar-til-a-royste-hogre-i-luster\/"]}]},{"@type":"BreadcrumbList","@id":"https:\/\/hoyre.no\/luster\/5-grunnar-til-a-royste-hogre-i-luster\/#breadcrumb","itemListElement":[{"@type":"ListItem","position":1,"name":"Til hoyre.no","item":"https:\/\/hoyre.no"},{"@type":"ListItem","position":2,"name":"Hjem","item":"https:\/\/hoyre.no\/luster\/"},{"@type":"ListItem","position":3,"name":"5 grunnar til \u00e5 r\u00f8yste H\u00f8gre i Luster"}]},{"@type":"WebSite","@id":"https:\/\/hoyre.no\/luster\/#website","url":"https:\/\/hoyre.no\/luster\/","name":"Luster H\u00f8gre","description":"Bare enda et H\u00f8yres nettsteder-nettsted","inLanguage":"nn-NO"}]}},"distributor_meta":false,"distributor_terms":false,"distributor_media":false,"distributor_original_site_name":"Luster H\u00f8gre","distributor_original_site_url":"https:\/\/hoyre.no\/luster","push-errors":false,"_links":{"self":[{"href":"https:\/\/hoyre.no\/luster\/wp-json\/wp\/v2\/pages\/39","targetHints":{"allow":["GET"]}}],"collection":[{"href":"https:\/\/hoyre.no\/luster\/wp-json\/wp\/v2\/pages"}],"about":[{"href":"https:\/\/hoyre.no\/luster\/wp-json\/wp\/v2\/types\/page"}],"author":[{"embeddable":true,"href":"https:\/\/hoyre.no\/luster\/wp-json\/wp\/v2\/users\/29319"}],"replies":[{"embeddable":true,"href":"https:\/\/hoyre.no\/luster\/wp-json\/wp\/v2\/comments?post=39"}],"version-history":[{"count":3,"href":"https:\/\/hoyre.no\/luster\/wp-json\/wp\/v2\/pages\/39\/revisions"}],"predecessor-version":[{"id":60,"href":"https:\/\/hoyre.no\/luster\/wp-json\/wp\/v2\/pages\/39\/revisions\/60"}],"wp:attachment":[{"href":"https:\/\/hoyre.no\/luster\/wp-json\/wp\/v2\/media?parent=39"}],"curies":[{"name":"wp","href":"https:\/\/api.w.org\/{rel}","templated":true}]}}