{"id":65,"date":"2023-05-02T12:43:57","date_gmt":"2023-05-02T10:43:57","guid":{"rendered":"https:\/\/hoyre.no\/lyngdal\/?page_id=65"},"modified":"2023-05-22T15:33:02","modified_gmt":"2023-05-22T13:33:02","slug":"politikk","status":"publish","type":"page","link":"https:\/\/hoyre.no\/lyngdal\/politikk\/","title":{"rendered":"Politikk"},"content":{"rendered":"\n<div class=\"wp-block-hoyre-hero with-image-gradient text-color-light  alignfull has-background\"><div class=\"hoyre-hero \"><h1 class=\"title\">Politikk<\/h1><p class=\"preamble\">N\u00e5r frivilligheten, n\u00e6ringslivet og offentlig sektor spiller p\u00e5 lag, skapes det gode lokalsamfunn. H\u00f8yre tror p\u00e5 enkeltmenneskets evne og lyst til \u00e5 st\u00e5 p\u00e5 egne ben.<br><br>Det er v\u00e5r oppgave \u00e5 s\u00f8rge for at mennesker kan leve gode liv, uansett utgangspunkt. Vi skaper ikke politikk for kommunen, men for alle som bor der. H\u00f8yre tror p\u00e5 et samfunn som gir muligheter for alle.<\/p><\/div><\/div>\n\n\n\n\t\t<div class=\"has-lightest-blue-background-color is-layout-left alignwide alignwide wp-block-hoyre-media-text\">\n\t\t\t<div class=\"hoyre-media-text__media\">\n\t\t\t\t<img loading=\"lazy\" decoding=\"async\" width=\"1024\" height=\"1024\" src=\"https:\/\/hoyre.no\/content\/uploads\/sites\/25\/2023\/05\/IMG_0337-1024x1024.jpg\" class=\"hoyre-media-text__media-image\" alt=\"\" style=\"--focal: 45% 48%;\" srcset=\"https:\/\/hoyre.no\/content\/uploads\/sites\/25\/2023\/05\/IMG_0337-1024x1024.jpg 1024w, https:\/\/hoyre.no\/content\/uploads\/sites\/25\/2023\/05\/IMG_0337-300x300.jpg 300w, https:\/\/hoyre.no\/content\/uploads\/sites\/25\/2023\/05\/IMG_0337-150x150.jpg 150w, https:\/\/hoyre.no\/content\/uploads\/sites\/25\/2023\/05\/IMG_0337-768x768.jpg 768w, https:\/\/hoyre.no\/content\/uploads\/sites\/25\/2023\/05\/IMG_0337-1536x1536.jpg 1536w, https:\/\/hoyre.no\/content\/uploads\/sites\/25\/2023\/05\/IMG_0337-2048x2048.jpg 2048w\" sizes=\"auto, (max-width: 1024px) 100vw, 1024px\" \/>\n\t\t\t<\/div>\n\t\t\t<div class=\"hoyre-media-text__content\">\n\t\t\t\t<div class=\"hoyre-media-text__content-inner\">\n\t\t\t\t\t\n\t\t\t<div class=\"hoyre-media-text__title-container\">\n\t\t\t\t\n\t\t\t\t<h2 class=\"hoyre-media-text__title\">Seks gode grunner til \u00e5 stemme H\u00f8yre i Lyngdal<\/h2>\n\t\t\t<\/div>\n\t\t\t\n\t\t\t\t\t<div class=\"hoyre-media-text__blocks\">\n<p>H\u00f8yre vil prioritere det viktigste f\u00f8rst. Det er gode skoler og barnehager, med fokus p\u00e5 innhold og trygge omgivelser. S\u00e5 skal det v\u00e6re godt \u00e5 bli gammel i Lyngdal. Vi m\u00e5 ha en trygg og god eldreomsorg.<\/p><p>H\u00f8yre vil \u00f8ke st\u00f8tten til frivilligheten og la den v\u00e6re en bidragsyter i byen v\u00e5r. For \u00e5 opprettholde god velferd vil vi tilrettelegge for lokalt n\u00e6ringslivet og utvikling. Vi skal gj\u00f8re det vi kan for \u00e5 tilrettelegge for nye arbeidsplasser i Lyngdal. Vi skal v\u00e6re en JA-kommune!<\/p>\n<\/div>\n\t\t\t\t\t\n\t\t\t<div class=\"hoyre-media-text__buttons\">\n\t\t\t\t<a class=\"button\" href=\"https:\/\/hoyre.no\/lyngdal\/seks-gode-grunner-til-a-stemme-hoyre\/\">Les mer<\/a>\n\t\t\t<\/div>\n\t\t\t\n\t\t\t\t<\/div>\n\t\t\t<\/div>\n\t\t<\/div>\n\t\t\n\n\n<h2 class=\"wp-block-heading\">Les programmet vi g\u00e5r til valg p\u00e5<\/h2>\n\n\n\n<p>Her kan du laste ned Lyngdal H\u00f8yres valgprogram for 2023 &#8211; 2027:<\/p>\n\n\n\n<div class=\"wp-block-teft-file icon-link-block\"><a href=\"https:\/\/hoyre.no\/content\/uploads\/sites\/25\/2023\/05\/Program-for-Lyngdal-Hoyre-2023-2027.pdf\" download><span class=\"file-title\">Lyngdal H\u00f8yres valgprogram 2023-2027<\/span><span class=\"file-name\"><\/span><\/a><\/div>\n\n\n","protected":false},"excerpt":{"rendered":"<p>Les programmet vi g\u00e5r til valg p\u00e5 Her kan du laste ned Lyngdal H\u00f8yres valgprogram for 2023 &#8211; 2027:<\/p>\n","protected":false},"author":347,"featured_media":0,"parent":0,"menu_order":0,"comment_status":"closed","ping_status":"closed","template":"","meta":{"teft_cards_image_url":"","teft_cards_custom_pretitle":"","teft_cards_image_id":0,"teft_cards_image_focal_point_x":0,"teft_cards_image_focal_point_y":0,"teft_cards_title":"","teft_cards_excerpt":"","teft_show_chapters":false,"footnotes":""},"class_list":["post-65","page","type-page","status-publish","hentry"],"yoast_head":"<!-- This site is optimized with the Yoast SEO plugin v26.6 - https:\/\/yoast.com\/wordpress\/plugins\/seo\/ -->\n<title>Politikk - Lyngdal H\u00f8yre<\/title>\n<meta name=\"robots\" content=\"index, follow, max-snippet:-1, max-image-preview:large, max-video-preview:-1\" \/>\n<link rel=\"canonical\" href=\"https:\/\/hoyre.no\/lyngdal\/politikk\/\" \/>\n<meta property=\"og:locale\" content=\"nb_NO\" \/>\n<meta property=\"og:type\" content=\"article\" \/>\n<meta property=\"og:title\" content=\"Politikk - Lyngdal H\u00f8yre\" \/>\n<meta property=\"og:description\" content=\"Les programmet vi g\u00e5r til valg p\u00e5 Her kan du laste ned Lyngdal H\u00f8yres valgprogram for 2023 &#8211; 2027:\" \/>\n<meta property=\"og:url\" content=\"https:\/\/hoyre.no\/lyngdal\/politikk\/\" \/>\n<meta property=\"og:site_name\" content=\"Lyngdal H\u00f8yre\" \/>\n<meta property=\"article:modified_time\" content=\"2023-05-22T13:33:02+00:00\" \/>\n<meta property=\"og:image\" content=\"https:\/\/hoyre.no\/content\/uploads\/sites\/25\/2022\/11\/2020_RGB_hoyre_logo_profilbilde_011.png\" \/>\n\t<meta property=\"og:image:width\" content=\"1000\" \/>\n\t<meta property=\"og:image:height\" content=\"1000\" \/>\n\t<meta property=\"og:image:type\" content=\"image\/png\" \/>\n<meta name=\"twitter:card\" content=\"summary_large_image\" \/>\n<meta name=\"twitter:label1\" content=\"Ansl. lesetid\" \/>\n\t<meta name=\"twitter:data1\" content=\"1 minutt\" \/>\n<script type=\"application\/ld+json\" class=\"yoast-schema-graph\">{\"@context\":\"https:\/\/schema.org\",\"@graph\":[{\"@type\":\"WebPage\",\"@id\":\"https:\/\/hoyre.no\/lyngdal\/politikk\/\",\"url\":\"https:\/\/hoyre.no\/lyngdal\/politikk\/\",\"name\":\"Politikk - Lyngdal H\u00f8yre\",\"isPartOf\":{\"@id\":\"https:\/\/hoyre.no\/lyngdal\/#website\"},\"datePublished\":\"2023-05-02T10:43:57+00:00\",\"dateModified\":\"2023-05-22T13:33:02+00:00\",\"breadcrumb\":{\"@id\":\"https:\/\/hoyre.no\/lyngdal\/politikk\/#breadcrumb\"},\"inLanguage\":\"nb-NO\",\"potentialAction\":[{\"@type\":\"ReadAction\",\"target\":[\"https:\/\/hoyre.no\/lyngdal\/politikk\/\"]}]},{\"@type\":\"BreadcrumbList\",\"@id\":\"https:\/\/hoyre.no\/lyngdal\/politikk\/#breadcrumb\",\"itemListElement\":[{\"@type\":\"ListItem\",\"position\":1,\"name\":\"Til hoyre.no\",\"item\":\"https:\/\/hoyre.no\"},{\"@type\":\"ListItem\",\"position\":2,\"name\":\"Hjem\",\"item\":\"https:\/\/hoyre.no\/lyngdal\/\"},{\"@type\":\"ListItem\",\"position\":3,\"name\":\"Politikk\"}]},{\"@type\":\"WebSite\",\"@id\":\"https:\/\/hoyre.no\/lyngdal\/#website\",\"url\":\"https:\/\/hoyre.no\/lyngdal\/\",\"name\":\"Lyngdal H\u00f8yre\",\"description\":\"Bare enda et H\u00f8yres nettsteder-nettsted\",\"inLanguage\":\"nb-NO\"}]}<\/script>\n<!-- \/ Yoast SEO plugin. -->","yoast_head_json":{"title":"Politikk - Lyngdal H\u00f8yre","robots":{"index":"index","follow":"follow","max-snippet":"max-snippet:-1","max-image-preview":"max-image-preview:large","max-video-preview":"max-video-preview:-1"},"canonical":"https:\/\/hoyre.no\/lyngdal\/politikk\/","og_locale":"nb_NO","og_type":"article","og_title":"Politikk - Lyngdal H\u00f8yre","og_description":"Les programmet vi g\u00e5r til valg p\u00e5 Her kan du laste ned Lyngdal H\u00f8yres valgprogram for 2023 &#8211; 2027:","og_url":"https:\/\/hoyre.no\/lyngdal\/politikk\/","og_site_name":"Lyngdal H\u00f8yre","article_modified_time":"2023-05-22T13:33:02+00:00","og_image":[{"width":1000,"height":1000,"url":"https:\/\/hoyre.no\/content\/uploads\/sites\/25\/2022\/11\/2020_RGB_hoyre_logo_profilbilde_011.png","type":"image\/png"}],"twitter_card":"summary_large_image","twitter_misc":{"Ansl. lesetid":"1 minutt"},"schema":{"@context":"https:\/\/schema.org","@graph":[{"@type":"WebPage","@id":"https:\/\/hoyre.no\/lyngdal\/politikk\/","url":"https:\/\/hoyre.no\/lyngdal\/politikk\/","name":"Politikk - Lyngdal H\u00f8yre","isPartOf":{"@id":"https:\/\/hoyre.no\/lyngdal\/#website"},"datePublished":"2023-05-02T10:43:57+00:00","dateModified":"2023-05-22T13:33:02+00:00","breadcrumb":{"@id":"https:\/\/hoyre.no\/lyngdal\/politikk\/#breadcrumb"},"inLanguage":"nb-NO","potentialAction":[{"@type":"ReadAction","target":["https:\/\/hoyre.no\/lyngdal\/politikk\/"]}]},{"@type":"BreadcrumbList","@id":"https:\/\/hoyre.no\/lyngdal\/politikk\/#breadcrumb","itemListElement":[{"@type":"ListItem","position":1,"name":"Til hoyre.no","item":"https:\/\/hoyre.no"},{"@type":"ListItem","position":2,"name":"Hjem","item":"https:\/\/hoyre.no\/lyngdal\/"},{"@type":"ListItem","position":3,"name":"Politikk"}]},{"@type":"WebSite","@id":"https:\/\/hoyre.no\/lyngdal\/#website","url":"https:\/\/hoyre.no\/lyngdal\/","name":"Lyngdal H\u00f8yre","description":"Bare enda et H\u00f8yres nettsteder-nettsted","inLanguage":"nb-NO"}]}},"distributor_meta":false,"distributor_terms":false,"distributor_media":false,"distributor_original_site_name":"Lyngdal H\u00f8yre","distributor_original_site_url":"https:\/\/hoyre.no\/lyngdal","push-errors":false,"_links":{"self":[{"href":"https:\/\/hoyre.no\/lyngdal\/wp-json\/wp\/v2\/pages\/65","targetHints":{"allow":["GET"]}}],"collection":[{"href":"https:\/\/hoyre.no\/lyngdal\/wp-json\/wp\/v2\/pages"}],"about":[{"href":"https:\/\/hoyre.no\/lyngdal\/wp-json\/wp\/v2\/types\/page"}],"author":[{"embeddable":true,"href":"https:\/\/hoyre.no\/lyngdal\/wp-json\/wp\/v2\/users\/347"}],"replies":[{"embeddable":true,"href":"https:\/\/hoyre.no\/lyngdal\/wp-json\/wp\/v2\/comments?post=65"}],"version-history":[{"count":2,"href":"https:\/\/hoyre.no\/lyngdal\/wp-json\/wp\/v2\/pages\/65\/revisions"}],"predecessor-version":[{"id":99,"href":"https:\/\/hoyre.no\/lyngdal\/wp-json\/wp\/v2\/pages\/65\/revisions\/99"}],"wp:attachment":[{"href":"https:\/\/hoyre.no\/lyngdal\/wp-json\/wp\/v2\/media?parent=65"}],"curies":[{"name":"wp","href":"https:\/\/api.w.org\/{rel}","templated":true}]}}