{"id":23,"date":"2023-05-02T12:48:00","date_gmt":"2023-05-02T10:48:00","guid":{"rendered":"https:\/\/hoyre.no\/malselv\/?page_id=23"},"modified":"2023-07-14T01:21:59","modified_gmt":"2023-07-13T23:21:59","slug":"politikk","status":"publish","type":"page","link":"https:\/\/hoyre.no\/malselv\/politikk\/","title":{"rendered":"Politikk"},"content":{"rendered":"\n<div class=\"wp-block-hoyre-hero with-image-gradient text-color-light  has-media alignfull has-background\"><div class=\"hoyre-hero has-image\"><h1 class=\"title\">V\u00e5r Politikk<\/h1><p class=\"preamble\">M\u00e5lselv opplever tilstr\u00f8mming av nye innbyggere og mange nye n\u00e6ringsetableringer. For \u00e5 fortsette denne positive utviklinga s\u00e5 m\u00e5 vi heie p\u00e5 jobbskaperne og s\u00f8rge for at vi har nok tilgjengelig n\u00e6ringsareal og boliger. Vi skal v\u00e6re en attraktiv ja- kommune med muligheter for alle.<br><br>Her finner du oversikt over partiprogram og lignende interessant stoff.<br><img loading=\"lazy\" decoding=\"async\" width=\"2000\" height=\"1000\" class=\"wp-image-83\" style=\"width: 150px\" src=\"https:\/\/hoyre.no\/content\/uploads\/sites\/244\/2023\/07\/Slagord_muligheter_for_alle_2023_STANDARD_H500.png\" alt=\"\" srcset=\"https:\/\/hoyre.no\/content\/uploads\/sites\/244\/2023\/07\/Slagord_muligheter_for_alle_2023_STANDARD_H500.png 2000w, https:\/\/hoyre.no\/content\/uploads\/sites\/244\/2023\/07\/Slagord_muligheter_for_alle_2023_STANDARD_H500-300x150.png 300w, https:\/\/hoyre.no\/content\/uploads\/sites\/244\/2023\/07\/Slagord_muligheter_for_alle_2023_STANDARD_H500-1024x512.png 1024w, https:\/\/hoyre.no\/content\/uploads\/sites\/244\/2023\/07\/Slagord_muligheter_for_alle_2023_STANDARD_H500-768x384.png 768w, https:\/\/hoyre.no\/content\/uploads\/sites\/244\/2023\/07\/Slagord_muligheter_for_alle_2023_STANDARD_H500-1536x768.png 1536w\" sizes=\"auto, (max-width: 2000px) 100vw, 2000px\" \/><\/p>\t\t\t<div class=\"post-meta wp-block teft-byline-wrapper\">\n\t\t\t\t<div class=\"top\">\n\t\t\t\t\t<div class=\"signature\">\n\t\t\t\t\t\t<div class=\"teft-byline\">\n\t\t\t\t\t\t\t\t\t\t\t\t\t\t<div>\n\t\t\t\t\t\t\t\t<h3>H\u00f8yres redaksjon<\/h3>\t\t\t\t\t\t\t\t\n\t\t\t\t\t\t\t\t\t\t\t\t\t\t\t\t\t<span class=\"date\">Sist oppdatert: 14. juli 2023<\/span>\n\t\t\t\t\t\t\t\t\t\t\t\t\t\t\t\t\t\t\t\t\t\t\t\t\t<span class=\"reading-time\" itemprop=\"timeRequired\" content=\"PT2M\"><em>Ca. 2 minutter lesetid<\/em><\/span>\n\t\t\t\t\t\t\t\t\t\t\t\t\t\t\t<\/div>\n\t\t\t\t\t\t<\/div>\n\t\t\t\t\t<\/div>\n\t\t\t\t\t\t<div class=\"sharing\">\n\t\t<a class=\"share-button share-link copy-link\" data-copy=\"https:\/\/hoyre.no\/malselv\/politikk\/\" target=\"_blank\"><span class=\"screen-reader-text\">Del link<\/span><\/a>\n\t\t<a class=\"share-button share-twitter\" href=\"http:\/\/twitter.com\/share?text=Politikk&#038;url=https:\/\/hoyre.no\/malselv\/politikk\/&#038;hashtags=Hoyre\" target=\"_blank\"><span class=\"screen-reader-text\">Del p\u00e5 twitter<\/span><\/a>\n\t\t<a class=\"share-button share-facebook\" href=\"https:\/\/www.facebook.com\/sharer\/sharer.php?u=https:\/\/hoyre.no\/malselv\/politikk\/\" target=\"_blank\"><span class=\"screen-reader-text\">Del p\u00e5 facebook<\/span><\/a>\n\t<\/div>\n\t\t\t\t\t<\/div>\n\t\t\t<\/div>\n\n\t\t\t<figure class=\"hoyre-image-wrapper\"><div class=\"hoyre-image\"><img loading=\"lazy\" decoding=\"async\" width=\"2500\" height=\"1667\" src=\"https:\/\/hoyre.no\/content\/uploads\/sites\/244\/2023\/07\/340405764_778402093843451_8652081144904057960_n-1-scaled.jpg\" class=\"attachment-scaled size-scaled\" alt=\"\" style=\"object-position: 39% 54%\" srcset=\"https:\/\/hoyre.no\/content\/uploads\/sites\/244\/2023\/07\/340405764_778402093843451_8652081144904057960_n-1-scaled.jpg 2500w, https:\/\/hoyre.no\/content\/uploads\/sites\/244\/2023\/07\/340405764_778402093843451_8652081144904057960_n-1-300x200.jpg 300w, https:\/\/hoyre.no\/content\/uploads\/sites\/244\/2023\/07\/340405764_778402093843451_8652081144904057960_n-1-1024x683.jpg 1024w, https:\/\/hoyre.no\/content\/uploads\/sites\/244\/2023\/07\/340405764_778402093843451_8652081144904057960_n-1-768x512.jpg 768w, https:\/\/hoyre.no\/content\/uploads\/sites\/244\/2023\/07\/340405764_778402093843451_8652081144904057960_n-1-1536x1024.jpg 1536w, https:\/\/hoyre.no\/content\/uploads\/sites\/244\/2023\/07\/340405764_778402093843451_8652081144904057960_n-1-2048x1365.jpg 2048w\" sizes=\"auto, (max-width: 2500px) 100vw, 2500px\" \/><\/div><\/figure><\/div><\/div>\n\n\n\n\n\n<div class=\"wp-block-columns is-layout-flex wp-container-core-columns-is-layout-9d6595d7 wp-block-columns-is-layout-flex\">\n<div class=\"wp-block-column is-layout-flow wp-block-column-is-layout-flow\" style=\"flex-basis:100%\">\n<div class=\"wp-block-columns are-vertically-aligned-top is-layout-flex wp-container-core-columns-is-layout-9d6595d7 wp-block-columns-is-layout-flex\">\n<div class=\"wp-block-column is-vertically-aligned-top is-layout-flow wp-block-column-is-layout-flow\" style=\"flex-basis:100%\">\n<div class=\"wp-block-columns is-layout-flex wp-container-core-columns-is-layout-9d6595d7 wp-block-columns-is-layout-flex\">\n<div class=\"wp-block-column is-layout-flow wp-block-column-is-layout-flow\" style=\"flex-basis:100%\">\n<div class=\"wp-block-columns is-layout-flex wp-container-core-columns-is-layout-9d6595d7 wp-block-columns-is-layout-flex\">\n<div class=\"wp-block-column is-layout-flow wp-block-column-is-layout-flow\" style=\"flex-basis:100%\">\n<div class=\"wp-block-columns is-layout-flex wp-container-core-columns-is-layout-9d6595d7 wp-block-columns-is-layout-flex\">\n<div class=\"wp-block-column is-layout-flow wp-block-column-is-layout-flow\" style=\"flex-basis:100%\">\n\t\t<div class=\"has-dark-blue-background-color is-layout-top alignwide alignwide wp-block-hoyre-media-text\">\n\t\t\t<div class=\"hoyre-media-text__media\">\n\t\t\t\t\n\t\t\t<\/div>\n\t\t\t<div class=\"hoyre-media-text__content\">\n\t\t\t\t<div class=\"hoyre-media-text__content-inner\">\n\t\t\t\t\t\n\t\t\t<div class=\"hoyre-media-text__title-container\">\n\t\t\t\t\n\t\t\t\t<h2 class=\"hoyre-media-text__title\">V\u00e5re hjertesaker<\/h2>\n\t\t\t<\/div>\n\t\t\t\n\t\t\t\t\t<div class=\"hoyre-media-text__blocks\">\n<p>1. <strong>P\u00e5 lag med jobbskaperne<\/strong><\/p><p>2. <strong>Du skal beholde mer av egen inntekt<\/strong><\/p><p>3. <strong>Rekruttere, beholde og utvikle dyktige medarbeidere i helsesektoren<\/strong><\/p><p>4. <strong>Nye barnehager p\u00e5 Bardufoss i 2025<\/strong><\/p><p>5. <strong>By og tettstedsutvikling\u00a0<\/strong><\/p><p>6. <strong>Styrke rekruttering og kompetanse i skole og barnehage<\/strong><\/p><p>7. <strong>En seniorhverdag med mening<\/strong><\/p>\n<\/div>\n\t\t\t\t\t\n\t\t\t<div class=\"hoyre-media-text__buttons\">\n\t\t\t\t<a class=\"button\" href=\"https:\/\/hoyre.no\/malselv\/aktuelt\/syv-gode-grunner-for-a-stemme-hoyre-i-malselv\/\">Les mer<\/a>\n\t\t\t<\/div>\n\t\t\t\n\t\t\t\t<\/div>\n\t\t\t<\/div>\n\t\t<\/div>\n\t\t\n\n\n\t\t<div class=\"has-dark-blue-background-color align wp-block-hoyre-media-text\">\n\t\t\t<div class=\"hoyre-media-text__media\">\n\t\t\t\t<img loading=\"lazy\" decoding=\"async\" width=\"1024\" height=\"683\" src=\"https:\/\/hoyre.no\/content\/uploads\/sites\/244\/2023\/07\/Felles-3-1024x683.jpg\" class=\"hoyre-media-text__media-image\" alt=\"\" style=\"--focal: 50% 50%;\" srcset=\"https:\/\/hoyre.no\/content\/uploads\/sites\/244\/2023\/07\/Felles-3-1024x683.jpg 1024w, https:\/\/hoyre.no\/content\/uploads\/sites\/244\/2023\/07\/Felles-3-300x200.jpg 300w, https:\/\/hoyre.no\/content\/uploads\/sites\/244\/2023\/07\/Felles-3-768x512.jpg 768w, https:\/\/hoyre.no\/content\/uploads\/sites\/244\/2023\/07\/Felles-3-1536x1025.jpg 1536w, https:\/\/hoyre.no\/content\/uploads\/sites\/244\/2023\/07\/Felles-3-2048x1366.jpg 2048w\" sizes=\"auto, (max-width: 1024px) 100vw, 1024px\" \/>\n\t\t\t<\/div>\n\t\t\t<div class=\"hoyre-media-text__content\">\n\t\t\t\t<div class=\"hoyre-media-text__content-inner\">\n\t\t\t\t\t\n\t\t\t<div class=\"hoyre-media-text__title-container\">\n\t\t\t\t\n\t\t\t\t<h2 class=\"hoyre-media-text__title\">Partiprogram  M\u00e5lselv H\u00f8yre<\/h2>\n\t\t\t<\/div>\n\t\t\t\n\t\t\t\t\t<div class=\"hoyre-media-text__blocks\">\n<p>Her kan du lese v\u00e5rt program for perioden 2023-2027. Trykk p\u00e5 linken under for \u00e5 bli videresendt til programmet <\/p>\n<\/div>\n\t\t\t\t\t\n\t\t\t\t<\/div>\n\t\t\t<\/div>\n\t\t<\/div>\n\t\t<\/div>\n<\/div>\n\n\n\n<div class=\"wp-block-teft-file icon-link-block\"><a href=\"https:\/\/hoyre.no\/content\/uploads\/sites\/244\/2023\/07\/Partiprogram-2023-2027-4.pdf\" download><span class=\"file-title\">M\u00e5lselv H\u00f8yre partiprogram 2023-2027<\/span><span class=\"file-name\"><\/span><\/a><\/div>\n<\/div>\n<\/div>\n<\/div>\n<\/div>\n<\/div>\n<\/div>\n\n\n\n<h2 class=\"has-text-align-left wp-block-heading\" style=\"text-transform:capitalize\"><\/h2>\n<\/div>\n<\/div>\n","protected":false},"excerpt":{"rendered":"","protected":false},"author":41706,"featured_media":0,"parent":0,"menu_order":0,"comment_status":"closed","ping_status":"closed","template":"","meta":{"teft_cards_image_url":"","teft_cards_custom_pretitle":"","teft_cards_image_id":0,"teft_cards_image_focal_point_x":0,"teft_cards_image_focal_point_y":0,"teft_cards_title":"","teft_cards_excerpt":"","teft_show_chapters":false,"footnotes":""},"class_list":["post-23","page","type-page","status-publish","hentry"],"yoast_head":"<!-- This site is optimized with the Yoast SEO plugin v26.6 - https:\/\/yoast.com\/wordpress\/plugins\/seo\/ -->\n<title>Politikk - M\u00e5lselv H\u00f8yre<\/title>\n<meta name=\"robots\" content=\"index, follow, max-snippet:-1, max-image-preview:large, max-video-preview:-1\" \/>\n<link rel=\"canonical\" href=\"https:\/\/hoyre.no\/malselv\/politikk\/\" \/>\n<meta property=\"og:locale\" content=\"nb_NO\" \/>\n<meta property=\"og:type\" content=\"article\" \/>\n<meta property=\"og:title\" content=\"Politikk - M\u00e5lselv H\u00f8yre\" \/>\n<meta property=\"og:url\" content=\"https:\/\/hoyre.no\/malselv\/politikk\/\" \/>\n<meta property=\"og:site_name\" content=\"M\u00e5lselv H\u00f8yre\" \/>\n<meta property=\"article:modified_time\" content=\"2023-07-13T23:21:59+00:00\" \/>\n<meta property=\"og:image\" content=\"https:\/\/hoyre.no\/content\/uploads\/sites\/244\/2023\/07\/Slagord_muligheter_for_alle_2023_STANDARD_H500.png\" \/>\n<meta name=\"twitter:card\" content=\"summary_large_image\" \/>\n<meta name=\"twitter:label1\" content=\"Ansl. lesetid\" \/>\n\t<meta name=\"twitter:data1\" content=\"1 minutt\" \/>\n<script type=\"application\/ld+json\" class=\"yoast-schema-graph\">{\"@context\":\"https:\/\/schema.org\",\"@graph\":[{\"@type\":\"WebPage\",\"@id\":\"https:\/\/hoyre.no\/malselv\/politikk\/\",\"url\":\"https:\/\/hoyre.no\/malselv\/politikk\/\",\"name\":\"Politikk - M\u00e5lselv H\u00f8yre\",\"isPartOf\":{\"@id\":\"https:\/\/hoyre.no\/malselv\/#website\"},\"image\":{\"@id\":\"https:\/\/hoyre.no\/malselv\/politikk\/#primaryimage\"},\"thumbnailUrl\":\"https:\/\/hoyre.no\/content\/uploads\/sites\/244\/2023\/07\/Slagord_muligheter_for_alle_2023_STANDARD_H500.png\",\"datePublished\":\"2023-05-02T10:48:00+00:00\",\"dateModified\":\"2023-07-13T23:21:59+00:00\",\"breadcrumb\":{\"@id\":\"https:\/\/hoyre.no\/malselv\/politikk\/#breadcrumb\"},\"inLanguage\":\"nb-NO\",\"potentialAction\":[{\"@type\":\"ReadAction\",\"target\":[\"https:\/\/hoyre.no\/malselv\/politikk\/\"]}]},{\"@type\":\"ImageObject\",\"inLanguage\":\"nb-NO\",\"@id\":\"https:\/\/hoyre.no\/malselv\/politikk\/#primaryimage\",\"url\":\"https:\/\/hoyre.no\/content\/uploads\/sites\/244\/2023\/07\/Slagord_muligheter_for_alle_2023_STANDARD_H500.png\",\"contentUrl\":\"https:\/\/hoyre.no\/content\/uploads\/sites\/244\/2023\/07\/Slagord_muligheter_for_alle_2023_STANDARD_H500.png\"},{\"@type\":\"BreadcrumbList\",\"@id\":\"https:\/\/hoyre.no\/malselv\/politikk\/#breadcrumb\",\"itemListElement\":[{\"@type\":\"ListItem\",\"position\":1,\"name\":\"Til hoyre.no\",\"item\":\"https:\/\/hoyre.no\"},{\"@type\":\"ListItem\",\"position\":2,\"name\":\"Hjem\",\"item\":\"https:\/\/hoyre.no\/malselv\/\"},{\"@type\":\"ListItem\",\"position\":3,\"name\":\"Politikk\"}]},{\"@type\":\"WebSite\",\"@id\":\"https:\/\/hoyre.no\/malselv\/#website\",\"url\":\"https:\/\/hoyre.no\/malselv\/\",\"name\":\"M\u00e5lselv H\u00f8yre\",\"description\":\"Bare enda et H\u00f8yres nettsteder-nettsted\",\"inLanguage\":\"nb-NO\"}]}<\/script>\n<!-- \/ Yoast SEO plugin. -->","yoast_head_json":{"title":"Politikk - M\u00e5lselv H\u00f8yre","robots":{"index":"index","follow":"follow","max-snippet":"max-snippet:-1","max-image-preview":"max-image-preview:large","max-video-preview":"max-video-preview:-1"},"canonical":"https:\/\/hoyre.no\/malselv\/politikk\/","og_locale":"nb_NO","og_type":"article","og_title":"Politikk - M\u00e5lselv H\u00f8yre","og_url":"https:\/\/hoyre.no\/malselv\/politikk\/","og_site_name":"M\u00e5lselv H\u00f8yre","article_modified_time":"2023-07-13T23:21:59+00:00","og_image":[{"url":"https:\/\/hoyre.no\/content\/uploads\/sites\/244\/2023\/07\/Slagord_muligheter_for_alle_2023_STANDARD_H500.png","type":"","width":"","height":""}],"twitter_card":"summary_large_image","twitter_misc":{"Ansl. lesetid":"1 minutt"},"schema":{"@context":"https:\/\/schema.org","@graph":[{"@type":"WebPage","@id":"https:\/\/hoyre.no\/malselv\/politikk\/","url":"https:\/\/hoyre.no\/malselv\/politikk\/","name":"Politikk - M\u00e5lselv H\u00f8yre","isPartOf":{"@id":"https:\/\/hoyre.no\/malselv\/#website"},"image":{"@id":"https:\/\/hoyre.no\/malselv\/politikk\/#primaryimage"},"thumbnailUrl":"https:\/\/hoyre.no\/content\/uploads\/sites\/244\/2023\/07\/Slagord_muligheter_for_alle_2023_STANDARD_H500.png","datePublished":"2023-05-02T10:48:00+00:00","dateModified":"2023-07-13T23:21:59+00:00","breadcrumb":{"@id":"https:\/\/hoyre.no\/malselv\/politikk\/#breadcrumb"},"inLanguage":"nb-NO","potentialAction":[{"@type":"ReadAction","target":["https:\/\/hoyre.no\/malselv\/politikk\/"]}]},{"@type":"ImageObject","inLanguage":"nb-NO","@id":"https:\/\/hoyre.no\/malselv\/politikk\/#primaryimage","url":"https:\/\/hoyre.no\/content\/uploads\/sites\/244\/2023\/07\/Slagord_muligheter_for_alle_2023_STANDARD_H500.png","contentUrl":"https:\/\/hoyre.no\/content\/uploads\/sites\/244\/2023\/07\/Slagord_muligheter_for_alle_2023_STANDARD_H500.png"},{"@type":"BreadcrumbList","@id":"https:\/\/hoyre.no\/malselv\/politikk\/#breadcrumb","itemListElement":[{"@type":"ListItem","position":1,"name":"Til hoyre.no","item":"https:\/\/hoyre.no"},{"@type":"ListItem","position":2,"name":"Hjem","item":"https:\/\/hoyre.no\/malselv\/"},{"@type":"ListItem","position":3,"name":"Politikk"}]},{"@type":"WebSite","@id":"https:\/\/hoyre.no\/malselv\/#website","url":"https:\/\/hoyre.no\/malselv\/","name":"M\u00e5lselv H\u00f8yre","description":"Bare enda et H\u00f8yres nettsteder-nettsted","inLanguage":"nb-NO"}]}},"distributor_meta":false,"distributor_terms":false,"distributor_media":false,"distributor_original_site_name":"M\u00e5lselv H\u00f8yre","distributor_original_site_url":"https:\/\/hoyre.no\/malselv","push-errors":false,"_links":{"self":[{"href":"https:\/\/hoyre.no\/malselv\/wp-json\/wp\/v2\/pages\/23","targetHints":{"allow":["GET"]}}],"collection":[{"href":"https:\/\/hoyre.no\/malselv\/wp-json\/wp\/v2\/pages"}],"about":[{"href":"https:\/\/hoyre.no\/malselv\/wp-json\/wp\/v2\/types\/page"}],"author":[{"embeddable":true,"href":"https:\/\/hoyre.no\/malselv\/wp-json\/wp\/v2\/users\/41706"}],"replies":[{"embeddable":true,"href":"https:\/\/hoyre.no\/malselv\/wp-json\/wp\/v2\/comments?post=23"}],"version-history":[{"count":18,"href":"https:\/\/hoyre.no\/malselv\/wp-json\/wp\/v2\/pages\/23\/revisions"}],"predecessor-version":[{"id":137,"href":"https:\/\/hoyre.no\/malselv\/wp-json\/wp\/v2\/pages\/23\/revisions\/137"}],"wp:attachment":[{"href":"https:\/\/hoyre.no\/malselv\/wp-json\/wp\/v2\/media?parent=23"}],"curies":[{"name":"wp","href":"https:\/\/api.w.org\/{rel}","templated":true}]}}