{"id":1058,"date":"2023-11-12T19:07:22","date_gmt":"2023-11-12T18:07:22","guid":{"rendered":"https:\/\/hoyre.no\/malvik\/?page_id=1058"},"modified":"2023-11-12T20:04:18","modified_gmt":"2023-11-12T19:04:18","slug":"politisk-plattform","status":"publish","type":"page","link":"https:\/\/hoyre.no\/malvik\/politisk-plattform\/","title":{"rendered":"Politisk  plattform"},"content":{"rendered":"\n<div class=\"wp-block-hoyre-hero with-image-gradient text-color-light  has-media alignfull has-background\"><div class=\"hoyre-hero has-image\"><h1 class=\"title\">Politisk plattform<\/h1><p class=\"preamble\">2023 &#8211; 2027<\/p>\t\t\t<div class=\"post-meta wp-block teft-byline-wrapper\">\n\t\t\t\t<div class=\"top\">\n\t\t\t\t\t<div class=\"signature\">\n\t\t\t\t\t\t<div class=\"teft-byline\">\n\t\t\t\t\t\t\t\t\t\t\t\t\t\t<div>\n\t\t\t\t\t\t\t\t<h3>H\u00f8yres redaksjon<\/h3>\t\t\t\t\t\t\t\t\n\t\t\t\t\t\t\t\t\t\t\t\t\t\t\t\t\t<span class=\"date\">Sist oppdatert: 12. november 2023<\/span>\n\t\t\t\t\t\t\t\t\t\t\t\t\t\t\t\t\t\t\t\t\t\t\t\t\t<span class=\"reading-time\" itemprop=\"timeRequired\" content=\"PT1M\"><em>Ca. 1 minutter lesetid<\/em><\/span>\n\t\t\t\t\t\t\t\t\t\t\t\t\t\t\t<\/div>\n\t\t\t\t\t\t<\/div>\n\t\t\t\t\t<\/div>\n\t\t\t\t\t\t<div class=\"sharing\">\n\t\t<a class=\"share-button share-link copy-link\" data-copy=\"https:\/\/hoyre.no\/malvik\/politisk-plattform\/\" target=\"_blank\"><span class=\"screen-reader-text\">Del link<\/span><\/a>\n\t\t<a class=\"share-button share-twitter\" href=\"http:\/\/twitter.com\/share?text=Politisk  plattform&#038;url=https:\/\/hoyre.no\/malvik\/politisk-plattform\/&#038;hashtags=Hoyre\" target=\"_blank\"><span class=\"screen-reader-text\">Del p\u00e5 twitter<\/span><\/a>\n\t\t<a class=\"share-button share-facebook\" href=\"https:\/\/www.facebook.com\/sharer\/sharer.php?u=https:\/\/hoyre.no\/malvik\/politisk-plattform\/\" target=\"_blank\"><span class=\"screen-reader-text\">Del p\u00e5 facebook<\/span><\/a>\n\t<\/div>\n\t\t\t\t\t<\/div>\n\t\t\t<\/div>\n\n\t\t\t<figure class=\"hoyre-image-wrapper\"><div class=\"hoyre-image\"><img loading=\"lazy\" decoding=\"async\" width=\"615\" height=\"427\" src=\"https:\/\/hoyre.no\/content\/uploads\/sites\/292\/2023\/11\/091023_2-Politisk-plattform-Malvik-23-27-Hoyre-FrP-PP-MD-INP-docx-Google-Dokumenter-1.png\" class=\"attachment-scaled size-scaled\" alt=\"\" style=\"object-position: 50% 28.000000000000004%\" srcset=\"https:\/\/hoyre.no\/content\/uploads\/sites\/292\/2023\/11\/091023_2-Politisk-plattform-Malvik-23-27-Hoyre-FrP-PP-MD-INP-docx-Google-Dokumenter-1.png 615w, https:\/\/hoyre.no\/content\/uploads\/sites\/292\/2023\/11\/091023_2-Politisk-plattform-Malvik-23-27-Hoyre-FrP-PP-MD-INP-docx-Google-Dokumenter-1-300x208.png 300w\" sizes=\"auto, (max-width: 615px) 100vw, 615px\" \/><\/div><\/figure><\/div><\/div>\n\n\n\n\n<p>9 oktober ble samarbeidsavtalen for nytt flertall og skifte p\u00e5 R\u00e5dhuset i Malvik for neste periode signert mellom H\u00f8yre, Fremskrittspartiet, Pensjonistpartiet, Milj\u00f8partiet De Gr\u00f8nne og Industri- og N\u00e6ringspartiet. <br><br>Partiene er enige om \u00e5 samarbeide for en helhetlig&nbsp;politikk&nbsp;utformet i felles&nbsp;politisk&nbsp;plattform. <\/p>\n\n\n\n<p><\/p>\n\n\n\n<p>Ordf\u00f8rer for de fire neste \u00e5rene blir Eugen Gravningen S\u00f8rmo fra H\u00f8yre, varaordf\u00f8rer blir Rikard Spets fra Fremskrittspartiet.<br><br><\/p>\n\n\n\n\n<div class=\"wp-block-teft-file icon-link-block\"><a href=\"https:\/\/hoyre.no\/content\/uploads\/sites\/292\/2023\/11\/Politisk-plattform-H_FRP_PP_MDG_INP-1.pdf\" download><span class=\"file-title\">Politisk-plattform-H, FRP, PP, MDG, INP<\/span><span class=\"file-name\"><\/span><\/a><\/div>\n","protected":false},"excerpt":{"rendered":"","protected":false},"author":4662,"featured_media":0,"parent":0,"menu_order":0,"comment_status":"closed","ping_status":"closed","template":"","meta":{"teft_cards_image_url":"","teft_cards_custom_pretitle":"","teft_cards_image_id":0,"teft_cards_image_focal_point_x":0,"teft_cards_image_focal_point_y":0,"teft_cards_title":"","teft_cards_excerpt":"","teft_show_chapters":false,"footnotes":""},"class_list":["post-1058","page","type-page","status-publish","hentry"],"yoast_head":"<!-- This site is optimized with the Yoast SEO plugin v26.6 - https:\/\/yoast.com\/wordpress\/plugins\/seo\/ -->\n<title>Politisk plattform - Malvik H\u00f8yre<\/title>\n<meta name=\"robots\" content=\"index, follow, max-snippet:-1, max-image-preview:large, max-video-preview:-1\" \/>\n<link rel=\"canonical\" href=\"https:\/\/hoyre.no\/malvik\/politisk-plattform\/\" \/>\n<meta property=\"og:locale\" content=\"nb_NO\" \/>\n<meta property=\"og:type\" content=\"article\" \/>\n<meta property=\"og:title\" content=\"Politisk plattform - Malvik H\u00f8yre\" \/>\n<meta property=\"og:url\" content=\"https:\/\/hoyre.no\/malvik\/politisk-plattform\/\" \/>\n<meta property=\"og:site_name\" content=\"Malvik H\u00f8yre\" \/>\n<meta property=\"article:modified_time\" content=\"2023-11-12T19:04:18+00:00\" \/>\n<meta property=\"og:image\" content=\"https:\/\/hoyre.no\/content\/uploads\/sites\/292\/2022\/11\/Hoyres-logo.png\" \/>\n\t<meta property=\"og:image:width\" content=\"1000\" \/>\n\t<meta property=\"og:image:height\" content=\"1000\" \/>\n\t<meta property=\"og:image:type\" content=\"image\/png\" \/>\n<meta name=\"twitter:card\" content=\"summary_large_image\" \/>\n<meta name=\"twitter:label1\" content=\"Ansl. lesetid\" \/>\n\t<meta name=\"twitter:data1\" content=\"1 minutt\" \/>\n<script type=\"application\/ld+json\" class=\"yoast-schema-graph\">{\"@context\":\"https:\/\/schema.org\",\"@graph\":[{\"@type\":\"WebPage\",\"@id\":\"https:\/\/hoyre.no\/malvik\/politisk-plattform\/\",\"url\":\"https:\/\/hoyre.no\/malvik\/politisk-plattform\/\",\"name\":\"Politisk plattform - Malvik H\u00f8yre\",\"isPartOf\":{\"@id\":\"https:\/\/hoyre.no\/malvik\/#website\"},\"datePublished\":\"2023-11-12T18:07:22+00:00\",\"dateModified\":\"2023-11-12T19:04:18+00:00\",\"breadcrumb\":{\"@id\":\"https:\/\/hoyre.no\/malvik\/politisk-plattform\/#breadcrumb\"},\"inLanguage\":\"nb-NO\",\"potentialAction\":[{\"@type\":\"ReadAction\",\"target\":[\"https:\/\/hoyre.no\/malvik\/politisk-plattform\/\"]}]},{\"@type\":\"BreadcrumbList\",\"@id\":\"https:\/\/hoyre.no\/malvik\/politisk-plattform\/#breadcrumb\",\"itemListElement\":[{\"@type\":\"ListItem\",\"position\":1,\"name\":\"Til hoyre.no\",\"item\":\"https:\/\/hoyre.no\"},{\"@type\":\"ListItem\",\"position\":2,\"name\":\"Hjem\",\"item\":\"https:\/\/hoyre.no\/malvik\/\"},{\"@type\":\"ListItem\",\"position\":3,\"name\":\"Politisk plattform\"}]},{\"@type\":\"WebSite\",\"@id\":\"https:\/\/hoyre.no\/malvik\/#website\",\"url\":\"https:\/\/hoyre.no\/malvik\/\",\"name\":\"Malvik H\u00f8yre\",\"description\":\"Bare enda et H\u00f8yres nettsteder-nettsted\",\"inLanguage\":\"nb-NO\"}]}<\/script>\n<!-- \/ Yoast SEO plugin. -->","yoast_head_json":{"title":"Politisk plattform - Malvik H\u00f8yre","robots":{"index":"index","follow":"follow","max-snippet":"max-snippet:-1","max-image-preview":"max-image-preview:large","max-video-preview":"max-video-preview:-1"},"canonical":"https:\/\/hoyre.no\/malvik\/politisk-plattform\/","og_locale":"nb_NO","og_type":"article","og_title":"Politisk plattform - Malvik H\u00f8yre","og_url":"https:\/\/hoyre.no\/malvik\/politisk-plattform\/","og_site_name":"Malvik H\u00f8yre","article_modified_time":"2023-11-12T19:04:18+00:00","og_image":[{"width":1000,"height":1000,"url":"https:\/\/hoyre.no\/content\/uploads\/sites\/292\/2022\/11\/Hoyres-logo.png","type":"image\/png"}],"twitter_card":"summary_large_image","twitter_misc":{"Ansl. lesetid":"1 minutt"},"schema":{"@context":"https:\/\/schema.org","@graph":[{"@type":"WebPage","@id":"https:\/\/hoyre.no\/malvik\/politisk-plattform\/","url":"https:\/\/hoyre.no\/malvik\/politisk-plattform\/","name":"Politisk plattform - Malvik H\u00f8yre","isPartOf":{"@id":"https:\/\/hoyre.no\/malvik\/#website"},"datePublished":"2023-11-12T18:07:22+00:00","dateModified":"2023-11-12T19:04:18+00:00","breadcrumb":{"@id":"https:\/\/hoyre.no\/malvik\/politisk-plattform\/#breadcrumb"},"inLanguage":"nb-NO","potentialAction":[{"@type":"ReadAction","target":["https:\/\/hoyre.no\/malvik\/politisk-plattform\/"]}]},{"@type":"BreadcrumbList","@id":"https:\/\/hoyre.no\/malvik\/politisk-plattform\/#breadcrumb","itemListElement":[{"@type":"ListItem","position":1,"name":"Til hoyre.no","item":"https:\/\/hoyre.no"},{"@type":"ListItem","position":2,"name":"Hjem","item":"https:\/\/hoyre.no\/malvik\/"},{"@type":"ListItem","position":3,"name":"Politisk plattform"}]},{"@type":"WebSite","@id":"https:\/\/hoyre.no\/malvik\/#website","url":"https:\/\/hoyre.no\/malvik\/","name":"Malvik H\u00f8yre","description":"Bare enda et H\u00f8yres nettsteder-nettsted","inLanguage":"nb-NO"}]}},"distributor_meta":false,"distributor_terms":false,"distributor_media":false,"distributor_original_site_name":"Malvik H\u00f8yre","distributor_original_site_url":"https:\/\/hoyre.no\/malvik","push-errors":false,"_links":{"self":[{"href":"https:\/\/hoyre.no\/malvik\/wp-json\/wp\/v2\/pages\/1058","targetHints":{"allow":["GET"]}}],"collection":[{"href":"https:\/\/hoyre.no\/malvik\/wp-json\/wp\/v2\/pages"}],"about":[{"href":"https:\/\/hoyre.no\/malvik\/wp-json\/wp\/v2\/types\/page"}],"author":[{"embeddable":true,"href":"https:\/\/hoyre.no\/malvik\/wp-json\/wp\/v2\/users\/4662"}],"replies":[{"embeddable":true,"href":"https:\/\/hoyre.no\/malvik\/wp-json\/wp\/v2\/comments?post=1058"}],"version-history":[{"count":1,"href":"https:\/\/hoyre.no\/malvik\/wp-json\/wp\/v2\/pages\/1058\/revisions"}],"predecessor-version":[{"id":1063,"href":"https:\/\/hoyre.no\/malvik\/wp-json\/wp\/v2\/pages\/1058\/revisions\/1063"}],"wp:attachment":[{"href":"https:\/\/hoyre.no\/malvik\/wp-json\/wp\/v2\/media?parent=1058"}],"curies":[{"name":"wp","href":"https:\/\/api.w.org\/{rel}","templated":true}]}}