{"id":1070,"date":"2023-11-12T22:03:16","date_gmt":"2023-11-12T21:03:16","guid":{"rendered":"https:\/\/hoyre.no\/malvik\/?page_id=1070"},"modified":"2023-12-01T13:57:44","modified_gmt":"2023-12-01T12:57:44","slug":"vare-representanter","status":"publish","type":"page","link":"https:\/\/hoyre.no\/malvik\/vare-representanter\/","title":{"rendered":"V\u00e5re representanter"},"content":{"rendered":"\n<div class=\"wp-block-hoyre-hero with-image-gradient text-color-light  alignfull has-background\"><div class=\"hoyre-hero \"><h1 class=\"title\">V\u00e5re representanter<\/h1><p class=\"preamble\">H\u00f8yre er representert i alle folkevalgte utvalg. \u00d8nsker du \u00e5 komme i kontakt med en av oss? Da kan du finne din representant her. For fullstendig oversikt over kommunestyrets medlemmer, se nederst p\u00e5 siden.<\/p><\/div><\/div>\n\n\n\n\n<h6 class=\"wp-block-heading\"><strong>\u00a9<\/strong> Bilder: Malvik kommune.<\/h6>\n\n\n\n\t\t<div class=\"has-transparent-background-color is-layout-left alignwide alignwide wp-block-hoyre-media-text\">\n\t\t\t<div class=\"hoyre-media-text__media\">\n\t\t\t\t<img loading=\"lazy\" decoding=\"async\" width=\"1024\" height=\"680\" src=\"https:\/\/hoyre.no\/content\/uploads\/sites\/292\/2023\/11\/Eugen-Sormo_farge-1024x680.jpg\" class=\"hoyre-media-text__media-image\" alt=\"Eugen Gravningen S\u00f8rmo\" style=\"--focal: 50% 38%;\" srcset=\"https:\/\/hoyre.no\/content\/uploads\/sites\/292\/2023\/11\/Eugen-Sormo_farge-1024x680.jpg 1024w, https:\/\/hoyre.no\/content\/uploads\/sites\/292\/2023\/11\/Eugen-Sormo_farge-300x199.jpg 300w, https:\/\/hoyre.no\/content\/uploads\/sites\/292\/2023\/11\/Eugen-Sormo_farge-768x510.jpg 768w, https:\/\/hoyre.no\/content\/uploads\/sites\/292\/2023\/11\/Eugen-Sormo_farge-1536x1020.jpg 1536w, https:\/\/hoyre.no\/content\/uploads\/sites\/292\/2023\/11\/Eugen-Sormo_farge-2048x1360.jpg 2048w\" sizes=\"auto, (max-width: 1024px) 100vw, 1024px\" \/>\n\t\t\t<\/div>\n\t\t\t<div class=\"hoyre-media-text__content\">\n\t\t\t\t<div class=\"hoyre-media-text__content-inner\">\n\t\t\t\t\t\n\t\t\t<div class=\"hoyre-media-text__title-container\">\n\t\t\t\t\n\t\t\t\t<h2 class=\"hoyre-media-text__title\"><br>Eugen Gravningen S\u00f8rmo<\/h2>\n\t\t\t<\/div>\n\t\t\t\n\t\t\t\t\t<div class=\"hoyre-media-text__blocks\">\n<p>Ordf\u00f8rer<\/p><p><br>eugen.sormo@malvik.kommune.no<br>Tlf: 915 60 551<\/p>\n<\/div>\n\t\t\t\t\t\n\t\t\t\t<\/div>\n\t\t\t<\/div>\n\t\t<\/div>\n\t\t\n\n\n\t\t<div class=\"has-transparent-background-color is-layout-left alignwide alignwide wp-block-hoyre-media-text\">\n\t\t\t<div class=\"hoyre-media-text__media\">\n\t\t\t\t<img loading=\"lazy\" decoding=\"async\" width=\"1024\" height=\"680\" src=\"https:\/\/hoyre.no\/content\/uploads\/sites\/292\/2023\/11\/Jorgen-Enoksen_farge-1024x680.jpg\" class=\"hoyre-media-text__media-image\" alt=\"\" style=\"--focal: 61% 41%;\" srcset=\"https:\/\/hoyre.no\/content\/uploads\/sites\/292\/2023\/11\/Jorgen-Enoksen_farge-1024x680.jpg 1024w, https:\/\/hoyre.no\/content\/uploads\/sites\/292\/2023\/11\/Jorgen-Enoksen_farge-300x199.jpg 300w, https:\/\/hoyre.no\/content\/uploads\/sites\/292\/2023\/11\/Jorgen-Enoksen_farge-768x510.jpg 768w, https:\/\/hoyre.no\/content\/uploads\/sites\/292\/2023\/11\/Jorgen-Enoksen_farge-1536x1020.jpg 1536w, https:\/\/hoyre.no\/content\/uploads\/sites\/292\/2023\/11\/Jorgen-Enoksen_farge-2048x1360.jpg 2048w\" sizes=\"auto, (max-width: 1024px) 100vw, 1024px\" \/>\n\t\t\t<\/div>\n\t\t\t<div class=\"hoyre-media-text__content\">\n\t\t\t\t<div class=\"hoyre-media-text__content-inner\">\n\t\t\t\t\t\n\t\t\t<div class=\"hoyre-media-text__title-container\">\n\t\t\t\t\n\t\t\t\t<h2 class=\"hoyre-media-text__title\"><br>J\u00f8rgen Aleksander Enoksen<\/h2>\n\t\t\t<\/div>\n\t\t\t\n\t\t\t\t\t<div class=\"hoyre-media-text__blocks\">\n<p> &#8211; Fast medlem kommunstyre (Gruppeleder H\u00f8yre)<br> &#8211; Utvalgsleder utvalg for areal og samfunnsplanlegging<br> &#8211; Varamedlem: Formannskap &amp; Utvalg for oppvekst og kultur<br><br>Jorgen-Aleksander.Enoksen@malvik.kommune.no<br>Tlf: 412 92 251<\/p>\n<\/div>\n\t\t\t\t\t\n\t\t\t\t<\/div>\n\t\t\t<\/div>\n\t\t<\/div>\n\t\t\n\n\n\t\t<div class=\"has-transparent-background-color is-layout-left alignwide alignwide wp-block-hoyre-media-text\">\n\t\t\t<div class=\"hoyre-media-text__media\">\n\t\t\t\t<img loading=\"lazy\" decoding=\"async\" width=\"1024\" height=\"680\" src=\"https:\/\/hoyre.no\/content\/uploads\/sites\/292\/2023\/11\/Tone-Ostgaard_farge-1024x680.jpg\" class=\"hoyre-media-text__media-image\" alt=\"\" style=\"--focal: 50% 48%;\" srcset=\"https:\/\/hoyre.no\/content\/uploads\/sites\/292\/2023\/11\/Tone-Ostgaard_farge-1024x680.jpg 1024w, https:\/\/hoyre.no\/content\/uploads\/sites\/292\/2023\/11\/Tone-Ostgaard_farge-300x199.jpg 300w, https:\/\/hoyre.no\/content\/uploads\/sites\/292\/2023\/11\/Tone-Ostgaard_farge-768x510.jpg 768w, https:\/\/hoyre.no\/content\/uploads\/sites\/292\/2023\/11\/Tone-Ostgaard_farge-1536x1020.jpg 1536w, https:\/\/hoyre.no\/content\/uploads\/sites\/292\/2023\/11\/Tone-Ostgaard_farge-2048x1360.jpg 2048w\" sizes=\"auto, (max-width: 1024px) 100vw, 1024px\" \/>\n\t\t\t<\/div>\n\t\t\t<div class=\"hoyre-media-text__content\">\n\t\t\t\t<div class=\"hoyre-media-text__content-inner\">\n\t\t\t\t\t\n\t\t\t<div class=\"hoyre-media-text__title-container\">\n\t\t\t\t\n\t\t\t\t<h2 class=\"hoyre-media-text__title\"><br>Tone \u00d8stgaard<\/h2>\n\t\t\t<\/div>\n\t\t\t\n\t\t\t\t\t<div class=\"hoyre-media-text__blocks\">\n<p> &#8211; Fast medlem kommunstyre<br> &#8211; Utvalgsleder for oppvekst og kultur<br> &#8211; Varamedlem: Formannskap &amp; Utvalg for helse og velferd<br><br>Tone.ostgaard@malvik.kommune.no<br>Tlf: 454 38 150<\/p>\n<\/div>\n\t\t\t\t\t\n\t\t\t\t<\/div>\n\t\t\t<\/div>\n\t\t<\/div>\n\t\t\n\n\n\t\t<div class=\"has-transparent-background-color is-layout-left alignwide alignwide wp-block-hoyre-media-text\">\n\t\t\t<div class=\"hoyre-media-text__media\">\n\t\t\t\t<img loading=\"lazy\" decoding=\"async\" width=\"1024\" height=\"680\" src=\"https:\/\/hoyre.no\/content\/uploads\/sites\/292\/2023\/11\/Anders-Frost_farge-1024x680.jpg\" class=\"hoyre-media-text__media-image\" alt=\"\" style=\"--focal: 57% 48%;\" srcset=\"https:\/\/hoyre.no\/content\/uploads\/sites\/292\/2023\/11\/Anders-Frost_farge-1024x680.jpg 1024w, https:\/\/hoyre.no\/content\/uploads\/sites\/292\/2023\/11\/Anders-Frost_farge-300x199.jpg 300w, https:\/\/hoyre.no\/content\/uploads\/sites\/292\/2023\/11\/Anders-Frost_farge-768x510.jpg 768w, https:\/\/hoyre.no\/content\/uploads\/sites\/292\/2023\/11\/Anders-Frost_farge-1536x1020.jpg 1536w, https:\/\/hoyre.no\/content\/uploads\/sites\/292\/2023\/11\/Anders-Frost_farge-2048x1360.jpg 2048w\" sizes=\"auto, (max-width: 1024px) 100vw, 1024px\" \/>\n\t\t\t<\/div>\n\t\t\t<div class=\"hoyre-media-text__content\">\n\t\t\t\t<div class=\"hoyre-media-text__content-inner\">\n\t\t\t\t\t\n\t\t\t<div class=\"hoyre-media-text__title-container\">\n\t\t\t\t\n\t\t\t\t<h2 class=\"hoyre-media-text__title\"><br>Anders Frost<\/h2>\n\t\t\t<\/div>\n\t\t\t\n\t\t\t\t\t<div class=\"hoyre-media-text__blocks\">\n<p> &#8211; Fast medlem kommunstyre<br> &#8211; Utvalgsleder utvalg for helse og velferd<br> &#8211; Varamedlem: Formannskap &amp; Utvalg for areal og samfunnsplanlegging<\/p><p><br>Anders.Frost@malvik.kommune.no<br>Tlf: 905 59 157<\/p>\n<\/div>\n\t\t\t\t\t\n\t\t\t\t<\/div>\n\t\t\t<\/div>\n\t\t<\/div>\n\t\t\n\n\n\t\t<div class=\"has-transparent-background-color is-layout-left alignwide alignwide wp-block-hoyre-media-text\">\n\t\t\t<div class=\"hoyre-media-text__media\">\n\t\t\t\t<img loading=\"lazy\" decoding=\"async\" width=\"1024\" height=\"680\" src=\"https:\/\/hoyre.no\/content\/uploads\/sites\/292\/2023\/11\/Paul-Uijting_farge-1024x680.jpg\" class=\"hoyre-media-text__media-image\" alt=\"\" style=\"--focal: 51% 37%;\" srcset=\"https:\/\/hoyre.no\/content\/uploads\/sites\/292\/2023\/11\/Paul-Uijting_farge-1024x680.jpg 1024w, https:\/\/hoyre.no\/content\/uploads\/sites\/292\/2023\/11\/Paul-Uijting_farge-300x199.jpg 300w, https:\/\/hoyre.no\/content\/uploads\/sites\/292\/2023\/11\/Paul-Uijting_farge-768x510.jpg 768w, https:\/\/hoyre.no\/content\/uploads\/sites\/292\/2023\/11\/Paul-Uijting_farge-1536x1020.jpg 1536w, https:\/\/hoyre.no\/content\/uploads\/sites\/292\/2023\/11\/Paul-Uijting_farge-2048x1360.jpg 2048w\" sizes=\"auto, (max-width: 1024px) 100vw, 1024px\" \/>\n\t\t\t<\/div>\n\t\t\t<div class=\"hoyre-media-text__content\">\n\t\t\t\t<div class=\"hoyre-media-text__content-inner\">\n\t\t\t\t\t\n\t\t\t<div class=\"hoyre-media-text__title-container\">\n\t\t\t\t\n\t\t\t\t<h2 class=\"hoyre-media-text__title\"><br>Paul G. Uijting<\/h2>\n\t\t\t<\/div>\n\t\t\t\n\t\t\t\t\t<div class=\"hoyre-media-text__blocks\">\n<p> &#8211; Fast medlem kommunstyre<br> &#8211; Fast medlem utvalg for oppvekst og kultur<\/p><p><br>Paulus-Gerardus.Uijting@malvik.kommune.no<br>Tlf: 403 27 731<\/p>\n<\/div>\n\t\t\t\t\t\n\t\t\t\t<\/div>\n\t\t\t<\/div>\n\t\t<\/div>\n\t\t\n\n\n\t\t<div class=\"has-transparent-background-color is-layout-left alignwide alignwide wp-block-hoyre-media-text\">\n\t\t\t<div class=\"hoyre-media-text__media\">\n\t\t\t\t<img loading=\"lazy\" decoding=\"async\" width=\"1024\" height=\"680\" src=\"https:\/\/hoyre.no\/content\/uploads\/sites\/292\/2023\/11\/Havard-Renanger_farge-1024x680.jpg\" class=\"hoyre-media-text__media-image\" alt=\"\" style=\"--focal: 54% 36%;\" srcset=\"https:\/\/hoyre.no\/content\/uploads\/sites\/292\/2023\/11\/Havard-Renanger_farge-1024x680.jpg 1024w, https:\/\/hoyre.no\/content\/uploads\/sites\/292\/2023\/11\/Havard-Renanger_farge-300x199.jpg 300w, https:\/\/hoyre.no\/content\/uploads\/sites\/292\/2023\/11\/Havard-Renanger_farge-768x510.jpg 768w, https:\/\/hoyre.no\/content\/uploads\/sites\/292\/2023\/11\/Havard-Renanger_farge-1536x1020.jpg 1536w, https:\/\/hoyre.no\/content\/uploads\/sites\/292\/2023\/11\/Havard-Renanger_farge-2048x1360.jpg 2048w\" sizes=\"auto, (max-width: 1024px) 100vw, 1024px\" \/>\n\t\t\t<\/div>\n\t\t\t<div class=\"hoyre-media-text__content\">\n\t\t\t\t<div class=\"hoyre-media-text__content-inner\">\n\t\t\t\t\t\n\t\t\t<div class=\"hoyre-media-text__title-container\">\n\t\t\t\t\n\t\t\t\t<h2 class=\"hoyre-media-text__title\"><br><strong>H\u00e5vard Renanger<\/strong><\/h2>\n\t\t\t<\/div>\n\t\t\t\n\t\t\t\t\t<div class=\"hoyre-media-text__blocks\">\n<p> &#8211; Fast medlem kommunstyre<br> &#8211; Varamedlem utvalg for helse og velferd<\/p><p><\/p><p>renanger@icloud.com<br>Tlf: \u00a0905 81 971<\/p>\n<\/div>\n\t\t\t\t\t\n\t\t\t\t<\/div>\n\t\t\t<\/div>\n\t\t<\/div>\n\t\t\n\n\n\t\t<div class=\"has-transparent-background-color is-layout-left alignwide alignwide wp-block-hoyre-media-text\">\n\t\t\t<div class=\"hoyre-media-text__media\">\n\t\t\t\t<img loading=\"lazy\" decoding=\"async\" width=\"1000\" height=\"1000\" src=\"https:\/\/hoyre.no\/content\/uploads\/sites\/292\/2022\/11\/Hoyres-logo.png\" class=\"hoyre-media-text__media-image\" alt=\"\" style=\"--focal: 71% 27%;\" srcset=\"https:\/\/hoyre.no\/content\/uploads\/sites\/292\/2022\/11\/Hoyres-logo.png 1000w, https:\/\/hoyre.no\/content\/uploads\/sites\/292\/2022\/11\/Hoyres-logo-300x300.png 300w, https:\/\/hoyre.no\/content\/uploads\/sites\/292\/2022\/11\/Hoyres-logo-150x150.png 150w, https:\/\/hoyre.no\/content\/uploads\/sites\/292\/2022\/11\/Hoyres-logo-768x768.png 768w\" sizes=\"auto, (max-width: 1000px) 100vw, 1000px\" \/>\n\t\t\t<\/div>\n\t\t\t<div class=\"hoyre-media-text__content\">\n\t\t\t\t<div class=\"hoyre-media-text__content-inner\">\n\t\t\t\t\t\n\t\t\t<div class=\"hoyre-media-text__title-container\">\n\t\t\t\t\n\t\t\t\t<h2 class=\"hoyre-media-text__title\"><strong>Arve \u00d8rsj\u00f8dal<\/strong><\/h2>\n\t\t\t<\/div>\n\t\t\t\n\t\t\t\t\t<div class=\"hoyre-media-text__blocks\">\n<p> &#8211; Fast medlem kommunstyre<br> &#8211; Varamedlem utvalg for areal og samfunnsplanlegging<\/p><p><br>Arve.Oversjodal3@malvik.kommune.no<br>Tlf: 415 67 209<\/p>\n<\/div>\n\t\t\t\t\t\n\t\t\t\t<\/div>\n\t\t\t<\/div>\n\t\t<\/div>\n\t\t\n\n\n\t\t<div class=\"has-transparent-background-color is-layout-left alignwide alignwide wp-block-hoyre-media-text\">\n\t\t\t<div class=\"hoyre-media-text__media\">\n\t\t\t\t<img loading=\"lazy\" decoding=\"async\" width=\"1024\" height=\"680\" src=\"https:\/\/hoyre.no\/content\/uploads\/sites\/292\/2023\/11\/Astrid-Johanne-Eggen_farge-1024x680.jpg\" class=\"hoyre-media-text__media-image\" alt=\"\" style=\"--focal: 59% 43%;\" srcset=\"https:\/\/hoyre.no\/content\/uploads\/sites\/292\/2023\/11\/Astrid-Johanne-Eggen_farge-1024x680.jpg 1024w, https:\/\/hoyre.no\/content\/uploads\/sites\/292\/2023\/11\/Astrid-Johanne-Eggen_farge-300x199.jpg 300w, https:\/\/hoyre.no\/content\/uploads\/sites\/292\/2023\/11\/Astrid-Johanne-Eggen_farge-768x510.jpg 768w, https:\/\/hoyre.no\/content\/uploads\/sites\/292\/2023\/11\/Astrid-Johanne-Eggen_farge-1536x1020.jpg 1536w, https:\/\/hoyre.no\/content\/uploads\/sites\/292\/2023\/11\/Astrid-Johanne-Eggen_farge-2048x1360.jpg 2048w\" sizes=\"auto, (max-width: 1024px) 100vw, 1024px\" \/>\n\t\t\t<\/div>\n\t\t\t<div class=\"hoyre-media-text__content\">\n\t\t\t\t<div class=\"hoyre-media-text__content-inner\">\n\t\t\t\t\t\n\t\t\t<div class=\"hoyre-media-text__title-container\">\n\t\t\t\t\n\t\t\t\t<h2 class=\"hoyre-media-text__title\"><br><strong>Astrid Johanne Eggen<\/strong><\/h2>\n\t\t\t<\/div>\n\t\t\t\n\t\t\t\t\t<div class=\"hoyre-media-text__blocks\">\n<p> &#8211; Fast medlem kommunstyre<br> &#8211; Fast medlem utvalg for areal og samfunnsplanlegging<br> &#8211; Varamedlem utvalg for oppvekst og kultur<\/p><p><br>Astrid-Johanne.Eggen@malvik.kommune.no<br>Tlf: 975 45 367<\/p>\n<\/div>\n\t\t\t\t\t\n\t\t\t\t<\/div>\n\t\t\t<\/div>\n\t\t<\/div>\n\t\t\n\n\n\t\t<div class=\"has-transparent-background-color is-layout-left alignwide alignwide wp-block-hoyre-media-text\">\n\t\t\t<div class=\"hoyre-media-text__media\">\n\t\t\t\t<img loading=\"lazy\" decoding=\"async\" width=\"1000\" height=\"1000\" src=\"https:\/\/hoyre.no\/content\/uploads\/sites\/292\/2022\/11\/Hoyres-logo.png\" class=\"hoyre-media-text__media-image\" alt=\"\" style=\"--focal: 71% 27%;\" srcset=\"https:\/\/hoyre.no\/content\/uploads\/sites\/292\/2022\/11\/Hoyres-logo.png 1000w, https:\/\/hoyre.no\/content\/uploads\/sites\/292\/2022\/11\/Hoyres-logo-300x300.png 300w, https:\/\/hoyre.no\/content\/uploads\/sites\/292\/2022\/11\/Hoyres-logo-150x150.png 150w, https:\/\/hoyre.no\/content\/uploads\/sites\/292\/2022\/11\/Hoyres-logo-768x768.png 768w\" sizes=\"auto, (max-width: 1000px) 100vw, 1000px\" \/>\n\t\t\t<\/div>\n\t\t\t<div class=\"hoyre-media-text__content\">\n\t\t\t\t<div class=\"hoyre-media-text__content-inner\">\n\t\t\t\t\t\n\t\t\t<div class=\"hoyre-media-text__title-container\">\n\t\t\t\t\n\t\t\t\t<h2 class=\"hoyre-media-text__title\">Kari Halvorsen<\/h2>\n\t\t\t<\/div>\n\t\t\t\n\t\t\t\t\t<div class=\"hoyre-media-text__blocks\">\n<p> &#8211; Fast medlem utvalg for helse og velferd<br>&#8211; Varamedlem kommunestyre<br><\/p><p><br>karihalvorsen13@gmail.com<br>Tlf: 990 02 592<\/p>\n<\/div>\n\t\t\t\t\t\n\t\t\t\t<\/div>\n\t\t\t<\/div>\n\t\t<\/div>\n\t\t\n\n\n<h2 class=\"wp-block-heading\">Varamedlemmer<\/h2>\n\n\n\n<div class=\"wp-block-teft-accordion\"><div class=\"teft-accordion__inner\">\n<div class=\"wp-block-teft-item\"><div class=\"teft-item__inner\"><h4 class=\"toggle\"><strong>Gry Anita Langs\u00e6ter<\/strong><\/h4><div class=\"teft-item__inner-content entry-content\">\n<p> &#8211; Varamedlem kommunestyre<br> &#8211; Varamedlem utvalg for areal og samfunnsplanlegging<\/p>\n\n\n\n<p>gla@bdo.no, Mob. 97891541<\/p>\n<\/div><\/div><\/div>\n\n\n\n<div class=\"wp-block-teft-item\"><div class=\"teft-item__inner\"><h4 class=\"toggle\"><strong>Iselin H\u00f8ibye<\/strong><\/h4><div class=\"teft-item__inner-content entry-content\">\n<p> &#8211; Varamedlem kommunestyre<br> &#8211; Varamedlem utvalg for oppvekst og kultur<\/p>\n\n\n\n<p>iselin.hoibye@gmail.com, mob. 98042728<\/p>\n<\/div><\/div><\/div>\n\n\n\n<div class=\"wp-block-teft-item\"><div class=\"teft-item__inner\"><h4 class=\"toggle\"><strong>Frode Haug<\/strong><\/h4><div class=\"teft-item__inner-content entry-content\">\n<p> &#8211; Varamedlem kommunestyre<br> &#8211; Varamedlem utvalg for oppvekst og kultur<\/p>\n\n\n\n<p>Mob. 92694868<\/p>\n<\/div><\/div><\/div>\n\n\n\n<div class=\"wp-block-teft-item\"><div class=\"teft-item__inner\"><h4 class=\"toggle\"><strong>Rune Farstad<\/strong><\/h4><div class=\"teft-item__inner-content entry-content\">\n<p> &#8211; Varamedlem kommunestyre<br> &#8211; Varamedlem utvalg for helse og velferd<\/p>\n\n\n\n<p>rune.farstad1@gmail.com, Mob. 92838190<\/p>\n<\/div><\/div><\/div>\n\n\n\n<div class=\"wp-block-teft-item\"><div class=\"teft-item__inner\"><h4 class=\"toggle\"><strong>Thormod Haugen<\/strong><\/h4><div class=\"teft-item__inner-content entry-content\">\n<p>Varamedlem kommunestyre<\/p>\n\n\n\n<p>thormod.haugen@yahoo.no, Mob. 99257767<\/p>\n<\/div><\/div><\/div>\n\n\n\n<div class=\"wp-block-teft-item\"><div class=\"teft-item__inner\"><h4 class=\"toggle\"><strong>Ingrid Margrethe Hvidsand<\/strong><\/h4><div class=\"teft-item__inner-content entry-content\">\n<p> &#8211; Varamedlem kommunestyre<br> &#8211; Varamedlem utvalg for helse og velferd<\/p>\n\n\n\n<p>Ingridmh68@gmail.com<\/p>\n<\/div><\/div><\/div>\n\n\n\n<div class=\"wp-block-teft-item\"><div class=\"teft-item__inner\"><h4 class=\"toggle\"><strong>Tone Wiig<\/strong><\/h4><div class=\"teft-item__inner-content entry-content\">\n<p> &#8211; Varamedlem kommunestyre<br> &#8211; Varamedlem utvalg for areal og samfunnsplanlegging<\/p>\n\n\n\n<p>tone.wiig@vegvesen.no, Mob. 95712165<\/p>\n<\/div><\/div><\/div>\n\n\n\n<div class=\"wp-block-teft-item\"><div class=\"teft-item__inner\"><h4 class=\"toggle\"><strong>Tor Skipper\u00f8<\/strong><\/h4><div class=\"teft-item__inner-content entry-content\">\n<p>Varamedlem kommunestyre<\/p>\n\n\n\n<p>tor@skippero.net, Mob. 92421555<\/p>\n<\/div><\/div><\/div>\n\n\n\n<div class=\"wp-block-teft-item\"><div class=\"teft-item__inner\"><h4 class=\"toggle\"><strong>Ronny Farsund<\/strong><\/h4><div class=\"teft-item__inner-content entry-content\">\n<p>Varamedlem kommunestyre<\/p>\n\n\n\n<p>ronny.farsund@hotmail.com<br>Tlf. 47932200, Mob. 479 32 200<\/p>\n<\/div><\/div><\/div>\n\n\n\n<div class=\"wp-block-teft-item\"><div class=\"teft-item__inner\"><h4 class=\"toggle\">Eivind Engan<\/h4><div class=\"teft-item__inner-content entry-content\">\n<p> &#8211; Varamedlem kommunestyre<\/p>\n\n\n\n<p>eivind.engan@yahoo.no<\/p>\n<\/div><\/div><\/div>\n\n\n\n<div class=\"wp-block-teft-item\"><div class=\"teft-item__inner\"><h4 class=\"toggle\">Erling Magne Foss<\/h4><div class=\"teft-item__inner-content entry-content\">\n<p> &#8211; Varamedlem kontrollutvalget<\/p>\n\n\n\n<p>emfoss7@gmail.com<\/p>\n<\/div><\/div><\/div>\n<\/div><\/div>\n\n\n\n\n<p class=\"has-text-align-left\"><strong>\u00a9<\/strong> Bilder: Malvik kommune.<\/p>\n","protected":false},"excerpt":{"rendered":"<p>\u00a9 Bilder: Malvik kommune.<\/p>\n","protected":false},"author":4662,"featured_media":0,"parent":0,"menu_order":0,"comment_status":"closed","ping_status":"closed","template":"","meta":{"teft_cards_image_url":"","teft_cards_custom_pretitle":"","teft_cards_image_id":0,"teft_cards_image_focal_point_x":0,"teft_cards_image_focal_point_y":0,"teft_cards_title":"","teft_cards_excerpt":"","teft_show_chapters":false,"footnotes":""},"class_list":["post-1070","page","type-page","status-publish","hentry"],"yoast_head":"<!-- This site is optimized with the Yoast SEO plugin v26.6 - https:\/\/yoast.com\/wordpress\/plugins\/seo\/ -->\n<title>V\u00e5re representanter - Malvik H\u00f8yre<\/title>\n<meta name=\"robots\" content=\"index, follow, max-snippet:-1, max-image-preview:large, max-video-preview:-1\" \/>\n<link rel=\"canonical\" href=\"https:\/\/hoyre.no\/malvik\/vare-representanter\/\" \/>\n<meta property=\"og:locale\" content=\"nb_NO\" \/>\n<meta property=\"og:type\" content=\"article\" \/>\n<meta property=\"og:title\" content=\"V\u00e5re representanter - Malvik H\u00f8yre\" \/>\n<meta property=\"og:description\" content=\"\u00a9 Bilder: Malvik kommune.\" \/>\n<meta property=\"og:url\" content=\"https:\/\/hoyre.no\/malvik\/vare-representanter\/\" \/>\n<meta property=\"og:site_name\" content=\"Malvik H\u00f8yre\" \/>\n<meta property=\"article:modified_time\" content=\"2023-12-01T12:57:44+00:00\" \/>\n<meta property=\"og:image\" content=\"https:\/\/hoyre.no\/content\/uploads\/sites\/292\/2022\/11\/Hoyres-logo.png\" \/>\n\t<meta property=\"og:image:width\" content=\"1000\" \/>\n\t<meta property=\"og:image:height\" content=\"1000\" \/>\n\t<meta property=\"og:image:type\" content=\"image\/png\" \/>\n<meta name=\"twitter:card\" content=\"summary_large_image\" \/>\n<meta name=\"twitter:label1\" content=\"Ansl. lesetid\" \/>\n\t<meta name=\"twitter:data1\" content=\"2 minutter\" \/>\n<script type=\"application\/ld+json\" class=\"yoast-schema-graph\">{\"@context\":\"https:\/\/schema.org\",\"@graph\":[{\"@type\":\"WebPage\",\"@id\":\"https:\/\/hoyre.no\/malvik\/vare-representanter\/\",\"url\":\"https:\/\/hoyre.no\/malvik\/vare-representanter\/\",\"name\":\"V\u00e5re representanter - Malvik H\u00f8yre\",\"isPartOf\":{\"@id\":\"https:\/\/hoyre.no\/malvik\/#website\"},\"datePublished\":\"2023-11-12T21:03:16+00:00\",\"dateModified\":\"2023-12-01T12:57:44+00:00\",\"breadcrumb\":{\"@id\":\"https:\/\/hoyre.no\/malvik\/vare-representanter\/#breadcrumb\"},\"inLanguage\":\"nb-NO\",\"potentialAction\":[{\"@type\":\"ReadAction\",\"target\":[\"https:\/\/hoyre.no\/malvik\/vare-representanter\/\"]}]},{\"@type\":\"BreadcrumbList\",\"@id\":\"https:\/\/hoyre.no\/malvik\/vare-representanter\/#breadcrumb\",\"itemListElement\":[{\"@type\":\"ListItem\",\"position\":1,\"name\":\"Til hoyre.no\",\"item\":\"https:\/\/hoyre.no\"},{\"@type\":\"ListItem\",\"position\":2,\"name\":\"Hjem\",\"item\":\"https:\/\/hoyre.no\/malvik\/\"},{\"@type\":\"ListItem\",\"position\":3,\"name\":\"V\u00e5re representanter\"}]},{\"@type\":\"WebSite\",\"@id\":\"https:\/\/hoyre.no\/malvik\/#website\",\"url\":\"https:\/\/hoyre.no\/malvik\/\",\"name\":\"Malvik H\u00f8yre\",\"description\":\"Bare enda et H\u00f8yres nettsteder-nettsted\",\"inLanguage\":\"nb-NO\"}]}<\/script>\n<!-- \/ Yoast SEO plugin. -->","yoast_head_json":{"title":"V\u00e5re representanter - Malvik H\u00f8yre","robots":{"index":"index","follow":"follow","max-snippet":"max-snippet:-1","max-image-preview":"max-image-preview:large","max-video-preview":"max-video-preview:-1"},"canonical":"https:\/\/hoyre.no\/malvik\/vare-representanter\/","og_locale":"nb_NO","og_type":"article","og_title":"V\u00e5re representanter - Malvik H\u00f8yre","og_description":"\u00a9 Bilder: Malvik kommune.","og_url":"https:\/\/hoyre.no\/malvik\/vare-representanter\/","og_site_name":"Malvik H\u00f8yre","article_modified_time":"2023-12-01T12:57:44+00:00","og_image":[{"width":1000,"height":1000,"url":"https:\/\/hoyre.no\/content\/uploads\/sites\/292\/2022\/11\/Hoyres-logo.png","type":"image\/png"}],"twitter_card":"summary_large_image","twitter_misc":{"Ansl. lesetid":"2 minutter"},"schema":{"@context":"https:\/\/schema.org","@graph":[{"@type":"WebPage","@id":"https:\/\/hoyre.no\/malvik\/vare-representanter\/","url":"https:\/\/hoyre.no\/malvik\/vare-representanter\/","name":"V\u00e5re representanter - Malvik H\u00f8yre","isPartOf":{"@id":"https:\/\/hoyre.no\/malvik\/#website"},"datePublished":"2023-11-12T21:03:16+00:00","dateModified":"2023-12-01T12:57:44+00:00","breadcrumb":{"@id":"https:\/\/hoyre.no\/malvik\/vare-representanter\/#breadcrumb"},"inLanguage":"nb-NO","potentialAction":[{"@type":"ReadAction","target":["https:\/\/hoyre.no\/malvik\/vare-representanter\/"]}]},{"@type":"BreadcrumbList","@id":"https:\/\/hoyre.no\/malvik\/vare-representanter\/#breadcrumb","itemListElement":[{"@type":"ListItem","position":1,"name":"Til hoyre.no","item":"https:\/\/hoyre.no"},{"@type":"ListItem","position":2,"name":"Hjem","item":"https:\/\/hoyre.no\/malvik\/"},{"@type":"ListItem","position":3,"name":"V\u00e5re representanter"}]},{"@type":"WebSite","@id":"https:\/\/hoyre.no\/malvik\/#website","url":"https:\/\/hoyre.no\/malvik\/","name":"Malvik H\u00f8yre","description":"Bare enda et H\u00f8yres nettsteder-nettsted","inLanguage":"nb-NO"}]}},"distributor_meta":false,"distributor_terms":false,"distributor_media":false,"distributor_original_site_name":"Malvik H\u00f8yre","distributor_original_site_url":"https:\/\/hoyre.no\/malvik","push-errors":false,"_links":{"self":[{"href":"https:\/\/hoyre.no\/malvik\/wp-json\/wp\/v2\/pages\/1070","targetHints":{"allow":["GET"]}}],"collection":[{"href":"https:\/\/hoyre.no\/malvik\/wp-json\/wp\/v2\/pages"}],"about":[{"href":"https:\/\/hoyre.no\/malvik\/wp-json\/wp\/v2\/types\/page"}],"author":[{"embeddable":true,"href":"https:\/\/hoyre.no\/malvik\/wp-json\/wp\/v2\/users\/4662"}],"replies":[{"embeddable":true,"href":"https:\/\/hoyre.no\/malvik\/wp-json\/wp\/v2\/comments?post=1070"}],"version-history":[{"count":15,"href":"https:\/\/hoyre.no\/malvik\/wp-json\/wp\/v2\/pages\/1070\/revisions"}],"predecessor-version":[{"id":1109,"href":"https:\/\/hoyre.no\/malvik\/wp-json\/wp\/v2\/pages\/1070\/revisions\/1109"}],"wp:attachment":[{"href":"https:\/\/hoyre.no\/malvik\/wp-json\/wp\/v2\/media?parent=1070"}],"curies":[{"name":"wp","href":"https:\/\/api.w.org\/{rel}","templated":true}]}}