{"id":719,"date":"2023-05-24T11:36:59","date_gmt":"2023-05-24T09:36:59","guid":{"rendered":"https:\/\/hoyre.no\/malvik\/?page_id=719"},"modified":"2023-06-03T16:28:38","modified_gmt":"2023-06-03T14:28:38","slug":"bli-bedre-kjent-med-eugen","status":"publish","type":"page","link":"https:\/\/hoyre.no\/malvik\/bli-bedre-kjent-med-eugen\/","title":{"rendered":"Bli bedre kjent med Eugen!"},"content":{"rendered":"\n<div class=\"wp-block-hoyre-hero with-image-gradient text-color-light  has-media alignfull has-background\"><div class=\"hoyre-hero has-image\"><h1 class=\"title\">Bli bedre kjent med Eugen!<\/h1><p class=\"preamble\">Ordf\u00f8rerkandidat Malvik H\u00f8yre<\/p>\t\t\t<div class=\"post-meta wp-block teft-byline-wrapper\">\n\t\t\t\t<div class=\"top\">\n\t\t\t\t\t<div class=\"signature\">\n\t\t\t\t\t\t<div class=\"teft-byline\">\n\t\t\t\t\t\t\t\t\t\t\t\t\t\t<div>\n\t\t\t\t\t\t\t\t<h3>H\u00f8yres redaksjon<\/h3>\t\t\t\t\t\t\t\t\n\t\t\t\t\t\t\t\t\t\t\t\t\t\t\t\t\t<span class=\"date\">Sist oppdatert: 3. juni 2023<\/span>\n\t\t\t\t\t\t\t\t\t\t\t\t\t\t\t\t\t\t\t\t\t\t\t\t\t<span class=\"reading-time\" itemprop=\"timeRequired\" content=\"PT5M\"><em>Ca. 5 minutter lesetid<\/em><\/span>\n\t\t\t\t\t\t\t\t\t\t\t\t\t\t\t<\/div>\n\t\t\t\t\t\t<\/div>\n\t\t\t\t\t<\/div>\n\t\t\t\t\t\t<div class=\"sharing\">\n\t\t<a class=\"share-button share-link copy-link\" data-copy=\"https:\/\/hoyre.no\/malvik\/bli-bedre-kjent-med-eugen\/\" target=\"_blank\"><span class=\"screen-reader-text\">Del link<\/span><\/a>\n\t\t<a class=\"share-button share-twitter\" href=\"http:\/\/twitter.com\/share?text=Bli bedre kjent med Eugen!&#038;url=https:\/\/hoyre.no\/malvik\/bli-bedre-kjent-med-eugen\/&#038;hashtags=Hoyre\" target=\"_blank\"><span class=\"screen-reader-text\">Del p\u00e5 twitter<\/span><\/a>\n\t\t<a class=\"share-button share-facebook\" href=\"https:\/\/www.facebook.com\/sharer\/sharer.php?u=https:\/\/hoyre.no\/malvik\/bli-bedre-kjent-med-eugen\/\" target=\"_blank\"><span class=\"screen-reader-text\">Del p\u00e5 facebook<\/span><\/a>\n\t<\/div>\n\t\t\t\t\t<\/div>\n\t\t\t<\/div>\n\n\t\t\t<figure class=\"hoyre-image-wrapper\"><div class=\"hoyre-image\"><img loading=\"lazy\" decoding=\"async\" width=\"1350\" height=\"1200\" src=\"https:\/\/hoyre.no\/content\/uploads\/sites\/292\/2023\/05\/20230522_172826.jpg\" class=\"attachment-scaled size-scaled\" alt=\"\" style=\"object-position: 57.99999999999999% 54%\" srcset=\"https:\/\/hoyre.no\/content\/uploads\/sites\/292\/2023\/05\/20230522_172826.jpg 1350w, https:\/\/hoyre.no\/content\/uploads\/sites\/292\/2023\/05\/20230522_172826-300x267.jpg 300w, https:\/\/hoyre.no\/content\/uploads\/sites\/292\/2023\/05\/20230522_172826-1024x910.jpg 1024w, https:\/\/hoyre.no\/content\/uploads\/sites\/292\/2023\/05\/20230522_172826-768x683.jpg 768w\" sizes=\"auto, (max-width: 1350px) 100vw, 1350px\" \/><\/div><\/figure><\/div><\/div>\n\n\n\n\n<div class=\"wp-block-teft-factbox is-style-blue\"><div class=\"factbox-inner\"><div class=\"entry-content\"><h4 class=\"toggle\">Personalia<\/h4>\n<p><strong>Navn: <\/strong>Eugen Gravningen S\u00f8rmo<\/p>\n\n\n\n<p><strong>Alder:<\/strong> 54 \u00e5r<\/p>\n\n\n\n<p><strong>Bosted:<\/strong> Solbakken, Hommelvik<\/p>\n\n\n\n<p><strong>Sivil status:<\/strong> Gift med Julianne, 2 barn p\u00e5 henholdsvis 19 og 17 \u00e5r.<\/p>\n\n\n\n<p><strong>Jobb:<\/strong> Senior forsknings- og EU-r\u00e5dgiver, Fakultet for naturvitenskap, NTNU.<\/p>\n\n\n\n<p><strong>Bakgrunn:<\/strong> Utdannet biolog med doktorgrad, 16 \u00e5rs erfaring innen forskning og undervisning, og 10 \u00e5rs erfaring som forskningsr\u00e5dgiver ved NTNU.<\/p>\n<\/div><\/div><\/div>\n\n\n\n<h3 class=\"wp-block-heading\"><strong><strong>Politisk erfaring<\/strong><\/strong><\/h3>\n\n\n\n<ul class=\"wp-block-list\"><li><strong>2007-2011:<\/strong> Vara Malvik Kommunestyre og fast representant i utvalg for helse og velferd.<\/li><li><strong>I perioden 2011-2015:<\/strong> Fast representant Malvik Kommunestyre og utvalg for areal- og samfunnsplanlegging<\/li><li><strong>2013-2015<\/strong>:  Fast representant i Formannskapet og i 2015 ogs\u00e5 fungerende gruppeleder for Malvik H\u00f8yre. <\/li><\/ul>\n\n\n\n<div class=\"wp-block-teft-factbox is-style-blue\"><div class=\"factbox-inner\"><div class=\"entry-content\">\n<p><strong>Hvorfor er H\u00f8yre ditt parti?<\/strong> P\u00e5 tidlig 80-tall som ten\u00e5ring ble jeg stor fan av K\u00e5re Willoch og satt klistret til TV-en p\u00e5 statskanalen n\u00e5r han duellerte mot Gro f\u00f8r valget i 1981. 80-tallet var en brytingstid for Norge, med H\u00f8yreb\u00f8lgen og Willoch forsvant mange regulering og monopoler. Samfunnet ble mer \u00e5pent og med flere muligheter. Godt husker at jeg s\u00e6rlig at NRK monopolet forsvant, og at vi i Trondheim kunne h\u00f8re p\u00e5 n\u00e6r-radio. Radio KONRAD (KONservativ RADio) var spesielt popul\u00e6rt. Husker at vi ringte inn og lyttet etter telefon\u00f8nsker til venner og bekjente.<\/p>\n\n\n\n<p>I dag er H\u00f8yre mitt parti fordi det fortsatt er for f\u00e6rre reguleringer, er for skatte- og avgiftslettelser, og for moderasjon i offentlige utgifter. H\u00f8yre har troen p\u00e5 at enkeltmennesket er viktigere enn systemet. For eksempel er H\u00f8yre for fritt brukervalg innen helse- og omsorgstjenester. Videre har partiet troen p\u00e5 at alle kan lykkes og bidra til egen velferd for seg og sin familie. I skolen er det for eksempel viktig at ikke alle l\u00e6rer likt, og alle elever fortjener en tilpasset skolehverdag.<\/p>\n\n\n\n<p><strong>Det er l\u00f8rdag, klokken n\u00e6rmer seg 19:00. Hva spiser du helst til middag?<\/strong> Det blir ofte hjemmelaget pizza, men p\u00e5 hytta ute i Frohavet er Julianne sin bacalao favoritten.<\/p>\n\n\n\n<p><strong>Konsert eller idrettsarrangement? <\/strong>F\u00f8r var det idrett med sesongkort p\u00e5 Lerkendal i storhetstiden til RBK, men setter n\u00e5 mer og mer pris p\u00e5 kultur og konserter. Junior er fortsatt aktiv med fotballen p\u00e5 Tangmoen senior, det f\u00f8lger jeg selvsagt med p\u00e5 \u00ablive\u00bb n\u00e5r jeg kan og er fan.<\/p>\n\n\n\n<p><strong>Hva h\u00f8rer du p\u00e5 av musikk? <\/strong>Liker mye ulik musikk, h\u00f8rer mest p\u00e5 er nok 70- og 80-talls rock, hvor de st\u00f8rste favorittene er David Bowie og Deep Purple. Hender stadig at jeg s\u00f8ker opp gamle konsertopptak av disse p\u00e5 YouTube. <\/p>\n\n\n\n<p><strong>Funfact?<\/strong> Med bakgrunn som forsker p\u00e5 marine \u00f8kosystemer har jeg f\u00e5tt oppleve fantastiske toktopplevelser i selkolonier p\u00e5 Svalbard, langs norskekysten og \u00d8stersj\u00f8en. S\u00e6rlig et tokt langt inn i polarisen nord for Svalbard har brent seg godt inn i minnet med flere n\u00e6rkontakter med isbj\u00f8rn. En m\u00e5tte jages bort med n\u00f8dbluss. <\/p>\n\n\n\n<p><strong>Hva er din favorittplass i kommunen og utenfor kommunen?<\/strong> Malvik har mange fine plasser, med flere somre hos bestemor i Muruvik og senere som tilflyttet fra Trondheim og etablert i Solbakken er turer for bading eller med hunden til Flatholman min soleklare favoritt her i kommunen. <\/p>\n\n\n\n<p>Utenfor kommunen er Froan i \u00f8yrekka utenfor Fr\u00f8ya favoritten, dit kom jeg f\u00f8rste gang som biologistudent for feltarbeider. Senere har vi skaffet oss et eldre hus der ute p\u00e5 bilfrie og vakre S\u00f8rbur\u00f8y med ca 20 fastboende og langt flere feriegjester i sommerhalv\u00e5ret.<\/p>\n<\/div><\/div><\/div>\n\n\n\n\n\n<h2 class=\"wp-block-heading\"><strong>Mine hjertesaker<\/strong><\/h2>\n\n\n\n<div class=\"wp-block-teft-factbox is-style-blue\"><div class=\"factbox-inner\"><div class=\"entry-content\"><h4 class=\"toggle\"><strong>Skole<\/strong><\/h4>\n<p>Alt for mange g\u00e5r ut av dagens grunnskole uten \u00e5 kunne lese, skrive eller regne skikkelig. Det gjelder ogs\u00e5 Malvikskolen. Vi vet at de med d\u00e5rlig utgangspunkt fra grunnskolen ofte faller fra i videreg\u00e5ende. <\/p>\n\n\n\n<p>Arbeidslivet krever stadig mer formell kompetanse, og konsekvensene \u00e5 st\u00e5 uten et vitnem\u00e5l eller fagbrev kommer bare \u00e5 bli st\u00f8rre og st\u00f8rre. Vi trenger derfor \u00e5 gj\u00f8re mer for \u00e5 tilpasse undervisningen til de som trenger ekstra hjelp med tidlig innsats slik at alle elever n\u00e5r sitt fulle potensiale. <\/p>\n\n\n\n<p>Samtidig m\u00e5 gi ogs\u00e5 muligheter og utfordringer til elever med h\u00f8yt l\u00e6ringspotensial. Min og v\u00e5r visjon er at Malvik skal bli best p\u00e5 skole, og bidra til at minst 9 av 10 elever fullf\u00f8rer videreg\u00e5ende innen 2030!<\/p>\n<\/div><\/div><\/div>\n\n\n\n<div class=\"wp-block-teft-factbox is-style-blue\"><div class=\"factbox-inner\"><div class=\"entry-content\"><h4 class=\"toggle\"><strong>Eiendomsskatt<\/strong><\/h4>\n<p>Eiendomsskatten er en usosial og urettferdig skatt som rammer uavhengig av betalingsevne, og rammer spesielt barnefamilier, pensjonister og enslige. AP-styrte kommuner som har hatt eiendomsskatt over lang tid har bemerkelsesmessing stadig \u00f8konomiske utfordringer.<\/p>\n\n\n\n<p>Malvik intet unntak. Eiendomsskatten i Malvik p\u00e5 bolig er n\u00e5 dobbelt s\u00e5 h\u00f8y som for landsgjennomsnittet og inn blant 10 h\u00f8yeste i landet. En n\u00e6rliggende forklaring er at en med eiendomsskatt avlyser n\u00f8dvendige effektiviseringer og omstillinger, og skyver de \u00f8konomiske utfordringene over p\u00e5 innbyggerne. <\/p>\n\n\n\n<p>En av mine viktigste hjertesaker er derfor at vi vil R\u00e5dhuset m\u00e5 arbeide for \u00e5 senke og p\u00e5 sikt avvikle eiendomsskatten i Malvik. Vi vil at du skal f\u00e5 beholde mer av dine egne penger og mer frihet til \u00e5 leve livet slik du selv vil.<\/p>\n<\/div><\/div><\/div>\n\n\n\n<div class=\"wp-block-teft-factbox is-style-blue\"><div class=\"factbox-inner\"><div class=\"entry-content\"><h4 class=\"toggle\"><strong>Helse og omsorg<\/strong><\/h4>\n<p>En av mine viktigste hjertesaker er at syke og pleietrengende skal kunne bestemme mer over egen hverdag og v\u00e6re sjef i eget liv gjennom fritt brukervalg. Det gjelder ogs\u00e5 de med behov for hjemmesykepleie eller annen st\u00f8tte i hverdagen. <\/p>\n\n\n\n<p>Vi blir stadig flere eldre med ulike behov og \u00f8nsker for de tjenestene de mottar. Da trenger vi mer og ikke mindre valgfrihet. Alle gode krefter inkludert ideell eller privat akt\u00f8rer b\u00f8r slipper til for \u00e5 levere st\u00f8rre mangfold og bedre i tjenester. <\/p>\n\n\n\n<p>Det er her h\u00f8yre- og venstresidens ideologiske skille tydeliggj\u00f8res. Jeg tror ikke vi kan tvinge en l\u00f8sning for alle, men heller legge til rette for tjenester tilpasset den enkelte. Det mener jeg er helt p\u00e5 sin plass og en selvf\u00f8lge.<\/p>\n<\/div><\/div><\/div>\n\n","protected":false},"excerpt":{"rendered":"","protected":false},"author":4662,"featured_media":0,"parent":0,"menu_order":0,"comment_status":"closed","ping_status":"closed","template":"","meta":{"teft_cards_image_url":"","teft_cards_custom_pretitle":"","teft_cards_image_id":0,"teft_cards_image_focal_point_x":0,"teft_cards_image_focal_point_y":0,"teft_cards_title":"","teft_cards_excerpt":"","teft_show_chapters":false,"footnotes":""},"class_list":["post-719","page","type-page","status-publish","hentry"],"yoast_head":"<!-- This site is optimized with the Yoast SEO plugin v26.6 - https:\/\/yoast.com\/wordpress\/plugins\/seo\/ -->\n<title>Bli bedre kjent med Eugen! - Malvik H\u00f8yre<\/title>\n<meta name=\"robots\" content=\"index, follow, max-snippet:-1, max-image-preview:large, max-video-preview:-1\" \/>\n<link rel=\"canonical\" href=\"https:\/\/hoyre.no\/malvik\/bli-bedre-kjent-med-eugen\/\" \/>\n<meta property=\"og:locale\" content=\"nb_NO\" \/>\n<meta property=\"og:type\" content=\"article\" \/>\n<meta property=\"og:title\" content=\"Bli bedre kjent med Eugen! - Malvik H\u00f8yre\" \/>\n<meta property=\"og:url\" content=\"https:\/\/hoyre.no\/malvik\/bli-bedre-kjent-med-eugen\/\" \/>\n<meta property=\"og:site_name\" content=\"Malvik H\u00f8yre\" \/>\n<meta property=\"article:modified_time\" content=\"2023-06-03T14:28:38+00:00\" \/>\n<meta property=\"og:image\" content=\"https:\/\/hoyre.no\/content\/uploads\/sites\/292\/2022\/11\/Hoyres-logo.png\" \/>\n\t<meta property=\"og:image:width\" content=\"1000\" \/>\n\t<meta property=\"og:image:height\" content=\"1000\" \/>\n\t<meta property=\"og:image:type\" content=\"image\/png\" \/>\n<meta name=\"twitter:card\" content=\"summary_large_image\" \/>\n<meta name=\"twitter:label1\" content=\"Ansl. lesetid\" \/>\n\t<meta name=\"twitter:data1\" content=\"5 minutter\" \/>\n<script type=\"application\/ld+json\" class=\"yoast-schema-graph\">{\"@context\":\"https:\/\/schema.org\",\"@graph\":[{\"@type\":\"WebPage\",\"@id\":\"https:\/\/hoyre.no\/malvik\/bli-bedre-kjent-med-eugen\/\",\"url\":\"https:\/\/hoyre.no\/malvik\/bli-bedre-kjent-med-eugen\/\",\"name\":\"Bli bedre kjent med Eugen! - Malvik H\u00f8yre\",\"isPartOf\":{\"@id\":\"https:\/\/hoyre.no\/malvik\/#website\"},\"datePublished\":\"2023-05-24T09:36:59+00:00\",\"dateModified\":\"2023-06-03T14:28:38+00:00\",\"breadcrumb\":{\"@id\":\"https:\/\/hoyre.no\/malvik\/bli-bedre-kjent-med-eugen\/#breadcrumb\"},\"inLanguage\":\"nb-NO\",\"potentialAction\":[{\"@type\":\"ReadAction\",\"target\":[\"https:\/\/hoyre.no\/malvik\/bli-bedre-kjent-med-eugen\/\"]}]},{\"@type\":\"BreadcrumbList\",\"@id\":\"https:\/\/hoyre.no\/malvik\/bli-bedre-kjent-med-eugen\/#breadcrumb\",\"itemListElement\":[{\"@type\":\"ListItem\",\"position\":1,\"name\":\"Til hoyre.no\",\"item\":\"https:\/\/hoyre.no\"},{\"@type\":\"ListItem\",\"position\":2,\"name\":\"Hjem\",\"item\":\"https:\/\/hoyre.no\/malvik\/\"},{\"@type\":\"ListItem\",\"position\":3,\"name\":\"Bli bedre kjent med Eugen!\"}]},{\"@type\":\"WebSite\",\"@id\":\"https:\/\/hoyre.no\/malvik\/#website\",\"url\":\"https:\/\/hoyre.no\/malvik\/\",\"name\":\"Malvik H\u00f8yre\",\"description\":\"Bare enda et H\u00f8yres nettsteder-nettsted\",\"inLanguage\":\"nb-NO\"}]}<\/script>\n<!-- \/ Yoast SEO plugin. -->","yoast_head_json":{"title":"Bli bedre kjent med Eugen! - Malvik H\u00f8yre","robots":{"index":"index","follow":"follow","max-snippet":"max-snippet:-1","max-image-preview":"max-image-preview:large","max-video-preview":"max-video-preview:-1"},"canonical":"https:\/\/hoyre.no\/malvik\/bli-bedre-kjent-med-eugen\/","og_locale":"nb_NO","og_type":"article","og_title":"Bli bedre kjent med Eugen! - Malvik H\u00f8yre","og_url":"https:\/\/hoyre.no\/malvik\/bli-bedre-kjent-med-eugen\/","og_site_name":"Malvik H\u00f8yre","article_modified_time":"2023-06-03T14:28:38+00:00","og_image":[{"width":1000,"height":1000,"url":"https:\/\/hoyre.no\/content\/uploads\/sites\/292\/2022\/11\/Hoyres-logo.png","type":"image\/png"}],"twitter_card":"summary_large_image","twitter_misc":{"Ansl. lesetid":"5 minutter"},"schema":{"@context":"https:\/\/schema.org","@graph":[{"@type":"WebPage","@id":"https:\/\/hoyre.no\/malvik\/bli-bedre-kjent-med-eugen\/","url":"https:\/\/hoyre.no\/malvik\/bli-bedre-kjent-med-eugen\/","name":"Bli bedre kjent med Eugen! - Malvik H\u00f8yre","isPartOf":{"@id":"https:\/\/hoyre.no\/malvik\/#website"},"datePublished":"2023-05-24T09:36:59+00:00","dateModified":"2023-06-03T14:28:38+00:00","breadcrumb":{"@id":"https:\/\/hoyre.no\/malvik\/bli-bedre-kjent-med-eugen\/#breadcrumb"},"inLanguage":"nb-NO","potentialAction":[{"@type":"ReadAction","target":["https:\/\/hoyre.no\/malvik\/bli-bedre-kjent-med-eugen\/"]}]},{"@type":"BreadcrumbList","@id":"https:\/\/hoyre.no\/malvik\/bli-bedre-kjent-med-eugen\/#breadcrumb","itemListElement":[{"@type":"ListItem","position":1,"name":"Til hoyre.no","item":"https:\/\/hoyre.no"},{"@type":"ListItem","position":2,"name":"Hjem","item":"https:\/\/hoyre.no\/malvik\/"},{"@type":"ListItem","position":3,"name":"Bli bedre kjent med Eugen!"}]},{"@type":"WebSite","@id":"https:\/\/hoyre.no\/malvik\/#website","url":"https:\/\/hoyre.no\/malvik\/","name":"Malvik H\u00f8yre","description":"Bare enda et H\u00f8yres nettsteder-nettsted","inLanguage":"nb-NO"}]}},"distributor_meta":false,"distributor_terms":false,"distributor_media":false,"distributor_original_site_name":"Malvik H\u00f8yre","distributor_original_site_url":"https:\/\/hoyre.no\/malvik","push-errors":false,"_links":{"self":[{"href":"https:\/\/hoyre.no\/malvik\/wp-json\/wp\/v2\/pages\/719","targetHints":{"allow":["GET"]}}],"collection":[{"href":"https:\/\/hoyre.no\/malvik\/wp-json\/wp\/v2\/pages"}],"about":[{"href":"https:\/\/hoyre.no\/malvik\/wp-json\/wp\/v2\/types\/page"}],"author":[{"embeddable":true,"href":"https:\/\/hoyre.no\/malvik\/wp-json\/wp\/v2\/users\/4662"}],"replies":[{"embeddable":true,"href":"https:\/\/hoyre.no\/malvik\/wp-json\/wp\/v2\/comments?post=719"}],"version-history":[{"count":17,"href":"https:\/\/hoyre.no\/malvik\/wp-json\/wp\/v2\/pages\/719\/revisions"}],"predecessor-version":[{"id":1051,"href":"https:\/\/hoyre.no\/malvik\/wp-json\/wp\/v2\/pages\/719\/revisions\/1051"}],"wp:attachment":[{"href":"https:\/\/hoyre.no\/malvik\/wp-json\/wp\/v2\/media?parent=719"}],"curies":[{"name":"wp","href":"https:\/\/api.w.org\/{rel}","templated":true}]}}