{"id":819,"date":"2023-06-02T16:16:21","date_gmt":"2023-06-02T14:16:21","guid":{"rendered":"https:\/\/hoyre.no\/malvik\/?page_id=819"},"modified":"2023-06-22T14:52:59","modified_gmt":"2023-06-22T12:52:59","slug":"bli-kjent-med-anders","status":"publish","type":"page","link":"https:\/\/hoyre.no\/malvik\/bli-kjent-med-anders\/","title":{"rendered":"Bli kjent med Anders!"},"content":{"rendered":"\n<div class=\"wp-block-hoyre-hero with-image-gradient text-color-light  has-media alignfull has-background\"><div class=\"hoyre-hero has-image\"><h1 class=\"title\">Bli kjent med Anders!<\/h1><p class=\"preamble\">4. kandidat Malvik H\u00f8yre<\/p>\t\t\t<div class=\"post-meta wp-block teft-byline-wrapper\">\n\t\t\t\t<div class=\"top\">\n\t\t\t\t\t<div class=\"signature\">\n\t\t\t\t\t\t<div class=\"teft-byline\">\n\t\t\t\t\t\t\t\t\t\t\t\t\t\t<div>\n\t\t\t\t\t\t\t\t<h3>H\u00f8yres redaksjon<\/h3>\t\t\t\t\t\t\t\t\n\t\t\t\t\t\t\t\t\t\t\t\t\t\t\t\t\t<span class=\"date\">Sist oppdatert: 22. juni 2023<\/span>\n\t\t\t\t\t\t\t\t\t\t\t\t\t\t\t\t\t\t\t\t\t\t\t\t\t<span class=\"reading-time\" itemprop=\"timeRequired\" content=\"PT5M\"><em>Ca. 5 minutter lesetid<\/em><\/span>\n\t\t\t\t\t\t\t\t\t\t\t\t\t\t\t<\/div>\n\t\t\t\t\t\t<\/div>\n\t\t\t\t\t<\/div>\n\t\t\t\t\t\t<div class=\"sharing\">\n\t\t<a class=\"share-button share-link copy-link\" data-copy=\"https:\/\/hoyre.no\/malvik\/bli-kjent-med-anders\/\" target=\"_blank\"><span class=\"screen-reader-text\">Del link<\/span><\/a>\n\t\t<a class=\"share-button share-twitter\" href=\"http:\/\/twitter.com\/share?text=Bli kjent med Anders!&#038;url=https:\/\/hoyre.no\/malvik\/bli-kjent-med-anders\/&#038;hashtags=Hoyre\" target=\"_blank\"><span class=\"screen-reader-text\">Del p\u00e5 twitter<\/span><\/a>\n\t\t<a class=\"share-button share-facebook\" href=\"https:\/\/www.facebook.com\/sharer\/sharer.php?u=https:\/\/hoyre.no\/malvik\/bli-kjent-med-anders\/\" target=\"_blank\"><span class=\"screen-reader-text\">Del p\u00e5 facebook<\/span><\/a>\n\t<\/div>\n\t\t\t\t\t<\/div>\n\t\t\t<\/div>\n\n\t\t\t<figure class=\"hoyre-image-wrapper\"><div class=\"hoyre-image\"><img loading=\"lazy\" decoding=\"async\" width=\"2500\" height=\"1667\" src=\"https:\/\/hoyre.no\/content\/uploads\/sites\/292\/2023\/06\/DSC_0016-scaled.jpg\" class=\"attachment-scaled size-scaled\" alt=\"\" style=\"object-position: 51% 95%\" srcset=\"https:\/\/hoyre.no\/content\/uploads\/sites\/292\/2023\/06\/DSC_0016-scaled.jpg 2500w, https:\/\/hoyre.no\/content\/uploads\/sites\/292\/2023\/06\/DSC_0016-300x200.jpg 300w, https:\/\/hoyre.no\/content\/uploads\/sites\/292\/2023\/06\/DSC_0016-1024x683.jpg 1024w, https:\/\/hoyre.no\/content\/uploads\/sites\/292\/2023\/06\/DSC_0016-768x512.jpg 768w, https:\/\/hoyre.no\/content\/uploads\/sites\/292\/2023\/06\/DSC_0016-1536x1024.jpg 1536w, https:\/\/hoyre.no\/content\/uploads\/sites\/292\/2023\/06\/DSC_0016-2048x1365.jpg 2048w\" sizes=\"auto, (max-width: 2500px) 100vw, 2500px\" \/><\/div><\/figure><\/div><\/div>\n\n\n\n\n<div class=\"wp-block-teft-factbox is-style-blue\"><div class=\"factbox-inner\"><div class=\"entry-content\"><h4 class=\"toggle\">Personalia<\/h4>\n<p><strong>Navn: <\/strong>Anders Frost<\/p>\n\n\n\n<p><strong>Alder:<\/strong> 56<\/p>\n\n\n\n<p><strong>Bosted:<\/strong> Hundhamaren<\/p>\n\n\n\n<p><strong>Sivil status:<\/strong> Gift, en voksen datter, og en voksen stedatter.&nbsp;&nbsp;<\/p>\n\n\n\n<p><strong>Jobb:<\/strong> Senior r\u00e5dgiver i skatteetaten&nbsp;<\/p>\n\n\n\n<p><strong>Bakgrunn:<\/strong> Mastergrad i \u00f8konomi, med lang jobb erfaring fra b\u00e5de stat og kommune. F\u00f8dt i Volda, oppvokst i Malvik, og utdannelse fra Oslo Handelsh\u00f8yskole og Indiana University i USA.<br>F\u00f8rste jobb i Mo I Rana, og flyttet tilbake til Malvik igjen i 2006 etter 13 \u00e5r i Mo I Rana.&nbsp;<\/p>\n<\/div><\/div><\/div>\n\n\n\n<h2 class=\"wp-block-heading\"><strong>Politisk erfaring:<\/strong><\/h2>\n\n\n\n<ul class=\"wp-block-list\"><li>Gruppeleder i kommunestyregruppen fra januar 2022. <\/li><li>Fast medlem i kommunestyre siden 2015, og vara siden 2007.<\/li><li> Fast medlem i formannsskapet i Malvik siden november 2021, og vara siden 2015. <\/li><li>Fast medlem i utvalg for Areal og Samfunnsplanlegging i perioden 2015 \u2013 oktober 2019 og januar 2021 til februar 2022. Vara i perioden oktober 2019 \u2013 januar 2021 og siden mars 2022. <\/li><li>Fast medlem i Utvalg for Oppvekst og Kultur i perioden oktober 2019 til januar 2021. <\/li><li>Medlem i Utvalg for Helse og Velferd ultimo 2008 til oktober 2011. Medlem i <\/li><li>Trafikksikkerhetsutvalget i Malvik fra oktober 2011 til september 2013.<\/li><\/ul>\n\n\n\n<div class=\"wp-block-teft-factbox is-style-blue\"><div class=\"factbox-inner\"><div class=\"entry-content\">\n<p><strong>Hvorfor er H\u00f8yre ditt parti?<\/strong> <br>H\u00f8yre er mitt parti, fordi jeg er opptatt av \u00e5 verne om den private eiendomsretten. Jeg bruker ofte \u00e5 sitere Kardemommeloven: Man skal aldri plage andre, man skal v\u00e6re snill og grei og for\u00f8vrig kan man gj\u00f8re som man vil\u00bb. Nydelig!\u00a0<\/p>\n\n\n\n<p>I tillegg mener jeg at det skal l\u00f8nne seg \u00e5 skape gode trygge og varige arbeidsplasser og ikke ha et skattesystem som stimulerer til forbruk, fremfor \u00e5 skape varige verdier. Jeg mener at penger bare skal skattlegges en gang, og det mest sosialt rettferdige system er at man skattlegger basert p\u00e5 inntekt, og ikke skattlegger p\u00e5 nytt hvis man ikke bruker opp pengene. Det er ikke rett at man m\u00e5 selge eiendeler eller ta penger ut av selskaper for \u00e5 kunne betale skatt. Skatt skal betales av det du tjener.&nbsp;<\/p>\n\n\n\n<p>Jeg er opptatt av justispolitikk og at alle skal kunne f\u00f8le seg trygge i sitt nabolag. Det skal aldri l\u00f8nne seg \u00e5 beg\u00e5 lovbrudd, og da er det viktig at politiet og rettsvesenet f\u00e5r de ressurser og midler som gj\u00f8r at alle kan f\u00f8le seg trygge. Da m\u00e5 man ha klare lover og tydelige konsekvenser. Der er H\u00f8yre det beste partiet.&nbsp;<\/p>\n\n\n\n<p><strong>Hva er din favorittplass i kommunen og utenfor kommunen?<\/strong> <br>Hjemme i Sakslundveien p\u00e5 Hundhamaren. Det \u00e5 ha utsikt over hele fjorden, fra Ranheim i Vest, Fosen alpene og Frosta i Nord og innover Malviklandet i \u00d8st er befriende. Jeg m\u00e5 se fjorden, og da er Hundhamaren det beste sted p\u00e5 jord.<\/p>\n<\/div><\/div><\/div>\n\n\n\n\n<h2 class=\"wp-block-heading\">Mine Hjertesaker<\/h2>\n\n\n\n<div class=\"wp-block-teft-factbox is-style-blue\"><div class=\"factbox-inner\"><div class=\"entry-content\"><h4 class=\"toggle\"><strong>Privat eiendomsrett<\/strong><\/h4>\n<p>Retten til \u00e5 disponere over og bestemme over din egen eiendom. S\u00e5 lenge det ikke g\u00e5r utover andre, hindrer andre eller strider mot vedtatte regler, s\u00e5 kan man disponere og bruke sin eiendom slik man selv \u00f8nsker. \u00abMan skal ikke plage andre man skal v\u00e6re grei og snill, og for \u00f8vrig kan man gj\u00f8re som man vil\u00bb.<\/p>\n<\/div><\/div><\/div>\n\n\n\n<div class=\"wp-block-teft-factbox is-style-blue\"><div class=\"factbox-inner\"><div class=\"entry-content\"><h4 class=\"toggle\"><strong>Trafikksikkerhet<\/strong><\/h4>\n<p>Et godt og moderne veinett med trafikksikkerhet som basis. Det er mye triveligere om man p\u00e5 en god m\u00e5te kan skille kj\u00f8rende og g\u00e5ende. Da m\u00e5 det etableres gode gang og sykkelbaner, og fortau i boligomr\u00e5der.<\/p>\n\n\n\n<p> Det m\u00e5 i tillegg skiltes og h\u00e5ndheves parkeringsforbud p\u00e5 fortau og gangomr\u00e5der, og heller etablere omr\u00e5der for parkering, dersom det ikke er mulig \u00e5 parkere p\u00e5 eget privat omr\u00e5de. <\/p>\n\n\n\n<p>Ved utfartsomr\u00e5der og ved offentlige anlegg m\u00e5 det etableres tilstrekkelig parkering for de som ikke kan bruke kollektivmidler, g\u00e5 eller sykle.<\/p>\n<\/div><\/div><\/div>\n\n\n\n<div class=\"wp-block-teft-factbox is-style-blue\"><div class=\"factbox-inner\"><div class=\"entry-content\"><h4 class=\"toggle\"><strong>Frivillige lag og foreninger<\/strong><\/h4>\n<p>B\u00e6rebjelken i en god kommune. Bidrar til integrasjon og motvirker utenforskap og ensomhet. Det at alle kan finne sin plass i n\u00e6rmilj\u00f8et og gi sitt bidrag til fellesskapet. <\/p>\n\n\n\n<p>Kommunen m\u00e5 tilrettelegge for muligheten for \u00e5 bruke kommunale bygg og anlegg utenom den ordin\u00e6re brukstiden. Det m\u00e5 etableres tilstrekkelig st\u00f8tteordninger slik at det er mulig \u00e5 ut\u00f8ve sin interesse, uten at det likevel rokker ved at det er en medlemsstyrt organisasjon. <\/p>\n\n\n\n<p>Det er viktig \u00e5 forhindre og ikke skape et klasseskille mellom de som har r\u00e5d til \u00e5 sende barna eller selv v\u00e6re med p\u00e5 fritidsinteresser og de som ikke har r\u00e5d. Alle m\u00e5 f\u00e5 muligheten til \u00e5 v\u00e6re med.<\/p>\n<\/div><\/div><\/div>\n\n\n\n<div class=\"wp-block-teft-factbox is-style-blue\"><div class=\"factbox-inner\"><div class=\"entry-content\"><h4 class=\"toggle\"><strong>Barnehage<\/strong><\/h4>\n<p>Barnehagetilbud p\u00e5 barnefamiliens premisser i forhold til \u00e5pningstider og lokasjon. Det b\u00f8r ikke spille noen rolle om barnehagen er privat eller offentlig, s\u00e5 lenge brukerne, barna og foreldre, er forn\u00f8yd og de f\u00e5r den tjenesten de \u00f8nsker. <\/p>\n\n\n\n<p>Det b\u00f8r \u00e5pnes for mer fleksible \u00e5pningstider i forhold til brukernes behov. Kanskje blir det for dyrt \u00e5 ha \u00e5pningstider utover normalen i alle barnehager, men i hvert fall i noen. <\/p>\n\n\n\n<p>I tillegg b\u00f8r man pr\u00f8ve \u00e5 g\u00e5 bort fra et opptak i barnehagene pr. \u00e5r, til i hvert fall 2 opptak, og aller helst l\u00f8pende opptak fra man er 1 \u00e5r. Det b\u00f8r ikke v\u00e6re avgj\u00f8rende n\u00e5r p\u00e5 \u00e5ret barna er f\u00f8dt i forhold til retten til barnehageplass.<\/p>\n\n\n\n<p><strong>Private barnehager<\/strong><br>Det er viktig \u00e5 gi tilstrekkelig rammebetingelser for private barnehager, slik at de kan gi et godt tilbud. For at kommunen skal kunne opprettholde full barnehagedekning, og tilby lovfestet barnehageplass fra det \u00e5ret man fyller 1 \u00e5r, er vi avhengig av plassene i de private barnehagene. Det ideelle er kommunale og private barnehager i en fin miks som utfyller hverandre.<\/p>\n<\/div><\/div><\/div>\n","protected":false},"excerpt":{"rendered":"<p>Mine Hjertesaker<\/p>\n","protected":false},"author":4662,"featured_media":0,"parent":0,"menu_order":0,"comment_status":"closed","ping_status":"closed","template":"","meta":{"teft_cards_image_url":"","teft_cards_custom_pretitle":"","teft_cards_image_id":0,"teft_cards_image_focal_point_x":0,"teft_cards_image_focal_point_y":0,"teft_cards_title":"","teft_cards_excerpt":"","teft_show_chapters":false,"footnotes":""},"class_list":["post-819","page","type-page","status-publish","hentry"],"yoast_head":"<!-- This site is optimized with the Yoast SEO plugin v26.6 - https:\/\/yoast.com\/wordpress\/plugins\/seo\/ -->\n<title>Bli kjent med Anders! - Malvik H\u00f8yre<\/title>\n<meta name=\"robots\" content=\"index, follow, max-snippet:-1, max-image-preview:large, max-video-preview:-1\" \/>\n<link rel=\"canonical\" href=\"https:\/\/hoyre.no\/malvik\/bli-kjent-med-anders\/\" \/>\n<meta property=\"og:locale\" content=\"nb_NO\" \/>\n<meta property=\"og:type\" content=\"article\" \/>\n<meta property=\"og:title\" content=\"Bli kjent med Anders! - Malvik H\u00f8yre\" \/>\n<meta property=\"og:description\" content=\"Mine Hjertesaker\" \/>\n<meta property=\"og:url\" content=\"https:\/\/hoyre.no\/malvik\/bli-kjent-med-anders\/\" \/>\n<meta property=\"og:site_name\" content=\"Malvik H\u00f8yre\" \/>\n<meta property=\"article:modified_time\" content=\"2023-06-22T12:52:59+00:00\" \/>\n<meta property=\"og:image\" content=\"https:\/\/hoyre.no\/content\/uploads\/sites\/292\/2022\/11\/Hoyres-logo.png\" \/>\n\t<meta property=\"og:image:width\" content=\"1000\" \/>\n\t<meta property=\"og:image:height\" content=\"1000\" \/>\n\t<meta property=\"og:image:type\" content=\"image\/png\" \/>\n<meta name=\"twitter:card\" content=\"summary_large_image\" \/>\n<meta name=\"twitter:label1\" content=\"Ansl. lesetid\" \/>\n\t<meta name=\"twitter:data1\" content=\"5 minutter\" \/>\n<script type=\"application\/ld+json\" class=\"yoast-schema-graph\">{\"@context\":\"https:\/\/schema.org\",\"@graph\":[{\"@type\":\"WebPage\",\"@id\":\"https:\/\/hoyre.no\/malvik\/bli-kjent-med-anders\/\",\"url\":\"https:\/\/hoyre.no\/malvik\/bli-kjent-med-anders\/\",\"name\":\"Bli kjent med Anders! - Malvik H\u00f8yre\",\"isPartOf\":{\"@id\":\"https:\/\/hoyre.no\/malvik\/#website\"},\"datePublished\":\"2023-06-02T14:16:21+00:00\",\"dateModified\":\"2023-06-22T12:52:59+00:00\",\"breadcrumb\":{\"@id\":\"https:\/\/hoyre.no\/malvik\/bli-kjent-med-anders\/#breadcrumb\"},\"inLanguage\":\"nb-NO\",\"potentialAction\":[{\"@type\":\"ReadAction\",\"target\":[\"https:\/\/hoyre.no\/malvik\/bli-kjent-med-anders\/\"]}]},{\"@type\":\"BreadcrumbList\",\"@id\":\"https:\/\/hoyre.no\/malvik\/bli-kjent-med-anders\/#breadcrumb\",\"itemListElement\":[{\"@type\":\"ListItem\",\"position\":1,\"name\":\"Til hoyre.no\",\"item\":\"https:\/\/hoyre.no\"},{\"@type\":\"ListItem\",\"position\":2,\"name\":\"Hjem\",\"item\":\"https:\/\/hoyre.no\/malvik\/\"},{\"@type\":\"ListItem\",\"position\":3,\"name\":\"Bli kjent med Anders!\"}]},{\"@type\":\"WebSite\",\"@id\":\"https:\/\/hoyre.no\/malvik\/#website\",\"url\":\"https:\/\/hoyre.no\/malvik\/\",\"name\":\"Malvik H\u00f8yre\",\"description\":\"Bare enda et H\u00f8yres nettsteder-nettsted\",\"inLanguage\":\"nb-NO\"}]}<\/script>\n<!-- \/ Yoast SEO plugin. -->","yoast_head_json":{"title":"Bli kjent med Anders! - Malvik H\u00f8yre","robots":{"index":"index","follow":"follow","max-snippet":"max-snippet:-1","max-image-preview":"max-image-preview:large","max-video-preview":"max-video-preview:-1"},"canonical":"https:\/\/hoyre.no\/malvik\/bli-kjent-med-anders\/","og_locale":"nb_NO","og_type":"article","og_title":"Bli kjent med Anders! - Malvik H\u00f8yre","og_description":"Mine Hjertesaker","og_url":"https:\/\/hoyre.no\/malvik\/bli-kjent-med-anders\/","og_site_name":"Malvik H\u00f8yre","article_modified_time":"2023-06-22T12:52:59+00:00","og_image":[{"width":1000,"height":1000,"url":"https:\/\/hoyre.no\/content\/uploads\/sites\/292\/2022\/11\/Hoyres-logo.png","type":"image\/png"}],"twitter_card":"summary_large_image","twitter_misc":{"Ansl. lesetid":"5 minutter"},"schema":{"@context":"https:\/\/schema.org","@graph":[{"@type":"WebPage","@id":"https:\/\/hoyre.no\/malvik\/bli-kjent-med-anders\/","url":"https:\/\/hoyre.no\/malvik\/bli-kjent-med-anders\/","name":"Bli kjent med Anders! - Malvik H\u00f8yre","isPartOf":{"@id":"https:\/\/hoyre.no\/malvik\/#website"},"datePublished":"2023-06-02T14:16:21+00:00","dateModified":"2023-06-22T12:52:59+00:00","breadcrumb":{"@id":"https:\/\/hoyre.no\/malvik\/bli-kjent-med-anders\/#breadcrumb"},"inLanguage":"nb-NO","potentialAction":[{"@type":"ReadAction","target":["https:\/\/hoyre.no\/malvik\/bli-kjent-med-anders\/"]}]},{"@type":"BreadcrumbList","@id":"https:\/\/hoyre.no\/malvik\/bli-kjent-med-anders\/#breadcrumb","itemListElement":[{"@type":"ListItem","position":1,"name":"Til hoyre.no","item":"https:\/\/hoyre.no"},{"@type":"ListItem","position":2,"name":"Hjem","item":"https:\/\/hoyre.no\/malvik\/"},{"@type":"ListItem","position":3,"name":"Bli kjent med Anders!"}]},{"@type":"WebSite","@id":"https:\/\/hoyre.no\/malvik\/#website","url":"https:\/\/hoyre.no\/malvik\/","name":"Malvik H\u00f8yre","description":"Bare enda et H\u00f8yres nettsteder-nettsted","inLanguage":"nb-NO"}]}},"distributor_meta":false,"distributor_terms":false,"distributor_media":false,"distributor_original_site_name":"Malvik H\u00f8yre","distributor_original_site_url":"https:\/\/hoyre.no\/malvik","push-errors":false,"_links":{"self":[{"href":"https:\/\/hoyre.no\/malvik\/wp-json\/wp\/v2\/pages\/819","targetHints":{"allow":["GET"]}}],"collection":[{"href":"https:\/\/hoyre.no\/malvik\/wp-json\/wp\/v2\/pages"}],"about":[{"href":"https:\/\/hoyre.no\/malvik\/wp-json\/wp\/v2\/types\/page"}],"author":[{"embeddable":true,"href":"https:\/\/hoyre.no\/malvik\/wp-json\/wp\/v2\/users\/4662"}],"replies":[{"embeddable":true,"href":"https:\/\/hoyre.no\/malvik\/wp-json\/wp\/v2\/comments?post=819"}],"version-history":[{"count":6,"href":"https:\/\/hoyre.no\/malvik\/wp-json\/wp\/v2\/pages\/819\/revisions"}],"predecessor-version":[{"id":1030,"href":"https:\/\/hoyre.no\/malvik\/wp-json\/wp\/v2\/pages\/819\/revisions\/1030"}],"wp:attachment":[{"href":"https:\/\/hoyre.no\/malvik\/wp-json\/wp\/v2\/media?parent=819"}],"curies":[{"name":"wp","href":"https:\/\/api.w.org\/{rel}","templated":true}]}}