{"id":1095,"date":"2023-08-16T14:01:57","date_gmt":"2023-08-16T12:01:57","guid":{"rendered":"https:\/\/hoyre.no\/melhus\/?page_id=1095"},"modified":"2026-01-22T07:48:10","modified_gmt":"2026-01-22T06:48:10","slug":"gimse-og-brekkasen","status":"publish","type":"page","link":"https:\/\/hoyre.no\/melhus\/melhus-hoyre-i-ditt-lokalsamfunn\/gimse-og-brekkasen\/","title":{"rendered":"Gimse og Brekk\u00e5sen"},"content":{"rendered":"\n\n\n\n\n<div class=\"wp-block-hoyre-hero with-image-gradient text-color-light  has-media alignfull has-background\"><div class=\"hoyre-hero has-image\"><h1 class=\"title\">Gimse og Brekk\u00e5sen<\/h1><p class=\"preamble\">Bli bedre kjent med lokale kandidater og hva H\u00f8yre vil for Gimse og Brekk\u00e5sen.<\/p>\t\t\t<div class=\"post-meta wp-block teft-byline-wrapper\">\n\t\t\t\t<div class=\"top\">\n\t\t\t\t\t<div class=\"signature\">\n\t\t\t\t\t\t<div class=\"teft-byline\">\n\t\t\t\t\t\t\t\t\t\t\t\t\t\t<div>\n\t\t\t\t\t\t\t\t<h3>H\u00f8yres redaksjon<\/h3>\t\t\t\t\t\t\t\t\n\t\t\t\t\t\t\t\t\t\t\t\t\t\t\t\t\t<span class=\"date\">Sist oppdatert: 22. januar 2026<\/span>\n\t\t\t\t\t\t\t\t\t\t\t\t\t\t\t\t\t\t\t\t\t\t\t\t\t<span class=\"reading-time\" itemprop=\"timeRequired\" content=\"PT3M\"><em>Ca. 3 minutter lesetid<\/em><\/span>\n\t\t\t\t\t\t\t\t\t\t\t\t\t\t\t<\/div>\n\t\t\t\t\t\t<\/div>\n\t\t\t\t\t<\/div>\n\t\t\t\t\t\t<div class=\"sharing\">\n\t\t<a class=\"share-button share-link copy-link\" data-copy=\"https:\/\/hoyre.no\/melhus\/melhus-hoyre-i-ditt-lokalsamfunn\/gimse-og-brekkasen\/\" target=\"_blank\"><span class=\"screen-reader-text\">Del link<\/span><\/a>\n\t\t<a class=\"share-button share-twitter\" href=\"http:\/\/twitter.com\/share?text=Gimse og Brekk\u00e5sen&#038;url=https:\/\/hoyre.no\/melhus\/melhus-hoyre-i-ditt-lokalsamfunn\/gimse-og-brekkasen\/&#038;hashtags=Hoyre\" target=\"_blank\"><span class=\"screen-reader-text\">Del p\u00e5 twitter<\/span><\/a>\n\t\t<a class=\"share-button share-facebook\" href=\"https:\/\/www.facebook.com\/sharer\/sharer.php?u=https:\/\/hoyre.no\/melhus\/melhus-hoyre-i-ditt-lokalsamfunn\/gimse-og-brekkasen\/\" target=\"_blank\"><span class=\"screen-reader-text\">Del p\u00e5 facebook<\/span><\/a>\n\t<\/div>\n\t\t\t\t\t<\/div>\n\t\t\t<\/div>\n\n\t\t\t<figure class=\"hoyre-image-wrapper\"><div class=\"hoyre-image\"><img loading=\"lazy\" decoding=\"async\" width=\"2500\" height=\"1405\" src=\"https:\/\/hoyre.no\/content\/uploads\/sites\/293\/2023\/08\/2023-05-09-07.33.41-scaled.jpg\" class=\"attachment-scaled size-scaled\" alt=\"\" style=\"object-position: 50% 90%\" srcset=\"https:\/\/hoyre.no\/content\/uploads\/sites\/293\/2023\/08\/2023-05-09-07.33.41-scaled.jpg 2500w, https:\/\/hoyre.no\/content\/uploads\/sites\/293\/2023\/08\/2023-05-09-07.33.41-300x169.jpg 300w, https:\/\/hoyre.no\/content\/uploads\/sites\/293\/2023\/08\/2023-05-09-07.33.41-1024x576.jpg 1024w, https:\/\/hoyre.no\/content\/uploads\/sites\/293\/2023\/08\/2023-05-09-07.33.41-768x432.jpg 768w, https:\/\/hoyre.no\/content\/uploads\/sites\/293\/2023\/08\/2023-05-09-07.33.41-1536x864.jpg 1536w, https:\/\/hoyre.no\/content\/uploads\/sites\/293\/2023\/08\/2023-05-09-07.33.41-2048x1151.jpg 2048w\" sizes=\"auto, (max-width: 2500px) 100vw, 2500px\" \/><\/div><\/figure><\/div><\/div>\n\n\n\n\n<p>Det er mye bra p\u00e5 gang i Melhus, og H\u00f8yre vil mer for Melhus. Der noen sier nei, sier H\u00f8yre ja. Melhus skal v\u00e6re en kommune med <a href=\"https:\/\/hoyre.no\/melhus\/politikk\/muligheter-for-alle\/\">muligheter for alle<\/a>.<\/p>\n\n\n\n<p>Her kan du bli kjent med kandidatene v\u00e5re og hvordan de vil gj\u00f8re Gimse og Brekk\u00e5sen og Melhus enda bedre \ud83e\udd29<\/p>\n\n\n\n<h2 class=\"wp-block-heading\">Lokale kandidater p\u00e5 Gimse og Brekk\u00e5sen<\/h2>\n\n\n\n<div class=\"wp-block-hoyre-contacts alignwide\"><div class=\"hoyre-contacts__inner\">\n<div class=\"wp-block-hoyre-contact alignwide\"><div class=\"hoyre-contact__inner\"><figure class=\"hoyre-image-wrapper\"><div class=\"hoyre-image\"><img loading=\"lazy\" decoding=\"async\" width=\"2500\" height=\"1666\" src=\"https:\/\/hoyre.no\/content\/uploads\/sites\/293\/2023\/08\/1-Stine-Estenstad-scaled.jpg\" class=\"attachment-scaled size-scaled\" alt=\"\" style=\"object-position: 50% 50%\" srcset=\"https:\/\/hoyre.no\/content\/uploads\/sites\/293\/2023\/08\/1-Stine-Estenstad-scaled.jpg 2500w, https:\/\/hoyre.no\/content\/uploads\/sites\/293\/2023\/08\/1-Stine-Estenstad-300x200.jpg 300w, https:\/\/hoyre.no\/content\/uploads\/sites\/293\/2023\/08\/1-Stine-Estenstad-1024x682.jpg 1024w, https:\/\/hoyre.no\/content\/uploads\/sites\/293\/2023\/08\/1-Stine-Estenstad-768x512.jpg 768w, https:\/\/hoyre.no\/content\/uploads\/sites\/293\/2023\/08\/1-Stine-Estenstad-1536x1024.jpg 1536w, https:\/\/hoyre.no\/content\/uploads\/sites\/293\/2023\/08\/1-Stine-Estenstad-2048x1365.jpg 2048w\" sizes=\"auto, (max-width: 2500px) 100vw, 2500px\" \/><\/div><\/figure><h3 class=\"title\">Stine Estenstad<\/h3><span class=\"position\">Ordf\u00f8rerkandidat<br><a href=\"https:\/\/hoyre.no\/melhus\/vare-kandidater\/stine-estenstad-var-ordforerkandidat\/\">Bli kjent med Stine<\/a><\/span><br \/><br \/><\/div><\/div>\n\n\n\n<div class=\"wp-block-hoyre-contact alignwide\"><div class=\"hoyre-contact__inner\"><figure class=\"hoyre-image-wrapper\"><div class=\"hoyre-image\"><img loading=\"lazy\" decoding=\"async\" width=\"2500\" height=\"1666\" src=\"https:\/\/hoyre.no\/content\/uploads\/sites\/293\/2023\/08\/2-Marius-Krogstad-Aune-scaled.jpg\" class=\"attachment-scaled size-scaled\" alt=\"\" style=\"object-position: 50% 50%\" srcset=\"https:\/\/hoyre.no\/content\/uploads\/sites\/293\/2023\/08\/2-Marius-Krogstad-Aune-scaled.jpg 2500w, https:\/\/hoyre.no\/content\/uploads\/sites\/293\/2023\/08\/2-Marius-Krogstad-Aune-300x200.jpg 300w, https:\/\/hoyre.no\/content\/uploads\/sites\/293\/2023\/08\/2-Marius-Krogstad-Aune-1024x682.jpg 1024w, https:\/\/hoyre.no\/content\/uploads\/sites\/293\/2023\/08\/2-Marius-Krogstad-Aune-768x512.jpg 768w, https:\/\/hoyre.no\/content\/uploads\/sites\/293\/2023\/08\/2-Marius-Krogstad-Aune-1536x1024.jpg 1536w, https:\/\/hoyre.no\/content\/uploads\/sites\/293\/2023\/08\/2-Marius-Krogstad-Aune-2048x1365.jpg 2048w\" sizes=\"auto, (max-width: 2500px) 100vw, 2500px\" \/><\/div><\/figure><h3 class=\"title\">Marius Krogstad Aune<\/h3><span class=\"position\">2. kandidat<br><a href=\"https:\/\/hoyre.no\/melhus\/vare-kandidater\/marius-krogstad-aune\/\">Bli kjent med Marius<\/a><\/span><br \/><br \/><\/div><\/div>\n\n\n\n<div class=\"wp-block-hoyre-contact alignwide\"><div class=\"hoyre-contact__inner\"><figure class=\"hoyre-image-wrapper\"><div class=\"hoyre-image\"><img loading=\"lazy\" decoding=\"async\" width=\"2500\" height=\"1666\" src=\"https:\/\/hoyre.no\/content\/uploads\/sites\/293\/2023\/08\/10-Vidar-Krogh-Albertsen-scaled.jpg\" class=\"attachment-scaled size-scaled\" alt=\"\" style=\"object-position: 50% 50%\" srcset=\"https:\/\/hoyre.no\/content\/uploads\/sites\/293\/2023\/08\/10-Vidar-Krogh-Albertsen-scaled.jpg 2500w, https:\/\/hoyre.no\/content\/uploads\/sites\/293\/2023\/08\/10-Vidar-Krogh-Albertsen-300x200.jpg 300w, https:\/\/hoyre.no\/content\/uploads\/sites\/293\/2023\/08\/10-Vidar-Krogh-Albertsen-1024x682.jpg 1024w, https:\/\/hoyre.no\/content\/uploads\/sites\/293\/2023\/08\/10-Vidar-Krogh-Albertsen-768x512.jpg 768w, https:\/\/hoyre.no\/content\/uploads\/sites\/293\/2023\/08\/10-Vidar-Krogh-Albertsen-1536x1024.jpg 1536w, https:\/\/hoyre.no\/content\/uploads\/sites\/293\/2023\/08\/10-Vidar-Krogh-Albertsen-2048x1365.jpg 2048w\" sizes=\"auto, (max-width: 2500px) 100vw, 2500px\" \/><\/div><\/figure><h3 class=\"title\">Vidar Krogh-Albertsen<\/h3><span class=\"position\">10. kandidat<br><a href=\"https:\/\/hoyre.no\/melhus\/vare-kandidater\/vidar-krogh-albertsen\/\">Bli kjent med Vidar<\/a><\/span><br \/><br \/><\/div><\/div>\n\n\n\n<div class=\"wp-block-hoyre-contact alignwide\"><div class=\"hoyre-contact__inner\"><figure class=\"hoyre-image-wrapper\"><div class=\"hoyre-image\"><img loading=\"lazy\" decoding=\"async\" width=\"2500\" height=\"1668\" src=\"https:\/\/hoyre.no\/content\/uploads\/sites\/293\/2023\/08\/37004-Melhus-Hoyre-239-scaled.jpg\" class=\"attachment-scaled size-scaled\" alt=\"\" style=\"object-position: 50% 50%\" srcset=\"https:\/\/hoyre.no\/content\/uploads\/sites\/293\/2023\/08\/37004-Melhus-Hoyre-239-scaled.jpg 2500w, https:\/\/hoyre.no\/content\/uploads\/sites\/293\/2023\/08\/37004-Melhus-Hoyre-239-300x200.jpg 300w, https:\/\/hoyre.no\/content\/uploads\/sites\/293\/2023\/08\/37004-Melhus-Hoyre-239-1024x683.jpg 1024w, https:\/\/hoyre.no\/content\/uploads\/sites\/293\/2023\/08\/37004-Melhus-Hoyre-239-768x512.jpg 768w, https:\/\/hoyre.no\/content\/uploads\/sites\/293\/2023\/08\/37004-Melhus-Hoyre-239-1536x1025.jpg 1536w, https:\/\/hoyre.no\/content\/uploads\/sites\/293\/2023\/08\/37004-Melhus-Hoyre-239-2048x1366.jpg 2048w\" sizes=\"auto, (max-width: 2500px) 100vw, 2500px\" \/><\/div><\/figure><h3 class=\"title\">Sturla Lang\u00f8rgen<\/h3><span class=\"position\">15. kandidat<br><a href=\"https:\/\/hoyre.no\/melhus\/vare-kandidater\/sturla-langorgen\/\">Bli kjent med Bj\u00f8rn<\/a><\/span><br \/><br \/><\/div><\/div>\n\n\n\n<div class=\"wp-block-hoyre-contact alignwide\"><div class=\"hoyre-contact__inner\"><figure class=\"hoyre-image-wrapper\"><div class=\"hoyre-image\"><img loading=\"lazy\" decoding=\"async\" width=\"800\" height=\"800\" src=\"https:\/\/hoyre.no\/content\/uploads\/sites\/293\/2023\/08\/image2.png\" class=\"attachment-scaled size-scaled\" alt=\"\" style=\"object-position: 50% 50%\" srcset=\"https:\/\/hoyre.no\/content\/uploads\/sites\/293\/2023\/08\/image2.png 800w, https:\/\/hoyre.no\/content\/uploads\/sites\/293\/2023\/08\/image2-300x300.png 300w, https:\/\/hoyre.no\/content\/uploads\/sites\/293\/2023\/08\/image2-150x150.png 150w, https:\/\/hoyre.no\/content\/uploads\/sites\/293\/2023\/08\/image2-768x768.png 768w\" sizes=\"auto, (max-width: 800px) 100vw, 800px\" \/><\/div><\/figure><h3 class=\"title\">Erik Olsen<\/h3><span class=\"position\">18. kandidat<br><a href=\"https:\/\/hoyre.no\/melhus\/vare-kandidater\/erik-olsen\/\">Bli kjent med Erik<\/a><\/span><br \/><br \/><\/div><\/div>\n\n\n\n<div class=\"wp-block-hoyre-contact alignwide\"><div class=\"hoyre-contact__inner\"><figure class=\"hoyre-image-wrapper\"><div class=\"hoyre-image\"><img loading=\"lazy\" decoding=\"async\" width=\"1875\" height=\"2500\" src=\"https:\/\/hoyre.no\/content\/uploads\/sites\/293\/2023\/08\/image1-1-scaled.jpg\" class=\"attachment-scaled size-scaled\" alt=\"\" style=\"object-position: 50% 30%\" srcset=\"https:\/\/hoyre.no\/content\/uploads\/sites\/293\/2023\/08\/image1-1-scaled.jpg 1875w, https:\/\/hoyre.no\/content\/uploads\/sites\/293\/2023\/08\/image1-1-225x300.jpg 225w, https:\/\/hoyre.no\/content\/uploads\/sites\/293\/2023\/08\/image1-1-768x1024.jpg 768w, https:\/\/hoyre.no\/content\/uploads\/sites\/293\/2023\/08\/image1-1-1152x1536.jpg 1152w, https:\/\/hoyre.no\/content\/uploads\/sites\/293\/2023\/08\/image1-1-1536x2048.jpg 1536w\" sizes=\"auto, (max-width: 1875px) 100vw, 1875px\" \/><\/div><\/figure><h3 class=\"title\">Christian Ingebrigtsen<\/h3><span class=\"position\">27. kandidat<br><a href=\"https:\/\/hoyre.no\/melhus\/vare-kandidater\/christian-ingebrigtsen\/\">Bli kjent med Christian<\/a><\/span><br \/><br \/><\/div><\/div>\n<\/div><\/div>\n\n\n\n\n\n\n<div class=\"wp-block-hoyre-timeline hoyre-timeline wp-block-hoyre-timeline\"><div class=\"hoyre-timeline__inner\"><\/div><\/div>\n\n\n<h2 class=\"wp-block-heading\">8 grunner til \u00e5 stemme H\u00f8yre p\u00e5 Gimse og Brekk\u00e5sen<\/h2>\n\n\n\n<ul class=\"wp-block-list\"><li>F\u00e5 fortgang i utbygging av flere familieboliger p\u00e5 Brekk\u00e5sen<\/li><li>Ferdigstille omr\u00e5deplan for Brekk\u00e5sen, sikre effektive planprosesser og rask saksbehandlingstid, slik at utbygging g\u00e5r raskere<\/li><li>V\u00e6re positiv til barnehager med ulik profil som sikrer mangfold og valgfrihet<\/li><li>Jobbe for \u00f8kt grunnbemanning og lag rundt barna i barnehage og skole<\/li><li>Styrke landbruket, en av de st\u00f8rste n\u00e6ringene i Melhus<\/li><li>Jobbe for at fylket prioriterer \u00e5 gj\u00f8re Hollumvegen sikrere og bedre gjennom utbedring og asfaltering<\/li><li>Arbeide for flere, bedre og sikrere gang- og sykkelforbindelser, snarveier og stier<\/li><li>Ikke \u00f8kt eiendomsskatt<\/li><\/ul>\n\n\n\n<h2 class=\"wp-block-heading\">Fant du ikke din hjertesak her?<\/h2>\n\n\n\n<p>Det er heldigvis mange flere gode grunner til \u00e5 stemme Melhus H\u00f8yre!<\/p>\n\n\n\n<p><a href=\"https:\/\/hoyre.no\/melhus\/politikk\/syv-gode-grunner-til-a-stemme-melhus-hoyre\/\">Her er syv gode grunner til \u00e5 stemme Melhus H\u00f8yre<\/a>, eller du kan finne ut hva H\u00f8yre mener om det som er viktigst for deg i v\u00e5rt partiprogram, som har alle v\u00e5re l\u00f8sninger for Melhus de neste \u00e5rene. Du kan <a href=\"https:\/\/hoyre.no\/melhus\/politikk\/partiprogram\/\">lese partiprogrammet p\u00e5 nett her<\/a> eller <a href=\"https:\/\/hoyre.no\/content\/uploads\/sites\/293\/2023\/07\/Melhus-Hoyres-kommunestyreprogram-for-perioden-2023\u20132027.pdf\">laste ned programmet som PDF her<\/a>.<\/p>\n\n\n\n<div class=\"wp-block-teft-file icon-link-block\"><a href=\"https:\/\/hoyre.no\/content\/uploads\/sites\/293\/2023\/07\/Melhus-Hoyres-kommunestyreprogram-for-perioden-2023\u20132027.pdf\" download><span class=\"file-title\">Her kan du lese partiprogrammet v\u00e5rt for 2023-2027<\/span><span class=\"file-name\">Melhus-Hoyres-kommunestyreprogram-for-perioden-2023\u20132027.pdf [411.9kb]<\/span><\/a><\/div>\n\n\n\n\n<div class=\"wp-block-hoyre-banner alignwide undefined  is-style-light\"><div class=\"banner-inner\"><figure class=\"hoyre-image-wrapper\"><div class=\"hoyre-image\"><img loading=\"lazy\" decoding=\"async\" width=\"2500\" height=\"1667\" src=\"https:\/\/hoyre.no\/content\/uploads\/sites\/293\/2023\/07\/20230712-2D0A7191-scaled.jpg\" class=\"attachment-scaled size-scaled\" alt=\"\" style=\"object-position: 48% 39%\" srcset=\"https:\/\/hoyre.no\/content\/uploads\/sites\/293\/2023\/07\/20230712-2D0A7191-scaled.jpg 2500w, https:\/\/hoyre.no\/content\/uploads\/sites\/293\/2023\/07\/20230712-2D0A7191-300x200.jpg 300w, https:\/\/hoyre.no\/content\/uploads\/sites\/293\/2023\/07\/20230712-2D0A7191-1024x683.jpg 1024w, https:\/\/hoyre.no\/content\/uploads\/sites\/293\/2023\/07\/20230712-2D0A7191-768x512.jpg 768w, https:\/\/hoyre.no\/content\/uploads\/sites\/293\/2023\/07\/20230712-2D0A7191-1536x1024.jpg 1536w, https:\/\/hoyre.no\/content\/uploads\/sites\/293\/2023\/07\/20230712-2D0A7191-2048x1365.jpg 2048w\" sizes=\"auto, (max-width: 2500px) 100vw, 2500px\" \/><\/div><\/figure><div class=\"banner-content\"><div class=\"entry-content\">\n<h2 class=\"wp-block-heading\">Partiprogram<\/h2>\n\n\n\n<p>Her kan du lese Melhus H\u00f8yres kommunestyreprogram 2023\u20132027.<\/p>\n\n\n\n<div class=\"wp-block-buttons is-layout-flex wp-block-buttons-is-layout-flex\">\n<div class=\"wp-block-button\"><a class=\"wp-block-button__link\" href=\"https:\/\/hoyre.no\/melhus\/politikk\/partiprogram\/\">Trykk for \u00e5 lese mer<\/a><\/div>\n<\/div>\n<\/div><\/div><\/div><\/div>\n\n\n\n<div class=\"wp-block-hoyre-banner alignwide undefined\"><div class=\"banner-inner\"><figure class=\"hoyre-image-wrapper\"><div class=\"hoyre-image\"><img loading=\"lazy\" decoding=\"async\" width=\"2500\" height=\"1667\" src=\"https:\/\/hoyre.no\/content\/uploads\/sites\/293\/2023\/08\/20230712-2D0A7166-scaled.jpg\" class=\"attachment-scaled size-scaled\" alt=\"\" style=\"object-position: 50% 50%\" srcset=\"https:\/\/hoyre.no\/content\/uploads\/sites\/293\/2023\/08\/20230712-2D0A7166-scaled.jpg 2500w, https:\/\/hoyre.no\/content\/uploads\/sites\/293\/2023\/08\/20230712-2D0A7166-300x200.jpg 300w, https:\/\/hoyre.no\/content\/uploads\/sites\/293\/2023\/08\/20230712-2D0A7166-1024x683.jpg 1024w, https:\/\/hoyre.no\/content\/uploads\/sites\/293\/2023\/08\/20230712-2D0A7166-768x512.jpg 768w, https:\/\/hoyre.no\/content\/uploads\/sites\/293\/2023\/08\/20230712-2D0A7166-1536x1024.jpg 1536w, https:\/\/hoyre.no\/content\/uploads\/sites\/293\/2023\/08\/20230712-2D0A7166-2048x1365.jpg 2048w\" sizes=\"auto, (max-width: 2500px) 100vw, 2500px\" \/><\/div><\/figure><div class=\"banner-content\"><div class=\"entry-content\">\n<h2 class=\"wp-block-heading\" id=\"h-syv-viktige-saker-for-melhus-hoyre\">Syv viktige saker for Melhus H\u00f8yre<\/h2>\n\n\n\n<p>Sammen gj\u00f8r vi Melhus bedre \u2013 til en kommune med muligheter for alle.<\/p>\n\n\n\n<div class=\"wp-block-buttons is-layout-flex wp-block-buttons-is-layout-flex\">\n<div class=\"wp-block-button\"><a class=\"wp-block-button__link wp-element-button\" href=\"https:\/\/hoyre.no\/melhus\/politikk\/syv-gode-grunner-til-a-stemme-melhus-hoyre\/\">Trykk for \u00e5 lese mer<\/a><\/div>\n<\/div>\n<\/div><\/div><\/div><\/div>\n\n\n\n<div class=\"wp-block-hoyre-banner alignwide undefined  is-style-blue\"><div class=\"banner-inner\"><figure class=\"hoyre-image-wrapper\"><div class=\"hoyre-image\"><img loading=\"lazy\" decoding=\"async\" width=\"2500\" height=\"1666\" src=\"https:\/\/hoyre.no\/content\/uploads\/sites\/293\/2023\/08\/1-Stine-Estenstad-scaled.jpg\" class=\"attachment-scaled size-scaled\" alt=\"\" style=\"object-position: 48% 36%\" srcset=\"https:\/\/hoyre.no\/content\/uploads\/sites\/293\/2023\/08\/1-Stine-Estenstad-scaled.jpg 2500w, https:\/\/hoyre.no\/content\/uploads\/sites\/293\/2023\/08\/1-Stine-Estenstad-300x200.jpg 300w, https:\/\/hoyre.no\/content\/uploads\/sites\/293\/2023\/08\/1-Stine-Estenstad-1024x682.jpg 1024w, https:\/\/hoyre.no\/content\/uploads\/sites\/293\/2023\/08\/1-Stine-Estenstad-768x512.jpg 768w, https:\/\/hoyre.no\/content\/uploads\/sites\/293\/2023\/08\/1-Stine-Estenstad-1536x1024.jpg 1536w, https:\/\/hoyre.no\/content\/uploads\/sites\/293\/2023\/08\/1-Stine-Estenstad-2048x1365.jpg 2048w\" sizes=\"auto, (max-width: 2500px) 100vw, 2500px\" \/><\/div><\/figure><div class=\"banner-content\"><div class=\"entry-content\">\n<h2 class=\"wp-block-heading\">Bli kjent med Stine<\/h2>\n\n\n\n<p>Stine Estenstad var ordf\u00f8rerkandidat for Melhus H\u00f8yre i 2023. Bli bedre kjent med henne her.<\/p>\n\n\n\n<div class=\"wp-block-buttons is-layout-flex wp-block-buttons-is-layout-flex\">\n<div class=\"wp-block-button\"><a class=\"wp-block-button__link wp-element-button\" href=\"https:\/\/hoyre.no\/melhus\/vare-kandidater\/stine-estenstad-var-ordforerkandidat\/\">Bli kjent med Stine<\/a><\/div>\n<\/div>\n<\/div><\/div><\/div><\/div>\n\n\n\n<div class=\"wp-block-hoyre-banner alignwide undefined  is-style-light\"><div class=\"banner-inner\"><figure class=\"hoyre-image-wrapper\"><div class=\"hoyre-image\"><img loading=\"lazy\" decoding=\"async\" width=\"2560\" height=\"1707\" src=\"https:\/\/hoyre.no\/content\/uploads\/sites\/293\/2020\/11\/img_2488-scaled.jpg\" class=\"attachment-scaled size-scaled\" alt=\"\" style=\"object-position: 30% 50%\" srcset=\"https:\/\/hoyre.no\/content\/uploads\/sites\/293\/2020\/11\/img_2488-scaled.jpg 2560w, https:\/\/hoyre.no\/content\/uploads\/sites\/293\/2020\/11\/img_2488-300x200.jpg 300w, https:\/\/hoyre.no\/content\/uploads\/sites\/293\/2020\/11\/img_2488-1024x683.jpg 1024w, https:\/\/hoyre.no\/content\/uploads\/sites\/293\/2020\/11\/img_2488-768x512.jpg 768w, https:\/\/hoyre.no\/content\/uploads\/sites\/293\/2020\/11\/img_2488-1536x1024.jpg 1536w, https:\/\/hoyre.no\/content\/uploads\/sites\/293\/2020\/11\/img_2488-2048x1365.jpg 2048w\" sizes=\"auto, (max-width: 2560px) 100vw, 2560px\" \/><\/div><\/figure><div class=\"banner-content\"><div class=\"entry-content\">\n<h2 class=\"wp-block-heading\">Alt om valget i Melhus<\/h2>\n\n\n\n<p>Her har vi samlet det du trenger \u00e5 vite om hvordan stemme i stortingsvalget i Melhus.<\/p>\n\n\n\n<div class=\"wp-block-buttons is-layout-flex wp-block-buttons-is-layout-flex\">\n<div class=\"wp-block-button\"><a class=\"wp-block-button__link wp-element-button\" href=\"https:\/\/hoyre.no\/melhus\/alt-om-valget-i-melhus\/\">trykk for \u00e5 lese mer<\/a><\/div>\n<\/div>\n<\/div><\/div><\/div><\/div>\n","protected":false},"excerpt":{"rendered":"","protected":false},"author":220,"featured_media":0,"parent":902,"menu_order":1,"comment_status":"closed","ping_status":"closed","template":"","meta":{"teft_cards_image_url":"","teft_cards_custom_pretitle":"","teft_cards_image_id":1100,"teft_cards_image_focal_point_x":0.5,"teft_cards_image_focal_point_y":0.5,"teft_cards_title":"","teft_cards_excerpt":"","teft_show_chapters":false,"footnotes":""},"class_list":["post-1095","page","type-page","status-publish","hentry"],"yoast_head":"<!-- This site is optimized with the Yoast SEO plugin v26.6 - https:\/\/yoast.com\/wordpress\/plugins\/seo\/ -->\n<title>Gimse og Brekk\u00e5sen - Melhus H\u00f8yre<\/title>\n<meta name=\"robots\" content=\"index, follow, max-snippet:-1, max-image-preview:large, max-video-preview:-1\" \/>\n<link rel=\"canonical\" href=\"https:\/\/hoyre.no\/melhus\/melhus-hoyre-i-ditt-lokalsamfunn\/gimse-og-brekkasen\/\" \/>\n<meta property=\"og:locale\" content=\"nb_NO\" \/>\n<meta property=\"og:type\" content=\"article\" \/>\n<meta property=\"og:title\" content=\"Gimse og Brekk\u00e5sen - Melhus H\u00f8yre\" \/>\n<meta property=\"og:url\" content=\"https:\/\/hoyre.no\/melhus\/melhus-hoyre-i-ditt-lokalsamfunn\/gimse-og-brekkasen\/\" \/>\n<meta property=\"og:site_name\" content=\"Melhus H\u00f8yre\" \/>\n<meta property=\"article:modified_time\" content=\"2026-01-22T06:48:10+00:00\" \/>\n<meta property=\"og:image\" content=\"https:\/\/hoyre.no\/content\/uploads\/sites\/293\/2023\/08\/2023-05-09-07.33.41-1024x576.jpg\" \/>\n<meta name=\"twitter:card\" content=\"summary_large_image\" \/>\n<meta name=\"twitter:label1\" content=\"Ansl. lesetid\" \/>\n\t<meta name=\"twitter:data1\" content=\"2 minutter\" \/>\n<script type=\"application\/ld+json\" class=\"yoast-schema-graph\">{\"@context\":\"https:\/\/schema.org\",\"@graph\":[{\"@type\":\"WebPage\",\"@id\":\"https:\/\/hoyre.no\/melhus\/melhus-hoyre-i-ditt-lokalsamfunn\/gimse-og-brekkasen\/\",\"url\":\"https:\/\/hoyre.no\/melhus\/melhus-hoyre-i-ditt-lokalsamfunn\/gimse-og-brekkasen\/\",\"name\":\"Gimse og Brekk\u00e5sen - Melhus H\u00f8yre\",\"isPartOf\":{\"@id\":\"https:\/\/hoyre.no\/melhus\/#website\"},\"datePublished\":\"2023-08-16T12:01:57+00:00\",\"dateModified\":\"2026-01-22T06:48:10+00:00\",\"breadcrumb\":{\"@id\":\"https:\/\/hoyre.no\/melhus\/melhus-hoyre-i-ditt-lokalsamfunn\/gimse-og-brekkasen\/#breadcrumb\"},\"inLanguage\":\"nb-NO\",\"potentialAction\":[{\"@type\":\"ReadAction\",\"target\":[\"https:\/\/hoyre.no\/melhus\/melhus-hoyre-i-ditt-lokalsamfunn\/gimse-og-brekkasen\/\"]}]},{\"@type\":\"BreadcrumbList\",\"@id\":\"https:\/\/hoyre.no\/melhus\/melhus-hoyre-i-ditt-lokalsamfunn\/gimse-og-brekkasen\/#breadcrumb\",\"itemListElement\":[{\"@type\":\"ListItem\",\"position\":1,\"name\":\"Til hoyre.no\",\"item\":\"https:\/\/hoyre.no\"},{\"@type\":\"ListItem\",\"position\":2,\"name\":\"Hjem\",\"item\":\"https:\/\/hoyre.no\/melhus\/\"},{\"@type\":\"ListItem\",\"position\":3,\"name\":\"Melhus H\u00f8yre i ditt lokalsamfunn\",\"item\":\"https:\/\/hoyre.no\/melhus\/melhus-hoyre-i-ditt-lokalsamfunn\/\"},{\"@type\":\"ListItem\",\"position\":4,\"name\":\"Gimse og Brekk\u00e5sen\"}]},{\"@type\":\"WebSite\",\"@id\":\"https:\/\/hoyre.no\/melhus\/#website\",\"url\":\"https:\/\/hoyre.no\/melhus\/\",\"name\":\"Melhus H\u00f8yre\",\"description\":\"Bare enda et H\u00f8yres nettsteder-nettsted\",\"inLanguage\":\"nb-NO\"}]}<\/script>\n<!-- \/ Yoast SEO plugin. -->","yoast_head_json":{"title":"Gimse og Brekk\u00e5sen - Melhus H\u00f8yre","robots":{"index":"index","follow":"follow","max-snippet":"max-snippet:-1","max-image-preview":"max-image-preview:large","max-video-preview":"max-video-preview:-1"},"canonical":"https:\/\/hoyre.no\/melhus\/melhus-hoyre-i-ditt-lokalsamfunn\/gimse-og-brekkasen\/","og_locale":"nb_NO","og_type":"article","og_title":"Gimse og Brekk\u00e5sen - Melhus H\u00f8yre","og_url":"https:\/\/hoyre.no\/melhus\/melhus-hoyre-i-ditt-lokalsamfunn\/gimse-og-brekkasen\/","og_site_name":"Melhus H\u00f8yre","article_modified_time":"2026-01-22T06:48:10+00:00","og_image":[{"url":"https:\/\/hoyre.no\/content\/uploads\/sites\/293\/2023\/08\/2023-05-09-07.33.41-1024x576.jpg","width":"","height":"","type":""}],"twitter_card":"summary_large_image","twitter_misc":{"Ansl. lesetid":"2 minutter"},"schema":{"@context":"https:\/\/schema.org","@graph":[{"@type":"WebPage","@id":"https:\/\/hoyre.no\/melhus\/melhus-hoyre-i-ditt-lokalsamfunn\/gimse-og-brekkasen\/","url":"https:\/\/hoyre.no\/melhus\/melhus-hoyre-i-ditt-lokalsamfunn\/gimse-og-brekkasen\/","name":"Gimse og Brekk\u00e5sen - Melhus H\u00f8yre","isPartOf":{"@id":"https:\/\/hoyre.no\/melhus\/#website"},"datePublished":"2023-08-16T12:01:57+00:00","dateModified":"2026-01-22T06:48:10+00:00","breadcrumb":{"@id":"https:\/\/hoyre.no\/melhus\/melhus-hoyre-i-ditt-lokalsamfunn\/gimse-og-brekkasen\/#breadcrumb"},"inLanguage":"nb-NO","potentialAction":[{"@type":"ReadAction","target":["https:\/\/hoyre.no\/melhus\/melhus-hoyre-i-ditt-lokalsamfunn\/gimse-og-brekkasen\/"]}]},{"@type":"BreadcrumbList","@id":"https:\/\/hoyre.no\/melhus\/melhus-hoyre-i-ditt-lokalsamfunn\/gimse-og-brekkasen\/#breadcrumb","itemListElement":[{"@type":"ListItem","position":1,"name":"Til hoyre.no","item":"https:\/\/hoyre.no"},{"@type":"ListItem","position":2,"name":"Hjem","item":"https:\/\/hoyre.no\/melhus\/"},{"@type":"ListItem","position":3,"name":"Melhus H\u00f8yre i ditt lokalsamfunn","item":"https:\/\/hoyre.no\/melhus\/melhus-hoyre-i-ditt-lokalsamfunn\/"},{"@type":"ListItem","position":4,"name":"Gimse og Brekk\u00e5sen"}]},{"@type":"WebSite","@id":"https:\/\/hoyre.no\/melhus\/#website","url":"https:\/\/hoyre.no\/melhus\/","name":"Melhus H\u00f8yre","description":"Bare enda et H\u00f8yres nettsteder-nettsted","inLanguage":"nb-NO"}]}},"distributor_meta":false,"distributor_terms":false,"distributor_media":false,"distributor_original_site_name":"Melhus H\u00f8yre","distributor_original_site_url":"https:\/\/hoyre.no\/melhus","push-errors":false,"_links":{"self":[{"href":"https:\/\/hoyre.no\/melhus\/wp-json\/wp\/v2\/pages\/1095","targetHints":{"allow":["GET"]}}],"collection":[{"href":"https:\/\/hoyre.no\/melhus\/wp-json\/wp\/v2\/pages"}],"about":[{"href":"https:\/\/hoyre.no\/melhus\/wp-json\/wp\/v2\/types\/page"}],"author":[{"embeddable":true,"href":"https:\/\/hoyre.no\/melhus\/wp-json\/wp\/v2\/users\/220"}],"replies":[{"embeddable":true,"href":"https:\/\/hoyre.no\/melhus\/wp-json\/wp\/v2\/comments?post=1095"}],"version-history":[{"count":6,"href":"https:\/\/hoyre.no\/melhus\/wp-json\/wp\/v2\/pages\/1095\/revisions"}],"predecessor-version":[{"id":1832,"href":"https:\/\/hoyre.no\/melhus\/wp-json\/wp\/v2\/pages\/1095\/revisions\/1832"}],"up":[{"embeddable":true,"href":"https:\/\/hoyre.no\/melhus\/wp-json\/wp\/v2\/pages\/902"}],"wp:attachment":[{"href":"https:\/\/hoyre.no\/melhus\/wp-json\/wp\/v2\/media?parent=1095"}],"curies":[{"name":"wp","href":"https:\/\/api.w.org\/{rel}","templated":true}]}}