{"id":1190,"date":"2023-08-23T11:30:03","date_gmt":"2023-08-23T09:30:03","guid":{"rendered":"https:\/\/hoyre.no\/melhus\/?page_id=1190"},"modified":"2023-08-31T09:55:02","modified_gmt":"2023-08-31T07:55:02","slug":"tove-borseth","status":"publish","type":"page","link":"https:\/\/hoyre.no\/melhus\/vare-kandidater\/tove-borseth\/","title":{"rendered":"Tove B\u00f8rseth"},"content":{"rendered":"\n<div class=\"wp-block-hoyre-hero with-image-gradient text-color-light  has-media alignfull has-background\"><div class=\"hoyre-hero has-image\"><h1 class=\"title\">Tove B\u00f8rseth<\/h1><p class=\"preamble\">11. kandidat Melhus<\/p>\t\t\t<div class=\"post-meta wp-block teft-byline-wrapper\">\n\t\t\t\t<div class=\"top\">\n\t\t\t\t\t<div class=\"signature\">\n\t\t\t\t\t\t<div class=\"teft-byline\">\n\t\t\t\t\t\t\t\t\t\t\t\t\t\t<div>\n\t\t\t\t\t\t\t\t<h3>H\u00f8yres redaksjon<\/h3>\t\t\t\t\t\t\t\t\n\t\t\t\t\t\t\t\t\t\t\t\t\t\t\t\t\t<span class=\"date\">Sist oppdatert: 31. august 2023<\/span>\n\t\t\t\t\t\t\t\t\t\t\t\t\t\t\t\t\t\t\t\t\t\t\t\t\t<span class=\"reading-time\" itemprop=\"timeRequired\" content=\"PT3M\"><em>Ca. 3 minutter lesetid<\/em><\/span>\n\t\t\t\t\t\t\t\t\t\t\t\t\t\t\t<\/div>\n\t\t\t\t\t\t<\/div>\n\t\t\t\t\t<\/div>\n\t\t\t\t\t\t<div class=\"sharing\">\n\t\t<a class=\"share-button share-link copy-link\" data-copy=\"https:\/\/hoyre.no\/melhus\/vare-kandidater\/tove-borseth\/\" target=\"_blank\"><span class=\"screen-reader-text\">Del link<\/span><\/a>\n\t\t<a class=\"share-button share-twitter\" href=\"http:\/\/twitter.com\/share?text=Tove B\u00f8rseth&#038;url=https:\/\/hoyre.no\/melhus\/vare-kandidater\/tove-borseth\/&#038;hashtags=Hoyre\" target=\"_blank\"><span class=\"screen-reader-text\">Del p\u00e5 twitter<\/span><\/a>\n\t\t<a class=\"share-button share-facebook\" href=\"https:\/\/www.facebook.com\/sharer\/sharer.php?u=https:\/\/hoyre.no\/melhus\/vare-kandidater\/tove-borseth\/\" target=\"_blank\"><span class=\"screen-reader-text\">Del p\u00e5 facebook<\/span><\/a>\n\t<\/div>\n\t\t\t\t\t<\/div>\n\t\t\t<\/div>\n\n\t\t\t<figure class=\"hoyre-image-wrapper\"><div class=\"hoyre-image\"><img loading=\"lazy\" decoding=\"async\" width=\"2500\" height=\"1666\" src=\"https:\/\/hoyre.no\/content\/uploads\/sites\/293\/2023\/08\/11-Tove-Borseth-scaled.jpg\" class=\"attachment-scaled size-scaled\" alt=\"\" style=\"object-position: 50% 50%\" srcset=\"https:\/\/hoyre.no\/content\/uploads\/sites\/293\/2023\/08\/11-Tove-Borseth-scaled.jpg 2500w, https:\/\/hoyre.no\/content\/uploads\/sites\/293\/2023\/08\/11-Tove-Borseth-300x200.jpg 300w, https:\/\/hoyre.no\/content\/uploads\/sites\/293\/2023\/08\/11-Tove-Borseth-1024x682.jpg 1024w, https:\/\/hoyre.no\/content\/uploads\/sites\/293\/2023\/08\/11-Tove-Borseth-768x512.jpg 768w, https:\/\/hoyre.no\/content\/uploads\/sites\/293\/2023\/08\/11-Tove-Borseth-1536x1024.jpg 1536w, https:\/\/hoyre.no\/content\/uploads\/sites\/293\/2023\/08\/11-Tove-Borseth-2048x1365.jpg 2048w\" sizes=\"auto, (max-width: 2500px) 100vw, 2500px\" \/><\/div><\/figure><\/div><\/div>\n\n\n\n\n<div class=\"wp-block-buttons is-layout-flex wp-block-buttons-is-layout-flex\">\n<div class=\"wp-block-button\"><a class=\"wp-block-button__link\" href=\"https:\/\/hoyre.no\/nyhetsbrev\/\">abonner p\u00e5 h\u00f8yres nyhetsbrev<\/a><\/div>\n\n\n\n<div class=\"wp-block-button\"><a class=\"wp-block-button__link\" href=\"https:\/\/hoyre.no\/personprofiler\/tove-borseth\/\">kom i kontakt med TOVE<\/a><\/div>\n<\/div>\n\n\n\n<div class=\"wp-block-buttons is-layout-flex wp-block-buttons-is-layout-flex\">\n<div class=\"wp-block-button aligncenter\"><a class=\"wp-block-button__link\" href=\"https:\/\/www.facebook.com\/melhushoyre\" target=\"_blank\" rel=\"noreferrer noopener\">f\u00f8lg Melhus h\u00f8yre p\u00e5 <strong>facebook<\/strong><\/a><\/div>\n<\/div>\n\n\n\n\n<div class=\"wp-block-hoyre-banner undefined has-icon-title icon-heart is-style-blue\"><div class=\"banner-inner\"><div class=\"banner-content\"><div class=\"entry-content\">\n<h2 class=\"wp-block-heading\">Bli bedre kjent med Tove<\/h2>\n\n\n\n<p class=\"has-text-align-left\"><strong>F\u00f8dsels\u00e5r:<\/strong> 1954<\/p>\n\n\n\n<p class=\"has-text-align-left\"><strong>Bosted:<\/strong> Ler<\/p>\n\n\n\n<p><\/p>\n\n\n\n<p><\/p>\n\n\n\n<p class=\"has-text-align-left\"><strong>Hobbyer \/ Hva liker du best \u00e5 gj\u00f8re p\u00e5 fritiden?<\/strong><\/p>\n\n\n\n<p class=\"has-text-align-left\">Familie, turer i fjell, skog og mark, lydb\u00f8ker og jobben.<\/p>\n\n\n\n<p class=\"has-text-align-left\"><strong>Mine Hjertesaker \/ Hvilke politiske saker er du mest opptatt av?<\/strong><\/p>\n\n\n\n<p class=\"has-text-align-left\">Eldreomsorg og seniorpolitikk.<\/p>\n\n\n\n<p class=\"has-text-align-left\">Trygge, gode skoler.<\/p>\n\n\n\n<p class=\"has-text-align-left\">Aktiviteter for ungdom.<\/p>\n\n\n\n<p class=\"has-text-align-left\"><strong>Hvorfor stiller du til valg for Melhus h\u00f8yre?<\/strong><\/p>\n\n\n\n<p class=\"has-text-align-left\">For \u00e5 gj\u00f8re Lundamo attraktiv for barnefamilier,  m\u00e5 vi ha boliger. Vi m\u00e5 fylle den flotte nye skolen, og f\u00e5 et mer levende sentrum.<\/p>\n\n\n\n<p class=\"has-text-align-left\">Hvorfor:<\/p>\n\n\n\n<p class=\"has-text-align-left\">Vil jobbe for at hele Melhus skal bli en enda bedre kommunen og bo i.<\/p>\n\n\n\n<p class=\"has-text-align-left\">Gode aktivitetstilbud ut i distrikta til b\u00e5de unge og godt voksne.<\/p>\n\n\n\n<p class=\"has-text-align-left\"><strong>Hvilke erfaringer og kvalifikasjoner vil du fremheve ved deg selv?<\/strong><\/p>\n\n\n\n<p class=\"has-text-align-left\">Har litt erfaring &nbsp;i politikken.<\/p>\n\n\n\n<p class=\"has-text-align-left\">Er samfunnsengasjert, har meninger og vil v\u00e6re med der jeg kan p\u00e5virke.<\/p>\n\n\n\n<p class=\"has-text-align-left\">V\u00e6rt med i mange forskjellige styrer gjennom \u00e5r. Er sosial og liker en god prat.<\/p>\n\n\n\n<p class=\"has-text-align-left\"><strong>Hva liker du best med Melhus?<\/strong> <\/p>\n\n\n\n<p class=\"has-text-align-left\">En fin landlig plass og bo, ikke for stor, samtidig som du er n\u00e6re byen.<\/p>\n\n\n\n<div class=\"wp-block-buttons is-layout-flex wp-block-buttons-is-layout-flex\"><\/div>\n<\/div><\/div><\/div><\/div>\n\n\n\n<h2 class=\"wp-block-heading\">Slik stemmer du p\u00e5 Tove<\/h2>\n\n\n\n<p>P\u00e5 H\u00f8yres stemmeseddel setter du et kryss i boksen ved siden av navnet til listekandidatene du vil gi en personstemme. Du kan gi personstemme til s\u00e5 mange kandidater du vil. For \u00e5 stemme p\u00e5 Tove, setter du kryss ved kandidat 11. Tove B\u00f8rseth<\/p>\n\n\n\n<p><em>Om du ikke stemmer p\u00e5 H\u00f8yre, kan du gi en s\u00e5kalt \u00abslenger\u00bb. Skriv da kandidatnavnet i feltet merket \u00abKandidater fra andre lister\u00bb p\u00e5 stemmeseddelen.<\/em><\/p>\n\n\n\n<h2 class=\"wp-block-heading\"><strong>Lurer du p\u00e5 noe om valget?<\/strong><\/h2>\n\n\n\n<div class=\"wp-block-teft-accentuated-link undefined has-image\"><div class=\"kf-link__wrapper\"><div class=\"kf-link__tagline\">Alt om valget i melhus<\/div><a class=\"kf-link__link\" href=\"https:\/\/hoyre.no\/melhus\/alt-om-valget-i-melhus\/\">Her har vi samlet det du trenger \u00e5 vite om \u00e5rets valg i Melhus<span class=\"kf-link__link-source\">hoyre.no<\/span><\/a><\/div><figure class=\"hoyre-image-wrapper\"><div class=\"hoyre-image\"><img loading=\"lazy\" decoding=\"async\" width=\"2560\" height=\"1707\" src=\"https:\/\/hoyre.no\/content\/uploads\/sites\/293\/2020\/11\/img_2488-scaled.jpg\" class=\"attachment-scaled size-scaled\" alt=\"\" style=\"object-position: 50% 50%\" srcset=\"https:\/\/hoyre.no\/content\/uploads\/sites\/293\/2020\/11\/img_2488-scaled.jpg 2560w, https:\/\/hoyre.no\/content\/uploads\/sites\/293\/2020\/11\/img_2488-300x200.jpg 300w, https:\/\/hoyre.no\/content\/uploads\/sites\/293\/2020\/11\/img_2488-1024x683.jpg 1024w, https:\/\/hoyre.no\/content\/uploads\/sites\/293\/2020\/11\/img_2488-768x512.jpg 768w, https:\/\/hoyre.no\/content\/uploads\/sites\/293\/2020\/11\/img_2488-1536x1024.jpg 1536w, https:\/\/hoyre.no\/content\/uploads\/sites\/293\/2020\/11\/img_2488-2048x1365.jpg 2048w\" sizes=\"auto, (max-width: 2560px) 100vw, 2560px\" \/><\/div><\/figure><\/div>\n","protected":false},"excerpt":{"rendered":"<p>Slik stemmer du p\u00e5 Tove P\u00e5 H\u00f8yres stemmeseddel setter du et kryss i boksen ved siden av navnet til listekandidatene du vil gi en personstemme. Du kan gi personstemme til s\u00e5 mange kandidater du vil. For \u00e5 stemme p\u00e5 Tove, setter du kryss ved kandidat 11. Tove B\u00f8rseth Om du ikke stemmer p\u00e5 H\u00f8yre, kan [&hellip;]<\/p>\n","protected":false},"author":8238,"featured_media":0,"parent":804,"menu_order":11,"comment_status":"closed","ping_status":"closed","template":"","meta":{"teft_cards_image_url":"","teft_cards_custom_pretitle":"","teft_cards_image_id":1187,"teft_cards_image_focal_point_x":0.48,"teft_cards_image_focal_point_y":0.4,"teft_cards_title":"","teft_cards_excerpt":"","teft_show_chapters":false,"footnotes":""},"class_list":["post-1190","page","type-page","status-publish","hentry"],"yoast_head":"<!-- This site is optimized with the Yoast SEO plugin v26.6 - https:\/\/yoast.com\/wordpress\/plugins\/seo\/ -->\n<title>Tove B\u00f8rseth - Melhus H\u00f8yre<\/title>\n<meta name=\"robots\" content=\"index, follow, max-snippet:-1, max-image-preview:large, max-video-preview:-1\" \/>\n<link rel=\"canonical\" href=\"https:\/\/hoyre.no\/melhus\/vare-kandidater\/tove-borseth\/\" \/>\n<meta property=\"og:locale\" content=\"nb_NO\" \/>\n<meta property=\"og:type\" content=\"article\" \/>\n<meta property=\"og:title\" content=\"Tove B\u00f8rseth - Melhus H\u00f8yre\" \/>\n<meta property=\"og:description\" content=\"Slik stemmer du p\u00e5 Tove P\u00e5 H\u00f8yres stemmeseddel setter du et kryss i boksen ved siden av navnet til listekandidatene du vil gi en personstemme. Du kan gi personstemme til s\u00e5 mange kandidater du vil. For \u00e5 stemme p\u00e5 Tove, setter du kryss ved kandidat 11. Tove B\u00f8rseth Om du ikke stemmer p\u00e5 H\u00f8yre, kan [&hellip;]\" \/>\n<meta property=\"og:url\" content=\"https:\/\/hoyre.no\/melhus\/vare-kandidater\/tove-borseth\/\" \/>\n<meta property=\"og:site_name\" content=\"Melhus H\u00f8yre\" \/>\n<meta property=\"article:modified_time\" content=\"2023-08-31T07:55:02+00:00\" \/>\n<meta property=\"og:image\" content=\"https:\/\/hoyre.no\/content\/uploads\/sites\/293\/2023\/08\/11-Tove-Borseth-1024x682.jpg\" \/>\n<meta name=\"twitter:card\" content=\"summary_large_image\" \/>\n<meta name=\"twitter:label1\" content=\"Ansl. lesetid\" \/>\n\t<meta name=\"twitter:data1\" content=\"2 minutter\" \/>\n<script type=\"application\/ld+json\" class=\"yoast-schema-graph\">{\"@context\":\"https:\/\/schema.org\",\"@graph\":[{\"@type\":\"WebPage\",\"@id\":\"https:\/\/hoyre.no\/melhus\/vare-kandidater\/tove-borseth\/\",\"url\":\"https:\/\/hoyre.no\/melhus\/vare-kandidater\/tove-borseth\/\",\"name\":\"Tove B\u00f8rseth - Melhus H\u00f8yre\",\"isPartOf\":{\"@id\":\"https:\/\/hoyre.no\/melhus\/#website\"},\"datePublished\":\"2023-08-23T09:30:03+00:00\",\"dateModified\":\"2023-08-31T07:55:02+00:00\",\"breadcrumb\":{\"@id\":\"https:\/\/hoyre.no\/melhus\/vare-kandidater\/tove-borseth\/#breadcrumb\"},\"inLanguage\":\"nb-NO\",\"potentialAction\":[{\"@type\":\"ReadAction\",\"target\":[\"https:\/\/hoyre.no\/melhus\/vare-kandidater\/tove-borseth\/\"]}]},{\"@type\":\"BreadcrumbList\",\"@id\":\"https:\/\/hoyre.no\/melhus\/vare-kandidater\/tove-borseth\/#breadcrumb\",\"itemListElement\":[{\"@type\":\"ListItem\",\"position\":1,\"name\":\"Til hoyre.no\",\"item\":\"https:\/\/hoyre.no\"},{\"@type\":\"ListItem\",\"position\":2,\"name\":\"Hjem\",\"item\":\"https:\/\/hoyre.no\/melhus\/\"},{\"@type\":\"ListItem\",\"position\":3,\"name\":\"V\u00e5re kandidater\",\"item\":\"https:\/\/hoyre.no\/melhus\/vare-kandidater\/\"},{\"@type\":\"ListItem\",\"position\":4,\"name\":\"Tove B\u00f8rseth\"}]},{\"@type\":\"WebSite\",\"@id\":\"https:\/\/hoyre.no\/melhus\/#website\",\"url\":\"https:\/\/hoyre.no\/melhus\/\",\"name\":\"Melhus H\u00f8yre\",\"description\":\"Bare enda et H\u00f8yres nettsteder-nettsted\",\"inLanguage\":\"nb-NO\"}]}<\/script>\n<!-- \/ Yoast SEO plugin. -->","yoast_head_json":{"title":"Tove B\u00f8rseth - Melhus H\u00f8yre","robots":{"index":"index","follow":"follow","max-snippet":"max-snippet:-1","max-image-preview":"max-image-preview:large","max-video-preview":"max-video-preview:-1"},"canonical":"https:\/\/hoyre.no\/melhus\/vare-kandidater\/tove-borseth\/","og_locale":"nb_NO","og_type":"article","og_title":"Tove B\u00f8rseth - Melhus H\u00f8yre","og_description":"Slik stemmer du p\u00e5 Tove P\u00e5 H\u00f8yres stemmeseddel setter du et kryss i boksen ved siden av navnet til listekandidatene du vil gi en personstemme. Du kan gi personstemme til s\u00e5 mange kandidater du vil. For \u00e5 stemme p\u00e5 Tove, setter du kryss ved kandidat 11. Tove B\u00f8rseth Om du ikke stemmer p\u00e5 H\u00f8yre, kan [&hellip;]","og_url":"https:\/\/hoyre.no\/melhus\/vare-kandidater\/tove-borseth\/","og_site_name":"Melhus H\u00f8yre","article_modified_time":"2023-08-31T07:55:02+00:00","og_image":[{"url":"https:\/\/hoyre.no\/content\/uploads\/sites\/293\/2023\/08\/11-Tove-Borseth-1024x682.jpg","width":"","height":"","type":""}],"twitter_card":"summary_large_image","twitter_misc":{"Ansl. lesetid":"2 minutter"},"schema":{"@context":"https:\/\/schema.org","@graph":[{"@type":"WebPage","@id":"https:\/\/hoyre.no\/melhus\/vare-kandidater\/tove-borseth\/","url":"https:\/\/hoyre.no\/melhus\/vare-kandidater\/tove-borseth\/","name":"Tove B\u00f8rseth - Melhus H\u00f8yre","isPartOf":{"@id":"https:\/\/hoyre.no\/melhus\/#website"},"datePublished":"2023-08-23T09:30:03+00:00","dateModified":"2023-08-31T07:55:02+00:00","breadcrumb":{"@id":"https:\/\/hoyre.no\/melhus\/vare-kandidater\/tove-borseth\/#breadcrumb"},"inLanguage":"nb-NO","potentialAction":[{"@type":"ReadAction","target":["https:\/\/hoyre.no\/melhus\/vare-kandidater\/tove-borseth\/"]}]},{"@type":"BreadcrumbList","@id":"https:\/\/hoyre.no\/melhus\/vare-kandidater\/tove-borseth\/#breadcrumb","itemListElement":[{"@type":"ListItem","position":1,"name":"Til hoyre.no","item":"https:\/\/hoyre.no"},{"@type":"ListItem","position":2,"name":"Hjem","item":"https:\/\/hoyre.no\/melhus\/"},{"@type":"ListItem","position":3,"name":"V\u00e5re kandidater","item":"https:\/\/hoyre.no\/melhus\/vare-kandidater\/"},{"@type":"ListItem","position":4,"name":"Tove B\u00f8rseth"}]},{"@type":"WebSite","@id":"https:\/\/hoyre.no\/melhus\/#website","url":"https:\/\/hoyre.no\/melhus\/","name":"Melhus H\u00f8yre","description":"Bare enda et H\u00f8yres nettsteder-nettsted","inLanguage":"nb-NO"}]}},"distributor_meta":false,"distributor_terms":false,"distributor_media":false,"distributor_original_site_name":"Melhus H\u00f8yre","distributor_original_site_url":"https:\/\/hoyre.no\/melhus","push-errors":false,"_links":{"self":[{"href":"https:\/\/hoyre.no\/melhus\/wp-json\/wp\/v2\/pages\/1190","targetHints":{"allow":["GET"]}}],"collection":[{"href":"https:\/\/hoyre.no\/melhus\/wp-json\/wp\/v2\/pages"}],"about":[{"href":"https:\/\/hoyre.no\/melhus\/wp-json\/wp\/v2\/types\/page"}],"author":[{"embeddable":true,"href":"https:\/\/hoyre.no\/melhus\/wp-json\/wp\/v2\/users\/8238"}],"replies":[{"embeddable":true,"href":"https:\/\/hoyre.no\/melhus\/wp-json\/wp\/v2\/comments?post=1190"}],"version-history":[{"count":11,"href":"https:\/\/hoyre.no\/melhus\/wp-json\/wp\/v2\/pages\/1190\/revisions"}],"predecessor-version":[{"id":1494,"href":"https:\/\/hoyre.no\/melhus\/wp-json\/wp\/v2\/pages\/1190\/revisions\/1494"}],"up":[{"embeddable":true,"href":"https:\/\/hoyre.no\/melhus\/wp-json\/wp\/v2\/pages\/804"}],"wp:attachment":[{"href":"https:\/\/hoyre.no\/melhus\/wp-json\/wp\/v2\/media?parent=1190"}],"curies":[{"name":"wp","href":"https:\/\/api.w.org\/{rel}","templated":true}]}}