{"id":1304,"date":"2023-08-25T08:32:11","date_gmt":"2023-08-25T06:32:11","guid":{"rendered":"https:\/\/hoyre.no\/melhus\/?page_id=1304"},"modified":"2023-09-05T08:25:00","modified_gmt":"2023-09-05T06:25:00","slug":"erik-olsen","status":"publish","type":"page","link":"https:\/\/hoyre.no\/melhus\/vare-kandidater\/erik-olsen\/","title":{"rendered":"Erik Olsen"},"content":{"rendered":"\n\n<p><\/p>\n\n\n\n\n<div class=\"wp-block-hoyre-hero with-image-gradient text-color-light  has-media alignfull has-background\"><div class=\"hoyre-hero has-image\"><h1 class=\"title\">Erik Olsen<\/h1><p class=\"preamble\">18. kandidat Melhus<\/p>\t\t\t<div class=\"post-meta wp-block teft-byline-wrapper\">\n\t\t\t\t<div class=\"top\">\n\t\t\t\t\t<div class=\"signature\">\n\t\t\t\t\t\t<div class=\"teft-byline\">\n\t\t\t\t\t\t\t\t\t\t\t\t\t\t<div>\n\t\t\t\t\t\t\t\t<h3>H\u00f8yres redaksjon<\/h3>\t\t\t\t\t\t\t\t\n\t\t\t\t\t\t\t\t\t\t\t\t\t\t\t\t\t<span class=\"date\">Sist oppdatert: 5. september 2023<\/span>\n\t\t\t\t\t\t\t\t\t\t\t\t\t\t\t\t\t\t\t\t\t\t\t\t\t<span class=\"reading-time\" itemprop=\"timeRequired\" content=\"PT2M\"><em>Ca. 2 minutter lesetid<\/em><\/span>\n\t\t\t\t\t\t\t\t\t\t\t\t\t\t\t<\/div>\n\t\t\t\t\t\t<\/div>\n\t\t\t\t\t<\/div>\n\t\t\t\t\t\t<div class=\"sharing\">\n\t\t<a class=\"share-button share-link copy-link\" data-copy=\"https:\/\/hoyre.no\/melhus\/vare-kandidater\/erik-olsen\/\" target=\"_blank\"><span class=\"screen-reader-text\">Del link<\/span><\/a>\n\t\t<a class=\"share-button share-twitter\" href=\"http:\/\/twitter.com\/share?text=Erik Olsen&#038;url=https:\/\/hoyre.no\/melhus\/vare-kandidater\/erik-olsen\/&#038;hashtags=Hoyre\" target=\"_blank\"><span class=\"screen-reader-text\">Del p\u00e5 twitter<\/span><\/a>\n\t\t<a class=\"share-button share-facebook\" href=\"https:\/\/www.facebook.com\/sharer\/sharer.php?u=https:\/\/hoyre.no\/melhus\/vare-kandidater\/erik-olsen\/\" target=\"_blank\"><span class=\"screen-reader-text\">Del p\u00e5 facebook<\/span><\/a>\n\t<\/div>\n\t\t\t\t\t<\/div>\n\t\t\t<\/div>\n\n\t\t\t<figure class=\"hoyre-image-wrapper\"><div class=\"hoyre-image\"><img loading=\"lazy\" decoding=\"async\" width=\"655\" height=\"437\" src=\"https:\/\/hoyre.no\/content\/uploads\/sites\/293\/2023\/09\/Portrettbilde-Erik.-Erik-Olsen-2023-07-09-655-x-437.jpg\" class=\"attachment-scaled size-scaled\" alt=\"\" style=\"object-position: 48% 37%\" srcset=\"https:\/\/hoyre.no\/content\/uploads\/sites\/293\/2023\/09\/Portrettbilde-Erik.-Erik-Olsen-2023-07-09-655-x-437.jpg 655w, https:\/\/hoyre.no\/content\/uploads\/sites\/293\/2023\/09\/Portrettbilde-Erik.-Erik-Olsen-2023-07-09-655-x-437-300x200.jpg 300w\" sizes=\"auto, (max-width: 655px) 100vw, 655px\" \/><\/div><\/figure><\/div><\/div>\n\n\n\n<div class=\"wp-block-buttons is-layout-flex wp-block-buttons-is-layout-flex\">\n<div class=\"wp-block-button\"><a class=\"wp-block-button__link\" href=\"https:\/\/hoyre.no\/nyhetsbrev\/\" target=\"_blank\" rel=\"noreferrer noopener\">abonner p\u00e5 h\u00f8yres nyhetsbrev<\/a><\/div>\n\n\n\n<div class=\"wp-block-button\"><a class=\"wp-block-button__link\" href=\"https:\/\/hoyre.no\/personprofiler\/erik-olsen\/\">kom i kontakt med erik<\/a><\/div>\n<\/div>\n\n\n\n<div class=\"wp-block-buttons is-layout-flex wp-block-buttons-is-layout-flex\">\n<div class=\"wp-block-button aligncenter\"><a class=\"wp-block-button__link\" href=\"https:\/\/www.facebook.com\/melhushoyre\" target=\"_blank\" rel=\"noreferrer noopener\">f\u00f8lg Melhus h\u00f8yre p\u00e5 facebook<\/a><\/div>\n<\/div>\n\n\n\n<div class=\"wp-block-hoyre-banner undefined has-icon-title icon-heart is-style-blue\"><div class=\"banner-inner\"><div class=\"banner-content\"><div class=\"entry-content\">\n<h2 class=\"wp-block-heading\">Bli kjent med Erik<\/h2>\n\n\n\n<p class=\"has-text-align-left\"><strong>F\u00f8dsels\u00e5r:<\/strong> 1969<\/p>\n\n\n\n<p class=\"has-text-align-left\"><strong>Bosted:<\/strong> Gimse<\/p>\n\n\n\n<p class=\"has-text-align-left\"><strong>Hobbyer \/ Hva liker du best \u00e5 gj\u00f8re p\u00e5 fritiden?<br><\/strong>Familie og trening.<\/p>\n\n\n\n<p class=\"has-text-align-left\"><strong>Mine hjertesaker \/ Hvilke politiske saker er du mest opptatt av?<br><\/strong>Helse og omsorg i kommunen. Tilrettelegge for at de som jobber innen helse har en god arbeidshverdag som igjen gir god omsorg for de eldre.<\/p>\n\n\n\n<p class=\"has-text-align-left\">Barn og ungdom f\u00e5r en meningsfylt fritid. St\u00f8tte opp om lag og organisasjoner til \u00e5 utvikle tilbudene som favner flere unge.<\/p>\n\n\n\n<p class=\"has-text-align-left\">Boligbygging, og spesielt p\u00e5 Gimse, her trengs det tilvekst av flere barnefamilier.<\/p>\n\n\n\n<p class=\"has-text-align-left\"><strong>Hvorfor stiller du til valg for Melhus H\u00f8yre?<br><\/strong>H\u00f8yre ligger meg n\u00e6rmest, og \u00f8nsker \u00e5 jobbe for at Melhus skal bli enda bedre sted \u00e5 vokse opp i og bli gammel i.<\/p>\n\n\n\n<p class=\"has-text-align-left\"><strong>Hvilke erfaringer og kvalifikasjoner vil du fremheve ved deg selv?<br><\/strong>Ha i de siste 25 \u00e5rene jobbet som frivillig innen idretten i kommunen. Har innehatt alle verv, og lagt mye til rette for at idretten p\u00e5 Gimse har f\u00e5tt gode vilk\u00e5r.<\/p>\n\n\n\n<p class=\"has-text-align-left\"><strong>Hva liker du best med Melhus?<br><\/strong>Mulighetens land! Melhus er ikke st\u00f8rre enn at med litt engasjement kan en p\u00e5virke og skape noe om en vil. I tillegg til at det er fin natur med flotte turmuligheter innenfor kort avstand.<\/p>\n\n\n\n<div class=\"wp-block-buttons is-layout-flex wp-block-buttons-is-layout-flex\"><\/div>\n<\/div><\/div><\/div><\/div>\n\n\n\n<h2 class=\"wp-block-heading\">Slik stemmer du p\u00e5 Erik<\/h2>\n\n\n\n<p>P\u00e5 H\u00f8yres stemmeseddel setter du et kryss i boksen ved siden av navnet til listekandidatene du vil gi en personstemme. Du kan gi personstemme til s\u00e5 mange kandidater du vil. For \u00e5 stemme p\u00e5 Erik, setter du kryss ved kandidat 18. Erik Olsen<\/p>\n\n\n\n<p><em>Om du ikke stemmer p\u00e5 H\u00f8yre, kan du gi en s\u00e5kalt \u00abslenger\u00bb. Skriv da kandidatnavnet i feltet merket \u00abKandidater fra andre lister\u00bb p\u00e5 stemmeseddelen.<\/em><\/p>\n\n\n\n<div class=\"wp-block-teft-accentuated-link undefined has-image\"><div class=\"kf-link__wrapper\"><div class=\"kf-link__tagline\">Alt om valget i Melhus<\/div><a class=\"kf-link__link\" href=\"https:\/\/hoyre.no\/melhus\/alt-om-valget-i-melhus\/\">Her har vi samlet det du trenger \u00e5 vite om \u00e5rets valg i Melhus<span class=\"kf-link__link-source\">hoyre.no<\/span><\/a><\/div><figure class=\"hoyre-image-wrapper\"><div class=\"hoyre-image\"><img loading=\"lazy\" decoding=\"async\" width=\"2560\" height=\"1707\" src=\"https:\/\/hoyre.no\/content\/uploads\/sites\/293\/2020\/11\/img_2488-scaled.jpg\" class=\"attachment-scaled size-scaled\" alt=\"\" style=\"object-position: 50% 50%\" srcset=\"https:\/\/hoyre.no\/content\/uploads\/sites\/293\/2020\/11\/img_2488-scaled.jpg 2560w, https:\/\/hoyre.no\/content\/uploads\/sites\/293\/2020\/11\/img_2488-300x200.jpg 300w, https:\/\/hoyre.no\/content\/uploads\/sites\/293\/2020\/11\/img_2488-1024x683.jpg 1024w, https:\/\/hoyre.no\/content\/uploads\/sites\/293\/2020\/11\/img_2488-768x512.jpg 768w, https:\/\/hoyre.no\/content\/uploads\/sites\/293\/2020\/11\/img_2488-1536x1024.jpg 1536w, https:\/\/hoyre.no\/content\/uploads\/sites\/293\/2020\/11\/img_2488-2048x1365.jpg 2048w\" sizes=\"auto, (max-width: 2560px) 100vw, 2560px\" \/><\/div><\/figure><\/div>\n","protected":false},"excerpt":{"rendered":"<p>Slik stemmer du p\u00e5 Erik P\u00e5 H\u00f8yres stemmeseddel setter du et kryss i boksen ved siden av navnet til listekandidatene du vil gi en personstemme. Du kan gi personstemme til s\u00e5 mange kandidater du vil. For \u00e5 stemme p\u00e5 Erik, setter du kryss ved kandidat 18. Erik Olsen Om du ikke stemmer p\u00e5 H\u00f8yre, kan [&hellip;]<\/p>\n","protected":false},"author":8238,"featured_media":0,"parent":804,"menu_order":18,"comment_status":"closed","ping_status":"closed","template":"","meta":{"teft_cards_image_url":"","teft_cards_custom_pretitle":"","teft_cards_image_id":1529,"teft_cards_image_focal_point_x":0.47,"teft_cards_image_focal_point_y":0.4,"teft_cards_title":"","teft_cards_excerpt":"","teft_show_chapters":false,"footnotes":""},"class_list":["post-1304","page","type-page","status-publish","hentry"],"yoast_head":"<!-- This site is optimized with the Yoast SEO plugin v26.6 - https:\/\/yoast.com\/wordpress\/plugins\/seo\/ -->\n<title>Erik Olsen - Melhus H\u00f8yre<\/title>\n<meta name=\"robots\" content=\"index, follow, max-snippet:-1, max-image-preview:large, max-video-preview:-1\" \/>\n<link rel=\"canonical\" href=\"https:\/\/hoyre.no\/melhus\/vare-kandidater\/erik-olsen\/\" \/>\n<meta property=\"og:locale\" content=\"nb_NO\" \/>\n<meta property=\"og:type\" content=\"article\" \/>\n<meta property=\"og:title\" content=\"Erik Olsen - Melhus H\u00f8yre\" \/>\n<meta property=\"og:description\" content=\"Slik stemmer du p\u00e5 Erik P\u00e5 H\u00f8yres stemmeseddel setter du et kryss i boksen ved siden av navnet til listekandidatene du vil gi en personstemme. Du kan gi personstemme til s\u00e5 mange kandidater du vil. For \u00e5 stemme p\u00e5 Erik, setter du kryss ved kandidat 18. Erik Olsen Om du ikke stemmer p\u00e5 H\u00f8yre, kan [&hellip;]\" \/>\n<meta property=\"og:url\" content=\"https:\/\/hoyre.no\/melhus\/vare-kandidater\/erik-olsen\/\" \/>\n<meta property=\"og:site_name\" content=\"Melhus H\u00f8yre\" \/>\n<meta property=\"article:modified_time\" content=\"2023-09-05T06:25:00+00:00\" \/>\n<meta property=\"og:image\" content=\"https:\/\/hoyre.no\/content\/uploads\/sites\/293\/2023\/09\/Portrettbilde-Erik.-Erik-Olsen-2023-07-09-655-x-437.jpg\" \/>\n<meta name=\"twitter:card\" content=\"summary_large_image\" \/>\n<meta name=\"twitter:label1\" content=\"Ansl. lesetid\" \/>\n\t<meta name=\"twitter:data1\" content=\"2 minutter\" \/>\n<script type=\"application\/ld+json\" class=\"yoast-schema-graph\">{\"@context\":\"https:\/\/schema.org\",\"@graph\":[{\"@type\":\"WebPage\",\"@id\":\"https:\/\/hoyre.no\/melhus\/vare-kandidater\/erik-olsen\/\",\"url\":\"https:\/\/hoyre.no\/melhus\/vare-kandidater\/erik-olsen\/\",\"name\":\"Erik Olsen - Melhus H\u00f8yre\",\"isPartOf\":{\"@id\":\"https:\/\/hoyre.no\/melhus\/#website\"},\"datePublished\":\"2023-08-25T06:32:11+00:00\",\"dateModified\":\"2023-09-05T06:25:00+00:00\",\"breadcrumb\":{\"@id\":\"https:\/\/hoyre.no\/melhus\/vare-kandidater\/erik-olsen\/#breadcrumb\"},\"inLanguage\":\"nb-NO\",\"potentialAction\":[{\"@type\":\"ReadAction\",\"target\":[\"https:\/\/hoyre.no\/melhus\/vare-kandidater\/erik-olsen\/\"]}]},{\"@type\":\"BreadcrumbList\",\"@id\":\"https:\/\/hoyre.no\/melhus\/vare-kandidater\/erik-olsen\/#breadcrumb\",\"itemListElement\":[{\"@type\":\"ListItem\",\"position\":1,\"name\":\"Til hoyre.no\",\"item\":\"https:\/\/hoyre.no\"},{\"@type\":\"ListItem\",\"position\":2,\"name\":\"Hjem\",\"item\":\"https:\/\/hoyre.no\/melhus\/\"},{\"@type\":\"ListItem\",\"position\":3,\"name\":\"V\u00e5re kandidater\",\"item\":\"https:\/\/hoyre.no\/melhus\/vare-kandidater\/\"},{\"@type\":\"ListItem\",\"position\":4,\"name\":\"Erik Olsen\"}]},{\"@type\":\"WebSite\",\"@id\":\"https:\/\/hoyre.no\/melhus\/#website\",\"url\":\"https:\/\/hoyre.no\/melhus\/\",\"name\":\"Melhus H\u00f8yre\",\"description\":\"Bare enda et H\u00f8yres nettsteder-nettsted\",\"inLanguage\":\"nb-NO\"}]}<\/script>\n<!-- \/ Yoast SEO plugin. -->","yoast_head_json":{"title":"Erik Olsen - Melhus H\u00f8yre","robots":{"index":"index","follow":"follow","max-snippet":"max-snippet:-1","max-image-preview":"max-image-preview:large","max-video-preview":"max-video-preview:-1"},"canonical":"https:\/\/hoyre.no\/melhus\/vare-kandidater\/erik-olsen\/","og_locale":"nb_NO","og_type":"article","og_title":"Erik Olsen - Melhus H\u00f8yre","og_description":"Slik stemmer du p\u00e5 Erik P\u00e5 H\u00f8yres stemmeseddel setter du et kryss i boksen ved siden av navnet til listekandidatene du vil gi en personstemme. Du kan gi personstemme til s\u00e5 mange kandidater du vil. For \u00e5 stemme p\u00e5 Erik, setter du kryss ved kandidat 18. Erik Olsen Om du ikke stemmer p\u00e5 H\u00f8yre, kan [&hellip;]","og_url":"https:\/\/hoyre.no\/melhus\/vare-kandidater\/erik-olsen\/","og_site_name":"Melhus H\u00f8yre","article_modified_time":"2023-09-05T06:25:00+00:00","og_image":[{"url":"https:\/\/hoyre.no\/content\/uploads\/sites\/293\/2023\/09\/Portrettbilde-Erik.-Erik-Olsen-2023-07-09-655-x-437.jpg","width":"","height":"","type":""}],"twitter_card":"summary_large_image","twitter_misc":{"Ansl. lesetid":"2 minutter"},"schema":{"@context":"https:\/\/schema.org","@graph":[{"@type":"WebPage","@id":"https:\/\/hoyre.no\/melhus\/vare-kandidater\/erik-olsen\/","url":"https:\/\/hoyre.no\/melhus\/vare-kandidater\/erik-olsen\/","name":"Erik Olsen - Melhus H\u00f8yre","isPartOf":{"@id":"https:\/\/hoyre.no\/melhus\/#website"},"datePublished":"2023-08-25T06:32:11+00:00","dateModified":"2023-09-05T06:25:00+00:00","breadcrumb":{"@id":"https:\/\/hoyre.no\/melhus\/vare-kandidater\/erik-olsen\/#breadcrumb"},"inLanguage":"nb-NO","potentialAction":[{"@type":"ReadAction","target":["https:\/\/hoyre.no\/melhus\/vare-kandidater\/erik-olsen\/"]}]},{"@type":"BreadcrumbList","@id":"https:\/\/hoyre.no\/melhus\/vare-kandidater\/erik-olsen\/#breadcrumb","itemListElement":[{"@type":"ListItem","position":1,"name":"Til hoyre.no","item":"https:\/\/hoyre.no"},{"@type":"ListItem","position":2,"name":"Hjem","item":"https:\/\/hoyre.no\/melhus\/"},{"@type":"ListItem","position":3,"name":"V\u00e5re kandidater","item":"https:\/\/hoyre.no\/melhus\/vare-kandidater\/"},{"@type":"ListItem","position":4,"name":"Erik Olsen"}]},{"@type":"WebSite","@id":"https:\/\/hoyre.no\/melhus\/#website","url":"https:\/\/hoyre.no\/melhus\/","name":"Melhus H\u00f8yre","description":"Bare enda et H\u00f8yres nettsteder-nettsted","inLanguage":"nb-NO"}]}},"distributor_meta":false,"distributor_terms":false,"distributor_media":false,"distributor_original_site_name":"Melhus H\u00f8yre","distributor_original_site_url":"https:\/\/hoyre.no\/melhus","push-errors":false,"_links":{"self":[{"href":"https:\/\/hoyre.no\/melhus\/wp-json\/wp\/v2\/pages\/1304","targetHints":{"allow":["GET"]}}],"collection":[{"href":"https:\/\/hoyre.no\/melhus\/wp-json\/wp\/v2\/pages"}],"about":[{"href":"https:\/\/hoyre.no\/melhus\/wp-json\/wp\/v2\/types\/page"}],"author":[{"embeddable":true,"href":"https:\/\/hoyre.no\/melhus\/wp-json\/wp\/v2\/users\/8238"}],"replies":[{"embeddable":true,"href":"https:\/\/hoyre.no\/melhus\/wp-json\/wp\/v2\/comments?post=1304"}],"version-history":[{"count":6,"href":"https:\/\/hoyre.no\/melhus\/wp-json\/wp\/v2\/pages\/1304\/revisions"}],"predecessor-version":[{"id":1532,"href":"https:\/\/hoyre.no\/melhus\/wp-json\/wp\/v2\/pages\/1304\/revisions\/1532"}],"up":[{"embeddable":true,"href":"https:\/\/hoyre.no\/melhus\/wp-json\/wp\/v2\/pages\/804"}],"wp:attachment":[{"href":"https:\/\/hoyre.no\/melhus\/wp-json\/wp\/v2\/media?parent=1304"}],"curies":[{"name":"wp","href":"https:\/\/api.w.org\/{rel}","templated":true}]}}