{"id":1312,"date":"2023-08-25T08:41:02","date_gmt":"2023-08-25T06:41:02","guid":{"rendered":"https:\/\/hoyre.no\/melhus\/?page_id=1312"},"modified":"2023-09-02T09:14:53","modified_gmt":"2023-09-02T07:14:53","slug":"kai-kvaal","status":"publish","type":"page","link":"https:\/\/hoyre.no\/melhus\/vare-kandidater\/kai-kvaal\/","title":{"rendered":"Kai Kvaal"},"content":{"rendered":"\n<div class=\"wp-block-hoyre-hero with-image-gradient text-color-light  has-media alignfull has-background\"><div class=\"hoyre-hero has-image\"><h1 class=\"title\">Kai Kvaal<\/h1><p class=\"preamble\">19. kandidat Melhus<\/p>\t\t\t<div class=\"post-meta wp-block teft-byline-wrapper\">\n\t\t\t\t<div class=\"top\">\n\t\t\t\t\t<div class=\"signature\">\n\t\t\t\t\t\t<div class=\"teft-byline\">\n\t\t\t\t\t\t\t\t\t\t\t\t\t\t<div>\n\t\t\t\t\t\t\t\t<h3>H\u00f8yres redaksjon<\/h3>\t\t\t\t\t\t\t\t\n\t\t\t\t\t\t\t\t\t\t\t\t\t\t\t\t\t<span class=\"date\">Sist oppdatert: 2. september 2023<\/span>\n\t\t\t\t\t\t\t\t\t\t\t\t\t\t\t\t\t\t\t\t\t\t\t\t\t<span class=\"reading-time\" itemprop=\"timeRequired\" content=\"PT2M\"><em>Ca. 2 minutter lesetid<\/em><\/span>\n\t\t\t\t\t\t\t\t\t\t\t\t\t\t\t<\/div>\n\t\t\t\t\t\t<\/div>\n\t\t\t\t\t<\/div>\n\t\t\t\t\t\t<div class=\"sharing\">\n\t\t<a class=\"share-button share-link copy-link\" data-copy=\"https:\/\/hoyre.no\/melhus\/vare-kandidater\/kai-kvaal\/\" target=\"_blank\"><span class=\"screen-reader-text\">Del link<\/span><\/a>\n\t\t<a class=\"share-button share-twitter\" href=\"http:\/\/twitter.com\/share?text=Kai Kvaal&#038;url=https:\/\/hoyre.no\/melhus\/vare-kandidater\/kai-kvaal\/&#038;hashtags=Hoyre\" target=\"_blank\"><span class=\"screen-reader-text\">Del p\u00e5 twitter<\/span><\/a>\n\t\t<a class=\"share-button share-facebook\" href=\"https:\/\/www.facebook.com\/sharer\/sharer.php?u=https:\/\/hoyre.no\/melhus\/vare-kandidater\/kai-kvaal\/\" target=\"_blank\"><span class=\"screen-reader-text\">Del p\u00e5 facebook<\/span><\/a>\n\t<\/div>\n\t\t\t\t\t<\/div>\n\t\t\t<\/div>\n\n\t\t\t<figure class=\"hoyre-image-wrapper\"><div class=\"hoyre-image\"><img loading=\"lazy\" decoding=\"async\" width=\"2500\" height=\"1668\" src=\"https:\/\/hoyre.no\/content\/uploads\/sites\/293\/2023\/08\/37004-Melhus-Hoyre-208-scaled.jpg\" class=\"attachment-scaled size-scaled\" alt=\"\" style=\"object-position: 50% 50%\" srcset=\"https:\/\/hoyre.no\/content\/uploads\/sites\/293\/2023\/08\/37004-Melhus-Hoyre-208-scaled.jpg 2500w, https:\/\/hoyre.no\/content\/uploads\/sites\/293\/2023\/08\/37004-Melhus-Hoyre-208-300x200.jpg 300w, https:\/\/hoyre.no\/content\/uploads\/sites\/293\/2023\/08\/37004-Melhus-Hoyre-208-1024x683.jpg 1024w, https:\/\/hoyre.no\/content\/uploads\/sites\/293\/2023\/08\/37004-Melhus-Hoyre-208-768x512.jpg 768w, https:\/\/hoyre.no\/content\/uploads\/sites\/293\/2023\/08\/37004-Melhus-Hoyre-208-1536x1025.jpg 1536w, https:\/\/hoyre.no\/content\/uploads\/sites\/293\/2023\/08\/37004-Melhus-Hoyre-208-2048x1366.jpg 2048w\" sizes=\"auto, (max-width: 2500px) 100vw, 2500px\" \/><\/div><\/figure><\/div><\/div>\n\n\n\n\n<div class=\"wp-block-buttons is-layout-flex wp-block-buttons-is-layout-flex\">\n<div class=\"wp-block-button\"><a class=\"wp-block-button__link\" href=\"https:\/\/hoyre.no\/nyhetsbrev\/\">abonner p\u00e5 h\u00f8yres nyhetsbrev<\/a><\/div>\n\n\n\n<div class=\"wp-block-button\"><a class=\"wp-block-button__link\" href=\"https:\/\/hoyre.no\/personprofiler\/kai-kvaal\/\">kom i kontakt med kai<\/a><\/div>\n<\/div>\n\n\n\n\n<div class=\"wp-block-buttons is-layout-flex wp-block-buttons-is-layout-flex\">\n<div class=\"wp-block-button aligncenter\"><a class=\"wp-block-button__link\" href=\"https:\/\/www.facebook.com\/melhushoyre\" target=\"_blank\" rel=\"noreferrer noopener\">f\u00f8lg Melhus h\u00f8yre p\u00e5 facebook<\/a><\/div>\n<\/div>\n\n\n\n<div class=\"wp-block-hoyre-banner undefined has-icon-title icon-heart is-style-blue\"><div class=\"banner-inner\"><div class=\"banner-content\"><div class=\"entry-content\">\n<h2 class=\"has-text-align-left wp-block-heading\">Bli kjent med Kai<\/h2>\n\n\n\n<p class=\"has-text-align-left\"><strong>F\u00f8dsels\u00e5r:<\/strong> 1982<\/p>\n\n\n\n<p class=\"has-text-align-left\"><strong>Bosted:<\/strong> Kv\u00e5l<\/p>\n\n\n\n<p class=\"has-text-align-left\"><strong>Hobbyer \/ Hva liker du best \u00e5 gj\u00f8re p\u00e5 fritiden?<\/strong><\/p>\n\n\n\n<p class=\"has-text-align-left\">Har v\u00e6rt opptatt av idrett hele livet.<\/p>\n\n\n\n<p class=\"has-text-align-left\">Skiidrett og fotball er mest interessant.<\/p>\n\n\n\n<p class=\"has-text-align-left\"><strong>Mine hjertesaker \/ Hvilke politiske saker er du mest opptatt av?<\/strong><\/p>\n\n\n\n<p class=\"has-text-align-left\">N\u00e6ringsutvikling i Melhus.<\/p>\n\n\n\n<p class=\"has-text-align-left\">Utvikling p\u00e5 Kv\u00e5l:<\/p>\n\n\n\n<p class=\"has-text-align-left\">Komme i gang med boligbygging, utvikling og oppgradering av skole og barnehage,&nbsp; sentrumsplan, samt opprettholde togstopp.<\/p>\n\n\n\n<p class=\"has-text-align-left\"><strong>Hvorfor stiller du til valg for Melhus H\u00f8yre?<\/strong><\/p>\n\n\n\n<p class=\"has-text-align-left\">\u00d8nsker \u00e5 bidra i lokalsamfunnet. V\u00e6re med \u00e5 p\u00e5virke til, samt dra nytte av n\u00e6rhet (avstand) til storby, samt ivareta lokale tradisjoner og muligheter som ligger i tettstedene.<\/p>\n\n\n\n<p class=\"has-text-align-left\"><strong>Hvilke erfaringer og kvalifikasjoner vil du fremheve ved deg selv?<\/strong><\/p>\n\n\n\n<p class=\"has-text-align-left\">Engasjert i lokalmilj\u00f8et og stor arbeidskapasitet.<\/p>\n\n\n\n<p class=\"has-text-align-left\"><strong>Hva liker du best med Melhus?<\/strong><\/p>\n\n\n\n<p class=\"has-text-align-left\">Et sted med mange muligheter n\u00e6r en storby.<\/p>\n\n\n\n<p class=\"has-text-align-left\">Melhus er i stor utvikling og har det meste man trenger.<\/p>\n\n\n\n<div class=\"wp-block-buttons is-layout-flex wp-block-buttons-is-layout-flex\"><\/div>\n<\/div><\/div><\/div><\/div>\n\n\n\n<h2 class=\"wp-block-heading\">Slik stemmer du p\u00e5 Kai<\/h2>\n\n\n\n<p>P\u00e5 H\u00f8yres stemmeseddel setter du et kryss i boksen ved siden av navnet til listekandidatene du vil gi en personstemme. Du kan gi personstemme til s\u00e5 mange kandidater du vil. For \u00e5 stemme p\u00e5 Kai, setter du kryss ved kandidat 19. Kai Kvaal<\/p>\n\n\n\n<p><em>Om du ikke stemmer p\u00e5 H\u00f8yre, kan du gi en s\u00e5kalt \u00abslenger\u00bb. Skriv da kandidatnavnet i feltet merket \u00abKandidater fra andre lister\u00bb p\u00e5 stemmeseddelen.<\/em><\/p>\n\n\n\n<div class=\"wp-block-teft-accentuated-link undefined has-image\"><div class=\"kf-link__wrapper\"><div class=\"kf-link__tagline\">ALT OM VALGET I MELHUS<\/div><a class=\"kf-link__link\" href=\"https:\/\/hoyre.no\/melhus\/alt-om-valget-i-melhus\/\">Her har vi samlet det du trenger \u00e5 vite om \u00e5rets valg i Melhus<span class=\"kf-link__link-source\">hoyre.no<\/span><\/a><\/div><figure class=\"hoyre-image-wrapper\"><div class=\"hoyre-image\"><img loading=\"lazy\" decoding=\"async\" width=\"2560\" height=\"1707\" src=\"https:\/\/hoyre.no\/content\/uploads\/sites\/293\/2020\/11\/img_2488-scaled.jpg\" class=\"attachment-scaled size-scaled\" alt=\"\" style=\"object-position: 50% 50%\" srcset=\"https:\/\/hoyre.no\/content\/uploads\/sites\/293\/2020\/11\/img_2488-scaled.jpg 2560w, https:\/\/hoyre.no\/content\/uploads\/sites\/293\/2020\/11\/img_2488-300x200.jpg 300w, https:\/\/hoyre.no\/content\/uploads\/sites\/293\/2020\/11\/img_2488-1024x683.jpg 1024w, https:\/\/hoyre.no\/content\/uploads\/sites\/293\/2020\/11\/img_2488-768x512.jpg 768w, https:\/\/hoyre.no\/content\/uploads\/sites\/293\/2020\/11\/img_2488-1536x1024.jpg 1536w, https:\/\/hoyre.no\/content\/uploads\/sites\/293\/2020\/11\/img_2488-2048x1365.jpg 2048w\" sizes=\"auto, (max-width: 2560px) 100vw, 2560px\" \/><\/div><\/figure><\/div>\n","protected":false},"excerpt":{"rendered":"<p>Slik stemmer du p\u00e5 Kai P\u00e5 H\u00f8yres stemmeseddel setter du et kryss i boksen ved siden av navnet til listekandidatene du vil gi en personstemme. Du kan gi personstemme til s\u00e5 mange kandidater du vil. For \u00e5 stemme p\u00e5 Kai, setter du kryss ved kandidat 19. Kai Kvaal Om du ikke stemmer p\u00e5 H\u00f8yre, kan [&hellip;]<\/p>\n","protected":false},"author":8238,"featured_media":0,"parent":804,"menu_order":19,"comment_status":"closed","ping_status":"closed","template":"","meta":{"teft_cards_image_url":"","teft_cards_custom_pretitle":"","teft_cards_image_id":965,"teft_cards_image_focal_point_x":0.5,"teft_cards_image_focal_point_y":0.5,"teft_cards_title":"","teft_cards_excerpt":"","teft_show_chapters":false,"footnotes":""},"class_list":["post-1312","page","type-page","status-publish","hentry"],"yoast_head":"<!-- This site is optimized with the Yoast SEO plugin v26.6 - https:\/\/yoast.com\/wordpress\/plugins\/seo\/ -->\n<title>Kai Kvaal - Melhus H\u00f8yre<\/title>\n<meta name=\"robots\" content=\"index, follow, max-snippet:-1, max-image-preview:large, max-video-preview:-1\" \/>\n<link rel=\"canonical\" href=\"https:\/\/hoyre.no\/melhus\/vare-kandidater\/kai-kvaal\/\" \/>\n<meta property=\"og:locale\" content=\"nb_NO\" \/>\n<meta property=\"og:type\" content=\"article\" \/>\n<meta property=\"og:title\" content=\"Kai Kvaal - Melhus H\u00f8yre\" \/>\n<meta property=\"og:description\" content=\"Slik stemmer du p\u00e5 Kai P\u00e5 H\u00f8yres stemmeseddel setter du et kryss i boksen ved siden av navnet til listekandidatene du vil gi en personstemme. Du kan gi personstemme til s\u00e5 mange kandidater du vil. For \u00e5 stemme p\u00e5 Kai, setter du kryss ved kandidat 19. Kai Kvaal Om du ikke stemmer p\u00e5 H\u00f8yre, kan [&hellip;]\" \/>\n<meta property=\"og:url\" content=\"https:\/\/hoyre.no\/melhus\/vare-kandidater\/kai-kvaal\/\" \/>\n<meta property=\"og:site_name\" content=\"Melhus H\u00f8yre\" \/>\n<meta property=\"article:modified_time\" content=\"2023-09-02T07:14:53+00:00\" \/>\n<meta property=\"og:image\" content=\"https:\/\/hoyre.no\/content\/uploads\/sites\/293\/2023\/08\/37004-Melhus-Hoyre-208-1024x683.jpg\" \/>\n<meta name=\"twitter:card\" content=\"summary_large_image\" \/>\n<meta name=\"twitter:label1\" content=\"Ansl. lesetid\" \/>\n\t<meta name=\"twitter:data1\" content=\"2 minutter\" \/>\n<script type=\"application\/ld+json\" class=\"yoast-schema-graph\">{\"@context\":\"https:\/\/schema.org\",\"@graph\":[{\"@type\":\"WebPage\",\"@id\":\"https:\/\/hoyre.no\/melhus\/vare-kandidater\/kai-kvaal\/\",\"url\":\"https:\/\/hoyre.no\/melhus\/vare-kandidater\/kai-kvaal\/\",\"name\":\"Kai Kvaal - Melhus H\u00f8yre\",\"isPartOf\":{\"@id\":\"https:\/\/hoyre.no\/melhus\/#website\"},\"datePublished\":\"2023-08-25T06:41:02+00:00\",\"dateModified\":\"2023-09-02T07:14:53+00:00\",\"breadcrumb\":{\"@id\":\"https:\/\/hoyre.no\/melhus\/vare-kandidater\/kai-kvaal\/#breadcrumb\"},\"inLanguage\":\"nb-NO\",\"potentialAction\":[{\"@type\":\"ReadAction\",\"target\":[\"https:\/\/hoyre.no\/melhus\/vare-kandidater\/kai-kvaal\/\"]}]},{\"@type\":\"BreadcrumbList\",\"@id\":\"https:\/\/hoyre.no\/melhus\/vare-kandidater\/kai-kvaal\/#breadcrumb\",\"itemListElement\":[{\"@type\":\"ListItem\",\"position\":1,\"name\":\"Til hoyre.no\",\"item\":\"https:\/\/hoyre.no\"},{\"@type\":\"ListItem\",\"position\":2,\"name\":\"Hjem\",\"item\":\"https:\/\/hoyre.no\/melhus\/\"},{\"@type\":\"ListItem\",\"position\":3,\"name\":\"V\u00e5re kandidater\",\"item\":\"https:\/\/hoyre.no\/melhus\/vare-kandidater\/\"},{\"@type\":\"ListItem\",\"position\":4,\"name\":\"Kai Kvaal\"}]},{\"@type\":\"WebSite\",\"@id\":\"https:\/\/hoyre.no\/melhus\/#website\",\"url\":\"https:\/\/hoyre.no\/melhus\/\",\"name\":\"Melhus H\u00f8yre\",\"description\":\"Bare enda et H\u00f8yres nettsteder-nettsted\",\"inLanguage\":\"nb-NO\"}]}<\/script>\n<!-- \/ Yoast SEO plugin. -->","yoast_head_json":{"title":"Kai Kvaal - Melhus H\u00f8yre","robots":{"index":"index","follow":"follow","max-snippet":"max-snippet:-1","max-image-preview":"max-image-preview:large","max-video-preview":"max-video-preview:-1"},"canonical":"https:\/\/hoyre.no\/melhus\/vare-kandidater\/kai-kvaal\/","og_locale":"nb_NO","og_type":"article","og_title":"Kai Kvaal - Melhus H\u00f8yre","og_description":"Slik stemmer du p\u00e5 Kai P\u00e5 H\u00f8yres stemmeseddel setter du et kryss i boksen ved siden av navnet til listekandidatene du vil gi en personstemme. Du kan gi personstemme til s\u00e5 mange kandidater du vil. For \u00e5 stemme p\u00e5 Kai, setter du kryss ved kandidat 19. Kai Kvaal Om du ikke stemmer p\u00e5 H\u00f8yre, kan [&hellip;]","og_url":"https:\/\/hoyre.no\/melhus\/vare-kandidater\/kai-kvaal\/","og_site_name":"Melhus H\u00f8yre","article_modified_time":"2023-09-02T07:14:53+00:00","og_image":[{"url":"https:\/\/hoyre.no\/content\/uploads\/sites\/293\/2023\/08\/37004-Melhus-Hoyre-208-1024x683.jpg","width":"","height":"","type":""}],"twitter_card":"summary_large_image","twitter_misc":{"Ansl. lesetid":"2 minutter"},"schema":{"@context":"https:\/\/schema.org","@graph":[{"@type":"WebPage","@id":"https:\/\/hoyre.no\/melhus\/vare-kandidater\/kai-kvaal\/","url":"https:\/\/hoyre.no\/melhus\/vare-kandidater\/kai-kvaal\/","name":"Kai Kvaal - Melhus H\u00f8yre","isPartOf":{"@id":"https:\/\/hoyre.no\/melhus\/#website"},"datePublished":"2023-08-25T06:41:02+00:00","dateModified":"2023-09-02T07:14:53+00:00","breadcrumb":{"@id":"https:\/\/hoyre.no\/melhus\/vare-kandidater\/kai-kvaal\/#breadcrumb"},"inLanguage":"nb-NO","potentialAction":[{"@type":"ReadAction","target":["https:\/\/hoyre.no\/melhus\/vare-kandidater\/kai-kvaal\/"]}]},{"@type":"BreadcrumbList","@id":"https:\/\/hoyre.no\/melhus\/vare-kandidater\/kai-kvaal\/#breadcrumb","itemListElement":[{"@type":"ListItem","position":1,"name":"Til hoyre.no","item":"https:\/\/hoyre.no"},{"@type":"ListItem","position":2,"name":"Hjem","item":"https:\/\/hoyre.no\/melhus\/"},{"@type":"ListItem","position":3,"name":"V\u00e5re kandidater","item":"https:\/\/hoyre.no\/melhus\/vare-kandidater\/"},{"@type":"ListItem","position":4,"name":"Kai Kvaal"}]},{"@type":"WebSite","@id":"https:\/\/hoyre.no\/melhus\/#website","url":"https:\/\/hoyre.no\/melhus\/","name":"Melhus H\u00f8yre","description":"Bare enda et H\u00f8yres nettsteder-nettsted","inLanguage":"nb-NO"}]}},"distributor_meta":false,"distributor_terms":false,"distributor_media":false,"distributor_original_site_name":"Melhus H\u00f8yre","distributor_original_site_url":"https:\/\/hoyre.no\/melhus","push-errors":false,"_links":{"self":[{"href":"https:\/\/hoyre.no\/melhus\/wp-json\/wp\/v2\/pages\/1312","targetHints":{"allow":["GET"]}}],"collection":[{"href":"https:\/\/hoyre.no\/melhus\/wp-json\/wp\/v2\/pages"}],"about":[{"href":"https:\/\/hoyre.no\/melhus\/wp-json\/wp\/v2\/types\/page"}],"author":[{"embeddable":true,"href":"https:\/\/hoyre.no\/melhus\/wp-json\/wp\/v2\/users\/8238"}],"replies":[{"embeddable":true,"href":"https:\/\/hoyre.no\/melhus\/wp-json\/wp\/v2\/comments?post=1312"}],"version-history":[{"count":4,"href":"https:\/\/hoyre.no\/melhus\/wp-json\/wp\/v2\/pages\/1312\/revisions"}],"predecessor-version":[{"id":1508,"href":"https:\/\/hoyre.no\/melhus\/wp-json\/wp\/v2\/pages\/1312\/revisions\/1508"}],"up":[{"embeddable":true,"href":"https:\/\/hoyre.no\/melhus\/wp-json\/wp\/v2\/pages\/804"}],"wp:attachment":[{"href":"https:\/\/hoyre.no\/melhus\/wp-json\/wp\/v2\/media?parent=1312"}],"curies":[{"name":"wp","href":"https:\/\/api.w.org\/{rel}","templated":true}]}}