{"id":496,"date":"2023-05-02T12:48:39","date_gmt":"2023-05-02T10:48:39","guid":{"rendered":"https:\/\/hoyre.no\/melhus\/?page_id=496"},"modified":"2025-04-16T15:49:53","modified_gmt":"2025-04-16T13:49:53","slug":"politikk","status":"publish","type":"page","link":"https:\/\/hoyre.no\/melhus\/politikk\/","title":{"rendered":"Politikk"},"content":{"rendered":"\n<div class=\"wp-block-hoyre-hero with-image-gradient text-color-light  has-media alignfull has-background\"><div class=\"hoyre-hero has-image\"><h1 class=\"title\">Politikk<\/h1><p class=\"preamble\">N\u00e5r frivilligheten, n\u00e6ringslivet og offentlig sektor spiller p\u00e5 lag, skapes det gode lokalsamfunn i Melhus. H\u00f8yre tror p\u00e5 enkeltmenneskets evne og lyst til \u00e5 st\u00e5 p\u00e5 egne ben.<br><br>Det er v\u00e5r oppgave \u00e5 s\u00f8rge for at mennesker kan leve gode liv, uansett utgangspunkt. Vi skaper ikke politikk for kommunen, men for alle som bor der. H\u00f8yre tror p\u00e5 et samfunn som gir muligheter for alle.<\/p>\t\t\t<div class=\"post-meta wp-block teft-byline-wrapper\">\n\t\t\t\t<div class=\"top\">\n\t\t\t\t\t<div class=\"signature\">\n\t\t\t\t\t\t<div class=\"teft-byline\">\n\t\t\t\t\t\t\t\t\t\t\t\t\t\t<div>\n\t\t\t\t\t\t\t\t<h3>H\u00f8yres redaksjon<\/h3>\t\t\t\t\t\t\t\t\n\t\t\t\t\t\t\t\t\t\t\t\t\t\t\t\t\t<span class=\"date\">Sist oppdatert: 16. april 2025<\/span>\n\t\t\t\t\t\t\t\t\t\t\t\t\t\t\t\t\t\t\t\t\t\t\t\t\t<span class=\"reading-time\" itemprop=\"timeRequired\" content=\"PT4M\"><em>Ca. 4 minutter lesetid<\/em><\/span>\n\t\t\t\t\t\t\t\t\t\t\t\t\t\t\t<\/div>\n\t\t\t\t\t\t<\/div>\n\t\t\t\t\t<\/div>\n\t\t\t\t\t\t<div class=\"sharing\">\n\t\t<a class=\"share-button share-link copy-link\" data-copy=\"https:\/\/hoyre.no\/melhus\/politikk\/\" target=\"_blank\"><span class=\"screen-reader-text\">Del link<\/span><\/a>\n\t\t<a class=\"share-button share-twitter\" href=\"http:\/\/twitter.com\/share?text=Politikk&#038;url=https:\/\/hoyre.no\/melhus\/politikk\/&#038;hashtags=Hoyre\" target=\"_blank\"><span class=\"screen-reader-text\">Del p\u00e5 twitter<\/span><\/a>\n\t\t<a class=\"share-button share-facebook\" href=\"https:\/\/www.facebook.com\/sharer\/sharer.php?u=https:\/\/hoyre.no\/melhus\/politikk\/\" target=\"_blank\"><span class=\"screen-reader-text\">Del p\u00e5 facebook<\/span><\/a>\n\t<\/div>\n\t\t\t\t\t<\/div>\n\t\t\t<\/div>\n\n\t\t\t<figure class=\"hoyre-image-wrapper\"><div class=\"hoyre-image\"><img loading=\"lazy\" decoding=\"async\" width=\"2500\" height=\"1999\" src=\"https:\/\/hoyre.no\/content\/uploads\/sites\/293\/2023\/06\/37004-Melhus-Hoyre-037grb-scaled.jpg\" class=\"attachment-scaled size-scaled\" alt=\"\" style=\"object-position: 50% 80%\" srcset=\"https:\/\/hoyre.no\/content\/uploads\/sites\/293\/2023\/06\/37004-Melhus-Hoyre-037grb-scaled.jpg 2500w, https:\/\/hoyre.no\/content\/uploads\/sites\/293\/2023\/06\/37004-Melhus-Hoyre-037grb-300x240.jpg 300w, https:\/\/hoyre.no\/content\/uploads\/sites\/293\/2023\/06\/37004-Melhus-Hoyre-037grb-1024x819.jpg 1024w, https:\/\/hoyre.no\/content\/uploads\/sites\/293\/2023\/06\/37004-Melhus-Hoyre-037grb-768x614.jpg 768w, https:\/\/hoyre.no\/content\/uploads\/sites\/293\/2023\/06\/37004-Melhus-Hoyre-037grb-1536x1228.jpg 1536w, https:\/\/hoyre.no\/content\/uploads\/sites\/293\/2023\/06\/37004-Melhus-Hoyre-037grb-2048x1638.jpg 2048w\" sizes=\"auto, (max-width: 2500px) 100vw, 2500px\" \/><\/div><\/figure><\/div><\/div>\n\n\n\n<div class=\"wp-block-hoyre-banner alignwide undefined\"><div class=\"banner-inner\"><figure class=\"hoyre-image-wrapper\"><div class=\"hoyre-image\"><img loading=\"lazy\" decoding=\"async\" width=\"2500\" height=\"1667\" src=\"https:\/\/hoyre.no\/content\/uploads\/sites\/293\/2023\/08\/20230712-2D0A7166-scaled.jpg\" class=\"attachment-scaled size-scaled\" alt=\"\" style=\"object-position: 50% 50%\" srcset=\"https:\/\/hoyre.no\/content\/uploads\/sites\/293\/2023\/08\/20230712-2D0A7166-scaled.jpg 2500w, https:\/\/hoyre.no\/content\/uploads\/sites\/293\/2023\/08\/20230712-2D0A7166-300x200.jpg 300w, https:\/\/hoyre.no\/content\/uploads\/sites\/293\/2023\/08\/20230712-2D0A7166-1024x683.jpg 1024w, https:\/\/hoyre.no\/content\/uploads\/sites\/293\/2023\/08\/20230712-2D0A7166-768x512.jpg 768w, https:\/\/hoyre.no\/content\/uploads\/sites\/293\/2023\/08\/20230712-2D0A7166-1536x1024.jpg 1536w, https:\/\/hoyre.no\/content\/uploads\/sites\/293\/2023\/08\/20230712-2D0A7166-2048x1365.jpg 2048w\" sizes=\"auto, (max-width: 2500px) 100vw, 2500px\" \/><\/div><\/figure><div class=\"banner-content\"><div class=\"entry-content\">\n<h2 class=\"wp-block-heading\" id=\"h-syv-viktige-saker-for-melhus-hoyre\">Syv viktige saker for Melhus H\u00f8yre<\/h2>\n\n\n\n<p>Sammen gj\u00f8r vi Melhus bedre \u2013 til en kommune med muligheter for alle.<\/p>\n\n\n\n<div class=\"wp-block-buttons is-layout-flex wp-block-buttons-is-layout-flex\">\n<div class=\"wp-block-button\"><a class=\"wp-block-button__link wp-element-button\" href=\"https:\/\/hoyre.no\/melhus\/politikk\/syv-gode-grunner-til-a-stemme-melhus-hoyre\/\">Trykk for \u00e5 lese mer<\/a><\/div>\n<\/div>\n<\/div><\/div><\/div><\/div>\n\n\n\n<div class=\"wp-block-hoyre-banner alignwide undefined  is-style-light\"><div class=\"banner-inner\"><figure class=\"hoyre-image-wrapper\"><div class=\"hoyre-image\"><img loading=\"lazy\" decoding=\"async\" width=\"2500\" height=\"1667\" src=\"https:\/\/hoyre.no\/content\/uploads\/sites\/293\/2023\/07\/20230712-2D0A7191-scaled.jpg\" class=\"attachment-scaled size-scaled\" alt=\"\" style=\"object-position: 48% 39%\" srcset=\"https:\/\/hoyre.no\/content\/uploads\/sites\/293\/2023\/07\/20230712-2D0A7191-scaled.jpg 2500w, https:\/\/hoyre.no\/content\/uploads\/sites\/293\/2023\/07\/20230712-2D0A7191-300x200.jpg 300w, https:\/\/hoyre.no\/content\/uploads\/sites\/293\/2023\/07\/20230712-2D0A7191-1024x683.jpg 1024w, https:\/\/hoyre.no\/content\/uploads\/sites\/293\/2023\/07\/20230712-2D0A7191-768x512.jpg 768w, https:\/\/hoyre.no\/content\/uploads\/sites\/293\/2023\/07\/20230712-2D0A7191-1536x1024.jpg 1536w, https:\/\/hoyre.no\/content\/uploads\/sites\/293\/2023\/07\/20230712-2D0A7191-2048x1365.jpg 2048w\" sizes=\"auto, (max-width: 2500px) 100vw, 2500px\" \/><\/div><\/figure><div class=\"banner-content\"><div class=\"entry-content\">\n<h2 class=\"wp-block-heading\">Partiprogram<\/h2>\n\n\n\n<p>Her kan du lese Melhus H\u00f8yres kommunestyreprogram 2023\u20132027.<\/p>\n\n\n\n<div class=\"wp-block-buttons is-layout-flex wp-block-buttons-is-layout-flex\">\n<div class=\"wp-block-button\"><a class=\"wp-block-button__link\" href=\"https:\/\/hoyre.no\/melhus\/politikk\/partiprogram\/\">Trykk for \u00e5 lese mer<\/a><\/div>\n<\/div>\n<\/div><\/div><\/div><\/div>\n\n\n\n\t\t<div class=\"has-lightest-blue-background-color is-layout-right alignwide alignwide wp-block-hoyre-media-text\">\n\t\t\t<div class=\"hoyre-media-text__media\">\n\t\t\t\t<img loading=\"lazy\" decoding=\"async\" width=\"1024\" height=\"819\" src=\"https:\/\/hoyre.no\/content\/uploads\/sites\/293\/2023\/07\/37004-Melhus-Hoyre-079-1024x819.jpg\" class=\"hoyre-media-text__media-image\" alt=\"\" style=\"--focal: 54% 39%;\" srcset=\"https:\/\/hoyre.no\/content\/uploads\/sites\/293\/2023\/07\/37004-Melhus-Hoyre-079-1024x819.jpg 1024w, https:\/\/hoyre.no\/content\/uploads\/sites\/293\/2023\/07\/37004-Melhus-Hoyre-079-300x240.jpg 300w, https:\/\/hoyre.no\/content\/uploads\/sites\/293\/2023\/07\/37004-Melhus-Hoyre-079-768x614.jpg 768w, https:\/\/hoyre.no\/content\/uploads\/sites\/293\/2023\/07\/37004-Melhus-Hoyre-079-1536x1229.jpg 1536w, https:\/\/hoyre.no\/content\/uploads\/sites\/293\/2023\/07\/37004-Melhus-Hoyre-079-2048x1638.jpg 2048w\" sizes=\"auto, (max-width: 1024px) 100vw, 1024px\" \/>\n\t\t\t<\/div>\n\t\t\t<div class=\"hoyre-media-text__content\">\n\t\t\t\t<div class=\"hoyre-media-text__content-inner\">\n\t\t\t\t\t\n\t\t\t\t\t<div class=\"hoyre-media-text__blocks\">\n<p>Det er mye bra p\u00e5 gang i Melhus, og H\u00f8yre vil mer for Melhus. Der noen sier nei, sier H\u00f8yre ja.<\/p><p>Vi skal ha trygg eldreomsorg, skoler som ser hver enkelt elev, bygge flere familieboliger, v\u00e6re p\u00e5 lag med jobbskaperne og du skal f\u00e5 beholde mer av egen inntekt.<\/p><p>Sammen gj\u00f8r vi Melhus enda bedre.<\/p>\n<\/div>\n\t\t\t\t\t\n\t\t\t\t<\/div>\n\t\t\t<\/div>\n\t\t<\/div>\n\t\t\n\n\n\t\t<div class=\"has-pale-blue-background-color is-layout-left alignwide alignwide wp-block-hoyre-media-text\">\n\t\t\t<div class=\"hoyre-media-text__media\">\n\t\t\t\t<img loading=\"lazy\" decoding=\"async\" width=\"1024\" height=\"683\" src=\"https:\/\/hoyre.no\/content\/uploads\/sites\/293\/2023\/06\/37004-Melhus-Hoyre-359-1024x683.jpg\" class=\"hoyre-media-text__media-image\" alt=\"\" style=\"--focal: 50% 50%;\" srcset=\"https:\/\/hoyre.no\/content\/uploads\/sites\/293\/2023\/06\/37004-Melhus-Hoyre-359-1024x683.jpg 1024w, https:\/\/hoyre.no\/content\/uploads\/sites\/293\/2023\/06\/37004-Melhus-Hoyre-359-300x200.jpg 300w, https:\/\/hoyre.no\/content\/uploads\/sites\/293\/2023\/06\/37004-Melhus-Hoyre-359-768x512.jpg 768w, https:\/\/hoyre.no\/content\/uploads\/sites\/293\/2023\/06\/37004-Melhus-Hoyre-359-1536x1025.jpg 1536w, https:\/\/hoyre.no\/content\/uploads\/sites\/293\/2023\/06\/37004-Melhus-Hoyre-359-2048x1366.jpg 2048w\" sizes=\"auto, (max-width: 1024px) 100vw, 1024px\" \/>\n\t\t\t<\/div>\n\t\t\t<div class=\"hoyre-media-text__content\">\n\t\t\t\t<div class=\"hoyre-media-text__content-inner\">\n\t\t\t\t\t\n\t\t\t<div class=\"hoyre-media-text__title-container\">\n\t\t\t\t\n\t\t\t\t<h2 class=\"hoyre-media-text__title\">Muligheter for alle<\/h2>\n\t\t\t<\/div>\n\t\t\t\n\t\t\t\t\t<div class=\"hoyre-media-text__blocks\">\n<p>Melhus skal v\u00e6re en kommune med muligheter for alle. Bakgrunn og \u00f8konomi skal ikke ha noe \u00e5 si for hvilke muligheter du har i Melhus.<\/p>\n<\/div>\n\t\t\t\t\t\n\t\t\t<div class=\"hoyre-media-text__buttons\">\n\t\t\t\t<a class=\"button\" href=\"https:\/\/hoyre.no\/melhus\/politikk\/muligheter-for-alle\/\">Trykk for \u00e5 lese mer<\/a>\n\t\t\t<\/div>\n\t\t\t\n\t\t\t\t<\/div>\n\t\t\t<\/div>\n\t\t<\/div>\n\t\t\n\n\n<p><strong>H\u00f8yre prioriterer det viktigste f\u00f8rst.<\/strong> Melhus skal v\u00e6re p\u00e5 lag med jobbskaperne, bygge flere familieboliger, og sikre kvalitet og mestring i velferden.<\/p>\n\n\n\n<p>I Melhus skal vi ha skoler som ser hver enkelt elev, der elevene l\u00e6rer og trives. Vi skal ha et aldersvennlig samfunn og trygg eldreomsorg. Vi skal skape flere jobber i privat n\u00e6ringsliv og inkludere flere i arbeidslivet. Og vi skal la folk beholde mer av egen inntekt.<\/p>\n\n\n\n<p><strong>Sammen gj\u00f8r vi Melhus bedre.<\/strong><\/p>\n\n\n\n\n<div class=\"wp-block-teft-file icon-link-block\"><a href=\"https:\/\/hoyre.no\/content\/uploads\/sites\/293\/2023\/07\/Melhus-Hoyres-kommunestyreprogram-2023-2027.pdf\" download><span class=\"file-title\">Her kan du lese valgprogrammet v\u00e5rt for 2023-2027<\/span><span class=\"file-name\"><\/span><\/a><\/div>\n\n\n\n\n\n\n\n\n\t\t<div class=\"has-pale-purple-background-color is-layout-left alignwide alignwide wp-block-hoyre-media-text\">\n\t\t\t<div class=\"hoyre-media-text__media\">\n\t\t\t\t<img loading=\"lazy\" decoding=\"async\" width=\"1024\" height=\"768\" src=\"https:\/\/hoyre.no\/content\/uploads\/sites\/293\/2023\/06\/Bilde-02.06.2023-17-50-23-10-1024x768.jpg\" class=\"hoyre-media-text__media-image\" alt=\"\" style=\"--focal: 72% 35%;\" srcset=\"https:\/\/hoyre.no\/content\/uploads\/sites\/293\/2023\/06\/Bilde-02.06.2023-17-50-23-10-1024x768.jpg 1024w, https:\/\/hoyre.no\/content\/uploads\/sites\/293\/2023\/06\/Bilde-02.06.2023-17-50-23-10-300x225.jpg 300w, https:\/\/hoyre.no\/content\/uploads\/sites\/293\/2023\/06\/Bilde-02.06.2023-17-50-23-10-768x576.jpg 768w, https:\/\/hoyre.no\/content\/uploads\/sites\/293\/2023\/06\/Bilde-02.06.2023-17-50-23-10-1536x1152.jpg 1536w, https:\/\/hoyre.no\/content\/uploads\/sites\/293\/2023\/06\/Bilde-02.06.2023-17-50-23-10-2048x1536.jpg 2048w\" sizes=\"auto, (max-width: 1024px) 100vw, 1024px\" \/>\n\t\t\t<\/div>\n\t\t\t<div class=\"hoyre-media-text__content\">\n\t\t\t\t<div class=\"hoyre-media-text__content-inner\">\n\t\t\t\t\t\n\t\t\t<div class=\"hoyre-media-text__title-container\">\n\t\t\t\t<svg xmlns=\"http:\/\/www.w3.org\/2000\/svg\" xml:space=\"preserve\" viewBox=\"0 0 24 24\"><path d=\"M12 4.42C9.17-1.27 0 .36 0 7.69 0 14.96 9.9 18.63 12 23c2.1-4.37 12-8.04 12-15.31 0-7.32-9.17-8.97-12-3.27z\"\/><\/svg>\n\n\t\t\t\t<h2 class=\"hoyre-media-text__title\">V\u00e5re hjertesaker<\/h2>\n\t\t\t<\/div>\n\t\t\t\n\t\t\t\t\t<div class=\"hoyre-media-text__blocks\">\n<p>Aldersvennlig samfunn, trygg eldreomsorg<\/p><p>Skoler som ser den enkelte elev<\/p><p>P\u00e5 lag med jobbskaperne<\/p><p>Bygg flere familieboliger<\/p><p>Du skal beholde mer av egen inntekt<\/p>\n<\/div>\n\t\t\t\t\t\n\t\t\t\t<\/div>\n\t\t\t<\/div>\n\t\t<\/div>\n\t\t\n\n\n\n\n\n\n\n\n\n\n<div class=\"wp-block-hoyre-banner alignwide undefined  is-style-dark\"><div class=\"banner-inner\"><figure class=\"hoyre-image-wrapper\"><div class=\"hoyre-image\"><img loading=\"lazy\" decoding=\"async\" width=\"2500\" height=\"1999\" src=\"https:\/\/hoyre.no\/content\/uploads\/sites\/293\/2023\/06\/37004-Melhus-Hoyre-037grb-scaled.jpg\" class=\"attachment-scaled size-scaled\" alt=\"\" style=\"object-position: 50% 50%\" srcset=\"https:\/\/hoyre.no\/content\/uploads\/sites\/293\/2023\/06\/37004-Melhus-Hoyre-037grb-scaled.jpg 2500w, https:\/\/hoyre.no\/content\/uploads\/sites\/293\/2023\/06\/37004-Melhus-Hoyre-037grb-300x240.jpg 300w, https:\/\/hoyre.no\/content\/uploads\/sites\/293\/2023\/06\/37004-Melhus-Hoyre-037grb-1024x819.jpg 1024w, https:\/\/hoyre.no\/content\/uploads\/sites\/293\/2023\/06\/37004-Melhus-Hoyre-037grb-768x614.jpg 768w, https:\/\/hoyre.no\/content\/uploads\/sites\/293\/2023\/06\/37004-Melhus-Hoyre-037grb-1536x1228.jpg 1536w, https:\/\/hoyre.no\/content\/uploads\/sites\/293\/2023\/06\/37004-Melhus-Hoyre-037grb-2048x1638.jpg 2048w\" sizes=\"auto, (max-width: 2500px) 100vw, 2500px\" \/><\/div><\/figure><div class=\"banner-content\"><div class=\"entry-content\">\n<h2 class=\"wp-block-heading\">V\u00e5re folk<\/h2>\n\n\n\n<p>Melhus H\u00f8yres mange folke- og tillitsvalgte utgj\u00f8r et sterkt, kunnskapsrikt og entusiastisk lag.<\/p>\n\n\n\n<p>Her har vi b\u00e5de erfaring og fornyelse, med dyktige folk fra hele kommunen, som har et stort engasjement for \u00e5 gj\u00f8re Melhus enda bedre de neste \u00e5rene!<\/p>\n\n\n\n<div class=\"wp-block-buttons is-content-justification-center is-layout-flex wp-container-core-buttons-is-layout-16018d1d wp-block-buttons-is-layout-flex\">\n<div class=\"wp-block-button\"><a class=\"wp-block-button__link wp-element-button\" href=\"https:\/\/hoyre.no\/melhus\/vare-kandidater\/\">bli kjent med v\u00e5re folkher<\/a><\/div>\n<\/div>\n<\/div><\/div><\/div><\/div>\n\n\n\n\t\t<div class=\"has-lightest-blue-background-color is-layout-left alignwide alignwide wp-block-hoyre-media-text\">\n\t\t\t<div class=\"hoyre-media-text__media\">\n\t\t\t\t<img loading=\"lazy\" decoding=\"async\" width=\"1024\" height=\"819\" src=\"https:\/\/hoyre.no\/content\/uploads\/sites\/293\/2023\/06\/37004-Melhus-Hoyre-063-1024x819.jpg\" class=\"hoyre-media-text__media-image\" alt=\"\" style=\"--focal: 50% 30%;\" srcset=\"https:\/\/hoyre.no\/content\/uploads\/sites\/293\/2023\/06\/37004-Melhus-Hoyre-063-1024x819.jpg 1024w, https:\/\/hoyre.no\/content\/uploads\/sites\/293\/2023\/06\/37004-Melhus-Hoyre-063-300x240.jpg 300w, https:\/\/hoyre.no\/content\/uploads\/sites\/293\/2023\/06\/37004-Melhus-Hoyre-063-768x614.jpg 768w, https:\/\/hoyre.no\/content\/uploads\/sites\/293\/2023\/06\/37004-Melhus-Hoyre-063-1536x1229.jpg 1536w, https:\/\/hoyre.no\/content\/uploads\/sites\/293\/2023\/06\/37004-Melhus-Hoyre-063-2048x1638.jpg 2048w\" sizes=\"auto, (max-width: 1024px) 100vw, 1024px\" \/>\n\t\t\t<\/div>\n\t\t\t<div class=\"hoyre-media-text__content\">\n\t\t\t\t<div class=\"hoyre-media-text__content-inner\">\n\t\t\t\t\t\n\t\t\t<div class=\"hoyre-media-text__title-container\">\n\t\t\t\t\n\t\t\t\t<h2 class=\"hoyre-media-text__title\">Sammen gj\u00f8r vi Melhus bedre<\/h2>\n\t\t\t<\/div>\n\t\t\t\n\t\t\t\t\t<div class=\"hoyre-media-text__blocks\">\n<p>Melhus skal v\u00e6re en kommune med muligheter for alle. Din bakgrunn skal ikke ha noe \u00e5 si for hvilke muligheter du har i Melhus. Derfor skal vi ha gode velferdstjenester, flere jobber og attraktive lokalsamfunn i hele Melhus.<\/p><p>Enig? Bli medlem av Melhus H\u00f8yre i dag!<\/p>\n<\/div>\n\t\t\t\t\t\n\t\t\t<div class=\"hoyre-media-text__buttons\">\n\t\t\t\t<a class=\"button\" href=\"https:\/\/hoyre.no\/bli-med\/bli-medlem\/\">Bli medlem<\/a>\n\t\t\t<\/div>\n\t\t\t\n\t\t\t\t<\/div>\n\t\t\t<\/div>\n\t\t<\/div>\n\t\t","protected":false},"excerpt":{"rendered":"<p>H\u00f8yre prioriterer det viktigste f\u00f8rst. Melhus skal v\u00e6re p\u00e5 lag med jobbskaperne, bygge flere familieboliger, og sikre kvalitet og mestring i velferden. I Melhus skal vi ha skoler som ser hver enkelt elev, der elevene l\u00e6rer og trives. Vi skal ha et aldersvennlig samfunn og trygg eldreomsorg. Vi skal skape flere jobber i privat n\u00e6ringsliv [&hellip;]<\/p>\n","protected":false},"author":220,"featured_media":0,"parent":0,"menu_order":0,"comment_status":"closed","ping_status":"closed","template":"","meta":{"teft_cards_image_url":"","teft_cards_custom_pretitle":"","teft_cards_image_id":565,"teft_cards_image_focal_point_x":0.5,"teft_cards_image_focal_point_y":0.4,"teft_cards_title":"","teft_cards_excerpt":"","teft_show_chapters":false,"footnotes":""},"class_list":["post-496","page","type-page","status-publish","hentry"],"yoast_head":"<!-- This site is optimized with the Yoast SEO plugin v26.6 - https:\/\/yoast.com\/wordpress\/plugins\/seo\/ -->\n<title>Politikk - Melhus H\u00f8yre<\/title>\n<meta name=\"robots\" content=\"index, follow, max-snippet:-1, max-image-preview:large, max-video-preview:-1\" \/>\n<link rel=\"canonical\" href=\"https:\/\/hoyre.no\/melhus\/politikk\/\" \/>\n<meta property=\"og:locale\" content=\"nb_NO\" \/>\n<meta property=\"og:type\" content=\"article\" \/>\n<meta property=\"og:title\" content=\"Politikk - Melhus H\u00f8yre\" \/>\n<meta property=\"og:description\" content=\"H\u00f8yre prioriterer det viktigste f\u00f8rst. Melhus skal v\u00e6re p\u00e5 lag med jobbskaperne, bygge flere familieboliger, og sikre kvalitet og mestring i velferden. I Melhus skal vi ha skoler som ser hver enkelt elev, der elevene l\u00e6rer og trives. Vi skal ha et aldersvennlig samfunn og trygg eldreomsorg. Vi skal skape flere jobber i privat n\u00e6ringsliv [&hellip;]\" \/>\n<meta property=\"og:url\" content=\"https:\/\/hoyre.no\/melhus\/politikk\/\" \/>\n<meta property=\"og:site_name\" content=\"Melhus H\u00f8yre\" \/>\n<meta property=\"article:modified_time\" content=\"2025-04-16T13:49:53+00:00\" \/>\n<meta property=\"og:image\" content=\"https:\/\/hoyre.no\/content\/uploads\/sites\/293\/2023\/06\/37004-Melhus-Hoyre-037grb-1024x819.jpg\" \/>\n<meta name=\"twitter:card\" content=\"summary_large_image\" \/>\n<meta name=\"twitter:label1\" content=\"Ansl. lesetid\" \/>\n\t<meta name=\"twitter:data1\" content=\"1 minutt\" \/>\n<script type=\"application\/ld+json\" class=\"yoast-schema-graph\">{\"@context\":\"https:\/\/schema.org\",\"@graph\":[{\"@type\":\"WebPage\",\"@id\":\"https:\/\/hoyre.no\/melhus\/politikk\/\",\"url\":\"https:\/\/hoyre.no\/melhus\/politikk\/\",\"name\":\"Politikk - Melhus H\u00f8yre\",\"isPartOf\":{\"@id\":\"https:\/\/hoyre.no\/melhus\/#website\"},\"image\":{\"@id\":\"https:\/\/hoyre.no\/melhus\/politikk\/#primaryimage\"},\"thumbnailUrl\":\"https:\/\/hoyre.no\/content\/uploads\/sites\/293\/2022\/09\/GettyImages-1152308900-1024x683.jpg\",\"datePublished\":\"2023-05-02T10:48:39+00:00\",\"dateModified\":\"2025-04-16T13:49:53+00:00\",\"breadcrumb\":{\"@id\":\"https:\/\/hoyre.no\/melhus\/politikk\/#breadcrumb\"},\"inLanguage\":\"nb-NO\",\"potentialAction\":[{\"@type\":\"ReadAction\",\"target\":[\"https:\/\/hoyre.no\/melhus\/politikk\/\"]}]},{\"@type\":\"ImageObject\",\"inLanguage\":\"nb-NO\",\"@id\":\"https:\/\/hoyre.no\/melhus\/politikk\/#primaryimage\",\"url\":\"https:\/\/hoyre.no\/content\/uploads\/sites\/293\/2022\/09\/GettyImages-1152308900-1024x683.jpg\",\"contentUrl\":\"https:\/\/hoyre.no\/content\/uploads\/sites\/293\/2022\/09\/GettyImages-1152308900-1024x683.jpg\"},{\"@type\":\"BreadcrumbList\",\"@id\":\"https:\/\/hoyre.no\/melhus\/politikk\/#breadcrumb\",\"itemListElement\":[{\"@type\":\"ListItem\",\"position\":1,\"name\":\"Til hoyre.no\",\"item\":\"https:\/\/hoyre.no\"},{\"@type\":\"ListItem\",\"position\":2,\"name\":\"Hjem\",\"item\":\"https:\/\/hoyre.no\/melhus\/\"},{\"@type\":\"ListItem\",\"position\":3,\"name\":\"Politikk\"}]},{\"@type\":\"WebSite\",\"@id\":\"https:\/\/hoyre.no\/melhus\/#website\",\"url\":\"https:\/\/hoyre.no\/melhus\/\",\"name\":\"Melhus H\u00f8yre\",\"description\":\"Bare enda et H\u00f8yres nettsteder-nettsted\",\"inLanguage\":\"nb-NO\"}]}<\/script>\n<!-- \/ Yoast SEO plugin. -->","yoast_head_json":{"title":"Politikk - Melhus H\u00f8yre","robots":{"index":"index","follow":"follow","max-snippet":"max-snippet:-1","max-image-preview":"max-image-preview:large","max-video-preview":"max-video-preview:-1"},"canonical":"https:\/\/hoyre.no\/melhus\/politikk\/","og_locale":"nb_NO","og_type":"article","og_title":"Politikk - Melhus H\u00f8yre","og_description":"H\u00f8yre prioriterer det viktigste f\u00f8rst. Melhus skal v\u00e6re p\u00e5 lag med jobbskaperne, bygge flere familieboliger, og sikre kvalitet og mestring i velferden. I Melhus skal vi ha skoler som ser hver enkelt elev, der elevene l\u00e6rer og trives. Vi skal ha et aldersvennlig samfunn og trygg eldreomsorg. Vi skal skape flere jobber i privat n\u00e6ringsliv [&hellip;]","og_url":"https:\/\/hoyre.no\/melhus\/politikk\/","og_site_name":"Melhus H\u00f8yre","article_modified_time":"2025-04-16T13:49:53+00:00","og_image":[{"url":"https:\/\/hoyre.no\/content\/uploads\/sites\/293\/2023\/06\/37004-Melhus-Hoyre-037grb-1024x819.jpg","width":"","height":"","type":""}],"twitter_card":"summary_large_image","twitter_misc":{"Ansl. lesetid":"1 minutt"},"schema":{"@context":"https:\/\/schema.org","@graph":[{"@type":"WebPage","@id":"https:\/\/hoyre.no\/melhus\/politikk\/","url":"https:\/\/hoyre.no\/melhus\/politikk\/","name":"Politikk - Melhus H\u00f8yre","isPartOf":{"@id":"https:\/\/hoyre.no\/melhus\/#website"},"image":{"@id":"https:\/\/hoyre.no\/melhus\/politikk\/#primaryimage"},"thumbnailUrl":"https:\/\/hoyre.no\/content\/uploads\/sites\/293\/2022\/09\/GettyImages-1152308900-1024x683.jpg","datePublished":"2023-05-02T10:48:39+00:00","dateModified":"2025-04-16T13:49:53+00:00","breadcrumb":{"@id":"https:\/\/hoyre.no\/melhus\/politikk\/#breadcrumb"},"inLanguage":"nb-NO","potentialAction":[{"@type":"ReadAction","target":["https:\/\/hoyre.no\/melhus\/politikk\/"]}]},{"@type":"ImageObject","inLanguage":"nb-NO","@id":"https:\/\/hoyre.no\/melhus\/politikk\/#primaryimage","url":"https:\/\/hoyre.no\/content\/uploads\/sites\/293\/2022\/09\/GettyImages-1152308900-1024x683.jpg","contentUrl":"https:\/\/hoyre.no\/content\/uploads\/sites\/293\/2022\/09\/GettyImages-1152308900-1024x683.jpg"},{"@type":"BreadcrumbList","@id":"https:\/\/hoyre.no\/melhus\/politikk\/#breadcrumb","itemListElement":[{"@type":"ListItem","position":1,"name":"Til hoyre.no","item":"https:\/\/hoyre.no"},{"@type":"ListItem","position":2,"name":"Hjem","item":"https:\/\/hoyre.no\/melhus\/"},{"@type":"ListItem","position":3,"name":"Politikk"}]},{"@type":"WebSite","@id":"https:\/\/hoyre.no\/melhus\/#website","url":"https:\/\/hoyre.no\/melhus\/","name":"Melhus H\u00f8yre","description":"Bare enda et H\u00f8yres nettsteder-nettsted","inLanguage":"nb-NO"}]}},"distributor_meta":false,"distributor_terms":false,"distributor_media":false,"distributor_original_site_name":"Melhus H\u00f8yre","distributor_original_site_url":"https:\/\/hoyre.no\/melhus","push-errors":false,"_links":{"self":[{"href":"https:\/\/hoyre.no\/melhus\/wp-json\/wp\/v2\/pages\/496","targetHints":{"allow":["GET"]}}],"collection":[{"href":"https:\/\/hoyre.no\/melhus\/wp-json\/wp\/v2\/pages"}],"about":[{"href":"https:\/\/hoyre.no\/melhus\/wp-json\/wp\/v2\/types\/page"}],"author":[{"embeddable":true,"href":"https:\/\/hoyre.no\/melhus\/wp-json\/wp\/v2\/users\/220"}],"replies":[{"embeddable":true,"href":"https:\/\/hoyre.no\/melhus\/wp-json\/wp\/v2\/comments?post=496"}],"version-history":[{"count":32,"href":"https:\/\/hoyre.no\/melhus\/wp-json\/wp\/v2\/pages\/496\/revisions"}],"predecessor-version":[{"id":1735,"href":"https:\/\/hoyre.no\/melhus\/wp-json\/wp\/v2\/pages\/496\/revisions\/1735"}],"wp:attachment":[{"href":"https:\/\/hoyre.no\/melhus\/wp-json\/wp\/v2\/media?parent=496"}],"curies":[{"name":"wp","href":"https:\/\/api.w.org\/{rel}","templated":true}]}}