{"id":604,"date":"2023-07-06T00:27:50","date_gmt":"2023-07-05T22:27:50","guid":{"rendered":"https:\/\/hoyre.no\/melhus\/?page_id=604"},"modified":"2025-02-07T16:23:41","modified_gmt":"2025-02-07T15:23:41","slug":"muligheter-for-alle","status":"publish","type":"page","link":"https:\/\/hoyre.no\/melhus\/politikk\/muligheter-for-alle\/","title":{"rendered":"Muligheter for alle"},"content":{"rendered":"\n<div class=\"wp-block-hoyre-hero with-image-gradient text-color-light  has-media alignfull has-background\"><div class=\"hoyre-hero has-image\"><h1 class=\"title\">Muligheter for alle<\/h1><p class=\"preamble\">Melhus skal v\u00e6re en kommune med muligheter for alle. Bakgrunn og \u00f8konomi skal ikke ha noe \u00e5 si for hvilke muligheter du har i Melhus.<\/p>\t\t\t<div class=\"post-meta wp-block teft-byline-wrapper\">\n\t\t\t\t<div class=\"top\">\n\t\t\t\t\t<div class=\"signature\">\n\t\t\t\t\t\t<div class=\"teft-byline\">\n\t\t\t\t\t\t\t\t\t\t\t\t\t\t<div>\n\t\t\t\t\t\t\t\t<h3>H\u00f8yres redaksjon<\/h3>\t\t\t\t\t\t\t\t\n\t\t\t\t\t\t\t\t\t\t\t\t\t\t\t\t\t<span class=\"date\">Sist oppdatert: 7. februar 2025<\/span>\n\t\t\t\t\t\t\t\t\t\t\t\t\t\t\t\t\t\t\t\t\t\t\t\t\t<span class=\"reading-time\" itemprop=\"timeRequired\" content=\"PT1M\"><em>Ca. 1 minutter lesetid<\/em><\/span>\n\t\t\t\t\t\t\t\t\t\t\t\t\t\t\t<\/div>\n\t\t\t\t\t\t<\/div>\n\t\t\t\t\t<\/div>\n\t\t\t\t\t\t<div class=\"sharing\">\n\t\t<a class=\"share-button share-link copy-link\" data-copy=\"https:\/\/hoyre.no\/melhus\/politikk\/muligheter-for-alle\/\" target=\"_blank\"><span class=\"screen-reader-text\">Del link<\/span><\/a>\n\t\t<a class=\"share-button share-twitter\" href=\"http:\/\/twitter.com\/share?text=Muligheter for alle&#038;url=https:\/\/hoyre.no\/melhus\/politikk\/muligheter-for-alle\/&#038;hashtags=Hoyre\" target=\"_blank\"><span class=\"screen-reader-text\">Del p\u00e5 twitter<\/span><\/a>\n\t\t<a class=\"share-button share-facebook\" href=\"https:\/\/www.facebook.com\/sharer\/sharer.php?u=https:\/\/hoyre.no\/melhus\/politikk\/muligheter-for-alle\/\" target=\"_blank\"><span class=\"screen-reader-text\">Del p\u00e5 facebook<\/span><\/a>\n\t<\/div>\n\t\t\t\t\t<\/div>\n\t\t\t<\/div>\n\n\t\t\t<figure class=\"hoyre-image-wrapper\"><div class=\"hoyre-image\"><img loading=\"lazy\" decoding=\"async\" width=\"2000\" height=\"2500\" src=\"https:\/\/hoyre.no\/content\/uploads\/sites\/293\/2023\/06\/37004-Melhus-Hoyre-346-scaled.jpg\" class=\"attachment-scaled size-scaled\" alt=\"\" style=\"object-position: 50% 15%\" srcset=\"https:\/\/hoyre.no\/content\/uploads\/sites\/293\/2023\/06\/37004-Melhus-Hoyre-346-scaled.jpg 2000w, https:\/\/hoyre.no\/content\/uploads\/sites\/293\/2023\/06\/37004-Melhus-Hoyre-346-240x300.jpg 240w, https:\/\/hoyre.no\/content\/uploads\/sites\/293\/2023\/06\/37004-Melhus-Hoyre-346-819x1024.jpg 819w, https:\/\/hoyre.no\/content\/uploads\/sites\/293\/2023\/06\/37004-Melhus-Hoyre-346-768x960.jpg 768w, https:\/\/hoyre.no\/content\/uploads\/sites\/293\/2023\/06\/37004-Melhus-Hoyre-346-1229x1536.jpg 1229w, https:\/\/hoyre.no\/content\/uploads\/sites\/293\/2023\/06\/37004-Melhus-Hoyre-346-1638x2048.jpg 1638w\" sizes=\"auto, (max-width: 2000px) 100vw, 2000px\" \/><\/div><\/figure><\/div><\/div>\n\n\n\n\n<p>Vi tror p\u00e5 enkeltmennesket og legger til grunn at folk er ulike. Derfor vil vi ha l\u00f8sninger tilpasset hver enkelt. Vi skal ha gode velferdstjenester, flere jobber og attraktive lokalsamfunn i hele Melhus.<\/p>\n\n\n\n<h2 class=\"wp-block-heading\">Muligheter skapes sammen<\/h2>\n\n\n\n<p>Vi er over 17 000 ulike mennesker som sammen gj\u00f8r Melhus bedre. Det er summen av alle gode krefter og id\u00e9er som stadig gj\u00f8r Melhus til en bedre kommune \u00e5 vokse opp og bo i. Det er n\u00e5r vi spiller p\u00e5 lag mellom frivilligheten, n\u00e6ringslivet og offentlig sektor at vi skaper gode lokalsamfunn.<\/p>\n\n\n\n<p>H\u00f8yre tror p\u00e5 enkeltmenneskets evne og lyst til \u00e5 st\u00e5 p\u00e5 egne bein. Det er v\u00e5r oppgave \u00e5 s\u00f8rge for at mennesker kan leve gode liv, uansett utgangspunkt.<\/p>\n\n\n\n<p>Vi skaper ikke politikk for noen i Melhus, men for alle. Din bakgrunn skal ikke ha noe \u00e5 si for hvilke muligheter du har i Melhus. Fordi H\u00f8yre tror p\u00e5 et samfunn som gir muligheter for alle.<\/p>\n\n\n\n\t\t<div class=\"has-lightest-blue-background-color is-layout-left alignwide alignwide wp-block-hoyre-media-text\">\n\t\t\t<div class=\"hoyre-media-text__media\">\n\t\t\t\t<img loading=\"lazy\" decoding=\"async\" width=\"1024\" height=\"819\" src=\"https:\/\/hoyre.no\/content\/uploads\/sites\/293\/2023\/06\/37004-Melhus-Hoyre-063-1024x819.jpg\" class=\"hoyre-media-text__media-image\" alt=\"\" style=\"--focal: 50% 50%;\" srcset=\"https:\/\/hoyre.no\/content\/uploads\/sites\/293\/2023\/06\/37004-Melhus-Hoyre-063-1024x819.jpg 1024w, https:\/\/hoyre.no\/content\/uploads\/sites\/293\/2023\/06\/37004-Melhus-Hoyre-063-300x240.jpg 300w, https:\/\/hoyre.no\/content\/uploads\/sites\/293\/2023\/06\/37004-Melhus-Hoyre-063-768x614.jpg 768w, https:\/\/hoyre.no\/content\/uploads\/sites\/293\/2023\/06\/37004-Melhus-Hoyre-063-1536x1229.jpg 1536w, https:\/\/hoyre.no\/content\/uploads\/sites\/293\/2023\/06\/37004-Melhus-Hoyre-063-2048x1638.jpg 2048w\" sizes=\"auto, (max-width: 1024px) 100vw, 1024px\" \/>\n\t\t\t<\/div>\n\t\t\t<div class=\"hoyre-media-text__content\">\n\t\t\t\t<div class=\"hoyre-media-text__content-inner\">\n\t\t\t\t\t\n\t\t\t<div class=\"hoyre-media-text__title-container\">\n\t\t\t\t<svg xmlns=\"http:\/\/www.w3.org\/2000\/svg\" xml:space=\"preserve\" viewBox=\"0 0 24 24\"><path d=\"M12 4.42C9.17-1.27 0 .36 0 7.69 0 14.96 9.9 18.63 12 23c2.1-4.37 12-8.04 12-15.31 0-7.32-9.17-8.97-12-3.27z\"\/><\/svg>\n\n\t\t\t\t<h2 class=\"hoyre-media-text__title\">V\u00e5re hjertesaker<\/h2>\n\t\t\t<\/div>\n\t\t\t\n\t\t\t\t\t<div class=\"hoyre-media-text__blocks\">\n<p>Aldersvennlig samfunn, trygg eldreomsorg<\/p><p>Skoler som ser den enkelte elev<\/p><p>P\u00e5 lag med jobbskaperne<\/p><p>Bygg flere familieboliger<\/p><p>Du skal beholde mer av egen inntekt<\/p>\n<\/div>\n\t\t\t\t\t\n\t\t\t\t<\/div>\n\t\t\t<\/div>\n\t\t<\/div>\n\t\t\n\n\n\n<div class=\"wp-block-hoyre-banner alignwide undefined  is-style-dark\"><div class=\"banner-inner\"><figure class=\"hoyre-image-wrapper\"><div class=\"hoyre-image\"><img loading=\"lazy\" decoding=\"async\" width=\"2500\" height=\"1406\" src=\"https:\/\/hoyre.no\/content\/uploads\/sites\/293\/2025\/03\/2024-12-10-22.11.15-2-scaled.jpg\" class=\"attachment-scaled size-scaled\" alt=\"\" style=\"object-position: 50% 50%\" srcset=\"https:\/\/hoyre.no\/content\/uploads\/sites\/293\/2025\/03\/2024-12-10-22.11.15-2-scaled.jpg 2500w, https:\/\/hoyre.no\/content\/uploads\/sites\/293\/2025\/03\/2024-12-10-22.11.15-2-300x169.jpg 300w, https:\/\/hoyre.no\/content\/uploads\/sites\/293\/2025\/03\/2024-12-10-22.11.15-2-1024x576.jpg 1024w, https:\/\/hoyre.no\/content\/uploads\/sites\/293\/2025\/03\/2024-12-10-22.11.15-2-768x432.jpg 768w, https:\/\/hoyre.no\/content\/uploads\/sites\/293\/2025\/03\/2024-12-10-22.11.15-2-1536x864.jpg 1536w, https:\/\/hoyre.no\/content\/uploads\/sites\/293\/2025\/03\/2024-12-10-22.11.15-2-2048x1152.jpg 2048w\" sizes=\"auto, (max-width: 2500px) 100vw, 2500px\" \/><\/div><\/figure><div class=\"banner-content\"><div class=\"entry-content\">\n<h2 class=\"wp-block-heading\" id=\"h-syv-viktige-saker-for-melhus-hoyre\">Syv viktige saker for Melhus H\u00f8yre<\/h2>\n\n\n\n<p>Sammen gj\u00f8r vi Melhus bedre \u2013 til en kommune med muligheter for alle.<\/p>\n\n\n\n<div class=\"wp-block-buttons is-layout-flex wp-block-buttons-is-layout-flex\">\n<div class=\"wp-block-button\"><a class=\"wp-block-button__link wp-element-button\" href=\"https:\/\/hoyre.no\/melhus\/politikk\/syv-gode-grunner-til-a-stemme-melhus-hoyre\/\">Trykk for \u00e5 lese mer<\/a><\/div>\n<\/div>\n<\/div><\/div><\/div><\/div>\n","protected":false},"excerpt":{"rendered":"","protected":false},"author":51320,"featured_media":0,"parent":496,"menu_order":0,"comment_status":"closed","ping_status":"closed","template":"","meta":{"teft_cards_image_url":"","teft_cards_custom_pretitle":"","teft_cards_image_id":567,"teft_cards_image_focal_point_x":0.5,"teft_cards_image_focal_point_y":0.4,"teft_cards_title":"Muligheter for alle","teft_cards_excerpt":"Melhus skal v\u00e6re en kommune med muligheter for alle. Bakgrunn og \u00f8konomi skal ikke ha noe \u00e5 si for hvilke muligheter du har i Melhus.","teft_show_chapters":false,"footnotes":""},"class_list":["post-604","page","type-page","status-publish","hentry"],"yoast_head":"<!-- This site is optimized with the Yoast SEO plugin v26.6 - https:\/\/yoast.com\/wordpress\/plugins\/seo\/ -->\n<title>Muligheter for alle - Melhus H\u00f8yre<\/title>\n<meta name=\"robots\" content=\"index, follow, max-snippet:-1, max-image-preview:large, max-video-preview:-1\" \/>\n<link rel=\"canonical\" href=\"https:\/\/hoyre.no\/melhus\/politikk\/muligheter-for-alle\/\" \/>\n<meta property=\"og:locale\" content=\"nb_NO\" \/>\n<meta property=\"og:type\" content=\"article\" \/>\n<meta property=\"og:title\" content=\"Muligheter for alle - Melhus H\u00f8yre\" \/>\n<meta property=\"og:url\" content=\"https:\/\/hoyre.no\/melhus\/politikk\/muligheter-for-alle\/\" \/>\n<meta property=\"og:site_name\" content=\"Melhus H\u00f8yre\" \/>\n<meta property=\"article:modified_time\" content=\"2025-02-07T15:23:41+00:00\" \/>\n<meta property=\"og:image\" content=\"https:\/\/hoyre.no\/content\/uploads\/sites\/293\/2023\/06\/37004-Melhus-Hoyre-359-1024x683.jpg\" \/>\n<meta name=\"twitter:card\" content=\"summary_large_image\" \/>\n<meta name=\"twitter:label1\" content=\"Ansl. lesetid\" \/>\n\t<meta name=\"twitter:data1\" content=\"1 minutt\" \/>\n<script type=\"application\/ld+json\" class=\"yoast-schema-graph\">{\"@context\":\"https:\/\/schema.org\",\"@graph\":[{\"@type\":\"WebPage\",\"@id\":\"https:\/\/hoyre.no\/melhus\/politikk\/muligheter-for-alle\/\",\"url\":\"https:\/\/hoyre.no\/melhus\/politikk\/muligheter-for-alle\/\",\"name\":\"Muligheter for alle - Melhus H\u00f8yre\",\"isPartOf\":{\"@id\":\"https:\/\/hoyre.no\/melhus\/#website\"},\"datePublished\":\"2023-07-05T22:27:50+00:00\",\"dateModified\":\"2025-02-07T15:23:41+00:00\",\"breadcrumb\":{\"@id\":\"https:\/\/hoyre.no\/melhus\/politikk\/muligheter-for-alle\/#breadcrumb\"},\"inLanguage\":\"nb-NO\",\"potentialAction\":[{\"@type\":\"ReadAction\",\"target\":[\"https:\/\/hoyre.no\/melhus\/politikk\/muligheter-for-alle\/\"]}]},{\"@type\":\"BreadcrumbList\",\"@id\":\"https:\/\/hoyre.no\/melhus\/politikk\/muligheter-for-alle\/#breadcrumb\",\"itemListElement\":[{\"@type\":\"ListItem\",\"position\":1,\"name\":\"Til hoyre.no\",\"item\":\"https:\/\/hoyre.no\"},{\"@type\":\"ListItem\",\"position\":2,\"name\":\"Hjem\",\"item\":\"https:\/\/hoyre.no\/melhus\/\"},{\"@type\":\"ListItem\",\"position\":3,\"name\":\"Politikk\",\"item\":\"https:\/\/hoyre.no\/melhus\/politikk\/\"},{\"@type\":\"ListItem\",\"position\":4,\"name\":\"Muligheter for alle\"}]},{\"@type\":\"WebSite\",\"@id\":\"https:\/\/hoyre.no\/melhus\/#website\",\"url\":\"https:\/\/hoyre.no\/melhus\/\",\"name\":\"Melhus H\u00f8yre\",\"description\":\"Bare enda et H\u00f8yres nettsteder-nettsted\",\"inLanguage\":\"nb-NO\"}]}<\/script>\n<!-- \/ Yoast SEO plugin. -->","yoast_head_json":{"title":"Muligheter for alle - Melhus H\u00f8yre","robots":{"index":"index","follow":"follow","max-snippet":"max-snippet:-1","max-image-preview":"max-image-preview:large","max-video-preview":"max-video-preview:-1"},"canonical":"https:\/\/hoyre.no\/melhus\/politikk\/muligheter-for-alle\/","og_locale":"nb_NO","og_type":"article","og_title":"Muligheter for alle - Melhus H\u00f8yre","og_url":"https:\/\/hoyre.no\/melhus\/politikk\/muligheter-for-alle\/","og_site_name":"Melhus H\u00f8yre","article_modified_time":"2025-02-07T15:23:41+00:00","og_image":[{"url":"https:\/\/hoyre.no\/content\/uploads\/sites\/293\/2023\/06\/37004-Melhus-Hoyre-359-1024x683.jpg","width":"","height":"","type":""}],"twitter_card":"summary_large_image","twitter_misc":{"Ansl. lesetid":"1 minutt"},"schema":{"@context":"https:\/\/schema.org","@graph":[{"@type":"WebPage","@id":"https:\/\/hoyre.no\/melhus\/politikk\/muligheter-for-alle\/","url":"https:\/\/hoyre.no\/melhus\/politikk\/muligheter-for-alle\/","name":"Muligheter for alle - Melhus H\u00f8yre","isPartOf":{"@id":"https:\/\/hoyre.no\/melhus\/#website"},"datePublished":"2023-07-05T22:27:50+00:00","dateModified":"2025-02-07T15:23:41+00:00","breadcrumb":{"@id":"https:\/\/hoyre.no\/melhus\/politikk\/muligheter-for-alle\/#breadcrumb"},"inLanguage":"nb-NO","potentialAction":[{"@type":"ReadAction","target":["https:\/\/hoyre.no\/melhus\/politikk\/muligheter-for-alle\/"]}]},{"@type":"BreadcrumbList","@id":"https:\/\/hoyre.no\/melhus\/politikk\/muligheter-for-alle\/#breadcrumb","itemListElement":[{"@type":"ListItem","position":1,"name":"Til hoyre.no","item":"https:\/\/hoyre.no"},{"@type":"ListItem","position":2,"name":"Hjem","item":"https:\/\/hoyre.no\/melhus\/"},{"@type":"ListItem","position":3,"name":"Politikk","item":"https:\/\/hoyre.no\/melhus\/politikk\/"},{"@type":"ListItem","position":4,"name":"Muligheter for alle"}]},{"@type":"WebSite","@id":"https:\/\/hoyre.no\/melhus\/#website","url":"https:\/\/hoyre.no\/melhus\/","name":"Melhus H\u00f8yre","description":"Bare enda et H\u00f8yres nettsteder-nettsted","inLanguage":"nb-NO"}]}},"distributor_meta":false,"distributor_terms":false,"distributor_media":false,"distributor_original_site_name":"Melhus H\u00f8yre","distributor_original_site_url":"https:\/\/hoyre.no\/melhus","push-errors":false,"_links":{"self":[{"href":"https:\/\/hoyre.no\/melhus\/wp-json\/wp\/v2\/pages\/604","targetHints":{"allow":["GET"]}}],"collection":[{"href":"https:\/\/hoyre.no\/melhus\/wp-json\/wp\/v2\/pages"}],"about":[{"href":"https:\/\/hoyre.no\/melhus\/wp-json\/wp\/v2\/types\/page"}],"author":[{"embeddable":true,"href":"https:\/\/hoyre.no\/melhus\/wp-json\/wp\/v2\/users\/51320"}],"replies":[{"embeddable":true,"href":"https:\/\/hoyre.no\/melhus\/wp-json\/wp\/v2\/comments?post=604"}],"version-history":[{"count":4,"href":"https:\/\/hoyre.no\/melhus\/wp-json\/wp\/v2\/pages\/604\/revisions"}],"predecessor-version":[{"id":1679,"href":"https:\/\/hoyre.no\/melhus\/wp-json\/wp\/v2\/pages\/604\/revisions\/1679"}],"up":[{"embeddable":true,"href":"https:\/\/hoyre.no\/melhus\/wp-json\/wp\/v2\/pages\/496"}],"wp:attachment":[{"href":"https:\/\/hoyre.no\/melhus\/wp-json\/wp\/v2\/media?parent=604"}],"curies":[{"name":"wp","href":"https:\/\/api.w.org\/{rel}","templated":true}]}}