{"id":944,"date":"2023-08-13T23:16:14","date_gmt":"2023-08-13T21:16:14","guid":{"rendered":"https:\/\/hoyre.no\/melhus\/?page_id=944"},"modified":"2026-01-22T07:48:09","modified_gmt":"2026-01-22T06:48:09","slug":"hovin","status":"publish","type":"page","link":"https:\/\/hoyre.no\/melhus\/melhus-hoyre-i-ditt-lokalsamfunn\/hovin\/","title":{"rendered":"Hovin"},"content":{"rendered":"\n\n\n<div class=\"wp-block-hoyre-hero with-image-gradient text-color-light  has-media alignfull has-background\"><div class=\"hoyre-hero has-image\"><h1 class=\"title\">Hovin<\/h1><p class=\"preamble\">Bli bedre kjent med lokale kandidater p\u00e5 Hovin og hva H\u00f8yre vil for Hovin.<\/p>\t\t\t<div class=\"post-meta wp-block teft-byline-wrapper\">\n\t\t\t\t<div class=\"top\">\n\t\t\t\t\t<div class=\"signature\">\n\t\t\t\t\t\t<div class=\"teft-byline\">\n\t\t\t\t\t\t\t\t\t\t\t\t\t\t<div>\n\t\t\t\t\t\t\t\t<h3>H\u00f8yres redaksjon<\/h3>\t\t\t\t\t\t\t\t\n\t\t\t\t\t\t\t\t\t\t\t\t\t\t\t\t\t<span class=\"date\">Sist oppdatert: 22. januar 2026<\/span>\n\t\t\t\t\t\t\t\t\t\t\t\t\t\t\t\t\t\t\t\t\t\t\t\t\t<span class=\"reading-time\" itemprop=\"timeRequired\" content=\"PT2M\"><em>Ca. 2 minutter lesetid<\/em><\/span>\n\t\t\t\t\t\t\t\t\t\t\t\t\t\t\t<\/div>\n\t\t\t\t\t\t<\/div>\n\t\t\t\t\t<\/div>\n\t\t\t\t\t\t<div class=\"sharing\">\n\t\t<a class=\"share-button share-link copy-link\" data-copy=\"https:\/\/hoyre.no\/melhus\/melhus-hoyre-i-ditt-lokalsamfunn\/hovin\/\" target=\"_blank\"><span class=\"screen-reader-text\">Del link<\/span><\/a>\n\t\t<a class=\"share-button share-twitter\" href=\"http:\/\/twitter.com\/share?text=Hovin&#038;url=https:\/\/hoyre.no\/melhus\/melhus-hoyre-i-ditt-lokalsamfunn\/hovin\/&#038;hashtags=Hoyre\" target=\"_blank\"><span class=\"screen-reader-text\">Del p\u00e5 twitter<\/span><\/a>\n\t\t<a class=\"share-button share-facebook\" href=\"https:\/\/www.facebook.com\/sharer\/sharer.php?u=https:\/\/hoyre.no\/melhus\/melhus-hoyre-i-ditt-lokalsamfunn\/hovin\/\" target=\"_blank\"><span class=\"screen-reader-text\">Del p\u00e5 facebook<\/span><\/a>\n\t<\/div>\n\t\t\t\t\t<\/div>\n\t\t\t<\/div>\n\n\t\t\t<figure class=\"hoyre-image-wrapper\"><div class=\"hoyre-image\"><img loading=\"lazy\" decoding=\"async\" width=\"1875\" height=\"2500\" src=\"https:\/\/hoyre.no\/content\/uploads\/sites\/293\/2023\/08\/Bilde-04.08.2023-17-02-25-scaled.jpg\" class=\"attachment-scaled size-scaled\" alt=\"\" style=\"object-position: 50% 40%\" srcset=\"https:\/\/hoyre.no\/content\/uploads\/sites\/293\/2023\/08\/Bilde-04.08.2023-17-02-25-scaled.jpg 1875w, https:\/\/hoyre.no\/content\/uploads\/sites\/293\/2023\/08\/Bilde-04.08.2023-17-02-25-225x300.jpg 225w, https:\/\/hoyre.no\/content\/uploads\/sites\/293\/2023\/08\/Bilde-04.08.2023-17-02-25-768x1024.jpg 768w, https:\/\/hoyre.no\/content\/uploads\/sites\/293\/2023\/08\/Bilde-04.08.2023-17-02-25-1152x1536.jpg 1152w, https:\/\/hoyre.no\/content\/uploads\/sites\/293\/2023\/08\/Bilde-04.08.2023-17-02-25-1536x2048.jpg 1536w\" sizes=\"auto, (max-width: 1875px) 100vw, 1875px\" \/><\/div><\/figure><\/div><\/div>\n\n\n\n\n<p>Det er mye bra p\u00e5 gang i Melhus, og H\u00f8yre vil mer for Melhus. Der noen sier nei, sier H\u00f8yre ja. Melhus skal v\u00e6re en kommune med <a href=\"https:\/\/hoyre.no\/melhus\/politikk\/muligheter-for-alle\/\">muligheter for alle<\/a>.<\/p>\n\n\n\n<p>Her kan du bli kjent med kandidatene v\u00e5re og hvordan de vil gj\u00f8re Hovin og Melhus enda bedre \ud83e\udd29<\/p>\n\n\n\n<h2 class=\"wp-block-heading\">Lokale kandidater p\u00e5 Hovin<\/h2>\n\n\n\n<div class=\"wp-block-hoyre-contacts alignwide\"><div class=\"hoyre-contacts__inner\">\n<div class=\"wp-block-hoyre-contact alignwide\"><div class=\"hoyre-contact__inner\"><figure class=\"hoyre-image-wrapper\"><div class=\"hoyre-image\"><img loading=\"lazy\" decoding=\"async\" width=\"2500\" height=\"1666\" src=\"https:\/\/hoyre.no\/content\/uploads\/sites\/293\/2023\/06\/37004-Melhus-Hoyre-298-scaled.jpg\" class=\"attachment-scaled size-scaled\" alt=\"\" style=\"object-position: 50% 50%\" srcset=\"https:\/\/hoyre.no\/content\/uploads\/sites\/293\/2023\/06\/37004-Melhus-Hoyre-298-scaled.jpg 2500w, https:\/\/hoyre.no\/content\/uploads\/sites\/293\/2023\/06\/37004-Melhus-Hoyre-298-300x200.jpg 300w, https:\/\/hoyre.no\/content\/uploads\/sites\/293\/2023\/06\/37004-Melhus-Hoyre-298-1024x682.jpg 1024w, https:\/\/hoyre.no\/content\/uploads\/sites\/293\/2023\/06\/37004-Melhus-Hoyre-298-768x512.jpg 768w, https:\/\/hoyre.no\/content\/uploads\/sites\/293\/2023\/06\/37004-Melhus-Hoyre-298-1536x1024.jpg 1536w, https:\/\/hoyre.no\/content\/uploads\/sites\/293\/2023\/06\/37004-Melhus-Hoyre-298-2048x1365.jpg 2048w\" sizes=\"auto, (max-width: 2500px) 100vw, 2500px\" \/><\/div><\/figure><h3 class=\"title\">Chatrine Skogstad Alstad<\/h3><span class=\"position\">3. kandidat<br><a href=\"https:\/\/hoyre.no\/melhus\/vare-kandidater\/chatrine-skogstad-alstad\/\">Bli kjent med Chatrine<\/a><\/span><br \/><br \/><\/div><\/div>\n\n\n\n<div class=\"wp-block-hoyre-contact alignwide\"><div class=\"hoyre-contact__inner\"><figure class=\"hoyre-image-wrapper\"><div class=\"hoyre-image\"><img loading=\"lazy\" decoding=\"async\" width=\"2500\" height=\"1668\" src=\"https:\/\/hoyre.no\/content\/uploads\/sites\/293\/2023\/08\/37004-Melhus-Hoyre-218-scaled.jpg\" class=\"attachment-scaled size-scaled\" alt=\"\" style=\"object-position: 50% 50%\" srcset=\"https:\/\/hoyre.no\/content\/uploads\/sites\/293\/2023\/08\/37004-Melhus-Hoyre-218-scaled.jpg 2500w, https:\/\/hoyre.no\/content\/uploads\/sites\/293\/2023\/08\/37004-Melhus-Hoyre-218-300x200.jpg 300w, https:\/\/hoyre.no\/content\/uploads\/sites\/293\/2023\/08\/37004-Melhus-Hoyre-218-1024x683.jpg 1024w, https:\/\/hoyre.no\/content\/uploads\/sites\/293\/2023\/08\/37004-Melhus-Hoyre-218-768x512.jpg 768w, https:\/\/hoyre.no\/content\/uploads\/sites\/293\/2023\/08\/37004-Melhus-Hoyre-218-1536x1025.jpg 1536w, https:\/\/hoyre.no\/content\/uploads\/sites\/293\/2023\/08\/37004-Melhus-Hoyre-218-2048x1366.jpg 2048w\" sizes=\"auto, (max-width: 2500px) 100vw, 2500px\" \/><\/div><\/figure><h3 class=\"title\">Kristin Johanne \u00c5mot<\/h3><span class=\"position\">6. kandidat<br><a href=\"https:\/\/hoyre.no\/melhus\/vare-kandidater\/kristin-johanne-amot\/\">Bli kjent med Kristin<\/a><\/span><br \/><br \/><\/div><\/div>\n<\/div><\/div>\n\n\n\n\n\n\n<div class=\"wp-block-hoyre-timeline hoyre-timeline wp-block-hoyre-timeline\"><div class=\"hoyre-timeline__inner\"><\/div><\/div>\n\n\n<h2 class=\"wp-block-heading\">10 grunner til \u00e5 stemme H\u00f8yre p\u00e5 Hovin<\/h2>\n\n\n\n<ul class=\"wp-block-list\"><li>Etablere gatelys og utbedre gang- og sykkelveg fra sentrum til Gaudalen<\/li><li>Legge til rette for n\u00e6ringsareal rundt ny E6 ved Fosskrysset<\/li><li>Utvikle og ivareta potensialet p\u00e5 Horg bygdatun<\/li><li>Oppgradere vegen rundt \u00c5saringen om Gilmyra<\/li><li>Jobbe for utbygging av Hovin barnehage<\/li><li>Gode m\u00f8teplasser og fritidstilbud for alle barn og unge<\/li><li>F\u00e5 fylket til \u00e5 prioritere bedre veier<\/li><li>Jobbe for flere togavganger og utvidet pendlerparkering<\/li><li>Sikre kvalitet i en trygg og verdig eldreomsorg<\/li><li>Ha gode skoler og barnehager hvor hvert barn blir sett<span style=\"color: var(--color-dark);, sans-serif;letter-spacing: 0.02em\"><\/span><\/li><\/ul>\n\n\n\n<h2 class=\"wp-block-heading\">Fant du ikke din hjertesak her?<\/h2>\n\n\n\n<p>Det er heldigvis mange flere gode grunner til \u00e5 stemme Melhus H\u00f8yre!<\/p>\n\n\n\n<p><a href=\"https:\/\/hoyre.no\/melhus\/politikk\/syv-gode-grunner-til-a-stemme-melhus-hoyre\/\">Her er syv gode grunner til \u00e5 stemme Melhus H\u00f8yre<\/a>, eller du kan finne ut hva H\u00f8yre mener om det som er viktigst for deg i v\u00e5rt partiprogram, som har alle v\u00e5re l\u00f8sninger for Melhus de neste \u00e5rene. Du kan <a href=\"https:\/\/hoyre.no\/melhus\/politikk\/partiprogram\/\">lese partiprogrammet p\u00e5 nett her<\/a> eller <a href=\"https:\/\/hoyre.no\/content\/uploads\/sites\/293\/2023\/07\/Melhus-Hoyres-kommunestyreprogram-for-perioden-2023\u20132027.pdf\">laste ned programmet som PDF her<\/a>.<\/p>\n\n\n\n<div class=\"wp-block-teft-file icon-link-block\"><a href=\"https:\/\/hoyre.no\/content\/uploads\/sites\/293\/2023\/07\/Melhus-Hoyres-kommunestyreprogram-for-perioden-2023\u20132027.pdf\" download><span class=\"file-title\">Her kan du lese partiprogrammet v\u00e5rt for 2023-2027<\/span><span class=\"file-name\">Melhus-Hoyres-kommunestyreprogram-for-perioden-2023\u20132027.pdf [411.9kb]<\/span><\/a><\/div>\n\n\n\n\n<div class=\"wp-block-hoyre-banner alignwide undefined  is-style-light\"><div class=\"banner-inner\"><figure class=\"hoyre-image-wrapper\"><div class=\"hoyre-image\"><img loading=\"lazy\" decoding=\"async\" width=\"2500\" height=\"1667\" src=\"https:\/\/hoyre.no\/content\/uploads\/sites\/293\/2023\/07\/20230712-2D0A7191-scaled.jpg\" class=\"attachment-scaled size-scaled\" alt=\"\" style=\"object-position: 48% 39%\" srcset=\"https:\/\/hoyre.no\/content\/uploads\/sites\/293\/2023\/07\/20230712-2D0A7191-scaled.jpg 2500w, https:\/\/hoyre.no\/content\/uploads\/sites\/293\/2023\/07\/20230712-2D0A7191-300x200.jpg 300w, https:\/\/hoyre.no\/content\/uploads\/sites\/293\/2023\/07\/20230712-2D0A7191-1024x683.jpg 1024w, https:\/\/hoyre.no\/content\/uploads\/sites\/293\/2023\/07\/20230712-2D0A7191-768x512.jpg 768w, https:\/\/hoyre.no\/content\/uploads\/sites\/293\/2023\/07\/20230712-2D0A7191-1536x1024.jpg 1536w, https:\/\/hoyre.no\/content\/uploads\/sites\/293\/2023\/07\/20230712-2D0A7191-2048x1365.jpg 2048w\" sizes=\"auto, (max-width: 2500px) 100vw, 2500px\" \/><\/div><\/figure><div class=\"banner-content\"><div class=\"entry-content\">\n<h2 class=\"wp-block-heading\">Partiprogram<\/h2>\n\n\n\n<p>Her kan du lese Melhus H\u00f8yres kommunestyreprogram 2023\u20132027.<\/p>\n\n\n\n<div class=\"wp-block-buttons is-layout-flex wp-block-buttons-is-layout-flex\">\n<div class=\"wp-block-button\"><a class=\"wp-block-button__link\" href=\"https:\/\/hoyre.no\/melhus\/politikk\/partiprogram\/\">Trykk for \u00e5 lese mer<\/a><\/div>\n<\/div>\n<\/div><\/div><\/div><\/div>\n\n\n\n<div class=\"wp-block-hoyre-banner alignwide undefined\"><div class=\"banner-inner\"><figure class=\"hoyre-image-wrapper\"><div class=\"hoyre-image\"><img loading=\"lazy\" decoding=\"async\" width=\"2500\" height=\"1667\" src=\"https:\/\/hoyre.no\/content\/uploads\/sites\/293\/2023\/08\/20230712-2D0A7166-scaled.jpg\" class=\"attachment-scaled size-scaled\" alt=\"\" style=\"object-position: 50% 50%\" srcset=\"https:\/\/hoyre.no\/content\/uploads\/sites\/293\/2023\/08\/20230712-2D0A7166-scaled.jpg 2500w, https:\/\/hoyre.no\/content\/uploads\/sites\/293\/2023\/08\/20230712-2D0A7166-300x200.jpg 300w, https:\/\/hoyre.no\/content\/uploads\/sites\/293\/2023\/08\/20230712-2D0A7166-1024x683.jpg 1024w, https:\/\/hoyre.no\/content\/uploads\/sites\/293\/2023\/08\/20230712-2D0A7166-768x512.jpg 768w, https:\/\/hoyre.no\/content\/uploads\/sites\/293\/2023\/08\/20230712-2D0A7166-1536x1024.jpg 1536w, https:\/\/hoyre.no\/content\/uploads\/sites\/293\/2023\/08\/20230712-2D0A7166-2048x1365.jpg 2048w\" sizes=\"auto, (max-width: 2500px) 100vw, 2500px\" \/><\/div><\/figure><div class=\"banner-content\"><div class=\"entry-content\">\n<h2 class=\"wp-block-heading\" id=\"h-syv-viktige-saker-for-melhus-hoyre\">Syv viktige saker for Melhus H\u00f8yre<\/h2>\n\n\n\n<p>Sammen gj\u00f8r vi Melhus bedre \u2013 til en kommune med muligheter for alle.<\/p>\n\n\n\n<div class=\"wp-block-buttons is-layout-flex wp-block-buttons-is-layout-flex\">\n<div class=\"wp-block-button\"><a class=\"wp-block-button__link wp-element-button\" href=\"https:\/\/hoyre.no\/melhus\/politikk\/syv-gode-grunner-til-a-stemme-melhus-hoyre\/\">Trykk for \u00e5 lese mer<\/a><\/div>\n<\/div>\n<\/div><\/div><\/div><\/div>\n\n\n\n<div class=\"wp-block-hoyre-banner alignwide undefined  is-style-blue\"><div class=\"banner-inner\"><figure class=\"hoyre-image-wrapper\"><div class=\"hoyre-image\"><img loading=\"lazy\" decoding=\"async\" width=\"2500\" height=\"1666\" src=\"https:\/\/hoyre.no\/content\/uploads\/sites\/293\/2023\/08\/1-Stine-Estenstad-scaled.jpg\" class=\"attachment-scaled size-scaled\" alt=\"\" style=\"object-position: 48% 36%\" srcset=\"https:\/\/hoyre.no\/content\/uploads\/sites\/293\/2023\/08\/1-Stine-Estenstad-scaled.jpg 2500w, https:\/\/hoyre.no\/content\/uploads\/sites\/293\/2023\/08\/1-Stine-Estenstad-300x200.jpg 300w, https:\/\/hoyre.no\/content\/uploads\/sites\/293\/2023\/08\/1-Stine-Estenstad-1024x682.jpg 1024w, https:\/\/hoyre.no\/content\/uploads\/sites\/293\/2023\/08\/1-Stine-Estenstad-768x512.jpg 768w, https:\/\/hoyre.no\/content\/uploads\/sites\/293\/2023\/08\/1-Stine-Estenstad-1536x1024.jpg 1536w, https:\/\/hoyre.no\/content\/uploads\/sites\/293\/2023\/08\/1-Stine-Estenstad-2048x1365.jpg 2048w\" sizes=\"auto, (max-width: 2500px) 100vw, 2500px\" \/><\/div><\/figure><div class=\"banner-content\"><div class=\"entry-content\">\n<h2 class=\"wp-block-heading\">Bli kjent med Stine<\/h2>\n\n\n\n<p>Stine Estenstad var ordf\u00f8rerkandidat for Melhus H\u00f8yre i 2023. Bli bedre kjent med henne her.<\/p>\n\n\n\n<div class=\"wp-block-buttons is-layout-flex wp-block-buttons-is-layout-flex\">\n<div class=\"wp-block-button\"><a class=\"wp-block-button__link wp-element-button\" href=\"https:\/\/hoyre.no\/melhus\/vare-kandidater\/stine-estenstad-var-ordforerkandidat\/\">Bli kjent med Stine<\/a><\/div>\n<\/div>\n<\/div><\/div><\/div><\/div>\n\n\n\n<div class=\"wp-block-hoyre-banner alignwide undefined  is-style-light\"><div class=\"banner-inner\"><figure class=\"hoyre-image-wrapper\"><div class=\"hoyre-image\"><img loading=\"lazy\" decoding=\"async\" width=\"2560\" height=\"1707\" src=\"https:\/\/hoyre.no\/content\/uploads\/sites\/293\/2020\/11\/img_2488-scaled.jpg\" class=\"attachment-scaled size-scaled\" alt=\"\" style=\"object-position: 30% 50%\" srcset=\"https:\/\/hoyre.no\/content\/uploads\/sites\/293\/2020\/11\/img_2488-scaled.jpg 2560w, https:\/\/hoyre.no\/content\/uploads\/sites\/293\/2020\/11\/img_2488-300x200.jpg 300w, https:\/\/hoyre.no\/content\/uploads\/sites\/293\/2020\/11\/img_2488-1024x683.jpg 1024w, https:\/\/hoyre.no\/content\/uploads\/sites\/293\/2020\/11\/img_2488-768x512.jpg 768w, https:\/\/hoyre.no\/content\/uploads\/sites\/293\/2020\/11\/img_2488-1536x1024.jpg 1536w, https:\/\/hoyre.no\/content\/uploads\/sites\/293\/2020\/11\/img_2488-2048x1365.jpg 2048w\" sizes=\"auto, (max-width: 2560px) 100vw, 2560px\" \/><\/div><\/figure><div class=\"banner-content\"><div class=\"entry-content\">\n<h2 class=\"wp-block-heading\">Alt om valget i Melhus<\/h2>\n\n\n\n<p>Her har vi samlet det du trenger \u00e5 vite om hvordan stemme i stortingsvalget i Melhus.<\/p>\n\n\n\n<div class=\"wp-block-buttons is-layout-flex wp-block-buttons-is-layout-flex\">\n<div class=\"wp-block-button\"><a class=\"wp-block-button__link wp-element-button\" href=\"https:\/\/hoyre.no\/melhus\/alt-om-valget-i-melhus\/\">trykk for \u00e5 lese mer<\/a><\/div>\n<\/div>\n<\/div><\/div><\/div><\/div>\n","protected":false},"excerpt":{"rendered":"","protected":false},"author":220,"featured_media":0,"parent":902,"menu_order":2,"comment_status":"closed","ping_status":"closed","template":"","meta":{"teft_cards_image_url":"","teft_cards_custom_pretitle":"","teft_cards_image_id":904,"teft_cards_image_focal_point_x":0.5,"teft_cards_image_focal_point_y":0.5,"teft_cards_title":"","teft_cards_excerpt":"","teft_show_chapters":false,"footnotes":""},"class_list":["post-944","page","type-page","status-publish","hentry"],"yoast_head":"<!-- This site is optimized with the Yoast SEO plugin v26.6 - https:\/\/yoast.com\/wordpress\/plugins\/seo\/ -->\n<title>Hovin - Melhus H\u00f8yre<\/title>\n<meta name=\"robots\" content=\"index, follow, max-snippet:-1, max-image-preview:large, max-video-preview:-1\" \/>\n<link rel=\"canonical\" href=\"https:\/\/hoyre.no\/melhus\/melhus-hoyre-i-ditt-lokalsamfunn\/hovin\/\" \/>\n<meta property=\"og:locale\" content=\"nb_NO\" \/>\n<meta property=\"og:type\" content=\"article\" \/>\n<meta property=\"og:title\" content=\"Hovin - Melhus H\u00f8yre\" \/>\n<meta property=\"og:url\" content=\"https:\/\/hoyre.no\/melhus\/melhus-hoyre-i-ditt-lokalsamfunn\/hovin\/\" \/>\n<meta property=\"og:site_name\" content=\"Melhus H\u00f8yre\" \/>\n<meta property=\"article:modified_time\" content=\"2026-01-22T06:48:09+00:00\" \/>\n<meta property=\"og:image\" content=\"https:\/\/hoyre.no\/content\/uploads\/sites\/293\/2023\/08\/Bilde-04.08.2023-17-02-25-768x1024.jpg\" \/>\n<meta name=\"twitter:card\" content=\"summary_large_image\" \/>\n<meta name=\"twitter:label1\" content=\"Ansl. lesetid\" \/>\n\t<meta name=\"twitter:data1\" content=\"2 minutter\" \/>\n<script type=\"application\/ld+json\" class=\"yoast-schema-graph\">{\"@context\":\"https:\/\/schema.org\",\"@graph\":[{\"@type\":\"WebPage\",\"@id\":\"https:\/\/hoyre.no\/melhus\/melhus-hoyre-i-ditt-lokalsamfunn\/hovin\/\",\"url\":\"https:\/\/hoyre.no\/melhus\/melhus-hoyre-i-ditt-lokalsamfunn\/hovin\/\",\"name\":\"Hovin - Melhus H\u00f8yre\",\"isPartOf\":{\"@id\":\"https:\/\/hoyre.no\/melhus\/#website\"},\"datePublished\":\"2023-08-13T21:16:14+00:00\",\"dateModified\":\"2026-01-22T06:48:09+00:00\",\"breadcrumb\":{\"@id\":\"https:\/\/hoyre.no\/melhus\/melhus-hoyre-i-ditt-lokalsamfunn\/hovin\/#breadcrumb\"},\"inLanguage\":\"nb-NO\",\"potentialAction\":[{\"@type\":\"ReadAction\",\"target\":[\"https:\/\/hoyre.no\/melhus\/melhus-hoyre-i-ditt-lokalsamfunn\/hovin\/\"]}]},{\"@type\":\"BreadcrumbList\",\"@id\":\"https:\/\/hoyre.no\/melhus\/melhus-hoyre-i-ditt-lokalsamfunn\/hovin\/#breadcrumb\",\"itemListElement\":[{\"@type\":\"ListItem\",\"position\":1,\"name\":\"Til hoyre.no\",\"item\":\"https:\/\/hoyre.no\"},{\"@type\":\"ListItem\",\"position\":2,\"name\":\"Hjem\",\"item\":\"https:\/\/hoyre.no\/melhus\/\"},{\"@type\":\"ListItem\",\"position\":3,\"name\":\"Melhus H\u00f8yre i ditt lokalsamfunn\",\"item\":\"https:\/\/hoyre.no\/melhus\/melhus-hoyre-i-ditt-lokalsamfunn\/\"},{\"@type\":\"ListItem\",\"position\":4,\"name\":\"Hovin\"}]},{\"@type\":\"WebSite\",\"@id\":\"https:\/\/hoyre.no\/melhus\/#website\",\"url\":\"https:\/\/hoyre.no\/melhus\/\",\"name\":\"Melhus H\u00f8yre\",\"description\":\"Bare enda et H\u00f8yres nettsteder-nettsted\",\"inLanguage\":\"nb-NO\"}]}<\/script>\n<!-- \/ Yoast SEO plugin. -->","yoast_head_json":{"title":"Hovin - Melhus H\u00f8yre","robots":{"index":"index","follow":"follow","max-snippet":"max-snippet:-1","max-image-preview":"max-image-preview:large","max-video-preview":"max-video-preview:-1"},"canonical":"https:\/\/hoyre.no\/melhus\/melhus-hoyre-i-ditt-lokalsamfunn\/hovin\/","og_locale":"nb_NO","og_type":"article","og_title":"Hovin - Melhus H\u00f8yre","og_url":"https:\/\/hoyre.no\/melhus\/melhus-hoyre-i-ditt-lokalsamfunn\/hovin\/","og_site_name":"Melhus H\u00f8yre","article_modified_time":"2026-01-22T06:48:09+00:00","og_image":[{"url":"https:\/\/hoyre.no\/content\/uploads\/sites\/293\/2023\/08\/Bilde-04.08.2023-17-02-25-768x1024.jpg","width":"","height":"","type":""}],"twitter_card":"summary_large_image","twitter_misc":{"Ansl. lesetid":"2 minutter"},"schema":{"@context":"https:\/\/schema.org","@graph":[{"@type":"WebPage","@id":"https:\/\/hoyre.no\/melhus\/melhus-hoyre-i-ditt-lokalsamfunn\/hovin\/","url":"https:\/\/hoyre.no\/melhus\/melhus-hoyre-i-ditt-lokalsamfunn\/hovin\/","name":"Hovin - Melhus H\u00f8yre","isPartOf":{"@id":"https:\/\/hoyre.no\/melhus\/#website"},"datePublished":"2023-08-13T21:16:14+00:00","dateModified":"2026-01-22T06:48:09+00:00","breadcrumb":{"@id":"https:\/\/hoyre.no\/melhus\/melhus-hoyre-i-ditt-lokalsamfunn\/hovin\/#breadcrumb"},"inLanguage":"nb-NO","potentialAction":[{"@type":"ReadAction","target":["https:\/\/hoyre.no\/melhus\/melhus-hoyre-i-ditt-lokalsamfunn\/hovin\/"]}]},{"@type":"BreadcrumbList","@id":"https:\/\/hoyre.no\/melhus\/melhus-hoyre-i-ditt-lokalsamfunn\/hovin\/#breadcrumb","itemListElement":[{"@type":"ListItem","position":1,"name":"Til hoyre.no","item":"https:\/\/hoyre.no"},{"@type":"ListItem","position":2,"name":"Hjem","item":"https:\/\/hoyre.no\/melhus\/"},{"@type":"ListItem","position":3,"name":"Melhus H\u00f8yre i ditt lokalsamfunn","item":"https:\/\/hoyre.no\/melhus\/melhus-hoyre-i-ditt-lokalsamfunn\/"},{"@type":"ListItem","position":4,"name":"Hovin"}]},{"@type":"WebSite","@id":"https:\/\/hoyre.no\/melhus\/#website","url":"https:\/\/hoyre.no\/melhus\/","name":"Melhus H\u00f8yre","description":"Bare enda et H\u00f8yres nettsteder-nettsted","inLanguage":"nb-NO"}]}},"distributor_meta":false,"distributor_terms":false,"distributor_media":false,"distributor_original_site_name":"Melhus H\u00f8yre","distributor_original_site_url":"https:\/\/hoyre.no\/melhus","push-errors":false,"_links":{"self":[{"href":"https:\/\/hoyre.no\/melhus\/wp-json\/wp\/v2\/pages\/944","targetHints":{"allow":["GET"]}}],"collection":[{"href":"https:\/\/hoyre.no\/melhus\/wp-json\/wp\/v2\/pages"}],"about":[{"href":"https:\/\/hoyre.no\/melhus\/wp-json\/wp\/v2\/types\/page"}],"author":[{"embeddable":true,"href":"https:\/\/hoyre.no\/melhus\/wp-json\/wp\/v2\/users\/220"}],"replies":[{"embeddable":true,"href":"https:\/\/hoyre.no\/melhus\/wp-json\/wp\/v2\/comments?post=944"}],"version-history":[{"count":9,"href":"https:\/\/hoyre.no\/melhus\/wp-json\/wp\/v2\/pages\/944\/revisions"}],"predecessor-version":[{"id":1826,"href":"https:\/\/hoyre.no\/melhus\/wp-json\/wp\/v2\/pages\/944\/revisions\/1826"}],"up":[{"embeddable":true,"href":"https:\/\/hoyre.no\/melhus\/wp-json\/wp\/v2\/pages\/902"}],"wp:attachment":[{"href":"https:\/\/hoyre.no\/melhus\/wp-json\/wp\/v2\/media?parent=944"}],"curies":[{"name":"wp","href":"https:\/\/api.w.org\/{rel}","templated":true}]}}