{"id":989,"date":"2023-08-15T22:35:53","date_gmt":"2023-08-15T20:35:53","guid":{"rendered":"https:\/\/hoyre.no\/melhus\/?page_id=989"},"modified":"2023-08-20T22:51:39","modified_gmt":"2023-08-20T20:51:39","slug":"chatrine-skogstad-alstad","status":"publish","type":"page","link":"https:\/\/hoyre.no\/melhus\/vare-kandidater\/chatrine-skogstad-alstad\/","title":{"rendered":"Chatrine Skogstad Alstad"},"content":{"rendered":"\n<div class=\"wp-block-hoyre-hero with-image-gradient text-color-light  has-media alignfull has-background\"><div class=\"hoyre-hero has-image\"><h1 class=\"title\">Chatrine Skogstad Alstad<\/h1><p class=\"preamble\">3. kandidat Melhus<\/p>\t\t\t<div class=\"post-meta wp-block teft-byline-wrapper\">\n\t\t\t\t<div class=\"top\">\n\t\t\t\t\t<div class=\"signature\">\n\t\t\t\t\t\t<div class=\"teft-byline\">\n\t\t\t\t\t\t\t\t\t\t\t\t\t\t<div>\n\t\t\t\t\t\t\t\t<h3>H\u00f8yres redaksjon<\/h3>\t\t\t\t\t\t\t\t\n\t\t\t\t\t\t\t\t\t\t\t\t\t\t\t\t\t<span class=\"date\">Sist oppdatert: 20. august 2023<\/span>\n\t\t\t\t\t\t\t\t\t\t\t\t\t\t\t\t\t\t\t\t\t\t\t\t\t<span class=\"reading-time\" itemprop=\"timeRequired\" content=\"PT4M\"><em>Ca. 4 minutter lesetid<\/em><\/span>\n\t\t\t\t\t\t\t\t\t\t\t\t\t\t\t<\/div>\n\t\t\t\t\t\t<\/div>\n\t\t\t\t\t<\/div>\n\t\t\t\t\t\t<div class=\"sharing\">\n\t\t<a class=\"share-button share-link copy-link\" data-copy=\"https:\/\/hoyre.no\/melhus\/vare-kandidater\/chatrine-skogstad-alstad\/\" target=\"_blank\"><span class=\"screen-reader-text\">Del link<\/span><\/a>\n\t\t<a class=\"share-button share-twitter\" href=\"http:\/\/twitter.com\/share?text=Chatrine Skogstad Alstad&#038;url=https:\/\/hoyre.no\/melhus\/vare-kandidater\/chatrine-skogstad-alstad\/&#038;hashtags=Hoyre\" target=\"_blank\"><span class=\"screen-reader-text\">Del p\u00e5 twitter<\/span><\/a>\n\t\t<a class=\"share-button share-facebook\" href=\"https:\/\/www.facebook.com\/sharer\/sharer.php?u=https:\/\/hoyre.no\/melhus\/vare-kandidater\/chatrine-skogstad-alstad\/\" target=\"_blank\"><span class=\"screen-reader-text\">Del p\u00e5 facebook<\/span><\/a>\n\t<\/div>\n\t\t\t\t\t<\/div>\n\t\t\t<\/div>\n\n\t\t\t<figure class=\"hoyre-image-wrapper\"><div class=\"hoyre-image\"><img loading=\"lazy\" decoding=\"async\" width=\"2500\" height=\"1666\" src=\"https:\/\/hoyre.no\/content\/uploads\/sites\/293\/2023\/06\/37004-Melhus-Hoyre-298-scaled.jpg\" class=\"attachment-scaled size-scaled\" alt=\"\" style=\"object-position: 50% 50%\" srcset=\"https:\/\/hoyre.no\/content\/uploads\/sites\/293\/2023\/06\/37004-Melhus-Hoyre-298-scaled.jpg 2500w, https:\/\/hoyre.no\/content\/uploads\/sites\/293\/2023\/06\/37004-Melhus-Hoyre-298-300x200.jpg 300w, https:\/\/hoyre.no\/content\/uploads\/sites\/293\/2023\/06\/37004-Melhus-Hoyre-298-1024x682.jpg 1024w, https:\/\/hoyre.no\/content\/uploads\/sites\/293\/2023\/06\/37004-Melhus-Hoyre-298-768x512.jpg 768w, https:\/\/hoyre.no\/content\/uploads\/sites\/293\/2023\/06\/37004-Melhus-Hoyre-298-1536x1024.jpg 1536w, https:\/\/hoyre.no\/content\/uploads\/sites\/293\/2023\/06\/37004-Melhus-Hoyre-298-2048x1365.jpg 2048w\" sizes=\"auto, (max-width: 2500px) 100vw, 2500px\" \/><\/div><\/figure><\/div><\/div>\n\n\n\n\n\n<div class=\"wp-block-buttons is-layout-flex wp-block-buttons-is-layout-flex\">\n<div class=\"wp-block-button\"><a class=\"wp-block-button__link\" href=\"https:\/\/hoyre.no\/nyhetsbrev\/\">meld deg p\u00e5 H\u00f8yres nyhetsbrev<\/a><\/div>\n\n\n\n<div class=\"wp-block-button\"><a class=\"wp-block-button__link\" href=\"https:\/\/hoyre.no\/personprofiler\/chatrine-skogstad-alstad\/\">Kom i kontakt med chatrine<\/a><\/div>\n<\/div>\n\n\n\n<div class=\"wp-block-buttons is-content-justification-center is-layout-flex wp-container-core-buttons-is-layout-16018d1d wp-block-buttons-is-layout-flex\">\n<div class=\"wp-block-button\"><a class=\"wp-block-button__link\" href=\"https:\/\/www.facebook.com\/melhushoyre\" target=\"_blank\" rel=\"noreferrer noopener\">f\u00f8lg melhus h\u00f8yre p\u00e5 facebook<\/a><\/div>\n<\/div>\n\n\n\n<div class=\"wp-block-hoyre-banner undefined has-icon-title icon-heart is-style-blue\"><div class=\"banner-inner\"><div class=\"banner-content\"><div class=\"entry-content\">\n<h2 class=\"wp-block-heading\">Bli bedre kjent med Chatrine<\/h2>\n\n\n\n<p class=\"has-text-align-left\"><strong>F\u00f8dsels\u00e5r: <\/strong>1975<\/p>\n\n\n\n<p class=\"has-text-align-left\"><strong>Bosted:<\/strong> Korsvegen<\/p>\n\n\n\n<p class=\"has-text-align-left\"><strong>Hobbyer \/ Hva liker du best \u00e5 gj\u00f8re p\u00e5 fritiden?<\/strong><\/p>\n\n\n\n<p class=\"has-text-align-left\">Jeg synger i kor og liker \u00e5 reise. Du finner meg ofte p\u00e5 hytta ved Svorksj\u00f8en. Der har vi mye bes\u00f8k av familie og venner og der kobler jeg gjerne av med et stort puslespill, litt strikking eller en tur til J\u00e5rakj\u00f8len. Jeg liker ogs\u00e5 \u00e5 fiske, plukke sopp og b\u00e6r og om tiden strekker til s\u00e5 forsker jeg gjerne litt p\u00e5 slekta ogs\u00e5<\/p>\n\n\n\n<p class=\"has-text-align-left\"><strong>Mine <\/strong><strong>Hjertesaker \/ Hvilke politiske saker er du mest opptatt av?<\/strong><\/p>\n\n\n\n<p class=\"has-text-align-left\">Det er mange viktige saker vi m\u00e5 ta tak i fremover. Vi skal v\u00e6re p\u00e5 lag med jobbskaperne, bygge flere familieboliger og vi m\u00e5 forbedre og videreutvikle tjenestene som vi skal levere til v\u00e5re innbyggere. Jeg \u00f8nsker \u00e5 fronte en god, trygg og fleksibel eldreomsorg og ikke minst m\u00e5 vi st\u00f8tte opp om alle v\u00e5re frivillige organisasjoner, slik at vi kan ha et bredt utvalg av fritidstilbud til folk i alle aldre og spesielt til v\u00e5re barn og unge. Via jobben min brenner jeg ogs\u00e5 for et godt og innovativt landbruk. Vi m\u00e5 st\u00f8tte og styrke landbruket som en av de st\u00f8rste n\u00e6ringene v\u00e5re, ved \u00e5 gi b\u00f8ndene frihet og mulighet til \u00e5 satse og utnytte potensialet i sin drift. Vi m\u00e5 verne om lokal matproduksjon, det er viktigere enn noen gang. Melhus skal v\u00e6re en tilgjengelig, positiv og l\u00f8sningsorientert JA-kommune!<\/p>\n\n\n\n<p class=\"has-text-align-left\"><strong>Hvorfor stiller du til valg for Melhus H\u00f8yre?<\/strong><\/p>\n\n\n\n<p class=\"has-text-align-left\">Jeg stiller til valg for Melhus H\u00f8yre fordi&nbsp; jeg mener H\u00f8yre har politikken som gagner innbyggerne i Melhus best, og Stine Estenstad vil v\u00e6re en god ordf\u00f8rer for hele Melhus kommune. H\u00f8yre setter enkeltmennesket h\u00f8yt. Valgfrihet er en naturlig del av \u00e5 kunne bestemme over eget liv. Du vet selv hva som er best for deg og din familie. Vi m\u00e5 forenkle prosesser og t\u00f8rre \u00e5 tenke nytt. Vi m\u00e5 se fremover og ta beslutninger basert p\u00e5 kunnskap og ikke gro fast og skjule oss bak at alt var s\u00e5 mye bedre f\u00f8r. Vi m\u00e5 lytte til folks \u00f8nsker og behov og organisere v\u00e5re tjenester deretter. Kommunen er til for innbyggerne og ikke omvendt. .<\/p>\n\n\n\n<p class=\"has-text-align-left\"><strong>Hvilke erfaringer og kvalifikasjoner vil du fremheve ved deg selv?<\/strong><\/p>\n\n\n\n<p class=\"has-text-align-left\">Jeg har \u00f8konomisk og administrativ utdannelse og har jobbet med forsikring og kundebehandling hele mitt voksne liv. F\u00f8rst i Gjensidige, s\u00e5 i MelhusBanken og n\u00e5 som forsikringsspesialist for landbrukskunder i Sparebank1 SMN. Jeg er samfunnsengasjert, positiv og fremoverlent og er opptatt av \u00e5 se muligheter og ikke begrensninger. Jeg har jobbet med salg og kundebehandling i 25 \u00e5r og mener at dette har gjort meg til en god lytter som evner \u00e5 sette seg inn i andres behov. Jeg er glad i mennesker og drevet av en indre motivasjon. Disse egenskapene tar jeg n\u00e5 med meg inn i politikken.<\/p>\n\n\n\n<p class=\"has-text-align-left\"><strong>Hva liker du best med Melhus?<\/strong>&nbsp;<\/p>\n\n\n\n<p class=\"has-text-align-left\">Melhus er en av f\u00e5 kommuner i vekst, vi er en landbrukskommune med mye kulturhistorie og vi har et mangfold av frivillige organisasjoner som skaper fellesskap og fostrer talenter som vi er stolte av. Som sylfersk politiker \u00f8nsker jeg \u00e5 bidra til \u00e5 gj\u00f8re hele Melhus enda bedre og mere attraktiv, her skal du kunne bo og trives hele livet. Jeg er stolt av Melhus!<\/p>\n\n\n\n<div class=\"wp-block-buttons is-layout-flex wp-block-buttons-is-layout-flex\"><\/div>\n<\/div><\/div><\/div><\/div>\n\n\n\n<h2 class=\"wp-block-heading\">Slik stemmer du p\u00e5 Chatrine<\/h2>\n\n\n\n<p>P\u00e5 H\u00f8yres stemmeseddel setter du et kryss i boksen ved siden av navnet til listekandidatene du vil gi en personstemme. Du kan gi personstemme til s\u00e5 mange kandidater du vil. For \u00e5 stemme p\u00e5 Chatrine, setter du kryss ved kandidat 3 Chatrine Skogstad Alstad.<\/p>\n\n\n\n<p><em>Om du ikke stemmer p\u00e5 H\u00f8yre, kan du gi en s\u00e5kalt \u00abslenger\u00bb. Skriv da kandidatnavnet i feltet merket \u00abKandidater fra andre lister\u00bb p\u00e5 stemmeseddelen.<\/em><\/p>\n\n\n\n<h2 class=\"wp-block-heading\">Lurer du p\u00e5 noe om valget?<\/h2>\n\n\n\n<div class=\"wp-block-teft-accentuated-link undefined has-image\"><div class=\"kf-link__wrapper\"><div class=\"kf-link__tagline\">Alt om valget i Melhus<\/div><a class=\"kf-link__link\" href=\"https:\/\/hoyre.no\/melhus\/alt-om-valget-i-melhus\/\">Her har vi samlet det du trenger \u00e5 vite om \u00e5rets valg i Melhus<\/a><\/div><figure class=\"hoyre-image-wrapper\"><div class=\"hoyre-image\"><img loading=\"lazy\" decoding=\"async\" width=\"2560\" height=\"1707\" src=\"https:\/\/hoyre.no\/content\/uploads\/sites\/293\/2020\/11\/img_2488-scaled.jpg\" class=\"attachment-scaled size-scaled\" alt=\"\" style=\"object-position: 50% 50%\" srcset=\"https:\/\/hoyre.no\/content\/uploads\/sites\/293\/2020\/11\/img_2488-scaled.jpg 2560w, https:\/\/hoyre.no\/content\/uploads\/sites\/293\/2020\/11\/img_2488-300x200.jpg 300w, https:\/\/hoyre.no\/content\/uploads\/sites\/293\/2020\/11\/img_2488-1024x683.jpg 1024w, https:\/\/hoyre.no\/content\/uploads\/sites\/293\/2020\/11\/img_2488-768x512.jpg 768w, https:\/\/hoyre.no\/content\/uploads\/sites\/293\/2020\/11\/img_2488-1536x1024.jpg 1536w, https:\/\/hoyre.no\/content\/uploads\/sites\/293\/2020\/11\/img_2488-2048x1365.jpg 2048w\" sizes=\"auto, (max-width: 2560px) 100vw, 2560px\" \/><\/div><\/figure><\/div>\n","protected":false},"excerpt":{"rendered":"<p>Slik stemmer du p\u00e5 Chatrine P\u00e5 H\u00f8yres stemmeseddel setter du et kryss i boksen ved siden av navnet til listekandidatene du vil gi en personstemme. Du kan gi personstemme til s\u00e5 mange kandidater du vil. For \u00e5 stemme p\u00e5 Chatrine, setter du kryss ved kandidat 3 Chatrine Skogstad Alstad. Om du ikke stemmer p\u00e5 H\u00f8yre, [&hellip;]<\/p>\n","protected":false},"author":8238,"featured_media":0,"parent":804,"menu_order":3,"comment_status":"closed","ping_status":"closed","template":"","meta":{"teft_cards_image_url":"","teft_cards_custom_pretitle":"","teft_cards_image_id":572,"teft_cards_image_focal_point_x":0.5,"teft_cards_image_focal_point_y":0.5,"teft_cards_title":"","teft_cards_excerpt":"","teft_show_chapters":false,"footnotes":""},"class_list":["post-989","page","type-page","status-publish","hentry"],"yoast_head":"<!-- This site is optimized with the Yoast SEO plugin v26.6 - https:\/\/yoast.com\/wordpress\/plugins\/seo\/ -->\n<title>Chatrine Skogstad Alstad - Melhus H\u00f8yre<\/title>\n<meta name=\"robots\" content=\"index, follow, max-snippet:-1, max-image-preview:large, max-video-preview:-1\" \/>\n<link rel=\"canonical\" href=\"https:\/\/hoyre.no\/melhus\/vare-kandidater\/chatrine-skogstad-alstad\/\" \/>\n<meta property=\"og:locale\" content=\"nb_NO\" \/>\n<meta property=\"og:type\" content=\"article\" \/>\n<meta property=\"og:title\" content=\"Chatrine Skogstad Alstad - Melhus H\u00f8yre\" \/>\n<meta property=\"og:description\" content=\"Slik stemmer du p\u00e5 Chatrine P\u00e5 H\u00f8yres stemmeseddel setter du et kryss i boksen ved siden av navnet til listekandidatene du vil gi en personstemme. Du kan gi personstemme til s\u00e5 mange kandidater du vil. For \u00e5 stemme p\u00e5 Chatrine, setter du kryss ved kandidat 3 Chatrine Skogstad Alstad. Om du ikke stemmer p\u00e5 H\u00f8yre, [&hellip;]\" \/>\n<meta property=\"og:url\" content=\"https:\/\/hoyre.no\/melhus\/vare-kandidater\/chatrine-skogstad-alstad\/\" \/>\n<meta property=\"og:site_name\" content=\"Melhus H\u00f8yre\" \/>\n<meta property=\"article:modified_time\" content=\"2023-08-20T20:51:39+00:00\" \/>\n<meta property=\"og:image\" content=\"https:\/\/hoyre.no\/content\/uploads\/sites\/293\/2023\/06\/37004-Melhus-Hoyre-298-1024x682.jpg\" \/>\n<meta name=\"twitter:card\" content=\"summary_large_image\" \/>\n<meta name=\"twitter:label1\" content=\"Ansl. lesetid\" \/>\n\t<meta name=\"twitter:data1\" content=\"4 minutter\" \/>\n<script type=\"application\/ld+json\" class=\"yoast-schema-graph\">{\"@context\":\"https:\/\/schema.org\",\"@graph\":[{\"@type\":\"WebPage\",\"@id\":\"https:\/\/hoyre.no\/melhus\/vare-kandidater\/chatrine-skogstad-alstad\/\",\"url\":\"https:\/\/hoyre.no\/melhus\/vare-kandidater\/chatrine-skogstad-alstad\/\",\"name\":\"Chatrine Skogstad Alstad - Melhus H\u00f8yre\",\"isPartOf\":{\"@id\":\"https:\/\/hoyre.no\/melhus\/#website\"},\"datePublished\":\"2023-08-15T20:35:53+00:00\",\"dateModified\":\"2023-08-20T20:51:39+00:00\",\"breadcrumb\":{\"@id\":\"https:\/\/hoyre.no\/melhus\/vare-kandidater\/chatrine-skogstad-alstad\/#breadcrumb\"},\"inLanguage\":\"nb-NO\",\"potentialAction\":[{\"@type\":\"ReadAction\",\"target\":[\"https:\/\/hoyre.no\/melhus\/vare-kandidater\/chatrine-skogstad-alstad\/\"]}]},{\"@type\":\"BreadcrumbList\",\"@id\":\"https:\/\/hoyre.no\/melhus\/vare-kandidater\/chatrine-skogstad-alstad\/#breadcrumb\",\"itemListElement\":[{\"@type\":\"ListItem\",\"position\":1,\"name\":\"Til hoyre.no\",\"item\":\"https:\/\/hoyre.no\"},{\"@type\":\"ListItem\",\"position\":2,\"name\":\"Hjem\",\"item\":\"https:\/\/hoyre.no\/melhus\/\"},{\"@type\":\"ListItem\",\"position\":3,\"name\":\"V\u00e5re kandidater\",\"item\":\"https:\/\/hoyre.no\/melhus\/vare-kandidater\/\"},{\"@type\":\"ListItem\",\"position\":4,\"name\":\"Chatrine Skogstad Alstad\"}]},{\"@type\":\"WebSite\",\"@id\":\"https:\/\/hoyre.no\/melhus\/#website\",\"url\":\"https:\/\/hoyre.no\/melhus\/\",\"name\":\"Melhus H\u00f8yre\",\"description\":\"Bare enda et H\u00f8yres nettsteder-nettsted\",\"inLanguage\":\"nb-NO\"}]}<\/script>\n<!-- \/ Yoast SEO plugin. -->","yoast_head_json":{"title":"Chatrine Skogstad Alstad - Melhus H\u00f8yre","robots":{"index":"index","follow":"follow","max-snippet":"max-snippet:-1","max-image-preview":"max-image-preview:large","max-video-preview":"max-video-preview:-1"},"canonical":"https:\/\/hoyre.no\/melhus\/vare-kandidater\/chatrine-skogstad-alstad\/","og_locale":"nb_NO","og_type":"article","og_title":"Chatrine Skogstad Alstad - Melhus H\u00f8yre","og_description":"Slik stemmer du p\u00e5 Chatrine P\u00e5 H\u00f8yres stemmeseddel setter du et kryss i boksen ved siden av navnet til listekandidatene du vil gi en personstemme. Du kan gi personstemme til s\u00e5 mange kandidater du vil. For \u00e5 stemme p\u00e5 Chatrine, setter du kryss ved kandidat 3 Chatrine Skogstad Alstad. Om du ikke stemmer p\u00e5 H\u00f8yre, [&hellip;]","og_url":"https:\/\/hoyre.no\/melhus\/vare-kandidater\/chatrine-skogstad-alstad\/","og_site_name":"Melhus H\u00f8yre","article_modified_time":"2023-08-20T20:51:39+00:00","og_image":[{"url":"https:\/\/hoyre.no\/content\/uploads\/sites\/293\/2023\/06\/37004-Melhus-Hoyre-298-1024x682.jpg","width":"","height":"","type":""}],"twitter_card":"summary_large_image","twitter_misc":{"Ansl. lesetid":"4 minutter"},"schema":{"@context":"https:\/\/schema.org","@graph":[{"@type":"WebPage","@id":"https:\/\/hoyre.no\/melhus\/vare-kandidater\/chatrine-skogstad-alstad\/","url":"https:\/\/hoyre.no\/melhus\/vare-kandidater\/chatrine-skogstad-alstad\/","name":"Chatrine Skogstad Alstad - Melhus H\u00f8yre","isPartOf":{"@id":"https:\/\/hoyre.no\/melhus\/#website"},"datePublished":"2023-08-15T20:35:53+00:00","dateModified":"2023-08-20T20:51:39+00:00","breadcrumb":{"@id":"https:\/\/hoyre.no\/melhus\/vare-kandidater\/chatrine-skogstad-alstad\/#breadcrumb"},"inLanguage":"nb-NO","potentialAction":[{"@type":"ReadAction","target":["https:\/\/hoyre.no\/melhus\/vare-kandidater\/chatrine-skogstad-alstad\/"]}]},{"@type":"BreadcrumbList","@id":"https:\/\/hoyre.no\/melhus\/vare-kandidater\/chatrine-skogstad-alstad\/#breadcrumb","itemListElement":[{"@type":"ListItem","position":1,"name":"Til hoyre.no","item":"https:\/\/hoyre.no"},{"@type":"ListItem","position":2,"name":"Hjem","item":"https:\/\/hoyre.no\/melhus\/"},{"@type":"ListItem","position":3,"name":"V\u00e5re kandidater","item":"https:\/\/hoyre.no\/melhus\/vare-kandidater\/"},{"@type":"ListItem","position":4,"name":"Chatrine Skogstad Alstad"}]},{"@type":"WebSite","@id":"https:\/\/hoyre.no\/melhus\/#website","url":"https:\/\/hoyre.no\/melhus\/","name":"Melhus H\u00f8yre","description":"Bare enda et H\u00f8yres nettsteder-nettsted","inLanguage":"nb-NO"}]}},"distributor_meta":false,"distributor_terms":false,"distributor_media":false,"distributor_original_site_name":"Melhus H\u00f8yre","distributor_original_site_url":"https:\/\/hoyre.no\/melhus","push-errors":false,"_links":{"self":[{"href":"https:\/\/hoyre.no\/melhus\/wp-json\/wp\/v2\/pages\/989","targetHints":{"allow":["GET"]}}],"collection":[{"href":"https:\/\/hoyre.no\/melhus\/wp-json\/wp\/v2\/pages"}],"about":[{"href":"https:\/\/hoyre.no\/melhus\/wp-json\/wp\/v2\/types\/page"}],"author":[{"embeddable":true,"href":"https:\/\/hoyre.no\/melhus\/wp-json\/wp\/v2\/users\/8238"}],"replies":[{"embeddable":true,"href":"https:\/\/hoyre.no\/melhus\/wp-json\/wp\/v2\/comments?post=989"}],"version-history":[{"count":6,"href":"https:\/\/hoyre.no\/melhus\/wp-json\/wp\/v2\/pages\/989\/revisions"}],"predecessor-version":[{"id":1573,"href":"https:\/\/hoyre.no\/melhus\/wp-json\/wp\/v2\/pages\/989\/revisions\/1573"}],"up":[{"embeddable":true,"href":"https:\/\/hoyre.no\/melhus\/wp-json\/wp\/v2\/pages\/804"}],"wp:attachment":[{"href":"https:\/\/hoyre.no\/melhus\/wp-json\/wp\/v2\/media?parent=989"}],"curies":[{"name":"wp","href":"https:\/\/api.w.org\/{rel}","templated":true}]}}