{"id":997,"date":"2023-08-15T22:44:08","date_gmt":"2023-08-15T20:44:08","guid":{"rendered":"https:\/\/hoyre.no\/melhus\/?page_id=997"},"modified":"2025-02-21T10:32:15","modified_gmt":"2025-02-21T09:32:15","slug":"cato-sannes","status":"publish","type":"page","link":"https:\/\/hoyre.no\/melhus\/vare-kandidater\/cato-sannes\/","title":{"rendered":"Cato Sannes"},"content":{"rendered":"\n<div class=\"wp-block-hoyre-hero with-image-gradient text-color-light  has-media alignfull has-background\"><div class=\"hoyre-hero has-image\"><h1 class=\"title\">Cato Sannes<\/h1><p class=\"preamble\">4. kandiat Melhus <\/p>\t\t\t<div class=\"post-meta wp-block teft-byline-wrapper\">\n\t\t\t\t<div class=\"top\">\n\t\t\t\t\t<div class=\"signature\">\n\t\t\t\t\t\t<div class=\"teft-byline\">\n\t\t\t\t\t\t\t\t\t\t\t\t\t\t<div>\n\t\t\t\t\t\t\t\t<h3>H\u00f8yres redaksjon<\/h3>\t\t\t\t\t\t\t\t\n\t\t\t\t\t\t\t\t\t\t\t\t\t\t\t\t\t<span class=\"date\">Sist oppdatert: 21. februar 2025<\/span>\n\t\t\t\t\t\t\t\t\t\t\t\t\t\t\t\t\t\t\t\t\t\t\t\t\t<span class=\"reading-time\" itemprop=\"timeRequired\" content=\"PT3M\"><em>Ca. 3 minutter lesetid<\/em><\/span>\n\t\t\t\t\t\t\t\t\t\t\t\t\t\t\t<\/div>\n\t\t\t\t\t\t<\/div>\n\t\t\t\t\t<\/div>\n\t\t\t\t\t\t<div class=\"sharing\">\n\t\t<a class=\"share-button share-link copy-link\" data-copy=\"https:\/\/hoyre.no\/melhus\/vare-kandidater\/cato-sannes\/\" target=\"_blank\"><span class=\"screen-reader-text\">Del link<\/span><\/a>\n\t\t<a class=\"share-button share-twitter\" href=\"http:\/\/twitter.com\/share?text=Cato Sannes&#038;url=https:\/\/hoyre.no\/melhus\/vare-kandidater\/cato-sannes\/&#038;hashtags=Hoyre\" target=\"_blank\"><span class=\"screen-reader-text\">Del p\u00e5 twitter<\/span><\/a>\n\t\t<a class=\"share-button share-facebook\" href=\"https:\/\/www.facebook.com\/sharer\/sharer.php?u=https:\/\/hoyre.no\/melhus\/vare-kandidater\/cato-sannes\/\" target=\"_blank\"><span class=\"screen-reader-text\">Del p\u00e5 facebook<\/span><\/a>\n\t<\/div>\n\t\t\t\t\t<\/div>\n\t\t\t<\/div>\n\n\t\t\t<figure class=\"hoyre-image-wrapper\"><div class=\"hoyre-image\"><img loading=\"lazy\" decoding=\"async\" width=\"2500\" height=\"1668\" src=\"https:\/\/hoyre.no\/content\/uploads\/sites\/293\/2023\/08\/37004-Melhus-Hoyre-254-scaled.jpg\" class=\"attachment-scaled size-scaled\" alt=\"\" style=\"object-position: 50% 50%\" srcset=\"https:\/\/hoyre.no\/content\/uploads\/sites\/293\/2023\/08\/37004-Melhus-Hoyre-254-scaled.jpg 2500w, https:\/\/hoyre.no\/content\/uploads\/sites\/293\/2023\/08\/37004-Melhus-Hoyre-254-300x200.jpg 300w, https:\/\/hoyre.no\/content\/uploads\/sites\/293\/2023\/08\/37004-Melhus-Hoyre-254-1024x683.jpg 1024w, https:\/\/hoyre.no\/content\/uploads\/sites\/293\/2023\/08\/37004-Melhus-Hoyre-254-768x512.jpg 768w, https:\/\/hoyre.no\/content\/uploads\/sites\/293\/2023\/08\/37004-Melhus-Hoyre-254-1536x1025.jpg 1536w, https:\/\/hoyre.no\/content\/uploads\/sites\/293\/2023\/08\/37004-Melhus-Hoyre-254-2048x1366.jpg 2048w\" sizes=\"auto, (max-width: 2500px) 100vw, 2500px\" \/><\/div><\/figure><\/div><\/div>\n\n\n\n<div class=\"wp-block-buttons is-layout-flex wp-block-buttons-is-layout-flex\">\n<div class=\"wp-block-button\"><a class=\"wp-block-button__link wp-element-button\" href=\"https:\/\/hoyre.no\/nyhetsbrev\/\">meld deg p\u00e5 h\u00f8yres nyhetsbrev<\/a><\/div>\n<\/div>\n\n\n\n<div class=\"wp-block-buttons is-layout-flex wp-block-buttons-is-layout-flex\">\n<div class=\"wp-block-button aligncenter\"><a class=\"wp-block-button__link wp-element-button\" href=\"https:\/\/www.facebook.com\/melhushoyre\">f\u00f8lg melhus h\u00f8yre p\u00e5 facebook<\/a><\/div>\n<\/div>\n\n\n\n\n<div class=\"wp-block-hoyre-banner undefined has-icon-title icon-heart is-style-blue\"><div class=\"banner-inner\"><div class=\"banner-content\"><div class=\"entry-content\">\n<h2 class=\"wp-block-heading\" id=\"h-bli-bedre-kjent-med-cato\">Bli bedre kjent med Cato<\/h2>\n\n\n\n<p class=\"has-text-align-left\"><strong>F\u00f8dsels\u00e5r:<\/strong> 1959<\/p>\n\n\n\n<p class=\"has-text-align-left\"><strong>Bosted:<\/strong> Kv\u00e5l<\/p>\n\n\n\n<p class=\"has-text-align-left\"><strong>Hobbyer \/ Hva liker du best \u00e5 gj\u00f8re p\u00e5 fritiden?<\/strong><\/p>\n\n\n\n<p class=\"has-text-align-left\">Hobbyene mine er musikk, idrett i n\u00e6r sagt alle kategorier, lese b\u00f8ker, se film (gjerne p\u00e5 kino). Fritiden bruker vi p\u00e5 hytta eller p\u00e5 tur med bobilen, bes\u00f8ke slekt og venner b\u00e5de fjernt og n\u00e6rt.<\/p>\n\n\n\n<p class=\"has-text-align-left\"><strong>Mine Hjertesaker \/ Hvilke politiske saker er du mest opptatt av?<\/strong><\/p>\n\n\n\n<p class=\"has-text-align-left\">F\u00f8rst og fremst \u00e5 f\u00e5 fortgang i boligbyggingen i hele Melhus slik at tettstedene kan vokse og gi vekst ogs\u00e5 utenfor Melhus sentrum. Dernest er eldreomsorgen viktig for meg. Ser ogs\u00e5 at vi m\u00e5 jobbe for et forbedret kollektivtilbud i hele Melhus, b\u00e5de buss og tog m\u00e5 v\u00e6re tilgjengelig n\u00e5r folk trenger det. Kultur- og idrett er viktig for bygdene, vi m\u00e5 minst opprettholde tilbudene som finnes i dag. Vi m\u00e5 jobbe hardt for \u00e5 legge forholdene til rette for de som \u00f8nsker \u00e5 starte n\u00e6ringsvirksomhet. Det er viktig at kommunen ikke bruker mere penger enn de har, verdiene m\u00e5 skapes f\u00f8r de kan brukes.<\/p>\n\n\n\n<p class=\"has-text-align-left\"><strong>Hvorfor stiller du til valg for Melhus H\u00f8yre?<\/strong><\/p>\n\n\n\n<p class=\"has-text-align-left\">Jeg har et oppriktig \u00f8nske om at Melhus skal v\u00e6re en kommune som folk \u00f8nsker \u00e5 bo i. Jeg er ingen politiker men har et sterkt samfunnsengasjement. Jeg har v\u00e6rt aktiv i yrkeslivet i over 40 \u00e5r og er n\u00e5 tidligpensjonist.<\/p>\n\n\n\n<p class=\"has-text-align-left\"><strong>Hvilke erfaringer og kvalifikasjoner vil du fremheve ved deg selv?<\/strong><\/p>\n\n\n\n<p class=\"has-text-align-left\">Jeg er et sosialt vesen, er lett \u00e5 samarbeide med (rund i kantene). Har l\u00e6rt at mange fastl\u00e5ste situasjoner kan l\u00f8ses med litt humor og latter. Utover det s\u00e5 har jeg v\u00e6rt idrettsut\u00f8ver i mange \u00e5r og har l\u00e6rt mye om det \u00e5 kunne lede, det \u00e5 kunne tilpasse seg og det \u00e5 kunne si i fra n\u00e5r det trengs.<\/p>\n\n\n\n<p class=\"has-text-align-left\"><strong>Hva liker du best med Melhus?<\/strong>&nbsp;<\/p>\n\n\n\n<p class=\"has-text-align-left\">Jeg liker n\u00e6rheten til naturen. Videre s\u00e5 er det et sterkt samhold i bygdene gjennom bl.a. idrettslagene. Dugnads\u00e5nden st\u00e5r sterkt. N\u00e6rhet til Trondheim er selvsagt viktig, det \u00e5 kunne bo landlig og samtidig ha en storby 15 &#8211; 20 minutter unna er for meg n\u00f8dvendig.<\/p>\n\n\n\n<div class=\"wp-block-buttons is-layout-flex wp-block-buttons-is-layout-flex\"><\/div>\n<\/div><\/div><\/div><\/div>\n\n\n\n\n<h2 class=\"wp-block-heading\" id=\"h-slik-stemmer-du-pa-cato\">Slik stemmer du p\u00e5 Cato<\/h2>\n\n\n\n<p>P\u00e5 H\u00f8yres stemmeseddel setter du et kryss i boksen ved siden av navnet til listekandidatene du vil gi en personstemme. Du kan gi personstemme til s\u00e5 mange kandidater du vil. For \u00e5 stemme p\u00e5 Cato, setter du kryss ved kandidat 4 Cato Sannes.<\/p>\n\n\n\n<p><em>Om du ikke stemmer p\u00e5 H\u00f8yre, kan du gi en s\u00e5kalt \u00abslenger\u00bb. Skriv da kandidatnavnet i feltet merket \u00abKandidater fra andre lister\u00bb p\u00e5 stemmeseddelen.<\/em><\/p>\n\n\n\n<h2 class=\"wp-block-heading\" id=\"h-lurer-du-pa-noe-om-valget\">Lurer du p\u00e5 noe om valget?<\/h2>\n\n\n\n<div class=\"wp-block-teft-accentuated-link undefined has-image\"><div class=\"kf-link__wrapper\"><div class=\"kf-link__tagline\">Alt om valget i Melhus<\/div><a class=\"kf-link__link\" href=\"https:\/\/hoyre.no\/melhus\/alt-om-valget-i-melhus\/\">Her har vi samlet det du trenger \u00e5 vite om \u00e5rets valg i Melhus<\/a><\/div><figure class=\"hoyre-image-wrapper\"><div class=\"hoyre-image\"><img loading=\"lazy\" decoding=\"async\" width=\"2560\" height=\"1707\" src=\"https:\/\/hoyre.no\/content\/uploads\/sites\/293\/2020\/11\/img_2488-scaled.jpg\" class=\"attachment-scaled size-scaled\" alt=\"\" style=\"object-position: 50% 50%\" srcset=\"https:\/\/hoyre.no\/content\/uploads\/sites\/293\/2020\/11\/img_2488-scaled.jpg 2560w, https:\/\/hoyre.no\/content\/uploads\/sites\/293\/2020\/11\/img_2488-300x200.jpg 300w, https:\/\/hoyre.no\/content\/uploads\/sites\/293\/2020\/11\/img_2488-1024x683.jpg 1024w, https:\/\/hoyre.no\/content\/uploads\/sites\/293\/2020\/11\/img_2488-768x512.jpg 768w, https:\/\/hoyre.no\/content\/uploads\/sites\/293\/2020\/11\/img_2488-1536x1024.jpg 1536w, https:\/\/hoyre.no\/content\/uploads\/sites\/293\/2020\/11\/img_2488-2048x1365.jpg 2048w\" sizes=\"auto, (max-width: 2560px) 100vw, 2560px\" \/><\/div><\/figure><\/div>\n","protected":false},"excerpt":{"rendered":"<p>Slik stemmer du p\u00e5 Cato P\u00e5 H\u00f8yres stemmeseddel setter du et kryss i boksen ved siden av navnet til listekandidatene du vil gi en personstemme. Du kan gi personstemme til s\u00e5 mange kandidater du vil. For \u00e5 stemme p\u00e5 Cato, setter du kryss ved kandidat 4 Cato Sannes. Om du ikke stemmer p\u00e5 H\u00f8yre, kan [&hellip;]<\/p>\n","protected":false},"author":8238,"featured_media":0,"parent":804,"menu_order":4,"comment_status":"closed","ping_status":"closed","template":"","meta":{"teft_cards_image_url":"","teft_cards_custom_pretitle":"","teft_cards_image_id":962,"teft_cards_image_focal_point_x":0.5,"teft_cards_image_focal_point_y":0.5,"teft_cards_title":"","teft_cards_excerpt":"","teft_show_chapters":false,"footnotes":""},"class_list":["post-997","page","type-page","status-publish","hentry"],"yoast_head":"<!-- This site is optimized with the Yoast SEO plugin v26.6 - https:\/\/yoast.com\/wordpress\/plugins\/seo\/ -->\n<title>Cato Sannes - Melhus H\u00f8yre<\/title>\n<meta name=\"robots\" content=\"index, follow, max-snippet:-1, max-image-preview:large, max-video-preview:-1\" \/>\n<link rel=\"canonical\" href=\"https:\/\/hoyre.no\/melhus\/vare-kandidater\/cato-sannes\/\" \/>\n<meta property=\"og:locale\" content=\"nb_NO\" \/>\n<meta property=\"og:type\" content=\"article\" \/>\n<meta property=\"og:title\" content=\"Cato Sannes - Melhus H\u00f8yre\" \/>\n<meta property=\"og:description\" content=\"Slik stemmer du p\u00e5 Cato P\u00e5 H\u00f8yres stemmeseddel setter du et kryss i boksen ved siden av navnet til listekandidatene du vil gi en personstemme. Du kan gi personstemme til s\u00e5 mange kandidater du vil. For \u00e5 stemme p\u00e5 Cato, setter du kryss ved kandidat 4 Cato Sannes. Om du ikke stemmer p\u00e5 H\u00f8yre, kan [&hellip;]\" \/>\n<meta property=\"og:url\" content=\"https:\/\/hoyre.no\/melhus\/vare-kandidater\/cato-sannes\/\" \/>\n<meta property=\"og:site_name\" content=\"Melhus H\u00f8yre\" \/>\n<meta property=\"article:modified_time\" content=\"2025-02-21T09:32:15+00:00\" \/>\n<meta property=\"og:image\" content=\"https:\/\/hoyre.no\/content\/uploads\/sites\/293\/2023\/08\/37004-Melhus-Hoyre-254-1024x683.jpg\" \/>\n<meta name=\"twitter:card\" content=\"summary_large_image\" \/>\n<meta name=\"twitter:label1\" content=\"Ansl. lesetid\" \/>\n\t<meta name=\"twitter:data1\" content=\"3 minutter\" \/>\n<script type=\"application\/ld+json\" class=\"yoast-schema-graph\">{\"@context\":\"https:\/\/schema.org\",\"@graph\":[{\"@type\":\"WebPage\",\"@id\":\"https:\/\/hoyre.no\/melhus\/vare-kandidater\/cato-sannes\/\",\"url\":\"https:\/\/hoyre.no\/melhus\/vare-kandidater\/cato-sannes\/\",\"name\":\"Cato Sannes - Melhus H\u00f8yre\",\"isPartOf\":{\"@id\":\"https:\/\/hoyre.no\/melhus\/#website\"},\"datePublished\":\"2023-08-15T20:44:08+00:00\",\"dateModified\":\"2025-02-21T09:32:15+00:00\",\"breadcrumb\":{\"@id\":\"https:\/\/hoyre.no\/melhus\/vare-kandidater\/cato-sannes\/#breadcrumb\"},\"inLanguage\":\"nb-NO\",\"potentialAction\":[{\"@type\":\"ReadAction\",\"target\":[\"https:\/\/hoyre.no\/melhus\/vare-kandidater\/cato-sannes\/\"]}]},{\"@type\":\"BreadcrumbList\",\"@id\":\"https:\/\/hoyre.no\/melhus\/vare-kandidater\/cato-sannes\/#breadcrumb\",\"itemListElement\":[{\"@type\":\"ListItem\",\"position\":1,\"name\":\"Til hoyre.no\",\"item\":\"https:\/\/hoyre.no\"},{\"@type\":\"ListItem\",\"position\":2,\"name\":\"Hjem\",\"item\":\"https:\/\/hoyre.no\/melhus\/\"},{\"@type\":\"ListItem\",\"position\":3,\"name\":\"V\u00e5re kandidater\",\"item\":\"https:\/\/hoyre.no\/melhus\/vare-kandidater\/\"},{\"@type\":\"ListItem\",\"position\":4,\"name\":\"Cato Sannes\"}]},{\"@type\":\"WebSite\",\"@id\":\"https:\/\/hoyre.no\/melhus\/#website\",\"url\":\"https:\/\/hoyre.no\/melhus\/\",\"name\":\"Melhus H\u00f8yre\",\"description\":\"Bare enda et H\u00f8yres nettsteder-nettsted\",\"inLanguage\":\"nb-NO\"}]}<\/script>\n<!-- \/ Yoast SEO plugin. -->","yoast_head_json":{"title":"Cato Sannes - Melhus H\u00f8yre","robots":{"index":"index","follow":"follow","max-snippet":"max-snippet:-1","max-image-preview":"max-image-preview:large","max-video-preview":"max-video-preview:-1"},"canonical":"https:\/\/hoyre.no\/melhus\/vare-kandidater\/cato-sannes\/","og_locale":"nb_NO","og_type":"article","og_title":"Cato Sannes - Melhus H\u00f8yre","og_description":"Slik stemmer du p\u00e5 Cato P\u00e5 H\u00f8yres stemmeseddel setter du et kryss i boksen ved siden av navnet til listekandidatene du vil gi en personstemme. Du kan gi personstemme til s\u00e5 mange kandidater du vil. For \u00e5 stemme p\u00e5 Cato, setter du kryss ved kandidat 4 Cato Sannes. Om du ikke stemmer p\u00e5 H\u00f8yre, kan [&hellip;]","og_url":"https:\/\/hoyre.no\/melhus\/vare-kandidater\/cato-sannes\/","og_site_name":"Melhus H\u00f8yre","article_modified_time":"2025-02-21T09:32:15+00:00","og_image":[{"url":"https:\/\/hoyre.no\/content\/uploads\/sites\/293\/2023\/08\/37004-Melhus-Hoyre-254-1024x683.jpg","width":"","height":"","type":""}],"twitter_card":"summary_large_image","twitter_misc":{"Ansl. lesetid":"3 minutter"},"schema":{"@context":"https:\/\/schema.org","@graph":[{"@type":"WebPage","@id":"https:\/\/hoyre.no\/melhus\/vare-kandidater\/cato-sannes\/","url":"https:\/\/hoyre.no\/melhus\/vare-kandidater\/cato-sannes\/","name":"Cato Sannes - Melhus H\u00f8yre","isPartOf":{"@id":"https:\/\/hoyre.no\/melhus\/#website"},"datePublished":"2023-08-15T20:44:08+00:00","dateModified":"2025-02-21T09:32:15+00:00","breadcrumb":{"@id":"https:\/\/hoyre.no\/melhus\/vare-kandidater\/cato-sannes\/#breadcrumb"},"inLanguage":"nb-NO","potentialAction":[{"@type":"ReadAction","target":["https:\/\/hoyre.no\/melhus\/vare-kandidater\/cato-sannes\/"]}]},{"@type":"BreadcrumbList","@id":"https:\/\/hoyre.no\/melhus\/vare-kandidater\/cato-sannes\/#breadcrumb","itemListElement":[{"@type":"ListItem","position":1,"name":"Til hoyre.no","item":"https:\/\/hoyre.no"},{"@type":"ListItem","position":2,"name":"Hjem","item":"https:\/\/hoyre.no\/melhus\/"},{"@type":"ListItem","position":3,"name":"V\u00e5re kandidater","item":"https:\/\/hoyre.no\/melhus\/vare-kandidater\/"},{"@type":"ListItem","position":4,"name":"Cato Sannes"}]},{"@type":"WebSite","@id":"https:\/\/hoyre.no\/melhus\/#website","url":"https:\/\/hoyre.no\/melhus\/","name":"Melhus H\u00f8yre","description":"Bare enda et H\u00f8yres nettsteder-nettsted","inLanguage":"nb-NO"}]}},"distributor_meta":false,"distributor_terms":false,"distributor_media":false,"distributor_original_site_name":"Melhus H\u00f8yre","distributor_original_site_url":"https:\/\/hoyre.no\/melhus","push-errors":false,"_links":{"self":[{"href":"https:\/\/hoyre.no\/melhus\/wp-json\/wp\/v2\/pages\/997","targetHints":{"allow":["GET"]}}],"collection":[{"href":"https:\/\/hoyre.no\/melhus\/wp-json\/wp\/v2\/pages"}],"about":[{"href":"https:\/\/hoyre.no\/melhus\/wp-json\/wp\/v2\/types\/page"}],"author":[{"embeddable":true,"href":"https:\/\/hoyre.no\/melhus\/wp-json\/wp\/v2\/users\/8238"}],"replies":[{"embeddable":true,"href":"https:\/\/hoyre.no\/melhus\/wp-json\/wp\/v2\/comments?post=997"}],"version-history":[{"count":5,"href":"https:\/\/hoyre.no\/melhus\/wp-json\/wp\/v2\/pages\/997\/revisions"}],"predecessor-version":[{"id":1685,"href":"https:\/\/hoyre.no\/melhus\/wp-json\/wp\/v2\/pages\/997\/revisions\/1685"}],"up":[{"embeddable":true,"href":"https:\/\/hoyre.no\/melhus\/wp-json\/wp\/v2\/pages\/804"}],"wp:attachment":[{"href":"https:\/\/hoyre.no\/melhus\/wp-json\/wp\/v2\/media?parent=997"}],"curies":[{"name":"wp","href":"https:\/\/api.w.org\/{rel}","templated":true}]}}