{"id":30,"date":"2023-05-02T12:45:57","date_gmt":"2023-05-02T10:45:57","guid":{"rendered":"https:\/\/hoyre.no\/meloy\/?page_id=30"},"modified":"2023-06-26T15:23:53","modified_gmt":"2023-06-26T13:23:53","slug":"politikk","status":"publish","type":"page","link":"https:\/\/hoyre.no\/meloy\/politikk\/","title":{"rendered":"Politikk"},"content":{"rendered":"\n<h1 class=\"wp-block-heading\">6 gode grunner til \u00e5 stemme H\u00f8yre i Mel\u00f8y<\/h1>\n\n\n\n\t\t<div class=\"has-lightest-blue-background-color is-layout-left alignwide alignwide wp-block-hoyre-media-text\">\n\t\t\t<div class=\"hoyre-media-text__media\">\n\t\t\t\t<img loading=\"lazy\" decoding=\"async\" width=\"1024\" height=\"683\" src=\"https:\/\/hoyre.no\/content\/uploads\/sites\/132\/2023\/05\/GettyImages-520935260-1024x683.jpg\" class=\"hoyre-media-text__media-image\" alt=\"\" style=\"--focal: 50% 50%;\" srcset=\"https:\/\/hoyre.no\/content\/uploads\/sites\/132\/2023\/05\/GettyImages-520935260-1024x683.jpg 1024w, https:\/\/hoyre.no\/content\/uploads\/sites\/132\/2023\/05\/GettyImages-520935260-300x200.jpg 300w, https:\/\/hoyre.no\/content\/uploads\/sites\/132\/2023\/05\/GettyImages-520935260-768x512.jpg 768w, https:\/\/hoyre.no\/content\/uploads\/sites\/132\/2023\/05\/GettyImages-520935260-1536x1024.jpg 1536w, https:\/\/hoyre.no\/content\/uploads\/sites\/132\/2023\/05\/GettyImages-520935260-2048x1365.jpg 2048w\" sizes=\"auto, (max-width: 1024px) 100vw, 1024px\" \/>\n\t\t\t<\/div>\n\t\t\t<div class=\"hoyre-media-text__content\">\n\t\t\t\t<div class=\"hoyre-media-text__content-inner\">\n\t\t\t\t\t\n\t\t\t<div class=\"hoyre-media-text__title-container\">\n\t\t\t\t\n\t\t\t\t<h2 class=\"hoyre-media-text__title\">1. <strong>H\u00f8yre vil bidra til en kommune\u00f8konomi i vekst<\/strong><\/h2>\n\t\t\t<\/div>\n\t\t\t\n\t\t\t\t\t<div class=\"hoyre-media-text__blocks\">\n<p>En positiv befolkningsutvikling er helt sentral for kommunens inntekter og muligheter. En trygg \u00f8konomi betyr \u00e5 ta vare p\u00e5 kommunens medarbeidere og prioritere de viktigste oppgavene f\u00f8rst. Mel\u00f8y H\u00f8yre vil legge til rette for at flere bedrifter og flere personer \u00f8nsker \u00e5 v\u00e6re etablert i Mel\u00f8y. Det betyr ogs\u00e5 bedre \u00f8konomi for kommunen. Derfor vil vi jobbe for \u00e5 redusere utgiftene med \u00e5 bo og drive n\u00e6ring i Mel\u00f8y. Vi sier blant annet nei til eiendomsskatt p\u00e5 vanlige boliger.<\/p>\n<\/div>\n\t\t\t\t\t\n\t\t\t\t<\/div>\n\t\t\t<\/div>\n\t\t<\/div>\n\t\t\n\n\n\t\t<div class=\"has-lightest-blue-background-color is-layout-right alignwide alignwide wp-block-hoyre-media-text\">\n\t\t\t<div class=\"hoyre-media-text__media\">\n\t\t\t\t<img loading=\"lazy\" decoding=\"async\" width=\"1024\" height=\"654\" src=\"https:\/\/hoyre.no\/content\/uploads\/sites\/132\/2023\/05\/GettyImages-1152836719-1024x654.jpg\" class=\"hoyre-media-text__media-image\" alt=\"\" style=\"--focal: 50% 50%;\" srcset=\"https:\/\/hoyre.no\/content\/uploads\/sites\/132\/2023\/05\/GettyImages-1152836719-1024x654.jpg 1024w, https:\/\/hoyre.no\/content\/uploads\/sites\/132\/2023\/05\/GettyImages-1152836719-300x192.jpg 300w, https:\/\/hoyre.no\/content\/uploads\/sites\/132\/2023\/05\/GettyImages-1152836719-768x490.jpg 768w, https:\/\/hoyre.no\/content\/uploads\/sites\/132\/2023\/05\/GettyImages-1152836719-1536x981.jpg 1536w, https:\/\/hoyre.no\/content\/uploads\/sites\/132\/2023\/05\/GettyImages-1152836719-2048x1308.jpg 2048w\" sizes=\"auto, (max-width: 1024px) 100vw, 1024px\" \/>\n\t\t\t<\/div>\n\t\t\t<div class=\"hoyre-media-text__content\">\n\t\t\t\t<div class=\"hoyre-media-text__content-inner\">\n\t\t\t\t\t\n\t\t\t<div class=\"hoyre-media-text__title-container\">\n\t\t\t\t\n\t\t\t\t<h2 class=\"hoyre-media-text__title\"><strong>2.\u00a0Helse og omsorgstjenester til alle som trenger det<\/strong><\/h2>\n\t\t\t<\/div>\n\t\t\t\n\t\t\t\t\t<div class=\"hoyre-media-text__blocks\">\n<p>En av kommunens viktigste oppgaver er \u00e5 ta vare p\u00e5 de som trenger det mest. For \u00e5 lykkes i arbeidet med helse- og omsorgstjenesten m\u00e5 kommunen prioritere b\u00e5de godt forebyggende arbeid, kronikeromsorg og rehabilitering. Samtidig m\u00e5 kommunen ha kompetanse til \u00e5 h\u00e5ndtere pasienter med komplekse og sammensatte behov i st\u00f8rre grad enn tidligere.<\/p><p>Mange opplever \u00e5 ha psykiske helseproblemer i l\u00f8pet av livet, p\u00e5 tvers av aldersgrupper og i alle deler av befolkningen. For Mel\u00f8y H\u00f8yre er det viktig \u00e5 s\u00f8rge for at psykisk helse og rusrelaterte utfordringer blir tatt p\u00e5 alvor.<\/p><p>Mel\u00f8y H\u00f8yre sitt overordnede m\u00e5l er at alle skal kunne styre sin egen hverdag s\u00e5 mye som mulig, og oppleve \u00e5 v\u00e6re en meningsfull del av samfunnet. Vi m\u00e5 derfor s\u00f8rge for et sterkt tverrfaglig samarbeid hos alle som skal levere helse- og omsorgstjenester.<\/p>\n<\/div>\n\t\t\t\t\t\n\t\t\t\t<\/div>\n\t\t\t<\/div>\n\t\t<\/div>\n\t\t\n\n\n\t\t<div class=\"has-lightest-blue-background-color is-layout-left alignwide alignwide wp-block-hoyre-media-text\">\n\t\t\t<div class=\"hoyre-media-text__media\">\n\t\t\t\t<img loading=\"lazy\" decoding=\"async\" width=\"1024\" height=\"683\" src=\"https:\/\/hoyre.no\/content\/uploads\/sites\/132\/2023\/05\/GettyImages-1205244545-1024x683.jpg\" class=\"hoyre-media-text__media-image\" alt=\"\" style=\"--focal: 50% 50%;\" srcset=\"https:\/\/hoyre.no\/content\/uploads\/sites\/132\/2023\/05\/GettyImages-1205244545-1024x683.jpg 1024w, https:\/\/hoyre.no\/content\/uploads\/sites\/132\/2023\/05\/GettyImages-1205244545-300x200.jpg 300w, https:\/\/hoyre.no\/content\/uploads\/sites\/132\/2023\/05\/GettyImages-1205244545-768x512.jpg 768w, https:\/\/hoyre.no\/content\/uploads\/sites\/132\/2023\/05\/GettyImages-1205244545-1536x1024.jpg 1536w, https:\/\/hoyre.no\/content\/uploads\/sites\/132\/2023\/05\/GettyImages-1205244545-2048x1365.jpg 2048w\" sizes=\"auto, (max-width: 1024px) 100vw, 1024px\" \/>\n\t\t\t<\/div>\n\t\t\t<div class=\"hoyre-media-text__content\">\n\t\t\t\t<div class=\"hoyre-media-text__content-inner\">\n\t\t\t\t\t\n\t\t\t<div class=\"hoyre-media-text__title-container\">\n\t\t\t\t\n\t\t\t\t<h2 class=\"hoyre-media-text__title\"><strong>3.\u00a0Et aldersvennlig samfunn. Det skal v\u00e6re trygt \u00e5 bli gammel i Mel\u00f8y<\/strong><\/h2>\n\t\t\t<\/div>\n\t\t\t\n\t\t\t\t\t<div class=\"hoyre-media-text__blocks\">\n<p>Vi blir stadig flere eldre, og samtidig blir det f\u00e6rre hender til \u00e5 ta vare p\u00e5 oss n\u00e5r vi blir gamle. En verdig alderdom handler om \u00e5 ha mulighet til \u00e5 velge det som er best for en selv. Mel\u00f8y H\u00f8yre vil at eldre skal ha st\u00f8rre valgfrihet og verdighet i omsorgen og kunne bo hjemme s\u00e5 lenge de vil. Mange eldre har god helse og vi m\u00e5 legge til rette for at de som \u00f8nsker \u00e5 bidra eller delta p\u00e5 tilbud, kan gj\u00f8re det blant annet gjennom godt samarbeid med frivilligheten.<\/p>\n<\/div>\n\t\t\t\t\t\n\t\t\t\t<\/div>\n\t\t\t<\/div>\n\t\t<\/div>\n\t\t\n\n\n\t\t<div class=\"has-lightest-blue-background-color is-layout-right alignwide alignwide wp-block-hoyre-media-text\">\n\t\t\t<div class=\"hoyre-media-text__media\">\n\t\t\t\t<img loading=\"lazy\" decoding=\"async\" width=\"1024\" height=\"566\" src=\"https:\/\/hoyre.no\/content\/uploads\/sites\/132\/2023\/05\/GettyImages-473032112-1024x566.jpg\" class=\"hoyre-media-text__media-image\" alt=\"\" style=\"--focal: 50% 50%;\" srcset=\"https:\/\/hoyre.no\/content\/uploads\/sites\/132\/2023\/05\/GettyImages-473032112-1024x566.jpg 1024w, https:\/\/hoyre.no\/content\/uploads\/sites\/132\/2023\/05\/GettyImages-473032112-300x166.jpg 300w, https:\/\/hoyre.no\/content\/uploads\/sites\/132\/2023\/05\/GettyImages-473032112-768x425.jpg 768w, https:\/\/hoyre.no\/content\/uploads\/sites\/132\/2023\/05\/GettyImages-473032112-1536x850.jpg 1536w, https:\/\/hoyre.no\/content\/uploads\/sites\/132\/2023\/05\/GettyImages-473032112-2048x1133.jpg 2048w\" sizes=\"auto, (max-width: 1024px) 100vw, 1024px\" \/>\n\t\t\t<\/div>\n\t\t\t<div class=\"hoyre-media-text__content\">\n\t\t\t\t<div class=\"hoyre-media-text__content-inner\">\n\t\t\t\t\t\n\t\t\t<div class=\"hoyre-media-text__title-container\">\n\t\t\t\t\n\t\t\t\t<h2 class=\"hoyre-media-text__title\"><strong>4.\u00a0H\u00f8yre vil satse p\u00e5 barn og unge \u2013 v\u00e5r fremtid<\/strong><\/h2>\n\t\t\t<\/div>\n\t\t\t\n\t\t\t\t\t<div class=\"hoyre-media-text__blocks\">\n<p>Barn og unge er fremtiden v\u00e5r. De er v\u00e5re fremtidige jobbskapere og omsorgspersoner. De skal ha viktige roller i frivillighet og idrettslag. Kort sagt, de er v\u00e5re fremtidige lokalsamfunnsbyggere. For \u00e5 f\u00e5 dette til er det avgj\u00f8rende \u00e5 s\u00f8rge for at alle barn i Mel\u00f8y opplever trygge og gode oppvekstsvilk\u00e5r, at de f\u00e5r gode minner fra barne- og ungdoms\u00e5rene slik at de \u00f8nsker \u00e5 etablere seg i Mel\u00f8y n\u00e5r de blir voksne. Mel\u00f8y H\u00f8yre vil jobbe for at barn sikres lik kvalitet i barnehager og skole uavhengig av hvor i kommunen de vokser opp. Tidlig innsats til de barna som trenger det, og at de som virkelig trenger \u00e5 bli tatt vare p\u00e5 opplever motiverte ressurspersoner fra oppvekst, helse og barnevern.<\/p><p><\/p>\n<\/div>\n\t\t\t\t\t\n\t\t\t\t<\/div>\n\t\t\t<\/div>\n\t\t<\/div>\n\t\t\n\n\n\t\t<div class=\"has-lightest-blue-background-color is-layout-left alignwide alignwide wp-block-hoyre-media-text\">\n\t\t\t<div class=\"hoyre-media-text__media\">\n\t\t\t\t<img loading=\"lazy\" decoding=\"async\" width=\"1024\" height=\"683\" src=\"https:\/\/hoyre.no\/content\/uploads\/sites\/132\/2023\/05\/GettyImages-846017896-1024x683.jpg\" class=\"hoyre-media-text__media-image\" alt=\"\" style=\"--focal: 84% 40%;\" srcset=\"https:\/\/hoyre.no\/content\/uploads\/sites\/132\/2023\/05\/GettyImages-846017896-1024x683.jpg 1024w, https:\/\/hoyre.no\/content\/uploads\/sites\/132\/2023\/05\/GettyImages-846017896-300x200.jpg 300w, https:\/\/hoyre.no\/content\/uploads\/sites\/132\/2023\/05\/GettyImages-846017896-768x512.jpg 768w, https:\/\/hoyre.no\/content\/uploads\/sites\/132\/2023\/05\/GettyImages-846017896-1536x1024.jpg 1536w, https:\/\/hoyre.no\/content\/uploads\/sites\/132\/2023\/05\/GettyImages-846017896-2048x1365.jpg 2048w\" sizes=\"auto, (max-width: 1024px) 100vw, 1024px\" \/>\n\t\t\t<\/div>\n\t\t\t<div class=\"hoyre-media-text__content\">\n\t\t\t\t<div class=\"hoyre-media-text__content-inner\">\n\t\t\t\t\t\n\t\t\t<div class=\"hoyre-media-text__title-container\">\n\t\t\t\t\n\t\t\t\t<h2 class=\"hoyre-media-text__title\"><strong>5.\u00a0H\u00f8yre vil skape en attraktiv kommune for n\u00e6ringsetableringer<\/strong><\/h2>\n\t\t\t<\/div>\n\t\t\t\n\t\t\t\t\t<div class=\"hoyre-media-text__blocks\">\n<p>Det sies at noe av det vanskeligste \u00e5 sp\u00e5 om er fremtiden. Det er likevel ikke vanskelig \u00e5 forutse at de to viktigste tingene vi skal gj\u00f8re fremover er \u00e5 ta vare p\u00e5 mennesker og ta vare p\u00e5 kloden.<\/p><p>Skal vi hevde oss i konkurransen mot andre kommuner i fylket s\u00e5 m\u00e5 vi v\u00e6re offensive og arbeide aktivt for \u00e5 bli en attraktiv vertskapskommune for n\u00e6ringsetablering. Dette vil v\u00e6re vesentlig for \u00e5 snu den befolkningsutviklingen vi ser i landsdelen og ogs\u00e5 i Mel\u00f8y. Mel\u00f8y H\u00f8yre vil jobbe for at vi m\u00e5 s\u00f8rge for at fremtidens arbeidsplasser etableres i Mel\u00f8y og befeste Mel\u00f8ys posisjon som verdiskaper i en b\u00e6rekraftig fremtid.<\/p><p><\/p>\n<\/div>\n\t\t\t\t\t\n\t\t\t\t<\/div>\n\t\t\t<\/div>\n\t\t<\/div>\n\t\t\n\n\n\t\t<div class=\"has-lightest-blue-background-color is-layout-right alignwide alignwide wp-block-hoyre-media-text\">\n\t\t\t<div class=\"hoyre-media-text__media\">\n\t\t\t\t<img loading=\"lazy\" decoding=\"async\" width=\"1024\" height=\"851\" src=\"https:\/\/hoyre.no\/content\/uploads\/sites\/132\/2023\/05\/GettyImages-1354763338-1024x851.jpg\" class=\"hoyre-media-text__media-image\" alt=\"\" style=\"--focal: 50% 50%;\" srcset=\"https:\/\/hoyre.no\/content\/uploads\/sites\/132\/2023\/05\/GettyImages-1354763338-1024x851.jpg 1024w, https:\/\/hoyre.no\/content\/uploads\/sites\/132\/2023\/05\/GettyImages-1354763338-300x249.jpg 300w, https:\/\/hoyre.no\/content\/uploads\/sites\/132\/2023\/05\/GettyImages-1354763338-768x638.jpg 768w, https:\/\/hoyre.no\/content\/uploads\/sites\/132\/2023\/05\/GettyImages-1354763338-1536x1276.jpg 1536w, https:\/\/hoyre.no\/content\/uploads\/sites\/132\/2023\/05\/GettyImages-1354763338-2048x1702.jpg 2048w\" sizes=\"auto, (max-width: 1024px) 100vw, 1024px\" \/>\n\t\t\t<\/div>\n\t\t\t<div class=\"hoyre-media-text__content\">\n\t\t\t\t<div class=\"hoyre-media-text__content-inner\">\n\t\t\t\t\t\n\t\t\t<div class=\"hoyre-media-text__title-container\">\n\t\t\t\t\n\t\t\t\t<h2 class=\"hoyre-media-text__title\"><strong>6. Bygdene gir Mel\u00f8y identitet og styrke<\/strong><\/h2>\n\t\t\t<\/div>\n\t\t\t\n\t\t\t\t\t<div class=\"hoyre-media-text__blocks\">\n<p>Vi m\u00e5 fremsnakke Mel\u00f8y kommune med sine bygder og \u00f8ysamfunn som attraktive steder \u00e5 leve, arbeide og investere i. Det er mange som har mulighet til \u00e5 arbeide\u00a0hjemmefra gitt\u00a0at den digitale infrastrukturen er p\u00e5 plass. N\u00e5r\u00a0hobby og fritidsaktiviteter\u00a0skal ut\u00f8ves, eller n\u00e5r vi skal invitere tilreisende til v\u00e5re forskjellige attraksjoner, er vi avhengige av fysisk infrastruktur som gode veier og b\u00e5tforbindelser som faktisk knytter mennesker sammen.<\/p><p>For \u00e5 sikre levende bygdesamfunn i fremtiden er det viktig \u00e5 st\u00f8tte opp om lokale initiativ. Det kan v\u00e6re kulturarrangementer eller forskj\u00f8nningstiltak. Mel\u00f8y H\u00f8yre vil v\u00e6re en konstruktiv samarbeidspartner for stedsutvikling drevet av lokale ildsjeler.<\/p>\n<\/div>\n\t\t\t\t\t\n\t\t\t\t<\/div>\n\t\t\t<\/div>\n\t\t<\/div>\n\t\t\n\n\n\n<div class=\"wp-block-teft-file icon-link-block\"><a href=\"https:\/\/hoyre.no\/content\/uploads\/sites\/132\/2023\/06\/Punkter-Valgprogram-2023-2027-Meloy-Hoyre.pdf\" download><span class=\"file-title\">Her kan du lese valgprogrammet v\u00e5rt for 2023-2027<\/span><span class=\"file-name\">Punkter-Valgprogram-2023-2027-Meloy-Hoyre.pdf [14.7kb]<\/span><\/a><\/div>\n\n","protected":false},"excerpt":{"rendered":"<p>6 gode grunner til \u00e5 stemme H\u00f8yre i Mel\u00f8y<\/p>\n","protected":false},"author":7899,"featured_media":0,"parent":0,"menu_order":0,"comment_status":"closed","ping_status":"closed","template":"","meta":{"teft_cards_image_url":"","teft_cards_custom_pretitle":"","teft_cards_image_id":0,"teft_cards_image_focal_point_x":0,"teft_cards_image_focal_point_y":0,"teft_cards_title":"","teft_cards_excerpt":"","teft_show_chapters":false,"footnotes":""},"class_list":["post-30","page","type-page","status-publish","hentry"],"yoast_head":"<!-- This site is optimized with the Yoast SEO plugin v26.6 - https:\/\/yoast.com\/wordpress\/plugins\/seo\/ -->\n<title>Politikk - Mel\u00f8y H\u00f8yre<\/title>\n<meta name=\"robots\" content=\"index, follow, max-snippet:-1, max-image-preview:large, max-video-preview:-1\" \/>\n<link rel=\"canonical\" href=\"https:\/\/hoyre.no\/meloy\/politikk\/\" \/>\n<meta property=\"og:locale\" content=\"nb_NO\" \/>\n<meta property=\"og:type\" content=\"article\" \/>\n<meta property=\"og:title\" content=\"Politikk - Mel\u00f8y H\u00f8yre\" \/>\n<meta property=\"og:description\" content=\"6 gode grunner til \u00e5 stemme H\u00f8yre i Mel\u00f8y\" \/>\n<meta property=\"og:url\" content=\"https:\/\/hoyre.no\/meloy\/politikk\/\" \/>\n<meta property=\"og:site_name\" content=\"Mel\u00f8y H\u00f8yre\" \/>\n<meta property=\"article:modified_time\" content=\"2023-06-26T13:23:53+00:00\" \/>\n<meta property=\"og:image\" content=\"https:\/\/hoyre.no\/content\/uploads\/sites\/132\/2022\/11\/Hoyres-logo.png\" \/>\n\t<meta property=\"og:image:width\" content=\"1000\" \/>\n\t<meta property=\"og:image:height\" content=\"1000\" \/>\n\t<meta property=\"og:image:type\" content=\"image\/png\" \/>\n<meta name=\"twitter:card\" content=\"summary_large_image\" \/>\n<meta name=\"twitter:label1\" content=\"Ansl. lesetid\" \/>\n\t<meta name=\"twitter:data1\" content=\"4 minutter\" \/>\n<script type=\"application\/ld+json\" class=\"yoast-schema-graph\">{\"@context\":\"https:\/\/schema.org\",\"@graph\":[{\"@type\":\"WebPage\",\"@id\":\"https:\/\/hoyre.no\/meloy\/politikk\/\",\"url\":\"https:\/\/hoyre.no\/meloy\/politikk\/\",\"name\":\"Politikk - Mel\u00f8y H\u00f8yre\",\"isPartOf\":{\"@id\":\"https:\/\/hoyre.no\/meloy\/#website\"},\"datePublished\":\"2023-05-02T10:45:57+00:00\",\"dateModified\":\"2023-06-26T13:23:53+00:00\",\"breadcrumb\":{\"@id\":\"https:\/\/hoyre.no\/meloy\/politikk\/#breadcrumb\"},\"inLanguage\":\"nb-NO\",\"potentialAction\":[{\"@type\":\"ReadAction\",\"target\":[\"https:\/\/hoyre.no\/meloy\/politikk\/\"]}]},{\"@type\":\"BreadcrumbList\",\"@id\":\"https:\/\/hoyre.no\/meloy\/politikk\/#breadcrumb\",\"itemListElement\":[{\"@type\":\"ListItem\",\"position\":1,\"name\":\"Til hoyre.no\",\"item\":\"https:\/\/hoyre.no\"},{\"@type\":\"ListItem\",\"position\":2,\"name\":\"Hjem\",\"item\":\"https:\/\/hoyre.no\/meloy\/\"},{\"@type\":\"ListItem\",\"position\":3,\"name\":\"Politikk\"}]},{\"@type\":\"WebSite\",\"@id\":\"https:\/\/hoyre.no\/meloy\/#website\",\"url\":\"https:\/\/hoyre.no\/meloy\/\",\"name\":\"Mel\u00f8y H\u00f8yre\",\"description\":\"Bare enda et H\u00f8yres nettsteder-nettsted\",\"inLanguage\":\"nb-NO\"}]}<\/script>\n<!-- \/ Yoast SEO plugin. -->","yoast_head_json":{"title":"Politikk - Mel\u00f8y H\u00f8yre","robots":{"index":"index","follow":"follow","max-snippet":"max-snippet:-1","max-image-preview":"max-image-preview:large","max-video-preview":"max-video-preview:-1"},"canonical":"https:\/\/hoyre.no\/meloy\/politikk\/","og_locale":"nb_NO","og_type":"article","og_title":"Politikk - Mel\u00f8y H\u00f8yre","og_description":"6 gode grunner til \u00e5 stemme H\u00f8yre i Mel\u00f8y","og_url":"https:\/\/hoyre.no\/meloy\/politikk\/","og_site_name":"Mel\u00f8y H\u00f8yre","article_modified_time":"2023-06-26T13:23:53+00:00","og_image":[{"width":1000,"height":1000,"url":"https:\/\/hoyre.no\/content\/uploads\/sites\/132\/2022\/11\/Hoyres-logo.png","type":"image\/png"}],"twitter_card":"summary_large_image","twitter_misc":{"Ansl. lesetid":"4 minutter"},"schema":{"@context":"https:\/\/schema.org","@graph":[{"@type":"WebPage","@id":"https:\/\/hoyre.no\/meloy\/politikk\/","url":"https:\/\/hoyre.no\/meloy\/politikk\/","name":"Politikk - Mel\u00f8y H\u00f8yre","isPartOf":{"@id":"https:\/\/hoyre.no\/meloy\/#website"},"datePublished":"2023-05-02T10:45:57+00:00","dateModified":"2023-06-26T13:23:53+00:00","breadcrumb":{"@id":"https:\/\/hoyre.no\/meloy\/politikk\/#breadcrumb"},"inLanguage":"nb-NO","potentialAction":[{"@type":"ReadAction","target":["https:\/\/hoyre.no\/meloy\/politikk\/"]}]},{"@type":"BreadcrumbList","@id":"https:\/\/hoyre.no\/meloy\/politikk\/#breadcrumb","itemListElement":[{"@type":"ListItem","position":1,"name":"Til hoyre.no","item":"https:\/\/hoyre.no"},{"@type":"ListItem","position":2,"name":"Hjem","item":"https:\/\/hoyre.no\/meloy\/"},{"@type":"ListItem","position":3,"name":"Politikk"}]},{"@type":"WebSite","@id":"https:\/\/hoyre.no\/meloy\/#website","url":"https:\/\/hoyre.no\/meloy\/","name":"Mel\u00f8y H\u00f8yre","description":"Bare enda et H\u00f8yres nettsteder-nettsted","inLanguage":"nb-NO"}]}},"distributor_meta":false,"distributor_terms":false,"distributor_media":false,"distributor_original_site_name":"Mel\u00f8y H\u00f8yre","distributor_original_site_url":"https:\/\/hoyre.no\/meloy","push-errors":false,"_links":{"self":[{"href":"https:\/\/hoyre.no\/meloy\/wp-json\/wp\/v2\/pages\/30","targetHints":{"allow":["GET"]}}],"collection":[{"href":"https:\/\/hoyre.no\/meloy\/wp-json\/wp\/v2\/pages"}],"about":[{"href":"https:\/\/hoyre.no\/meloy\/wp-json\/wp\/v2\/types\/page"}],"author":[{"embeddable":true,"href":"https:\/\/hoyre.no\/meloy\/wp-json\/wp\/v2\/users\/7899"}],"replies":[{"embeddable":true,"href":"https:\/\/hoyre.no\/meloy\/wp-json\/wp\/v2\/comments?post=30"}],"version-history":[{"count":8,"href":"https:\/\/hoyre.no\/meloy\/wp-json\/wp\/v2\/pages\/30\/revisions"}],"predecessor-version":[{"id":70,"href":"https:\/\/hoyre.no\/meloy\/wp-json\/wp\/v2\/pages\/30\/revisions\/70"}],"wp:attachment":[{"href":"https:\/\/hoyre.no\/meloy\/wp-json\/wp\/v2\/media?parent=30"}],"curies":[{"name":"wp","href":"https:\/\/api.w.org\/{rel}","templated":true}]}}