{"id":3,"date":"2020-11-09T23:27:35","date_gmt":"2020-11-09T22:27:35","guid":{"rendered":"https:\/\/hoyre.no\/moreogromsdal\/forsiden\/"},"modified":"2026-03-16T14:47:17","modified_gmt":"2026-03-16T13:47:17","slug":"forsiden","status":"publish","type":"page","link":"https:\/\/hoyre.no\/more-og-romsdal\/","title":{"rendered":"Forsiden"},"content":{"rendered":"<div class=\"hero-2026 is-style-corner alignwide wp-block-hoyre-hero-2026\">\n\t\t\t<div class=\"hero-2026__image\"><img decoding=\"async\" src=\"https:\/\/hoyre.no\/content\/uploads\/sites\/8\/2026\/03\/51263499731_5bc9dc325f_k.jpg\" alt=\"\" \/><\/div>\n\t\t\t\n\t\t\t<div class=\"hero-2026__content\">\n\t\t\t\t<svg width=\"101\" height=\"480\" viewBox=\"0 0 101 480\" fill=\"none\" xmlns=\"http:\/\/www.w3.org\/2000\/svg\">\n<path d=\"M6.65616 117.334C-0.295628 76.2104 -3.77152 55.6485 6.21097 39.8114C16.1935 23.9743 36.2437 18.2415 76.3441 6.77569L100.041 0L100.042 480L67.9629 480L6.65616 117.334Z\" fill=\"currentColor\" \/>\n<\/svg>\n\n\t\t\t\t<p class=\"hero-2026__subtitle\">H\u00f8yre i M\u00f8re og Romsdal:<\/p>\n\t\t\t\t<h2 class=\"hero-2026__title\">Muligheter for alle<\/h2>\n\t\t\t\t<div class=\"hero-2026__buttons\">\n\n<div class=\"wp-block-buttons is-content-justification-center is-layout-flex wp-container-core-buttons-is-layout-16018d1d wp-block-buttons-is-layout-flex\">\n<div class=\"wp-block-button\"><a class=\"wp-block-button__link wp-element-button\" href=\"https:\/\/hoyre.no\/bli-med\/bli-medlem\/\">Bli medlem<\/a><\/div>\n<\/div>\n\n<\/div>\n\t\t\t<\/div>\n\t\t<\/div>\n\n\n\n<section class=\"wp-block-hoyre-latest-grid\">\n\t<div class=\"block-inner\">\n\t\t<header>\n\t\t\t<h2>Nyheiter<\/h2>\n\t\t\t\t\t\t\t<a href=\"https:\/\/hoyre.no\/more-og-romsdal\/nyheiter\/\">Vis alle<\/a>\n\t\t\t\t\t<\/header>\n\t\t<div class=\"teft-cards-grid default-size-4\">\n\t\t\t<div class=\"teft-cards-item has-12-columns is-style-two-columns is-vertically-aligned-center is-aligned-center is-card-hoyre\">\n\t<div class=\"teft-card hoyre-teft-card post-teft-card\">\n\t\t<a href=\"https:\/\/hoyre.no\/more-og-romsdal\/aktuelt\/dato-for-nominasjonsmotet\/\" class=\"teft-card__primary-action\">\n\n\t\t\t\t\t<div class=\"teft-card__media teft-card__media--16-9\">\n\t\t\t\t\t\t<img loading=\"lazy\" decoding=\"async\" width=\"768\" height=\"512\" src=\"https:\/\/hoyre.no\/content\/uploads\/sites\/8\/2026\/03\/51263499731_5bc9dc325f_k-768x512.jpg\" class=\"attachment-medium_large size-medium_large\" alt=\"\" \/>\t\t<\/div>\n\t\t\n\t\t\t<div class=\"teft-card__content-wrapper\">\n\t\t\t\t<div class=\"teft-card__secondary\">\n\t\t\t\t\t\n\t\t\t\t\t\t\t\t<div class=\"teft-card__meta\">\n\t\t\t\t\t\t\t\t\t<span class=\"post-date\">13. apr 2026<\/span>\n\n\t\t\t\t\t\t\t\t\t\t\t\t\t\t\t\t\t<\/div>\n\t\t\t\t\t\t\t\t\t\t\t<\/div>\n\n\t\t\t\t<div class=\"teft-card__primary\">\n\t\t\t\t\t<h2 class=\"teft-card__title\">Dato for nominasjonsm\u00f8tet&nbsp;<span class=\"teft-card__primary-title-append\"><\/span><\/h2>\t\t\t\t<\/div>\n\t\t\t<\/div>\n\t\t<\/a>\n\t<\/div>\n\n\t<\/div>\t\t\t<div class=\"teft-cards-item has-6-columns  is-card-hoyre\">\n\t<div class=\"teft-card hoyre-teft-card post-teft-card\">\n\t\t<a href=\"https:\/\/hoyre.no\/more-og-romsdal\/aktuelt\/fylkestings-representanter-som-onsker-a-stille-til-valg-neste-periode\/\" class=\"teft-card__primary-action\">\n\n\t\t\t<div class=\"teft-card__media teft-card__media--16-9 no-image\"><\/div>\n\t\t\t<div class=\"teft-card__content-wrapper\">\n\t\t\t\t<div class=\"teft-card__secondary\">\n\t\t\t\t\t\n\t\t\t\t\t\t\t\t<div class=\"teft-card__meta\">\n\t\t\t\t\t\t\t\t\t<span class=\"post-date\">19. mar 2026<\/span>\n\n\t\t\t\t\t\t\t\t\t\t\t\t\t\t\t\t\t<\/div>\n\t\t\t\t\t\t\t\t\t\t\t<\/div>\n\n\t\t\t\t<div class=\"teft-card__primary\">\n\t\t\t\t\t<h2 class=\"teft-card__title\">Fylkestings-representanter som \u00f8nsker \u00e5 stille til valg neste periode.&nbsp;<span class=\"teft-card__primary-title-append\"><\/span><\/h2>\t\t\t\t<\/div>\n\t\t\t<\/div>\n\t\t<\/a>\n\t<\/div>\n\n\t<\/div>\t\t\t<div class=\"teft-cards-item has-6-columns  is-card-hoyre\">\n\t<div class=\"teft-card hoyre-teft-card post-teft-card\">\n\t\t<a href=\"https:\/\/hoyre.no\/2026\/04\/27\/kan-ikke-fortsette-a-gjore-ting-av-gammel-vane\/\" class=\"teft-card__primary-action\">\n\n\t\t\t\t\t<div class=\"teft-card__media teft-card__media--16-9\">\n\t\t\t<span class=\"sticker\">Nasjonal<\/span>\t\t\t<img loading=\"lazy\" decoding=\"async\" width=\"768\" height=\"687\" src=\"https:\/\/hoyre.no\/content\/uploads\/2026\/04\/Skjermbilde-2026-04-27-kl.-12.46.12-768x687.png\" class=\"attachment-medium_large size-medium_large\" alt=\"\" \/>\t\t<\/div>\n\t\t\n\t\t\t<div class=\"teft-card__content-wrapper\">\n\t\t\t\t<div class=\"teft-card__secondary\">\n\t\t\t\t\t\n\t\t\t\t\t\t\t\t<div class=\"teft-card__meta\">\n\t\t\t\t\t\t\t\t\t<span class=\"post-date\">27. apr 2026<\/span>\n\n\t\t\t\t\t\t\t\t\t\t\t\t\t\t\t\t\t<\/div>\n\t\t\t\t\t\t\t\t\t\t\t<\/div>\n\n\t\t\t\t<div class=\"teft-card__primary\">\n\t\t\t\t\t<h2 class=\"teft-card__title\">M\u00e5 t\u00f8rre \u00e5 stille sp\u00f8rsm\u00e5let \u00abhvorfor\u00bb?&nbsp;<span class=\"teft-card__primary-title-append\"><\/span><\/h2>\t\t\t\t<\/div>\n\t\t\t<\/div>\n\t\t<\/a>\n\t<\/div>\n\n\t<!-- From network 1 8--><!-- From card class --><\/div>\t\t\t<div class=\"teft-cards-item has-4-columns is-card-hoyre\">\n\t<div class=\"teft-card hoyre-teft-card post-teft-card\">\n\t\t<a href=\"https:\/\/hoyre.no\/more-og-romsdal\/aktuelt\/nominasjonskomite-til-fylkestingsvalget-i-2027\/\" class=\"teft-card__primary-action\">\n\n\t\t\t\t\t<div class=\"teft-card__media teft-card__media--16-9\">\n\t\t\t\t\t\t<img loading=\"lazy\" decoding=\"async\" width=\"400\" height=\"354\" src=\"https:\/\/hoyre.no\/content\/uploads\/sites\/8\/2026\/03\/Helge-Orten-pa-Aksla.jpg\" class=\"attachment-medium_large size-medium_large\" alt=\"\" \/>\t\t<\/div>\n\t\t\n\t\t\t<div class=\"teft-card__content-wrapper\">\n\t\t\t\t<div class=\"teft-card__secondary\">\n\t\t\t\t\t\n\t\t\t\t\t\t\t\t<div class=\"teft-card__meta\">\n\t\t\t\t\t\t\t\t\t<span class=\"post-date\">4. mar 2026<\/span>\n\n\t\t\t\t\t\t\t\t\t<span class=\"post-category\">Nyheiter<\/span>\t\t\t\t\t\t\t\t<\/div>\n\t\t\t\t\t\t\t\t\t\t\t<\/div>\n\n\t\t\t\t<div class=\"teft-card__primary\">\n\t\t\t\t\t<h2 class=\"teft-card__title\">Nominasjons-komite til fylkestingsvalget i 2027&nbsp;<span class=\"teft-card__primary-title-append\"><\/span><\/h2>\t\t\t\t<\/div>\n\t\t\t<\/div>\n\t\t<\/a>\n\t<\/div>\n\n\t<\/div>\t\t\t<div class=\"teft-cards-item has-4-columns is-card-hoyre\">\n\t<div class=\"teft-card hoyre-teft-card post-teft-card\">\n\t\t<a href=\"https:\/\/hoyre.no\/more-og-romsdal\/aktuelt\/resolusjoner-fra-fylkesarsmote-17-januar-2026\/\" class=\"teft-card__primary-action\">\n\n\t\t\t<div class=\"teft-card__media teft-card__media--16-9 no-image\"><\/div>\n\t\t\t<div class=\"teft-card__content-wrapper\">\n\t\t\t\t<div class=\"teft-card__secondary\">\n\t\t\t\t\t\n\t\t\t\t\t\t\t\t<div class=\"teft-card__meta\">\n\t\t\t\t\t\t\t\t\t<span class=\"post-date\">19. jan 2026<\/span>\n\n\t\t\t\t\t\t\t\t\t\t\t\t\t\t\t\t\t<\/div>\n\t\t\t\t\t\t\t\t\t\t\t<\/div>\n\n\t\t\t\t<div class=\"teft-card__primary\">\n\t\t\t\t\t<h2 class=\"teft-card__title\">Resolusjoner fra fylkes\u00e5rsm\u00f8te 17. januar 2026.&nbsp;<span class=\"teft-card__primary-title-append\"><\/span><\/h2>\t\t\t\t<\/div>\n\t\t\t<\/div>\n\t\t<\/a>\n\t<\/div>\n\n\t<\/div>\t\t\t<div class=\"teft-cards-item has-4-columns is-card-hoyre\">\n\t<div class=\"teft-card hoyre-teft-card post-teft-card\">\n\t\t<a href=\"https:\/\/hoyre.no\/2026\/04\/23\/vil-ha-mer-apenhet-i-kulturpolitikken\/\" class=\"teft-card__primary-action\">\n\n\t\t\t\t\t<div class=\"teft-card__media teft-card__media--16-9\">\n\t\t\t<span class=\"sticker\">Nasjonal<\/span>\t\t\t<img loading=\"lazy\" decoding=\"async\" width=\"768\" height=\"512\" src=\"https:\/\/hoyre.no\/content\/uploads\/2026\/04\/54840688366_c09bf4b26e_k-768x512.jpg\" class=\"attachment-medium_large size-medium_large\" alt=\"Poppe\" \/>\t\t<\/div>\n\t\t\n\t\t\t<div class=\"teft-card__content-wrapper\">\n\t\t\t\t<div class=\"teft-card__secondary\">\n\t\t\t\t\t\n\t\t\t\t\t\t\t\t<div class=\"teft-card__meta\">\n\t\t\t\t\t\t\t\t\t<span class=\"post-date\">23. apr 2026<\/span>\n\n\t\t\t\t\t\t\t\t\t\t\t\t\t\t\t\t\t<\/div>\n\t\t\t\t\t\t\t\t\t\t\t<\/div>\n\n\t\t\t\t<div class=\"teft-card__primary\">\n\t\t\t\t\t<h2 class=\"teft-card__title\">H\u00f8yre vil \u00e5pne Kulturr\u00e5det \u2013 Ap sier nei&nbsp;<span class=\"teft-card__primary-title-append\"><\/span><\/h2>\t\t\t\t<\/div>\n\t\t\t<\/div>\n\t\t<\/a>\n\t<\/div>\n\n\t<!-- From network 1 8--><!-- From card class --><\/div>\t\t\t\t\t<\/div>\n\t<\/div>\n<\/section>\n\n\n\n\n<div class=\"wp-block-hoyre-banner alignwide undefined  is-style-light\"><div class=\"banner-inner\"><figure class=\"hoyre-image-wrapper\"><div class=\"hoyre-image\"><img decoding=\"async\" loading=\"lazy\" width=\"2048\" height=\"1365\" src=\"https:\/\/hoyre.no\/content\/uploads\/2020\/09\/54483135358_f67d549a0f_k.jpg\" class=\"attachment-scaled size-scaled\" alt=\"Ine\" style=\"object-position: 47% 42%\" \/><\/div><\/figure><div class=\"banner-content\"><div class=\"entry-content\">\n<h2 class=\"wp-block-heading\" id=\"h-bli-medlem-i-hoyre\">Bli medlem i H\u00f8yre<\/h2>\n\n\n\n<p>Vil du v\u00e6re med p\u00e5 \u00e5 skape et samfunn med muligheter for alle? Bli med p\u00e5 laget. Ditt bidrag gj\u00f8r oss enda sterkere.<\/p>\n\n\n\n<div class=\"wp-block-buttons is-layout-flex wp-block-buttons-is-layout-flex\">\n<div class=\"wp-block-button\"><a class=\"wp-block-button__link wp-element-button\" href=\"https:\/\/hoyre.no\/bli-med\/bli-medlem\/\">bli medlem i h\u00f8yre<\/a><\/div>\n<\/div>\n<\/div><\/div><\/div><\/div>\n\n\n\n\n\n\n\n\n<section class=\"wp-block-hoyre-child-branch-links alignwide\">\n\t<div class=\"block-inner\">\n\t\t\t<div class=\"post-wrap links-wrapper-outer\">\n\t\t<h2 class=\"title anchor-title\">Lokalforeninger<\/h2>\t\t<div class=\"links-wrapper\">\n\t\t\t\t\t\t\t<div class=\"column\">\n\t\t\t\t\t\t\t\t\t\t\t<div class=\"single-link\" data-link=\"0\">\n\t\t\t\t\t\t\t<a href=\"https:\/\/hoyre.no\/alesund\/\" class=\"link\">\n\t\t\t\t\t\t<span>\n\t\t\t\t\u00c5lesund \t\t\t\t<span class=\"link-append\"><\/span>\n\t\t\t<\/span>\n\t\t<\/a>\t\t\t\t\t\t<\/div>\n\t\t\t\t\t\t\t\t\t\t\t<div class=\"single-link\" data-link=\"1\">\n\t\t\t\t\t\t\t<a href=\"https:\/\/hoyre.no\/aure\/\" class=\"link\">\n\t\t\t\t\t\t<span>\n\t\t\t\tAure \t\t\t\t<span class=\"link-append\"><\/span>\n\t\t\t<\/span>\n\t\t<\/a>\t\t\t\t\t\t<\/div>\n\t\t\t\t\t\t\t\t\t\t\t<div class=\"single-link\" data-link=\"2\">\n\t\t\t\t\t\t\t<a href=\"https:\/\/hoyre.no\/fjord\/\" class=\"link\">\n\t\t\t\t\t\t<span>\n\t\t\t\tFjord \t\t\t\t<span class=\"link-append\"><\/span>\n\t\t\t<\/span>\n\t\t<\/a>\t\t\t\t\t\t<\/div>\n\t\t\t\t\t\t\t\t\t\t\t<div class=\"single-link\" data-link=\"3\">\n\t\t\t\t\t\t\t<a href=\"https:\/\/hoyre.no\/gjemnes\/\" class=\"link\">\n\t\t\t\t\t\t<span>\n\t\t\t\tGjemnes \t\t\t\t<span class=\"link-append\"><\/span>\n\t\t\t<\/span>\n\t\t<\/a>\t\t\t\t\t\t<\/div>\n\t\t\t\t\t\t\t\t\t\t\t<div class=\"single-link\" data-link=\"4\">\n\t\t\t\t\t\t\t<a href=\"https:\/\/hoyre.no\/hareid\/\" class=\"link\">\n\t\t\t\t\t\t<span>\n\t\t\t\tHareid \t\t\t\t<span class=\"link-append\"><\/span>\n\t\t\t<\/span>\n\t\t<\/a>\t\t\t\t\t\t<\/div>\n\t\t\t\t\t\t\t\t\t\t\t<div class=\"single-link\" data-link=\"5\">\n\t\t\t\t\t\t\t<a href=\"https:\/\/hoyre.no\/hustadvika\/\" class=\"link\">\n\t\t\t\t\t\t<span>\n\t\t\t\tHustadvika \t\t\t\t<span class=\"link-append\"><\/span>\n\t\t\t<\/span>\n\t\t<\/a>\t\t\t\t\t\t<\/div>\n\t\t\t\t\t\t\t\t\t\t\t<div class=\"single-link\" data-link=\"6\">\n\t\t\t\t\t\t\t<a href=\"https:\/\/hoyre.no\/molde\/\" class=\"link\">\n\t\t\t\t\t\t<span>\n\t\t\t\tMolde \t\t\t\t<span class=\"link-append\"><\/span>\n\t\t\t<\/span>\n\t\t<\/a>\t\t\t\t\t\t<\/div>\n\t\t\t\t\t\t\t\t\t\t\t<div class=\"single-link\" data-link=\"7\">\n\t\t\t\t\t\t\t<a href=\"https:\/\/hoyre.no\/rauma\/\" class=\"link\">\n\t\t\t\t\t\t<span>\n\t\t\t\tRauma \t\t\t\t<span class=\"link-append\"><\/span>\n\t\t\t<\/span>\n\t\t<\/a>\t\t\t\t\t\t<\/div>\n\t\t\t\t\t\t\t\t\t\t\t<div class=\"single-link\" data-link=\"8\">\n\t\t\t\t\t\t\t<a href=\"https:\/\/hoyre.no\/smola\/\" class=\"link\">\n\t\t\t\t\t\t<span>\n\t\t\t\tSm\u00f8la \t\t\t\t<span class=\"link-append\"><\/span>\n\t\t\t<\/span>\n\t\t<\/a>\t\t\t\t\t\t<\/div>\n\t\t\t\t\t\t\t\t\t\t\t<div class=\"single-link\" data-link=\"9\">\n\t\t\t\t\t\t\t<a href=\"https:\/\/hoyre.no\/sula\/\" class=\"link\">\n\t\t\t\t\t\t<span>\n\t\t\t\tSula \t\t\t\t<span class=\"link-append\"><\/span>\n\t\t\t<\/span>\n\t\t<\/a>\t\t\t\t\t\t<\/div>\n\t\t\t\t\t\t\t\t\t\t\t<div class=\"single-link\" data-link=\"10\">\n\t\t\t\t\t\t\t<a href=\"https:\/\/hoyre.no\/surnadal\/\" class=\"link\">\n\t\t\t\t\t\t<span>\n\t\t\t\tSurnadal \t\t\t\t<span class=\"link-append\"><\/span>\n\t\t\t<\/span>\n\t\t<\/a>\t\t\t\t\t\t<\/div>\n\t\t\t\t\t\t\t\t\t\t\t<div class=\"single-link\" data-link=\"11\">\n\t\t\t\t\t\t\t<a href=\"https:\/\/hoyre.no\/tingvoll\/\" class=\"link\">\n\t\t\t\t\t\t<span>\n\t\t\t\tTingvoll \t\t\t\t<span class=\"link-append\"><\/span>\n\t\t\t<\/span>\n\t\t<\/a>\t\t\t\t\t\t<\/div>\n\t\t\t\t\t\t\t\t\t\t\t<div class=\"single-link\" data-link=\"12\">\n\t\t\t\t\t\t\t<a href=\"https:\/\/hoyre.no\/vanylven\/\" class=\"link\">\n\t\t\t\t\t\t<span>\n\t\t\t\tVanylven \t\t\t\t<span class=\"link-append\"><\/span>\n\t\t\t<\/span>\n\t\t<\/a>\t\t\t\t\t\t<\/div>\n\t\t\t\t\t\t\t\t\t\t\t<div class=\"single-link\" data-link=\"13\">\n\t\t\t\t\t\t\t<a href=\"https:\/\/hoyre.no\/volda\/\" class=\"link\">\n\t\t\t\t\t\t<span>\n\t\t\t\tVolda \t\t\t\t<span class=\"link-append\"><\/span>\n\t\t\t<\/span>\n\t\t<\/a>\t\t\t\t\t\t<\/div>\n\t\t\t\t\t\t\t\t\t<\/div>\n\t\t\t\t\t\t\t<div class=\"column\">\n\t\t\t\t\t\t\t\t\t\t\t<div class=\"single-link\" data-link=\"0\">\n\t\t\t\t\t\t\t<a href=\"https:\/\/hoyre.no\/aukra\/\" class=\"link\">\n\t\t\t\t\t\t<span>\n\t\t\t\tAukra \t\t\t\t<span class=\"link-append\"><\/span>\n\t\t\t<\/span>\n\t\t<\/a>\t\t\t\t\t\t<\/div>\n\t\t\t\t\t\t\t\t\t\t\t<div class=\"single-link\" data-link=\"1\">\n\t\t\t\t\t\t\t<a href=\"https:\/\/hoyre.no\/averoy\/\" class=\"link\">\n\t\t\t\t\t\t<span>\n\t\t\t\tAver\u00f8y \t\t\t\t<span class=\"link-append\"><\/span>\n\t\t\t<\/span>\n\t\t<\/a>\t\t\t\t\t\t<\/div>\n\t\t\t\t\t\t\t\t\t\t\t<div class=\"single-link\" data-link=\"2\">\n\t\t\t\t\t\t\t<a href=\"https:\/\/hoyre.no\/giske\/\" class=\"link\">\n\t\t\t\t\t\t<span>\n\t\t\t\tGiske \t\t\t\t<span class=\"link-append\"><\/span>\n\t\t\t<\/span>\n\t\t<\/a>\t\t\t\t\t\t<\/div>\n\t\t\t\t\t\t\t\t\t\t\t<div class=\"single-link\" data-link=\"3\">\n\t\t\t\t\t\t\t<a href=\"https:\/\/hoyre.no\/haram\/\" class=\"link\">\n\t\t\t\t\t\t<span>\n\t\t\t\tHaram \t\t\t\t<span class=\"link-append\"><\/span>\n\t\t\t<\/span>\n\t\t<\/a>\t\t\t\t\t\t<\/div>\n\t\t\t\t\t\t\t\t\t\t\t<div class=\"single-link\" data-link=\"4\">\n\t\t\t\t\t\t\t<a href=\"https:\/\/hoyre.no\/heroy\/\" class=\"link\">\n\t\t\t\t\t\t<span>\n\t\t\t\tHer\u00f8y  i M\u00f8re og Romsdal\t\t\t\t<span class=\"link-append\"><\/span>\n\t\t\t<\/span>\n\t\t<\/a>\t\t\t\t\t\t<\/div>\n\t\t\t\t\t\t\t\t\t\t\t<div class=\"single-link\" data-link=\"5\">\n\t\t\t\t\t\t\t<a href=\"https:\/\/hoyre.no\/kristiansund\/\" class=\"link\">\n\t\t\t\t\t\t<span>\n\t\t\t\tKristiansund \t\t\t\t<span class=\"link-append\"><\/span>\n\t\t\t<\/span>\n\t\t<\/a>\t\t\t\t\t\t<\/div>\n\t\t\t\t\t\t\t\t\t\t\t<div class=\"single-link\" data-link=\"6\">\n\t\t\t\t\t\t\t<a href=\"https:\/\/hoyre.no\/orsta\/\" class=\"link\">\n\t\t\t\t\t\t<span>\n\t\t\t\t\u00d8rsta \t\t\t\t<span class=\"link-append\"><\/span>\n\t\t\t<\/span>\n\t\t<\/a>\t\t\t\t\t\t<\/div>\n\t\t\t\t\t\t\t\t\t\t\t<div class=\"single-link\" data-link=\"7\">\n\t\t\t\t\t\t\t<a href=\"https:\/\/hoyre.no\/sande\/\" class=\"link\">\n\t\t\t\t\t\t<span>\n\t\t\t\tSande \t\t\t\t<span class=\"link-append\"><\/span>\n\t\t\t<\/span>\n\t\t<\/a>\t\t\t\t\t\t<\/div>\n\t\t\t\t\t\t\t\t\t\t\t<div class=\"single-link\" data-link=\"8\">\n\t\t\t\t\t\t\t<a href=\"https:\/\/hoyre.no\/stranda\/\" class=\"link\">\n\t\t\t\t\t\t<span>\n\t\t\t\tStranda \t\t\t\t<span class=\"link-append\"><\/span>\n\t\t\t<\/span>\n\t\t<\/a>\t\t\t\t\t\t<\/div>\n\t\t\t\t\t\t\t\t\t\t\t<div class=\"single-link\" data-link=\"9\">\n\t\t\t\t\t\t\t<a href=\"https:\/\/hoyre.no\/sunndal\/\" class=\"link\">\n\t\t\t\t\t\t<span>\n\t\t\t\tSunndal \t\t\t\t<span class=\"link-append\"><\/span>\n\t\t\t<\/span>\n\t\t<\/a>\t\t\t\t\t\t<\/div>\n\t\t\t\t\t\t\t\t\t\t\t<div class=\"single-link\" data-link=\"10\">\n\t\t\t\t\t\t\t<a href=\"https:\/\/hoyre.no\/sykkylven\/\" class=\"link\">\n\t\t\t\t\t\t<span>\n\t\t\t\tSykkylven \t\t\t\t<span class=\"link-append\"><\/span>\n\t\t\t<\/span>\n\t\t<\/a>\t\t\t\t\t\t<\/div>\n\t\t\t\t\t\t\t\t\t\t\t<div class=\"single-link\" data-link=\"11\">\n\t\t\t\t\t\t\t<a href=\"https:\/\/hoyre.no\/ulstein\/\" class=\"link\">\n\t\t\t\t\t\t<span>\n\t\t\t\tUlstein \t\t\t\t<span class=\"link-append\"><\/span>\n\t\t\t<\/span>\n\t\t<\/a>\t\t\t\t\t\t<\/div>\n\t\t\t\t\t\t\t\t\t\t\t<div class=\"single-link\" data-link=\"12\">\n\t\t\t\t\t\t\t<a href=\"https:\/\/hoyre.no\/vestnes\/\" class=\"link\">\n\t\t\t\t\t\t<span>\n\t\t\t\tVestnes \t\t\t\t<span class=\"link-append\"><\/span>\n\t\t\t<\/span>\n\t\t<\/a>\t\t\t\t\t\t<\/div>\n\t\t\t\t\t\t\t\t\t<\/div>\n\t\t\t\t\t<\/div>\n\t<\/div>\n\t\t<\/div>\n<\/section>\n\n\n\n\n\t\t<div class=\"has-lightest-blue-background-color is-layout-left alignwide alignwide wp-block-hoyre-media-text\">\n\t\t\t<div class=\"hoyre-media-text__media\">\n\t\t\t\t<img loading=\"lazy\" decoding=\"async\" width=\"1024\" height=\"683\" src=\"https:\/\/hoyre.no\/content\/uploads\/sites\/8\/2023\/06\/GettyImages-532192554-1024x683-1.jpg\" class=\"hoyre-media-text__media-image\" alt=\"\" style=\"--focal: 50% 50%;\" srcset=\"https:\/\/hoyre.no\/content\/uploads\/sites\/8\/2023\/06\/GettyImages-532192554-1024x683-1.jpg 1024w, https:\/\/hoyre.no\/content\/uploads\/sites\/8\/2023\/06\/GettyImages-532192554-1024x683-1-300x200.jpg 300w, https:\/\/hoyre.no\/content\/uploads\/sites\/8\/2023\/06\/GettyImages-532192554-1024x683-1-768x512.jpg 768w\" sizes=\"auto, (max-width: 1024px) 100vw, 1024px\" \/>\n\t\t\t<\/div>\n\t\t\t<div class=\"hoyre-media-text__content\">\n\t\t\t\t<div class=\"hoyre-media-text__content-inner\">\n\t\t\t\t\t\n\t\t\t<div class=\"hoyre-media-text__title-container\">\n\t\t\t\t\n\t\t\t\t<h2 class=\"hoyre-media-text__title\">M\u00f8re og Romsdals fylkestingsprogram<\/h2>\n\t\t\t<\/div>\n\t\t\t\n\t\t\t\t\t<div class=\"hoyre-media-text__blocks\">\nSaman skal vi utvikle fylket v\u00e5rt i dialog med\u00a0deg som innbyggar!\n<\/div>\n\t\t\t\t\t\n\t\t\t<div class=\"hoyre-media-text__buttons\">\n\t\t\t\t<a class=\"button\" href=\"https:\/\/hoyre.no\/more-og-romsdal\/politikk\/\">Les mer<\/a>\n\t\t\t<\/div>\n\t\t\t\n\t\t\t\t<\/div>\n\t\t\t<\/div>\n\t\t<\/div>\n\t\t","protected":false},"excerpt":{"rendered":"","protected":false},"author":51320,"featured_media":0,"parent":0,"menu_order":0,"comment_status":"closed","ping_status":"closed","template":"","meta":{"teft_cards_image_url":"","teft_cards_custom_pretitle":"","teft_cards_image_id":445,"teft_cards_image_focal_point_x":0.5,"teft_cards_image_focal_point_y":0.5,"teft_cards_title":"","teft_cards_excerpt":"","teft_show_chapters":false,"footnotes":""},"class_list":["post-3","page","type-page","status-publish","hentry"],"yoast_head":"<!-- This site is optimized with the Yoast SEO plugin v26.6 - https:\/\/yoast.com\/wordpress\/plugins\/seo\/ -->\n<title>Forsiden - M\u00f8re og Romsdal H\u00f8yre<\/title>\n<meta name=\"robots\" content=\"index, follow, max-snippet:-1, max-image-preview:large, max-video-preview:-1\" \/>\n<link rel=\"canonical\" href=\"https:\/\/hoyre.no\/more-og-romsdal\/\" \/>\n<meta property=\"og:locale\" content=\"nn_NO\" \/>\n<meta property=\"og:type\" content=\"article\" \/>\n<meta property=\"og:title\" content=\"Forsiden - M\u00f8re og Romsdal H\u00f8yre\" \/>\n<meta property=\"og:url\" content=\"https:\/\/hoyre.no\/more-og-romsdal\/\" \/>\n<meta property=\"og:site_name\" content=\"M\u00f8re og Romsdal H\u00f8yre\" \/>\n<meta property=\"article:modified_time\" content=\"2026-03-16T13:47:17+00:00\" \/>\n<meta property=\"og:image\" content=\"https:\/\/hoyre.no\/content\/uploads\/sites\/8\/2023\/05\/Anders-portrett-Geiranger2-1-1024x907.jpeg\" \/>\n<meta name=\"twitter:card\" content=\"summary_large_image\" \/>\n<meta name=\"twitter:label1\" content=\"Est. reading time\" \/>\n\t<meta name=\"twitter:data1\" content=\"1 minutt\" \/>\n<script type=\"application\/ld+json\" class=\"yoast-schema-graph\">{\"@context\":\"https:\/\/schema.org\",\"@graph\":[{\"@type\":\"WebPage\",\"@id\":\"https:\/\/hoyre.no\/more-og-romsdal\/\",\"url\":\"https:\/\/hoyre.no\/more-og-romsdal\/\",\"name\":\"Forsiden - M\u00f8re og Romsdal H\u00f8yre\",\"isPartOf\":{\"@id\":\"https:\/\/hoyre.no\/more-og-romsdal\/#website\"},\"datePublished\":\"2020-11-09T22:27:35+00:00\",\"dateModified\":\"2026-03-16T13:47:17+00:00\",\"breadcrumb\":{\"@id\":\"https:\/\/hoyre.no\/more-og-romsdal\/#breadcrumb\"},\"inLanguage\":\"nn-NO\",\"potentialAction\":[{\"@type\":\"ReadAction\",\"target\":[\"https:\/\/hoyre.no\/more-og-romsdal\/\"]}]},{\"@type\":\"BreadcrumbList\",\"@id\":\"https:\/\/hoyre.no\/more-og-romsdal\/#breadcrumb\",\"itemListElement\":[{\"@type\":\"ListItem\",\"position\":1,\"name\":\"Til hoyre.no\",\"item\":\"https:\/\/hoyre.no\"},{\"@type\":\"ListItem\",\"position\":2,\"name\":\"Hjem\",\"item\":\"https:\/\/hoyre.no\/more-og-romsdal\/\"},{\"@type\":\"ListItem\",\"position\":3,\"name\":\"Forsiden\"}]},{\"@type\":\"WebSite\",\"@id\":\"https:\/\/hoyre.no\/more-og-romsdal\/#website\",\"url\":\"https:\/\/hoyre.no\/more-og-romsdal\/\",\"name\":\"M\u00f8re og Romsdal H\u00f8yre\",\"description\":\"Bare enda et H\u00f8yres nettsteder-nettsted\",\"inLanguage\":\"nn-NO\"}]}<\/script>\n<!-- \/ Yoast SEO plugin. -->","yoast_head_json":{"title":"Forsiden - M\u00f8re og Romsdal H\u00f8yre","robots":{"index":"index","follow":"follow","max-snippet":"max-snippet:-1","max-image-preview":"max-image-preview:large","max-video-preview":"max-video-preview:-1"},"canonical":"https:\/\/hoyre.no\/more-og-romsdal\/","og_locale":"nn_NO","og_type":"article","og_title":"Forsiden - M\u00f8re og Romsdal H\u00f8yre","og_url":"https:\/\/hoyre.no\/more-og-romsdal\/","og_site_name":"M\u00f8re og Romsdal H\u00f8yre","article_modified_time":"2026-03-16T13:47:17+00:00","og_image":[{"url":"https:\/\/hoyre.no\/content\/uploads\/sites\/8\/2023\/05\/Anders-portrett-Geiranger2-1-1024x907.jpeg","width":"","height":"","type":""}],"twitter_card":"summary_large_image","twitter_misc":{"Est. reading time":"1 minutt"},"schema":{"@context":"https:\/\/schema.org","@graph":[{"@type":"WebPage","@id":"https:\/\/hoyre.no\/more-og-romsdal\/","url":"https:\/\/hoyre.no\/more-og-romsdal\/","name":"Forsiden - M\u00f8re og Romsdal H\u00f8yre","isPartOf":{"@id":"https:\/\/hoyre.no\/more-og-romsdal\/#website"},"datePublished":"2020-11-09T22:27:35+00:00","dateModified":"2026-03-16T13:47:17+00:00","breadcrumb":{"@id":"https:\/\/hoyre.no\/more-og-romsdal\/#breadcrumb"},"inLanguage":"nn-NO","potentialAction":[{"@type":"ReadAction","target":["https:\/\/hoyre.no\/more-og-romsdal\/"]}]},{"@type":"BreadcrumbList","@id":"https:\/\/hoyre.no\/more-og-romsdal\/#breadcrumb","itemListElement":[{"@type":"ListItem","position":1,"name":"Til hoyre.no","item":"https:\/\/hoyre.no"},{"@type":"ListItem","position":2,"name":"Hjem","item":"https:\/\/hoyre.no\/more-og-romsdal\/"},{"@type":"ListItem","position":3,"name":"Forsiden"}]},{"@type":"WebSite","@id":"https:\/\/hoyre.no\/more-og-romsdal\/#website","url":"https:\/\/hoyre.no\/more-og-romsdal\/","name":"M\u00f8re og Romsdal H\u00f8yre","description":"Bare enda et H\u00f8yres nettsteder-nettsted","inLanguage":"nn-NO"}]}},"distributor_meta":false,"distributor_terms":false,"distributor_media":false,"distributor_original_site_name":"M\u00f8re og Romsdal H\u00f8yre","distributor_original_site_url":"https:\/\/hoyre.no\/more-og-romsdal","push-errors":false,"_links":{"self":[{"href":"https:\/\/hoyre.no\/more-og-romsdal\/wp-json\/wp\/v2\/pages\/3","targetHints":{"allow":["GET"]}}],"collection":[{"href":"https:\/\/hoyre.no\/more-og-romsdal\/wp-json\/wp\/v2\/pages"}],"about":[{"href":"https:\/\/hoyre.no\/more-og-romsdal\/wp-json\/wp\/v2\/types\/page"}],"author":[{"embeddable":true,"href":"https:\/\/hoyre.no\/more-og-romsdal\/wp-json\/wp\/v2\/users\/51320"}],"replies":[{"embeddable":true,"href":"https:\/\/hoyre.no\/more-og-romsdal\/wp-json\/wp\/v2\/comments?post=3"}],"version-history":[{"count":32,"href":"https:\/\/hoyre.no\/more-og-romsdal\/wp-json\/wp\/v2\/pages\/3\/revisions"}],"predecessor-version":[{"id":713,"href":"https:\/\/hoyre.no\/more-og-romsdal\/wp-json\/wp\/v2\/pages\/3\/revisions\/713"}],"wp:attachment":[{"href":"https:\/\/hoyre.no\/more-og-romsdal\/wp-json\/wp\/v2\/media?parent=3"}],"curies":[{"name":"wp","href":"https:\/\/api.w.org\/{rel}","templated":true}]}}