{"id":1095,"date":"2023-05-02T12:46:52","date_gmt":"2023-05-02T10:46:52","guid":{"rendered":"https:\/\/hoyre.no\/moss\/?page_id=1095"},"modified":"2024-02-14T13:44:46","modified_gmt":"2024-02-14T12:44:46","slug":"politikk","status":"publish","type":"page","link":"https:\/\/hoyre.no\/moss\/politikk\/","title":{"rendered":"Politikk"},"content":{"rendered":"\n<div class=\"wp-block-hoyre-hero with-image-gradient text-color-light  alignfull has-background\"><div class=\"hoyre-hero \"><h1 class=\"title\">Politikk<\/h1><p class=\"preamble\">N\u00e5r frivilligheten, n\u00e6ringslivet og offentlig sektor spiller p\u00e5 lag, skapes det gode lokalsamfunn. H\u00f8yre tror p\u00e5 enkeltmenneskets evne og lyst til \u00e5 st\u00e5 p\u00e5 egne ben. Det er v\u00e5r oppgave \u00e5 s\u00f8rge for at mennesker kan leve gode liv, uansett utgangspunkt. Vi skaper ikke politikk for kommunen, men for alle som bor der. H\u00f8yre tror p\u00e5 et samfunn som gir muligheter for alle.<\/p><\/div><\/div>\n\n\n\n\t\t<div class=\"has-lightest-blue-background-color is-layout-left alignwide alignwide wp-block-hoyre-media-text\">\n\t\t\t<div class=\"hoyre-media-text__media\">\n\t\t\t\t<img loading=\"lazy\" decoding=\"async\" width=\"1024\" height=\"640\" src=\"https:\/\/hoyre.no\/content\/uploads\/sites\/176\/2023\/03\/dronemoss-1-edited.jpg\" class=\"hoyre-media-text__media-image\" alt=\"\" style=\"--focal: 50% 50%;\" srcset=\"https:\/\/hoyre.no\/content\/uploads\/sites\/176\/2023\/03\/dronemoss-1-edited.jpg 1024w, https:\/\/hoyre.no\/content\/uploads\/sites\/176\/2023\/03\/dronemoss-1-edited-300x188.jpg 300w, https:\/\/hoyre.no\/content\/uploads\/sites\/176\/2023\/03\/dronemoss-1-edited-768x480.jpg 768w\" sizes=\"auto, (max-width: 1024px) 100vw, 1024px\" \/>\n\t\t\t<\/div>\n\t\t\t<div class=\"hoyre-media-text__content\">\n\t\t\t\t<div class=\"hoyre-media-text__content-inner\">\n\t\t\t\t\t\n\t\t\t<div class=\"hoyre-media-text__title-container\">\n\t\t\t\t<svg xmlns=\"http:\/\/www.w3.org\/2000\/svg\" xml:space=\"preserve\" viewBox=\"0 0 24 24\"><path d=\"M19.62 21.71c-5.04 1.23-8.71-1.87-8.71-5.19 0-3.19 3.11-5.49 6.55-5.49 3.46 0 6.55 2.32 6.55 5.49 0 1.13-.4 2.23-1.12 3.09-.03 1 .56 2.45 1.09 3.5-1.43-.26-3.45-.83-4.36-1.4zM8.91 16.52c0-4.14 3.83-7.5 8.55-7.5.89 0 1.74.12 2.54.34C19.98 4.5 15.24 1 10 1 4.72 1 0 4.54 0 9.39c0 1.72.62 3.41 1.7 4.72.05 1.53-.85 3.74-1.66 5.34 2.17-.39 5.25-1.26 6.65-2.13.8.2 1.58.31 2.33.36-.07-.37-.11-.76-.11-1.16z\"\/><\/svg>\n\n\t\t\t\t<h2 class=\"hoyre-media-text__title\">Fem grunner til \u00e5 stemme Moss H\u00f8yre<\/h2>\n\t\t\t<\/div>\n\t\t\t\n\t\t\t\t\t<div class=\"hoyre-media-text__blocks\">\n<p>Din bakgrunn skal ikke ha noe \u00e5 si for hvilke muligheter du har i Moss.<\/p>\n<\/div>\n\t\t\t\t\t\n\t\t\t<div class=\"hoyre-media-text__buttons\">\n\t\t\t\t<a class=\"button\" href=\"https:\/\/hoyre.no\/moss\/forsiden\/5-grunner-til-a-stemme-moss-hoyre\/\">Les mer<\/a>\n\t\t\t<\/div>\n\t\t\t\n\t\t\t\t<\/div>\n\t\t\t<\/div>\n\t\t<\/div>\n\t\t\n\n\n\t\t<div class=\"has-lightest-blue-background-color is-layout-right alignwide alignwide wp-block-hoyre-media-text\">\n\t\t\t<div class=\"hoyre-media-text__media\">\n\t\t\t\t<img loading=\"lazy\" decoding=\"async\" width=\"1024\" height=\"671\" src=\"https:\/\/hoyre.no\/content\/uploads\/sites\/176\/2023\/03\/Simen-03-1024x671.jpg\" class=\"hoyre-media-text__media-image\" alt=\"\" style=\"--focal: 50% 50%;\" srcset=\"https:\/\/hoyre.no\/content\/uploads\/sites\/176\/2023\/03\/Simen-03-1024x671.jpg 1024w, https:\/\/hoyre.no\/content\/uploads\/sites\/176\/2023\/03\/Simen-03-300x197.jpg 300w, https:\/\/hoyre.no\/content\/uploads\/sites\/176\/2023\/03\/Simen-03-768x503.jpg 768w, https:\/\/hoyre.no\/content\/uploads\/sites\/176\/2023\/03\/Simen-03-1536x1006.jpg 1536w, https:\/\/hoyre.no\/content\/uploads\/sites\/176\/2023\/03\/Simen-03.jpg 2000w\" sizes=\"auto, (max-width: 1024px) 100vw, 1024px\" \/>\n\t\t\t<\/div>\n\t\t\t<div class=\"hoyre-media-text__content\">\n\t\t\t\t<div class=\"hoyre-media-text__content-inner\">\n\t\t\t\t\t\n\t\t\t<div class=\"hoyre-media-text__title-container\">\n\t\t\t\t<svg xmlns=\"http:\/\/www.w3.org\/2000\/svg\" xml:space=\"preserve\" viewBox=\"0 0 24 24\"><path d=\"M14.24 19h-4.08c-.28 0-.51.22-.51.5s.23.5.51.5h4.08c.28 0 .51-.22.51-.5s-.23-.5-.51-.5zm0 2h-4.08c-.28 0-.51.22-.51.5s.23.5.51.5h4.08c.28 0 .51-.22.51-.5s-.23-.5-.51-.5zm.26 2H9.9l1.21.78c.16.14.39.22.63.22h.91c.24 0 .47-.08.63-.22L14.5 23zm3.82-13.8c0 3.57-3.28 5.98-3.28 8.8H9.36c0-2.82-3.28-5.23-3.28-8.8 0-3.72 3.06-5.77 6.12-5.77s6.12 2.05 6.12 5.77zm4.08-.69v1.37h-2.59c.02-.22.04-.45.04-.68 0-.24-.02-.46-.04-.69h2.59zM11.54 1.96V0h1.4v1.96c-.25-.02-.49-.03-.74-.03-.22 0-.44.01-.66.03zM7.72 3.25 6.66 1.31 7.89.66 8.95 2.6c-.43.18-.84.4-1.23.65zm10.8 1.74L20.5 3.6l.81 1.11-2.1 1.47c-.19-.43-.42-.83-.69-1.19zM15.45 2.6 16.51.67l1.23.65-1.06 1.94c-.39-.26-.8-.48-1.23-.66zM5.18 6.18l-2.1-1.47.82-1.12 1.98 1.39c-.27.37-.5.77-.7 1.2zm13.98 6.22 2.4.95-.52 1.27-2.47-.98c.21-.39.41-.81.59-1.24zM5.79 13.56l-2.4 1.06-.57-1.25 2.39-1.05c.17.43.37.84.58 1.24zm-1.2-3.68H2V8.51h2.59c-.02.23-.04.45-.04.69 0 .23.02.46.04.68z\"\/><\/svg>\n\n\t\t\t\t<h2 class=\"hoyre-media-text__title\">Bli bedre kjent med ordf\u00f8reren i Moss<\/h2>\n\t\t\t<\/div>\n\t\t\t\n\t\t\t\t\t<div class=\"hoyre-media-text__blocks\">\n<p>Bli bedre kjent med hvem han er og hva han st\u00e5r for<\/p>\n<\/div>\n\t\t\t\t\t\n\t\t\t<div class=\"hoyre-media-text__buttons\">\n\t\t\t\t<a class=\"button\" href=\"https:\/\/hoyre.no\/moss\/simen-nord-var-ordforerkandidat\/\">Les mer<\/a>\n\t\t\t<\/div>\n\t\t\t\n\t\t\t\t<\/div>\n\t\t\t<\/div>\n\t\t<\/div>\n\t\t\n\n\n<div class=\"wp-block-media-text alignwide is-stacked-on-mobile is-image-fill is-style-default\"><figure class=\"wp-block-media-text__media\" style=\"background-image:url('https:\/\/hoyre.no\/content\/uploads\/sites\/176\/2023\/03\/2020_RGB_hoyre_logo_profilbilde_01.png');background-position:50% 50%\"><img loading=\"lazy\" decoding=\"async\" width=\"1000\" height=\"1000\" src=\"https:\/\/hoyre.no\/content\/uploads\/sites\/176\/2023\/03\/2020_RGB_hoyre_logo_profilbilde_01.png\" alt=\"\" class=\"wp-image-983 size-full\" srcset=\"https:\/\/hoyre.no\/content\/uploads\/sites\/176\/2023\/03\/2020_RGB_hoyre_logo_profilbilde_01.png 1000w, https:\/\/hoyre.no\/content\/uploads\/sites\/176\/2023\/03\/2020_RGB_hoyre_logo_profilbilde_01-300x300.png 300w, https:\/\/hoyre.no\/content\/uploads\/sites\/176\/2023\/03\/2020_RGB_hoyre_logo_profilbilde_01-150x150.png 150w, https:\/\/hoyre.no\/content\/uploads\/sites\/176\/2023\/03\/2020_RGB_hoyre_logo_profilbilde_01-768x768.png 768w\" sizes=\"auto, (max-width: 1000px) 100vw, 1000px\" \/><\/figure><div class=\"wp-block-media-text__content\">\n<h2 class=\"wp-block-heading\">Politisk samarbeidsavtale<\/h2>\n\n\n\n<p>Perioden 2023 &#8211; 2027<\/p>\n\n\n\n<div class=\"wp-block-buttons is-layout-flex wp-block-buttons-is-layout-flex\">\n<div class=\"wp-block-button\"><a class=\"wp-block-button__link wp-element-button\" href=\"https:\/\/hoyre.no\/moss\/samarbeidsavtale\/\">Les mer<\/a><\/div>\n<\/div>\n<\/div><\/div>\n\n\n\n<div class=\"wp-block-media-text alignwide has-media-on-the-right is-stacked-on-mobile is-image-fill is-style-default\"><div class=\"wp-block-media-text__content\">\n<h2 class=\"wp-block-heading\">Valgprogram<\/h2>\n\n\n\n<p>Perioden 2023 &#8211; 2027<\/p>\n\n\n\n<div class=\"wp-block-buttons is-layout-flex wp-block-buttons-is-layout-flex\">\n<div class=\"wp-block-button\"><a class=\"wp-block-button__link wp-element-button\" href=\"https:\/\/hoyre.no\/moss\/kommunevalget-2023\/\">Les mer<\/a><\/div>\n<\/div>\n<\/div><figure class=\"wp-block-media-text__media\" style=\"background-image:url('https:\/\/hoyre.no\/content\/uploads\/sites\/176\/2023\/03\/2020_RGB_hoyre_logo_profilbilde_01.png');background-position:50% 50%\"><img loading=\"lazy\" decoding=\"async\" width=\"1000\" height=\"1000\" src=\"https:\/\/hoyre.no\/content\/uploads\/sites\/176\/2023\/03\/2020_RGB_hoyre_logo_profilbilde_01.png\" alt=\"\" class=\"wp-image-983 size-full\" srcset=\"https:\/\/hoyre.no\/content\/uploads\/sites\/176\/2023\/03\/2020_RGB_hoyre_logo_profilbilde_01.png 1000w, https:\/\/hoyre.no\/content\/uploads\/sites\/176\/2023\/03\/2020_RGB_hoyre_logo_profilbilde_01-300x300.png 300w, https:\/\/hoyre.no\/content\/uploads\/sites\/176\/2023\/03\/2020_RGB_hoyre_logo_profilbilde_01-150x150.png 150w, https:\/\/hoyre.no\/content\/uploads\/sites\/176\/2023\/03\/2020_RGB_hoyre_logo_profilbilde_01-768x768.png 768w\" sizes=\"auto, (max-width: 1000px) 100vw, 1000px\" \/><\/figure><\/div>\n","protected":false},"excerpt":{"rendered":"","protected":false},"author":15381,"featured_media":0,"parent":0,"menu_order":0,"comment_status":"closed","ping_status":"closed","template":"","meta":{"teft_cards_image_url":"","teft_cards_custom_pretitle":"","teft_cards_image_id":0,"teft_cards_image_focal_point_x":0,"teft_cards_image_focal_point_y":0,"teft_cards_title":"","teft_cards_excerpt":"","teft_show_chapters":false,"footnotes":""},"class_list":["post-1095","page","type-page","status-publish","hentry"],"yoast_head":"<!-- This site is optimized with the Yoast SEO plugin v26.6 - https:\/\/yoast.com\/wordpress\/plugins\/seo\/ -->\n<title>Politikk - Moss H\u00f8yre<\/title>\n<meta name=\"robots\" content=\"index, follow, max-snippet:-1, max-image-preview:large, max-video-preview:-1\" \/>\n<link rel=\"canonical\" href=\"https:\/\/hoyre.no\/moss\/politikk\/\" \/>\n<meta property=\"og:locale\" content=\"nb_NO\" \/>\n<meta property=\"og:type\" content=\"article\" \/>\n<meta property=\"og:title\" content=\"Politikk - Moss H\u00f8yre\" \/>\n<meta property=\"og:url\" content=\"https:\/\/hoyre.no\/moss\/politikk\/\" \/>\n<meta property=\"og:site_name\" content=\"Moss H\u00f8yre\" \/>\n<meta property=\"article:modified_time\" content=\"2024-02-14T12:44:46+00:00\" \/>\n<meta property=\"og:image\" content=\"https:\/\/hoyre.no\/content\/uploads\/sites\/176\/2023\/03\/2020_RGB_hoyre_logo_profilbilde_01.png\" \/>\n<meta name=\"twitter:card\" content=\"summary_large_image\" \/>\n<meta name=\"twitter:label1\" content=\"Ansl. lesetid\" \/>\n\t<meta name=\"twitter:data1\" content=\"1 minutt\" \/>\n<script type=\"application\/ld+json\" class=\"yoast-schema-graph\">{\"@context\":\"https:\/\/schema.org\",\"@graph\":[{\"@type\":\"WebPage\",\"@id\":\"https:\/\/hoyre.no\/moss\/politikk\/\",\"url\":\"https:\/\/hoyre.no\/moss\/politikk\/\",\"name\":\"Politikk - Moss H\u00f8yre\",\"isPartOf\":{\"@id\":\"https:\/\/hoyre.no\/moss\/#website\"},\"image\":{\"@id\":\"https:\/\/hoyre.no\/moss\/politikk\/#primaryimage\"},\"thumbnailUrl\":\"https:\/\/hoyre.no\/content\/uploads\/sites\/176\/2023\/03\/2020_RGB_hoyre_logo_profilbilde_01.png\",\"datePublished\":\"2023-05-02T10:46:52+00:00\",\"dateModified\":\"2024-02-14T12:44:46+00:00\",\"breadcrumb\":{\"@id\":\"https:\/\/hoyre.no\/moss\/politikk\/#breadcrumb\"},\"inLanguage\":\"nb-NO\",\"potentialAction\":[{\"@type\":\"ReadAction\",\"target\":[\"https:\/\/hoyre.no\/moss\/politikk\/\"]}]},{\"@type\":\"ImageObject\",\"inLanguage\":\"nb-NO\",\"@id\":\"https:\/\/hoyre.no\/moss\/politikk\/#primaryimage\",\"url\":\"https:\/\/hoyre.no\/content\/uploads\/sites\/176\/2023\/03\/2020_RGB_hoyre_logo_profilbilde_01.png\",\"contentUrl\":\"https:\/\/hoyre.no\/content\/uploads\/sites\/176\/2023\/03\/2020_RGB_hoyre_logo_profilbilde_01.png\"},{\"@type\":\"BreadcrumbList\",\"@id\":\"https:\/\/hoyre.no\/moss\/politikk\/#breadcrumb\",\"itemListElement\":[{\"@type\":\"ListItem\",\"position\":1,\"name\":\"Til hoyre.no\",\"item\":\"https:\/\/hoyre.no\"},{\"@type\":\"ListItem\",\"position\":2,\"name\":\"Hjem\",\"item\":\"https:\/\/hoyre.no\/moss\/\"},{\"@type\":\"ListItem\",\"position\":3,\"name\":\"Politikk\"}]},{\"@type\":\"WebSite\",\"@id\":\"https:\/\/hoyre.no\/moss\/#website\",\"url\":\"https:\/\/hoyre.no\/moss\/\",\"name\":\"Moss H\u00f8yre\",\"description\":\"Bare enda et H\u00f8yres nettsteder-nettsted\",\"inLanguage\":\"nb-NO\"}]}<\/script>\n<!-- \/ Yoast SEO plugin. -->","yoast_head_json":{"title":"Politikk - Moss H\u00f8yre","robots":{"index":"index","follow":"follow","max-snippet":"max-snippet:-1","max-image-preview":"max-image-preview:large","max-video-preview":"max-video-preview:-1"},"canonical":"https:\/\/hoyre.no\/moss\/politikk\/","og_locale":"nb_NO","og_type":"article","og_title":"Politikk - Moss H\u00f8yre","og_url":"https:\/\/hoyre.no\/moss\/politikk\/","og_site_name":"Moss H\u00f8yre","article_modified_time":"2024-02-14T12:44:46+00:00","og_image":[{"url":"https:\/\/hoyre.no\/content\/uploads\/sites\/176\/2023\/03\/2020_RGB_hoyre_logo_profilbilde_01.png","type":"","width":"","height":""}],"twitter_card":"summary_large_image","twitter_misc":{"Ansl. lesetid":"1 minutt"},"schema":{"@context":"https:\/\/schema.org","@graph":[{"@type":"WebPage","@id":"https:\/\/hoyre.no\/moss\/politikk\/","url":"https:\/\/hoyre.no\/moss\/politikk\/","name":"Politikk - Moss H\u00f8yre","isPartOf":{"@id":"https:\/\/hoyre.no\/moss\/#website"},"image":{"@id":"https:\/\/hoyre.no\/moss\/politikk\/#primaryimage"},"thumbnailUrl":"https:\/\/hoyre.no\/content\/uploads\/sites\/176\/2023\/03\/2020_RGB_hoyre_logo_profilbilde_01.png","datePublished":"2023-05-02T10:46:52+00:00","dateModified":"2024-02-14T12:44:46+00:00","breadcrumb":{"@id":"https:\/\/hoyre.no\/moss\/politikk\/#breadcrumb"},"inLanguage":"nb-NO","potentialAction":[{"@type":"ReadAction","target":["https:\/\/hoyre.no\/moss\/politikk\/"]}]},{"@type":"ImageObject","inLanguage":"nb-NO","@id":"https:\/\/hoyre.no\/moss\/politikk\/#primaryimage","url":"https:\/\/hoyre.no\/content\/uploads\/sites\/176\/2023\/03\/2020_RGB_hoyre_logo_profilbilde_01.png","contentUrl":"https:\/\/hoyre.no\/content\/uploads\/sites\/176\/2023\/03\/2020_RGB_hoyre_logo_profilbilde_01.png"},{"@type":"BreadcrumbList","@id":"https:\/\/hoyre.no\/moss\/politikk\/#breadcrumb","itemListElement":[{"@type":"ListItem","position":1,"name":"Til hoyre.no","item":"https:\/\/hoyre.no"},{"@type":"ListItem","position":2,"name":"Hjem","item":"https:\/\/hoyre.no\/moss\/"},{"@type":"ListItem","position":3,"name":"Politikk"}]},{"@type":"WebSite","@id":"https:\/\/hoyre.no\/moss\/#website","url":"https:\/\/hoyre.no\/moss\/","name":"Moss H\u00f8yre","description":"Bare enda et H\u00f8yres nettsteder-nettsted","inLanguage":"nb-NO"}]}},"distributor_meta":false,"distributor_terms":false,"distributor_media":false,"distributor_original_site_name":"Moss H\u00f8yre","distributor_original_site_url":"https:\/\/hoyre.no\/moss","push-errors":false,"_links":{"self":[{"href":"https:\/\/hoyre.no\/moss\/wp-json\/wp\/v2\/pages\/1095","targetHints":{"allow":["GET"]}}],"collection":[{"href":"https:\/\/hoyre.no\/moss\/wp-json\/wp\/v2\/pages"}],"about":[{"href":"https:\/\/hoyre.no\/moss\/wp-json\/wp\/v2\/types\/page"}],"author":[{"embeddable":true,"href":"https:\/\/hoyre.no\/moss\/wp-json\/wp\/v2\/users\/15381"}],"replies":[{"embeddable":true,"href":"https:\/\/hoyre.no\/moss\/wp-json\/wp\/v2\/comments?post=1095"}],"version-history":[{"count":21,"href":"https:\/\/hoyre.no\/moss\/wp-json\/wp\/v2\/pages\/1095\/revisions"}],"predecessor-version":[{"id":1481,"href":"https:\/\/hoyre.no\/moss\/wp-json\/wp\/v2\/pages\/1095\/revisions\/1481"}],"wp:attachment":[{"href":"https:\/\/hoyre.no\/moss\/wp-json\/wp\/v2\/media?parent=1095"}],"curies":[{"name":"wp","href":"https:\/\/api.w.org\/{rel}","templated":true}]}}