{"id":1572,"date":"2024-02-28T08:32:27","date_gmt":"2024-02-28T07:32:27","guid":{"rendered":"https:\/\/hoyre.no\/moss\/?page_id=1572"},"modified":"2025-02-18T16:45:26","modified_gmt":"2025-02-18T15:45:26","slug":"ti-ideologiske-grunner-til-a-stemme-hoyre","status":"publish","type":"page","link":"https:\/\/hoyre.no\/moss\/ti-ideologiske-grunner-til-a-stemme-hoyre\/","title":{"rendered":"Ti ideologiske grunner til \u00e5 stemme H\u00f8yre"},"content":{"rendered":"\n<div class=\"wp-block-hoyre-hero with-image-gradient text-color-light  alignfull has-background\"><div class=\"hoyre-hero \"><h1 class=\"title\">Ti ideologiske grunner til \u00e5 stemme H\u00f8yre<\/h1><\/div><\/div>\n\n\n\n\n<p>\ud83d\udc99 <strong>Muligheter for alle<\/strong><\/p>\n\n\n\n<p>H\u00f8yres liberalkonservative ideologi bygger p\u00e5 at vi er ulike mennesker med ulike behov, men alle skal ha lik mulighet til \u00e5 lykkes i livet. En god kunnskapsskole er selve fundamentet for mulighetslandet Norge, hvor alle elever skal f\u00e5 lik tilgang p\u00e5 utdanning, men med nok fleksibilitet til \u00e5 kunne \u00e5 tilpasse undervisningen til ulike elevers ulike behov. Like muligheter betyr ikke resultatlikhet \u2013 vi vil aldri f\u00e5, og \u00f8nsker heller ikke et land hvor alt er likt for alle. Det vi \u00f8nsker er et samfunn hvor alle uavhengig av bakgrunn har muligheten til \u00e5 utnytte sitt potensiale og skape det livet de \u00f8nsker \u00e5 leve.<\/p>\n\n\n\n<p>\ud83d\udc99 <strong>Vi vil st\u00e5 p\u00e5 v\u00e5re egne ben<\/strong><\/p>\n\n\n\n<p>Alle mennesker har et \u00f8nske om \u00e5 kunne st\u00e5 p\u00e5 egne ben, v\u00e6re uavhengig og leve egne liv p\u00e5 egne premisser. For H\u00f8yre er dette et grunnleggende og f\u00f8rende prinsipp i tiln\u00e6rmingen til politikk. Det betyr at v\u00e5r tiln\u00e6rming til velferdssamfunnet og ordningene som finnes nettopp handler om \u00e5 f\u00e5 deg p\u00e5 bena s\u00e5 fort som mulig.<\/p>\n\n\n\n<p>\ud83d\udc99 <strong>Grenser for politikk<\/strong><\/p>\n\n\n\n<p>Alt er ikke politikk, og det er ikke alt som politikere b\u00f8r ha en mening om i sin kraft av \u00e5 v\u00e6re politiker. H\u00f8yre \u00f8nsker en sterk, men begrenset stat som sikrer folk grunnleggende trygghet, velferd og like muligheter. Utover det skal ikke politikere blande seg i hvordan enkeltmennesker velger \u00e5 organisere sin hverdag. I praksis betyr dette for eksempel at det er politikk \u00e5 s\u00f8rge for at barn har tilgang p\u00e5 barnehage, men hvilken barnehage foreldre velger \u00e5 sende sine barn i er et familieanliggende og ikke et politisk sp\u00f8rsm\u00e5l<\/p>\n\n\n\n<p>\ud83d\udc99 <strong>Samfunnet skal etterlates i bedre stand til v\u00e5re barn enn den vi selv arvet<\/strong><\/p>\n\n\n\n<p>For H\u00f8yre st\u00e5r generasjonsregnskapet sentralt.&nbsp;Vi har et ansvar overfor v\u00e5re barn til \u00e5 ta vare p\u00e5 menneskene, fellesskapet og naturen rundt oss. Derfor m\u00e5 vi alltid s\u00f8rge for at politikken vi f\u00f8rer er b\u00e6rekraftig. Et b\u00e6rekraftig velferdssamfunn gir velferd til oss, men sikrer ogs\u00e5 at fremtidige generasjoner f\u00e5r nyte godt av den samme velferden. P\u00e5 bakgrunn av dette vil H\u00f8yre alltid se etter m\u00e5ter vi kan gj\u00f8re ting bedre p\u00e5. Nye Veier er et godt eksempel. Vi bygger mer vei samtidig som vi sparer skattebetalernes penger, som da kan brukes p\u00e5 andre ting. Denne tiln\u00e6rmingen har vi ogs\u00e5 til klimapolitikken. For H\u00f8yre er det viktig at Norge tar del i det internasjonale arbeidet med \u00e5 redusere utslipp, slik at ogs\u00e5 v\u00e5re etterkommere skal ha en god klode \u00e5 leve p\u00e5.<\/p>\n\n\n\n<p>\ud83d\udc99 <strong>Vi m\u00e5 skape f\u00f8r vi kan dele<\/strong><\/p>\n\n\n\n<p>For at vi skal ha velferd trenger vi f\u00f8rst verdiskaping. Norge har et sv\u00e6rt h\u00f8yt velferdsniv\u00e5 allerede i dag, men for \u00e5 bevare v\u00e5rt h\u00f8ye velferdsniv\u00e5 trenger vi bedrifter som skaper verdier. N\u00e6ringslivet er hele ryggraden i et velferdssamfunn. Derfor vil H\u00f8yre f\u00f8re en politikk som gj\u00f8r det lett \u00e5 starte en bedrift, og som gj\u00f8r det enklere \u00e5 utvide bedriften. For det trenger vi en konkurransedyktig og n\u00e6ringsvennlig skattepolitikk. Vi m\u00e5 fortsette \u00e5 bygge mer vei og bane for \u00e5 knytte folk sammen og gj\u00f8re det enkelt \u00e5 frakte varer. Vi trenger digitalisering som gj\u00f8r prosesser enklere. H\u00f8yre vil legge til rette for \u00e5 skape mer, ikke skatte mer.<\/p>\n\n\n\n<p>\ud83d\udc99 <strong>Samfunnet utvikles nedenfra<\/strong><\/p>\n\n\n\n<p>Samfunnet er resultatet av enkeltmennesker, familier, bedrifter, lokalsamfunn og frivillige organisasjoner og deres samhandling. Det bygges nedenfra med frihet og ansvar som en grunnmur.<\/p>\n\n\n\n<p>\ud83d\udc99 <strong>En regulert og sosial markeds\u00f8konomi er forutsetningen for velferdssamfunnet<\/strong><\/p>\n\n\n\n<p>Det finnes ikke noe \u00f8konomisk system som har l\u00f8ftet flere ut av fattigdom raskere enn markeds\u00f8konomien. Markeds\u00f8konomi, rettsstat og demokrati i samspill gj\u00f8r det mulig for mennesker \u00e5 leve et liv i frihet, f\u00f8lge sine dr\u00f8mmer og skape det livet de selv \u00f8nsker \u00e5 leve. Likevel trenger vi en mekanisme for \u00e5 regulere ulike svikt i markeds\u00f8konomien. Et sosialt sikkerhetsnett er n\u00f8dvendig for \u00e5 gi flere tryggheten til \u00e5 ta sjanser, fordi det sikrer oss ikke bare muligheten til suksess, men ogs\u00e5 muligheten til \u00e5 havne p\u00e5 bena dersom vi ikke lykkes.<\/p>\n\n\n\n<p>\ud83d\udc99 <strong>Internasjonalt samarbeid er norske interesser<\/strong><\/p>\n\n\n\n<p>En internasjonal orden basert p\u00e5 felles regler fremfor den sterkestes rett er en grunnleggende norsk utenrikspolitisk interesse. H\u00f8yre \u00f8nsker mer internasjonalt samarbeid i en stadig mer globalisert verden. Norske interesser skal alltid v\u00e6re Norges prioritet i utenrikspolitikken. Som et lite og globalisert land betyr det at internasjonalt samarbeid, internasjonale regler og et velfungerende FN er norske interesser.<\/p>\n\n\n\n<p>\ud83d\udc99 <strong>Trygghet er statens viktigste oppgave<\/strong><\/p>\n\n\n\n<p>Et sterkt forsvar og alliansesamarbeid er en forutsetning for et fritt og selvstendig Norge. Innbyggernes trygghet er den viktigste oppgaven en nasjonalstat har. Derfor vil H\u00f8yre alltid st\u00e5 for at vi skal ha et sterkt forsvar og en viktig bidragsyter i NATO. Vi m\u00e5 ogs\u00e5 sikre innbyggernes trygghet internt. Et godt og moderne politi som har ressursene til \u00e5 h\u00e5ndtere de nye formene for kriminalitet er derfor en prioritet for H\u00f8yre.<\/p>\n\n\n\n<p>\ud83d\udc99 <strong>\u00c5 stille krav er \u00e5 bry seg<\/strong><\/p>\n\n\n\n<p>H\u00f8yre tror p\u00e5 alle menneskers evner og \u00f8nsker til \u00e5 bidra i samfunnet. Alternativet til \u00e5 stille krav er \u00e5 gi opp p\u00e5 folk. Det vil vi aldri gj\u00f8re. Derfor \u00f8nsker vi et sikkerhetsnett som fungerer som en trampoline \u2013 fanger deg opp dersom du faller, men bidrar ogs\u00e5 til \u00e5 f\u00e5 deg opp og st\u00e5 igjen. Folk trenger en grunn til \u00e5 st\u00e5 opp om morgenen og gj\u00f8re noe som kjennes nyttig. Ved \u00e5 stille krav viser vi at samfunnet har de samme forventingene som en arbeidsplass, fordi vi tror og vil jobbe for at folk kommer seg i arbeid igjen. Arbeid gir selvstendighet, verdighet og trygghet.<\/p>\n\n\n\n\n\n\n\n","protected":false},"excerpt":{"rendered":"","protected":false},"author":36139,"featured_media":0,"parent":0,"menu_order":0,"comment_status":"closed","ping_status":"closed","template":"","meta":{"teft_cards_image_url":"","teft_cards_custom_pretitle":"","teft_cards_image_id":0,"teft_cards_image_focal_point_x":0,"teft_cards_image_focal_point_y":0,"teft_cards_title":"","teft_cards_excerpt":"","teft_show_chapters":false,"footnotes":""},"class_list":["post-1572","page","type-page","status-publish","hentry"],"yoast_head":"<!-- This site is optimized with the Yoast SEO plugin v26.6 - https:\/\/yoast.com\/wordpress\/plugins\/seo\/ -->\n<title>Ti ideologiske grunner til \u00e5 stemme H\u00f8yre - Moss H\u00f8yre<\/title>\n<meta name=\"description\" content=\"Her er ti gode grunner til hvorfor du b\u00f8r gi H\u00f8yre din stemme i Moss.\" \/>\n<meta name=\"robots\" content=\"index, follow, max-snippet:-1, max-image-preview:large, max-video-preview:-1\" \/>\n<link rel=\"canonical\" href=\"https:\/\/hoyre.no\/moss\/ti-ideologiske-grunner-til-a-stemme-hoyre\/\" \/>\n<meta property=\"og:locale\" content=\"nb_NO\" \/>\n<meta property=\"og:type\" content=\"article\" \/>\n<meta property=\"og:title\" content=\"Ti ideologiske grunner til \u00e5 stemme H\u00f8yre - Moss H\u00f8yre\" \/>\n<meta property=\"og:description\" content=\"Her er ti gode grunner til hvorfor du b\u00f8r gi H\u00f8yre din stemme i Moss.\" \/>\n<meta property=\"og:url\" content=\"https:\/\/hoyre.no\/moss\/ti-ideologiske-grunner-til-a-stemme-hoyre\/\" \/>\n<meta property=\"og:site_name\" content=\"Moss H\u00f8yre\" \/>\n<meta property=\"article:modified_time\" content=\"2025-02-18T15:45:26+00:00\" \/>\n<meta property=\"og:image\" content=\"https:\/\/hoyre.no\/content\/uploads\/sites\/176\/2022\/11\/Hoyres-logo.png\" \/>\n\t<meta property=\"og:image:width\" content=\"1000\" \/>\n\t<meta property=\"og:image:height\" content=\"1000\" \/>\n\t<meta property=\"og:image:type\" content=\"image\/png\" \/>\n<meta name=\"twitter:card\" content=\"summary_large_image\" \/>\n<meta name=\"twitter:label1\" content=\"Ansl. lesetid\" \/>\n\t<meta name=\"twitter:data1\" content=\"6 minutter\" \/>\n<script type=\"application\/ld+json\" class=\"yoast-schema-graph\">{\"@context\":\"https:\/\/schema.org\",\"@graph\":[{\"@type\":\"WebPage\",\"@id\":\"https:\/\/hoyre.no\/moss\/ti-ideologiske-grunner-til-a-stemme-hoyre\/\",\"url\":\"https:\/\/hoyre.no\/moss\/ti-ideologiske-grunner-til-a-stemme-hoyre\/\",\"name\":\"Ti ideologiske grunner til \u00e5 stemme H\u00f8yre - Moss H\u00f8yre\",\"isPartOf\":{\"@id\":\"https:\/\/hoyre.no\/moss\/#website\"},\"datePublished\":\"2024-02-28T07:32:27+00:00\",\"dateModified\":\"2025-02-18T15:45:26+00:00\",\"description\":\"Her er ti gode grunner til hvorfor du b\u00f8r gi H\u00f8yre din stemme i Moss.\",\"breadcrumb\":{\"@id\":\"https:\/\/hoyre.no\/moss\/ti-ideologiske-grunner-til-a-stemme-hoyre\/#breadcrumb\"},\"inLanguage\":\"nb-NO\",\"potentialAction\":[{\"@type\":\"ReadAction\",\"target\":[\"https:\/\/hoyre.no\/moss\/ti-ideologiske-grunner-til-a-stemme-hoyre\/\"]}]},{\"@type\":\"BreadcrumbList\",\"@id\":\"https:\/\/hoyre.no\/moss\/ti-ideologiske-grunner-til-a-stemme-hoyre\/#breadcrumb\",\"itemListElement\":[{\"@type\":\"ListItem\",\"position\":1,\"name\":\"Til hoyre.no\",\"item\":\"https:\/\/hoyre.no\"},{\"@type\":\"ListItem\",\"position\":2,\"name\":\"Hjem\",\"item\":\"https:\/\/hoyre.no\/moss\/\"},{\"@type\":\"ListItem\",\"position\":3,\"name\":\"Ti ideologiske grunner til \u00e5 stemme H\u00f8yre\"}]},{\"@type\":\"WebSite\",\"@id\":\"https:\/\/hoyre.no\/moss\/#website\",\"url\":\"https:\/\/hoyre.no\/moss\/\",\"name\":\"Moss H\u00f8yre\",\"description\":\"Bare enda et H\u00f8yres nettsteder-nettsted\",\"inLanguage\":\"nb-NO\"}]}<\/script>\n<!-- \/ Yoast SEO plugin. -->","yoast_head_json":{"title":"Ti ideologiske grunner til \u00e5 stemme H\u00f8yre - Moss H\u00f8yre","description":"Her er ti gode grunner til hvorfor du b\u00f8r gi H\u00f8yre din stemme i Moss.","robots":{"index":"index","follow":"follow","max-snippet":"max-snippet:-1","max-image-preview":"max-image-preview:large","max-video-preview":"max-video-preview:-1"},"canonical":"https:\/\/hoyre.no\/moss\/ti-ideologiske-grunner-til-a-stemme-hoyre\/","og_locale":"nb_NO","og_type":"article","og_title":"Ti ideologiske grunner til \u00e5 stemme H\u00f8yre - Moss H\u00f8yre","og_description":"Her er ti gode grunner til hvorfor du b\u00f8r gi H\u00f8yre din stemme i Moss.","og_url":"https:\/\/hoyre.no\/moss\/ti-ideologiske-grunner-til-a-stemme-hoyre\/","og_site_name":"Moss H\u00f8yre","article_modified_time":"2025-02-18T15:45:26+00:00","og_image":[{"width":1000,"height":1000,"url":"https:\/\/hoyre.no\/content\/uploads\/sites\/176\/2022\/11\/Hoyres-logo.png","type":"image\/png"}],"twitter_card":"summary_large_image","twitter_misc":{"Ansl. lesetid":"6 minutter"},"schema":{"@context":"https:\/\/schema.org","@graph":[{"@type":"WebPage","@id":"https:\/\/hoyre.no\/moss\/ti-ideologiske-grunner-til-a-stemme-hoyre\/","url":"https:\/\/hoyre.no\/moss\/ti-ideologiske-grunner-til-a-stemme-hoyre\/","name":"Ti ideologiske grunner til \u00e5 stemme H\u00f8yre - Moss H\u00f8yre","isPartOf":{"@id":"https:\/\/hoyre.no\/moss\/#website"},"datePublished":"2024-02-28T07:32:27+00:00","dateModified":"2025-02-18T15:45:26+00:00","description":"Her er ti gode grunner til hvorfor du b\u00f8r gi H\u00f8yre din stemme i Moss.","breadcrumb":{"@id":"https:\/\/hoyre.no\/moss\/ti-ideologiske-grunner-til-a-stemme-hoyre\/#breadcrumb"},"inLanguage":"nb-NO","potentialAction":[{"@type":"ReadAction","target":["https:\/\/hoyre.no\/moss\/ti-ideologiske-grunner-til-a-stemme-hoyre\/"]}]},{"@type":"BreadcrumbList","@id":"https:\/\/hoyre.no\/moss\/ti-ideologiske-grunner-til-a-stemme-hoyre\/#breadcrumb","itemListElement":[{"@type":"ListItem","position":1,"name":"Til hoyre.no","item":"https:\/\/hoyre.no"},{"@type":"ListItem","position":2,"name":"Hjem","item":"https:\/\/hoyre.no\/moss\/"},{"@type":"ListItem","position":3,"name":"Ti ideologiske grunner til \u00e5 stemme H\u00f8yre"}]},{"@type":"WebSite","@id":"https:\/\/hoyre.no\/moss\/#website","url":"https:\/\/hoyre.no\/moss\/","name":"Moss H\u00f8yre","description":"Bare enda et H\u00f8yres nettsteder-nettsted","inLanguage":"nb-NO"}]}},"distributor_meta":false,"distributor_terms":false,"distributor_media":false,"distributor_original_site_name":"Moss H\u00f8yre","distributor_original_site_url":"https:\/\/hoyre.no\/moss","push-errors":false,"_links":{"self":[{"href":"https:\/\/hoyre.no\/moss\/wp-json\/wp\/v2\/pages\/1572","targetHints":{"allow":["GET"]}}],"collection":[{"href":"https:\/\/hoyre.no\/moss\/wp-json\/wp\/v2\/pages"}],"about":[{"href":"https:\/\/hoyre.no\/moss\/wp-json\/wp\/v2\/types\/page"}],"author":[{"embeddable":true,"href":"https:\/\/hoyre.no\/moss\/wp-json\/wp\/v2\/users\/36139"}],"replies":[{"embeddable":true,"href":"https:\/\/hoyre.no\/moss\/wp-json\/wp\/v2\/comments?post=1572"}],"version-history":[{"count":3,"href":"https:\/\/hoyre.no\/moss\/wp-json\/wp\/v2\/pages\/1572\/revisions"}],"predecessor-version":[{"id":1863,"href":"https:\/\/hoyre.no\/moss\/wp-json\/wp\/v2\/pages\/1572\/revisions\/1863"}],"wp:attachment":[{"href":"https:\/\/hoyre.no\/moss\/wp-json\/wp\/v2\/media?parent=1572"}],"curies":[{"name":"wp","href":"https:\/\/api.w.org\/{rel}","templated":true}]}}