{"id":1713,"date":"2024-09-17T10:49:23","date_gmt":"2024-09-17T08:49:23","guid":{"rendered":"https:\/\/hoyre.no\/moss\/?page_id=1713"},"modified":"2025-02-18T16:44:07","modified_gmt":"2025-02-18T15:44:07","slug":"medlemsmote-med-provenominasjon-til-ostfold-hoyres-stortingsvalgliste","status":"publish","type":"page","link":"https:\/\/hoyre.no\/moss\/medlemsmote-med-provenominasjon-til-ostfold-hoyres-stortingsvalgliste\/","title":{"rendered":"Medlemsm\u00f8te med pr\u00f8venominasjon til \u00d8stfold H\u00f8yres stortingsvalgliste"},"content":{"rendered":"\n<div class=\"wp-block-hoyre-hero with-image-gradient text-color-light  has-media alignfull has-background\"><div class=\"hoyre-hero has-image\"><h1 class=\"title\">Pr\u00f8venominasjon<\/h1><p class=\"preamble\">Medlemsm\u00f8te med pr\u00f8venominasjon til \u00d8stfold H\u00f8yres stortingsvalgliste.<\/p>\t\t\t<div class=\"post-meta wp-block teft-byline-wrapper\">\n\t\t\t\t<div class=\"top\">\n\t\t\t\t\t<div class=\"signature\">\n\t\t\t\t\t\t<div class=\"teft-byline\">\n\t\t\t\t\t\t\t\t\t\t\t\t\t\t<div>\n\t\t\t\t\t\t\t\t<h3>H\u00f8yres redaksjon<\/h3>\t\t\t\t\t\t\t\t\n\t\t\t\t\t\t\t\t\t\t\t\t\t\t\t\t\t<span class=\"date\">Sist oppdatert: 18. februar 2025<\/span>\n\t\t\t\t\t\t\t\t\t\t\t\t\t\t\t\t\t\t\t\t\t\t\t\t\t<span class=\"reading-time\" itemprop=\"timeRequired\" content=\"PT1M\"><em>Ca. 1 minutter lesetid<\/em><\/span>\n\t\t\t\t\t\t\t\t\t\t\t\t\t\t\t<\/div>\n\t\t\t\t\t\t<\/div>\n\t\t\t\t\t<\/div>\n\t\t\t\t\t\t<div class=\"sharing\">\n\t\t<a class=\"share-button share-link copy-link\" data-copy=\"https:\/\/hoyre.no\/moss\/medlemsmote-med-provenominasjon-til-ostfold-hoyres-stortingsvalgliste\/\" target=\"_blank\"><span class=\"screen-reader-text\">Del link<\/span><\/a>\n\t\t<a class=\"share-button share-twitter\" href=\"http:\/\/twitter.com\/share?text=Medlemsm\u00f8te med pr\u00f8venominasjon til \u00d8stfold H\u00f8yres stortingsvalgliste&#038;url=https:\/\/hoyre.no\/moss\/medlemsmote-med-provenominasjon-til-ostfold-hoyres-stortingsvalgliste\/&#038;hashtags=Hoyre\" target=\"_blank\"><span class=\"screen-reader-text\">Del p\u00e5 twitter<\/span><\/a>\n\t\t<a class=\"share-button share-facebook\" href=\"https:\/\/www.facebook.com\/sharer\/sharer.php?u=https:\/\/hoyre.no\/moss\/medlemsmote-med-provenominasjon-til-ostfold-hoyres-stortingsvalgliste\/\" target=\"_blank\"><span class=\"screen-reader-text\">Del p\u00e5 facebook<\/span><\/a>\n\t<\/div>\n\t\t\t\t\t<\/div>\n\t\t\t<\/div>\n\n\t\t\t<figure class=\"hoyre-image-wrapper\"><div class=\"hoyre-image\"><img loading=\"lazy\" decoding=\"async\" width=\"1700\" height=\"2048\" src=\"https:\/\/hoyre.no\/content\/uploads\/sites\/176\/2024\/09\/460293936_909891130961621_5485796089285937085_n.jpg\" class=\"attachment-scaled size-scaled\" alt=\"\" style=\"object-position: 49% 10%\" srcset=\"https:\/\/hoyre.no\/content\/uploads\/sites\/176\/2024\/09\/460293936_909891130961621_5485796089285937085_n.jpg 1700w, https:\/\/hoyre.no\/content\/uploads\/sites\/176\/2024\/09\/460293936_909891130961621_5485796089285937085_n-249x300.jpg 249w, https:\/\/hoyre.no\/content\/uploads\/sites\/176\/2024\/09\/460293936_909891130961621_5485796089285937085_n-850x1024.jpg 850w, https:\/\/hoyre.no\/content\/uploads\/sites\/176\/2024\/09\/460293936_909891130961621_5485796089285937085_n-768x925.jpg 768w, https:\/\/hoyre.no\/content\/uploads\/sites\/176\/2024\/09\/460293936_909891130961621_5485796089285937085_n-1275x1536.jpg 1275w\" sizes=\"auto, (max-width: 1700px) 100vw, 1700px\" \/><\/div><\/figure><\/div><\/div>\n\n\n\n\n<p>I g\u00e5r avholdt vi et vellykket medlemsm\u00f8te hvor pr\u00f8venominasjon til \u00d8stfold H\u00f8yres stortingsvalgliste sto p\u00e5 agendaen. M\u00f8tet var preget av stort engasjement fra v\u00e5re medlemmer, og vi setter stor pris p\u00e5 alle som deltok og bidro aktivt i prosessen.<\/p>\n\n\n\n<p>En stor takk rettes til Sissel Rundblad for en god orientering om utviklingen i nye \u00d8stfold fylke.<\/p>\n\n\n\n<p>Vi er spesielt stolte av \u00e5 kunne kunngj\u00f8re at Moss H\u00f8yre valgte Tage Pettersen som sin f\u00f8rstekandidat til \u00d8stfold H\u00f8yres stortingsvalgliste. Dette er et sterkt kandidatur som vi er sikre p\u00e5 vil representere v\u00e5re verdier og interesser p\u00e5 en utmerket m\u00e5te.<\/p>\n\n\n\n<p>Vi minner samtidig om og oppfordrer alle v\u00e5re medlemmer til \u00e5 benytte voteringslenken som ble sendt ut p\u00e5 e-post og SMS fra \u00d8stfold H\u00f8yre. Her kan dere avgi tilleggsstemme, og det er ingen krav om at man m\u00e5 ha deltatt p\u00e5 pr\u00f8venominasjonen for \u00e5 kunne stemme.<\/p>\n\n\n\n<p>For mer informasjon om nominasjonsprosessen, kan du lese mer her: <a href=\"https:\/\/hoyre.no\/ostfold\/aktuelt\/medlemsinformasjon-slik-stemmer-du-i-stortingsnominasjonen\/\">Slik stemmer du i stortingsnominasjonen<\/a>.<\/p>\n\n\n\n\n<figure class=\"wp-block-image size-large\"><img loading=\"lazy\" decoding=\"async\" width=\"699\" height=\"1024\" src=\"https:\/\/hoyre.no\/content\/uploads\/sites\/176\/2024\/09\/Kandidater-Provenominasjon-OH-stortingsvalgliste-2025-699x1024.png\" alt=\"\" class=\"wp-image-1720\" srcset=\"https:\/\/hoyre.no\/content\/uploads\/sites\/176\/2024\/09\/Kandidater-Provenominasjon-OH-stortingsvalgliste-2025-699x1024.png 699w, https:\/\/hoyre.no\/content\/uploads\/sites\/176\/2024\/09\/Kandidater-Provenominasjon-OH-stortingsvalgliste-2025-205x300.png 205w, https:\/\/hoyre.no\/content\/uploads\/sites\/176\/2024\/09\/Kandidater-Provenominasjon-OH-stortingsvalgliste-2025.png 734w\" sizes=\"auto, (max-width: 699px) 100vw, 699px\" \/><\/figure>\n","protected":false},"excerpt":{"rendered":"","protected":false},"author":36139,"featured_media":0,"parent":0,"menu_order":0,"comment_status":"closed","ping_status":"closed","template":"","meta":{"teft_cards_image_url":"","teft_cards_custom_pretitle":"","teft_cards_image_id":0,"teft_cards_image_focal_point_x":0,"teft_cards_image_focal_point_y":0,"teft_cards_title":"","teft_cards_excerpt":"","teft_show_chapters":false,"footnotes":""},"class_list":["post-1713","page","type-page","status-publish","hentry"],"yoast_head":"<!-- This site is optimized with the Yoast SEO plugin v26.6 - https:\/\/yoast.com\/wordpress\/plugins\/seo\/ -->\n<title>Medlemsm\u00f8te med pr\u00f8venominasjon til \u00d8stfold H\u00f8yres stortingsvalgliste - Moss H\u00f8yre<\/title>\n<meta name=\"robots\" content=\"index, follow, max-snippet:-1, max-image-preview:large, max-video-preview:-1\" \/>\n<link rel=\"canonical\" href=\"https:\/\/hoyre.no\/moss\/medlemsmote-med-provenominasjon-til-ostfold-hoyres-stortingsvalgliste\/\" \/>\n<meta property=\"og:locale\" content=\"nb_NO\" \/>\n<meta property=\"og:type\" content=\"article\" \/>\n<meta property=\"og:title\" content=\"Medlemsm\u00f8te med pr\u00f8venominasjon til \u00d8stfold H\u00f8yres stortingsvalgliste - Moss H\u00f8yre\" \/>\n<meta property=\"og:url\" content=\"https:\/\/hoyre.no\/moss\/medlemsmote-med-provenominasjon-til-ostfold-hoyres-stortingsvalgliste\/\" \/>\n<meta property=\"og:site_name\" content=\"Moss H\u00f8yre\" \/>\n<meta property=\"article:modified_time\" content=\"2025-02-18T15:44:07+00:00\" \/>\n<meta property=\"og:image\" content=\"https:\/\/hoyre.no\/content\/uploads\/sites\/176\/2024\/09\/Kandidater-Provenominasjon-OH-stortingsvalgliste-2025-699x1024.png\" \/>\n<meta name=\"twitter:card\" content=\"summary_large_image\" \/>\n<meta name=\"twitter:label1\" content=\"Ansl. lesetid\" \/>\n\t<meta name=\"twitter:data1\" content=\"2 minutter\" \/>\n<script type=\"application\/ld+json\" class=\"yoast-schema-graph\">{\"@context\":\"https:\/\/schema.org\",\"@graph\":[{\"@type\":\"WebPage\",\"@id\":\"https:\/\/hoyre.no\/moss\/medlemsmote-med-provenominasjon-til-ostfold-hoyres-stortingsvalgliste\/\",\"url\":\"https:\/\/hoyre.no\/moss\/medlemsmote-med-provenominasjon-til-ostfold-hoyres-stortingsvalgliste\/\",\"name\":\"Medlemsm\u00f8te med pr\u00f8venominasjon til \u00d8stfold H\u00f8yres stortingsvalgliste - Moss H\u00f8yre\",\"isPartOf\":{\"@id\":\"https:\/\/hoyre.no\/moss\/#website\"},\"image\":{\"@id\":\"https:\/\/hoyre.no\/moss\/medlemsmote-med-provenominasjon-til-ostfold-hoyres-stortingsvalgliste\/#primaryimage\"},\"thumbnailUrl\":\"https:\/\/hoyre.no\/content\/uploads\/sites\/176\/2024\/09\/Kandidater-Provenominasjon-OH-stortingsvalgliste-2025-699x1024.png\",\"datePublished\":\"2024-09-17T08:49:23+00:00\",\"dateModified\":\"2025-02-18T15:44:07+00:00\",\"breadcrumb\":{\"@id\":\"https:\/\/hoyre.no\/moss\/medlemsmote-med-provenominasjon-til-ostfold-hoyres-stortingsvalgliste\/#breadcrumb\"},\"inLanguage\":\"nb-NO\",\"potentialAction\":[{\"@type\":\"ReadAction\",\"target\":[\"https:\/\/hoyre.no\/moss\/medlemsmote-med-provenominasjon-til-ostfold-hoyres-stortingsvalgliste\/\"]}]},{\"@type\":\"ImageObject\",\"inLanguage\":\"nb-NO\",\"@id\":\"https:\/\/hoyre.no\/moss\/medlemsmote-med-provenominasjon-til-ostfold-hoyres-stortingsvalgliste\/#primaryimage\",\"url\":\"https:\/\/hoyre.no\/content\/uploads\/sites\/176\/2024\/09\/Kandidater-Provenominasjon-OH-stortingsvalgliste-2025-699x1024.png\",\"contentUrl\":\"https:\/\/hoyre.no\/content\/uploads\/sites\/176\/2024\/09\/Kandidater-Provenominasjon-OH-stortingsvalgliste-2025-699x1024.png\"},{\"@type\":\"BreadcrumbList\",\"@id\":\"https:\/\/hoyre.no\/moss\/medlemsmote-med-provenominasjon-til-ostfold-hoyres-stortingsvalgliste\/#breadcrumb\",\"itemListElement\":[{\"@type\":\"ListItem\",\"position\":1,\"name\":\"Til hoyre.no\",\"item\":\"https:\/\/hoyre.no\"},{\"@type\":\"ListItem\",\"position\":2,\"name\":\"Hjem\",\"item\":\"https:\/\/hoyre.no\/moss\/\"},{\"@type\":\"ListItem\",\"position\":3,\"name\":\"Medlemsm\u00f8te med pr\u00f8venominasjon til \u00d8stfold H\u00f8yres stortingsvalgliste\"}]},{\"@type\":\"WebSite\",\"@id\":\"https:\/\/hoyre.no\/moss\/#website\",\"url\":\"https:\/\/hoyre.no\/moss\/\",\"name\":\"Moss H\u00f8yre\",\"description\":\"Bare enda et H\u00f8yres nettsteder-nettsted\",\"inLanguage\":\"nb-NO\"}]}<\/script>\n<!-- \/ Yoast SEO plugin. -->","yoast_head_json":{"title":"Medlemsm\u00f8te med pr\u00f8venominasjon til \u00d8stfold H\u00f8yres stortingsvalgliste - Moss H\u00f8yre","robots":{"index":"index","follow":"follow","max-snippet":"max-snippet:-1","max-image-preview":"max-image-preview:large","max-video-preview":"max-video-preview:-1"},"canonical":"https:\/\/hoyre.no\/moss\/medlemsmote-med-provenominasjon-til-ostfold-hoyres-stortingsvalgliste\/","og_locale":"nb_NO","og_type":"article","og_title":"Medlemsm\u00f8te med pr\u00f8venominasjon til \u00d8stfold H\u00f8yres stortingsvalgliste - Moss H\u00f8yre","og_url":"https:\/\/hoyre.no\/moss\/medlemsmote-med-provenominasjon-til-ostfold-hoyres-stortingsvalgliste\/","og_site_name":"Moss H\u00f8yre","article_modified_time":"2025-02-18T15:44:07+00:00","og_image":[{"url":"https:\/\/hoyre.no\/content\/uploads\/sites\/176\/2024\/09\/Kandidater-Provenominasjon-OH-stortingsvalgliste-2025-699x1024.png","type":"","width":"","height":""}],"twitter_card":"summary_large_image","twitter_misc":{"Ansl. lesetid":"2 minutter"},"schema":{"@context":"https:\/\/schema.org","@graph":[{"@type":"WebPage","@id":"https:\/\/hoyre.no\/moss\/medlemsmote-med-provenominasjon-til-ostfold-hoyres-stortingsvalgliste\/","url":"https:\/\/hoyre.no\/moss\/medlemsmote-med-provenominasjon-til-ostfold-hoyres-stortingsvalgliste\/","name":"Medlemsm\u00f8te med pr\u00f8venominasjon til \u00d8stfold H\u00f8yres stortingsvalgliste - Moss H\u00f8yre","isPartOf":{"@id":"https:\/\/hoyre.no\/moss\/#website"},"image":{"@id":"https:\/\/hoyre.no\/moss\/medlemsmote-med-provenominasjon-til-ostfold-hoyres-stortingsvalgliste\/#primaryimage"},"thumbnailUrl":"https:\/\/hoyre.no\/content\/uploads\/sites\/176\/2024\/09\/Kandidater-Provenominasjon-OH-stortingsvalgliste-2025-699x1024.png","datePublished":"2024-09-17T08:49:23+00:00","dateModified":"2025-02-18T15:44:07+00:00","breadcrumb":{"@id":"https:\/\/hoyre.no\/moss\/medlemsmote-med-provenominasjon-til-ostfold-hoyres-stortingsvalgliste\/#breadcrumb"},"inLanguage":"nb-NO","potentialAction":[{"@type":"ReadAction","target":["https:\/\/hoyre.no\/moss\/medlemsmote-med-provenominasjon-til-ostfold-hoyres-stortingsvalgliste\/"]}]},{"@type":"ImageObject","inLanguage":"nb-NO","@id":"https:\/\/hoyre.no\/moss\/medlemsmote-med-provenominasjon-til-ostfold-hoyres-stortingsvalgliste\/#primaryimage","url":"https:\/\/hoyre.no\/content\/uploads\/sites\/176\/2024\/09\/Kandidater-Provenominasjon-OH-stortingsvalgliste-2025-699x1024.png","contentUrl":"https:\/\/hoyre.no\/content\/uploads\/sites\/176\/2024\/09\/Kandidater-Provenominasjon-OH-stortingsvalgliste-2025-699x1024.png"},{"@type":"BreadcrumbList","@id":"https:\/\/hoyre.no\/moss\/medlemsmote-med-provenominasjon-til-ostfold-hoyres-stortingsvalgliste\/#breadcrumb","itemListElement":[{"@type":"ListItem","position":1,"name":"Til hoyre.no","item":"https:\/\/hoyre.no"},{"@type":"ListItem","position":2,"name":"Hjem","item":"https:\/\/hoyre.no\/moss\/"},{"@type":"ListItem","position":3,"name":"Medlemsm\u00f8te med pr\u00f8venominasjon til \u00d8stfold H\u00f8yres stortingsvalgliste"}]},{"@type":"WebSite","@id":"https:\/\/hoyre.no\/moss\/#website","url":"https:\/\/hoyre.no\/moss\/","name":"Moss H\u00f8yre","description":"Bare enda et H\u00f8yres nettsteder-nettsted","inLanguage":"nb-NO"}]}},"distributor_meta":false,"distributor_terms":false,"distributor_media":false,"distributor_original_site_name":"Moss H\u00f8yre","distributor_original_site_url":"https:\/\/hoyre.no\/moss","push-errors":false,"_links":{"self":[{"href":"https:\/\/hoyre.no\/moss\/wp-json\/wp\/v2\/pages\/1713","targetHints":{"allow":["GET"]}}],"collection":[{"href":"https:\/\/hoyre.no\/moss\/wp-json\/wp\/v2\/pages"}],"about":[{"href":"https:\/\/hoyre.no\/moss\/wp-json\/wp\/v2\/types\/page"}],"author":[{"embeddable":true,"href":"https:\/\/hoyre.no\/moss\/wp-json\/wp\/v2\/users\/36139"}],"replies":[{"embeddable":true,"href":"https:\/\/hoyre.no\/moss\/wp-json\/wp\/v2\/comments?post=1713"}],"version-history":[{"count":5,"href":"https:\/\/hoyre.no\/moss\/wp-json\/wp\/v2\/pages\/1713\/revisions"}],"predecessor-version":[{"id":1862,"href":"https:\/\/hoyre.no\/moss\/wp-json\/wp\/v2\/pages\/1713\/revisions\/1862"}],"wp:attachment":[{"href":"https:\/\/hoyre.no\/moss\/wp-json\/wp\/v2\/media?parent=1713"}],"curies":[{"name":"wp","href":"https:\/\/api.w.org\/{rel}","templated":true}]}}