{"id":1768,"date":"2024-11-27T21:11:21","date_gmt":"2024-11-27T20:11:21","guid":{"rendered":"https:\/\/hoyre.no\/moss\/?page_id=1768"},"modified":"2024-11-27T21:29:28","modified_gmt":"2024-11-27T20:29:28","slug":"1768-2","status":"publish","type":"page","link":"https:\/\/hoyre.no\/moss\/1768-2\/","title":{"rendered":"Stortingsvalglisten 2025"},"content":{"rendered":"\n<div class=\"wp-block-hoyre-hero with-image-gradient text-color-light  has-media alignfull has-background\"><div class=\"hoyre-hero has-image\"><h1 class=\"title\">\u00d8stfolds toppkandidater<\/h1><p class=\"preamble\"><strong>\u00d8stfold H\u00f8yres liste til stortingsvalget 2025 er klar!<\/strong><\/p>\t\t\t<div class=\"post-meta wp-block teft-byline-wrapper\">\n\t\t\t\t<div class=\"top\">\n\t\t\t\t\t<div class=\"signature\">\n\t\t\t\t\t\t<div class=\"teft-byline\">\n\t\t\t\t\t\t\t\t\t\t\t\t\t\t<div>\n\t\t\t\t\t\t\t\t<h3>H\u00f8yres redaksjon<\/h3>\t\t\t\t\t\t\t\t\n\t\t\t\t\t\t\t\t\t\t\t\t\t\t\t\t\t<span class=\"date\">Sist oppdatert: 27. november 2024<\/span>\n\t\t\t\t\t\t\t\t\t\t\t\t\t\t\t\t\t\t\t\t\t\t\t\t\t<span class=\"reading-time\" itemprop=\"timeRequired\" content=\"PT1M\"><em>Ca. 1 minutter lesetid<\/em><\/span>\n\t\t\t\t\t\t\t\t\t\t\t\t\t\t\t<\/div>\n\t\t\t\t\t\t<\/div>\n\t\t\t\t\t<\/div>\n\t\t\t\t\t\t<div class=\"sharing\">\n\t\t<a class=\"share-button share-link copy-link\" data-copy=\"https:\/\/hoyre.no\/moss\/1768-2\/\" target=\"_blank\"><span class=\"screen-reader-text\">Del link<\/span><\/a>\n\t\t<a class=\"share-button share-twitter\" href=\"http:\/\/twitter.com\/share?text=Stortingsvalglisten 2025&#038;url=https:\/\/hoyre.no\/moss\/1768-2\/&#038;hashtags=Hoyre\" target=\"_blank\"><span class=\"screen-reader-text\">Del p\u00e5 twitter<\/span><\/a>\n\t\t<a class=\"share-button share-facebook\" href=\"https:\/\/www.facebook.com\/sharer\/sharer.php?u=https:\/\/hoyre.no\/moss\/1768-2\/\" target=\"_blank\"><span class=\"screen-reader-text\">Del p\u00e5 facebook<\/span><\/a>\n\t<\/div>\n\t\t\t\t\t<\/div>\n\t\t\t<\/div>\n\n\t\t\t<figure class=\"hoyre-image-wrapper\"><div class=\"hoyre-image\"><img loading=\"lazy\" decoding=\"async\" width=\"1440\" height=\"1334\" src=\"https:\/\/hoyre.no\/content\/uploads\/sites\/176\/2024\/11\/467250376_970169005137076_6384270560247528610_n.jpg\" class=\"attachment-scaled size-scaled\" alt=\"\" style=\"object-position: 50% 10%\" srcset=\"https:\/\/hoyre.no\/content\/uploads\/sites\/176\/2024\/11\/467250376_970169005137076_6384270560247528610_n.jpg 1440w, https:\/\/hoyre.no\/content\/uploads\/sites\/176\/2024\/11\/467250376_970169005137076_6384270560247528610_n-300x278.jpg 300w, https:\/\/hoyre.no\/content\/uploads\/sites\/176\/2024\/11\/467250376_970169005137076_6384270560247528610_n-1024x949.jpg 1024w, https:\/\/hoyre.no\/content\/uploads\/sites\/176\/2024\/11\/467250376_970169005137076_6384270560247528610_n-768x711.jpg 768w\" sizes=\"auto, (max-width: 1440px) 100vw, 1440px\" \/><\/div><\/figure><\/div><\/div>\n\n\n\n\n<p>P\u00e5 nominasjonsm\u00f8tet i \u00d8stfold H\u00f8yre tirsdag, 19. november ble listen for stortingsvalget 2025 vedtatt. Moss H\u00f8yre er stolte av \u00e5 ha fire dyktige kandidater fra Moss p\u00e5 listen:<\/p>\n\n\n\n<ul class=\"wp-block-list\">\n<li><strong>Tage Pettersen<\/strong>\u00a0(1. plass)<\/li>\n\n\n\n<li><strong>Richard Norland<\/strong>\u00a0(12. plass)<\/li>\n\n\n\n<li><strong>Monika Celine Nore<\/strong>\u00a0(13. plass)<\/li>\n\n\n\n<li><strong>Christian Wines<\/strong>\u00a0(15. plass)<\/li>\n<\/ul>\n\n\n\n<p>Med kandidater som representerer hele fylket, viser listen b\u00e5de bredde og styrke. Sammen st\u00e5r vi klare til \u00e5 l\u00f8fte \u00d8stfold og sikre en sterk stemme p\u00e5 Stortinget.<\/p>\n\n\n\n<p>Her er hele listen over de 15 kandidatene:<\/p>\n\n\n\n<ol class=\"wp-block-list\">\n<li><strong>Tage Pettersen<\/strong>, Moss (1972)<\/li>\n\n\n\n<li><strong>Elin Ileby Nakstad<\/strong>, Sarpsborg (1973)<\/li>\n\n\n\n<li><strong>Erik Unaas<\/strong>, Indre \u00d8stfold (1959)<\/li>\n\n\n\n<li><strong>Henriette Celine St\u00f8a Gaustad<\/strong>, Fredrikstad (1992)<\/li>\n\n\n\n<li><strong>Emil Mathieu R\u00f8geberg<\/strong>, Fredrikstad (2003)<\/li>\n\n\n\n<li><strong>Fredrik Holm<\/strong>, Halden (1985)<\/li>\n\n\n\n<li><strong>Frederikke Stensr\u00f8d<\/strong>, R\u00e5de (1972)<\/li>\n\n\n\n<li><strong>Margrethe Motzfeldt<\/strong>, Sarpsborg (1983)<\/li>\n\n\n\n<li><strong>Anne May Sandvik Olsen<\/strong>, Hvaler (1965)<\/li>\n\n\n\n<li><strong>Erik Ileby Nakstad<\/strong>, Sarpsborg (2005)<\/li>\n\n\n\n<li><strong>Javad Mushtaq<\/strong>, Halden (1988)<\/li>\n\n\n\n<li><strong>Richard Norland<\/strong>, Moss (1957)<\/li>\n\n\n\n<li><strong>Monika Celine Nore<\/strong>, Moss (1972)<\/li>\n\n\n\n<li><strong>Arne Gr\u00f8ndalen<\/strong>, Rakkestad (1964)<\/li>\n\n\n\n<li><strong>Christian Wines<\/strong>, Moss (1975)<\/li>\n<\/ol>\n\n\n\n<p><strong>Klart \u00d8stfold kan! \ud83d\udcaa\ud83d\udc99<\/strong><\/p>\n\n","protected":false},"excerpt":{"rendered":"","protected":false},"author":36139,"featured_media":0,"parent":0,"menu_order":0,"comment_status":"closed","ping_status":"closed","template":"","meta":{"teft_cards_image_url":"","teft_cards_custom_pretitle":"","teft_cards_image_id":0,"teft_cards_image_focal_point_x":0,"teft_cards_image_focal_point_y":0,"teft_cards_title":"","teft_cards_excerpt":"","teft_show_chapters":false,"footnotes":""},"class_list":["post-1768","page","type-page","status-publish","hentry"],"yoast_head":"<!-- This site is optimized with the Yoast SEO plugin v26.6 - https:\/\/yoast.com\/wordpress\/plugins\/seo\/ -->\n<title>Stortingsvalglisten 2025 - Moss H\u00f8yre<\/title>\n<meta name=\"robots\" content=\"index, follow, max-snippet:-1, max-image-preview:large, max-video-preview:-1\" \/>\n<link rel=\"canonical\" href=\"https:\/\/hoyre.no\/moss\/1768-2\/\" \/>\n<meta property=\"og:locale\" content=\"nb_NO\" \/>\n<meta property=\"og:type\" content=\"article\" \/>\n<meta property=\"og:title\" content=\"Stortingsvalglisten 2025 - Moss H\u00f8yre\" \/>\n<meta property=\"og:url\" content=\"https:\/\/hoyre.no\/moss\/1768-2\/\" \/>\n<meta property=\"og:site_name\" content=\"Moss H\u00f8yre\" \/>\n<meta property=\"article:modified_time\" content=\"2024-11-27T20:29:28+00:00\" \/>\n<meta property=\"og:image\" content=\"https:\/\/hoyre.no\/content\/uploads\/sites\/176\/2022\/11\/Hoyres-logo.png\" \/>\n\t<meta property=\"og:image:width\" content=\"1000\" \/>\n\t<meta property=\"og:image:height\" content=\"1000\" \/>\n\t<meta property=\"og:image:type\" content=\"image\/png\" \/>\n<meta name=\"twitter:card\" content=\"summary_large_image\" \/>\n<meta name=\"twitter:label1\" content=\"Ansl. lesetid\" \/>\n\t<meta name=\"twitter:data1\" content=\"1 minutt\" \/>\n<script type=\"application\/ld+json\" class=\"yoast-schema-graph\">{\"@context\":\"https:\/\/schema.org\",\"@graph\":[{\"@type\":\"WebPage\",\"@id\":\"https:\/\/hoyre.no\/moss\/1768-2\/\",\"url\":\"https:\/\/hoyre.no\/moss\/1768-2\/\",\"name\":\"Stortingsvalglisten 2025 - Moss H\u00f8yre\",\"isPartOf\":{\"@id\":\"https:\/\/hoyre.no\/moss\/#website\"},\"datePublished\":\"2024-11-27T20:11:21+00:00\",\"dateModified\":\"2024-11-27T20:29:28+00:00\",\"breadcrumb\":{\"@id\":\"https:\/\/hoyre.no\/moss\/1768-2\/#breadcrumb\"},\"inLanguage\":\"nb-NO\",\"potentialAction\":[{\"@type\":\"ReadAction\",\"target\":[\"https:\/\/hoyre.no\/moss\/1768-2\/\"]}]},{\"@type\":\"BreadcrumbList\",\"@id\":\"https:\/\/hoyre.no\/moss\/1768-2\/#breadcrumb\",\"itemListElement\":[{\"@type\":\"ListItem\",\"position\":1,\"name\":\"Til hoyre.no\",\"item\":\"https:\/\/hoyre.no\"},{\"@type\":\"ListItem\",\"position\":2,\"name\":\"Hjem\",\"item\":\"https:\/\/hoyre.no\/moss\/\"},{\"@type\":\"ListItem\",\"position\":3,\"name\":\"Stortingsvalglisten 2025\"}]},{\"@type\":\"WebSite\",\"@id\":\"https:\/\/hoyre.no\/moss\/#website\",\"url\":\"https:\/\/hoyre.no\/moss\/\",\"name\":\"Moss H\u00f8yre\",\"description\":\"Bare enda et H\u00f8yres nettsteder-nettsted\",\"inLanguage\":\"nb-NO\"}]}<\/script>\n<!-- \/ Yoast SEO plugin. -->","yoast_head_json":{"title":"Stortingsvalglisten 2025 - Moss H\u00f8yre","robots":{"index":"index","follow":"follow","max-snippet":"max-snippet:-1","max-image-preview":"max-image-preview:large","max-video-preview":"max-video-preview:-1"},"canonical":"https:\/\/hoyre.no\/moss\/1768-2\/","og_locale":"nb_NO","og_type":"article","og_title":"Stortingsvalglisten 2025 - Moss H\u00f8yre","og_url":"https:\/\/hoyre.no\/moss\/1768-2\/","og_site_name":"Moss H\u00f8yre","article_modified_time":"2024-11-27T20:29:28+00:00","og_image":[{"width":1000,"height":1000,"url":"https:\/\/hoyre.no\/content\/uploads\/sites\/176\/2022\/11\/Hoyres-logo.png","type":"image\/png"}],"twitter_card":"summary_large_image","twitter_misc":{"Ansl. lesetid":"1 minutt"},"schema":{"@context":"https:\/\/schema.org","@graph":[{"@type":"WebPage","@id":"https:\/\/hoyre.no\/moss\/1768-2\/","url":"https:\/\/hoyre.no\/moss\/1768-2\/","name":"Stortingsvalglisten 2025 - Moss H\u00f8yre","isPartOf":{"@id":"https:\/\/hoyre.no\/moss\/#website"},"datePublished":"2024-11-27T20:11:21+00:00","dateModified":"2024-11-27T20:29:28+00:00","breadcrumb":{"@id":"https:\/\/hoyre.no\/moss\/1768-2\/#breadcrumb"},"inLanguage":"nb-NO","potentialAction":[{"@type":"ReadAction","target":["https:\/\/hoyre.no\/moss\/1768-2\/"]}]},{"@type":"BreadcrumbList","@id":"https:\/\/hoyre.no\/moss\/1768-2\/#breadcrumb","itemListElement":[{"@type":"ListItem","position":1,"name":"Til hoyre.no","item":"https:\/\/hoyre.no"},{"@type":"ListItem","position":2,"name":"Hjem","item":"https:\/\/hoyre.no\/moss\/"},{"@type":"ListItem","position":3,"name":"Stortingsvalglisten 2025"}]},{"@type":"WebSite","@id":"https:\/\/hoyre.no\/moss\/#website","url":"https:\/\/hoyre.no\/moss\/","name":"Moss H\u00f8yre","description":"Bare enda et H\u00f8yres nettsteder-nettsted","inLanguage":"nb-NO"}]}},"distributor_meta":false,"distributor_terms":false,"distributor_media":false,"distributor_original_site_name":"Moss H\u00f8yre","distributor_original_site_url":"https:\/\/hoyre.no\/moss","push-errors":false,"_links":{"self":[{"href":"https:\/\/hoyre.no\/moss\/wp-json\/wp\/v2\/pages\/1768","targetHints":{"allow":["GET"]}}],"collection":[{"href":"https:\/\/hoyre.no\/moss\/wp-json\/wp\/v2\/pages"}],"about":[{"href":"https:\/\/hoyre.no\/moss\/wp-json\/wp\/v2\/types\/page"}],"author":[{"embeddable":true,"href":"https:\/\/hoyre.no\/moss\/wp-json\/wp\/v2\/users\/36139"}],"replies":[{"embeddable":true,"href":"https:\/\/hoyre.no\/moss\/wp-json\/wp\/v2\/comments?post=1768"}],"version-history":[{"count":4,"href":"https:\/\/hoyre.no\/moss\/wp-json\/wp\/v2\/pages\/1768\/revisions"}],"predecessor-version":[{"id":1786,"href":"https:\/\/hoyre.no\/moss\/wp-json\/wp\/v2\/pages\/1768\/revisions\/1786"}],"wp:attachment":[{"href":"https:\/\/hoyre.no\/moss\/wp-json\/wp\/v2\/media?parent=1768"}],"curies":[{"name":"wp","href":"https:\/\/api.w.org\/{rel}","templated":true}]}}