{"id":552,"date":"2023-01-05T15:37:03","date_gmt":"2023-01-05T14:37:03","guid":{"rendered":"https:\/\/hoyre.no\/moss\/?page_id=552"},"modified":"2025-02-18T16:46:58","modified_gmt":"2025-02-18T15:46:58","slug":"simen-nord-var-ordforerkandidat","status":"publish","type":"page","link":"https:\/\/hoyre.no\/moss\/simen-nord-var-ordforerkandidat\/","title":{"rendered":"Simen Nord &#8211; v\u00e5r ordf\u00f8rer i Moss"},"content":{"rendered":"\n<div class=\"wp-block-hoyre-hero with-image-gradient text-color-light  has-media alignfull has-background\"><div class=\"hoyre-hero has-image\"><h1 class=\"title\">Simen Nord &#8211; ordf\u00f8rer i Moss<\/h1><p class=\"preamble\">Foto: Monica Jensen<\/p>\t\t\t<div class=\"post-meta wp-block teft-byline-wrapper\">\n\t\t\t\t<div class=\"top\">\n\t\t\t\t\t<div class=\"signature\">\n\t\t\t\t\t\t<div class=\"teft-byline\">\n\t\t\t\t\t\t\t\t\t\t\t\t\t\t<div>\n\t\t\t\t\t\t\t\t<h3>H\u00f8yres redaksjon<\/h3>\t\t\t\t\t\t\t\t\n\t\t\t\t\t\t\t\t\t\t\t\t\t\t\t\t\t<span class=\"date\">Sist oppdatert: 18. februar 2025<\/span>\n\t\t\t\t\t\t\t\t\t\t\t\t\t\t\t\t\t\t\t\t\t\t\t\t\t<span class=\"reading-time\" itemprop=\"timeRequired\" content=\"PT3M\"><em>Ca. 3 minutter lesetid<\/em><\/span>\n\t\t\t\t\t\t\t\t\t\t\t\t\t\t\t<\/div>\n\t\t\t\t\t\t<\/div>\n\t\t\t\t\t<\/div>\n\t\t\t\t\t\t<div class=\"sharing\">\n\t\t<a class=\"share-button share-link copy-link\" data-copy=\"https:\/\/hoyre.no\/moss\/simen-nord-var-ordforerkandidat\/\" target=\"_blank\"><span class=\"screen-reader-text\">Del link<\/span><\/a>\n\t\t<a class=\"share-button share-twitter\" href=\"http:\/\/twitter.com\/share?text=Simen Nord &#8211; v\u00e5r ordf\u00f8rer i Moss&#038;url=https:\/\/hoyre.no\/moss\/simen-nord-var-ordforerkandidat\/&#038;hashtags=Hoyre\" target=\"_blank\"><span class=\"screen-reader-text\">Del p\u00e5 twitter<\/span><\/a>\n\t\t<a class=\"share-button share-facebook\" href=\"https:\/\/www.facebook.com\/sharer\/sharer.php?u=https:\/\/hoyre.no\/moss\/simen-nord-var-ordforerkandidat\/\" target=\"_blank\"><span class=\"screen-reader-text\">Del p\u00e5 facebook<\/span><\/a>\n\t<\/div>\n\t\t\t\t\t<\/div>\n\t\t\t<\/div>\n\n\t\t\t<figure class=\"hoyre-image-wrapper\"><div class=\"hoyre-image\"><img loading=\"lazy\" decoding=\"async\" width=\"2048\" height=\"1204\" src=\"https:\/\/hoyre.no\/content\/uploads\/sites\/176\/2022\/07\/Simen-Nord-2048x1204-1.jpeg\" class=\"attachment-scaled size-scaled\" alt=\"\" style=\"object-position: 50% 0%\" srcset=\"https:\/\/hoyre.no\/content\/uploads\/sites\/176\/2022\/07\/Simen-Nord-2048x1204-1.jpeg 2048w, https:\/\/hoyre.no\/content\/uploads\/sites\/176\/2022\/07\/Simen-Nord-2048x1204-1-300x176.jpeg 300w, https:\/\/hoyre.no\/content\/uploads\/sites\/176\/2022\/07\/Simen-Nord-2048x1204-1-1024x602.jpeg 1024w, https:\/\/hoyre.no\/content\/uploads\/sites\/176\/2022\/07\/Simen-Nord-2048x1204-1-768x452.jpeg 768w, https:\/\/hoyre.no\/content\/uploads\/sites\/176\/2022\/07\/Simen-Nord-2048x1204-1-1536x903.jpeg 1536w\" sizes=\"auto, (max-width: 2048px) 100vw, 2048px\" \/><\/div><\/figure><\/div><\/div>\n\n\n\n\n<div class=\"wp-block-buttons alignfull is-content-justification-center is-layout-flex wp-container-core-buttons-is-layout-16018d1d wp-block-buttons-is-layout-flex\">\n<div class=\"wp-block-button\"><a class=\"wp-block-button__link wp-element-button\" href=\"https:\/\/hoyre.no\/nyhetsbrev\" target=\"_blank\" rel=\"noreferrer noopener\">abonner p\u00e5 H\u00f8yres nyhetsbrev<\/a><\/div>\n\n\n\n<div class=\"wp-block-button\"><a class=\"wp-block-button__link wp-element-button\" href=\"https:\/\/hoyre.no\/personprofiler\/simen-nord\/\">KOM I KONTAKT MED SIMEN<\/a><\/div>\n\n\n\n<div class=\"wp-block-button\"><a class=\"wp-block-button__link wp-element-button\" href=\"https:\/\/www.facebook.com\/mosshoyre\" target=\"_blank\" rel=\"noreferrer noopener\">f\u00f8lg mOSS H\u00d8YRE p\u00e5 facebook<\/a><\/div>\n<\/div>\n\n\n\n<div class=\"wp-block-hoyre-banner undefined has-icon-title icon-heart\"><div class=\"banner-inner\"><figure class=\"hoyre-image-wrapper\"><div class=\"hoyre-image\"><img loading=\"lazy\" decoding=\"async\" width=\"938\" height=\"702\" src=\"https:\/\/hoyre.no\/content\/uploads\/sites\/176\/2022\/12\/SimenBygdetunet29.jpg\" class=\"attachment-scaled size-scaled\" alt=\"\" style=\"object-position: 50% 50%\" srcset=\"https:\/\/hoyre.no\/content\/uploads\/sites\/176\/2022\/12\/SimenBygdetunet29.jpg 938w, https:\/\/hoyre.no\/content\/uploads\/sites\/176\/2022\/12\/SimenBygdetunet29-300x225.jpg 300w, https:\/\/hoyre.no\/content\/uploads\/sites\/176\/2022\/12\/SimenBygdetunet29-768x575.jpg 768w\" sizes=\"auto, (max-width: 938px) 100vw, 938px\" \/><\/div><\/figure><div class=\"banner-content\"><div class=\"entry-content\">\n<h2 class=\"wp-block-heading has-text-align-center\" id=\"h-bli-bedre-kjent-med-simen\">Bli bedre kjent med Simen!<\/h2>\n\n\n\n<p class=\"has-text-align-left\"><strong>Bosted:<\/strong> Moss sentrum.<\/p>\n\n\n\n<p class=\"has-text-align-left\"><strong>Yrkesbakgrunn:<\/strong> Advokatfullmektig.<\/p>\n\n\n\n<p class=\"has-text-align-left\"><strong>Bakgrunn:<\/strong> F\u00f8dt og oppvokst p\u00e5 Jel\u00f8y, utdannet jurist.<\/p>\n\n\n\n<p class=\"has-text-align-left\"><strong>Hvorfor meldte du deg inn i H\u00f8yre?<\/strong> Fordi jeg mener H\u00f8yre treffer den riktige balansen mellom frihet og ansvar for den enkelte. Samtidig liker jeg at man ser nettopp det enkelte mennesket, og kan v\u00e6re en medkjemper for mennesker som stanger mot systemene.<\/p>\n\n\n\n<p class=\"has-text-align-left\"><strong>Hva spiser du n\u00e5r du skal kose deg skikkelig?<\/strong> Spaghetti Bolognese med hjemmelagd pasta, eller en skikkelig god hamburger.&nbsp;<\/p>\n\n\n\n<p class=\"has-text-align-left\"><strong>Har du en funfact om deg selv?<\/strong> S\u00e5 glad i film at jeg har eget filmrom i kjelleren!<\/p>\n\n\n\n<div class=\"wp-block-buttons is-layout-flex wp-block-buttons-is-layout-flex\"><\/div>\n<\/div><\/div><\/div><\/div>\n\n\n\n<figure class=\"wp-block-teft-gallery columns-3 count-3 rows-2 is-cropped is-style-grid\"><ul class=\"teft-gallery-grid\"><li class=\"teft-gallery-item \"><figure><a href=\"https:\/\/hoyre.no\/content\/uploads\/sites\/176\/2022\/08\/simen-1-.jpeg\" data-size=\"640x960\"><img loading=\"lazy\" decoding=\"async\" width=\"640\" height=\"960\" src=\"https:\/\/hoyre.no\/content\/uploads\/sites\/176\/2022\/08\/simen-1-.jpeg\" class=\"attachment-large size-large\" alt=\"\" srcset=\"https:\/\/hoyre.no\/content\/uploads\/sites\/176\/2022\/08\/simen-1-.jpeg 640w, https:\/\/hoyre.no\/content\/uploads\/sites\/176\/2022\/08\/simen-1--200x300.jpeg 200w\" sizes=\"auto, (max-width: 640px) 100vw, 640px\" \/ data-full-url=\"https:\/\/hoyre.no\/content\/uploads\/sites\/176\/2022\/08\/simen-1-.jpeg\" data-id=\"614\" data-caption=\"614\"\/><\/a><\/figure><\/li><li class=\"teft-gallery-item \"><figure><a href=\"https:\/\/hoyre.no\/content\/uploads\/sites\/176\/2022\/08\/simen-2.jpeg\" data-size=\"720x960\"><img loading=\"lazy\" decoding=\"async\" width=\"720\" height=\"960\" src=\"https:\/\/hoyre.no\/content\/uploads\/sites\/176\/2022\/08\/simen-2.jpeg\" class=\"attachment-large size-large\" alt=\"\" srcset=\"https:\/\/hoyre.no\/content\/uploads\/sites\/176\/2022\/08\/simen-2.jpeg 720w, https:\/\/hoyre.no\/content\/uploads\/sites\/176\/2022\/08\/simen-2-225x300.jpeg 225w\" sizes=\"auto, (max-width: 720px) 100vw, 720px\" \/ data-full-url=\"https:\/\/hoyre.no\/content\/uploads\/sites\/176\/2022\/08\/simen-2.jpeg\" data-id=\"615\" data-caption=\"615\"\/><\/a><\/figure><\/li><li class=\"teft-gallery-item \"><figure><a href=\"https:\/\/hoyre.no\/content\/uploads\/sites\/176\/2022\/08\/simen-3.jpeg\" data-size=\"703x960\"><img loading=\"lazy\" decoding=\"async\" width=\"703\" height=\"960\" src=\"https:\/\/hoyre.no\/content\/uploads\/sites\/176\/2022\/08\/simen-3.jpeg\" class=\"attachment-large size-large\" alt=\"\" srcset=\"https:\/\/hoyre.no\/content\/uploads\/sites\/176\/2022\/08\/simen-3.jpeg 703w, https:\/\/hoyre.no\/content\/uploads\/sites\/176\/2022\/08\/simen-3-220x300.jpeg 220w\" sizes=\"auto, (max-width: 703px) 100vw, 703px\" \/ data-full-url=\"https:\/\/hoyre.no\/content\/uploads\/sites\/176\/2022\/08\/simen-3.jpeg\" data-id=\"616\" data-caption=\"616\"\/><\/a><\/figure><\/li><\/ul><\/figure>\n\n\n\n<h2 class=\"wp-block-heading has-text-align-center\" id=\"h-simens-hjertesak\">Simens hjertesak<\/h2>\n\n\n\n<p>\ud83d\udc99 <strong><strong>Kommunen skal v\u00e6re p\u00e5 innbyggernes side<\/strong><\/strong><\/p>\n\n\n\n<p>Jeg vil at Moss skal bli en JA-kommune, som sier ja n\u00e5r den kan og nei bare n\u00e5r den m\u00e5. Jeg vil ha en innbyggervennlig kommune som lytter til innbyggerne, som hjelper til der det trengs og ellers gir folk valgfrihet til \u00e5 bestemme selv.<\/p>\n\n\n\n<p><br>Jeg synes kommunen skal ha st\u00f8rre ambisjoner p\u00e5 elevenes vegne, og sette m\u00e5l om at flest mulig av elevene v\u00e5re gjennomf\u00f8rer videreg\u00e5ende, med best mulig resultat. Det kan vi n\u00e5 gjennom \u00e5 satse p\u00e5 skolen med etter- og videreutdanning, et sterkere st\u00f8tteapparat rundt elevene og tilstrekkelig l\u00e6ringsmateriell. Det betyr ogs\u00e5 at det blir galt \u00e5 frata l\u00e6rerne muligheten til \u00e5 gi velbegrunnede lekser.<\/p>\n\n\n\n<p>Moss skal v\u00e6re en fin kommune \u00e5 bo i for alle. Blir man psykisk syk, eller bare trenger noen \u00e5 prate med, s\u00e5 skal det v\u00e6re raskt og enkelt \u00e5 f\u00e5 hjelp, og ikke kreve stor egeninnsats eller lang tid i k\u00f8. &nbsp;&nbsp;&nbsp;<\/p>\n\n\n\n<p>Jeg vil at alle skal ha r\u00e5d til \u00e5 bo i Moss, og i vanskelige \u00f8konomiske tider som n\u00e5, b\u00f8r kommunen ta grep for \u00e5 redusere utgiftene man p\u00e5legger innbyggerne. Vi b\u00f8r ogs\u00e5 rette innsatsen mot de som trenger det mest. Det kan vi blant annet gj\u00f8re ved \u00e5 lage enklere ordninger for \u00e5 dekke fritidsaktiviteter for barn og unge, og gi st\u00f8tte til frivilligheten som skaper aktivitet, engasjerer og inkluderer et mangfold, og som gj\u00f8r et viktig sosialt arbeid i Moss. &nbsp;<\/p>\n\n\n\n<div class=\"wp-block-teft-accentuated-link undefined has-image\"><div class=\"kf-link__wrapper\"><div class=\"kf-link__tagline\"><\/div><a class=\"kf-link__link\" href=\"https:\/\/hoyre.no\/personprofiler\/simen-nord\/\" rel=\"https:\/\/hoyre.no\/personprofiler\/simen-nord\/ noopener\" target=\"_blank\">Kontaktinformasjon<span class=\"kf-link__link-source\">hoyre.no<svg xmlns=\"http:\/\/www.w3.org\/2000\/svg\" viewBox=\"0 0 24 24\" width=\"10\" height=\"10\" aria-hidden=\"true\"><path d=\"M8.251 16.498a.752.752 0 0 1-.53-1.281l13.72-13.72h-4.939a.75.75 0 0 1 0-1.5h6.75a.735.735 0 0 1 .293.06.75.75 0 0 1 .4.404l.01.026a.73.73 0 0 1 .047.26v6.75a.75.75 0 0 1-1.5 0V2.559l-13.72 13.72a.75.75 0 0 1-.531.219z\"><\/path><path d=\"M2.251 23.998a2.252 2.252 0 0 1-2.25-2.25v-15a2.252 2.252 0 0 1 2.25-2.25h9a.75.75 0 0 1 0 1.5h-9a.75.75 0 0 0-.75.75v15c0 .414.336.75.75.75h15a.75.75 0 0 0 .75-.75v-9a.75.75 0 0 1 1.5 0v9a2.252 2.252 0 0 1-2.25 2.25h-15z\"><\/path><\/svg><\/span><\/a><\/div><figure class=\"hoyre-image-wrapper\"><div class=\"hoyre-image\"><img loading=\"lazy\" decoding=\"async\" width=\"2048\" height=\"1204\" src=\"https:\/\/hoyre.no\/content\/uploads\/sites\/176\/2022\/07\/Simen-Nord-2048x1204-1.jpeg\" class=\"attachment-scaled size-scaled\" alt=\"\" style=\"object-position: 45% 45%\" srcset=\"https:\/\/hoyre.no\/content\/uploads\/sites\/176\/2022\/07\/Simen-Nord-2048x1204-1.jpeg 2048w, https:\/\/hoyre.no\/content\/uploads\/sites\/176\/2022\/07\/Simen-Nord-2048x1204-1-300x176.jpeg 300w, https:\/\/hoyre.no\/content\/uploads\/sites\/176\/2022\/07\/Simen-Nord-2048x1204-1-1024x602.jpeg 1024w, https:\/\/hoyre.no\/content\/uploads\/sites\/176\/2022\/07\/Simen-Nord-2048x1204-1-768x452.jpeg 768w, https:\/\/hoyre.no\/content\/uploads\/sites\/176\/2022\/07\/Simen-Nord-2048x1204-1-1536x903.jpeg 1536w\" sizes=\"auto, (max-width: 2048px) 100vw, 2048px\" \/><\/div><\/figure><\/div>\n\n","protected":false},"excerpt":{"rendered":"","protected":false},"author":31684,"featured_media":0,"parent":0,"menu_order":0,"comment_status":"closed","ping_status":"closed","template":"","meta":{"teft_cards_image_url":"","teft_cards_custom_pretitle":"","teft_cards_image_id":554,"teft_cards_image_focal_point_x":0.49,"teft_cards_image_focal_point_y":0.18,"teft_cards_title":"","teft_cards_excerpt":"","teft_show_chapters":false,"footnotes":""},"class_list":["post-552","page","type-page","status-publish","hentry"],"yoast_head":"<!-- This site is optimized with the Yoast SEO plugin v26.6 - https:\/\/yoast.com\/wordpress\/plugins\/seo\/ -->\n<title>Simen Nord - v\u00e5r ordf\u00f8rer i Moss - Moss H\u00f8yre<\/title>\n<meta name=\"description\" content=\"Har kan du bli bedre kjent med H\u00f8yre sin ordf\u00f8rer i Moss, Simen Nord.\" \/>\n<meta name=\"robots\" content=\"index, follow, max-snippet:-1, max-image-preview:large, max-video-preview:-1\" \/>\n<link rel=\"canonical\" href=\"https:\/\/hoyre.no\/moss\/simen-nord-var-ordforerkandidat\/\" \/>\n<meta property=\"og:locale\" content=\"nb_NO\" \/>\n<meta property=\"og:type\" content=\"article\" \/>\n<meta property=\"og:title\" content=\"Simen Nord - v\u00e5r ordf\u00f8rer i Moss - Moss H\u00f8yre\" \/>\n<meta property=\"og:description\" content=\"Har kan du bli bedre kjent med H\u00f8yre sin ordf\u00f8rer i Moss, Simen Nord.\" \/>\n<meta property=\"og:url\" content=\"https:\/\/hoyre.no\/moss\/simen-nord-var-ordforerkandidat\/\" \/>\n<meta property=\"og:site_name\" content=\"Moss H\u00f8yre\" \/>\n<meta property=\"article:modified_time\" content=\"2025-02-18T15:46:58+00:00\" \/>\n<meta property=\"og:image\" content=\"https:\/\/hoyre.no\/content\/uploads\/sites\/176\/2022\/07\/Simen-Nord-2048x1204-1-1024x602.jpeg\" \/>\n<meta name=\"twitter:card\" content=\"summary_large_image\" \/>\n<meta name=\"twitter:label1\" content=\"Ansl. lesetid\" \/>\n\t<meta name=\"twitter:data1\" content=\"3 minutter\" \/>\n<script type=\"application\/ld+json\" class=\"yoast-schema-graph\">{\"@context\":\"https:\/\/schema.org\",\"@graph\":[{\"@type\":\"WebPage\",\"@id\":\"https:\/\/hoyre.no\/moss\/simen-nord-var-ordforerkandidat\/\",\"url\":\"https:\/\/hoyre.no\/moss\/simen-nord-var-ordforerkandidat\/\",\"name\":\"Simen Nord - v\u00e5r ordf\u00f8rer i Moss - Moss H\u00f8yre\",\"isPartOf\":{\"@id\":\"https:\/\/hoyre.no\/moss\/#website\"},\"datePublished\":\"2023-01-05T14:37:03+00:00\",\"dateModified\":\"2025-02-18T15:46:58+00:00\",\"description\":\"Har kan du bli bedre kjent med H\u00f8yre sin ordf\u00f8rer i Moss, Simen Nord.\",\"breadcrumb\":{\"@id\":\"https:\/\/hoyre.no\/moss\/simen-nord-var-ordforerkandidat\/#breadcrumb\"},\"inLanguage\":\"nb-NO\",\"potentialAction\":[{\"@type\":\"ReadAction\",\"target\":[\"https:\/\/hoyre.no\/moss\/simen-nord-var-ordforerkandidat\/\"]}]},{\"@type\":\"BreadcrumbList\",\"@id\":\"https:\/\/hoyre.no\/moss\/simen-nord-var-ordforerkandidat\/#breadcrumb\",\"itemListElement\":[{\"@type\":\"ListItem\",\"position\":1,\"name\":\"Til hoyre.no\",\"item\":\"https:\/\/hoyre.no\"},{\"@type\":\"ListItem\",\"position\":2,\"name\":\"Hjem\",\"item\":\"https:\/\/hoyre.no\/moss\/\"},{\"@type\":\"ListItem\",\"position\":3,\"name\":\"Simen Nord &#8211; v\u00e5r ordf\u00f8rer i Moss\"}]},{\"@type\":\"WebSite\",\"@id\":\"https:\/\/hoyre.no\/moss\/#website\",\"url\":\"https:\/\/hoyre.no\/moss\/\",\"name\":\"Moss H\u00f8yre\",\"description\":\"Bare enda et H\u00f8yres nettsteder-nettsted\",\"inLanguage\":\"nb-NO\"}]}<\/script>\n<!-- \/ Yoast SEO plugin. -->","yoast_head_json":{"title":"Simen Nord - v\u00e5r ordf\u00f8rer i Moss - Moss H\u00f8yre","description":"Har kan du bli bedre kjent med H\u00f8yre sin ordf\u00f8rer i Moss, Simen Nord.","robots":{"index":"index","follow":"follow","max-snippet":"max-snippet:-1","max-image-preview":"max-image-preview:large","max-video-preview":"max-video-preview:-1"},"canonical":"https:\/\/hoyre.no\/moss\/simen-nord-var-ordforerkandidat\/","og_locale":"nb_NO","og_type":"article","og_title":"Simen Nord - v\u00e5r ordf\u00f8rer i Moss - Moss H\u00f8yre","og_description":"Har kan du bli bedre kjent med H\u00f8yre sin ordf\u00f8rer i Moss, Simen Nord.","og_url":"https:\/\/hoyre.no\/moss\/simen-nord-var-ordforerkandidat\/","og_site_name":"Moss H\u00f8yre","article_modified_time":"2025-02-18T15:46:58+00:00","og_image":[{"url":"https:\/\/hoyre.no\/content\/uploads\/sites\/176\/2022\/07\/Simen-Nord-2048x1204-1-1024x602.jpeg","width":"","height":"","type":""}],"twitter_card":"summary_large_image","twitter_misc":{"Ansl. lesetid":"3 minutter"},"schema":{"@context":"https:\/\/schema.org","@graph":[{"@type":"WebPage","@id":"https:\/\/hoyre.no\/moss\/simen-nord-var-ordforerkandidat\/","url":"https:\/\/hoyre.no\/moss\/simen-nord-var-ordforerkandidat\/","name":"Simen Nord - v\u00e5r ordf\u00f8rer i Moss - Moss H\u00f8yre","isPartOf":{"@id":"https:\/\/hoyre.no\/moss\/#website"},"datePublished":"2023-01-05T14:37:03+00:00","dateModified":"2025-02-18T15:46:58+00:00","description":"Har kan du bli bedre kjent med H\u00f8yre sin ordf\u00f8rer i Moss, Simen Nord.","breadcrumb":{"@id":"https:\/\/hoyre.no\/moss\/simen-nord-var-ordforerkandidat\/#breadcrumb"},"inLanguage":"nb-NO","potentialAction":[{"@type":"ReadAction","target":["https:\/\/hoyre.no\/moss\/simen-nord-var-ordforerkandidat\/"]}]},{"@type":"BreadcrumbList","@id":"https:\/\/hoyre.no\/moss\/simen-nord-var-ordforerkandidat\/#breadcrumb","itemListElement":[{"@type":"ListItem","position":1,"name":"Til hoyre.no","item":"https:\/\/hoyre.no"},{"@type":"ListItem","position":2,"name":"Hjem","item":"https:\/\/hoyre.no\/moss\/"},{"@type":"ListItem","position":3,"name":"Simen Nord &#8211; v\u00e5r ordf\u00f8rer i Moss"}]},{"@type":"WebSite","@id":"https:\/\/hoyre.no\/moss\/#website","url":"https:\/\/hoyre.no\/moss\/","name":"Moss H\u00f8yre","description":"Bare enda et H\u00f8yres nettsteder-nettsted","inLanguage":"nb-NO"}]}},"distributor_meta":false,"distributor_terms":false,"distributor_media":false,"distributor_original_site_name":"Moss H\u00f8yre","distributor_original_site_url":"https:\/\/hoyre.no\/moss","push-errors":false,"_links":{"self":[{"href":"https:\/\/hoyre.no\/moss\/wp-json\/wp\/v2\/pages\/552","targetHints":{"allow":["GET"]}}],"collection":[{"href":"https:\/\/hoyre.no\/moss\/wp-json\/wp\/v2\/pages"}],"about":[{"href":"https:\/\/hoyre.no\/moss\/wp-json\/wp\/v2\/types\/page"}],"author":[{"embeddable":true,"href":"https:\/\/hoyre.no\/moss\/wp-json\/wp\/v2\/users\/31684"}],"replies":[{"embeddable":true,"href":"https:\/\/hoyre.no\/moss\/wp-json\/wp\/v2\/comments?post=552"}],"version-history":[{"count":78,"href":"https:\/\/hoyre.no\/moss\/wp-json\/wp\/v2\/pages\/552\/revisions"}],"predecessor-version":[{"id":1864,"href":"https:\/\/hoyre.no\/moss\/wp-json\/wp\/v2\/pages\/552\/revisions\/1864"}],"wp:attachment":[{"href":"https:\/\/hoyre.no\/moss\/wp-json\/wp\/v2\/media?parent=552"}],"curies":[{"name":"wp","href":"https:\/\/api.w.org\/{rel}","templated":true}]}}