{"id":758,"date":"2023-01-13T13:15:52","date_gmt":"2023-01-13T12:15:52","guid":{"rendered":"https:\/\/hoyre.no\/moss\/?page_id=758"},"modified":"2025-02-18T16:47:52","modified_gmt":"2025-02-18T15:47:52","slug":"5-grunner-til-a-stemme-moss-hoyre","status":"publish","type":"page","link":"https:\/\/hoyre.no\/moss\/forsiden\/5-grunner-til-a-stemme-moss-hoyre\/","title":{"rendered":"Fem grunner til \u00e5 stemme H\u00f8yre"},"content":{"rendered":"\n<div class=\"wp-block-hoyre-hero with-image-gradient text-color-light  has-media alignfull has-background\"><div class=\"hoyre-hero has-image\"><h1 class=\"title\">Fem grunner til \u00e5 stemme Moss H\u00f8yre<\/h1><p class=\"preamble\">Moss H\u00f8yre vil at Moss skal bli en Ja-kommune, som sier ja n\u00e5r den kan og nei, bare n\u00e5r den m\u00e5. <\/p>\t\t\t<div class=\"post-meta wp-block teft-byline-wrapper\">\n\t\t\t\t<div class=\"top\">\n\t\t\t\t\t<div class=\"signature\">\n\t\t\t\t\t\t<div class=\"teft-byline\">\n\t\t\t\t\t\t\t\t\t\t\t\t\t\t<div>\n\t\t\t\t\t\t\t\t<h3>H\u00f8yres redaksjon<\/h3>\t\t\t\t\t\t\t\t\n\t\t\t\t\t\t\t\t\t\t\t\t\t\t\t\t\t<span class=\"date\">Sist oppdatert: 18. februar 2025<\/span>\n\t\t\t\t\t\t\t\t\t\t\t\t\t\t\t\t\t\t\t\t\t\t\t\t\t<span class=\"reading-time\" itemprop=\"timeRequired\" content=\"PT4M\"><em>Ca. 4 minutter lesetid<\/em><\/span>\n\t\t\t\t\t\t\t\t\t\t\t\t\t\t\t<\/div>\n\t\t\t\t\t\t<\/div>\n\t\t\t\t\t<\/div>\n\t\t\t\t\t\t<div class=\"sharing\">\n\t\t<a class=\"share-button share-link copy-link\" data-copy=\"https:\/\/hoyre.no\/moss\/forsiden\/5-grunner-til-a-stemme-moss-hoyre\/\" target=\"_blank\"><span class=\"screen-reader-text\">Del link<\/span><\/a>\n\t\t<a class=\"share-button share-twitter\" href=\"http:\/\/twitter.com\/share?text=Fem grunner til \u00e5 stemme H\u00f8yre&#038;url=https:\/\/hoyre.no\/moss\/forsiden\/5-grunner-til-a-stemme-moss-hoyre\/&#038;hashtags=Hoyre\" target=\"_blank\"><span class=\"screen-reader-text\">Del p\u00e5 twitter<\/span><\/a>\n\t\t<a class=\"share-button share-facebook\" href=\"https:\/\/www.facebook.com\/sharer\/sharer.php?u=https:\/\/hoyre.no\/moss\/forsiden\/5-grunner-til-a-stemme-moss-hoyre\/\" target=\"_blank\"><span class=\"screen-reader-text\">Del p\u00e5 facebook<\/span><\/a>\n\t<\/div>\n\t\t\t\t\t<\/div>\n\t\t\t<\/div>\n\n\t\t\t<figure class=\"hoyre-image-wrapper\"><div class=\"hoyre-image\"><img loading=\"lazy\" decoding=\"async\" width=\"2045\" height=\"1341\" src=\"https:\/\/hoyre.no\/content\/uploads\/sites\/176\/2023\/03\/Kandidater-2023.jpg\" class=\"attachment-scaled size-scaled\" alt=\"\" style=\"object-position: 50% 50%\" srcset=\"https:\/\/hoyre.no\/content\/uploads\/sites\/176\/2023\/03\/Kandidater-2023.jpg 2045w, https:\/\/hoyre.no\/content\/uploads\/sites\/176\/2023\/03\/Kandidater-2023-300x197.jpg 300w, https:\/\/hoyre.no\/content\/uploads\/sites\/176\/2023\/03\/Kandidater-2023-1024x671.jpg 1024w, https:\/\/hoyre.no\/content\/uploads\/sites\/176\/2023\/03\/Kandidater-2023-768x504.jpg 768w, https:\/\/hoyre.no\/content\/uploads\/sites\/176\/2023\/03\/Kandidater-2023-1536x1007.jpg 1536w\" sizes=\"auto, (max-width: 2045px) 100vw, 2045px\" \/><\/div><\/figure><\/div><\/div>\n\n\n\n\n<div class=\"wp-block-media-text alignwide is-stacked-on-mobile is-vertically-aligned-center\"><figure class=\"wp-block-media-text__media\"><img decoding=\"async\" src=\"https:\/\/hoyre.no\/content\/uploads\/sites\/211\/2023\/01\/GettyImages-1331345416-1024x683.jpg\" alt=\"\" class=\"wp-image-167 size-full\" \/><\/figure><div class=\"wp-block-media-text__content\">\n<h2 class=\"wp-block-heading\" id=\"h-1-vi-skal-bli-flere-bergensere\">1. A<strong><strong>mbisjoner p\u00e5 elevenes vegne<\/strong><\/strong><\/h2>\n\n\n\n<p>Mye er bra i Mosseskolen, men H\u00f8yre vil satse videre. Med ressurser til etter- og videreutdanning og faglige fellesskap, et sterkere st\u00f8tteapparat rundt elevene og m\u00e5l om \u00e5 f\u00e5 flere til \u00e5 gjennomf\u00f8re skolegangen med best mulig resultat. Da gir vi barna v\u00e5re best mulig sjanser videre i livet.<\/p>\n<\/div><\/div>\n\n\n\n<div class=\"wp-block-media-text alignwide has-media-on-the-right is-stacked-on-mobile is-vertically-aligned-center\"><div class=\"wp-block-media-text__content\">\n<h2 class=\"wp-block-heading\" id=\"h-2-hoyre-vil-fa-laerelyst-tilbake-i-bergensskolen\">2. <strong>Hjelp n\u00e5r du trenger de<\/strong>t<\/h2>\n\n\n\n<p>Mange kommer p\u00e5 et eller annet punkt i livet til \u00e5 trenge noen \u00e5 snakke med. Da m\u00e5 hjelpen v\u00e6re der for deg. H\u00f8yre vil satse videre p\u00e5 rask psykisk helsehjelp og s\u00f8rge for \u00e5 ha et sterkt lag rundt innbyggerne i Moss. Vi vil ogs\u00e5 opprette en kanal inn til kommunen for \u00e5 f\u00e5 riktig hjelp, raskest mulig.<\/p>\n<\/div><figure class=\"wp-block-media-text__media\"><img loading=\"lazy\" decoding=\"async\" width=\"1024\" height=\"654\" src=\"https:\/\/hoyre.no\/content\/uploads\/sites\/176\/2023\/01\/T_1SW92A-1024x654.jpeg\" alt=\"\" class=\"wp-image-760 size-full\" srcset=\"https:\/\/hoyre.no\/content\/uploads\/sites\/176\/2023\/01\/T_1SW92A-1024x654.jpeg 1024w, https:\/\/hoyre.no\/content\/uploads\/sites\/176\/2023\/01\/T_1SW92A-300x192.jpeg 300w, https:\/\/hoyre.no\/content\/uploads\/sites\/176\/2023\/01\/T_1SW92A-768x490.jpeg 768w, https:\/\/hoyre.no\/content\/uploads\/sites\/176\/2023\/01\/T_1SW92A-1536x981.jpeg 1536w, https:\/\/hoyre.no\/content\/uploads\/sites\/176\/2023\/01\/T_1SW92A-2048x1308.jpeg 2048w\" sizes=\"auto, (max-width: 1024px) 100vw, 1024px\" \/><\/figure><\/div>\n\n\n\n<div class=\"wp-block-media-text alignwide is-stacked-on-mobile is-vertically-aligned-center\"><figure class=\"wp-block-media-text__media\"><img loading=\"lazy\" decoding=\"async\" width=\"1024\" height=\"682\" src=\"https:\/\/hoyre.no\/content\/uploads\/sites\/176\/2023\/01\/m347xAnU-1024x682.jpeg\" alt=\"\" class=\"wp-image-761 size-full\" srcset=\"https:\/\/hoyre.no\/content\/uploads\/sites\/176\/2023\/01\/m347xAnU-1024x682.jpeg 1024w, https:\/\/hoyre.no\/content\/uploads\/sites\/176\/2023\/01\/m347xAnU-300x200.jpeg 300w, https:\/\/hoyre.no\/content\/uploads\/sites\/176\/2023\/01\/m347xAnU-768x511.jpeg 768w, https:\/\/hoyre.no\/content\/uploads\/sites\/176\/2023\/01\/m347xAnU-1536x1022.jpeg 1536w, https:\/\/hoyre.no\/content\/uploads\/sites\/176\/2023\/01\/m347xAnU.jpeg 2048w\" sizes=\"auto, (max-width: 1024px) 100vw, 1024px\" \/><\/figure><div class=\"wp-block-media-text__content\">\n<h2 class=\"wp-block-heading\" id=\"h-3-bergen-hele-livet\">3. <strong><strong>Godt \u00e5 bli gammel i Mos<\/strong><\/strong>s<\/h2>\n\n\n\n<p>H\u00f8yre vil s\u00f8rge for at alle sykehjem og bo- og servicesentre skal ha et aktivitetstilbud for de eldre, og at det skal v\u00e6re matlukt i gangene. Vi syns ogs\u00e5 du er gammel nok til \u00e5 velge selv hvem som skal komme hjem til deg \u2013 og vil innf\u00f8re fritt brukervalg i hjemmetjenesten.<\/p>\n<\/div><\/div>\n\n\n\n<div class=\"wp-block-media-text alignwide has-media-on-the-right is-stacked-on-mobile is-vertically-aligned-center\"><div class=\"wp-block-media-text__content\">\n<h2 class=\"wp-block-heading\">4. <strong><strong>Vi ser hele Moss<\/strong><\/strong><\/h2>\n\n\n\n<p>H\u00f8yre bryr seg om hele kommunen \u2013 og vil satse p\u00e5 n\u00e6rmilj\u00f8ene fra Larkollen og Halmstad til Kambo og alle de andre sm\u00e5 lokalsamfunnene i kommunen v\u00e5r. Alle skal ha skole og barnehage i n\u00e6romr\u00e5det, og kommunen m\u00e5 st\u00f8tte aktiviteter uansett hvor det skjer. Det foreg\u00e5r mye spennende i Moss, og H\u00f8yre vil bygge opp under frivilligheten og n\u00e6ringslivet som f\u00e5r alt dette til \u00e5 skje.<\/p>\n<\/div><figure class=\"wp-block-media-text__media\"><img loading=\"lazy\" decoding=\"async\" width=\"1024\" height=\"912\" src=\"https:\/\/hoyre.no\/content\/uploads\/sites\/176\/2023\/03\/Simen-Nord-1024x912.png\" alt=\"\" class=\"wp-image-954 size-full\" srcset=\"https:\/\/hoyre.no\/content\/uploads\/sites\/176\/2023\/03\/Simen-Nord-1024x912.png 1024w, https:\/\/hoyre.no\/content\/uploads\/sites\/176\/2023\/03\/Simen-Nord-300x267.png 300w, https:\/\/hoyre.no\/content\/uploads\/sites\/176\/2023\/03\/Simen-Nord-768x684.png 768w, https:\/\/hoyre.no\/content\/uploads\/sites\/176\/2023\/03\/Simen-Nord.png 1149w\" sizes=\"auto, (max-width: 1024px) 100vw, 1024px\" \/><\/figure><\/div>\n\n\n\n<div class=\"wp-block-media-text alignwide is-stacked-on-mobile\"><figure class=\"wp-block-media-text__media\"><img loading=\"lazy\" decoding=\"async\" width=\"1024\" height=\"683\" src=\"https:\/\/hoyre.no\/content\/uploads\/sites\/176\/2023\/01\/nxGVXwmU-1024x683.jpeg\" alt=\"\" class=\"wp-image-762 size-full\" srcset=\"https:\/\/hoyre.no\/content\/uploads\/sites\/176\/2023\/01\/nxGVXwmU-1024x683.jpeg 1024w, https:\/\/hoyre.no\/content\/uploads\/sites\/176\/2023\/01\/nxGVXwmU-300x200.jpeg 300w, https:\/\/hoyre.no\/content\/uploads\/sites\/176\/2023\/01\/nxGVXwmU-768x512.jpeg 768w, https:\/\/hoyre.no\/content\/uploads\/sites\/176\/2023\/01\/nxGVXwmU-1536x1024.jpeg 1536w, https:\/\/hoyre.no\/content\/uploads\/sites\/176\/2023\/01\/nxGVXwmU-2048x1365.jpeg 2048w\" sizes=\"auto, (max-width: 1024px) 100vw, 1024px\" \/><\/figure><div class=\"wp-block-media-text__content\">\n<h2 class=\"wp-block-heading\"><strong>5. <strong>Du skal ha r\u00e5d til \u00e5 bo i Moss<\/strong><\/strong><\/h2>\n\n\n\n<p>H\u00f8yre vil redusere eiendomsskatten og holde avgiftene nede, s\u00e5 det ikke blir for dyrt \u00e5 bo i Moss. Kommunen m\u00e5 bli mer effektiv og mer av ressursene skal brukes p\u00e5 tjenester til innbyggerne. Det meste er blitt dyrere det siste \u00e5ret, og vi vil bidra til \u00e5 gj\u00f8re situasjonen litt lettere ved \u00e5 la folk beholde mer av sine egne penger.<\/p>\n<\/div><\/div>\n\n\n\n<div class=\"wp-block-hoyre-banner undefined\"><div class=\"banner-inner\"><figure class=\"hoyre-image-wrapper\"><div class=\"hoyre-image\"><img loading=\"lazy\" decoding=\"async\" width=\"938\" height=\"702\" src=\"https:\/\/hoyre.no\/content\/uploads\/sites\/176\/2022\/12\/SimenBygdetunet29.jpg\" class=\"attachment-scaled size-scaled\" alt=\"\" style=\"object-position: 49% 31%\" srcset=\"https:\/\/hoyre.no\/content\/uploads\/sites\/176\/2022\/12\/SimenBygdetunet29.jpg 938w, https:\/\/hoyre.no\/content\/uploads\/sites\/176\/2022\/12\/SimenBygdetunet29-300x225.jpg 300w, https:\/\/hoyre.no\/content\/uploads\/sites\/176\/2022\/12\/SimenBygdetunet29-768x575.jpg 768w\" sizes=\"auto, (max-width: 938px) 100vw, 938px\" \/><\/div><\/figure><div class=\"banner-content\"><div class=\"entry-content\">\n<h2 class=\"wp-block-heading\">Bli kjent med Moss sin nye ordf\u00f8rer!<\/h2>\n\n\n\n<div class=\"wp-block-buttons is-style-default is-horizontal is-content-justification-center is-layout-flex wp-container-core-buttons-is-layout-499968f5 wp-block-buttons-is-layout-flex\">\n<div class=\"wp-block-button is-style-outline aligncenter is-style-outline--1\"><a class=\"wp-block-button__link wp-element-button\" href=\"https:\/\/hoyre.no\/moss\/simen-nord-var-ordforerkandidat\/\">Les mer<\/a><\/div>\n<\/div>\n<\/div><\/div><\/div><\/div>\n\n\n\n<div class=\"wp-block hoyre-section alignfull has-background is-style-light-blue wp-block-hoyre-section\"><div class=\"inner-blocks alignwide\">\n\n<h1 class=\"wp-block-heading has-text-align-center\" id=\"h-finn-ditt-valglokale\">Finn ditt n\u00e6rmeste valglokale<\/h1>\n\n\n\n<p class=\"has-text-align-center\">Du kan forh\u00e5ndsstemme fra 10. august til og med 8. september. I denne perioden kan du stemme i valglokaler over hele landet. Se oversikt over lokale valglokaler og \u00e5pningstider her:<\/p>\n\n\n\n<div class=\"wp-block-buttons is-layout-flex wp-block-buttons-is-layout-flex\">\n<div class=\"wp-block-button is-style-fill aligncenter\"><a class=\"wp-block-button__link wp-element-button\" href=\"https:\/\/www.valg.no\/valglokaler\/valglokaler2\/stem-pa-forhand\/?mpid=3103\" target=\"_blank\" rel=\"noreferrer noopener\">lokaler for forh\u00e5ndsstemming<\/a><\/div>\n<\/div>\n\n\n\n<p class=\"has-text-align-center\">Valgdagen i \u00e5r er mandag 11. september. P\u00e5 valgdagen m\u00e5 du stemme i Moss kommune. Se oversikt over lokale valglokaler og \u00e5pningstider her:<\/p>\n\n\n\n<div class=\"wp-block-buttons is-layout-flex wp-block-buttons-is-layout-flex\">\n<div class=\"wp-block-button aligncenter\"><a class=\"wp-block-button__link wp-element-button\" href=\"https:\/\/www.valg.no\/valglokaler\/valglokaler2\/stemme-pa-valgdagen\/?mpid=3103\" target=\"_blank\" rel=\"noreferrer noopener\">valglokaler p\u00e5 valgdagen<\/a><\/div>\n<\/div>\n\n\n\n<p class=\"has-text-align-center\"><strong>Husk \u00e5 ta med legitimasjon n\u00e5r du skal stemme. Godt valg!<\/strong><\/p>\n\n<\/div><\/div>","protected":false},"excerpt":{"rendered":"","protected":false},"author":15381,"featured_media":0,"parent":3,"menu_order":0,"comment_status":"closed","ping_status":"closed","template":"","meta":{"teft_cards_image_url":"","teft_cards_custom_pretitle":"","teft_cards_image_id":0,"teft_cards_image_focal_point_x":0,"teft_cards_image_focal_point_y":0,"teft_cards_title":"","teft_cards_excerpt":"","teft_show_chapters":false,"footnotes":""},"class_list":["post-758","page","type-page","status-publish","hentry"],"yoast_head":"<!-- This site is optimized with the Yoast SEO plugin v26.6 - https:\/\/yoast.com\/wordpress\/plugins\/seo\/ -->\n<title>Fem grunner til \u00e5 stemme H\u00f8yre - Moss H\u00f8yre<\/title>\n<meta name=\"description\" content=\"Vi gir deg fem gode grunner til hvorfor du skal stemme H\u00f8yre i Moss.\" \/>\n<meta name=\"robots\" content=\"index, follow, max-snippet:-1, max-image-preview:large, max-video-preview:-1\" \/>\n<link rel=\"canonical\" href=\"https:\/\/hoyre.no\/moss\/forsiden\/5-grunner-til-a-stemme-moss-hoyre\/\" \/>\n<meta property=\"og:locale\" content=\"nb_NO\" \/>\n<meta property=\"og:type\" content=\"article\" \/>\n<meta property=\"og:title\" content=\"Fem grunner til \u00e5 stemme H\u00f8yre - Moss H\u00f8yre\" \/>\n<meta property=\"og:description\" content=\"Vi gir deg fem gode grunner til hvorfor du skal stemme H\u00f8yre i Moss.\" \/>\n<meta property=\"og:url\" content=\"https:\/\/hoyre.no\/moss\/forsiden\/5-grunner-til-a-stemme-moss-hoyre\/\" \/>\n<meta property=\"og:site_name\" content=\"Moss H\u00f8yre\" \/>\n<meta property=\"article:modified_time\" content=\"2025-02-18T15:47:52+00:00\" \/>\n<meta property=\"og:image\" content=\"https:\/\/hoyre.no\/content\/uploads\/sites\/211\/2023\/01\/GettyImages-1331345416-1024x683.jpg\" \/>\n<meta name=\"twitter:card\" content=\"summary_large_image\" \/>\n<meta name=\"twitter:label1\" content=\"Ansl. lesetid\" \/>\n\t<meta name=\"twitter:data1\" content=\"4 minutter\" \/>\n<script type=\"application\/ld+json\" class=\"yoast-schema-graph\">{\"@context\":\"https:\/\/schema.org\",\"@graph\":[{\"@type\":\"WebPage\",\"@id\":\"https:\/\/hoyre.no\/moss\/forsiden\/5-grunner-til-a-stemme-moss-hoyre\/\",\"url\":\"https:\/\/hoyre.no\/moss\/forsiden\/5-grunner-til-a-stemme-moss-hoyre\/\",\"name\":\"Fem grunner til \u00e5 stemme H\u00f8yre - Moss H\u00f8yre\",\"isPartOf\":{\"@id\":\"https:\/\/hoyre.no\/moss\/#website\"},\"image\":{\"@id\":\"https:\/\/hoyre.no\/moss\/forsiden\/5-grunner-til-a-stemme-moss-hoyre\/#primaryimage\"},\"thumbnailUrl\":\"https:\/\/hoyre.no\/content\/uploads\/sites\/211\/2023\/01\/GettyImages-1331345416-1024x683.jpg\",\"datePublished\":\"2023-01-13T12:15:52+00:00\",\"dateModified\":\"2025-02-18T15:47:52+00:00\",\"description\":\"Vi gir deg fem gode grunner til hvorfor du skal stemme H\u00f8yre i Moss.\",\"breadcrumb\":{\"@id\":\"https:\/\/hoyre.no\/moss\/forsiden\/5-grunner-til-a-stemme-moss-hoyre\/#breadcrumb\"},\"inLanguage\":\"nb-NO\",\"potentialAction\":[{\"@type\":\"ReadAction\",\"target\":[\"https:\/\/hoyre.no\/moss\/forsiden\/5-grunner-til-a-stemme-moss-hoyre\/\"]}]},{\"@type\":\"ImageObject\",\"inLanguage\":\"nb-NO\",\"@id\":\"https:\/\/hoyre.no\/moss\/forsiden\/5-grunner-til-a-stemme-moss-hoyre\/#primaryimage\",\"url\":\"https:\/\/hoyre.no\/content\/uploads\/sites\/211\/2023\/01\/GettyImages-1331345416-1024x683.jpg\",\"contentUrl\":\"https:\/\/hoyre.no\/content\/uploads\/sites\/211\/2023\/01\/GettyImages-1331345416-1024x683.jpg\"},{\"@type\":\"BreadcrumbList\",\"@id\":\"https:\/\/hoyre.no\/moss\/forsiden\/5-grunner-til-a-stemme-moss-hoyre\/#breadcrumb\",\"itemListElement\":[{\"@type\":\"ListItem\",\"position\":1,\"name\":\"Til hoyre.no\",\"item\":\"https:\/\/hoyre.no\"},{\"@type\":\"ListItem\",\"position\":2,\"name\":\"Hjem\",\"item\":\"https:\/\/hoyre.no\/moss\/\"},{\"@type\":\"ListItem\",\"position\":3,\"name\":\"Forsiden\",\"item\":\"https:\/\/hoyre.no\/moss\/\"},{\"@type\":\"ListItem\",\"position\":4,\"name\":\"Fem grunner til \u00e5 stemme H\u00f8yre\"}]},{\"@type\":\"WebSite\",\"@id\":\"https:\/\/hoyre.no\/moss\/#website\",\"url\":\"https:\/\/hoyre.no\/moss\/\",\"name\":\"Moss H\u00f8yre\",\"description\":\"Bare enda et H\u00f8yres nettsteder-nettsted\",\"inLanguage\":\"nb-NO\"}]}<\/script>\n<!-- \/ Yoast SEO plugin. -->","yoast_head_json":{"title":"Fem grunner til \u00e5 stemme H\u00f8yre - Moss H\u00f8yre","description":"Vi gir deg fem gode grunner til hvorfor du skal stemme H\u00f8yre i Moss.","robots":{"index":"index","follow":"follow","max-snippet":"max-snippet:-1","max-image-preview":"max-image-preview:large","max-video-preview":"max-video-preview:-1"},"canonical":"https:\/\/hoyre.no\/moss\/forsiden\/5-grunner-til-a-stemme-moss-hoyre\/","og_locale":"nb_NO","og_type":"article","og_title":"Fem grunner til \u00e5 stemme H\u00f8yre - Moss H\u00f8yre","og_description":"Vi gir deg fem gode grunner til hvorfor du skal stemme H\u00f8yre i Moss.","og_url":"https:\/\/hoyre.no\/moss\/forsiden\/5-grunner-til-a-stemme-moss-hoyre\/","og_site_name":"Moss H\u00f8yre","article_modified_time":"2025-02-18T15:47:52+00:00","og_image":[{"url":"https:\/\/hoyre.no\/content\/uploads\/sites\/211\/2023\/01\/GettyImages-1331345416-1024x683.jpg","type":"","width":"","height":""}],"twitter_card":"summary_large_image","twitter_misc":{"Ansl. lesetid":"4 minutter"},"schema":{"@context":"https:\/\/schema.org","@graph":[{"@type":"WebPage","@id":"https:\/\/hoyre.no\/moss\/forsiden\/5-grunner-til-a-stemme-moss-hoyre\/","url":"https:\/\/hoyre.no\/moss\/forsiden\/5-grunner-til-a-stemme-moss-hoyre\/","name":"Fem grunner til \u00e5 stemme H\u00f8yre - Moss H\u00f8yre","isPartOf":{"@id":"https:\/\/hoyre.no\/moss\/#website"},"image":{"@id":"https:\/\/hoyre.no\/moss\/forsiden\/5-grunner-til-a-stemme-moss-hoyre\/#primaryimage"},"thumbnailUrl":"https:\/\/hoyre.no\/content\/uploads\/sites\/211\/2023\/01\/GettyImages-1331345416-1024x683.jpg","datePublished":"2023-01-13T12:15:52+00:00","dateModified":"2025-02-18T15:47:52+00:00","description":"Vi gir deg fem gode grunner til hvorfor du skal stemme H\u00f8yre i Moss.","breadcrumb":{"@id":"https:\/\/hoyre.no\/moss\/forsiden\/5-grunner-til-a-stemme-moss-hoyre\/#breadcrumb"},"inLanguage":"nb-NO","potentialAction":[{"@type":"ReadAction","target":["https:\/\/hoyre.no\/moss\/forsiden\/5-grunner-til-a-stemme-moss-hoyre\/"]}]},{"@type":"ImageObject","inLanguage":"nb-NO","@id":"https:\/\/hoyre.no\/moss\/forsiden\/5-grunner-til-a-stemme-moss-hoyre\/#primaryimage","url":"https:\/\/hoyre.no\/content\/uploads\/sites\/211\/2023\/01\/GettyImages-1331345416-1024x683.jpg","contentUrl":"https:\/\/hoyre.no\/content\/uploads\/sites\/211\/2023\/01\/GettyImages-1331345416-1024x683.jpg"},{"@type":"BreadcrumbList","@id":"https:\/\/hoyre.no\/moss\/forsiden\/5-grunner-til-a-stemme-moss-hoyre\/#breadcrumb","itemListElement":[{"@type":"ListItem","position":1,"name":"Til hoyre.no","item":"https:\/\/hoyre.no"},{"@type":"ListItem","position":2,"name":"Hjem","item":"https:\/\/hoyre.no\/moss\/"},{"@type":"ListItem","position":3,"name":"Forsiden","item":"https:\/\/hoyre.no\/moss\/"},{"@type":"ListItem","position":4,"name":"Fem grunner til \u00e5 stemme H\u00f8yre"}]},{"@type":"WebSite","@id":"https:\/\/hoyre.no\/moss\/#website","url":"https:\/\/hoyre.no\/moss\/","name":"Moss H\u00f8yre","description":"Bare enda et H\u00f8yres nettsteder-nettsted","inLanguage":"nb-NO"}]}},"distributor_meta":false,"distributor_terms":false,"distributor_media":false,"distributor_original_site_name":"Moss H\u00f8yre","distributor_original_site_url":"https:\/\/hoyre.no\/moss","push-errors":false,"_links":{"self":[{"href":"https:\/\/hoyre.no\/moss\/wp-json\/wp\/v2\/pages\/758","targetHints":{"allow":["GET"]}}],"collection":[{"href":"https:\/\/hoyre.no\/moss\/wp-json\/wp\/v2\/pages"}],"about":[{"href":"https:\/\/hoyre.no\/moss\/wp-json\/wp\/v2\/types\/page"}],"author":[{"embeddable":true,"href":"https:\/\/hoyre.no\/moss\/wp-json\/wp\/v2\/users\/15381"}],"replies":[{"embeddable":true,"href":"https:\/\/hoyre.no\/moss\/wp-json\/wp\/v2\/comments?post=758"}],"version-history":[{"count":13,"href":"https:\/\/hoyre.no\/moss\/wp-json\/wp\/v2\/pages\/758\/revisions"}],"predecessor-version":[{"id":1865,"href":"https:\/\/hoyre.no\/moss\/wp-json\/wp\/v2\/pages\/758\/revisions\/1865"}],"up":[{"embeddable":true,"href":"https:\/\/hoyre.no\/moss\/wp-json\/wp\/v2\/pages\/3"}],"wp:attachment":[{"href":"https:\/\/hoyre.no\/moss\/wp-json\/wp\/v2\/media?parent=758"}],"curies":[{"name":"wp","href":"https:\/\/api.w.org\/{rel}","templated":true}]}}