{"id":28,"date":"2022-10-04T11:27:37","date_gmt":"2022-10-04T09:27:37","guid":{"rendered":"https:\/\/hoyre.no\/naeroysund\/?page_id=28"},"modified":"2025-02-21T10:42:05","modified_gmt":"2025-02-21T09:42:05","slug":"andrea-nogva-var-ordforerkandidat","status":"publish","type":"page","link":"https:\/\/hoyre.no\/naeroysund\/andrea-nogva-var-ordforerkandidat\/","title":{"rendered":"Andrea Nogva &#8211; v\u00e5r ordf\u00f8rerkandidat"},"content":{"rendered":"\n<div class=\"wp-block-hoyre-hero with-image-gradient text-color-light  has-media alignfull has-background\"><div class=\"hoyre-hero has-image\"><h1 class=\"title\">Andrea Nogva &#8211; ordf\u00f8rerkandidat<\/h1><p class=\"preamble\">Hvorfor du skal gi H\u00f8yre og meg din stemme i N\u00e6r\u00f8ysund kommune<\/p>\t\t\t<div class=\"post-meta wp-block teft-byline-wrapper\">\n\t\t\t\t<div class=\"top\">\n\t\t\t\t\t<div class=\"signature\">\n\t\t\t\t\t\t<div class=\"teft-byline\">\n\t\t\t\t\t\t\t\t\t\t\t\t\t\t<div>\n\t\t\t\t\t\t\t\t<h3>H\u00f8yres redaksjon<\/h3>\t\t\t\t\t\t\t\t\n\t\t\t\t\t\t\t\t\t\t\t\t\t\t\t\t\t<span class=\"date\">Sist oppdatert: 21. februar 2025<\/span>\n\t\t\t\t\t\t\t\t\t\t\t\t\t\t\t\t\t\t\t\t\t\t\t\t\t<span class=\"reading-time\" itemprop=\"timeRequired\" content=\"PT3M\"><em>Ca. 3 minutter lesetid<\/em><\/span>\n\t\t\t\t\t\t\t\t\t\t\t\t\t\t\t<\/div>\n\t\t\t\t\t\t<\/div>\n\t\t\t\t\t<\/div>\n\t\t\t\t\t\t<div class=\"sharing\">\n\t\t<a class=\"share-button share-link copy-link\" data-copy=\"https:\/\/hoyre.no\/naeroysund\/andrea-nogva-var-ordforerkandidat\/\" target=\"_blank\"><span class=\"screen-reader-text\">Del link<\/span><\/a>\n\t\t<a class=\"share-button share-twitter\" href=\"http:\/\/twitter.com\/share?text=Andrea Nogva &#8211; v\u00e5r ordf\u00f8rerkandidat&#038;url=https:\/\/hoyre.no\/naeroysund\/andrea-nogva-var-ordforerkandidat\/&#038;hashtags=Hoyre\" target=\"_blank\"><span class=\"screen-reader-text\">Del p\u00e5 twitter<\/span><\/a>\n\t\t<a class=\"share-button share-facebook\" href=\"https:\/\/www.facebook.com\/sharer\/sharer.php?u=https:\/\/hoyre.no\/naeroysund\/andrea-nogva-var-ordforerkandidat\/\" target=\"_blank\"><span class=\"screen-reader-text\">Del p\u00e5 facebook<\/span><\/a>\n\t<\/div>\n\t\t\t\t\t<\/div>\n\t\t\t<\/div>\n\n\t\t\t<figure class=\"hoyre-image-wrapper\"><div class=\"hoyre-image\"><img loading=\"lazy\" decoding=\"async\" width=\"2500\" height=\"1667\" src=\"https:\/\/hoyre.no\/content\/uploads\/sites\/286\/2022\/10\/Q_o51n1U-scaled.jpeg\" class=\"attachment-scaled size-scaled\" alt=\"\" style=\"object-position: 35% 31%\" srcset=\"https:\/\/hoyre.no\/content\/uploads\/sites\/286\/2022\/10\/Q_o51n1U-scaled.jpeg 2500w, https:\/\/hoyre.no\/content\/uploads\/sites\/286\/2022\/10\/Q_o51n1U-300x200.jpeg 300w, https:\/\/hoyre.no\/content\/uploads\/sites\/286\/2022\/10\/Q_o51n1U-1024x683.jpeg 1024w, https:\/\/hoyre.no\/content\/uploads\/sites\/286\/2022\/10\/Q_o51n1U-768x512.jpeg 768w, https:\/\/hoyre.no\/content\/uploads\/sites\/286\/2022\/10\/Q_o51n1U-1536x1024.jpeg 1536w, https:\/\/hoyre.no\/content\/uploads\/sites\/286\/2022\/10\/Q_o51n1U-2048x1365.jpeg 2048w\" sizes=\"auto, (max-width: 2500px) 100vw, 2500px\" \/><\/div><\/figure><\/div><\/div>\n\n\n\n\n<div class=\"wp-block-buttons is-layout-flex wp-block-buttons-is-layout-flex\">\n<div class=\"wp-block-button\"><a class=\"wp-block-button__link wp-element-button\" href=\"https:\/\/hoyre.no\/nyhetsbrev\/\">abonner p\u00e5 h\u00f8yres nyhetsbrev<\/a><\/div>\n\n\n\n<div class=\"wp-block-button\"><a class=\"wp-block-button__link wp-element-button\" href=\"https:\/\/hoyre.no\/personprofiler\/andrea-nogva\/\">kom i kontakt med andrea<\/a><\/div>\n\n\n\n<div class=\"wp-block-button\"><a class=\"wp-block-button__link wp-element-button\" href=\"https:\/\/www.facebook.com\/naroysundhoyre\" target=\"_blank\" rel=\"noreferrer noopener\">f\u00f8lg n\u00e6r\u00f8ysund h\u00f8yre p\u00e5 facebook<\/a><\/div>\n<\/div>\n\n\n\n<div class=\"wp-block-hoyre-banner undefined has-icon-title icon-heart\"><div class=\"banner-inner\"><figure class=\"hoyre-image-wrapper\"><div class=\"hoyre-image\"><img loading=\"lazy\" decoding=\"async\" width=\"2500\" height=\"1667\" src=\"https:\/\/hoyre.no\/content\/uploads\/sites\/286\/2022\/10\/Q_o51n1U-scaled.jpeg\" class=\"attachment-scaled size-scaled\" alt=\"\" style=\"object-position: 50% 50%\" srcset=\"https:\/\/hoyre.no\/content\/uploads\/sites\/286\/2022\/10\/Q_o51n1U-scaled.jpeg 2500w, https:\/\/hoyre.no\/content\/uploads\/sites\/286\/2022\/10\/Q_o51n1U-300x200.jpeg 300w, https:\/\/hoyre.no\/content\/uploads\/sites\/286\/2022\/10\/Q_o51n1U-1024x683.jpeg 1024w, https:\/\/hoyre.no\/content\/uploads\/sites\/286\/2022\/10\/Q_o51n1U-768x512.jpeg 768w, https:\/\/hoyre.no\/content\/uploads\/sites\/286\/2022\/10\/Q_o51n1U-1536x1024.jpeg 1536w, https:\/\/hoyre.no\/content\/uploads\/sites\/286\/2022\/10\/Q_o51n1U-2048x1365.jpeg 2048w\" sizes=\"auto, (max-width: 2500px) 100vw, 2500px\" \/><\/div><\/figure><div class=\"banner-content\"><div class=\"entry-content\">\n<h2 class=\"wp-block-heading has-text-align-center\" id=\"h-bli-bedre-kjent-med-andrea\">Bli bedre kjent med Andrea!<\/h2>\n\n\n\n<p class=\"has-text-align-left is-style-large\"><strong>Alder:<\/strong> 38 \u00e5r<\/p>\n\n\n\n<p class=\"has-text-align-left is-style-large\"><strong>Bosted:<\/strong> R\u00f8rvik<\/p>\n\n\n\n<p><strong>Sivilstatus: <\/strong>Samboer med Lorents , og to barn Lucas og Lilje.<\/p>\n\n\n\n<p class=\"has-text-align-left\"><strong>Jobb:<\/strong> Assisterende daglig leder i Navy<\/p>\n\n\n\n<p class=\"has-text-align-left\"><strong>Bakgrunn:<\/strong> Bred erfaring fra lokalt n\u00e6ringsliv<\/p>\n\n\n\n<p class=\"has-text-align-left\"><strong>Politisk erfaring<\/strong>: Ny som politiker. Jobbet med n\u00e6ringspolitikk som n\u00e6ringsakt\u00f8r. Jobbet med helsepolitikk nasjonalt som nestleder, hovedstyret i Brystkreftforeningen.<\/p>\n\n\n\n<p class=\"has-text-align-left\"><strong>Hvorfor er H\u00f8yre rett parti for deg?<\/strong> Fordi H\u00f8yre verdsetter frihet i eget liv og mangfold i samfunnet.<\/p>\n\n\n\n<p><strong>Det er l\u00f8rdag, klokka n\u00e6rmer seg 19.00. Hva spiser du helst til middag?<\/strong> Reinsteik<\/p>\n\n\n\n<p><strong>Konsert eller idrettsarrangement?<\/strong> Umulig sp\u00f8rsm\u00e5l! Sportsidiot, s\u00e5 idrettsarrangement, men med konsert i pausen.<\/p>\n\n\n\n<p><strong>Hva er din favoritt musikk? <\/strong>Variert! Fra Highasakite til Kari Bremnes, Coldplay og gospel med Tasha Cobbs.<\/p>\n\n\n\n<p><strong>Funfact<\/strong> <strong>om meg<\/strong>! Bodd flere \u00e5r i India.<\/p>\n\n\n\n<p><strong>Hva er din favorittplass i N\u00e6r\u00f8ysund?<\/strong> I N\u00e6r\u00f8ysund elsker jeg livet uti \u00f8yan (gjerne hytta p\u00e5 Skj\u00e6rv\u00e6ret, hvor jeg finner roen med familien).<\/p>\n<\/div><\/div><\/div><\/div>\n\n\n\n<div class=\"wp-block-teft-accentuated-link undefined has-image\"><div class=\"kf-link__wrapper\"><div class=\"kf-link__tagline\">Also visit<\/div><a class=\"kf-link__link\" href=\"mailto:Anogva@outlook.com\" rel=\"noreferrer noopener\" target=\"_blank\">Kom i kontakt med Andrea Nogva<\/a><\/div><figure class=\"hoyre-image-wrapper\"><div class=\"hoyre-image\"><img loading=\"lazy\" decoding=\"async\" width=\"799\" height=\"798\" src=\"https:\/\/hoyre.no\/content\/uploads\/sites\/286\/2022\/08\/Skjermbilde-2022-08-11-kl.-23.37.40.png\" class=\"attachment-scaled size-scaled\" alt=\"\" style=\"object-position: 53% 27%\" srcset=\"https:\/\/hoyre.no\/content\/uploads\/sites\/286\/2022\/08\/Skjermbilde-2022-08-11-kl.-23.37.40.png 799w, https:\/\/hoyre.no\/content\/uploads\/sites\/286\/2022\/08\/Skjermbilde-2022-08-11-kl.-23.37.40-300x300.png 300w, https:\/\/hoyre.no\/content\/uploads\/sites\/286\/2022\/08\/Skjermbilde-2022-08-11-kl.-23.37.40-150x150.png 150w, https:\/\/hoyre.no\/content\/uploads\/sites\/286\/2022\/08\/Skjermbilde-2022-08-11-kl.-23.37.40-768x767.png 768w\" sizes=\"auto, (max-width: 799px) 100vw, 799px\" \/><\/div><\/figure><\/div>\n\n\n\n<figure class=\"wp-block-teft-gallery columns-2 count-2 rows-2 is-cropped\"><ul class=\"teft-gallery-grid\"><li class=\"teft-gallery-item \"><figure><a data-size=\"undefinedxundefined\"><img loading=\"lazy\" decoding=\"async\" width=\"768\" height=\"1024\" src=\"https:\/\/hoyre.no\/content\/uploads\/sites\/286\/2022\/08\/andrea-1-768x1024.jpeg\" class=\"attachment-large size-large\" alt=\"\" srcset=\"https:\/\/hoyre.no\/content\/uploads\/sites\/286\/2022\/08\/andrea-1-768x1024.jpeg 768w, https:\/\/hoyre.no\/content\/uploads\/sites\/286\/2022\/08\/andrea-1-225x300.jpeg 225w, https:\/\/hoyre.no\/content\/uploads\/sites\/286\/2022\/08\/andrea-1-1152x1536.jpeg 1152w, https:\/\/hoyre.no\/content\/uploads\/sites\/286\/2022\/08\/andrea-1.jpeg 1536w\" sizes=\"auto, (max-width: 768px) 100vw, 768px\" \/ data-full-url=\"https:\/\/hoyre.no\/content\/uploads\/sites\/286\/2022\/08\/andrea-1.jpeg\" data-id=\"31\" data-caption=\"31\"\/><\/a><\/figure><\/li><li class=\"teft-gallery-item \"><figure><a href=\"https:\/\/hoyre.no\/content\/uploads\/sites\/286\/2022\/08\/andrea-portrett.jpeg\" data-size=\"1500x2000\"><img loading=\"lazy\" decoding=\"async\" width=\"768\" height=\"1024\" src=\"https:\/\/hoyre.no\/content\/uploads\/sites\/286\/2022\/08\/andrea-portrett-768x1024.jpeg\" class=\"attachment-large size-large\" alt=\"\" srcset=\"https:\/\/hoyre.no\/content\/uploads\/sites\/286\/2022\/08\/andrea-portrett-768x1024.jpeg 768w, https:\/\/hoyre.no\/content\/uploads\/sites\/286\/2022\/08\/andrea-portrett-225x300.jpeg 225w, https:\/\/hoyre.no\/content\/uploads\/sites\/286\/2022\/08\/andrea-portrett-1152x1536.jpeg 1152w, https:\/\/hoyre.no\/content\/uploads\/sites\/286\/2022\/08\/andrea-portrett.jpeg 1500w\" sizes=\"auto, (max-width: 768px) 100vw, 768px\" \/ data-full-url=\"https:\/\/hoyre.no\/content\/uploads\/sites\/286\/2022\/08\/andrea-portrett.jpeg\" data-id=\"33\" data-caption=\"33\"\/><\/a><\/figure><\/li><\/ul><\/figure>\n\n\n\n<h2 class=\"wp-block-heading has-text-align-center\" id=\"h-andrea-sin-hjertesak\">Andrea sin hjertesak<\/h2>\n\n\n\n<p class=\"is-style-default\"><strong>N\u00e6r\u00f8ysund &#8211; en optimistisk kommune<\/strong><\/p>\n\n\n\n<p class=\"is-style-default\">Det er en&nbsp;enorm optimisme her i N\u00e6r\u00f8ysund. Det er et n\u00e6ringsliv som har ambisjoner om \u00e5 skape nye spennende arbeidsplasser og \u00f8kt b\u00e6rekraftig verdiskapning i \u00e5rene fremover. Vi opplever at flere ungdommer vil \u00abheim\u00bb etter noen \u00e5r med studier og jobb andre plasser i Norge og verden. Mange ser mulighetene som ligger her p\u00e5 kysten \u2013 mulighet til \u00e5 bli en del av et fremtidsrettet arbeidsliv og like viktig et lokalsamfunn i positiv utvikling.<\/p>\n\n\n\n<p>Jeg \u00f8nsker at alle som bor i N\u00e6r\u00f8ysund skal ha en jobb \u00e5 g\u00e5 til. Jeg \u00f8nsker at alle barn skal ha en god kunnskapsrik skole \u00e5 g\u00e5 til. Jeg vil at at sykepleiere, l\u00e6rere, barnehagel\u00e6rere, produksjonsarbeidere, snekkere, r\u00f8ktere skal f\u00f8le at de blir sett av de som styrer kommunen. <strong>Det er viktig \u00e5 utvikle en kommune preget av tillit<\/strong>. <\/p>\n\n\n\n<p>N\u00e6r\u00f8ysund kommune skal v\u00e6re en b\u00e6rekraftig kommune som skal g\u00e5 foran, som Norges st\u00f8rste havbrukskommune m\u00e5 vi tilrettelegge for at lokalt n\u00e6ringsliv vil investere i framtiden, i gr\u00f8nne l\u00f8sninger og i v\u00e5re barn. <\/p>\n\n\n\n<p class=\"is-style-default\">Jeg er opptatt av n\u00e6ringsutvikling og arbeidsplasser, da dette er viktig for veksten i N\u00e6r\u00f8ysund. <\/p>\n\n\n\n<p class=\"is-style-default\">Skole er ogs\u00e5 viktig for meg, b\u00e5de fordi det er essensielt at alle barn f\u00e5r den tilpasningen de trenger, men ogs\u00e5 fordi N\u00e6r\u00f8ysund skriker etter kompetanse. <\/p>\n\n\n\n<p class=\"is-style-default\">Jeg har ogs\u00e5 en personlig historikk som gj\u00f8r at helse er viktig for meg. <strong>Det er hjertet i kommunen<\/strong>.<\/p>\n\n\n\n<p><\/p>\n\n\n\n<p><\/p>\n\n\n\n<p class=\"is-style-large\"><\/p>\n\n\n\n<p><\/p>\n\n","protected":false},"excerpt":{"rendered":"","protected":false},"author":31684,"featured_media":0,"parent":0,"menu_order":0,"comment_status":"closed","ping_status":"closed","template":"","meta":{"teft_cards_image_url":"","teft_cards_custom_pretitle":"","teft_cards_image_id":42,"teft_cards_image_focal_point_x":0.61,"teft_cards_image_focal_point_y":0.45,"teft_cards_title":"","teft_cards_excerpt":"","teft_show_chapters":false,"footnotes":""},"class_list":["post-28","page","type-page","status-publish","hentry"],"yoast_head":"<!-- This site is optimized with the Yoast SEO plugin v26.6 - https:\/\/yoast.com\/wordpress\/plugins\/seo\/ -->\n<title>Andrea Nogva - v\u00e5r ordf\u00f8rerkandidat - N\u00e6r\u00f8ysund H\u00f8yre<\/title>\n<meta name=\"robots\" content=\"index, follow, max-snippet:-1, max-image-preview:large, max-video-preview:-1\" \/>\n<link rel=\"canonical\" href=\"https:\/\/hoyre.no\/naeroysund\/andrea-nogva-var-ordforerkandidat\/\" \/>\n<meta property=\"og:locale\" content=\"nb_NO\" \/>\n<meta property=\"og:type\" content=\"article\" \/>\n<meta property=\"og:title\" content=\"Andrea Nogva - v\u00e5r ordf\u00f8rerkandidat - N\u00e6r\u00f8ysund H\u00f8yre\" \/>\n<meta property=\"og:url\" content=\"https:\/\/hoyre.no\/naeroysund\/andrea-nogva-var-ordforerkandidat\/\" \/>\n<meta property=\"og:site_name\" content=\"N\u00e6r\u00f8ysund H\u00f8yre\" \/>\n<meta property=\"article:modified_time\" content=\"2025-02-21T09:42:05+00:00\" \/>\n<meta property=\"og:image\" content=\"https:\/\/hoyre.no\/content\/uploads\/sites\/286\/2022\/10\/Q_o51n1U-1024x683.jpeg\" \/>\n<meta name=\"twitter:card\" content=\"summary_large_image\" \/>\n<meta name=\"twitter:label1\" content=\"Ansl. lesetid\" \/>\n\t<meta name=\"twitter:data1\" content=\"3 minutter\" \/>\n<script type=\"application\/ld+json\" class=\"yoast-schema-graph\">{\"@context\":\"https:\/\/schema.org\",\"@graph\":[{\"@type\":\"WebPage\",\"@id\":\"https:\/\/hoyre.no\/naeroysund\/andrea-nogva-var-ordforerkandidat\/\",\"url\":\"https:\/\/hoyre.no\/naeroysund\/andrea-nogva-var-ordforerkandidat\/\",\"name\":\"Andrea Nogva - v\u00e5r ordf\u00f8rerkandidat - N\u00e6r\u00f8ysund H\u00f8yre\",\"isPartOf\":{\"@id\":\"https:\/\/hoyre.no\/naeroysund\/#website\"},\"datePublished\":\"2022-10-04T09:27:37+00:00\",\"dateModified\":\"2025-02-21T09:42:05+00:00\",\"breadcrumb\":{\"@id\":\"https:\/\/hoyre.no\/naeroysund\/andrea-nogva-var-ordforerkandidat\/#breadcrumb\"},\"inLanguage\":\"nb-NO\",\"potentialAction\":[{\"@type\":\"ReadAction\",\"target\":[\"https:\/\/hoyre.no\/naeroysund\/andrea-nogva-var-ordforerkandidat\/\"]}]},{\"@type\":\"BreadcrumbList\",\"@id\":\"https:\/\/hoyre.no\/naeroysund\/andrea-nogva-var-ordforerkandidat\/#breadcrumb\",\"itemListElement\":[{\"@type\":\"ListItem\",\"position\":1,\"name\":\"Til hoyre.no\",\"item\":\"https:\/\/hoyre.no\"},{\"@type\":\"ListItem\",\"position\":2,\"name\":\"Hjem\",\"item\":\"https:\/\/hoyre.no\/naeroysund\/\"},{\"@type\":\"ListItem\",\"position\":3,\"name\":\"Andrea Nogva &#8211; v\u00e5r ordf\u00f8rerkandidat\"}]},{\"@type\":\"WebSite\",\"@id\":\"https:\/\/hoyre.no\/naeroysund\/#website\",\"url\":\"https:\/\/hoyre.no\/naeroysund\/\",\"name\":\"N\u00e6r\u00f8ysund H\u00f8yre\",\"description\":\"Bare enda et H\u00f8yres nettsteder-nettsted\",\"inLanguage\":\"nb-NO\"}]}<\/script>\n<!-- \/ Yoast SEO plugin. -->","yoast_head_json":{"title":"Andrea Nogva - v\u00e5r ordf\u00f8rerkandidat - N\u00e6r\u00f8ysund H\u00f8yre","robots":{"index":"index","follow":"follow","max-snippet":"max-snippet:-1","max-image-preview":"max-image-preview:large","max-video-preview":"max-video-preview:-1"},"canonical":"https:\/\/hoyre.no\/naeroysund\/andrea-nogva-var-ordforerkandidat\/","og_locale":"nb_NO","og_type":"article","og_title":"Andrea Nogva - v\u00e5r ordf\u00f8rerkandidat - N\u00e6r\u00f8ysund H\u00f8yre","og_url":"https:\/\/hoyre.no\/naeroysund\/andrea-nogva-var-ordforerkandidat\/","og_site_name":"N\u00e6r\u00f8ysund H\u00f8yre","article_modified_time":"2025-02-21T09:42:05+00:00","og_image":[{"url":"https:\/\/hoyre.no\/content\/uploads\/sites\/286\/2022\/10\/Q_o51n1U-1024x683.jpeg","width":"","height":"","type":""}],"twitter_card":"summary_large_image","twitter_misc":{"Ansl. lesetid":"3 minutter"},"schema":{"@context":"https:\/\/schema.org","@graph":[{"@type":"WebPage","@id":"https:\/\/hoyre.no\/naeroysund\/andrea-nogva-var-ordforerkandidat\/","url":"https:\/\/hoyre.no\/naeroysund\/andrea-nogva-var-ordforerkandidat\/","name":"Andrea Nogva - v\u00e5r ordf\u00f8rerkandidat - N\u00e6r\u00f8ysund H\u00f8yre","isPartOf":{"@id":"https:\/\/hoyre.no\/naeroysund\/#website"},"datePublished":"2022-10-04T09:27:37+00:00","dateModified":"2025-02-21T09:42:05+00:00","breadcrumb":{"@id":"https:\/\/hoyre.no\/naeroysund\/andrea-nogva-var-ordforerkandidat\/#breadcrumb"},"inLanguage":"nb-NO","potentialAction":[{"@type":"ReadAction","target":["https:\/\/hoyre.no\/naeroysund\/andrea-nogva-var-ordforerkandidat\/"]}]},{"@type":"BreadcrumbList","@id":"https:\/\/hoyre.no\/naeroysund\/andrea-nogva-var-ordforerkandidat\/#breadcrumb","itemListElement":[{"@type":"ListItem","position":1,"name":"Til hoyre.no","item":"https:\/\/hoyre.no"},{"@type":"ListItem","position":2,"name":"Hjem","item":"https:\/\/hoyre.no\/naeroysund\/"},{"@type":"ListItem","position":3,"name":"Andrea Nogva &#8211; v\u00e5r ordf\u00f8rerkandidat"}]},{"@type":"WebSite","@id":"https:\/\/hoyre.no\/naeroysund\/#website","url":"https:\/\/hoyre.no\/naeroysund\/","name":"N\u00e6r\u00f8ysund H\u00f8yre","description":"Bare enda et H\u00f8yres nettsteder-nettsted","inLanguage":"nb-NO"}]}},"distributor_meta":false,"distributor_terms":false,"distributor_media":false,"distributor_original_site_name":"N\u00e6r\u00f8ysund H\u00f8yre","distributor_original_site_url":"https:\/\/hoyre.no\/naeroysund","push-errors":false,"_links":{"self":[{"href":"https:\/\/hoyre.no\/naeroysund\/wp-json\/wp\/v2\/pages\/28","targetHints":{"allow":["GET"]}}],"collection":[{"href":"https:\/\/hoyre.no\/naeroysund\/wp-json\/wp\/v2\/pages"}],"about":[{"href":"https:\/\/hoyre.no\/naeroysund\/wp-json\/wp\/v2\/types\/page"}],"author":[{"embeddable":true,"href":"https:\/\/hoyre.no\/naeroysund\/wp-json\/wp\/v2\/users\/31684"}],"replies":[{"embeddable":true,"href":"https:\/\/hoyre.no\/naeroysund\/wp-json\/wp\/v2\/comments?post=28"}],"version-history":[{"count":14,"href":"https:\/\/hoyre.no\/naeroysund\/wp-json\/wp\/v2\/pages\/28\/revisions"}],"predecessor-version":[{"id":165,"href":"https:\/\/hoyre.no\/naeroysund\/wp-json\/wp\/v2\/pages\/28\/revisions\/165"}],"wp:attachment":[{"href":"https:\/\/hoyre.no\/naeroysund\/wp-json\/wp\/v2\/media?parent=28"}],"curies":[{"name":"wp","href":"https:\/\/api.w.org\/{rel}","templated":true}]}}